{"id":15337,"date":"2021-11-17T10:30:49","date_gmt":"2021-11-17T10:30:49","guid":{"rendered":"https:\/\/mythslegendes.com\/?page_id=15337"},"modified":"2022-12-03T22:12:14","modified_gmt":"2022-12-03T22:12:14","slug":"conte-ojibwe-rabbit-and-fox-1345","status":"publish","type":"page","link":"https:\/\/mythslegendes.com\/es\/mitologia-anichinabianos\/cuento-ojibwe-conejo-y-zorro-1345\/","title":{"rendered":"Ojibwe Tale: conejo y zorro"},"content":{"rendered":"<div data-elementor-type=\"wp-page\" data-elementor-id=\"15337\" class=\"elementor elementor-15337\">\n\t\t\t\t\t\t<section class=\"elementor-section elementor-top-section elementor-element elementor-element-6d66873 elementor-section-boxed elementor-section-height-default elementor-section-height-default\" data-id=\"6d66873\" data-element_type=\"section\" data-e-type=\"section\">\n\t\t\t\t\t\t<div class=\"elementor-container elementor-column-gap-default\">\n\t\t\t\t\t<div class=\"elementor-column elementor-col-50 elementor-top-column elementor-element elementor-element-b28dbb3\" data-id=\"b28dbb3\" data-element_type=\"column\" data-e-type=\"column\">\n\t\t\t<div class=\"elementor-widget-wrap elementor-element-populated\">\n\t\t\t\t\t\t<div class=\"elementor-element elementor-element-4b64491 elementor-align-justify elementor-widget elementor-widget-button\" data-id=\"4b64491\" data-element_type=\"widget\" data-e-type=\"widget\" data-widget_type=\"button.default\">\n\t\t\t\t<div class=\"elementor-widget-container\">\n\t\t\t\t\t\t\t\t\t<div class=\"elementor-button-wrapper\">\n\t\t\t\t\t<a class=\"elementor-button elementor-button-link elementor-size-sm\" href=\"https:\/\/mythslegendes.com\/es\/mitologia-anichinabianos\/\">\n\t\t\t\t\t\t<span class=\"elementor-button-content-wrapper\">\n\t\t\t\t\t\t\t\t\t<span class=\"elementor-button-text\">Mitolog\u00eda anichinabe<\/span>\n\t\t\t\t\t<\/span>\n\t\t\t\t\t<\/a>\n\t\t\t\t<\/div>\n\t\t\t\t\t\t\t\t<\/div>\n\t\t\t\t<\/div>\n\t\t\t\t\t<\/div>\n\t\t<\/div>\n\t\t\t\t<div class=\"elementor-column elementor-col-50 elementor-top-column elementor-element elementor-element-e3d998c\" data-id=\"e3d998c\" data-element_type=\"column\" data-e-type=\"column\">\n\t\t\t<div class=\"elementor-widget-wrap elementor-element-populated\">\n\t\t\t\t\t\t<div class=\"elementor-element elementor-element-dc026e9 elementor-align-justify elementor-widget elementor-widget-button\" data-id=\"dc026e9\" data-element_type=\"widget\" data-e-type=\"widget\" data-widget_type=\"button.default\">\n\t\t\t\t<div class=\"elementor-widget-container\">\n\t\t\t\t\t\t\t\t\t<div class=\"elementor-button-wrapper\">\n\t\t\t\t\t<a class=\"elementor-button elementor-button-link elementor-size-sm\" href=\"https:\/\/www.thecanadianencyclopedia.ca\/fr\/article\/ojibwes\" target=\"_blank\" rel=\"noopener\">\n\t\t\t\t\t\t<span class=\"elementor-button-content-wrapper\">\n\t\t\t\t\t\t\t\t\t<span class=\"elementor-button-text\">Wiki<\/span>\n\t\t\t\t\t<\/span>\n\t\t\t\t\t<\/a>\n\t\t\t\t<\/div>\n\t\t\t\t\t\t\t\t<\/div>\n\t\t\t\t<\/div>\n\t\t\t\t\t<\/div>\n\t\t<\/div>\n\t\t\t\t\t<\/div>\n\t\t<\/section>\n\t\t\t\t<section class=\"elementor-section elementor-top-section elementor-element elementor-element-fccd318 elementor-section-boxed elementor-section-height-default elementor-section-height-default\" data-id=\"fccd318\" data-element_type=\"section\" data-e-type=\"section\">\n\t\t\t\t\t\t<div class=\"elementor-container elementor-column-gap-default\">\n\t\t\t\t\t<div class=\"elementor-column elementor-col-100 elementor-top-column elementor-element elementor-element-ccad363\" data-id=\"ccad363\" data-element_type=\"column\" data-e-type=\"column\">\n\t\t\t<div class=\"elementor-widget-wrap elementor-element-populated\">\n\t\t\t\t\t\t<div class=\"elementor-element elementor-element-a20d150 elementor-widget elementor-widget-text-editor\" data-id=\"a20d150\" data-element_type=\"widget\" data-e-type=\"widget\" data-widget_type=\"text-editor.default\">\n\t\t\t\t<div class=\"elementor-widget-container\">\n\t\t\t\t\t\t\t\t\t<p>El t\u00e9rmino Ojibwe proviene de <em>Utchibou<\/em>, nombre dado al XVII<sup>mi<\/sup> siglo a un grupo que viv\u00eda al norte de lo que ahora es Sault Ste. Marie, Ontario. Aqu\u00ed hay uno de su cuento: Conejo y zorro.<\/p><p>los <a href=\"https:\/\/mythslegendes.com\/es\/mitologia-anichinabianos\/\">Ojibway<\/a> formaban parte de una serie de grupos muy cercanos, pero distintos, que ocupaban un territorio ubicado entre el noreste de la bah\u00eda <a href=\"https:\/\/mythslegendes.com\/es\/mitologia-georgiana\/\">georgiano<\/a> y el este del Lago Superior. Estos pueblos que se reunieron cerca de la actual Sault Ste. Mar\u00eda tambi\u00e9n se llaman <a href=\"https:\/\/mythslegendes.com\/es\/mitologia-anichinabianos\/\">Saulteaux<\/a>, un t\u00e9rmino que hoy se refiere principalmente a los pueblos Ojibway del noroeste de Ontario y el sureste de Manitoba.<\/p><p><img decoding=\"async\" class=\"alignnone wp-image-9347 size-full\" src=\"https:\/\/mythslegendes.com\/wp-content\/uploads\/2020\/09\/cropped-AlphaOmega-e1602613368367.png\" alt=\"Ojibwe conejo y zorro\" width=\"25\" height=\"25\" title=\"\"><\/p>\t\t\t\t\t\t\t\t<\/div>\n\t\t\t\t<\/div>\n\t\t\t\t\t<\/div>\n\t\t<\/div>\n\t\t\t\t\t<\/div>\n\t\t<\/section>\n\t\t\t\t<section class=\"elementor-section elementor-top-section elementor-element elementor-element-f1a4cb7 elementor-section-boxed elementor-section-height-default elementor-section-height-default\" data-id=\"f1a4cb7\" data-element_type=\"section\" data-e-type=\"section\">\n\t\t\t\t\t\t<div class=\"elementor-container elementor-column-gap-default\">\n\t\t\t\t\t<div class=\"elementor-column elementor-col-100 elementor-top-column elementor-element elementor-element-cd6874f\" data-id=\"cd6874f\" data-element_type=\"column\" data-e-type=\"column\">\n\t\t\t<div class=\"elementor-widget-wrap elementor-element-populated\">\n\t\t\t\t\t\t<div class=\"elementor-element elementor-element-99725f9 elementor-widget elementor-widget-heading\" data-id=\"99725f9\" data-element_type=\"widget\" data-e-type=\"widget\" data-widget_type=\"heading.default\">\n\t\t\t\t<div class=\"elementor-widget-container\">\n\t\t\t\t\t<div id=\"ez-toc-container\" class=\"ez-toc-v2_0_82_2 counter-hierarchy ez-toc-counter ez-toc-grey ez-toc-container-direction\">\n<div class=\"ez-toc-title-container\">\n<p class=\"ez-toc-title\" style=\"cursor:inherit\">Contenido<\/p>\n<span class=\"ez-toc-title-toggle\"><a href=\"#\" class=\"ez-toc-pull-right ez-toc-btn ez-toc-btn-xs ez-toc-btn-default ez-toc-toggle\" aria-label=\"Alternar tabla de contenidos\"><span class=\"ez-toc-js-icon-con\"><span class=\"\"><span class=\"eztoc-hide\" style=\"display:none;\">Palanca<\/span><span class=\"ez-toc-icon-toggle-span\"><svg style=\"fill: #999;color:#999\" xmlns=\"http:\/\/www.w3.org\/2000\/svg\" class=\"list-377408\" width=\"20px\" height=\"20px\" viewbox=\"0 0 24 24\" fill=\"none\"><path d=\"M6 6H4v2h2V6zm14 0H8v2h12V6zM4 11h2v2H4v-2zm16 0H8v2h12v-2zM4 16h2v2H4v-2zm16 0H8v2h12v-2z\" fill=\"currentColor\"><\/path><\/svg><svg style=\"fill: #999;color:#999\" class=\"arrow-unsorted-368013\" xmlns=\"http:\/\/www.w3.org\/2000\/svg\" width=\"10px\" height=\"10px\" viewbox=\"0 0 24 24\" version=\"1.2\" baseprofile=\"tiny\"><path d=\"M18.2 9.3l-6.2-6.3-6.2 6.3c-.2.2-.3.4-.3.7s.1.5.3.7c.2.2.4.3.7.3h11c.3 0 .5-.1.7-.3.2-.2.3-.5.3-.7s-.1-.5-.3-.7zM5.8 14.7l6.2 6.3 6.2-6.3c.2-.2.3-.5.3-.7s-.1-.5-.3-.7c-.2-.2-.4-.3-.7-.3h-11c-.3 0-.5.1-.7.3-.2.2-.3.5-.3.7s.1.5.3.7z\"\/><\/svg><\/span><\/span><\/span><\/a><\/span><\/div>\n<nav><ul class='ez-toc-list ez-toc-list-level-1' ><li class='ez-toc-page-1 ez-toc-heading-level-2'><a class=\"ez-toc-link ez-toc-heading-1\" href=\"https:\/\/mythslegendes.com\/es\/mitologia-anichinabianos\/cuento-ojibwe-conejo-y-zorro-1345\/#Rabbit-and-Fox\" >Conejo y zorro<\/a><\/li><\/ul><\/nav><\/div>\n<h2 class=\"elementor-heading-title elementor-size-default\"><span class=\"ez-toc-section\" id=\"Rabbit-and-Fox\"><\/span>Conejo y zorro<span class=\"ez-toc-section-end\"><\/span><\/h2>\t\t\t\t<\/div>\n\t\t\t\t<\/div>\n\t\t\t\t\t<\/div>\n\t\t<\/div>\n\t\t\t\t\t<\/div>\n\t\t<\/section>\n\t\t\t\t<section class=\"elementor-section elementor-top-section elementor-element elementor-element-489d211 elementor-section-boxed elementor-section-height-default elementor-section-height-default\" data-id=\"489d211\" data-element_type=\"section\" data-e-type=\"section\">\n\t\t\t\t\t\t<div class=\"elementor-container elementor-column-gap-default\">\n\t\t\t\t\t<div class=\"elementor-column elementor-col-100 elementor-top-column elementor-element elementor-element-f541926\" data-id=\"f541926\" data-element_type=\"column\" data-e-type=\"column\">\n\t\t\t<div class=\"elementor-widget-wrap elementor-element-populated\">\n\t\t\t\t\t\t<div class=\"elementor-element elementor-element-17b6dcc elementor-widget elementor-widget-text-editor\" data-id=\"17b6dcc\" data-element_type=\"widget\" data-e-type=\"widget\" data-widget_type=\"text-editor.default\">\n\t\t\t\t<div class=\"elementor-widget-container\">\n\t\t\t\t\t\t\t\t\t<p>Un invierno, el Conejo caminaba por la nieve cuando vio<br \/>Zorro. Era demasiado tarde para esconderse, porque Fox hab\u00eda captado el olor de Conejo.<\/p><p>\u201c\u00a1Soy Ongwe Ias, el que te come! Zorro ladrado. &quot;Aqu\u00e9l<br \/>\u00a1no puedes escapar de m\u00ed! &quot;<\/p><p>Conejo comenz\u00f3 a correr por su vida. Corri\u00f3 tan r\u00e1pido como pudo alrededor<br \/>\u00e1rboles y entre rocas, haciendo un gran c\u00edrculo con la esperanza de que<br \/>perder\u00eda a Fox. Pero cuando mir\u00f3 hacia atr\u00e1s vio que Fox estaba ganando<br \/>en \u00e9l. &quot;Soy Ongwe Ias&quot;, volvi\u00f3 a ladrar Fox. &quot;Ustedes<br \/>no puede escapar. &quot;<\/p><p>Conejo sab\u00eda que ten\u00eda que usar su ingenio. Se quit\u00f3 los mocasines<br \/>y dijo: \u201cCorre delante de m\u00ed. \u00bbLos mocasines empezaron a<br \/>corre, dejando huellas en la nieve. Luego, usando su poder mgico, Conejo<br \/>se hizo parecer un conejo muerto y medio podrido y se tendi\u00f3 junto al sendero.<\/p><p>Cuando Fox se acerc\u00f3 al conejo muerto, ni siquiera se detuvo a olfatear<br \/>en eso. \u201cEsta carne se ha echado a perder\u201d, dijo. Entonces, viendo<br \/>las pistas que conduc\u00edan a trav\u00e9s de la nieve, reanud\u00f3 la persecuci\u00f3n<br \/>y finalmente alcanz\u00f3 los viejos mocasines de Rabbit.<\/p><p>\u2014Ja \u2014gru\u00f1\u00f3 Fox\u2014, esta vez me ha enga\u00f1ado.<br \/>La pr\u00f3xima vez comer\u00e9 la carne sin importar lo podrida que parezca. &quot;<br \/>Comenz\u00f3 a retroceder. Justo como esperaba cuando lleg\u00f3 al lugar<br \/>donde hab\u00eda estado el conejo muerto, se hab\u00eda ido. Hab\u00eda pistas que llevaban<br \/>a trav\u00e9s de los arbustos, y Fox comenz\u00f3 a seguirlos.<\/p><p>No hab\u00eda ido muy lejos cuando se encontr\u00f3 con una anciana sentada junto al<br \/>rastro. Frente a ella hab\u00eda una olla y estaba haciendo un guiso.<\/p><p>&quot;Si\u00e9ntate, nieto&quot;, dijo. &quot;Toma algo de esto<br \/>buen guiso. &quot;<\/p><p>Fox se sent\u00f3. \u201c\u00bfHas visto pasar un conejo? &quot;<\/p><p>&quot;S\u00ed&quot;, dijo la anciana, entreg\u00e1ndole una hermosa<br \/>cuenco de madera tallada lleno de guiso caliente. &quot;Vi una muy flaca<br \/>pasa el conejo. No ten\u00eda carne en los huesos y parec\u00eda viejo y duro. &quot;<\/p><p>\u201cMe voy a comer ese conejo\u201d, dijo Fox.<\/p><p>&quot;\u00bfPor supuesto? \u00bbDijo la anciana. &quot;Seguramente lo har\u00e1s<br \/>as\u00ed que, porque el conejo parec\u00eda cansado y asustado. Debe haber sabido<br \/>estabas muy cerca de \u00e9l. Ahora come el buen guiso que te he dado. &quot;<\/p><p>Fox comenz\u00f3 a comer y, mientras lo hac\u00eda, mir\u00f3 a la anciana.<br \/>&quot;\u00bfPor qu\u00e9 llevas esas dos plumas altas en la cabeza, viejo<br \/>\u00bfmujer? Pregunt\u00f3.<\/p><p>&quot;\u00bfEstas plumas? \u00bbDijo la anciana. &quot;Yo los uso<br \/>para recordarme a mi hijo que es cazador. Mira detr\u00e1s de ti, aqu\u00ed viene ahora. &quot;<\/p><p>Fox se volvi\u00f3 para mirar y, mientras lo hac\u00eda, la anciana se apart\u00f3<br \/>mantas y salt\u00f3 alto en el aire. Ella pas\u00f3 por encima de la cabeza de Fox<br \/>y lo golpe\u00f3 fuerte con un gran palo que hab\u00eda estado escondido debajo de las mantas.<\/p><p>Cuando Fox se despert\u00f3, le dol\u00eda la cabeza. Busc\u00f3 la cazuela<br \/>pero todo lo que pudo ver fue un mu\u00f1\u00f3n hueco. Busc\u00f3 la madera<br \/>taz\u00f3n de sopa, pero todo lo que pudo encontrar fue un trozo de corteza doblado con<br \/>barro y agua sucia en \u00e9l. A su alrededor hab\u00eda huellas de conejo. &quot;Entonces,<br \/>me ha vuelto a enga\u00f1ar \u201d, dijo Fox. &quot;Ser\u00e1 el \u00faltimo<br \/>tiempo. Se levant\u00f3 de un salto y empez\u00f3 a seguir las huellas una vez m\u00e1s.<\/p><p>Antes de ir muy lejos, se encontr\u00f3 con un hombre sentado junto al sendero. T\u00e9<br \/>El hombre sosten\u00eda un sonajero de caparaz\u00f3n de tortuga en la mano y estaba vestido de curandero.<\/p><p>\u201c\u00bfHas visto pasar un conejo? Pregunt\u00f3 Fox.<\/p><p>&quot;De hecho&quot;, dijo el curandero, &quot;y mir\u00f3<br \/>enfermo y d\u00e9bil. &quot;<\/p><p>\u201cMe voy a comer ese conejo\u201d, dijo Fox.<\/p><p>&quot;Ah&quot;, dijo el curandero, &quot;por eso mir\u00f3<br \/>tan asustado. Cuando un gran guerrero como t\u00fa decide atrapar a alguien,<br \/>seguramente no podr\u00e1 escapar. &quot;<\/p><p>Fox estaba muy complacido. &quot;S\u00ed&quot;, dijo, &quot;soy Ongwe<br \/>Ias. Ning\u00fan conejo vivo puede escapar de m\u00ed. &quot;<\/p><p>&quot;Pero, nieto&quot;, dijo el curandero, sacudiendo su caparaz\u00f3n de tortuga.<br \/>sonajero, &quot;\u00bfqu\u00e9 le ha pasado a tu cabeza? Est\u00e1s herido. &quot;<\/p><p>\u201cNo es nada\u201d, dijo el Fox. \u201cUna rama cay\u00f3 y me golpe\u00f3. &quot;<\/p><p>&quot;Nieto&quot;, dijo el curandero, &quot;debes dejar<br \/>tratar\u00e9 esa herida, para que sane r\u00e1pidamente. El conejo no puede ir<br \/>lejos. Ven aqu\u00ed y si\u00e9ntate. &quot;<\/p><p>Fox se sent\u00f3 y el curandero se le acerc\u00f3. \u00c9l abri\u00f3<br \/>se meti\u00f3 en la bolsa y empez\u00f3 a rociar algo en la herida.<\/p><p>Fox mir\u00f3 de cerca al curandero. &quot;\u00bfPor qu\u00e9 est\u00e1s usando<br \/>dos plumas? Pregunt\u00f3.<\/p><p>&quot;Estas dos plumas&quot;, respondi\u00f3 el curandero, &quot;muestran<br \/>que tengo un gran poder. Solo tengo que agitarlos as\u00ed, y<br \/>un \u00e1guila volar\u00e1 hacia abajo. \u00a1Mira all\u00e1! Un \u00e1guila est\u00e1 volando ahora. &quot;<\/p><p>Fox mir\u00f3 y, mientras lo hac\u00eda, el curandero salt\u00f3 alto en el<br \/>aire sobre la cabeza de Fox y lo golpe\u00f3 con fuerza con su cascabeleo de caparaz\u00f3n de tortuga.<\/p><p>Cuando Fox despert\u00f3, estaba solo en un peque\u00f1o claro. La herida en<br \/>su cabeza estaba llena de rebabas y espinas, el curandero se hab\u00eda ido,<br \/>ya su alrededor hab\u00eda huellas de conejo.<\/p><p>\u201c\u00a1No me dejar\u00e1n enga\u00f1ar de nuevo! Fox gru\u00f1\u00f3. Dio un<br \/>fuerte y terrible grito de guerra. \u201cSoy Ongwe Ias\u201d, grit\u00f3.<br \/>\u201c\u00a1Soy Fox! &quot;<\/p><p>Delante de \u00e9l en el camino, Conejo escuch\u00f3 el grito de guerra de Fox. El estaba todavia<br \/>demasiado cansado para correr, por lo que se convirti\u00f3 en un viejo \u00e1rbol muerto.<\/p><p>Cuando Fox lleg\u00f3 al \u00e1rbol, se detuvo. &quot;Este \u00e1rbol debe ser Conejo&quot;<br \/>dijo, y golpe\u00f3 una de las peque\u00f1as extremidades muertas. Se rompi\u00f3<br \/>y cay\u00f3 al suelo. \u201cNo\u201d, dijo Fox, \u201cestoy equivocado.<\/p><p>De hecho, este es un \u00e1rbol. \u00bbCorri\u00f3 de nuevo, hasta que se dio cuenta<br \/>las pistas que estaba siguiendo eran antiguas. \u00c9l hab\u00eda estado entrando<br \/>un circulo. &quot;\u00a1Este arb\u00f3l! \u00c9l dijo.<\/p><p>Se apresur\u00f3 a regresar al lugar donde hab\u00eda estado el \u00e1rbol. Se ha ido,<br \/>pero hab\u00eda unas gotas de sangre en el suelo donde el peque\u00f1o<br \/>miembro se hab\u00eda ca\u00eddo. Aunque Fox no lo sab\u00eda, la rama que hab\u00eda golpeado<br \/>hab\u00eda sido el final de la nariz de Conejo, y desde entonces los conejos<br \/>las narices han sido bastante cortas.<\/p><p>Conduciendo hacia los arbustos hab\u00eda huellas frescas de conejo. &quot;Ahora<br \/>\u00a1Te atrapar\u00e9! Fox grit\u00f3.<\/p><p>Conejo estaba agotado. Hab\u00eda usado todos sus trucos, y todav\u00eda Fox<br \/>estaba tras \u00e9l. Lleg\u00f3 a un \u00e1rbol muerto al lado del sendero.<br \/>Corri\u00f3 alrededor de \u00e9l cuatro veces y luego, con un \u00faltimo gran salto,<br \/>amontonados en medio de unos arbustos de zarzamora cercanos. Entonces,<br \/>conteniendo la respiraci\u00f3n, esper\u00f3.<\/p><p>Fox se acerc\u00f3 al \u00e1rbol muerto y mir\u00f3 las huellas de los conejos a su alrededor.<br \/>eso. &quot;Hah&quot;, se ri\u00f3 Fox, &quot;est\u00e1s tratando de enga\u00f1ar<br \/>yo otra vez. \u00bbMordi\u00f3 el \u00e1rbol muerto y un trozo de madera podrida<br \/>sali\u00f3 en su boca. &quot;Hah&quot;, dijo Fox, &quot;tienes<br \/>incluso te hiciste saber a \u00e1rbol muerto. Pero yo soy Ongwe Ias, yo<br \/>soy Fox. No puedes volver a enga\u00f1arme. &quot;<\/p><p>Luego, tosiendo y ahog\u00e1ndose, Fox se comi\u00f3 todo el \u00e1rbol. De su escondite<br \/>lugar en los arbustos de zarzamoras, Conejo mir\u00f3 y trat\u00f3 de no<br \/>re\u00edr. Cuando Fox termin\u00f3 su comida, se fue, todav\u00eda tosiendo.<br \/>y asfixia y no sentirse bien en absoluto.<\/p><p>Despu\u00e9s de un tiempo, Conejo sali\u00f3 de su escondite y sigui\u00f3 su camino.<\/p>\t\t\t\t\t\t\t\t<\/div>\n\t\t\t\t<\/div>\n\t\t\t\t\t<\/div>\n\t\t<\/div>\n\t\t\t\t\t<\/div>\n\t\t<\/section>\n\t\t\t\t<\/div>","protected":false},"excerpt":{"rendered":"<p>Anishinabe Mythology Wiki El t\u00e9rmino Ojibwe proviene de Outchibou, un nombre dado en el siglo XVII a un grupo que viv\u00eda en \u2026 <\/p>","protected":false},"author":1,"featured_media":0,"parent":3405,"menu_order":0,"comment_status":"closed","ping_status":"closed","template":"","meta":{"footnotes":""},"class_list":["post-15337","page","type-page","status-publish","hentry"],"amp_enabled":true,"_links":{"self":[{"href":"https:\/\/mythslegendes.com\/es\/wp-json\/wp\/v2\/pages\/15337","targetHints":{"allow":["GET"]}}],"collection":[{"href":"https:\/\/mythslegendes.com\/es\/wp-json\/wp\/v2\/pages"}],"about":[{"href":"https:\/\/mythslegendes.com\/es\/wp-json\/wp\/v2\/types\/page"}],"author":[{"embeddable":true,"href":"https:\/\/mythslegendes.com\/es\/wp-json\/wp\/v2\/users\/1"}],"replies":[{"embeddable":true,"href":"https:\/\/mythslegendes.com\/es\/wp-json\/wp\/v2\/comments?post=15337"}],"version-history":[{"count":1,"href":"https:\/\/mythslegendes.com\/es\/wp-json\/wp\/v2\/pages\/15337\/revisions"}],"predecessor-version":[{"id":25300,"href":"https:\/\/mythslegendes.com\/es\/wp-json\/wp\/v2\/pages\/15337\/revisions\/25300"}],"up":[{"embeddable":true,"href":"https:\/\/mythslegendes.com\/es\/wp-json\/wp\/v2\/pages\/3405"}],"wp:attachment":[{"href":"https:\/\/mythslegendes.com\/es\/wp-json\/wp\/v2\/media?parent=15337"}],"curies":[{"name":"wp","href":"https:\/\/api.w.org\/{rel}","templated":true}]}}