{"id":15342,"date":"2021-11-17T10:34:30","date_gmt":"2021-11-17T10:34:30","guid":{"rendered":"https:\/\/mythslegendes.com\/?page_id=15342"},"modified":"2022-12-03T22:12:14","modified_gmt":"2022-12-03T22:12:14","slug":"conte-ojibwe-run-rabbit-78945","status":"publish","type":"page","link":"https:\/\/mythslegendes.com\/es\/mitologia-anichinabianos\/cuento-ojibwe-correr-conejo-78945\/","title":{"rendered":"Cuento Ojibwa: Corre Conejo"},"content":{"rendered":"<div data-elementor-type=\"wp-page\" data-elementor-id=\"15342\" class=\"elementor elementor-15342\">\n\t\t\t\t\t\t<section class=\"elementor-section elementor-top-section elementor-element elementor-element-3a07c9e elementor-section-boxed elementor-section-height-default elementor-section-height-default\" data-id=\"3a07c9e\" data-element_type=\"section\" data-e-type=\"section\">\n\t\t\t\t\t\t<div class=\"elementor-container elementor-column-gap-default\">\n\t\t\t\t\t<div class=\"elementor-column elementor-col-50 elementor-top-column elementor-element elementor-element-88167c9\" data-id=\"88167c9\" data-element_type=\"column\" data-e-type=\"column\">\n\t\t\t<div class=\"elementor-widget-wrap elementor-element-populated\">\n\t\t\t\t\t\t<div class=\"elementor-element elementor-element-4dded2a elementor-align-justify elementor-widget elementor-widget-button\" data-id=\"4dded2a\" data-element_type=\"widget\" data-e-type=\"widget\" data-widget_type=\"button.default\">\n\t\t\t\t<div class=\"elementor-widget-container\">\n\t\t\t\t\t\t\t\t\t<div class=\"elementor-button-wrapper\">\n\t\t\t\t\t<a class=\"elementor-button elementor-button-link elementor-size-sm\" href=\"https:\/\/mythslegendes.com\/es\/mitologia-anichinabianos\/\">\n\t\t\t\t\t\t<span class=\"elementor-button-content-wrapper\">\n\t\t\t\t\t\t\t\t\t<span class=\"elementor-button-text\">Mitolog\u00eda anichinabe<\/span>\n\t\t\t\t\t<\/span>\n\t\t\t\t\t<\/a>\n\t\t\t\t<\/div>\n\t\t\t\t\t\t\t\t<\/div>\n\t\t\t\t<\/div>\n\t\t\t\t\t<\/div>\n\t\t<\/div>\n\t\t\t\t<div class=\"elementor-column elementor-col-50 elementor-top-column elementor-element elementor-element-6066926\" data-id=\"6066926\" data-element_type=\"column\" data-e-type=\"column\">\n\t\t\t<div class=\"elementor-widget-wrap elementor-element-populated\">\n\t\t\t\t\t\t<div class=\"elementor-element elementor-element-1fb4462 elementor-align-justify elementor-widget elementor-widget-button\" data-id=\"1fb4462\" data-element_type=\"widget\" data-e-type=\"widget\" data-widget_type=\"button.default\">\n\t\t\t\t<div class=\"elementor-widget-container\">\n\t\t\t\t\t\t\t\t\t<div class=\"elementor-button-wrapper\">\n\t\t\t\t\t<a class=\"elementor-button elementor-button-link elementor-size-sm\" href=\"https:\/\/www.thecanadianencyclopedia.ca\/fr\/article\/ojibwes\" target=\"_blank\" rel=\"noopener\">\n\t\t\t\t\t\t<span class=\"elementor-button-content-wrapper\">\n\t\t\t\t\t\t\t\t\t<span class=\"elementor-button-text\">Wiki<\/span>\n\t\t\t\t\t<\/span>\n\t\t\t\t\t<\/a>\n\t\t\t\t<\/div>\n\t\t\t\t\t\t\t\t<\/div>\n\t\t\t\t<\/div>\n\t\t\t\t\t<\/div>\n\t\t<\/div>\n\t\t\t\t\t<\/div>\n\t\t<\/section>\n\t\t\t\t<section class=\"elementor-section elementor-top-section elementor-element elementor-element-4406392 elementor-section-boxed elementor-section-height-default elementor-section-height-default\" data-id=\"4406392\" data-element_type=\"section\" data-e-type=\"section\">\n\t\t\t\t\t\t<div class=\"elementor-container elementor-column-gap-default\">\n\t\t\t\t\t<div class=\"elementor-column elementor-col-100 elementor-top-column elementor-element elementor-element-15f71f8\" data-id=\"15f71f8\" data-element_type=\"column\" data-e-type=\"column\">\n\t\t\t<div class=\"elementor-widget-wrap elementor-element-populated\">\n\t\t\t\t\t\t<div class=\"elementor-element elementor-element-2230944 elementor-widget elementor-widget-text-editor\" data-id=\"2230944\" data-element_type=\"widget\" data-e-type=\"widget\" data-widget_type=\"text-editor.default\">\n\t\t\t\t<div class=\"elementor-widget-container\">\n\t\t\t\t\t\t\t\t\t<p>El t\u00e9rmino Ojibwe proviene de <em>Utchibou<\/em>, nombre dado al XVII<sup>mi<\/sup> siglo a un grupo que viv\u00eda al norte de lo que ahora es Sault Ste. Marie, Ontario Aqu\u00ed est\u00e1 una de sus historias: Run Rabbit Run.<\/p><p>los <a href=\"https:\/\/mythslegendes.com\/es\/mitologia-anichinabianos\/\">Ojibway<\/a> formaban parte de una serie de grupos muy cercanos, pero distintos, que ocupaban un territorio ubicado entre el noreste de la bah\u00eda <a href=\"https:\/\/mythslegendes.com\/es\/mitologia-georgiana\/\">georgiano<\/a> y el este del Lago Superior. Estos pueblos que se reunieron cerca de la actual Sault Ste. Mar\u00eda tambi\u00e9n se llaman <a href=\"https:\/\/mythslegendes.com\/es\/mitologia-anichinabianos\/\">Saulteaux<\/a>, un t\u00e9rmino que hoy se refiere principalmente a los pueblos Ojibway del noroeste de Ontario y el sureste de Manitoba.<\/p><p><img decoding=\"async\" class=\"alignnone wp-image-9347 size-full\" src=\"https:\/\/mythslegendes.com\/wp-content\/uploads\/2020\/09\/cropped-AlphaOmega-e1602613368367.png\" alt=\"Carrera Ojibwe Carrera de Conejos\" width=\"25\" height=\"25\" title=\"\"><\/p>\t\t\t\t\t\t\t\t<\/div>\n\t\t\t\t<\/div>\n\t\t\t\t\t<\/div>\n\t\t<\/div>\n\t\t\t\t\t<\/div>\n\t\t<\/section>\n\t\t\t\t<section class=\"elementor-section elementor-top-section elementor-element elementor-element-0457abd elementor-section-boxed elementor-section-height-default elementor-section-height-default\" data-id=\"0457abd\" data-element_type=\"section\" data-e-type=\"section\">\n\t\t\t\t\t\t<div class=\"elementor-container elementor-column-gap-default\">\n\t\t\t\t\t<div class=\"elementor-column elementor-col-100 elementor-top-column elementor-element elementor-element-ad24907\" data-id=\"ad24907\" data-element_type=\"column\" data-e-type=\"column\">\n\t\t\t<div class=\"elementor-widget-wrap elementor-element-populated\">\n\t\t\t\t\t\t<div class=\"elementor-element elementor-element-9b8a49c elementor-widget elementor-widget-heading\" data-id=\"9b8a49c\" data-element_type=\"widget\" data-e-type=\"widget\" data-widget_type=\"heading.default\">\n\t\t\t\t<div class=\"elementor-widget-container\">\n\t\t\t\t\t<div id=\"ez-toc-container\" class=\"ez-toc-v2_0_82_2 counter-hierarchy ez-toc-counter ez-toc-grey ez-toc-container-direction\">\n<div class=\"ez-toc-title-container\">\n<p class=\"ez-toc-title\" style=\"cursor:inherit\">Contenido<\/p>\n<span class=\"ez-toc-title-toggle\"><a href=\"#\" class=\"ez-toc-pull-right ez-toc-btn ez-toc-btn-xs ez-toc-btn-default ez-toc-toggle\" aria-label=\"Alternar tabla de contenidos\"><span class=\"ez-toc-js-icon-con\"><span class=\"\"><span class=\"eztoc-hide\" style=\"display:none;\">Palanca<\/span><span class=\"ez-toc-icon-toggle-span\"><svg style=\"fill: #999;color:#999\" xmlns=\"http:\/\/www.w3.org\/2000\/svg\" class=\"list-377408\" width=\"20px\" height=\"20px\" viewbox=\"0 0 24 24\" fill=\"none\"><path d=\"M6 6H4v2h2V6zm14 0H8v2h12V6zM4 11h2v2H4v-2zm16 0H8v2h12v-2zM4 16h2v2H4v-2zm16 0H8v2h12v-2z\" fill=\"currentColor\"><\/path><\/svg><svg style=\"fill: #999;color:#999\" class=\"arrow-unsorted-368013\" xmlns=\"http:\/\/www.w3.org\/2000\/svg\" width=\"10px\" height=\"10px\" viewbox=\"0 0 24 24\" version=\"1.2\" baseprofile=\"tiny\"><path d=\"M18.2 9.3l-6.2-6.3-6.2 6.3c-.2.2-.3.4-.3.7s.1.5.3.7c.2.2.4.3.7.3h11c.3 0 .5-.1.7-.3.2-.2.3-.5.3-.7s-.1-.5-.3-.7zM5.8 14.7l6.2 6.3 6.2-6.3c.2-.2.3-.5.3-.7s-.1-.5-.3-.7c-.2-.2-.4-.3-.7-.3h-11c-.3 0-.5.1-.7.3-.2.2-.3.5-.3.7s.1.5.3.7z\"\/><\/svg><\/span><\/span><\/span><\/a><\/span><\/div>\n<nav><ul class='ez-toc-list ez-toc-list-level-1' ><li class='ez-toc-page-1 ez-toc-heading-level-2'><a class=\"ez-toc-link ez-toc-heading-1\" href=\"https:\/\/mythslegendes.com\/es\/mitologia-anichinabianos\/cuento-ojibwe-correr-conejo-78945\/#Run-Rabbit-Run\" >\u00a1Corre Conejo Corre!<\/a><\/li><\/ul><\/nav><\/div>\n<h2 class=\"elementor-heading-title elementor-size-default\"><span class=\"ez-toc-section\" id=\"Run-Rabbit-Run\"><\/span>\u00a1Corre Conejo Corre!<span class=\"ez-toc-section-end\"><\/span><\/h2>\t\t\t\t<\/div>\n\t\t\t\t<\/div>\n\t\t\t\t\t<\/div>\n\t\t<\/div>\n\t\t\t\t\t<\/div>\n\t\t<\/section>\n\t\t\t\t<section class=\"elementor-section elementor-top-section elementor-element elementor-element-af13150 elementor-section-boxed elementor-section-height-default elementor-section-height-default\" data-id=\"af13150\" data-element_type=\"section\" data-e-type=\"section\">\n\t\t\t\t\t\t<div class=\"elementor-container elementor-column-gap-default\">\n\t\t\t\t\t<div class=\"elementor-column elementor-col-100 elementor-top-column elementor-element elementor-element-399024d\" data-id=\"399024d\" data-element_type=\"column\" data-e-type=\"column\">\n\t\t\t<div class=\"elementor-widget-wrap elementor-element-populated\">\n\t\t\t\t\t\t<div class=\"elementor-element elementor-element-f99500c elementor-widget elementor-widget-text-editor\" data-id=\"f99500c\" data-element_type=\"widget\" data-e-type=\"widget\" data-widget_type=\"text-editor.default\">\n\t\t\t\t<div class=\"elementor-widget-container\">\n\t\t\t\t\t\t\t\t\t<p>Era a fines del invierno o muy temprano en la primavera, porque a\u00fan nevaba.<br \/>el suelo, cuando Ableegumooch el Conejo entretuvo a dos amigos<br \/>en una fiesta de jarabe de arce. Los dos amigos eran Keoonik la Nutria y<br \/>Miko la ardilla.<\/p><p>Mientras lam\u00edan felizmente lo \u00faltimo del jarabe de sus patas, se<br \/>intercambiado noticias.<\/p><p>\u201cAnoche,\u201d dijo Miko, \u201cla luna mir\u00f3 en mi<br \/>guarida y me despert\u00f3, y escuch\u00e9 lobos hablando afuera. los escuch\u00e9<br \/>\u00a1Ofr\u00e9cele a Lusifee the Wild Cat dos hilos de wampum para matar a alguien! \u00bb<\/p><p>&quot;\u00bfEn realidad? pregunt\u00f3 el conejo, con inter\u00e9s. &quot;\u00bfQui\u00e9n? \u00bb<\/p><p>&quot;No mencionaron ning\u00fan nombre&quot;, dijo la ardilla, &quot;pero<br \/>s\u00f3lo habl\u00f3 de \u00e9l como sirviente y amigo de Glooscap, uno lleno<br \/>de trucos, que conoce su camino a trav\u00e9s del bosque. \u00bb<\/p><p>\u2014Quienquiera que sea \u2014dijo Keoonik sombr\u00edamente\u2014, es tan<br \/>bueno como muerto, porque Lusifee es un rastreador astuto y absolutamente de sangre fr\u00eda. \u00bb<\/p><p>&quot;Un amigo de nuestro Maestro&quot;, reflexion\u00f3 Ableegumooch, &quot;podr\u00eda<br \/>ser cualquiera de nosotros. \u00bb<\/p><p>\u201cAlguien lleno de trucos\u201d, coment\u00f3 la nutria inquieta.<br \/>\u201c\u00a1Incluso podr\u00eda ser yo! \u00bb<\/p><p>&quot;\u00a1Ja ja! -resopl\u00f3 el conejo-, sabes muy bien que<br \/>Yo soy el m\u00e1s lleno de trucos por aqu\u00ed. \u00bb Y Keoonik lo hizo<br \/>No lo negar\u00e9, porque hab\u00eda sufrido mucho en el pasado por culpa del conejo.<br \/>Travesura. Miko dio un peque\u00f1o escalofr\u00edo.<\/p><p>\u201cSabes, cuando hablaban de uno que conoc\u00eda su camino a trav\u00e9s<br \/>el bosque, no pude evitar preguntarme si se refer\u00edan a m\u00ed, porque puedo<br \/>encontrar mi camino a trav\u00e9s de los \u00e1rboles mejor que la mayor\u00eda. \u00bb<\/p><p>&quot;\u00a1Disparates! espet\u00f3 Ableegumooch. \u00ab Cualquier cosa una ardilla<br \/>puede hacer, un conejo puede hacerlo mejor. Despu\u00e9s de todo, soy oficial de Glooscap.<br \/>gu\u00eda forestal. Y su muy buen amigo\u201d, agreg\u00f3 con orgullo.<\/p><p>&quot;La cosa es&quot;, dijo Keoonik, sus ojos morando inconscientemente<br \/>en el conejo, \u201cpara encontrar a alguien que cumpla con los tres requisitos\u2013<br \/>alguien lleno de trucos, uno que conoce el bosque, y uno que es<br \/>un sirviente y amigo del Gran Jefe. \u00bb<\/p><p>El conejo salt\u00f3 como si lo hubiera picado una abeja.<\/p><p>&quot;\u00a1Oh mi! \u00a1Soy yo a quien persigue! \u00bb<\/p><p>Keoonik trat\u00f3 de consolar al conejo herido.<\/p><p>&quot;Estaremos a tu lado&quot;, dijo. &quot;\u00bfNo es as\u00ed, Miko? \u00bb<\/p><p>&quot;S-s\u00ed&quot;, dijo la ardilla dubitativa, porque tem\u00eda<br \/>que incluso los tres juntos no ser\u00edan rival para el gato feroz.<\/p><p>&quot;Gracias, mis amigos&quot;, dijo Ableegumooch, alentado por<br \/>su lealtad, \u201cpero puede que no necesite tu ayuda. Tengo un plan. \u00bb<\/p><p>Miko le pregunt\u00f3 qu\u00e9 ten\u00eda en mente.<\/p><p>&quot;La fuerza y la velocidad est\u00e1n del lado de Lusifee, as\u00ed que debo confiar<br \/>en el oficio\u201d, dijo Ableegumooch y sonri\u00f3 misteriosamente. &quot;Cu\u00e1ndo<br \/>la piel de un conejo se queda corta, debe tomar prestada la de otro. bueno, el es<br \/>seguro de venir aqu\u00ed para encontrarme. \u00a1Estoy fuera! \u00bb Y salt\u00f3 el conejo<br \/>en el aire, aterrizando a una gran distancia de su caba\u00f1a, para dejar<br \/>no hay pista cerca de su casa. Ableegumoch sigui\u00f3 saltando de esta manera hasta que<br \/>pens\u00f3 que estaba fuera del olor y de la vista, luego se alej\u00f3 corriendo como el viento.<\/p><p>Keoonik y Miko corrieron a un escondite cercano y esperaron a<br \/>ver lo que pasar\u00eda. Actualmente, efectivamente, Lusifee the Wild<br \/>Apareci\u00f3 Gato, desliz\u00e1ndose con la nariz hacia la tierra, su amarillo<br \/>ojos brillantes y sus grandes patas recorriendo silenciosamente la nieve.<\/p><p>Al encontrar vac\u00edo el wigwam del conejo, gru\u00f1\u00f3 con decepci\u00f3n.<br \/>furia. Sin embargo, tomando el wigwam por un centro, sigui\u00f3 dando vueltas<br \/>y redondearlo, haciendo cada c\u00edrculo un poco m\u00e1s ancho que el anterior,<br \/>hasta que por fin encontr\u00f3 el olor del conejo. Sigui\u00f3 dando vueltas hasta que<br \/>lleg\u00f3 al lugar donde el conejo hab\u00eda dejado de saltar. Despu\u00e9s,<br \/>jurando por su cola atrapar a Ableegumooch y matarlo, se dispuso a<br \/>salir r\u00e1pidamente por un camino despejado.<\/p><p>A medida que pasaba el d\u00eda, Lusifee supo por la frescura de la pista que<br \/>estaba alcanzando al conejo, pero no vio a su<br \/>presa mientras duraba la luz del d\u00eda. Al caer la noche, Lusifee se encontr\u00f3 con un wigwam<br \/>completamente solo en el pantano abierto, y asom\u00f3 la cabeza adentro. All\u00ed<br \/>sentado un viejo zorro grave y digno, cuyo cabello blanco sobresal\u00eda extra\u00f1amente<br \/>a cada lado de su cabeza. Cuando se le pregunt\u00f3 si hab\u00eda visto a Ableegumooch,<br \/>el anciano neg\u00f3 con la cabeza, pero invit\u00f3 a Lusifee a pasar la noche con \u00e9l.<\/p><p>&quot;Puedes continuar tu b\u00fasqueda en la ma\u00f1ana&quot;, dijo.<br \/>de manera \u00fatil. Entonces, estando cansada y hambrienta, Lusifee acept\u00f3<br \/>la invitaci\u00f3n, y despu\u00e9s de una buena cena, se acuesta junto al fuego y<br \/>dorm\u00ed profundamente.<\/p><p>Sin embargo, hacia la ma\u00f1ana, comenz\u00f3 a temblar ya sentirse muy inc\u00f3modo.<br \/>Despert\u00e1ndose por fin, mir\u00f3 a su alrededor con asombro. ya no estaba<br \/>en el albergue c\u00e1lido pero acostado en el pantano abierto con nieve soplando<br \/>sobre \u00e9l. Entonces Lusifee vio vagamente las marcas de las patas de un conejo y<br \/>sab\u00eda que Ableegumooch lo hab\u00eda enga\u00f1ado. El conejo, h\u00e1bil en el disfraz,<br \/>se hab\u00eda disfrazado de zorro y se hab\u00eda quitado a s\u00ed mismo y al wigwam<br \/>mientras Lusifee dorm\u00eda.<\/p><p>Reanudando la persecuci\u00f3n con gran rabia, el gato jur\u00f3 por los dientes:<br \/>as\u00ed como por su cola, que Ableegumooch morir\u00eda antes del anochecer.<br \/>Pero cuando volvi\u00f3 la oscuridad, todav\u00eda no hab\u00eda visto al conejo.<\/p><p>Deteni\u00e9ndose en el primer pueblo al que lleg\u00f3, que era el de un puercoesp\u00edn<br \/>tribu, le pregunt\u00f3 al primer puercoesp\u00edn joven que conoci\u00f3 si hab\u00eda visto<br \/>un conejo pasa por aqu\u00ed.<\/p><p>&quot;\u00a1C\u00e1llate! dijo el puercoesp\u00edn. &quot;\u00bfNo ves que somos<br \/>escuchando al narrador? Entonces Lusifee not\u00f3 que el<br \/>toda la tribu estaba reunida alrededor del fuego escuchando a un viejo puercoesp\u00edn<br \/>con bigotes blancos y orejas de forma extra\u00f1a. En la tierra de los <a href=\"https:\/\/mythslegendes.com\/es\/mitologia-wabanaki\/\">Wabanaki<\/a>,<br \/>el narrador es muy respetado y se le considera el m\u00e1s<br \/>descort\u00e9s interrumpirlo. As\u00ed que el gato se vio obligado a esperar hasta<br \/>las historias hab\u00edan terminado. Luego se volvi\u00f3 una vez m\u00e1s hacia el joven puercoesp\u00edn.<\/p><p>\u00bfPero has visto un conejo? \u00bb<\/p><p>\u201cCientos de ellos\u201d, respondi\u00f3 el otro con impaciencia, \u201cson<br \/>corriendo por el pantano de cedros cerca de aqu\u00ed. Puedes tener tantos<br \/>como quieras \u00bb<\/p><p>&quot;Esos no son los que busco&quot;, se quej\u00f3 el gato.<br \/>\u201cQuiero a Ableegumoch, la gu\u00eda forestal de Glooscap. \u00bb<\/p><p>El joven puercoesp\u00edn dijo que no conoc\u00eda otro tipo de conejo excepto<br \/>los de madera salvaje, pero tal vez el narrador que era viejo y<br \/>sabio podr\u00eda decirle algo.<\/p><p>As\u00ed que Lusifee fue donde el narrador y le pregunt\u00f3 si hab\u00eda visto un conejo.<br \/>pasar por.<\/p><p>&quot;\u00bfConejo? El narrador sacudi\u00f3 sus plumas mientras pensaba,<br \/>y el gato retrocedi\u00f3 con cautela. \u201cNo, no he visto ning\u00fan conejo.<br \/>Pero, amigo m\u00edo, pareces cansado. Puedes pasar la noche conmigo,<br \/>si quieres, en mi albergue fuera del pueblo. \u00bb<\/p><p>El gato se alegr\u00f3 de la invitaci\u00f3n y se fue a dormir en un c\u00e1lido<br \/>cama. Mucho m\u00e1s tarde, se despert\u00f3, temblando y temblando en un cedro h\u00famedo.<br \/>pantano, el viento soplaba diez veces peor que la noche anterior, y<br \/>a su alrededor las huellas de un conejo.<\/p><p>Lusifee salt\u00f3 m\u00e1s enfurecida que nunca y, desgastada ahora por su<br \/>garras, as\u00ed como por sus dientes y su cola, para vengarse de los<br \/>conejo, emprendi\u00f3 de nuevo el camino. Corri\u00f3 todo el d\u00eda y la noche.<br \/>Llegu\u00e9 a otro pueblo, habitado por una tribu de osos. el era tan<br \/>cansado, s\u00f3lo pudo exclamar:<\/p><p>&quot;\u00bfHas-visto-un-conejo?&quot; \u00bb<\/p><p>Los osos dijeron que no, pero lo invitaron a unirse a un fest\u00edn.<br \/>con ellos, y cuando terminaron de comer, educadamente le pidieron<br \/>para una cancion. Ahora el gato era muy vanidoso con su voz, y justo<br \/>voluntariamente alz\u00f3 su voz en una canci\u00f3n de odio contra los conejos.<br \/>Los osos aplaudieron y lo invitaron a unirse al baile, pero<br \/>el gato rog\u00f3 que lo excusara por el cansancio y se sent\u00f3 a<br \/>un lado, mirando.<\/p><p>Ahora bien, uno de los osos era m\u00e1s peque\u00f1o que los dem\u00e1s y sus orejas estaban<br \/>algo m\u00e1s largas que las de los osos. Sin embargo, fue un gran<br \/>bailar\u00edn y salt\u00f3 m\u00e1s alto en el aire que cualquier otro. mientras pasaba<br \/>por Lusifee, al parecer accidentalmente le dio al gato una patada feroz,<br \/>cort\u00e1ndole la cabeza y dej\u00e1ndolo sin sentido.<\/p><p>Cuando el gato volvi\u00f3 en s\u00ed, se encontr\u00f3 en un<br \/>tienda india en las afueras del pueblo. Un curandero de la tribu de los osos fue<br \/>Inclin\u00e1ndose sobre \u00e9l y el gato not\u00f3 que llevaba largas plumas blancas.<br \/>a cada lado de su cabeza. A estas alturas Lusifee empezaba a sospechar m\u00e1s.<br \/>y mir\u00f3 al curandero con los ojos entrecerrados.<\/p><p>\u201cEstaba preguntando si hab\u00eda habido conejos por aqu\u00ed\u201d, dijo<br \/>Lusifee, \u201cy realmente te pareces mucho a uno. C\u00f3mo<br \/>\u00bfTe sali\u00f3 ese labio partido? \u00bb<\/p><p>&quot;Oh, eso es muy simple&quot;, dijo el curandero, quien<br \/>No era otro que Ableegumooch, por supuesto. \u201cUna vez fui golpeado<br \/>cuentas de wampum, y la piedra sobre la que las golpe\u00e9 se parti\u00f3 por la mitad<br \/>y un trozo vol\u00f3 y me parti\u00f3 el labio. \u00bb<\/p><p>\u201c\u00bfPero por qu\u00e9 las plantas de tus pies son tan amarillas, como las de un conejo? \u00bb<\/p><p>\u201cSimple, otra vez\u201d, dijo el curandero. &quot;Una vez fui<br \/>preparando algo de tabaco y como necesitaba ambas manos para trabajar, sostuve<br \/>Lo baj\u00e9 con los pies, de modo que el tabaco los ti\u00f1\u00f3 de amarillo. \u00bb<\/p><p>Entonces Lusifee no sospech\u00f3 m\u00e1s y permiti\u00f3 que el curandero<br \/>cur\u00f3 sus cortes con un ung\u00fcento, despu\u00e9s de lo cual se qued\u00f3 dormido. Pero Ay,<br \/>Una vez m\u00e1s el infeliz gato se despert\u00f3 sumido en una terrible miseria, con la cabeza hinchada.<br \/>y dolorido, su herida ahora rellena con agujas de cicuta en lugar de<br \/>salva.<\/p><p>Ahora Lusifee jur\u00f3 por su cuerpo y alma, as\u00ed como por sus dientes.<br \/>y sus garras y su cola, para matar al siguiente que encontrara, conejo,<br \/>\u00a1o cualquier otro!<\/p><p>Olvidando el dolor y el fr\u00edo, sali\u00f3 corriendo, exultante cuando encontr\u00f3<br \/>El track de Ableegumooch muy fresco. Obviamente el conejo tambi\u00e9n lo era.<br \/>sacando de la carrera y no pod\u00eda estar muy lejos. S\u00ed, estaba el<br \/>complicado seguir adelante! De hecho, Ableegumooch se hab\u00eda visto obligado<br \/>detenerse en seco cuando lleg\u00f3 a la orilla de un ancho r\u00edo. El gato sonri\u00f3<br \/>con triunfo, porque sab\u00eda que los conejos no son buenos nadando.<br \/>&quot;No puedes escapar de m\u00ed ahora&quot;, grit\u00f3. Pobre Ableegumooch.<br \/>No pudo correr m\u00e1s.<\/p><p>A lo lejos, en la brumosa cumbre de Blomidon, Glooscap vio todo lo que hab\u00eda sucedido.<br \/>sucedi\u00f3 y supo que el conejo hab\u00eda hecho todo lo que pod\u00eda por s\u00ed mismo. T\u00e9<br \/>El Gran Jefe empez\u00f3 a fumar su pipa con mucha fuerza, exhalando anillos negros.<br \/>hacia el cielo azul, donde inmediatamente se transformaron en p\u00e1jaros.<\/p><p>Abajo en el bosque, Ableegumooch se hab\u00eda vuelto acorralado y Lusifee<br \/>estaba preparado para la primavera, cuando, de repente, desde el cielo aull\u00f3<br \/>una gran bandada de halcones gigantes lanzando sus gritos de guerra. lusifee<br \/>Gru\u00f1\u00f3 y se volvi\u00f3 para recibirlos, pero lo derribaron por la fuerza.<br \/>de n\u00fameros, hurgando en sus ojos y golpe\u00e1ndolo con sus alas.<br \/>-hasta que al fin, gritando de miedo, el gato gir\u00f3 la cola y huy\u00f3.<br \/>\u00a1Al bosque, donde, si no est\u00e1 muerto, sigue corriendo!<\/p><p>Temblando de miedo, Ableegumooch se hundi\u00f3 para descansar por fin.<br \/>No era ni la mitad de arrogante que cuando empez\u00f3, porque<br \/>lo sab\u00eda, de no haber sido por los halcones, habr\u00eda sido un conejo muerto.<br \/>A lo lejos sonaba una flauta y el conejo escuchaba. Entonces supo<br \/>quien le hab\u00eda enviado los halcones justo a tiempo.<\/p><p>&quot;Gracias, Maestro&quot;, susurr\u00f3. Glooscap, lejos<br \/>sobre Blomidon, reconoci\u00f3, y toc\u00f3 una melod\u00eda triunfante al regreso<br \/>aves. Ahora, kespeadooksit, la historia termina.<\/p>\t\t\t\t\t\t\t\t<\/div>\n\t\t\t\t<\/div>\n\t\t\t\t\t<\/div>\n\t\t<\/div>\n\t\t\t\t\t<\/div>\n\t\t<\/section>\n\t\t\t\t<\/div>","protected":false},"excerpt":{"rendered":"<p>Anishinabe Mythology Wiki El t\u00e9rmino Ojibwe proviene de Outchibou, un nombre dado en el siglo XVII a un grupo que viv\u00eda en \u2026 <\/p>","protected":false},"author":1,"featured_media":0,"parent":3405,"menu_order":0,"comment_status":"closed","ping_status":"closed","template":"","meta":{"footnotes":""},"class_list":["post-15342","page","type-page","status-publish","hentry"],"amp_enabled":true,"_links":{"self":[{"href":"https:\/\/mythslegendes.com\/es\/wp-json\/wp\/v2\/pages\/15342","targetHints":{"allow":["GET"]}}],"collection":[{"href":"https:\/\/mythslegendes.com\/es\/wp-json\/wp\/v2\/pages"}],"about":[{"href":"https:\/\/mythslegendes.com\/es\/wp-json\/wp\/v2\/types\/page"}],"author":[{"embeddable":true,"href":"https:\/\/mythslegendes.com\/es\/wp-json\/wp\/v2\/users\/1"}],"replies":[{"embeddable":true,"href":"https:\/\/mythslegendes.com\/es\/wp-json\/wp\/v2\/comments?post=15342"}],"version-history":[{"count":1,"href":"https:\/\/mythslegendes.com\/es\/wp-json\/wp\/v2\/pages\/15342\/revisions"}],"predecessor-version":[{"id":25301,"href":"https:\/\/mythslegendes.com\/es\/wp-json\/wp\/v2\/pages\/15342\/revisions\/25301"}],"up":[{"embeddable":true,"href":"https:\/\/mythslegendes.com\/es\/wp-json\/wp\/v2\/pages\/3405"}],"wp:attachment":[{"href":"https:\/\/mythslegendes.com\/es\/wp-json\/wp\/v2\/media?parent=15342"}],"curies":[{"name":"wp","href":"https:\/\/api.w.org\/{rel}","templated":true}]}}