{"id":15347,"date":"2021-11-17T10:37:36","date_gmt":"2021-11-17T10:37:36","guid":{"rendered":"https:\/\/mythslegendes.com\/?page_id=15347"},"modified":"2022-12-03T22:12:14","modified_gmt":"2022-12-03T22:12:14","slug":"conte-ojibwe-showandasee-547","status":"publish","type":"page","link":"https:\/\/mythslegendes.com\/es\/mitologia-anichinabianos\/historia-ojibwe-showandasee-547\/","title":{"rendered":"Cuento Ojibwa: Showandasee"},"content":{"rendered":"<div data-elementor-type=\"wp-page\" data-elementor-id=\"15347\" class=\"elementor elementor-15347\">\n\t\t\t\t\t\t<section class=\"elementor-section elementor-top-section elementor-element elementor-element-a6e06bd elementor-section-boxed elementor-section-height-default elementor-section-height-default\" data-id=\"a6e06bd\" data-element_type=\"section\" data-e-type=\"section\">\n\t\t\t\t\t\t<div class=\"elementor-container elementor-column-gap-default\">\n\t\t\t\t\t<div class=\"elementor-column elementor-col-50 elementor-top-column elementor-element elementor-element-0828d08\" data-id=\"0828d08\" data-element_type=\"column\" data-e-type=\"column\">\n\t\t\t<div class=\"elementor-widget-wrap elementor-element-populated\">\n\t\t\t\t\t\t<div class=\"elementor-element elementor-element-4702134 elementor-align-justify elementor-widget elementor-widget-button\" data-id=\"4702134\" data-element_type=\"widget\" data-e-type=\"widget\" data-widget_type=\"button.default\">\n\t\t\t\t<div class=\"elementor-widget-container\">\n\t\t\t\t\t\t\t\t\t<div class=\"elementor-button-wrapper\">\n\t\t\t\t\t<a class=\"elementor-button elementor-button-link elementor-size-sm\" href=\"https:\/\/mythslegendes.com\/es\/mitologia-anichinabianos\/\">\n\t\t\t\t\t\t<span class=\"elementor-button-content-wrapper\">\n\t\t\t\t\t\t\t\t\t<span class=\"elementor-button-text\">Mitolog\u00eda anichinabe<\/span>\n\t\t\t\t\t<\/span>\n\t\t\t\t\t<\/a>\n\t\t\t\t<\/div>\n\t\t\t\t\t\t\t\t<\/div>\n\t\t\t\t<\/div>\n\t\t\t\t\t<\/div>\n\t\t<\/div>\n\t\t\t\t<div class=\"elementor-column elementor-col-50 elementor-top-column elementor-element elementor-element-937fb5e\" data-id=\"937fb5e\" data-element_type=\"column\" data-e-type=\"column\">\n\t\t\t<div class=\"elementor-widget-wrap elementor-element-populated\">\n\t\t\t\t\t\t<div class=\"elementor-element elementor-element-c8812d6 elementor-align-justify elementor-widget elementor-widget-button\" data-id=\"c8812d6\" data-element_type=\"widget\" data-e-type=\"widget\" data-widget_type=\"button.default\">\n\t\t\t\t<div class=\"elementor-widget-container\">\n\t\t\t\t\t\t\t\t\t<div class=\"elementor-button-wrapper\">\n\t\t\t\t\t<a class=\"elementor-button elementor-button-link elementor-size-sm\" href=\"https:\/\/www.thecanadianencyclopedia.ca\/fr\/article\/ojibwes\" target=\"_blank\" rel=\"noopener\">\n\t\t\t\t\t\t<span class=\"elementor-button-content-wrapper\">\n\t\t\t\t\t\t\t\t\t<span class=\"elementor-button-text\">Wiki<\/span>\n\t\t\t\t\t<\/span>\n\t\t\t\t\t<\/a>\n\t\t\t\t<\/div>\n\t\t\t\t\t\t\t\t<\/div>\n\t\t\t\t<\/div>\n\t\t\t\t\t<\/div>\n\t\t<\/div>\n\t\t\t\t\t<\/div>\n\t\t<\/section>\n\t\t\t\t<section class=\"elementor-section elementor-top-section elementor-element elementor-element-5f4dda9 elementor-section-boxed elementor-section-height-default elementor-section-height-default\" data-id=\"5f4dda9\" data-element_type=\"section\" data-e-type=\"section\">\n\t\t\t\t\t\t<div class=\"elementor-container elementor-column-gap-default\">\n\t\t\t\t\t<div class=\"elementor-column elementor-col-100 elementor-top-column elementor-element elementor-element-6147e95\" data-id=\"6147e95\" data-element_type=\"column\" data-e-type=\"column\">\n\t\t\t<div class=\"elementor-widget-wrap elementor-element-populated\">\n\t\t\t\t\t\t<div class=\"elementor-element elementor-element-7086a8e elementor-widget elementor-widget-text-editor\" data-id=\"7086a8e\" data-element_type=\"widget\" data-e-type=\"widget\" data-widget_type=\"text-editor.default\">\n\t\t\t\t<div class=\"elementor-widget-container\">\n\t\t\t\t\t\t\t\t\t<p>El t\u00e9rmino Ojibwe proviene de <em>Utchibou<\/em>, nombre dado al XVII<sup>mi<\/sup> siglo a un grupo que viv\u00eda al norte de lo que ahora es Sault Ste. Marie, Ontario Aqu\u00ed est\u00e1 uno de sus cuentos: Showandasee.<\/p><p>los <a href=\"https:\/\/mythslegendes.com\/es\/mitologia-anichinabianos\/\">Ojibway<\/a> formaban parte de una serie de grupos muy cercanos, pero distintos, que ocupaban un territorio ubicado entre el noreste de la bah\u00eda <a href=\"https:\/\/mythslegendes.com\/es\/mitologia-georgiana\/\">georgiano<\/a> y el este del Lago Superior. Estos pueblos que se reunieron cerca de la actual Sault Ste. Mar\u00eda tambi\u00e9n se llaman <a href=\"https:\/\/mythslegendes.com\/es\/mitologia-anichinabianos\/\">Saulteaux<\/a>, un t\u00e9rmino que hoy se refiere principalmente a los pueblos Ojibway del noroeste de Ontario y el sureste de Manitoba.<\/p><p><img decoding=\"async\" class=\"alignnone wp-image-9347 size-full\" src=\"https:\/\/mythslegendes.com\/wp-content\/uploads\/2020\/09\/cropped-AlphaOmega-e1602613368367.png\" alt=\"Ojibway Showandasee\" width=\"25\" height=\"25\" title=\"\"><\/p>\t\t\t\t\t\t\t\t<\/div>\n\t\t\t\t<\/div>\n\t\t\t\t\t<\/div>\n\t\t<\/div>\n\t\t\t\t\t<\/div>\n\t\t<\/section>\n\t\t\t\t<section class=\"elementor-section elementor-top-section elementor-element elementor-element-a402c22 elementor-section-boxed elementor-section-height-default elementor-section-height-default\" data-id=\"a402c22\" data-element_type=\"section\" data-e-type=\"section\">\n\t\t\t\t\t\t<div class=\"elementor-container elementor-column-gap-default\">\n\t\t\t\t\t<div class=\"elementor-column elementor-col-100 elementor-top-column elementor-element elementor-element-2788349\" data-id=\"2788349\" data-element_type=\"column\" data-e-type=\"column\">\n\t\t\t<div class=\"elementor-widget-wrap elementor-element-populated\">\n\t\t\t\t\t\t<div class=\"elementor-element elementor-element-8d3ad4d elementor-widget elementor-widget-heading\" data-id=\"8d3ad4d\" data-element_type=\"widget\" data-e-type=\"widget\" data-widget_type=\"heading.default\">\n\t\t\t\t<div class=\"elementor-widget-container\">\n\t\t\t\t\t<div id=\"ez-toc-container\" class=\"ez-toc-v2_0_82_2 counter-hierarchy ez-toc-counter ez-toc-grey ez-toc-container-direction\">\n<div class=\"ez-toc-title-container\">\n<p class=\"ez-toc-title\" style=\"cursor:inherit\">Contenido<\/p>\n<span class=\"ez-toc-title-toggle\"><a href=\"#\" class=\"ez-toc-pull-right ez-toc-btn ez-toc-btn-xs ez-toc-btn-default ez-toc-toggle\" aria-label=\"Alternar tabla de contenidos\"><span class=\"ez-toc-js-icon-con\"><span class=\"\"><span class=\"eztoc-hide\" style=\"display:none;\">Palanca<\/span><span class=\"ez-toc-icon-toggle-span\"><svg style=\"fill: #999;color:#999\" xmlns=\"http:\/\/www.w3.org\/2000\/svg\" class=\"list-377408\" width=\"20px\" height=\"20px\" viewbox=\"0 0 24 24\" fill=\"none\"><path d=\"M6 6H4v2h2V6zm14 0H8v2h12V6zM4 11h2v2H4v-2zm16 0H8v2h12v-2zM4 16h2v2H4v-2zm16 0H8v2h12v-2z\" fill=\"currentColor\"><\/path><\/svg><svg style=\"fill: #999;color:#999\" class=\"arrow-unsorted-368013\" xmlns=\"http:\/\/www.w3.org\/2000\/svg\" width=\"10px\" height=\"10px\" viewbox=\"0 0 24 24\" version=\"1.2\" baseprofile=\"tiny\"><path d=\"M18.2 9.3l-6.2-6.3-6.2 6.3c-.2.2-.3.4-.3.7s.1.5.3.7c.2.2.4.3.7.3h11c.3 0 .5-.1.7-.3.2-.2.3-.5.3-.7s-.1-.5-.3-.7zM5.8 14.7l6.2 6.3 6.2-6.3c.2-.2.3-.5.3-.7s-.1-.5-.3-.7c-.2-.2-.4-.3-.7-.3h-11c-.3 0-.5.1-.7.3-.2.2-.3.5-.3.7s.1.5.3.7z\"\/><\/svg><\/span><\/span><\/span><\/a><\/span><\/div>\n<nav><ul class='ez-toc-list ez-toc-list-level-1' ><li class='ez-toc-page-1 ez-toc-heading-level-2'><a class=\"ez-toc-link ez-toc-heading-1\" href=\"https:\/\/mythslegendes.com\/es\/mitologia-anichinabianos\/historia-ojibwe-showandasee-547\/#Showandasee\" >Showandasee<\/a><\/li><\/ul><\/nav><\/div>\n<h2 class=\"elementor-heading-title elementor-size-default\"><span class=\"ez-toc-section\" id=\"Showandasee\"><\/span>Showandasee<span class=\"ez-toc-section-end\"><\/span><\/h2>\t\t\t\t<\/div>\n\t\t\t\t<\/div>\n\t\t\t\t\t<\/div>\n\t\t<\/div>\n\t\t\t\t\t<\/div>\n\t\t<\/section>\n\t\t\t\t<section class=\"elementor-section elementor-top-section elementor-element elementor-element-1d98b24 elementor-section-boxed elementor-section-height-default elementor-section-height-default\" data-id=\"1d98b24\" data-element_type=\"section\" data-e-type=\"section\">\n\t\t\t\t\t\t<div class=\"elementor-container elementor-column-gap-default\">\n\t\t\t\t\t<div class=\"elementor-column elementor-col-100 elementor-top-column elementor-element elementor-element-e7a7cf1\" data-id=\"e7a7cf1\" data-element_type=\"column\" data-e-type=\"column\">\n\t\t\t<div class=\"elementor-widget-wrap elementor-element-populated\">\n\t\t\t\t\t\t<div class=\"elementor-element elementor-element-a926536 elementor-widget elementor-widget-text-editor\" data-id=\"a926536\" data-element_type=\"widget\" data-e-type=\"widget\" data-widget_type=\"text-editor.default\">\n\t\t\t\t<div class=\"elementor-widget-container\">\n\t\t\t\t\t\t\t\t\t<p>Hace mucho tiempo, cuando lleg\u00f3 el verano, Showandasee vagaba a la deriva, pesado y somnoliento.<br \/>Showandasee fue el nombre que el pueblo Ojibwa le dio al Viento del Sur.<br \/>Lo observaron en sus viajes de verano y supieron lo que amaba. Showandasee<br \/>le encantaba holgazanear bajo la sombra de los robles. Le encantaba inhalar<br \/>el dulce ascenso de las flores de verano, y cuando respiraba, el perfume<br \/>llen\u00f3 el aire. La gente lo vio flotar sobre las aguas, sumergiendo<br \/>en sus dedos para hacer peque\u00f1as ondas ondulantes. Showandasee amado<br \/>el verano, y la gente amaba Showandasee.<\/p><p>Un d\u00eda, mientras Showandasee flotaba perezosamente, mir\u00f3 hacia abajo y vio<br \/>una vista m\u00e1s hermosa. All\u00ed, en la hierba, vio un alto y delgado<br \/>figura con cabello dorado. Se acerc\u00f3 m\u00e1s para suspirar y gui\u00f1ar un ojo al<br \/>chica de oro. Su coraz\u00f3n se llen\u00f3 de amor. Se acerc\u00f3 a\u00fan m\u00e1s,<br \/>y pens\u00f3 que podr\u00eda llamarla a su lado. Pero Showandasee tambi\u00e9n lo era<br \/>perezoso para llamar, as\u00ed que simplemente pas\u00f3 junto a ella, admirando su belleza.<\/p><p>Al d\u00eda siguiente, Showandasee pas\u00f3 flotando por el campo nuevamente para ver el<br \/>hermosa chica. Estaba a\u00fan m\u00e1s hermosa que el d\u00eda anterior. De<br \/>ese d\u00eda, Showandasee siempre cosa este mismo camino, flotando sobre<br \/>el campo, mirando a su chica dorada a medida que crec\u00eda. ella<br \/>Lo salud\u00f3 con la mano mientras estaba de pie en medio de la hierba que se balanceaba.<\/p><p>Cada d\u00eda Showandasee se enamoraba m\u00e1s profundamente. inhal\u00f3 m\u00e1s<br \/>profundamente a medida que avanzaba el verano, y cuando pas\u00f3 junto a su chica dorada,<br \/>dej\u00f3 escapar un largo suspiro. El aire se llen\u00f3 de la dulce fragancia.<br \/>del aliento de Showandasee, y la gente dio gracias por su amor.<br \/>Una ma\u00f1ana, Showandasee se despert\u00f3 al amanecer y flot\u00f3 hacia su campo.<\/p><p>Cuando mir\u00f3 hacia abajo, se frot\u00f3 los ojos somnolientos, porque no pod\u00eda<br \/>encontrar a su chica dorada. Donde ella hab\u00eda estado una vez, vio una esbelta<br \/>mujer, pero no era tan alta como su chica dorada, y su espalda<br \/>parec\u00eda doblado por la tensi\u00f3n. Su cabello ya no era brillante y dorado.<br \/>En cambio, era tan p\u00e1lido como la hierba marchita.<\/p><p>\u201c\u00bfQu\u00e9 le ha pasado a mi ni\u00f1a dorada? &quot; \u00e9l susurr\u00f3,<br \/>y anduvo a la deriva, tratando de encontrar a alguien que pudiera decirle<br \/>donde ella hab\u00eda ido. Sopl\u00f3 sobre los campos en busca de una respuesta.<br \/>En poco tiempo se encontr\u00f3 con North Wind, que hab\u00eda estado profundamente dormido todo el tiempo.<br \/>Largo verano. Ahora estaba despierto y comenz\u00f3 a soplar. &quot;Haz visto<br \/>mi ni\u00f1a de oro? Showandasee le pregunt\u00f3 al Viento del Norte.<\/p><p>Viento del Norte se ri\u00f3, y cuando lo hizo, los \u00e1rboles de abajo temblaron al<br \/>sonido. &quot;Vi a tu chica dorada&quot;, dijo el Viento del Norte,<br \/>\u201cY toqu\u00e9 su hermosa cabeza dorada. Cuando lo hice, su cabello<br \/>cambi\u00f3 de color y pareci\u00f3 marchitarse. \u00bb<\/p><p>Showandasee ten\u00eda el coraz\u00f3n roto. \u201cEres cruel\u201d, grit\u00f3,<br \/>pero de nuevo Viento del Norte se ri\u00f3, y abajo los \u00e1rboles comenzaron a<br \/>temblar. Saludaron a Showandasee y gritaron: \u201c\u00a1Sopla, Showandasee, sopla! \u00bb<\/p><p>Showandasee vol\u00f3 por los campos hacia su chica dorada, pero<br \/>esta vez mir\u00f3 hacia abajo y vio que el viento del norte la hab\u00eda tocado<br \/>otra vez. Su cabello se hab\u00eda vuelto tan blanco como la nieve, y estaba marchita<br \/>y viejo. Showandasee dej\u00f3 escapar un profundo suspiro, y cuando hizo el alto,<br \/>chica esbelta que una vez hab\u00eda sido tan dorada y fuerte comenz\u00f3 a temblar<br \/>duro como los \u00e1rboles. Su cabello vol\u00f3 de su cabeza y se esparci\u00f3 por todas partes.<\/p><p>No mucho despu\u00e9s de que Showandasee, demasiado triste para ir a la deriva perezosamente, se fue<br \/>para buscar en el mundo a su ser\u00eda ni\u00f1a de oro.<\/p><p>Todos los a\u00f1os regresa. Cada a\u00f1o vuelve a encontrar a su chica de oro,<br \/>alto y hermoso en medio de los campos de hierba. Cuando \u00e9l la ve,<br \/>comienza una vez m\u00e1s a flotar y suspirar a trav\u00e9s de la tierra, y no<br \/>as\u00ed hasta que North Wind aparece de nuevo y toca a todas las chicas doradas<br \/>con sus dedos aqu\u00ed.<\/p>\t\t\t\t\t\t\t\t<\/div>\n\t\t\t\t<\/div>\n\t\t\t\t\t<\/div>\n\t\t<\/div>\n\t\t\t\t\t<\/div>\n\t\t<\/section>\n\t\t\t\t<\/div>","protected":false},"excerpt":{"rendered":"<p>Anishinabe Mythology Wiki El t\u00e9rmino Ojibwe proviene de Outchibou, un nombre dado en el siglo XVII a un grupo que viv\u00eda en \u2026 <\/p>","protected":false},"author":1,"featured_media":0,"parent":3405,"menu_order":0,"comment_status":"closed","ping_status":"closed","template":"","meta":{"footnotes":""},"class_list":["post-15347","page","type-page","status-publish","hentry"],"amp_enabled":true,"_links":{"self":[{"href":"https:\/\/mythslegendes.com\/es\/wp-json\/wp\/v2\/pages\/15347","targetHints":{"allow":["GET"]}}],"collection":[{"href":"https:\/\/mythslegendes.com\/es\/wp-json\/wp\/v2\/pages"}],"about":[{"href":"https:\/\/mythslegendes.com\/es\/wp-json\/wp\/v2\/types\/page"}],"author":[{"embeddable":true,"href":"https:\/\/mythslegendes.com\/es\/wp-json\/wp\/v2\/users\/1"}],"replies":[{"embeddable":true,"href":"https:\/\/mythslegendes.com\/es\/wp-json\/wp\/v2\/comments?post=15347"}],"version-history":[{"count":1,"href":"https:\/\/mythslegendes.com\/es\/wp-json\/wp\/v2\/pages\/15347\/revisions"}],"predecessor-version":[{"id":25302,"href":"https:\/\/mythslegendes.com\/es\/wp-json\/wp\/v2\/pages\/15347\/revisions\/25302"}],"up":[{"embeddable":true,"href":"https:\/\/mythslegendes.com\/es\/wp-json\/wp\/v2\/pages\/3405"}],"wp:attachment":[{"href":"https:\/\/mythslegendes.com\/es\/wp-json\/wp\/v2\/media?parent=15347"}],"curies":[{"name":"wp","href":"https:\/\/api.w.org\/{rel}","templated":true}]}}