{"id":15363,"date":"2021-11-17T10:45:08","date_gmt":"2021-11-17T10:45:08","guid":{"rendered":"https:\/\/mythslegendes.com\/?page_id=15363"},"modified":"2022-12-03T22:12:15","modified_gmt":"2022-12-03T22:12:15","slug":"boy-who-became-a-robin-789","status":"publish","type":"page","link":"https:\/\/mythslegendes.com\/es\/mitologia-anichinabianos\/chico-que-se-convirtio-en-petirrojo-789\/","title":{"rendered":"Conte Ojibw\u00e9: El ni\u00f1o que se convirti\u00f3 en Robin"},"content":{"rendered":"<div data-elementor-type=\"wp-page\" data-elementor-id=\"15363\" class=\"elementor elementor-15363\">\n\t\t\t\t\t\t<section class=\"elementor-section elementor-top-section elementor-element elementor-element-afe66c2 elementor-section-boxed elementor-section-height-default elementor-section-height-default\" data-id=\"afe66c2\" data-element_type=\"section\" data-e-type=\"section\">\n\t\t\t\t\t\t<div class=\"elementor-container elementor-column-gap-default\">\n\t\t\t\t\t<div class=\"elementor-column elementor-col-50 elementor-top-column elementor-element elementor-element-dc358ac\" data-id=\"dc358ac\" data-element_type=\"column\" data-e-type=\"column\">\n\t\t\t<div class=\"elementor-widget-wrap elementor-element-populated\">\n\t\t\t\t\t\t<div class=\"elementor-element elementor-element-13a07dd elementor-align-justify elementor-widget elementor-widget-button\" data-id=\"13a07dd\" data-element_type=\"widget\" data-e-type=\"widget\" data-widget_type=\"button.default\">\n\t\t\t\t<div class=\"elementor-widget-container\">\n\t\t\t\t\t\t\t\t\t<div class=\"elementor-button-wrapper\">\n\t\t\t\t\t<a class=\"elementor-button elementor-button-link elementor-size-sm\" href=\"https:\/\/mythslegendes.com\/es\/mitologia-anichinabianos\/\">\n\t\t\t\t\t\t<span class=\"elementor-button-content-wrapper\">\n\t\t\t\t\t\t\t\t\t<span class=\"elementor-button-text\">Mitolog\u00eda anichinabe<\/span>\n\t\t\t\t\t<\/span>\n\t\t\t\t\t<\/a>\n\t\t\t\t<\/div>\n\t\t\t\t\t\t\t\t<\/div>\n\t\t\t\t<\/div>\n\t\t\t\t\t<\/div>\n\t\t<\/div>\n\t\t\t\t<div class=\"elementor-column elementor-col-50 elementor-top-column elementor-element elementor-element-1948714\" data-id=\"1948714\" data-element_type=\"column\" data-e-type=\"column\">\n\t\t\t<div class=\"elementor-widget-wrap elementor-element-populated\">\n\t\t\t\t\t\t<div class=\"elementor-element elementor-element-9cb0f4b elementor-align-justify elementor-widget elementor-widget-button\" data-id=\"9cb0f4b\" data-element_type=\"widget\" data-e-type=\"widget\" data-widget_type=\"button.default\">\n\t\t\t\t<div class=\"elementor-widget-container\">\n\t\t\t\t\t\t\t\t\t<div class=\"elementor-button-wrapper\">\n\t\t\t\t\t<a class=\"elementor-button elementor-button-link elementor-size-sm\" href=\"https:\/\/www.thecanadianencyclopedia.ca\/fr\/article\/ojibwes\" target=\"_blank\" rel=\"noopener\">\n\t\t\t\t\t\t<span class=\"elementor-button-content-wrapper\">\n\t\t\t\t\t\t\t\t\t<span class=\"elementor-button-text\">Wiki<\/span>\n\t\t\t\t\t<\/span>\n\t\t\t\t\t<\/a>\n\t\t\t\t<\/div>\n\t\t\t\t\t\t\t\t<\/div>\n\t\t\t\t<\/div>\n\t\t\t\t\t<\/div>\n\t\t<\/div>\n\t\t\t\t\t<\/div>\n\t\t<\/section>\n\t\t\t\t<section class=\"elementor-section elementor-top-section elementor-element elementor-element-d2ed603 elementor-section-boxed elementor-section-height-default elementor-section-height-default\" data-id=\"d2ed603\" data-element_type=\"section\" data-e-type=\"section\">\n\t\t\t\t\t\t<div class=\"elementor-container elementor-column-gap-default\">\n\t\t\t\t\t<div class=\"elementor-column elementor-col-100 elementor-top-column elementor-element elementor-element-9616e9a\" data-id=\"9616e9a\" data-element_type=\"column\" data-e-type=\"column\">\n\t\t\t<div class=\"elementor-widget-wrap elementor-element-populated\">\n\t\t\t\t\t\t<div class=\"elementor-element elementor-element-e2183c6 elementor-widget elementor-widget-text-editor\" data-id=\"e2183c6\" data-element_type=\"widget\" data-e-type=\"widget\" data-widget_type=\"text-editor.default\">\n\t\t\t\t<div class=\"elementor-widget-container\">\n\t\t\t\t\t\t\t\t\t<p>El t\u00e9rmino Ojibwe proviene de <em>Utchibou<\/em>, nombre dado al XVII<sup>mi<\/sup> siglo a un grupo que viv\u00eda al norte de lo que ahora es Sault Ste. Marie, Ontario. Aqu\u00ed hay uno de su historia: El ni\u00f1o que se convirti\u00f3 en Robin.<\/p><p>los <a href=\"https:\/\/mythslegendes.com\/es\/mitologia-anichinabianos\/\">Ojibway<\/a> formaban parte de una serie de grupos muy cercanos, pero distintos, que ocupaban un territorio ubicado entre el noreste de la bah\u00eda <a href=\"https:\/\/mythslegendes.com\/es\/mitologia-georgiana\/\">georgiano<\/a> y el este del Lago Superior. Estos pueblos que se reunieron cerca de la actual Sault Ste. Mar\u00eda tambi\u00e9n se llaman <a href=\"https:\/\/mythslegendes.com\/es\/mitologia-anichinabianos\/\">Saulteaux<\/a>, un t\u00e9rmino que hoy se refiere principalmente a los pueblos Ojibway del noroeste de Ontario y el sureste de Manitoba.<\/p><p><img decoding=\"async\" class=\"alignnone wp-image-9347 size-full\" src=\"https:\/\/mythslegendes.com\/wp-content\/uploads\/2020\/09\/cropped-AlphaOmega-e1602613368367.png\" alt=\"Ojibw\u00e9 El ni\u00f1o que se convirti\u00f3 en Robin\" width=\"25\" height=\"25\" title=\"\"><\/p>\t\t\t\t\t\t\t\t<\/div>\n\t\t\t\t<\/div>\n\t\t\t\t\t<\/div>\n\t\t<\/div>\n\t\t\t\t\t<\/div>\n\t\t<\/section>\n\t\t\t\t<section class=\"elementor-section elementor-top-section elementor-element elementor-element-edd6762 elementor-section-boxed elementor-section-height-default elementor-section-height-default\" data-id=\"edd6762\" data-element_type=\"section\" data-e-type=\"section\">\n\t\t\t\t\t\t<div class=\"elementor-container elementor-column-gap-default\">\n\t\t\t\t\t<div class=\"elementor-column elementor-col-100 elementor-top-column elementor-element elementor-element-f53f6a1\" data-id=\"f53f6a1\" data-element_type=\"column\" data-e-type=\"column\">\n\t\t\t<div class=\"elementor-widget-wrap elementor-element-populated\">\n\t\t\t\t\t\t<div class=\"elementor-element elementor-element-0247f21 elementor-widget elementor-widget-heading\" data-id=\"0247f21\" data-element_type=\"widget\" data-e-type=\"widget\" data-widget_type=\"heading.default\">\n\t\t\t\t<div class=\"elementor-widget-container\">\n\t\t\t\t\t<div id=\"ez-toc-container\" class=\"ez-toc-v2_0_82_2 counter-hierarchy ez-toc-counter ez-toc-grey ez-toc-container-direction\">\n<div class=\"ez-toc-title-container\">\n<p class=\"ez-toc-title\" style=\"cursor:inherit\">Contenido<\/p>\n<span class=\"ez-toc-title-toggle\"><a href=\"#\" class=\"ez-toc-pull-right ez-toc-btn ez-toc-btn-xs ez-toc-btn-default ez-toc-toggle\" aria-label=\"Alternar tabla de contenidos\"><span class=\"ez-toc-js-icon-con\"><span class=\"\"><span class=\"eztoc-hide\" style=\"display:none;\">Palanca<\/span><span class=\"ez-toc-icon-toggle-span\"><svg style=\"fill: #999;color:#999\" xmlns=\"http:\/\/www.w3.org\/2000\/svg\" class=\"list-377408\" width=\"20px\" height=\"20px\" viewbox=\"0 0 24 24\" fill=\"none\"><path d=\"M6 6H4v2h2V6zm14 0H8v2h12V6zM4 11h2v2H4v-2zm16 0H8v2h12v-2zM4 16h2v2H4v-2zm16 0H8v2h12v-2z\" fill=\"currentColor\"><\/path><\/svg><svg style=\"fill: #999;color:#999\" class=\"arrow-unsorted-368013\" xmlns=\"http:\/\/www.w3.org\/2000\/svg\" width=\"10px\" height=\"10px\" viewbox=\"0 0 24 24\" version=\"1.2\" baseprofile=\"tiny\"><path d=\"M18.2 9.3l-6.2-6.3-6.2 6.3c-.2.2-.3.4-.3.7s.1.5.3.7c.2.2.4.3.7.3h11c.3 0 .5-.1.7-.3.2-.2.3-.5.3-.7s-.1-.5-.3-.7zM5.8 14.7l6.2 6.3 6.2-6.3c.2-.2.3-.5.3-.7s-.1-.5-.3-.7c-.2-.2-.4-.3-.7-.3h-11c-.3 0-.5.1-.7.3-.2.2-.3.5-.3.7s.1.5.3.7z\"\/><\/svg><\/span><\/span><\/span><\/a><\/span><\/div>\n<nav><ul class='ez-toc-list ez-toc-list-level-1' ><li class='ez-toc-page-1 ez-toc-heading-level-2'><a class=\"ez-toc-link ez-toc-heading-1\" href=\"https:\/\/mythslegendes.com\/es\/mitologia-anichinabianos\/chico-que-se-convirtio-en-petirrojo-789\/#The-Boy-who-became-a-Robin\" >El ni\u00f1o que se convirti\u00f3 en Robin<\/a><\/li><\/ul><\/nav><\/div>\n<h2 class=\"elementor-heading-title elementor-size-default\"><span class=\"ez-toc-section\" id=\"The-Boy-who-became-a-Robin\"><\/span>El ni\u00f1o que se convirti\u00f3 en Robin<span class=\"ez-toc-section-end\"><\/span><\/h2>\t\t\t\t<\/div>\n\t\t\t\t<\/div>\n\t\t\t\t\t<\/div>\n\t\t<\/div>\n\t\t\t\t\t<\/div>\n\t\t<\/section>\n\t\t\t\t<section class=\"elementor-section elementor-top-section elementor-element elementor-element-f590bdf elementor-section-boxed elementor-section-height-default elementor-section-height-default\" data-id=\"f590bdf\" data-element_type=\"section\" data-e-type=\"section\">\n\t\t\t\t\t\t<div class=\"elementor-container elementor-column-gap-default\">\n\t\t\t\t\t<div class=\"elementor-column elementor-col-100 elementor-top-column elementor-element elementor-element-fc40867\" data-id=\"fc40867\" data-element_type=\"column\" data-e-type=\"column\">\n\t\t\t<div class=\"elementor-widget-wrap elementor-element-populated\">\n\t\t\t\t\t\t<div class=\"elementor-element elementor-element-0510c92 elementor-widget elementor-widget-text-editor\" data-id=\"0510c92\" data-element_type=\"widget\" data-e-type=\"widget\" data-widget_type=\"text-editor.default\">\n\t\t\t\t<div class=\"elementor-widget-container\">\n\t\t\t\t\t\t\t\t\t<p>por Henry R. Schoolcraft<br \/>El mito de Hiawatha<\/p><p>\u00c9rase una vez un indio anciano que ten\u00eda un hijo \u00fanico, que se llamaba Opeechee. El ni\u00f1o hab\u00eda llegado a la edad en que todo joven indio hace un largo ayuno para asegurarse de que un Esp\u00edritu sea su guardi\u00e1n de por vida.<\/p><p>Ahora, el anciano estaba muy orgulloso y deseaba que su hijo ayunara m\u00e1s que otros ni\u00f1os y que se convirtiera en un guerrero m\u00e1s grande que todos los dem\u00e1s. As\u00ed que le indic\u00f3 que se preparara con ceremonias solemnes para el ayuno.<\/p><p>Despu\u00e9s de que el ni\u00f1o estuvo en la caba\u00f1a para sudar y se ba\u00f1\u00f3 varias veces, su padre le orden\u00f3 que se acostara sobre una estera limpia, en una caba\u00f1a peque\u00f1a separada del resto.<\/p><p>\u201cHijo m\u00edo\u201d, dijo, \u201csoporta tu hambre como un hombre, y al final de los DOCE D\u00cdAS, recibir\u00e1s comida y una bendici\u00f3n de mis manos. &quot;<\/p><p>El ni\u00f1o hizo con cuidado todo lo que su padre le orden\u00f3, y se qued\u00f3 en silencio con el rostro cubierto, esperando la llegada de su esp\u00edritu guardi\u00e1n que le traer\u00eda buenos o malos sue\u00f1os.<\/p><p>Su padre lo visitaba todos los d\u00edas, anim\u00e1ndolo a soportar con paciencia los dolores del hambre y la sed. Le habl\u00f3 del honor y la fama que le corresponder\u00eda si continuaba con su ayuno hasta el final de los doce d\u00edas.<\/p><p>A todo esto, el ni\u00f1o no respondi\u00f3, sino que se acost\u00f3 en su camilla sin un murmullo de descontento, hasta el noveno d\u00eda, cuando dijo:<\/p><p>\u201cPadre m\u00edo, los sue\u00f1os me hablan del mal. \u00bfPuedo romper mi ayuno ahora y en un mejor momento hacer uno nuevo? &quot;<\/p><p>\u201cHijo m\u00edo\u201d, respondi\u00f3 el anciano, \u201cno sabes lo que preguntas. Si te levantas ahora, toda tu gloria se ir\u00e1. Espere pacientemente un poco m\u00e1s. Solo tienes tres d\u00edas m\u00e1s para ayunar, entonces la gloria y el honor ser\u00e1n tuyos. &quot;<\/p><p>El ni\u00f1o no dijo nada m\u00e1s, pero, cubri\u00e9ndose m\u00e1s de cerca, se qued\u00f3 tendido hasta el und\u00e9cimo d\u00eda, cuando volvi\u00f3 a hablar.<\/p><p>\u201cPadre m\u00edo\u201d, dijo, \u201clos sue\u00f1os presagian el mal. \u00bfPuedo romper mi ayuno ahora y en un mejor momento hacer uno nuevo? &quot;<\/p><p>\u201cHijo m\u00edo\u201d, replic\u00f3 de nuevo el anciano, \u201cno sabes lo que preguntas. Espere pacientemente un poco m\u00e1s. Solo tienes un d\u00eda m\u00e1s para ayunar. Ma\u00f1ana yo mismo preparar\u00e9 una comida y se la llevar\u00e9. &quot;<\/p><p>El ni\u00f1o permaneci\u00f3 en silencio, bajo su manta, e inm\u00f3vil excepto por el suave movimiento de su pecho.<\/p><p>Temprano a la ma\u00f1ana siguiente, su padre, encantado de haber llegado a su fin, prepar\u00f3 algo de comida. Lo tom\u00f3 y se apresur\u00f3 a ir a la caba\u00f1a con la intenci\u00f3n de pon\u00e9rselo a su hijo.<\/p><p>Al llegar a la puerta del albergue cu\u00e1l fue su sorpresa al escuchar al chico hablando con alguien. Levant\u00f3 la cortina que colgaba frente a la puerta y, mirando hacia adentro, vio a su hijo pint\u00e1ndose el pecho con bermell\u00f3n. Y cuando el muchacho se recost\u00f3 en el color brillante tan atr\u00e1s como pudo sobre sus hombros, se estaba diciendo a s\u00ed mismo:<\/p><p>\u201cMi padre ha destruido mi fortuna como hombre. No escuchaba mis peticiones. Ser\u00e9 feliz para siempre, porque fui obediente a mi padre, pero \u00e9l sufrir\u00e1. Mi esp\u00edritu guardi\u00e1n me ha dado una nueva forma, \u00a1y ahora debo irme! &quot;<\/p><p>Ante esto, su padre se apresur\u00f3 a entrar en la caba\u00f1a, llorando:<\/p><p>&quot;\u00a1Mi hijo! \u00a1mi hijo! \u00a1Te ruego que no me dejes! &quot;<\/p><p>Pero el ni\u00f1o, con la rapidez de un p\u00e1jaro, vol\u00f3 hasta lo alto de la caba\u00f1a y, pos\u00e1ndose en el poste m\u00e1s alto, se transform\u00f3 instant\u00e1neamente en un petirrojo de lo m\u00e1s hermoso.<\/p><p>Mir\u00f3 a su padre con compasi\u00f3n en sus ojos y dijo:<\/p><p>\u201cNo te entristezcas, oh padre m\u00edo, ya no soy tu hijo, sino Opeechee el petirrojo. Siempre ser\u00e9 amigo de los hombres y vivir\u00e9 cerca de sus viviendas. Siempre estar\u00e9 feliz y contento. Todos los d\u00edas te cantar\u00e9 canciones de alegr\u00eda. Las monta\u00f1as y los campos me dan alimento. Mi camino est\u00e1 en el aire brillante. &quot;<\/p><p>Entonces Opeechee el petirrojo se estir\u00f3 como si se deleitara con sus nuevas alas y, cantando su canci\u00f3n m\u00e1s dulce, vol\u00f3 hacia los \u00e1rboles cercanos.<\/p>\t\t\t\t\t\t\t\t<\/div>\n\t\t\t\t<\/div>\n\t\t\t\t\t<\/div>\n\t\t<\/div>\n\t\t\t\t\t<\/div>\n\t\t<\/section>\n\t\t\t\t<\/div>","protected":false},"excerpt":{"rendered":"<p>Anishinabe Mythology Wiki El t\u00e9rmino Ojibwe proviene de Outchibou, un nombre dado en el siglo XVII a un grupo que viv\u00eda en \u2026 <\/p>","protected":false},"author":1,"featured_media":0,"parent":3405,"menu_order":0,"comment_status":"closed","ping_status":"closed","template":"","meta":{"footnotes":""},"class_list":["post-15363","page","type-page","status-publish","hentry"],"amp_enabled":true,"_links":{"self":[{"href":"https:\/\/mythslegendes.com\/es\/wp-json\/wp\/v2\/pages\/15363","targetHints":{"allow":["GET"]}}],"collection":[{"href":"https:\/\/mythslegendes.com\/es\/wp-json\/wp\/v2\/pages"}],"about":[{"href":"https:\/\/mythslegendes.com\/es\/wp-json\/wp\/v2\/types\/page"}],"author":[{"embeddable":true,"href":"https:\/\/mythslegendes.com\/es\/wp-json\/wp\/v2\/users\/1"}],"replies":[{"embeddable":true,"href":"https:\/\/mythslegendes.com\/es\/wp-json\/wp\/v2\/comments?post=15363"}],"version-history":[{"count":1,"href":"https:\/\/mythslegendes.com\/es\/wp-json\/wp\/v2\/pages\/15363\/revisions"}],"predecessor-version":[{"id":25304,"href":"https:\/\/mythslegendes.com\/es\/wp-json\/wp\/v2\/pages\/15363\/revisions\/25304"}],"up":[{"embeddable":true,"href":"https:\/\/mythslegendes.com\/es\/wp-json\/wp\/v2\/pages\/3405"}],"wp:attachment":[{"href":"https:\/\/mythslegendes.com\/es\/wp-json\/wp\/v2\/media?parent=15363"}],"curies":[{"name":"wp","href":"https:\/\/api.w.org\/{rel}","templated":true}]}}