{"id":15368,"date":"2021-11-17T10:49:11","date_gmt":"2021-11-17T10:49:11","guid":{"rendered":"https:\/\/mythslegendes.com\/?page_id=15368"},"modified":"2022-12-03T22:12:15","modified_gmt":"2022-12-03T22:12:15","slug":"conte-ojibwe-turtle-island-35498","status":"publish","type":"page","link":"https:\/\/mythslegendes.com\/es\/mitologia-anichinabianos\/cuento-ojibwe-isla-tortuga-35498\/","title":{"rendered":"Ojibwe Tale: Isla Tortuga"},"content":{"rendered":"<div data-elementor-type=\"wp-page\" data-elementor-id=\"15368\" class=\"elementor elementor-15368\">\n\t\t\t\t\t\t<section class=\"elementor-section elementor-top-section elementor-element elementor-element-1eab84c elementor-section-boxed elementor-section-height-default elementor-section-height-default\" data-id=\"1eab84c\" data-element_type=\"section\" data-e-type=\"section\">\n\t\t\t\t\t\t<div class=\"elementor-container elementor-column-gap-default\">\n\t\t\t\t\t<div class=\"elementor-column elementor-col-50 elementor-top-column elementor-element elementor-element-4402b23\" data-id=\"4402b23\" data-element_type=\"column\" data-e-type=\"column\">\n\t\t\t<div class=\"elementor-widget-wrap elementor-element-populated\">\n\t\t\t\t\t\t<div class=\"elementor-element elementor-element-cd1f6f4 elementor-align-justify elementor-widget elementor-widget-button\" data-id=\"cd1f6f4\" data-element_type=\"widget\" data-e-type=\"widget\" data-widget_type=\"button.default\">\n\t\t\t\t<div class=\"elementor-widget-container\">\n\t\t\t\t\t\t\t\t\t<div class=\"elementor-button-wrapper\">\n\t\t\t\t\t<a class=\"elementor-button elementor-button-link elementor-size-sm\" href=\"https:\/\/mythslegendes.com\/es\/mitologia-anichinabianos\/\">\n\t\t\t\t\t\t<span class=\"elementor-button-content-wrapper\">\n\t\t\t\t\t\t\t\t\t<span class=\"elementor-button-text\">Mitolog\u00eda anichinabe<\/span>\n\t\t\t\t\t<\/span>\n\t\t\t\t\t<\/a>\n\t\t\t\t<\/div>\n\t\t\t\t\t\t\t\t<\/div>\n\t\t\t\t<\/div>\n\t\t\t\t\t<\/div>\n\t\t<\/div>\n\t\t\t\t<div class=\"elementor-column elementor-col-50 elementor-top-column elementor-element elementor-element-b91866c\" data-id=\"b91866c\" data-element_type=\"column\" data-e-type=\"column\">\n\t\t\t<div class=\"elementor-widget-wrap elementor-element-populated\">\n\t\t\t\t\t\t<div class=\"elementor-element elementor-element-781c4a8 elementor-align-justify elementor-widget elementor-widget-button\" data-id=\"781c4a8\" data-element_type=\"widget\" data-e-type=\"widget\" data-widget_type=\"button.default\">\n\t\t\t\t<div class=\"elementor-widget-container\">\n\t\t\t\t\t\t\t\t\t<div class=\"elementor-button-wrapper\">\n\t\t\t\t\t<a class=\"elementor-button elementor-button-link elementor-size-sm\" href=\"https:\/\/www.thecanadianencyclopedia.ca\/fr\/article\/ojibwes\" target=\"_blank\" rel=\"noopener\">\n\t\t\t\t\t\t<span class=\"elementor-button-content-wrapper\">\n\t\t\t\t\t\t\t\t\t<span class=\"elementor-button-text\">Wiki<\/span>\n\t\t\t\t\t<\/span>\n\t\t\t\t\t<\/a>\n\t\t\t\t<\/div>\n\t\t\t\t\t\t\t\t<\/div>\n\t\t\t\t<\/div>\n\t\t\t\t\t<\/div>\n\t\t<\/div>\n\t\t\t\t\t<\/div>\n\t\t<\/section>\n\t\t\t\t<section class=\"elementor-section elementor-top-section elementor-element elementor-element-1369b7b elementor-section-boxed elementor-section-height-default elementor-section-height-default\" data-id=\"1369b7b\" data-element_type=\"section\" data-e-type=\"section\">\n\t\t\t\t\t\t<div class=\"elementor-container elementor-column-gap-default\">\n\t\t\t\t\t<div class=\"elementor-column elementor-col-100 elementor-top-column elementor-element elementor-element-515a947\" data-id=\"515a947\" data-element_type=\"column\" data-e-type=\"column\">\n\t\t\t<div class=\"elementor-widget-wrap elementor-element-populated\">\n\t\t\t\t\t\t<div class=\"elementor-element elementor-element-e141324 elementor-widget elementor-widget-text-editor\" data-id=\"e141324\" data-element_type=\"widget\" data-e-type=\"widget\" data-widget_type=\"text-editor.default\">\n\t\t\t\t<div class=\"elementor-widget-container\">\n\t\t\t\t\t\t\t\t\t<p>El t\u00e9rmino Ojibwe proviene de <em>Utchibou<\/em>, nombre dado al XVII<sup>mi<\/sup> siglo a un grupo que viv\u00eda al norte de lo que ahora es Sault Ste. Marie, Ontario. Aqu\u00ed hay uno de su cuento: La creaci\u00f3n de la isla Tortuga.<\/p><p>los <a href=\"https:\/\/mythslegendes.com\/es\/mitologia-anichinabianos\/\">Ojibway<\/a> formaban parte de una serie de grupos muy cercanos, pero distintos, que ocupaban un territorio ubicado entre el noreste de la bah\u00eda <a href=\"https:\/\/mythslegendes.com\/es\/mitologia-georgiana\/\">georgiano<\/a> y el este del Lago Superior. Estos pueblos que se reunieron cerca de la actual Sault Ste. Mar\u00eda tambi\u00e9n se llaman <a href=\"https:\/\/mythslegendes.com\/es\/mitologia-anichinabianos\/\">Saulteaux<\/a>, un t\u00e9rmino que hoy se refiere principalmente a los pueblos Ojibway del noroeste de Ontario y el sureste de Manitoba.<\/p><p><img decoding=\"async\" class=\"alignnone wp-image-9347 size-full\" src=\"https:\/\/mythslegendes.com\/wp-content\/uploads\/2020\/09\/cropped-AlphaOmega-e1602613368367.png\" alt=\"Ojibw\u00e9 La Creaci\u00f3n de la Isla Tortuga\" width=\"25\" height=\"25\" title=\"\"><\/p>\t\t\t\t\t\t\t\t<\/div>\n\t\t\t\t<\/div>\n\t\t\t\t\t<\/div>\n\t\t<\/div>\n\t\t\t\t\t<\/div>\n\t\t<\/section>\n\t\t\t\t<section class=\"elementor-section elementor-top-section elementor-element elementor-element-55b93ea elementor-section-boxed elementor-section-height-default elementor-section-height-default\" data-id=\"55b93ea\" data-element_type=\"section\" data-e-type=\"section\">\n\t\t\t\t\t\t<div class=\"elementor-container elementor-column-gap-default\">\n\t\t\t\t\t<div class=\"elementor-column elementor-col-100 elementor-top-column elementor-element elementor-element-08f712a\" data-id=\"08f712a\" data-element_type=\"column\" data-e-type=\"column\">\n\t\t\t<div class=\"elementor-widget-wrap elementor-element-populated\">\n\t\t\t\t\t\t<div class=\"elementor-element elementor-element-0e7640b elementor-widget elementor-widget-heading\" data-id=\"0e7640b\" data-element_type=\"widget\" data-e-type=\"widget\" data-widget_type=\"heading.default\">\n\t\t\t\t<div class=\"elementor-widget-container\">\n\t\t\t\t\t<div id=\"ez-toc-container\" class=\"ez-toc-v2_0_82_2 counter-hierarchy ez-toc-counter ez-toc-grey ez-toc-container-direction\">\n<div class=\"ez-toc-title-container\">\n<p class=\"ez-toc-title\" style=\"cursor:inherit\">Contenido<\/p>\n<span class=\"ez-toc-title-toggle\"><a href=\"#\" class=\"ez-toc-pull-right ez-toc-btn ez-toc-btn-xs ez-toc-btn-default ez-toc-toggle\" aria-label=\"Alternar tabla de contenidos\"><span class=\"ez-toc-js-icon-con\"><span class=\"\"><span class=\"eztoc-hide\" style=\"display:none;\">Palanca<\/span><span class=\"ez-toc-icon-toggle-span\"><svg style=\"fill: #999;color:#999\" xmlns=\"http:\/\/www.w3.org\/2000\/svg\" class=\"list-377408\" width=\"20px\" height=\"20px\" viewbox=\"0 0 24 24\" fill=\"none\"><path d=\"M6 6H4v2h2V6zm14 0H8v2h12V6zM4 11h2v2H4v-2zm16 0H8v2h12v-2zM4 16h2v2H4v-2zm16 0H8v2h12v-2z\" fill=\"currentColor\"><\/path><\/svg><svg style=\"fill: #999;color:#999\" class=\"arrow-unsorted-368013\" xmlns=\"http:\/\/www.w3.org\/2000\/svg\" width=\"10px\" height=\"10px\" viewbox=\"0 0 24 24\" version=\"1.2\" baseprofile=\"tiny\"><path d=\"M18.2 9.3l-6.2-6.3-6.2 6.3c-.2.2-.3.4-.3.7s.1.5.3.7c.2.2.4.3.7.3h11c.3 0 .5-.1.7-.3.2-.2.3-.5.3-.7s-.1-.5-.3-.7zM5.8 14.7l6.2 6.3 6.2-6.3c.2-.2.3-.5.3-.7s-.1-.5-.3-.7c-.2-.2-.4-.3-.7-.3h-11c-.3 0-.5.1-.7.3-.2.2-.3.5-.3.7s.1.5.3.7z\"\/><\/svg><\/span><\/span><\/span><\/a><\/span><\/div>\n<nav><ul class='ez-toc-list ez-toc-list-level-1' ><li class='ez-toc-page-1 ez-toc-heading-level-2'><a class=\"ez-toc-link ez-toc-heading-1\" href=\"https:\/\/mythslegendes.com\/es\/mitologia-anichinabianos\/cuento-ojibwe-isla-tortuga-35498\/#The-Creation-of-Turtle-Island\" >La creaci\u00f3n de la Isla Tortuga<\/a><\/li><li class='ez-toc-page-1 ez-toc-heading-level-2'><a class=\"ez-toc-link ez-toc-heading-2\" href=\"https:\/\/mythslegendes.com\/es\/mitologia-anichinabianos\/cuento-ojibwe-isla-tortuga-35498\/#A-Spirit-is-Simply-a-Possibility\" >Un esp\u00edritu es simplemente una posibilidad<\/a><\/li><li class='ez-toc-page-1 ez-toc-heading-level-2'><a class=\"ez-toc-link ez-toc-heading-3\" href=\"https:\/\/mythslegendes.com\/es\/mitologia-anichinabianos\/cuento-ojibwe-isla-tortuga-35498\/#Even-Manitou-Accepted-a-Womans-Help\" >Incluso Manitou acept\u00f3 la ayuda de una mujer<\/a><\/li><li class='ez-toc-page-1 ez-toc-heading-level-2'><a class=\"ez-toc-link ez-toc-heading-4\" href=\"https:\/\/mythslegendes.com\/es\/mitologia-anichinabianos\/cuento-ojibwe-isla-tortuga-35498\/#Jealousy-Raises-its-Ugly-Head\" >Los celos levantan su cabeza fea<\/a><\/li><li class='ez-toc-page-1 ez-toc-heading-level-2'><a class=\"ez-toc-link ez-toc-heading-5\" href=\"https:\/\/mythslegendes.com\/es\/mitologia-anichinabianos\/cuento-ojibwe-isla-tortuga-35498\/#The-Female-Spirit-Prevails\" >El esp\u00edritu femenino prevalece<\/a><\/li><li class='ez-toc-page-1 ez-toc-heading-level-2'><a class=\"ez-toc-link ez-toc-heading-6\" href=\"https:\/\/mythslegendes.com\/es\/mitologia-anichinabianos\/cuento-ojibwe-isla-tortuga-35498\/#The-Dawn-of-a-New-Day\" >El amanecer de un nuevo d\u00eda<\/a><\/li><\/ul><\/nav><\/div>\n<h2 class=\"elementor-heading-title elementor-size-default\"><span class=\"ez-toc-section\" id=\"The-Creation-of-Turtle-Island\"><\/span>La creaci\u00f3n de la Isla Tortuga<span class=\"ez-toc-section-end\"><\/span><\/h2>\t\t\t\t<\/div>\n\t\t\t\t<\/div>\n\t\t\t\t\t<\/div>\n\t\t<\/div>\n\t\t\t\t\t<\/div>\n\t\t<\/section>\n\t\t\t\t<section class=\"elementor-section elementor-top-section elementor-element elementor-element-5522cc7 elementor-section-boxed elementor-section-height-default elementor-section-height-default\" data-id=\"5522cc7\" data-element_type=\"section\" data-e-type=\"section\">\n\t\t\t\t\t\t<div class=\"elementor-container elementor-column-gap-default\">\n\t\t\t\t\t<div class=\"elementor-column elementor-col-100 elementor-top-column elementor-element elementor-element-a09dc8a\" data-id=\"a09dc8a\" data-element_type=\"column\" data-e-type=\"column\">\n\t\t\t<div class=\"elementor-widget-wrap elementor-element-populated\">\n\t\t\t\t\t\t<div class=\"elementor-element elementor-element-909f573 elementor-widget elementor-widget-text-editor\" data-id=\"909f573\" data-element_type=\"widget\" data-e-type=\"widget\" data-widget_type=\"text-editor.default\">\n\t\t\t\t<div class=\"elementor-widget-container\">\n\t\t\t\t\t\t\t\t\t<p>Los Ojibwa y algunas otras personas de las Primeras Naciones se refieren al mundo como Isla Tortuga. Diferentes personas tienen diferentes formas de contar la historia de c\u00f3mo se cre\u00f3 esta parte del mundo ... algo as\u00ed como los protestantes y los cat\u00f3licos le dieron un giro a sus versiones de las historias b\u00edblicas. Pero esto es lo que me dijeron sobre c\u00f3mo lleg\u00f3 a ser el mundo ...<\/p><p>Si has le\u00eddo algunas de mis otras historias, ya sabr\u00e1s que el universo fue creado por la habilidad de Kitch-Manitou para imaginar todo lo que era posible y luego traerlo a la realidad.<\/p><p>No s\u00e9 a d\u00f3nde fue Kitchi-Manitou despu\u00e9s de que cre\u00f3 el universo y todo lo que contiene. No s\u00e9 cu\u00e1nto tiempo estuvo alejado. Pero me dijeron que despu\u00e9s de un tiempo decidi\u00f3 pasar a ver c\u00f3mo estaban las cosas, por as\u00ed decirlo.<\/p><p>A su regreso mir\u00f3 a su alrededor y vio que la Madre Tierra, <em>Muzzu-Kummik-Quae<\/em> parec\u00eda estar bien. Los animales que vagaban por la tierra, que nadaban en los mares y volaban por el aire se manten\u00edan en equilibrio al igual que los \u00e1rboles, las hierbas y las espinas.<\/p><p>Pero al mirar m\u00e1s de cerca, Manitou se dio cuenta de que algo m\u00e1s era posible. Tuvo otra visi\u00f3n. Se dio cuenta de que hab\u00eda una cosa m\u00e1s que pod\u00eda crear.<\/p><p>Pod\u00eda poner en el mundo una criatura especial que, como \u00e9l, pod\u00eda so\u00f1ar.<\/p><p>Todos los dem\u00e1s animales que Manitou simplemente hab\u00eda &quot;declarado&quot; que exist\u00edan. Pero quer\u00eda que estos nuevos seres pudieran tener visiones, ver nuevas posibilidades para ellos mismos y para los dem\u00e1s, as\u00ed que sab\u00eda que ten\u00eda que transmitir su propia esencia espiritual.<\/p><h2><span class=\"ez-toc-section\" id=\"A-Spirit-is-Simply-a-Possibility\"><\/span>Un esp\u00edritu es simplemente una posibilidad<span class=\"ez-toc-section-end\"><\/span><\/h2><p>Como he estado hablando de Kitchi Manitou como si fuera una persona, es posible que hayas olvidado que lo que personifica es la posibilidad ... la posibilidad de todo en el universo que conocemos y todo lo que no conocemos. Pero hay menos posibilidades. Por ejemplo, existe la posibilidad de que exista el invierno. Para los ojibwa, el invierno est\u00e1 personificado por Keewatin, esp\u00edritu del norte. Y luego, por supuesto, existe la posibilidad de que el ser masculino no sea suficiente para s\u00ed mismo. \u00bfPor qu\u00e9 m\u00e1s la necesidad de mujeres?<\/p><p>Fue este potencial femenino, personificado como el esp\u00edritu Geezhigo-Quae, al que ascendi\u00f3 Kitchi Manitou. Digo ascendido porque Geezhigo-Quae (Mujer Cielo) viv\u00eda en la Luna.<\/p><p>Ahora se\u00f1oritas ... escuchen.<\/p><p>Esto es lo que sucedi\u00f3.<\/p><h2><span class=\"ez-toc-section\" id=\"Even-Manitou-Accepted-a-Womans-Help\"><\/span>Incluso Manitou acept\u00f3 la ayuda de una mujer<span class=\"ez-toc-section-end\"><\/span><\/h2><p>Kitchi Manitou, el mayor de los esp\u00edritus, el ser m\u00e1s poderoso del universo, tuvo que pedir ayuda a una mujer.<\/p><p>Pregunt\u00f3 si ella soportar\u00eda su esencia. Pregunt\u00f3 si ella se unir\u00eda a \u00e9l para crear una imagen de s\u00ed mismo en el mundo. Le pregunt\u00f3 si amar\u00eda y cuidar\u00eda a sus hijos.<\/p><p>Sky Woman estuvo de acuerdo.<\/p><p>Se unieron y Sky Woman qued\u00f3 embarazada de los hijos de Kitchi Manitou.<\/p><p>Y luego el maldito desapareci\u00f3. \u00a1Se fue e hizo lo que sea que hagan los hombres y Manitou despu\u00e9s de dejar embarazadas a sus mujeres!<\/p><p>As\u00ed que Sky Woman fue a la Madre Tierra para hacer los preparativos para el nacimiento ella misma. Dobl\u00f3 \u00e1rboles para construir una caba\u00f1a. Pieles curtidas para taparlo. Carne seca para el invierno.<\/p><p>Pasaron muchos animales para preguntarle qu\u00e9 estaba haciendo. Explic\u00f3 que llevaba a los hijos de Manitou y les estaba preparando un hogar.<\/p><p>Se corri\u00f3 la voz por todo el mundo. La mayor\u00eda de las criaturas estaban felices y emocionadas de que Manitou les hubiera dado el regalo de sus hijos.<\/p><p>Pero no el Water Manitous. \u00a1Estaban locos!<\/p><h2><span class=\"ez-toc-section\" id=\"Jealousy-Raises-its-Ugly-Head\"><\/span>Los celos levantan su cabeza fea<span class=\"ez-toc-section-end\"><\/span><\/h2><p>Ver\u00e1, cada forma de vida que vivi\u00f3 en la Madre Tierra necesitaba agua. El suministro de agua estaba controlado por Water Manitous. Sab\u00edan que Kitchi Manitou era el m\u00e1s poderoso de los esp\u00edritus y que si sus hijos caminaban por la Tierra, sus poderes sobre el agua se ver\u00edan disminuidos.<\/p><p>En realidad, los Water Manitous no solo estaban locos. \u00a1Estaban enfurecidos!<\/p><p>En represalia, usaron sus poderes para causar una gran inundaci\u00f3n que se extendi\u00f3 por todo el mundo.<\/p><p>Cuando las aguas subieron y destruyeron su campamento, la Mujer del Cielo se retir\u00f3 a la Luna. Ella mir\u00f3 hacia abajo consternada. El agua cubr\u00eda la tierra, su hombre se hab\u00eda ido qui\u00e9n sabe d\u00f3nde, y ella, embarazada de sus hijos, se qued\u00f3 sola para manejar el caos.<\/p><p>\u00a1Tienes la idea de que esta es una historia VERDADERA!<\/p><p>Pero como todas las mujeres, Geezhigo-Quae ten\u00eda sus propias ideas. Ella no estaba indefensa. Sab\u00eda que pod\u00eda influir en su propio destino. Ella podr\u00eda tener voz y voto en c\u00f3mo resultaron las cosas. Ella hizo un plan.<\/p><p>Aunque el mundo estaba inundado de agua debajo de ella, Sky Woman pudo ver algunos animales que no estaban bajo el control total de los Esp\u00edritus del Agua. Eso fue porque aunque respiraban aire, \u00a1sab\u00edan nadar!<\/p><p>La primera criatura a la que llam\u00f3 en su ayuda fue la tortuga gigante. Pero tambi\u00e9n le pidi\u00f3 a otras criaturas que la ayudaran. el lomo, el <a href=\"https:\/\/mythslegendes.com\/es\/mitologia-dene\/\">castor<\/a>, incluso la peque\u00f1a rata almizclera estaba entre sus asistentes ese d\u00eda.<\/p><h2><span class=\"ez-toc-section\" id=\"The-Female-Spirit-Prevails\"><\/span>El esp\u00edritu femenino prevalece<span class=\"ez-toc-section-end\"><\/span><\/h2><p>Lo que les dijo fue esto.<\/p><p>\u201cNo tengo todos los poderes de creaci\u00f3n que tiene Kitchi Manitou. Pero soy mujer y tengo un don especial. Tengo el poder de recrear. Puedo recrear el mundo de Manitou, pero no puedo hacerlo solo. Necesito tu ayuda. Necesito que te sumerjas profundo. Necesito que te sumerjas lo suficientemente profundo como para que puedas traerme un pu\u00f1ado de la tierra original hecha por Manitou. El suelo ser\u00e1 la semilla que usar\u00e9 para recrear la Tierra. &quot;<\/p><p>Durante todo el d\u00eda, los animales se turnaron para intentarlo.<\/p><p>La tortuga marina gigante fue primero porque era el m\u00e1s grande. Lo intent\u00f3 y lo intent\u00f3, pero no pudo descender al fondo de las aguas crecientes. Cuando sali\u00f3 a la superficie por \u00faltima vez, invit\u00f3 a Geeshigo-Quae a bajar de la Luna y sentarse sobre su espalda para que pudiera dirigir las operaciones. <\/p><p>Toda la tarde, el somorgujo y el castor se turnaron para bucear, pero no pudieron llegar al fondo de las oscuras profundidades. <\/p><p>Al final del d\u00eda, solo la peque\u00f1a rata almizclera no lo hab\u00eda intentado. No porque no quisiera ayudar, sino porque todos sab\u00edan que las ratas almizcleras realmente no se sumergen profundamente. Las ratas almizcleras viven en pantanos poco profundos o al borde de r\u00edos y lagos. Nunca los ver\u00e1 nadando en las aguas m\u00e1s profundas.<\/p><p>Pero si miras tu propia vida, ver\u00e1s que hay momentos en los que simplemente tienes que renunciar a tu vieja historia sobre lo que puedes o no puedes hacer. A veces en tu vida tienes que salir de los confines de tu historia y convertirte en una persona m\u00e1s capaz.<\/p><p>Ese d\u00eda, hace mucho tiempo, la rata almizclera decidi\u00f3 que sin nadie m\u00e1s disponible para ayudarlo era \u00e9l quien deb\u00eda hacer el trabajo.<\/p><p>Tom\u00f3 un respiro profundo. Luego otro. Y otro.<\/p><p>Luego, en un instante, desapareci\u00f3 bajo la superficie.<\/p><p>Sky Woman y sus amigas esperaban.<\/p><p>Esperaron y esperaron ... pero la rata almizclera no regres\u00f3.<\/p><p>El sol se hundi\u00f3 por debajo del horizonte.<\/p><p>Ellos esperaron.<\/p><p>La luna proyectaba un triste resplandor azul sobre el agua.<\/p><p>Ellos esperaron.<\/p><p>Fue una larga noche.<\/p><h2><span class=\"ez-toc-section\" id=\"The-Dawn-of-a-New-Day\"><\/span>El amanecer de un nuevo d\u00eda<span class=\"ez-toc-section-end\"><\/span><\/h2><p>A medida que el cielo se aclaraba, Geezhigo-Quae examin\u00f3 las olas. Se esforz\u00f3 por ver la rata almizclera.<\/p><p>De repente jade\u00f3. Ella se\u00f1al\u00f3 al otro lado del agua. Algo flotaba en la distancia.<\/p><p>La tortuga nad\u00f3 r\u00e1pidamente hacia ella y cuando se acercaron Sky Woman se dio cuenta de que era la rata almizclera\u2026 pero estaba muerto.<\/p><p>Ella lo sac\u00f3 del agua, triste porque \u00e9l hab\u00eda dado su vida tratando de ayudarla a construir un hogar para sus hijos. Ella lo acun\u00f3 en sus brazos y vio que una de sus patas estaba apretada con fuerza.\u00a0<\/p><p>Suavemente la abri\u00f3.\u00a0<\/p><p>\u00a1Estaba la tierra del mundo de Manitou!<\/p><p>\u00a1La peque\u00f1a rata almizclera lo hizo!\u00a0<\/p><p>Hizo lo que los animales m\u00e1s grandes no pudieron. Hizo lo que ninguna otra rata almizclera hab\u00eda hecho antes.\u00a0<\/p><p>Geezhigo-Quae estaba tan feliz. \u00a1Ahora pod\u00eda crear un hogar para los hijos de Manitou!<\/p><p>Para agradecerle a la rata almizclera, se inclin\u00f3 y le insufl\u00f3 vida. . . por eso todav\u00eda tenemos ratas almizcleras hoy.<\/p><p>Luego tom\u00f3 la tierra y le insufl\u00f3 las caracter\u00edsticas que le permitir\u00edan brindar alimento, abrigo, ense\u00f1anzas e incentivo a los seres que vivir\u00edan en ella.<\/p><p>Esa tierra que frot\u00f3 en el lomo de la tortuga.<\/p><p>Frot\u00f3 la tierra una y otra vez. Mientras lo hac\u00eda, el Muzzu-kummick-quae volvi\u00f3 a tomar forma sobre el agua. Geezhigo-Quae continu\u00f3 movi\u00e9ndose sobre el nuevo suelo. Camin\u00f3 en c\u00edrculos cada vez m\u00e1s amplios. Y la Tierra fue recreada.<\/p><p>Siempre despu\u00e9s de que los Ojibwa llamaran a esta tierra Isla Tortuga.<\/p><p>Entonces Sky Woman dio a luz.<\/p><p>Finalmente, Kitchi Manitou regres\u00f3 y le agradeci\u00f3 a Geezhigo-Quae su fuerza y su compasi\u00f3n.<\/p><p>Decidi\u00f3 que ella deb\u00eda tener un nuevo nombre. . . un nombre que siempre ser\u00eda expresado con honor y respeto. A partir de entonces fue conocida como Nokomis, la Gran Madre, creadora de los Anishinabeg, los Seres Buenos.<\/p><p>Los hijos de Kitchi Manitou y Nokomis tuvieron hijos ... y los hijos tuvieron hijos.<\/p><p>A medida que pasaba el tiempo y la gente se extend\u00eda por la tierra, a veces se llamaban a s\u00ed mismos Ojibwa, a veces Chippewa u Ottawa, Pottawatomi y Mississauga.<\/p>\t\t\t\t\t\t\t\t<\/div>\n\t\t\t\t<\/div>\n\t\t\t\t\t<\/div>\n\t\t<\/div>\n\t\t\t\t\t<\/div>\n\t\t<\/section>\n\t\t\t\t<\/div>","protected":false},"excerpt":{"rendered":"<p>Anishinabe Mythology Wiki El t\u00e9rmino Ojibwe proviene de Outchibou, un nombre dado en el siglo XVII a un grupo que viv\u00eda en \u2026 <\/p>","protected":false},"author":1,"featured_media":0,"parent":3405,"menu_order":0,"comment_status":"closed","ping_status":"closed","template":"","meta":{"footnotes":""},"class_list":["post-15368","page","type-page","status-publish","hentry"],"amp_enabled":true,"_links":{"self":[{"href":"https:\/\/mythslegendes.com\/es\/wp-json\/wp\/v2\/pages\/15368","targetHints":{"allow":["GET"]}}],"collection":[{"href":"https:\/\/mythslegendes.com\/es\/wp-json\/wp\/v2\/pages"}],"about":[{"href":"https:\/\/mythslegendes.com\/es\/wp-json\/wp\/v2\/types\/page"}],"author":[{"embeddable":true,"href":"https:\/\/mythslegendes.com\/es\/wp-json\/wp\/v2\/users\/1"}],"replies":[{"embeddable":true,"href":"https:\/\/mythslegendes.com\/es\/wp-json\/wp\/v2\/comments?post=15368"}],"version-history":[{"count":1,"href":"https:\/\/mythslegendes.com\/es\/wp-json\/wp\/v2\/pages\/15368\/revisions"}],"predecessor-version":[{"id":25305,"href":"https:\/\/mythslegendes.com\/es\/wp-json\/wp\/v2\/pages\/15368\/revisions\/25305"}],"up":[{"embeddable":true,"href":"https:\/\/mythslegendes.com\/es\/wp-json\/wp\/v2\/pages\/3405"}],"wp:attachment":[{"href":"https:\/\/mythslegendes.com\/es\/wp-json\/wp\/v2\/media?parent=15368"}],"curies":[{"name":"wp","href":"https:\/\/api.w.org\/{rel}","templated":true}]}}