{"id":15383,"date":"2021-11-17T11:09:16","date_gmt":"2021-11-17T11:09:16","guid":{"rendered":"https:\/\/mythslegendes.com\/?page_id=15383"},"modified":"2022-12-03T22:12:15","modified_gmt":"2022-12-03T22:12:15","slug":"conte-ojibwe-dream-fast-14","status":"publish","type":"page","link":"https:\/\/mythslegendes.com\/es\/mitologia-anichinabianos\/cuento-ojibwe-suena-rapido-14\/","title":{"rendered":"Historia ojibwe: Sue\u00f1a r\u00e1pido"},"content":{"rendered":"<div data-elementor-type=\"wp-page\" data-elementor-id=\"15383\" class=\"elementor elementor-15383\">\n\t\t\t\t\t\t<section class=\"elementor-section elementor-top-section elementor-element elementor-element-3e3985c elementor-section-boxed elementor-section-height-default elementor-section-height-default\" data-id=\"3e3985c\" data-element_type=\"section\" data-e-type=\"section\">\n\t\t\t\t\t\t<div class=\"elementor-container elementor-column-gap-default\">\n\t\t\t\t\t<div class=\"elementor-column elementor-col-50 elementor-top-column elementor-element elementor-element-654d4a2\" data-id=\"654d4a2\" data-element_type=\"column\" data-e-type=\"column\">\n\t\t\t<div class=\"elementor-widget-wrap elementor-element-populated\">\n\t\t\t\t\t\t<div class=\"elementor-element elementor-element-eec8fec elementor-align-justify elementor-widget elementor-widget-button\" data-id=\"eec8fec\" data-element_type=\"widget\" data-e-type=\"widget\" data-widget_type=\"button.default\">\n\t\t\t\t<div class=\"elementor-widget-container\">\n\t\t\t\t\t\t\t\t\t<div class=\"elementor-button-wrapper\">\n\t\t\t\t\t<a class=\"elementor-button elementor-button-link elementor-size-sm\" href=\"https:\/\/mythslegendes.com\/es\/mitologia-anichinabianos\/\">\n\t\t\t\t\t\t<span class=\"elementor-button-content-wrapper\">\n\t\t\t\t\t\t\t\t\t<span class=\"elementor-button-text\">Mitolog\u00eda anichinabe<\/span>\n\t\t\t\t\t<\/span>\n\t\t\t\t\t<\/a>\n\t\t\t\t<\/div>\n\t\t\t\t\t\t\t\t<\/div>\n\t\t\t\t<\/div>\n\t\t\t\t\t<\/div>\n\t\t<\/div>\n\t\t\t\t<div class=\"elementor-column elementor-col-50 elementor-top-column elementor-element elementor-element-2ea25f4\" data-id=\"2ea25f4\" data-element_type=\"column\" data-e-type=\"column\">\n\t\t\t<div class=\"elementor-widget-wrap elementor-element-populated\">\n\t\t\t\t\t\t<div class=\"elementor-element elementor-element-603f065 elementor-align-justify elementor-widget elementor-widget-button\" data-id=\"603f065\" data-element_type=\"widget\" data-e-type=\"widget\" data-widget_type=\"button.default\">\n\t\t\t\t<div class=\"elementor-widget-container\">\n\t\t\t\t\t\t\t\t\t<div class=\"elementor-button-wrapper\">\n\t\t\t\t\t<a class=\"elementor-button elementor-button-link elementor-size-sm\" href=\"https:\/\/www.thecanadianencyclopedia.ca\/fr\/article\/ojibwes\" target=\"_blank\" rel=\"noopener\">\n\t\t\t\t\t\t<span class=\"elementor-button-content-wrapper\">\n\t\t\t\t\t\t\t\t\t<span class=\"elementor-button-text\">Wiki<\/span>\n\t\t\t\t\t<\/span>\n\t\t\t\t\t<\/a>\n\t\t\t\t<\/div>\n\t\t\t\t\t\t\t\t<\/div>\n\t\t\t\t<\/div>\n\t\t\t\t\t<\/div>\n\t\t<\/div>\n\t\t\t\t\t<\/div>\n\t\t<\/section>\n\t\t\t\t<section class=\"elementor-section elementor-top-section elementor-element elementor-element-d004676 elementor-section-boxed elementor-section-height-default elementor-section-height-default\" data-id=\"d004676\" data-element_type=\"section\" data-e-type=\"section\">\n\t\t\t\t\t\t<div class=\"elementor-container elementor-column-gap-default\">\n\t\t\t\t\t<div class=\"elementor-column elementor-col-100 elementor-top-column elementor-element elementor-element-a960d8e\" data-id=\"a960d8e\" data-element_type=\"column\" data-e-type=\"column\">\n\t\t\t<div class=\"elementor-widget-wrap elementor-element-populated\">\n\t\t\t\t\t\t<div class=\"elementor-element elementor-element-0ec1b6c elementor-widget elementor-widget-text-editor\" data-id=\"0ec1b6c\" data-element_type=\"widget\" data-e-type=\"widget\" data-widget_type=\"text-editor.default\">\n\t\t\t\t<div class=\"elementor-widget-container\">\n\t\t\t\t\t\t\t\t\t<p>El t\u00e9rmino Ojibwe proviene de <em>Utchibou<\/em>, nombre dado al XVII<sup>mi<\/sup> siglo a un grupo que viv\u00eda al norte de lo que hoy es Sault Ste. Marie, Ontario. Aqu\u00ed est\u00e1 uno de sus cuentos: The Dream Fast (en ingl\u00e9s).<\/p><p>los <a href=\"https:\/\/mythslegendes.com\/es\/mitologia-anichinabianos\/\">Ojibway<\/a> formaban parte de una serie de grupos muy cercanos, pero distintos, que ocupaban un territorio ubicado entre el noreste de la bah\u00eda <a href=\"https:\/\/mythslegendes.com\/es\/mitologia-georgiana\/\">georgiano<\/a> y el este del Lago Superior. Estos pueblos que se reunieron cerca de la actual Sault Ste. Mar\u00eda tambi\u00e9n se llaman <a href=\"https:\/\/mythslegendes.com\/es\/mitologia-anichinabianos\/\">Saulteaux<\/a>, un t\u00e9rmino que hoy se refiere principalmente a los pueblos Ojibway del noroeste de Ontario y el sureste de Manitoba.<\/p><p><img decoding=\"async\" class=\"alignnone wp-image-9347 size-full\" src=\"https:\/\/mythslegendes.com\/wp-content\/uploads\/2020\/09\/cropped-AlphaOmega-e1602613368367.png\" alt=\"Ojibwe El sue\u00f1o r\u00e1pido\" width=\"25\" height=\"25\" title=\"\"><\/p>\t\t\t\t\t\t\t\t<\/div>\n\t\t\t\t<\/div>\n\t\t\t\t\t<\/div>\n\t\t<\/div>\n\t\t\t\t\t<\/div>\n\t\t<\/section>\n\t\t\t\t<section class=\"elementor-section elementor-top-section elementor-element elementor-element-d5c0657 elementor-section-boxed elementor-section-height-default elementor-section-height-default\" data-id=\"d5c0657\" data-element_type=\"section\" data-e-type=\"section\">\n\t\t\t\t\t\t<div class=\"elementor-container elementor-column-gap-default\">\n\t\t\t\t\t<div class=\"elementor-column elementor-col-100 elementor-top-column elementor-element elementor-element-af62f37\" data-id=\"af62f37\" data-element_type=\"column\" data-e-type=\"column\">\n\t\t\t<div class=\"elementor-widget-wrap elementor-element-populated\">\n\t\t\t\t\t\t<div class=\"elementor-element elementor-element-3b0c1b2 elementor-widget elementor-widget-heading\" data-id=\"3b0c1b2\" data-element_type=\"widget\" data-e-type=\"widget\" data-widget_type=\"heading.default\">\n\t\t\t\t<div class=\"elementor-widget-container\">\n\t\t\t\t\t<div id=\"ez-toc-container\" class=\"ez-toc-v2_0_82_2 counter-hierarchy ez-toc-counter ez-toc-grey ez-toc-container-direction\">\n<div class=\"ez-toc-title-container\">\n<p class=\"ez-toc-title\" style=\"cursor:inherit\">Contenido<\/p>\n<span class=\"ez-toc-title-toggle\"><a href=\"#\" class=\"ez-toc-pull-right ez-toc-btn ez-toc-btn-xs ez-toc-btn-default ez-toc-toggle\" aria-label=\"Alternar tabla de contenidos\"><span class=\"ez-toc-js-icon-con\"><span class=\"\"><span class=\"eztoc-hide\" style=\"display:none;\">Palanca<\/span><span class=\"ez-toc-icon-toggle-span\"><svg style=\"fill: #999;color:#999\" xmlns=\"http:\/\/www.w3.org\/2000\/svg\" class=\"list-377408\" width=\"20px\" height=\"20px\" viewbox=\"0 0 24 24\" fill=\"none\"><path d=\"M6 6H4v2h2V6zm14 0H8v2h12V6zM4 11h2v2H4v-2zm16 0H8v2h12v-2zM4 16h2v2H4v-2zm16 0H8v2h12v-2z\" fill=\"currentColor\"><\/path><\/svg><svg style=\"fill: #999;color:#999\" class=\"arrow-unsorted-368013\" xmlns=\"http:\/\/www.w3.org\/2000\/svg\" width=\"10px\" height=\"10px\" viewbox=\"0 0 24 24\" version=\"1.2\" baseprofile=\"tiny\"><path d=\"M18.2 9.3l-6.2-6.3-6.2 6.3c-.2.2-.3.4-.3.7s.1.5.3.7c.2.2.4.3.7.3h11c.3 0 .5-.1.7-.3.2-.2.3-.5.3-.7s-.1-.5-.3-.7zM5.8 14.7l6.2 6.3 6.2-6.3c.2-.2.3-.5.3-.7s-.1-.5-.3-.7c-.2-.2-.4-.3-.7-.3h-11c-.3 0-.5.1-.7.3-.2.2-.3.5-.3.7s.1.5.3.7z\"\/><\/svg><\/span><\/span><\/span><\/a><\/span><\/div>\n<nav><ul class='ez-toc-list ez-toc-list-level-1' ><li class='ez-toc-page-1 ez-toc-heading-level-2'><a class=\"ez-toc-link ez-toc-heading-1\" href=\"https:\/\/mythslegendes.com\/es\/mitologia-anichinabianos\/cuento-ojibwe-suena-rapido-14\/#The-Dream-Fast\" >El sue\u00f1o r\u00e1pido<\/a><\/li><\/ul><\/nav><\/div>\n<h2 class=\"elementor-heading-title elementor-size-default\"><span class=\"ez-toc-section\" id=\"The-Dream-Fast\"><\/span>El sue\u00f1o r\u00e1pido<span class=\"ez-toc-section-end\"><\/span><\/h2>\t\t\t\t<\/div>\n\t\t\t\t<\/div>\n\t\t\t\t\t<\/div>\n\t\t<\/div>\n\t\t\t\t\t<\/div>\n\t\t<\/section>\n\t\t\t\t<section class=\"elementor-section elementor-top-section elementor-element elementor-element-4af2ec2 elementor-section-boxed elementor-section-height-default elementor-section-height-default\" data-id=\"4af2ec2\" data-element_type=\"section\" data-e-type=\"section\">\n\t\t\t\t\t\t<div class=\"elementor-container elementor-column-gap-default\">\n\t\t\t\t\t<div class=\"elementor-column elementor-col-100 elementor-top-column elementor-element elementor-element-f57a870\" data-id=\"f57a870\" data-element_type=\"column\" data-e-type=\"column\">\n\t\t\t<div class=\"elementor-widget-wrap elementor-element-populated\">\n\t\t\t\t\t\t<div class=\"elementor-element elementor-element-c0c7478 elementor-widget elementor-widget-text-editor\" data-id=\"c0c7478\" data-element_type=\"widget\" data-e-type=\"widget\" data-widget_type=\"text-editor.default\">\n\t\t\t\t<div class=\"elementor-widget-container\">\n\t\t\t\t\t\t\t\t\t<p>Antiguamente, como todav\u00eda hoy, era costumbre que un ni\u00f1o, al llegar a cierta edad, se adentrara en el bosque a esperar un sue\u00f1o. Constru\u00eda una peque\u00f1a caba\u00f1a y pasaba muchos d\u00edas sin comer con la esperanza de ser visitado por alg\u00fan animal o esp\u00edritu del bosque que se apiadara de \u00e9l y le diera gu\u00eda y poder.<\/p><p>Hubo un ni\u00f1o llamado Opichi que lleg\u00f3 a esa edad. El padre de Opichi era muy respetado en la aldea y estaba decidido a que a su hijo se le diera un sue\u00f1o de tal poder que nadie m\u00e1s pudiera compararse con \u00e9l. El padre estaba tan ansioso de que su hijo obtuviera energ\u00eda que insisti\u00f3 en que el ni\u00f1o siguiera su sue\u00f1o r\u00e1pidamente antes de que la \u00faltima nieve abandonara el suelo, a pesar de que la mayor\u00eda de los ni\u00f1os esperar\u00edan hasta el momento en que el suelo estuviera c\u00e1lido y las hojas volvieran a los \u00e1rboles. .<\/p><p>\u201cMi hijo es fuerte\u201d, dijo el padre. \u201c\u00c9l se ir\u00e1 ahora. Obtendr\u00e1 mayor fuerza con el fr\u00edo. \u00bb<\/p><p>Opichi era un ni\u00f1o que siempre dese\u00f3 complacer a sus padres y por eso hizo lo que su padre le dec\u00eda. Fueron juntos al bosque y el padre eligi\u00f3 un lugar en la cima de una peque\u00f1a colina. All\u00ed Opichi hizo un peque\u00f1o cobertizo con \u00e1rboles j\u00f3venes y lo cubri\u00f3 con ramas de cicuta. Se sent\u00f3 debajo, en el suelo desnudo, con un fino trozo de piel de venado sobre los hombros.<\/p><p>\u201cRegresar\u00e9 todos los d\u00edas al amanecer\u201d, dijo el padre. \u201cEntonces me dir\u00e1s lo que has visto. \u00bb<\/p><p>Aquella noche el viento del norte, el g\u00e9lido aliento de la Osa Mayor, sopl\u00f3 fr\u00edo. La madre de Opichi estaba preocupada, pero el padre no. \u201cMi hijo es fuerte\u201d, dijo. \u201cEste viento fr\u00edo mejorar\u00e1 su visi\u00f3n. \u00bb<\/p><p>Cuando lleg\u00f3 la ma\u00f1ana, fue al cobertizo y sacudi\u00f3 los postes. \u201cHijo m\u00edo\u201d, dijo, \u201cdime lo que has visto\u201d. \u00bb<\/p><p>Opichi sali\u00f3 gateando y mir\u00f3 a su padre. \u201cPadre\u201d, dijo el ni\u00f1o, \u201cun ciervo vino al albergue y me habl\u00f3. \u00bb<\/p><p>&quot;Eso es bueno. \u00bb dijo el padre. \u201cPero debes seguir ayunando. Seguramente te llegar\u00e1 una visi\u00f3n m\u00e1s grande. \u00bb<\/p><p>&quot;Seguir\u00e9 observando y esperando&quot;, dijo Opichi.<\/p><p>El padre de Opichi dej\u00f3 a su hijo y regres\u00f3 a su albergue. Esa noche cay\u00f3 una ligera nevada. &quot;Estoy preocupada por nuestro hijo&quot;, dijo la madre de Opichi.<\/p><p>\u201cNo te preocupes\u201d, dijo el padre. \u201cLa nieve s\u00f3lo har\u00e1 que cualquier sue\u00f1o que se le ocurra sea m\u00e1s poderoso. \u00bb<\/p><p>Cuando lleg\u00f3 la ma\u00f1ana, el padre volvi\u00f3 al bosque, subi\u00f3 a la colina y sacudi\u00f3 los postes, llamando a su hijo.<\/p><p>&quot;Padre&quot;, dijo Opichi mientras sal\u00eda, temblando de fr\u00edo, &quot;anoche un <a href=\"https:\/\/mythslegendes.com\/es\/mitologia-dene\/\">castor<\/a> vino a mi. Me ense\u00f1\u00f3 una canci\u00f3n. \u00bb<\/p><p>\u201cEso es bueno\u201d, dijo el padre. &quot;Lo est\u00e1s haciendo bien. Obtendr\u00e1s a\u00fan m\u00e1s poder si te quedas m\u00e1s tiempo. \u00bb<\/p><p>\u201cObservar\u00e9 y esperar\u00e9\u201d, dijo el ni\u00f1o.<\/p><p>As\u00ed dur\u00f3 cuatro d\u00edas m\u00e1s. Cada ma\u00f1ana su padre le preguntaba a Opichi qu\u00e9 hab\u00eda visto. Cada vez el ni\u00f1o contaba sus experiencias de la noche anterior. Ahora el halc\u00f3n y el lobo, el oso y el \u00e1guila hab\u00edan visitado al ni\u00f1o. Cada d\u00eda Opichi parec\u00eda m\u00e1s delgado y d\u00e9bil, pero acept\u00f3 quedarse y esperar una visi\u00f3n cada vez mayor para complacer a su padre.<\/p><p>Por fin, en la ma\u00f1ana del s\u00e9ptimo d\u00eda, la madre de Opichi habl\u00f3 con su marido. \u201cNuestro hijo ya ha esperado bastante en el bosque. Ir\u00e9 contigo esta ma\u00f1ana y lo llevaremos a casa. \u00bb<\/p><p>La madre y el padre de Opichi fueron juntos al bosque. El suave aliento del cervatillo, el c\u00e1lido viento del sur de la primavera, hab\u00eda soplado durante la noche y toda la nieve se hab\u00eda derretido. Mientras sub\u00edan la colina, escucharon el canto de un p\u00e1jaro que ven\u00eda desde arriba de ellos. Era una canci\u00f3n que nunca antes hab\u00edan escuchado. Sonaba casi como el nombre de su hijo. Opi chi chi. Opi chi chi.<\/p><p>Cuando llegaron al albergue, el padre de Opichi sacudi\u00f3 los postes. \u201cHijo m\u00edo\u201d, dijo, \u201ces hora de terminar tu ayuno. Es hora de volver a casa. \u00bb<\/p><p>No hubo respuesta. La madre y el padre de Opichi se inclinaron para mirar el peque\u00f1o cobertizo lleno de ramas y reto\u00f1os de cicuta. Mientras lo hac\u00edan, un p\u00e1jaro sali\u00f3 volando. Era gris y negro con el pecho rojo. Opi chi chi. Opi chi chi.<\/p><p>As\u00ed cant\u00f3 mientras se posaba en una rama sobre ellos. Entonces habl\u00f3.<\/p><p>\u201cMis padres\u201d, dijo el p\u00e1jaro, \u201cme ven como soy ahora. El que era tu hijo se ha ido. Lo enviaste demasiado pronto y le pediste que esperara demasiado tiempo para tener energ\u00eda. Ahora volver\u00e9 cada primavera cuando el suave aliento del Cervatillo llegue a nuestra tierra. Mi canci\u00f3n le har\u00e1 saber a la gente que es el momento de que un ni\u00f1o cumpla r\u00e1pidamente su sue\u00f1o. Pero tus palabras deben ayudar a recordar a sus padres que no deben obligar a su hijo a quedarse fuera demasiado tiempo. \u00bb<\/p><p>Luego, cantando la canci\u00f3n que llevaba el nombre de su hijo, el petirrojo se fue volando hacia el bosque.<\/p>\t\t\t\t\t\t\t\t<\/div>\n\t\t\t\t<\/div>\n\t\t\t\t\t<\/div>\n\t\t<\/div>\n\t\t\t\t\t<\/div>\n\t\t<\/section>\n\t\t\t\t<\/div>","protected":false},"excerpt":{"rendered":"<p>Anishinabe Mythology Wiki El t\u00e9rmino Ojibwe proviene de Outchibou, un nombre dado en el siglo XVII a un grupo que viv\u00eda en \u2026 <\/p>","protected":false},"author":1,"featured_media":0,"parent":3405,"menu_order":0,"comment_status":"closed","ping_status":"closed","template":"","meta":{"footnotes":""},"class_list":["post-15383","page","type-page","status-publish","hentry"],"amp_enabled":true,"_links":{"self":[{"href":"https:\/\/mythslegendes.com\/es\/wp-json\/wp\/v2\/pages\/15383","targetHints":{"allow":["GET"]}}],"collection":[{"href":"https:\/\/mythslegendes.com\/es\/wp-json\/wp\/v2\/pages"}],"about":[{"href":"https:\/\/mythslegendes.com\/es\/wp-json\/wp\/v2\/types\/page"}],"author":[{"embeddable":true,"href":"https:\/\/mythslegendes.com\/es\/wp-json\/wp\/v2\/users\/1"}],"replies":[{"embeddable":true,"href":"https:\/\/mythslegendes.com\/es\/wp-json\/wp\/v2\/comments?post=15383"}],"version-history":[{"count":1,"href":"https:\/\/mythslegendes.com\/es\/wp-json\/wp\/v2\/pages\/15383\/revisions"}],"predecessor-version":[{"id":25307,"href":"https:\/\/mythslegendes.com\/es\/wp-json\/wp\/v2\/pages\/15383\/revisions\/25307"}],"up":[{"embeddable":true,"href":"https:\/\/mythslegendes.com\/es\/wp-json\/wp\/v2\/pages\/3405"}],"wp:attachment":[{"href":"https:\/\/mythslegendes.com\/es\/wp-json\/wp\/v2\/media?parent=15383"}],"curies":[{"name":"wp","href":"https:\/\/api.w.org\/{rel}","templated":true}]}}