{"id":15391,"date":"2021-11-17T11:24:09","date_gmt":"2021-11-17T11:24:09","guid":{"rendered":"https:\/\/mythslegendes.com\/?page_id=15391"},"modified":"2022-12-03T22:12:15","modified_gmt":"2022-12-03T22:12:15","slug":"ojibwe-to-marry-stars-354","status":"publish","type":"page","link":"https:\/\/mythslegendes.com\/es\/mitologia-anichinabianos\/ojibwe-to-casarse-estrellas-354\/","title":{"rendered":"Tale Ojibw\u00e9: Casarse con estrellas"},"content":{"rendered":"<div data-elementor-type=\"wp-page\" data-elementor-id=\"15391\" class=\"elementor elementor-15391\">\n\t\t\t\t\t\t<section class=\"elementor-section elementor-top-section elementor-element elementor-element-7e11b8c elementor-section-boxed elementor-section-height-default elementor-section-height-default\" data-id=\"7e11b8c\" data-element_type=\"section\" data-e-type=\"section\">\n\t\t\t\t\t\t<div class=\"elementor-container elementor-column-gap-default\">\n\t\t\t\t\t<div class=\"elementor-column elementor-col-50 elementor-top-column elementor-element elementor-element-205f46f\" data-id=\"205f46f\" data-element_type=\"column\" data-e-type=\"column\">\n\t\t\t<div class=\"elementor-widget-wrap elementor-element-populated\">\n\t\t\t\t\t\t<div class=\"elementor-element elementor-element-5869749 elementor-align-justify elementor-widget elementor-widget-button\" data-id=\"5869749\" data-element_type=\"widget\" data-e-type=\"widget\" data-widget_type=\"button.default\">\n\t\t\t\t<div class=\"elementor-widget-container\">\n\t\t\t\t\t\t\t\t\t<div class=\"elementor-button-wrapper\">\n\t\t\t\t\t<a class=\"elementor-button elementor-button-link elementor-size-sm\" href=\"https:\/\/mythslegendes.com\/es\/mitologia-anichinabianos\/\">\n\t\t\t\t\t\t<span class=\"elementor-button-content-wrapper\">\n\t\t\t\t\t\t\t\t\t<span class=\"elementor-button-text\">Mitolog\u00eda anichinabe<\/span>\n\t\t\t\t\t<\/span>\n\t\t\t\t\t<\/a>\n\t\t\t\t<\/div>\n\t\t\t\t\t\t\t\t<\/div>\n\t\t\t\t<\/div>\n\t\t\t\t\t<\/div>\n\t\t<\/div>\n\t\t\t\t<div class=\"elementor-column elementor-col-50 elementor-top-column elementor-element elementor-element-fbde00c\" data-id=\"fbde00c\" data-element_type=\"column\" data-e-type=\"column\">\n\t\t\t<div class=\"elementor-widget-wrap elementor-element-populated\">\n\t\t\t\t\t\t<div class=\"elementor-element elementor-element-f347045 elementor-align-justify elementor-widget elementor-widget-button\" data-id=\"f347045\" data-element_type=\"widget\" data-e-type=\"widget\" data-widget_type=\"button.default\">\n\t\t\t\t<div class=\"elementor-widget-container\">\n\t\t\t\t\t\t\t\t\t<div class=\"elementor-button-wrapper\">\n\t\t\t\t\t<a class=\"elementor-button elementor-button-link elementor-size-sm\" href=\"https:\/\/www.thecanadianencyclopedia.ca\/fr\/article\/ojibwes\" target=\"_blank\" rel=\"noopener\">\n\t\t\t\t\t\t<span class=\"elementor-button-content-wrapper\">\n\t\t\t\t\t\t\t\t\t<span class=\"elementor-button-text\">Wiki<\/span>\n\t\t\t\t\t<\/span>\n\t\t\t\t\t<\/a>\n\t\t\t\t<\/div>\n\t\t\t\t\t\t\t\t<\/div>\n\t\t\t\t<\/div>\n\t\t\t\t\t<\/div>\n\t\t<\/div>\n\t\t\t\t\t<\/div>\n\t\t<\/section>\n\t\t\t\t<section class=\"elementor-section elementor-top-section elementor-element elementor-element-ea2810c elementor-section-boxed elementor-section-height-default elementor-section-height-default\" data-id=\"ea2810c\" data-element_type=\"section\" data-e-type=\"section\">\n\t\t\t\t\t\t<div class=\"elementor-container elementor-column-gap-default\">\n\t\t\t\t\t<div class=\"elementor-column elementor-col-100 elementor-top-column elementor-element elementor-element-c6b79aa\" data-id=\"c6b79aa\" data-element_type=\"column\" data-e-type=\"column\">\n\t\t\t<div class=\"elementor-widget-wrap elementor-element-populated\">\n\t\t\t\t\t\t<div class=\"elementor-element elementor-element-fe1e754 elementor-widget elementor-widget-text-editor\" data-id=\"fe1e754\" data-element_type=\"widget\" data-e-type=\"widget\" data-widget_type=\"text-editor.default\">\n\t\t\t\t<div class=\"elementor-widget-container\">\n\t\t\t\t\t\t\t\t\t<p>El t\u00e9rmino Ojibwe proviene de <em>Utchibou<\/em>, nombre dado al XVII<sup>mi<\/sup> siglo a un grupo que viv\u00eda al norte de lo que ahora es Sault Ste. Marie, Ontario. Aqu\u00ed hay uno de su relato: Las chicas que deseaban casarse con estrellas.<\/p><p>los <a href=\"https:\/\/mythslegendes.com\/es\/mitologia-anichinabianos\/\">Ojibway<\/a> formaban parte de una serie de grupos muy cercanos, pero distintos, que ocupaban un territorio ubicado entre el noreste de la bah\u00eda <a href=\"https:\/\/mythslegendes.com\/es\/mitologia-georgiana\/\">georgiano<\/a> y el este del Lago Superior. Estos pueblos que se reunieron cerca de la actual Sault Ste. Mar\u00eda tambi\u00e9n se llaman <a href=\"https:\/\/mythslegendes.com\/es\/mitologia-anichinabianos\/\">Saulteaux<\/a>, un t\u00e9rmino que hoy se refiere principalmente a los pueblos Ojibway del noroeste de Ontario y el sureste de Manitoba.<\/p><p><img decoding=\"async\" class=\"alignnone wp-image-9347 size-full\" src=\"https:\/\/mythslegendes.com\/wp-content\/uploads\/2020\/09\/cropped-AlphaOmega-e1602613368367.png\" alt=\"Ojibw\u00e9 Las chicas que deseaban casarse con estrellas\" width=\"25\" height=\"25\" title=\"\"><\/p>\t\t\t\t\t\t\t\t<\/div>\n\t\t\t\t<\/div>\n\t\t\t\t\t<\/div>\n\t\t<\/div>\n\t\t\t\t\t<\/div>\n\t\t<\/section>\n\t\t\t\t<section class=\"elementor-section elementor-top-section elementor-element elementor-element-efff794 elementor-section-boxed elementor-section-height-default elementor-section-height-default\" data-id=\"efff794\" data-element_type=\"section\" data-e-type=\"section\">\n\t\t\t\t\t\t<div class=\"elementor-container elementor-column-gap-default\">\n\t\t\t\t\t<div class=\"elementor-column elementor-col-100 elementor-top-column elementor-element elementor-element-543278e\" data-id=\"543278e\" data-element_type=\"column\" data-e-type=\"column\">\n\t\t\t<div class=\"elementor-widget-wrap elementor-element-populated\">\n\t\t\t\t\t\t<div class=\"elementor-element elementor-element-07d8031 elementor-widget elementor-widget-heading\" data-id=\"07d8031\" data-element_type=\"widget\" data-e-type=\"widget\" data-widget_type=\"heading.default\">\n\t\t\t\t<div class=\"elementor-widget-container\">\n\t\t\t\t\t<div id=\"ez-toc-container\" class=\"ez-toc-v2_0_82_2 counter-hierarchy ez-toc-counter ez-toc-grey ez-toc-container-direction\">\n<div class=\"ez-toc-title-container\">\n<p class=\"ez-toc-title\" style=\"cursor:inherit\">Contenido<\/p>\n<span class=\"ez-toc-title-toggle\"><a href=\"#\" class=\"ez-toc-pull-right ez-toc-btn ez-toc-btn-xs ez-toc-btn-default ez-toc-toggle\" aria-label=\"Alternar tabla de contenidos\"><span class=\"ez-toc-js-icon-con\"><span class=\"\"><span class=\"eztoc-hide\" style=\"display:none;\">Palanca<\/span><span class=\"ez-toc-icon-toggle-span\"><svg style=\"fill: #999;color:#999\" xmlns=\"http:\/\/www.w3.org\/2000\/svg\" class=\"list-377408\" width=\"20px\" height=\"20px\" viewbox=\"0 0 24 24\" fill=\"none\"><path d=\"M6 6H4v2h2V6zm14 0H8v2h12V6zM4 11h2v2H4v-2zm16 0H8v2h12v-2zM4 16h2v2H4v-2zm16 0H8v2h12v-2z\" fill=\"currentColor\"><\/path><\/svg><svg style=\"fill: #999;color:#999\" class=\"arrow-unsorted-368013\" xmlns=\"http:\/\/www.w3.org\/2000\/svg\" width=\"10px\" height=\"10px\" viewbox=\"0 0 24 24\" version=\"1.2\" baseprofile=\"tiny\"><path d=\"M18.2 9.3l-6.2-6.3-6.2 6.3c-.2.2-.3.4-.3.7s.1.5.3.7c.2.2.4.3.7.3h11c.3 0 .5-.1.7-.3.2-.2.3-.5.3-.7s-.1-.5-.3-.7zM5.8 14.7l6.2 6.3 6.2-6.3c.2-.2.3-.5.3-.7s-.1-.5-.3-.7c-.2-.2-.4-.3-.7-.3h-11c-.3 0-.5.1-.7.3-.2.2-.3.5-.3.7s.1.5.3.7z\"\/><\/svg><\/span><\/span><\/span><\/a><\/span><\/div>\n<nav><ul class='ez-toc-list ez-toc-list-level-1' ><li class='ez-toc-page-1 ez-toc-heading-level-2'><a class=\"ez-toc-link ez-toc-heading-1\" href=\"https:\/\/mythslegendes.com\/es\/mitologia-anichinabianos\/ojibwe-to-casarse-estrellas-354\/#The-girls-who-wished-to-marry-stars\" >Las chicas que deseaban casarse con estrellas.<\/a><\/li><\/ul><\/nav><\/div>\n<h2 class=\"elementor-heading-title elementor-size-default\"><span class=\"ez-toc-section\" id=\"The-girls-who-wished-to-marry-stars\"><\/span>Las chicas que deseaban casarse con estrellas.<span class=\"ez-toc-section-end\"><\/span><\/h2>\t\t\t\t<\/div>\n\t\t\t\t<\/div>\n\t\t\t\t\t<\/div>\n\t\t<\/div>\n\t\t\t\t\t<\/div>\n\t\t<\/section>\n\t\t\t\t<section class=\"elementor-section elementor-top-section elementor-element elementor-element-4bf06e5 elementor-section-boxed elementor-section-height-default elementor-section-height-default\" data-id=\"4bf06e5\" data-element_type=\"section\" data-e-type=\"section\">\n\t\t\t\t\t\t<div class=\"elementor-container elementor-column-gap-default\">\n\t\t\t\t\t<div class=\"elementor-column elementor-col-100 elementor-top-column elementor-element elementor-element-b576715\" data-id=\"b576715\" data-element_type=\"column\" data-e-type=\"column\">\n\t\t\t<div class=\"elementor-widget-wrap elementor-element-populated\">\n\t\t\t\t\t\t<div class=\"elementor-element elementor-element-5f59546 elementor-widget elementor-widget-text-editor\" data-id=\"5f59546\" data-element_type=\"widget\" data-e-type=\"widget\" data-widget_type=\"text-editor.default\">\n\t\t\t\t<div class=\"elementor-widget-container\">\n\t\t\t\t\t\t\t\t\t<p>Esta versi\u00f3n de la leyenda proviene de la colecci\u00f3n de 1929 de Stith Thompson, Tales of the North American Indian.<\/p><p>\u00a0<\/p><p>En el momento de que habla mi historia, la gente estaba acampando al igual que nosotros aqu\u00ed. En invierno utilizaban wigwams de corteza de abedul. Entonces todos los animales pudieron. hablar juntos. Dos ni\u00f1as, que eran muy tontas, hablaban tontamente y no se parec\u00edan en nada a las otras ni\u00f1as de su tribu, hicieron su cama al aire libre y durmieron bajo las estrellas. El mero hecho de que durmieran afuera durante el invierno demuestra lo tontos que fueron.<\/p><p>Una de estas ni\u00f1as le pregunt\u00f3 a la otra: \u201c\u00bfCon qu\u00e9 estrella te gustar\u00eda dormir, la blanca o la roja? &quot;La otra chica respondi\u00f3,&quot; Me gustar\u00eda dormir con la estrella roja. \u201cOh, est\u00e1 bien\u201d, dijo el primero, \u201cme gustar\u00eda dormir con la estrella blanca. \u00c9l es el m\u00e1s joven; el rojo es el m\u00e1s antiguo. \u00bbEntonces las dos ni\u00f1as se quedaron dormidas. Cuando despertaron, se encontraron en otro mundo, el mundo de las estrellas.<\/p><p>Hab\u00eda cuatro de ellos all\u00ed, las dos chicas y las dos estrellas que se hab\u00edan convertido en hombres. La estrella blanca era muy, muy vieja y ten\u00eda la cabeza gris, mientras que la m\u00e1s joven era pelirroja. \u00c9l era la estrella roja. Las chicas se quedaron mucho tiempo en este mundo de estrellas, y el que hab\u00eda elegido la estrella blanca estaba muy apenado, porque era muy mayor.<\/p><p>Hab\u00eda una anciana en este mundo que estaba sentada sobre un agujero en el cielo y, cada vez que se mov\u00eda, les mostraba el agujero y les dec\u00eda: &quot;De ah\u00ed es de donde vienes. Miraron hacia abajo y vieron a su gente jugando abajo, y luego las chicas empezaron a sentir mucha pena y nostalgia. Una noche, cerca de la puesta del sol, la anciana se apart\u00f3 un poco del agujero.<\/p><p>La ni\u00f1a m\u00e1s joven escuch\u00f3 el ruido del mitewin abajo. Cuando era casi de d\u00eda, la anciana se sent\u00f3 de nuevo sobre el agujero y el ruido de mitewin ces\u00f3; fue su esp\u00edritu el que hizo el ruido. Ella era la guardiana del Mitewin.<\/p><p>Una ma\u00f1ana la anciana les dijo a las ni\u00f1as: &quot;Si quieren bajar de donde vinieron, las decepcionaremos, pero pongan manos a la obra y junten ra\u00edces para hacer una cuerda trenzada, retorcida&quot;. Ustedes dos hacen rollos de cuerda tan altos como sus cabezas cuando est\u00e1n sentados. Dos bobinas ser\u00e1n suficientes. Las chicas trabajaron durante d\u00edas hasta que lograron esto.<\/p><p>Hicieron mucha cuerda y la ataron a una gran canasta. Luego se metieron en la canasta y la gente del mundo estelar los baj\u00f3. Descendieron directamente al nido de un \u00e1guila, pero la gente de arriba pens\u00f3 que las ni\u00f1as estaban en el suelo y dejaron de bajarlas. Se vieron obligados a permanecer en el nido, porque no pod\u00edan hacer nada para ayudarse a s\u00ed mismos.<\/p><p>Uno dijo: \u201cTendremos que quedarnos aqu\u00ed hasta que alguien venga a buscarnos. &quot;Oso pas\u00f3. Las chicas gritaron: \u201cOso, ven a buscarnos. Te vas a casar en alg\u00fan momento. \u00a1Ahora es tu oportunidad! Bear pens\u00f3: &quot;No son mujeres muy guapas&quot;. &quot;Fingi\u00f3 subir y luego dijo:&quot; No puedo subir m\u00e1s. Y se fue, porque las chicas no lo siguieron. Luego vino Lynx.<\/p><p>Las chicas volvieron a gritar: \u201cLynx, ven a buscarnos. \u00a1Alg\u00fan d\u00eda ir\u00e1s tras las mujeres! Lynx respondi\u00f3: &quot;No puedo, porque no tengo garras&quot;, y se fue. Entonces pas\u00f3 un hombre de aspecto feo, Wolverine, y las chicas le hablaron. \u201cOye, glot\u00f3n, ven a buscarnos. Wolverine empez\u00f3 a trepar, porque pens\u00f3 que era una suerte tener a estas mujeres y se alegr\u00f3 mucho. Cuando lleg\u00f3 a ellos, colocaron sus cintas de pelo en el nido. Entonces Wolverine acord\u00f3 tomar una chica a la vez, por lo que tom\u00f3 la primera y regres\u00f3 por la siguiente.<\/p><p>Entonces Wolverine se fue con sus dos esposas y se divirti\u00f3 mucho, ya que era feo y nadie m\u00e1s lo quer\u00eda. Se internaron en el bosque y luego se sentaron y empezaron a hablar. &quot; \u00a1Oh! &quot;Grit\u00f3 una de las chicas,&quot; Olvid\u00e9 mi cinta para el cabello. &quot;Entonces Wolverine dijo:&quot; Volver\u00e9 corriendo por \u00e9l. \u00bbY empez\u00f3 a buscar las cintas para el pelo. Luego, las chicas se escondieron y les dijeron a los \u00e1rboles, cada vez que Wolverine deb\u00eda regresar y silbarles, que le respondieran con un silbido.<\/p><p>Lobezno pronto regres\u00f3 y comenz\u00f3 a silbar a sus esposas, y los \u00e1rboles a su alrededor silbaron en respuesta. Wolverine, al darse cuenta de que lo hab\u00edan enga\u00f1ado, abandon\u00f3 la b\u00fasqueda y se fue muy enojado.<\/p>\t\t\t\t\t\t\t\t<\/div>\n\t\t\t\t<\/div>\n\t\t\t\t\t<\/div>\n\t\t<\/div>\n\t\t\t\t\t<\/div>\n\t\t<\/section>\n\t\t\t\t<\/div>","protected":false},"excerpt":{"rendered":"<p>Anishinabe Mythology Wiki El t\u00e9rmino Ojibwe proviene de Outchibou, un nombre dado en el siglo XVII a un grupo que viv\u00eda en \u2026 <\/p>","protected":false},"author":1,"featured_media":0,"parent":3405,"menu_order":0,"comment_status":"closed","ping_status":"closed","template":"","meta":{"footnotes":""},"class_list":["post-15391","page","type-page","status-publish","hentry"],"amp_enabled":true,"_links":{"self":[{"href":"https:\/\/mythslegendes.com\/es\/wp-json\/wp\/v2\/pages\/15391","targetHints":{"allow":["GET"]}}],"collection":[{"href":"https:\/\/mythslegendes.com\/es\/wp-json\/wp\/v2\/pages"}],"about":[{"href":"https:\/\/mythslegendes.com\/es\/wp-json\/wp\/v2\/types\/page"}],"author":[{"embeddable":true,"href":"https:\/\/mythslegendes.com\/es\/wp-json\/wp\/v2\/users\/1"}],"replies":[{"embeddable":true,"href":"https:\/\/mythslegendes.com\/es\/wp-json\/wp\/v2\/comments?post=15391"}],"version-history":[{"count":1,"href":"https:\/\/mythslegendes.com\/es\/wp-json\/wp\/v2\/pages\/15391\/revisions"}],"predecessor-version":[{"id":25308,"href":"https:\/\/mythslegendes.com\/es\/wp-json\/wp\/v2\/pages\/15391\/revisions\/25308"}],"up":[{"embeddable":true,"href":"https:\/\/mythslegendes.com\/es\/wp-json\/wp\/v2\/pages\/3405"}],"wp:attachment":[{"href":"https:\/\/mythslegendes.com\/es\/wp-json\/wp\/v2\/media?parent=15391"}],"curies":[{"name":"wp","href":"https:\/\/api.w.org\/{rel}","templated":true}]}}