{"id":15400,"date":"2021-11-17T11:39:44","date_gmt":"2021-11-17T11:39:44","guid":{"rendered":"https:\/\/mythslegendes.com\/?page_id=15400"},"modified":"2022-12-03T22:12:15","modified_gmt":"2022-12-03T22:12:15","slug":"conte-ojibwe-rainbow-path-354","status":"publish","type":"page","link":"https:\/\/mythslegendes.com\/es\/mitologia-anichinabianos\/tale-ojibwe-rainbow-path-354\/","title":{"rendered":"Cuento Ojibwa: Camino del arco\u00edris"},"content":{"rendered":"<div data-elementor-type=\"wp-page\" data-elementor-id=\"15400\" class=\"elementor elementor-15400\">\n\t\t\t\t\t\t<section class=\"elementor-section elementor-top-section elementor-element elementor-element-cfa71ba elementor-section-boxed elementor-section-height-default elementor-section-height-default\" data-id=\"cfa71ba\" data-element_type=\"section\" data-e-type=\"section\">\n\t\t\t\t\t\t<div class=\"elementor-container elementor-column-gap-default\">\n\t\t\t\t\t<div class=\"elementor-column elementor-col-50 elementor-top-column elementor-element elementor-element-555385a\" data-id=\"555385a\" data-element_type=\"column\" data-e-type=\"column\">\n\t\t\t<div class=\"elementor-widget-wrap elementor-element-populated\">\n\t\t\t\t\t\t<div class=\"elementor-element elementor-element-3c54680 elementor-align-justify elementor-widget elementor-widget-button\" data-id=\"3c54680\" data-element_type=\"widget\" data-e-type=\"widget\" data-widget_type=\"button.default\">\n\t\t\t\t<div class=\"elementor-widget-container\">\n\t\t\t\t\t\t\t\t\t<div class=\"elementor-button-wrapper\">\n\t\t\t\t\t<a class=\"elementor-button elementor-button-link elementor-size-sm\" href=\"https:\/\/mythslegendes.com\/es\/mitologia-anichinabianos\/\">\n\t\t\t\t\t\t<span class=\"elementor-button-content-wrapper\">\n\t\t\t\t\t\t\t\t\t<span class=\"elementor-button-text\">Mitolog\u00eda anichinabe<\/span>\n\t\t\t\t\t<\/span>\n\t\t\t\t\t<\/a>\n\t\t\t\t<\/div>\n\t\t\t\t\t\t\t\t<\/div>\n\t\t\t\t<\/div>\n\t\t\t\t\t<\/div>\n\t\t<\/div>\n\t\t\t\t<div class=\"elementor-column elementor-col-50 elementor-top-column elementor-element elementor-element-7831174\" data-id=\"7831174\" data-element_type=\"column\" data-e-type=\"column\">\n\t\t\t<div class=\"elementor-widget-wrap elementor-element-populated\">\n\t\t\t\t\t\t<div class=\"elementor-element elementor-element-8cf92d7 elementor-align-justify elementor-widget elementor-widget-button\" data-id=\"8cf92d7\" data-element_type=\"widget\" data-e-type=\"widget\" data-widget_type=\"button.default\">\n\t\t\t\t<div class=\"elementor-widget-container\">\n\t\t\t\t\t\t\t\t\t<div class=\"elementor-button-wrapper\">\n\t\t\t\t\t<a class=\"elementor-button elementor-button-link elementor-size-sm\" href=\"https:\/\/www.thecanadianencyclopedia.ca\/fr\/article\/ojibwes\" target=\"_blank\" rel=\"noopener\">\n\t\t\t\t\t\t<span class=\"elementor-button-content-wrapper\">\n\t\t\t\t\t\t\t\t\t<span class=\"elementor-button-text\">Wiki<\/span>\n\t\t\t\t\t<\/span>\n\t\t\t\t\t<\/a>\n\t\t\t\t<\/div>\n\t\t\t\t\t\t\t\t<\/div>\n\t\t\t\t<\/div>\n\t\t\t\t\t<\/div>\n\t\t<\/div>\n\t\t\t\t\t<\/div>\n\t\t<\/section>\n\t\t\t\t<section class=\"elementor-section elementor-top-section elementor-element elementor-element-5933e00 elementor-section-boxed elementor-section-height-default elementor-section-height-default\" data-id=\"5933e00\" data-element_type=\"section\" data-e-type=\"section\">\n\t\t\t\t\t\t<div class=\"elementor-container elementor-column-gap-default\">\n\t\t\t\t\t<div class=\"elementor-column elementor-col-100 elementor-top-column elementor-element elementor-element-90f25dc\" data-id=\"90f25dc\" data-element_type=\"column\" data-e-type=\"column\">\n\t\t\t<div class=\"elementor-widget-wrap elementor-element-populated\">\n\t\t\t\t\t\t<div class=\"elementor-element elementor-element-344e077 elementor-widget elementor-widget-text-editor\" data-id=\"344e077\" data-element_type=\"widget\" data-e-type=\"widget\" data-widget_type=\"text-editor.default\">\n\t\t\t\t<div class=\"elementor-widget-container\">\n\t\t\t\t\t\t\t\t\t<p>El t\u00e9rmino Ojibwe proviene de <em>Utchibou<\/em>, nombre dado al XVII<sup>mi<\/sup> siglo a un grupo que viv\u00eda al norte de lo que ahora es Sault Ste. Marie, Ontario Aqu\u00ed est\u00e1 una de sus historias: El camino del arco iris.<\/p><p>los <a href=\"https:\/\/mythslegendes.com\/es\/mitologia-anichinabianos\/\">Ojibway<\/a> formaban parte de una serie de grupos muy cercanos, pero distintos, que ocupaban un territorio ubicado entre el noreste de la bah\u00eda <a href=\"https:\/\/mythslegendes.com\/es\/mitologia-georgiana\/\">georgiano<\/a> y el este del Lago Superior. Estos pueblos que se reunieron cerca de la actual Sault Ste. Mar\u00eda tambi\u00e9n se llaman <a href=\"https:\/\/mythslegendes.com\/es\/mitologia-anichinabianos\/\">Saulteaux<\/a>, un t\u00e9rmino que hoy se refiere principalmente a los pueblos Ojibway del noroeste de Ontario y el sureste de Manitoba.<\/p><p><img decoding=\"async\" class=\"alignnone wp-image-9347 size-full\" src=\"https:\/\/mythslegendes.com\/wp-content\/uploads\/2020\/09\/cropped-AlphaOmega-e1602613368367.png\" alt=\"Ojibway El camino del arco\u00edris\" width=\"25\" height=\"25\" title=\"\"><\/p>\t\t\t\t\t\t\t\t<\/div>\n\t\t\t\t<\/div>\n\t\t\t\t\t<\/div>\n\t\t<\/div>\n\t\t\t\t\t<\/div>\n\t\t<\/section>\n\t\t\t\t<section class=\"elementor-section elementor-top-section elementor-element elementor-element-7b0062b elementor-section-boxed elementor-section-height-default elementor-section-height-default\" data-id=\"7b0062b\" data-element_type=\"section\" data-e-type=\"section\">\n\t\t\t\t\t\t<div class=\"elementor-container elementor-column-gap-default\">\n\t\t\t\t\t<div class=\"elementor-column elementor-col-100 elementor-top-column elementor-element elementor-element-a334668\" data-id=\"a334668\" data-element_type=\"column\" data-e-type=\"column\">\n\t\t\t<div class=\"elementor-widget-wrap elementor-element-populated\">\n\t\t\t\t\t\t<div class=\"elementor-element elementor-element-908c826 elementor-widget elementor-widget-heading\" data-id=\"908c826\" data-element_type=\"widget\" data-e-type=\"widget\" data-widget_type=\"heading.default\">\n\t\t\t\t<div class=\"elementor-widget-container\">\n\t\t\t\t\t<div id=\"ez-toc-container\" class=\"ez-toc-v2_0_82_2 counter-hierarchy ez-toc-counter ez-toc-grey ez-toc-container-direction\">\n<div class=\"ez-toc-title-container\">\n<p class=\"ez-toc-title\" style=\"cursor:inherit\">Contenido<\/p>\n<span class=\"ez-toc-title-toggle\"><a href=\"#\" class=\"ez-toc-pull-right ez-toc-btn ez-toc-btn-xs ez-toc-btn-default ez-toc-toggle\" aria-label=\"Alternar tabla de contenidos\"><span class=\"ez-toc-js-icon-con\"><span class=\"\"><span class=\"eztoc-hide\" style=\"display:none;\">Palanca<\/span><span class=\"ez-toc-icon-toggle-span\"><svg style=\"fill: #999;color:#999\" xmlns=\"http:\/\/www.w3.org\/2000\/svg\" class=\"list-377408\" width=\"20px\" height=\"20px\" viewbox=\"0 0 24 24\" fill=\"none\"><path d=\"M6 6H4v2h2V6zm14 0H8v2h12V6zM4 11h2v2H4v-2zm16 0H8v2h12v-2zM4 16h2v2H4v-2zm16 0H8v2h12v-2z\" fill=\"currentColor\"><\/path><\/svg><svg style=\"fill: #999;color:#999\" class=\"arrow-unsorted-368013\" xmlns=\"http:\/\/www.w3.org\/2000\/svg\" width=\"10px\" height=\"10px\" viewbox=\"0 0 24 24\" version=\"1.2\" baseprofile=\"tiny\"><path d=\"M18.2 9.3l-6.2-6.3-6.2 6.3c-.2.2-.3.4-.3.7s.1.5.3.7c.2.2.4.3.7.3h11c.3 0 .5-.1.7-.3.2-.2.3-.5.3-.7s-.1-.5-.3-.7zM5.8 14.7l6.2 6.3 6.2-6.3c.2-.2.3-.5.3-.7s-.1-.5-.3-.7c-.2-.2-.4-.3-.7-.3h-11c-.3 0-.5.1-.7.3-.2.2-.3.5-.3.7s.1.5.3.7z\"\/><\/svg><\/span><\/span><\/span><\/a><\/span><\/div>\n<nav><ul class='ez-toc-list ez-toc-list-level-1' ><li class='ez-toc-page-1 ez-toc-heading-level-2'><a class=\"ez-toc-link ez-toc-heading-1\" href=\"https:\/\/mythslegendes.com\/es\/mitologia-anichinabianos\/tale-ojibwe-rainbow-path-354\/#The-Rainbow-path\" >El camino del arcoiris<\/a><\/li><\/ul><\/nav><\/div>\n<h2 class=\"elementor-heading-title elementor-size-default\"><span class=\"ez-toc-section\" id=\"The-Rainbow-path\"><\/span>El camino del arcoiris<span class=\"ez-toc-section-end\"><\/span><\/h2>\t\t\t\t<\/div>\n\t\t\t\t<\/div>\n\t\t\t\t\t<\/div>\n\t\t<\/div>\n\t\t\t\t\t<\/div>\n\t\t<\/section>\n\t\t\t\t<section class=\"elementor-section elementor-top-section elementor-element elementor-element-a3c502a elementor-section-boxed elementor-section-height-default elementor-section-height-default\" data-id=\"a3c502a\" data-element_type=\"section\" data-e-type=\"section\">\n\t\t\t\t\t\t<div class=\"elementor-container elementor-column-gap-default\">\n\t\t\t\t\t<div class=\"elementor-column elementor-col-100 elementor-top-column elementor-element elementor-element-4d059c7\" data-id=\"4d059c7\" data-element_type=\"column\" data-e-type=\"column\">\n\t\t\t<div class=\"elementor-widget-wrap elementor-element-populated\">\n\t\t\t\t\t\t<div class=\"elementor-element elementor-element-f1ac7d8 elementor-widget elementor-widget-text-editor\" data-id=\"f1ac7d8\" data-element_type=\"widget\" data-e-type=\"widget\" data-widget_type=\"text-editor.default\">\n\t\t\t\t<div class=\"elementor-widget-container\">\n\t\t\t\t\t\t\t\t\t<p>Mientras hacemos una pausa para pensar en los logros espaciales de hoy y los hechos<br \/>de los astronautas, es interesante aprender lo que el <a href=\"https:\/\/mythslegendes.com\/es\/mythes-et-legendes-iroquois-2144\/\">Iroqueses<\/a> indios<br \/>pens\u00f3 en los cuerpos celestes hace 2.000 a\u00f1os.<\/p><p>Cre\u00edan que el cielo azul era una tierra rica y f\u00e9rtil donde todo<br \/>porque el hombre y el animal crecieron en abundancia. El Sol y la Luna eran hombre<br \/>y mi esposa hab\u00edan bajado a trav\u00e9s de un agujero en el cielo cada ma\u00f1ana y<br \/>Regres\u00f3 por otro agujero a mejores tierras durante la noche.<\/p><p>Heng, el Dios del Trueno, se enoj\u00f3 con el Sol mientras observaba el<br \/>La luna se adelgaza y se desvanece. Creyendo que el Sol estaba maltratando-<br \/>su esposa, el-Dios arroj\u00f3 una gran nube negra sobre el sol brillante<br \/>cara, sin darse cuenta de que el calor derretir\u00eda la nube y las gotas de lluvia<br \/>dar\u00eda como resultado un magn\u00edfico arco iris.<\/p><p>Al ver el arcoiris de varios colores, los animales estaban ansiosos<br \/>para viajar por el camino a la hermosa tierra de arriba. Ellos fueron a<br \/>Tortuga Vieja. rey de los animales, y le rog\u00f3 que ascendiera por el sendero.<br \/>Ignorando la advertencia de un posible peligro, subieron corriendo por el arco\u00edris. T\u00e9<br \/>los animales no se dieron cuenta de que una vez que la \u00bblluvia detuvo el arco\u00edris<br \/>desaparecer\u00edan, y cuando eso sucedi\u00f3, todos quedaron en el<br \/>cielo. Los iroqueses afirmaban que los dioses delineaban los cuerpos de los animales.<br \/>en estrellas y algunas de nuestras constelaciones todav\u00eda son conocidas por la<br \/>formas de animales que representan.<\/p>\t\t\t\t\t\t\t\t<\/div>\n\t\t\t\t<\/div>\n\t\t\t\t\t<\/div>\n\t\t<\/div>\n\t\t\t\t\t<\/div>\n\t\t<\/section>\n\t\t\t\t<\/div>","protected":false},"excerpt":{"rendered":"<p>Anishinabe Mythology Wiki El t\u00e9rmino Ojibwe proviene de Outchibou, un nombre dado en el siglo XVII a un grupo que viv\u00eda en \u2026 <\/p>","protected":false},"author":1,"featured_media":0,"parent":3405,"menu_order":0,"comment_status":"closed","ping_status":"closed","template":"","meta":{"footnotes":""},"class_list":["post-15400","page","type-page","status-publish","hentry"],"amp_enabled":true,"_links":{"self":[{"href":"https:\/\/mythslegendes.com\/es\/wp-json\/wp\/v2\/pages\/15400","targetHints":{"allow":["GET"]}}],"collection":[{"href":"https:\/\/mythslegendes.com\/es\/wp-json\/wp\/v2\/pages"}],"about":[{"href":"https:\/\/mythslegendes.com\/es\/wp-json\/wp\/v2\/types\/page"}],"author":[{"embeddable":true,"href":"https:\/\/mythslegendes.com\/es\/wp-json\/wp\/v2\/users\/1"}],"replies":[{"embeddable":true,"href":"https:\/\/mythslegendes.com\/es\/wp-json\/wp\/v2\/comments?post=15400"}],"version-history":[{"count":1,"href":"https:\/\/mythslegendes.com\/es\/wp-json\/wp\/v2\/pages\/15400\/revisions"}],"predecessor-version":[{"id":25309,"href":"https:\/\/mythslegendes.com\/es\/wp-json\/wp\/v2\/pages\/15400\/revisions\/25309"}],"up":[{"embeddable":true,"href":"https:\/\/mythslegendes.com\/es\/wp-json\/wp\/v2\/pages\/3405"}],"wp:attachment":[{"href":"https:\/\/mythslegendes.com\/es\/wp-json\/wp\/v2\/media?parent=15400"}],"curies":[{"name":"wp","href":"https:\/\/api.w.org\/{rel}","templated":true}]}}