{"id":15405,"date":"2021-11-17T11:42:38","date_gmt":"2021-11-17T11:42:38","guid":{"rendered":"https:\/\/mythslegendes.com\/?page_id=15405"},"modified":"2022-12-03T22:12:15","modified_gmt":"2022-12-03T22:12:15","slug":"ojibwe-great-white-pine-9","status":"publish","type":"page","link":"https:\/\/mythslegendes.com\/es\/mitologia-anichinabianos\/ojibwe-gran-pino-blanco-9\/","title":{"rendered":"Ojibwe Tale: Gran pino blanco"},"content":{"rendered":"<div data-elementor-type=\"wp-page\" data-elementor-id=\"15405\" class=\"elementor elementor-15405\">\n\t\t\t\t\t\t<section class=\"elementor-section elementor-top-section elementor-element elementor-element-98bad4c elementor-section-boxed elementor-section-height-default elementor-section-height-default\" data-id=\"98bad4c\" data-element_type=\"section\" data-e-type=\"section\">\n\t\t\t\t\t\t<div class=\"elementor-container elementor-column-gap-default\">\n\t\t\t\t\t<div class=\"elementor-column elementor-col-50 elementor-top-column elementor-element elementor-element-9346e59\" data-id=\"9346e59\" data-element_type=\"column\" data-e-type=\"column\">\n\t\t\t<div class=\"elementor-widget-wrap elementor-element-populated\">\n\t\t\t\t\t\t<div class=\"elementor-element elementor-element-90b258d elementor-align-justify elementor-widget elementor-widget-button\" data-id=\"90b258d\" data-element_type=\"widget\" data-e-type=\"widget\" data-widget_type=\"button.default\">\n\t\t\t\t<div class=\"elementor-widget-container\">\n\t\t\t\t\t\t\t\t\t<div class=\"elementor-button-wrapper\">\n\t\t\t\t\t<a class=\"elementor-button elementor-button-link elementor-size-sm\" href=\"https:\/\/mythslegendes.com\/es\/mitologia-anichinabianos\/\">\n\t\t\t\t\t\t<span class=\"elementor-button-content-wrapper\">\n\t\t\t\t\t\t\t\t\t<span class=\"elementor-button-text\">Mitolog\u00eda anichinabe<\/span>\n\t\t\t\t\t<\/span>\n\t\t\t\t\t<\/a>\n\t\t\t\t<\/div>\n\t\t\t\t\t\t\t\t<\/div>\n\t\t\t\t<\/div>\n\t\t\t\t\t<\/div>\n\t\t<\/div>\n\t\t\t\t<div class=\"elementor-column elementor-col-50 elementor-top-column elementor-element elementor-element-4dcea90\" data-id=\"4dcea90\" data-element_type=\"column\" data-e-type=\"column\">\n\t\t\t<div class=\"elementor-widget-wrap elementor-element-populated\">\n\t\t\t\t\t\t<div class=\"elementor-element elementor-element-dd3158d elementor-align-justify elementor-widget elementor-widget-button\" data-id=\"dd3158d\" data-element_type=\"widget\" data-e-type=\"widget\" data-widget_type=\"button.default\">\n\t\t\t\t<div class=\"elementor-widget-container\">\n\t\t\t\t\t\t\t\t\t<div class=\"elementor-button-wrapper\">\n\t\t\t\t\t<a class=\"elementor-button elementor-button-link elementor-size-sm\" href=\"https:\/\/www.thecanadianencyclopedia.ca\/fr\/article\/ojibwes\" target=\"_blank\" rel=\"noopener\">\n\t\t\t\t\t\t<span class=\"elementor-button-content-wrapper\">\n\t\t\t\t\t\t\t\t\t<span class=\"elementor-button-text\">Wiki<\/span>\n\t\t\t\t\t<\/span>\n\t\t\t\t\t<\/a>\n\t\t\t\t<\/div>\n\t\t\t\t\t\t\t\t<\/div>\n\t\t\t\t<\/div>\n\t\t\t\t\t<\/div>\n\t\t<\/div>\n\t\t\t\t\t<\/div>\n\t\t<\/section>\n\t\t\t\t<section class=\"elementor-section elementor-top-section elementor-element elementor-element-bd8e521 elementor-section-boxed elementor-section-height-default elementor-section-height-default\" data-id=\"bd8e521\" data-element_type=\"section\" data-e-type=\"section\">\n\t\t\t\t\t\t<div class=\"elementor-container elementor-column-gap-default\">\n\t\t\t\t\t<div class=\"elementor-column elementor-col-100 elementor-top-column elementor-element elementor-element-5091513\" data-id=\"5091513\" data-element_type=\"column\" data-e-type=\"column\">\n\t\t\t<div class=\"elementor-widget-wrap elementor-element-populated\">\n\t\t\t\t\t\t<div class=\"elementor-element elementor-element-a446b75 elementor-widget elementor-widget-text-editor\" data-id=\"a446b75\" data-element_type=\"widget\" data-e-type=\"widget\" data-widget_type=\"text-editor.default\">\n\t\t\t\t<div class=\"elementor-widget-container\">\n\t\t\t\t\t\t\t\t\t<p>El t\u00e9rmino Ojibwe proviene de <em>Utchibou<\/em>, nombre dado al XVII<sup>mi<\/sup> siglo a un grupo que viv\u00eda al norte de lo que ahora es Sault Ste. Marie, Ontario. Aqu\u00ed hay uno de su cuento: El gran pino blanco.<\/p><p>los <a href=\"https:\/\/mythslegendes.com\/es\/mitologia-anichinabianos\/\">Ojibway<\/a> formaban parte de una serie de grupos muy cercanos, pero distintos, que ocupaban un territorio ubicado entre el noreste de la bah\u00eda <a href=\"https:\/\/mythslegendes.com\/es\/mitologia-georgiana\/\">georgiano<\/a> y el este del Lago Superior. Estos pueblos que se reunieron cerca de la actual Sault Ste. Mar\u00eda tambi\u00e9n se llaman <a href=\"https:\/\/mythslegendes.com\/es\/mitologia-anichinabianos\/\">Saulteaux<\/a>, un t\u00e9rmino que hoy se refiere principalmente a los pueblos Ojibway del noroeste de Ontario y el sureste de Manitoba.<\/p><p><img decoding=\"async\" class=\"alignnone wp-image-9347 size-full\" src=\"https:\/\/mythslegendes.com\/wp-content\/uploads\/2020\/09\/cropped-AlphaOmega-e1602613368367.png\" alt=\"Ojibwe el gran pino blanco\" width=\"25\" height=\"25\" title=\"\"><\/p>\t\t\t\t\t\t\t\t<\/div>\n\t\t\t\t<\/div>\n\t\t\t\t\t<\/div>\n\t\t<\/div>\n\t\t\t\t\t<\/div>\n\t\t<\/section>\n\t\t\t\t<section class=\"elementor-section elementor-top-section elementor-element elementor-element-3580b0a elementor-section-boxed elementor-section-height-default elementor-section-height-default\" data-id=\"3580b0a\" data-element_type=\"section\" data-e-type=\"section\">\n\t\t\t\t\t\t<div class=\"elementor-container elementor-column-gap-default\">\n\t\t\t\t\t<div class=\"elementor-column elementor-col-100 elementor-top-column elementor-element elementor-element-5d6c91c\" data-id=\"5d6c91c\" data-element_type=\"column\" data-e-type=\"column\">\n\t\t\t<div class=\"elementor-widget-wrap elementor-element-populated\">\n\t\t\t\t\t\t<div class=\"elementor-element elementor-element-4fffa89 elementor-widget elementor-widget-heading\" data-id=\"4fffa89\" data-element_type=\"widget\" data-e-type=\"widget\" data-widget_type=\"heading.default\">\n\t\t\t\t<div class=\"elementor-widget-container\">\n\t\t\t\t\t<div id=\"ez-toc-container\" class=\"ez-toc-v2_0_82_2 counter-hierarchy ez-toc-counter ez-toc-grey ez-toc-container-direction\">\n<div class=\"ez-toc-title-container\">\n<p class=\"ez-toc-title\" style=\"cursor:inherit\">Contenido<\/p>\n<span class=\"ez-toc-title-toggle\"><a href=\"#\" class=\"ez-toc-pull-right ez-toc-btn ez-toc-btn-xs ez-toc-btn-default ez-toc-toggle\" aria-label=\"Alternar tabla de contenidos\"><span class=\"ez-toc-js-icon-con\"><span class=\"\"><span class=\"eztoc-hide\" style=\"display:none;\">Palanca<\/span><span class=\"ez-toc-icon-toggle-span\"><svg style=\"fill: #999;color:#999\" xmlns=\"http:\/\/www.w3.org\/2000\/svg\" class=\"list-377408\" width=\"20px\" height=\"20px\" viewbox=\"0 0 24 24\" fill=\"none\"><path d=\"M6 6H4v2h2V6zm14 0H8v2h12V6zM4 11h2v2H4v-2zm16 0H8v2h12v-2zM4 16h2v2H4v-2zm16 0H8v2h12v-2z\" fill=\"currentColor\"><\/path><\/svg><svg style=\"fill: #999;color:#999\" class=\"arrow-unsorted-368013\" xmlns=\"http:\/\/www.w3.org\/2000\/svg\" width=\"10px\" height=\"10px\" viewbox=\"0 0 24 24\" version=\"1.2\" baseprofile=\"tiny\"><path d=\"M18.2 9.3l-6.2-6.3-6.2 6.3c-.2.2-.3.4-.3.7s.1.5.3.7c.2.2.4.3.7.3h11c.3 0 .5-.1.7-.3.2-.2.3-.5.3-.7s-.1-.5-.3-.7zM5.8 14.7l6.2 6.3 6.2-6.3c.2-.2.3-.5.3-.7s-.1-.5-.3-.7c-.2-.2-.4-.3-.7-.3h-11c-.3 0-.5.1-.7.3-.2.2-.3.5-.3.7s.1.5.3.7z\"\/><\/svg><\/span><\/span><\/span><\/a><\/span><\/div>\n<nav><ul class='ez-toc-list ez-toc-list-level-1' ><li class='ez-toc-page-1 ez-toc-heading-level-2'><a class=\"ez-toc-link ez-toc-heading-1\" href=\"https:\/\/mythslegendes.com\/es\/mitologia-anichinabianos\/ojibwe-gran-pino-blanco-9\/#The-Great-white-pine\" >El gran pino blanco<\/a><\/li><\/ul><\/nav><\/div>\n<h2 class=\"elementor-heading-title elementor-size-default\"><span class=\"ez-toc-section\" id=\"The-Great-white-pine\"><\/span>El gran pino blanco<span class=\"ez-toc-section-end\"><\/span><\/h2>\t\t\t\t<\/div>\n\t\t\t\t<\/div>\n\t\t\t\t\t<\/div>\n\t\t<\/div>\n\t\t\t\t\t<\/div>\n\t\t<\/section>\n\t\t\t\t<section class=\"elementor-section elementor-top-section elementor-element elementor-element-d1641a6 elementor-section-boxed elementor-section-height-default elementor-section-height-default\" data-id=\"d1641a6\" data-element_type=\"section\" data-e-type=\"section\">\n\t\t\t\t\t\t<div class=\"elementor-container elementor-column-gap-default\">\n\t\t\t\t\t<div class=\"elementor-column elementor-col-100 elementor-top-column elementor-element elementor-element-d29e7a3\" data-id=\"d29e7a3\" data-element_type=\"column\" data-e-type=\"column\">\n\t\t\t<div class=\"elementor-widget-wrap elementor-element-populated\">\n\t\t\t\t\t\t<div class=\"elementor-element elementor-element-2fb37a9 elementor-widget elementor-widget-text-editor\" data-id=\"2fb37a9\" data-element_type=\"widget\" data-e-type=\"widget\" data-widget_type=\"text-editor.default\">\n\t\t\t\t<div class=\"elementor-widget-container\">\n\t\t\t\t\t\t\t\t\t<p>Aquellos de ustedes que han caminado o conducido por el gran Ontario<br \/>Parque provincial que forma la mayor parte de la pen\u00ednsula de Sibley y tiene<br \/>contempl\u00f3 con asombro los magn\u00edficos &#039;White Pines que literalmente<br \/>cubrir el \u00e1rea hasta el gigante durmiente, puede estar interesado<br \/>saber que, seg\u00fan la leyenda, estos no llegaron por casualidad.<\/p><p>Hace unos dos mil a\u00f1os, una tribu de indios Ojibway viv\u00eda<br \/>en la costa de Thunder Bay en las cercan\u00edas de la pen\u00ednsula de Sibley<br \/>y ten\u00eda por jefe a un indio muy sabio, muy viajero, de gran cuna.<\/p><p>Golden Eagle, porque ese era el nombre del cacique, en el momento de<br \/>esta historia, hab\u00eda alcanzado la edad de noventa a\u00f1os y estaba muy cerca de la muerte.<\/p><p>Llamando a su hijo a su cama, el anciano tom\u00f3 una bolsa de piel de venado<br \/>de debajo de las pieles y, colocando la bolsa en las manos de su hijo, suavemente<br \/>pronunci\u00f3 este mensaje: \u201cTi-Baki-Enane, mis d\u00edas son pocos. En esto<br \/>En la bolsa encontrar\u00e1s muchas semillas que te he tra\u00eddo de muy lejos.<br \/>Cu\u00eddalos bien y, siempre que nazca un nuevo hijo de mi pueblo,<br \/>planta una semilla en buena tierra. Pronto, grandes \u00e1rboles crecer\u00e1n<br \/>las semillas y mi pueblo construir\u00e1n sus casas con la madera. Ellos<br \/>tambi\u00e9n construir\u00e1n grandes barcos y prosperar\u00e1n \u201d.<\/p><p>&quot;Har\u00e9 lo que quieras, mi padre&quot;, respondi\u00f3 Ti-Baki-Enane<br \/>y dej\u00f3 tranquilamente al anciano para terminar sus d\u00edas en paz. Durante a\u00f1os,<br \/>el joven plantaba fielmente las semillas cada vez que un nuevo padre<br \/>naci\u00f3 y pronto hermosos pinos blancos salpicaron la tierra. Como ellos<br \/>se volvi\u00f3 lo suficientemente grande como para producir conos, Ti-Baki-Enane recogi\u00f3 m\u00e1s y m\u00e1s semillas.<\/p><p>Una noche, mientras dorm\u00eda en su tipi, de repente se despert\u00f3<br \/>por un sonido extra\u00f1o, su tipi parec\u00eda brillar con una luz brillante<br \/>y all\u00ed, al pie de su lecho de pieles, estaban los Esp\u00edritus de<br \/>su padre y otros dos Grandes Jefes.<\/p><p>El Esp\u00edritu del \u00c1guila Dorada habl\u00f3 en voz muy baja. &quot;Mi hijo, tu<br \/>hemos cumplido bien su promesa y estamos muy contentos. Hemos venido<br \/>para darte un gran deber que cumplir. Esta noche, el ni\u00f1o m\u00e1s grande<br \/>el mundo que jam\u00e1s ha conocido nacer\u00e1. Escoge la mejor semilla que<br \/>tienes y ve al lugar m\u00e1s alto y plantarlo de una vez. Todos los hombres<br \/>Ver\u00e1 el \u00e1rbol que brota de \u00e9l, y se maravillar\u00e1 ... Adi\u00f3s,<br \/>Mi hijo &quot;.<\/p><p>Inmediatamente surgi\u00f3 Ti-Baki-Enane y, seleccionando el m\u00e1s grande y<br \/>semilla de mejor apariencia, corri\u00f3 a la cima de Thunder Hill y all\u00ed la plant\u00f3.<\/p><p>Verdaderamente este era un \u00e1rbol especial, porque creci\u00f3 tres veces m\u00e1s r\u00e1pido que<br \/>cualquier otro, y en unos pocos a\u00f1os se elev\u00f3 al menos cinco veces m\u00e1s alto<br \/>que los pinos blancos a su alrededor. Tan alto era que por la noche el<br \/>las estrellas parec\u00edan colgar de sus grandes ramas.<\/p><p>Pronto recibi\u00f3 el nombre de &quot;Gran \u00e1rbol de Papoose&quot; y<br \/>Los indios ven\u00edan de millas a la redonda para verlo y cada uno colgaba, un<br \/>par de mocasines, o una camisa de gamuza de ni\u00f1o y muchos otros<br \/>peque\u00f1os obsequios para los ni\u00f1os que hab\u00edan perdido a sus padres. Ciervo<br \/>y los animalitos del bosque dormir\u00edan a salvo bajo<br \/>y muchos indios perdidos encontrar\u00edan refugio para pasar la noche debajo<br \/>sus ramas amigables.<\/p><p>Este gran y magn\u00edfico \u00e1rbol vivi\u00f3 durante treinta a\u00f1os y luego<br \/>un viernes, fue derribado durante una de las terribles tormentas<br \/>por lo que Thunder Bay se destaca.<\/p><p>Ahora, de este hermoso pino blanco no queda nada m\u00e1s que el recuerdo<br \/>de ella se mantiene viva cada a\u00f1o mientras colocamos los peque\u00f1os obsequios para nuestro<br \/>ni\u00f1os bajo nuestra fragante rama iluminada por las estrellas.<\/p>\t\t\t\t\t\t\t\t<\/div>\n\t\t\t\t<\/div>\n\t\t\t\t\t<\/div>\n\t\t<\/div>\n\t\t\t\t\t<\/div>\n\t\t<\/section>\n\t\t\t\t<\/div>","protected":false},"excerpt":{"rendered":"<p>Anishinabe Mythology Wiki El t\u00e9rmino Ojibwe proviene de Outchibou, un nombre dado en el siglo XVII a un grupo que viv\u00eda en \u2026 <\/p>","protected":false},"author":1,"featured_media":0,"parent":3405,"menu_order":0,"comment_status":"closed","ping_status":"closed","template":"","meta":{"footnotes":""},"class_list":["post-15405","page","type-page","status-publish","hentry"],"amp_enabled":true,"_links":{"self":[{"href":"https:\/\/mythslegendes.com\/es\/wp-json\/wp\/v2\/pages\/15405","targetHints":{"allow":["GET"]}}],"collection":[{"href":"https:\/\/mythslegendes.com\/es\/wp-json\/wp\/v2\/pages"}],"about":[{"href":"https:\/\/mythslegendes.com\/es\/wp-json\/wp\/v2\/types\/page"}],"author":[{"embeddable":true,"href":"https:\/\/mythslegendes.com\/es\/wp-json\/wp\/v2\/users\/1"}],"replies":[{"embeddable":true,"href":"https:\/\/mythslegendes.com\/es\/wp-json\/wp\/v2\/comments?post=15405"}],"version-history":[{"count":1,"href":"https:\/\/mythslegendes.com\/es\/wp-json\/wp\/v2\/pages\/15405\/revisions"}],"predecessor-version":[{"id":25310,"href":"https:\/\/mythslegendes.com\/es\/wp-json\/wp\/v2\/pages\/15405\/revisions\/25310"}],"up":[{"embeddable":true,"href":"https:\/\/mythslegendes.com\/es\/wp-json\/wp\/v2\/pages\/3405"}],"wp:attachment":[{"href":"https:\/\/mythslegendes.com\/es\/wp-json\/wp\/v2\/media?parent=15405"}],"curies":[{"name":"wp","href":"https:\/\/api.w.org\/{rel}","templated":true}]}}