{"id":15413,"date":"2021-11-17T11:45:20","date_gmt":"2021-11-17T11:45:20","guid":{"rendered":"https:\/\/mythslegendes.com\/?page_id=15413"},"modified":"2022-12-03T22:12:15","modified_gmt":"2022-12-03T22:12:15","slug":"conte-ojibwe-snowbirds-249","status":"publish","type":"page","link":"https:\/\/mythslegendes.com\/es\/mitologia-anichinabianos\/tale-ojibwe-snowbirds-249\/","title":{"rendered":"Cuento Ojibwa: Los p\u00e1jaros de la nieve"},"content":{"rendered":"<div data-elementor-type=\"wp-page\" data-elementor-id=\"15413\" class=\"elementor elementor-15413\">\n\t\t\t\t\t\t<section class=\"elementor-section elementor-top-section elementor-element elementor-element-21255b4 elementor-section-boxed elementor-section-height-default elementor-section-height-default\" data-id=\"21255b4\" data-element_type=\"section\" data-e-type=\"section\">\n\t\t\t\t\t\t<div class=\"elementor-container elementor-column-gap-default\">\n\t\t\t\t\t<div class=\"elementor-column elementor-col-50 elementor-top-column elementor-element elementor-element-1214a6e\" data-id=\"1214a6e\" data-element_type=\"column\" data-e-type=\"column\">\n\t\t\t<div class=\"elementor-widget-wrap elementor-element-populated\">\n\t\t\t\t\t\t<div class=\"elementor-element elementor-element-f20743d elementor-align-justify elementor-widget elementor-widget-button\" data-id=\"f20743d\" data-element_type=\"widget\" data-e-type=\"widget\" data-widget_type=\"button.default\">\n\t\t\t\t<div class=\"elementor-widget-container\">\n\t\t\t\t\t\t\t\t\t<div class=\"elementor-button-wrapper\">\n\t\t\t\t\t<a class=\"elementor-button elementor-button-link elementor-size-sm\" href=\"https:\/\/mythslegendes.com\/es\/mitologia-anichinabianos\/\">\n\t\t\t\t\t\t<span class=\"elementor-button-content-wrapper\">\n\t\t\t\t\t\t\t\t\t<span class=\"elementor-button-text\">Mitolog\u00eda anichinabe<\/span>\n\t\t\t\t\t<\/span>\n\t\t\t\t\t<\/a>\n\t\t\t\t<\/div>\n\t\t\t\t\t\t\t\t<\/div>\n\t\t\t\t<\/div>\n\t\t\t\t\t<\/div>\n\t\t<\/div>\n\t\t\t\t<div class=\"elementor-column elementor-col-50 elementor-top-column elementor-element elementor-element-86df6e4\" data-id=\"86df6e4\" data-element_type=\"column\" data-e-type=\"column\">\n\t\t\t<div class=\"elementor-widget-wrap elementor-element-populated\">\n\t\t\t\t\t\t<div class=\"elementor-element elementor-element-4ac2b3e elementor-align-justify elementor-widget elementor-widget-button\" data-id=\"4ac2b3e\" data-element_type=\"widget\" data-e-type=\"widget\" data-widget_type=\"button.default\">\n\t\t\t\t<div class=\"elementor-widget-container\">\n\t\t\t\t\t\t\t\t\t<div class=\"elementor-button-wrapper\">\n\t\t\t\t\t<a class=\"elementor-button elementor-button-link elementor-size-sm\" href=\"https:\/\/www.thecanadianencyclopedia.ca\/fr\/article\/ojibwes\" target=\"_blank\" rel=\"noopener\">\n\t\t\t\t\t\t<span class=\"elementor-button-content-wrapper\">\n\t\t\t\t\t\t\t\t\t<span class=\"elementor-button-text\">Wiki<\/span>\n\t\t\t\t\t<\/span>\n\t\t\t\t\t<\/a>\n\t\t\t\t<\/div>\n\t\t\t\t\t\t\t\t<\/div>\n\t\t\t\t<\/div>\n\t\t\t\t\t<\/div>\n\t\t<\/div>\n\t\t\t\t\t<\/div>\n\t\t<\/section>\n\t\t\t\t<section class=\"elementor-section elementor-top-section elementor-element elementor-element-e2dbbcc elementor-section-boxed elementor-section-height-default elementor-section-height-default\" data-id=\"e2dbbcc\" data-element_type=\"section\" data-e-type=\"section\">\n\t\t\t\t\t\t<div class=\"elementor-container elementor-column-gap-default\">\n\t\t\t\t\t<div class=\"elementor-column elementor-col-100 elementor-top-column elementor-element elementor-element-a41ddc7\" data-id=\"a41ddc7\" data-element_type=\"column\" data-e-type=\"column\">\n\t\t\t<div class=\"elementor-widget-wrap elementor-element-populated\">\n\t\t\t\t\t\t<div class=\"elementor-element elementor-element-5472654 elementor-widget elementor-widget-text-editor\" data-id=\"5472654\" data-element_type=\"widget\" data-e-type=\"widget\" data-widget_type=\"text-editor.default\">\n\t\t\t\t<div class=\"elementor-widget-container\">\n\t\t\t\t\t\t\t\t\t<p>El t\u00e9rmino Ojibwe proviene de <em>Utchibou<\/em>, nombre dado al XVII<sup>mi<\/sup> siglo a un grupo que viv\u00eda al norte de lo que ahora es Sault Ste. Marie, Ontario Aqu\u00ed est\u00e1 una de sus historias: Los Snowbirds.<\/p><p>los <a href=\"https:\/\/mythslegendes.com\/es\/mitologia-anichinabianos\/\">Ojibway<\/a> formaban parte de una serie de grupos muy cercanos, pero distintos, que ocupaban un territorio ubicado entre el noreste de la bah\u00eda <a href=\"https:\/\/mythslegendes.com\/es\/mitologia-georgiana\/\">georgiano<\/a> y el este del Lago Superior. Estos pueblos que se reunieron cerca de la actual Sault Ste. Mar\u00eda tambi\u00e9n se llaman <a href=\"https:\/\/mythslegendes.com\/es\/mitologia-anichinabianos\/\">Saulteaux<\/a>, un t\u00e9rmino que hoy se refiere principalmente a los pueblos Ojibway del noroeste de Ontario y el sureste de Manitoba.<\/p><p><img decoding=\"async\" class=\"alignnone wp-image-9347 size-full\" src=\"https:\/\/mythslegendes.com\/wp-content\/uploads\/2020\/09\/cropped-AlphaOmega-e1602613368367.png\" alt=\"Ojibway los p\u00e1jaros de la nieve\" width=\"25\" height=\"25\" title=\"\"><\/p>\t\t\t\t\t\t\t\t<\/div>\n\t\t\t\t<\/div>\n\t\t\t\t\t<\/div>\n\t\t<\/div>\n\t\t\t\t\t<\/div>\n\t\t<\/section>\n\t\t\t\t<section class=\"elementor-section elementor-top-section elementor-element elementor-element-f2a8dff elementor-section-boxed elementor-section-height-default elementor-section-height-default\" data-id=\"f2a8dff\" data-element_type=\"section\" data-e-type=\"section\">\n\t\t\t\t\t\t<div class=\"elementor-container elementor-column-gap-default\">\n\t\t\t\t\t<div class=\"elementor-column elementor-col-100 elementor-top-column elementor-element elementor-element-3fa7327\" data-id=\"3fa7327\" data-element_type=\"column\" data-e-type=\"column\">\n\t\t\t<div class=\"elementor-widget-wrap elementor-element-populated\">\n\t\t\t\t\t\t<div class=\"elementor-element elementor-element-49b8448 elementor-widget elementor-widget-heading\" data-id=\"49b8448\" data-element_type=\"widget\" data-e-type=\"widget\" data-widget_type=\"heading.default\">\n\t\t\t\t<div class=\"elementor-widget-container\">\n\t\t\t\t\t<div id=\"ez-toc-container\" class=\"ez-toc-v2_0_82_2 counter-hierarchy ez-toc-counter ez-toc-grey ez-toc-container-direction\">\n<div class=\"ez-toc-title-container\">\n<p class=\"ez-toc-title\" style=\"cursor:inherit\">Contenido<\/p>\n<span class=\"ez-toc-title-toggle\"><a href=\"#\" class=\"ez-toc-pull-right ez-toc-btn ez-toc-btn-xs ez-toc-btn-default ez-toc-toggle\" aria-label=\"Alternar tabla de contenidos\"><span class=\"ez-toc-js-icon-con\"><span class=\"\"><span class=\"eztoc-hide\" style=\"display:none;\">Palanca<\/span><span class=\"ez-toc-icon-toggle-span\"><svg style=\"fill: #999;color:#999\" xmlns=\"http:\/\/www.w3.org\/2000\/svg\" class=\"list-377408\" width=\"20px\" height=\"20px\" viewbox=\"0 0 24 24\" fill=\"none\"><path d=\"M6 6H4v2h2V6zm14 0H8v2h12V6zM4 11h2v2H4v-2zm16 0H8v2h12v-2zM4 16h2v2H4v-2zm16 0H8v2h12v-2z\" fill=\"currentColor\"><\/path><\/svg><svg style=\"fill: #999;color:#999\" class=\"arrow-unsorted-368013\" xmlns=\"http:\/\/www.w3.org\/2000\/svg\" width=\"10px\" height=\"10px\" viewbox=\"0 0 24 24\" version=\"1.2\" baseprofile=\"tiny\"><path d=\"M18.2 9.3l-6.2-6.3-6.2 6.3c-.2.2-.3.4-.3.7s.1.5.3.7c.2.2.4.3.7.3h11c.3 0 .5-.1.7-.3.2-.2.3-.5.3-.7s-.1-.5-.3-.7zM5.8 14.7l6.2 6.3 6.2-6.3c.2-.2.3-.5.3-.7s-.1-.5-.3-.7c-.2-.2-.4-.3-.7-.3h-11c-.3 0-.5.1-.7.3-.2.2-.3.5-.3.7s.1.5.3.7z\"\/><\/svg><\/span><\/span><\/span><\/a><\/span><\/div>\n<nav><ul class='ez-toc-list ez-toc-list-level-1' ><li class='ez-toc-page-1 ez-toc-heading-level-2'><a class=\"ez-toc-link ez-toc-heading-1\" href=\"https:\/\/mythslegendes.com\/es\/mitologia-anichinabianos\/tale-ojibwe-snowbirds-249\/#The-Snowbirds\" >los p\u00e1jaros de la nieve<\/a><\/li><\/ul><\/nav><\/div>\n<h2 class=\"elementor-heading-title elementor-size-default\"><span class=\"ez-toc-section\" id=\"The-Snowbirds\"><\/span>los p\u00e1jaros de la nieve<span class=\"ez-toc-section-end\"><\/span><\/h2>\t\t\t\t<\/div>\n\t\t\t\t<\/div>\n\t\t\t\t\t<\/div>\n\t\t<\/div>\n\t\t\t\t\t<\/div>\n\t\t<\/section>\n\t\t\t\t<section class=\"elementor-section elementor-top-section elementor-element elementor-element-c6910f3 elementor-section-boxed elementor-section-height-default elementor-section-height-default\" data-id=\"c6910f3\" data-element_type=\"section\" data-e-type=\"section\">\n\t\t\t\t\t\t<div class=\"elementor-container elementor-column-gap-default\">\n\t\t\t\t\t<div class=\"elementor-column elementor-col-100 elementor-top-column elementor-element elementor-element-c77b131\" data-id=\"c77b131\" data-element_type=\"column\" data-e-type=\"column\">\n\t\t\t<div class=\"elementor-widget-wrap elementor-element-populated\">\n\t\t\t\t\t\t<div class=\"elementor-element elementor-element-2173c89 elementor-widget elementor-widget-text-editor\" data-id=\"2173c89\" data-element_type=\"widget\" data-e-type=\"widget\" data-widget_type=\"text-editor.default\">\n\t\t\t\t<div class=\"elementor-widget-container\">\n\t\t\t\t\t\t\t\t\t<p>Hace muchos a\u00f1os viv\u00eda en el campamento Ojibway en la boca<br \/>del r\u00edo Kaministica, una hermosa joven doncella india, amada<br \/>por todos, y talentosos en el arte de las artesan\u00edas. Muchos regalos hermosos<br \/>fueron formados por los h\u00e1biles dedos de White Dove. paloma blanca hecha<br \/>algunos hermosos regalos de plata, encontrados ese verano en un viaje a Silver<br \/>Isla. <\/p><p>Dos d\u00edas antes de la gran fiesta india de Acci\u00f3n de Gracias,<br \/>White Dove y su amante, Nanokarsi, se dispusieron a llevarse los adornos.<br \/>de plata a la abuela de Paloma Blanca, que vivi\u00f3 un d\u00eda de camino<br \/>de distancia en las estribaciones de la cordillera &quot;Nor-Westers&quot;.<br \/>Tomando s\u00f3lo un almuerzo ligero para la comida del mediod\u00eda, la joven pareja<br \/>se despiden de sus familias, prometiendo regresar a tiempo para la gran fiesta.<\/p><p>Poco despu\u00e9s de haber terminado su almuerzo del mediod\u00eda, estaban desagradables<br \/>sorprendido por un helado sabor a viento. Inmediatamente Nanokarsi subi\u00f3<br \/>a la copa de un pino gigante y mirando al norte vi olas de<br \/>nubes negras y siniestras. Temeroso de la tormenta, inst\u00f3 a Paloma Blanca<br \/>correr tan r\u00e1pido como sus piernas pudieran llevarla, pero solo hab\u00edan ido<br \/>una corta distancia, cuando la tormenta se desat\u00f3 sobre ellos con toda su furia!<\/p><p>El viento aullaba a su alrededor, azotando la pesada nieve en enormes<br \/>deriva y cegando su visi\u00f3n. Vagaron sin esperanza hasta que<br \/>anochecer. Luego, helados, exhaustos y hambrientos, se acostaron en el<br \/>refugio de una gran roca, abraz\u00e1ndose para compartir el calor de sus cuerpos.<\/p><p>La Fiesta de Acci\u00f3n de Gracias estaba en su apogeo cuando el anciano Jefe, Running<br \/>Deer, anunci\u00f3 solemnemente que los dos no hab\u00edan regresado y que tem\u00eda<br \/>se perdieron en la tormenta.<\/p><p>Todos los valientes se ofrecieron para ir en su busca. despu\u00e9s de cuatro<br \/>d\u00edas los buscadores dieron con la pareja, a\u00fan abrazada, pero durmiendo<br \/>el Gran Sue\u00f1o, del cual no hay despertar! los valientes se arrodillaron<br \/>a su lado e invoc\u00f3 a Nanna Bijou, su Dios Esp\u00edritu, para que respirara<br \/>nueva vida en sus cuerpos.<\/p><p>El Gran Esp\u00edritu les dijo que no pod\u00eda traerlos de vuelta ya que<br \/>estaban ahora en la casa del Gran Manitou, tampoco pod\u00eda prohibir<br \/>el Esp\u00edritu de la Nieve a venir de nuevo. Nanna Bijou, sin embargo, prometi\u00f3<br \/>les dar\u00eda una se\u00f1al que les advertir\u00eda para siempre de la Nieve<br \/>Esp\u00edritu acerc\u00e1ndose y, si se les prestaba atenci\u00f3n, no les har\u00eda da\u00f1o. <\/p><p>Mientras los valientes miraban, se sorprendieron al ver los cuerpos de White<br \/>Dove y Nanokarsi desaparecen lentamente en la nieve y, all\u00ed donde<br \/>hab\u00edan echado, aparecieron dos bonitos p\u00e1jaros grises suaves con cabezas rayadas!<\/p><p>Mientras volaban por el aire, se lanzaban de izquierda a derecha, formando<br \/>el plumaje nevado de sus pechos y debajo de sus alas y cola<br \/>bastante visible para el espectador.<\/p><p>De d\u00f3nde vienen estas aves, o a d\u00f3nde van, nadie lo sabe, pero<br \/>cuando los veas arremolin\u00e1ndose y corriendo en grandes bandadas, toma<br \/>\u00a1Cuidado, porque tan cierto como que la noche sigue al d\u00eda, la nieve no est\u00e1 muy lejos!<\/p>\t\t\t\t\t\t\t\t<\/div>\n\t\t\t\t<\/div>\n\t\t\t\t\t<\/div>\n\t\t<\/div>\n\t\t\t\t\t<\/div>\n\t\t<\/section>\n\t\t\t\t<\/div>","protected":false},"excerpt":{"rendered":"<p>Anishinabe Mythology Wiki El t\u00e9rmino Ojibwe proviene de Outchibou, un nombre dado en el siglo XVII a un grupo que viv\u00eda en \u2026 <\/p>","protected":false},"author":1,"featured_media":0,"parent":3405,"menu_order":0,"comment_status":"closed","ping_status":"closed","template":"","meta":{"footnotes":""},"class_list":["post-15413","page","type-page","status-publish","hentry"],"amp_enabled":true,"_links":{"self":[{"href":"https:\/\/mythslegendes.com\/es\/wp-json\/wp\/v2\/pages\/15413","targetHints":{"allow":["GET"]}}],"collection":[{"href":"https:\/\/mythslegendes.com\/es\/wp-json\/wp\/v2\/pages"}],"about":[{"href":"https:\/\/mythslegendes.com\/es\/wp-json\/wp\/v2\/types\/page"}],"author":[{"embeddable":true,"href":"https:\/\/mythslegendes.com\/es\/wp-json\/wp\/v2\/users\/1"}],"replies":[{"embeddable":true,"href":"https:\/\/mythslegendes.com\/es\/wp-json\/wp\/v2\/comments?post=15413"}],"version-history":[{"count":1,"href":"https:\/\/mythslegendes.com\/es\/wp-json\/wp\/v2\/pages\/15413\/revisions"}],"predecessor-version":[{"id":25311,"href":"https:\/\/mythslegendes.com\/es\/wp-json\/wp\/v2\/pages\/15413\/revisions\/25311"}],"up":[{"embeddable":true,"href":"https:\/\/mythslegendes.com\/es\/wp-json\/wp\/v2\/pages\/3405"}],"wp:attachment":[{"href":"https:\/\/mythslegendes.com\/es\/wp-json\/wp\/v2\/media?parent=15413"}],"curies":[{"name":"wp","href":"https:\/\/api.w.org\/{rel}","templated":true}]}}