{"id":15418,"date":"2021-11-17T11:50:10","date_gmt":"2021-11-17T11:50:10","guid":{"rendered":"https:\/\/mythslegendes.com\/?page_id=15418"},"modified":"2022-12-03T22:12:15","modified_gmt":"2022-12-03T22:12:15","slug":"conte-ojibwe-the-trillium-278","status":"publish","type":"page","link":"https:\/\/mythslegendes.com\/es\/mitologia-anichinabianos\/cuento-ojibwe-el-trillium-278\/","title":{"rendered":"Historia ojibwe: El Trillium"},"content":{"rendered":"<div data-elementor-type=\"wp-page\" data-elementor-id=\"15418\" class=\"elementor elementor-15418\">\n\t\t\t\t\t\t<section class=\"elementor-section elementor-top-section elementor-element elementor-element-b516473 elementor-section-boxed elementor-section-height-default elementor-section-height-default\" data-id=\"b516473\" data-element_type=\"section\" data-e-type=\"section\">\n\t\t\t\t\t\t<div class=\"elementor-container elementor-column-gap-default\">\n\t\t\t\t\t<div class=\"elementor-column elementor-col-50 elementor-top-column elementor-element elementor-element-efe67f0\" data-id=\"efe67f0\" data-element_type=\"column\" data-e-type=\"column\">\n\t\t\t<div class=\"elementor-widget-wrap elementor-element-populated\">\n\t\t\t\t\t\t<div class=\"elementor-element elementor-element-48db952 elementor-align-justify elementor-widget elementor-widget-button\" data-id=\"48db952\" data-element_type=\"widget\" data-e-type=\"widget\" data-widget_type=\"button.default\">\n\t\t\t\t<div class=\"elementor-widget-container\">\n\t\t\t\t\t\t\t\t\t<div class=\"elementor-button-wrapper\">\n\t\t\t\t\t<a class=\"elementor-button elementor-button-link elementor-size-sm\" href=\"https:\/\/mythslegendes.com\/es\/mitologia-anichinabianos\/\">\n\t\t\t\t\t\t<span class=\"elementor-button-content-wrapper\">\n\t\t\t\t\t\t\t\t\t<span class=\"elementor-button-text\">Mitolog\u00eda anichinabe<\/span>\n\t\t\t\t\t<\/span>\n\t\t\t\t\t<\/a>\n\t\t\t\t<\/div>\n\t\t\t\t\t\t\t\t<\/div>\n\t\t\t\t<\/div>\n\t\t\t\t\t<\/div>\n\t\t<\/div>\n\t\t\t\t<div class=\"elementor-column elementor-col-50 elementor-top-column elementor-element elementor-element-c21a16e\" data-id=\"c21a16e\" data-element_type=\"column\" data-e-type=\"column\">\n\t\t\t<div class=\"elementor-widget-wrap elementor-element-populated\">\n\t\t\t\t\t\t<div class=\"elementor-element elementor-element-fe3d49e elementor-align-justify elementor-widget elementor-widget-button\" data-id=\"fe3d49e\" data-element_type=\"widget\" data-e-type=\"widget\" data-widget_type=\"button.default\">\n\t\t\t\t<div class=\"elementor-widget-container\">\n\t\t\t\t\t\t\t\t\t<div class=\"elementor-button-wrapper\">\n\t\t\t\t\t<a class=\"elementor-button elementor-button-link elementor-size-sm\" href=\"https:\/\/www.thecanadianencyclopedia.ca\/fr\/article\/ojibwes\" target=\"_blank\" rel=\"noopener\">\n\t\t\t\t\t\t<span class=\"elementor-button-content-wrapper\">\n\t\t\t\t\t\t\t\t\t<span class=\"elementor-button-text\">Wiki<\/span>\n\t\t\t\t\t<\/span>\n\t\t\t\t\t<\/a>\n\t\t\t\t<\/div>\n\t\t\t\t\t\t\t\t<\/div>\n\t\t\t\t<\/div>\n\t\t\t\t\t<\/div>\n\t\t<\/div>\n\t\t\t\t\t<\/div>\n\t\t<\/section>\n\t\t\t\t<section class=\"elementor-section elementor-top-section elementor-element elementor-element-29f910b elementor-section-boxed elementor-section-height-default elementor-section-height-default\" data-id=\"29f910b\" data-element_type=\"section\" data-e-type=\"section\">\n\t\t\t\t\t\t<div class=\"elementor-container elementor-column-gap-default\">\n\t\t\t\t\t<div class=\"elementor-column elementor-col-100 elementor-top-column elementor-element elementor-element-3b29930\" data-id=\"3b29930\" data-element_type=\"column\" data-e-type=\"column\">\n\t\t\t<div class=\"elementor-widget-wrap elementor-element-populated\">\n\t\t\t\t\t\t<div class=\"elementor-element elementor-element-71e69ba elementor-widget elementor-widget-text-editor\" data-id=\"71e69ba\" data-element_type=\"widget\" data-e-type=\"widget\" data-widget_type=\"text-editor.default\">\n\t\t\t\t<div class=\"elementor-widget-container\">\n\t\t\t\t\t\t\t\t\t<p>El t\u00e9rmino Ojibwe proviene de <em>Utchibou<\/em>, nombre dado al XVII<sup>mi<\/sup> siglo a un grupo que viv\u00eda al norte de lo que hoy es Sault Ste. Marie, Ontario. Aqu\u00ed est\u00e1 uno de sus cuentos: The Trillium (en ingl\u00e9s).<\/p><p>los <a href=\"https:\/\/mythslegendes.com\/es\/mitologia-anichinabianos\/\">Ojibway<\/a> formaban parte de una serie de grupos muy cercanos, pero distintos, que ocupaban un territorio ubicado entre el noreste de la bah\u00eda <a href=\"https:\/\/mythslegendes.com\/es\/mitologia-georgiana\/\">georgiano<\/a> y el este del Lago Superior. Estos pueblos que se reunieron cerca de la actual Sault Ste. Mar\u00eda tambi\u00e9n se llaman <a href=\"https:\/\/mythslegendes.com\/es\/mitologia-anichinabianos\/\">Saulteaux<\/a>, un t\u00e9rmino que hoy se refiere principalmente a los pueblos Ojibway del noroeste de Ontario y el sureste de Manitoba.<\/p><p><img decoding=\"async\" class=\"alignnone wp-image-9347 size-full\" src=\"https:\/\/mythslegendes.com\/wp-content\/uploads\/2020\/09\/cropped-AlphaOmega-e1602613368367.png\" alt=\"Ojibwe El Trillium\" width=\"25\" height=\"25\" title=\"\"><\/p>\t\t\t\t\t\t\t\t<\/div>\n\t\t\t\t<\/div>\n\t\t\t\t\t<\/div>\n\t\t<\/div>\n\t\t\t\t\t<\/div>\n\t\t<\/section>\n\t\t\t\t<section class=\"elementor-section elementor-top-section elementor-element elementor-element-cd7f2d3 elementor-section-boxed elementor-section-height-default elementor-section-height-default\" data-id=\"cd7f2d3\" data-element_type=\"section\" data-e-type=\"section\">\n\t\t\t\t\t\t<div class=\"elementor-container elementor-column-gap-default\">\n\t\t\t\t\t<div class=\"elementor-column elementor-col-100 elementor-top-column elementor-element elementor-element-28fa128\" data-id=\"28fa128\" data-element_type=\"column\" data-e-type=\"column\">\n\t\t\t<div class=\"elementor-widget-wrap elementor-element-populated\">\n\t\t\t\t\t\t<div class=\"elementor-element elementor-element-e740883 elementor-widget elementor-widget-heading\" data-id=\"e740883\" data-element_type=\"widget\" data-e-type=\"widget\" data-widget_type=\"heading.default\">\n\t\t\t\t<div class=\"elementor-widget-container\">\n\t\t\t\t\t<div id=\"ez-toc-container\" class=\"ez-toc-v2_0_82_2 counter-hierarchy ez-toc-counter ez-toc-grey ez-toc-container-direction\">\n<div class=\"ez-toc-title-container\">\n<p class=\"ez-toc-title\" style=\"cursor:inherit\">Contenido<\/p>\n<span class=\"ez-toc-title-toggle\"><a href=\"#\" class=\"ez-toc-pull-right ez-toc-btn ez-toc-btn-xs ez-toc-btn-default ez-toc-toggle\" aria-label=\"Alternar tabla de contenidos\"><span class=\"ez-toc-js-icon-con\"><span class=\"\"><span class=\"eztoc-hide\" style=\"display:none;\">Palanca<\/span><span class=\"ez-toc-icon-toggle-span\"><svg style=\"fill: #999;color:#999\" xmlns=\"http:\/\/www.w3.org\/2000\/svg\" class=\"list-377408\" width=\"20px\" height=\"20px\" viewbox=\"0 0 24 24\" fill=\"none\"><path d=\"M6 6H4v2h2V6zm14 0H8v2h12V6zM4 11h2v2H4v-2zm16 0H8v2h12v-2zM4 16h2v2H4v-2zm16 0H8v2h12v-2z\" fill=\"currentColor\"><\/path><\/svg><svg style=\"fill: #999;color:#999\" class=\"arrow-unsorted-368013\" xmlns=\"http:\/\/www.w3.org\/2000\/svg\" width=\"10px\" height=\"10px\" viewbox=\"0 0 24 24\" version=\"1.2\" baseprofile=\"tiny\"><path d=\"M18.2 9.3l-6.2-6.3-6.2 6.3c-.2.2-.3.4-.3.7s.1.5.3.7c.2.2.4.3.7.3h11c.3 0 .5-.1.7-.3.2-.2.3-.5.3-.7s-.1-.5-.3-.7zM5.8 14.7l6.2 6.3 6.2-6.3c.2-.2.3-.5.3-.7s-.1-.5-.3-.7c-.2-.2-.4-.3-.7-.3h-11c-.3 0-.5.1-.7.3-.2.2-.3.5-.3.7s.1.5.3.7z\"\/><\/svg><\/span><\/span><\/span><\/a><\/span><\/div>\n<nav><ul class='ez-toc-list ez-toc-list-level-1' ><li class='ez-toc-page-1 ez-toc-heading-level-2'><a class=\"ez-toc-link ez-toc-heading-1\" href=\"https:\/\/mythslegendes.com\/es\/mitologia-anichinabianos\/cuento-ojibwe-el-trillium-278\/#The-Trillium\" >El trilio<\/a><\/li><\/ul><\/nav><\/div>\n<h2 class=\"elementor-heading-title elementor-size-default\"><span class=\"ez-toc-section\" id=\"The-Trillium\"><\/span>El trilio<span class=\"ez-toc-section-end\"><\/span><\/h2>\t\t\t\t<\/div>\n\t\t\t\t<\/div>\n\t\t\t\t\t<\/div>\n\t\t<\/div>\n\t\t\t\t\t<\/div>\n\t\t<\/section>\n\t\t\t\t<section class=\"elementor-section elementor-top-section elementor-element elementor-element-fbb058c elementor-section-boxed elementor-section-height-default elementor-section-height-default\" data-id=\"fbb058c\" data-element_type=\"section\" data-e-type=\"section\">\n\t\t\t\t\t\t<div class=\"elementor-container elementor-column-gap-default\">\n\t\t\t\t\t<div class=\"elementor-column elementor-col-100 elementor-top-column elementor-element elementor-element-ed34ca9\" data-id=\"ed34ca9\" data-element_type=\"column\" data-e-type=\"column\">\n\t\t\t<div class=\"elementor-widget-wrap elementor-element-populated\">\n\t\t\t\t\t\t<div class=\"elementor-element elementor-element-9b831db elementor-widget elementor-widget-text-editor\" data-id=\"9b831db\" data-element_type=\"widget\" data-e-type=\"widget\" data-widget_type=\"text-editor.default\">\n\t\t\t\t<div class=\"elementor-widget-container\">\n\t\t\t\t\t\t\t\t\t<p>Hace algunos a\u00f1os, el Gobierno de la Provincia de Ontario seleccion\u00f3<br \/>por su Flor Oficial Provincial, una hermosa pero delicada flor blanca<br \/>flor llamada as\u00ed por sus preciosos y inusuales tres p\u00e9talos te\u00f1idos de rosa, el<br \/>Trilio. La flor blanca, respaldada por tres peque\u00f1as hojas verdes.<br \/>en forma de estrella, no se puede coger sin quitar tambi\u00e9n el<br \/>hojas en forma de estrella, que, si esto sucede, causan la muerte del<br \/>planta entera.<\/p><p>Una flor de tres p\u00e9talos es tan rara que debe haber habido alg\u00fan<br \/>motivo muy especial para su creaci\u00f3n, y fue hace casi 400 a\u00f1os<br \/>Hace unos a\u00f1os, uno de los padres jesuitas enviado a Canad\u00e1 por el rey de<br \/>Francia para ense\u00f1ar el cristianismo a los indios, aprendido de algunos de<br \/>sus alumnos que hab\u00eda muchos m\u00e1s indios en Occidente.<\/p><p>En su deseo abrumador de llevar la Palabra de Dios a tantos<br \/>posible, decidi\u00f3 explorar esta tierra desconocida y, atravesando<br \/>el r\u00edo Ottawa en una peque\u00f1a canoa india, entr\u00f3 en lo que ahora<br \/>conocido como Ontario.<\/p><p>Sin embargo, para su consternaci\u00f3n, descubri\u00f3 que los indios que encontr\u00f3<br \/>Aqu\u00ed el rojo no pod\u00eda entender ni una palabra del idioma que hab\u00eda<br \/>aprendieron de sus hermanos de Oriente.<\/p><p>Desesperado por encontrar una manera de comunicarse con ellos, busc\u00f3<br \/>por todas partes en busca de una soluci\u00f3n y entonces uno se dio cuenta de que cada vez<br \/>Por todo el bosque hab\u00eda muchas flores blancas y bonitas, sus<br \/>cuatro p\u00e9talos formando una cruz. Estos pens\u00f3, los har\u00eda<br \/>sol\u00eda ense\u00f1ar a los indios c\u00f3mo Cristo fue crucificado. Con la ayuda<br \/>de las florecitas finalmente pudo explicarles c\u00f3mo<br \/>Jes\u00fas hab\u00eda muerto por ellos pero como la mayor\u00eda de los indios, que nunca har\u00edan da\u00f1o<br \/>un amigo, solo se pusieron muy tristes con la historia y se alejaron de \u00e9l.<\/p><p>Al darse cuenta de esto, arranc\u00f3 uno de los p\u00e9talos de las flores y<br \/>Us\u00f3 los tres restantes para ense\u00f1arles sobre El Padre, El Hijo.<br \/>y El Esp\u00edritu Santo y la estrellita, en forma de hojas verdes detr\u00e1s<br \/>la flor le ayud\u00f3 a explicar el Milagro del nacimiento de Cristo.<br \/>Cuando descubri\u00f3 el \u00e9xito que hab\u00eda logrado, or\u00f3 para que alguna<br \/>Se enviar\u00eda una se\u00f1al para recordar a los indios sus ense\u00f1anzas.<\/p><p>Para su gran deleite y asombro, las florecitas que<br \/>hab\u00eda usado ten\u00eda s\u00f3lo tres p\u00e9talos cuando florecieron al a\u00f1o siguiente<br \/>y desde entonces, \u00a1nunca he cambiado!<\/p>\t\t\t\t\t\t\t\t<\/div>\n\t\t\t\t<\/div>\n\t\t\t\t\t<\/div>\n\t\t<\/div>\n\t\t\t\t\t<\/div>\n\t\t<\/section>\n\t\t\t\t<\/div>","protected":false},"excerpt":{"rendered":"<p>Anishinabe Mythology Wiki El t\u00e9rmino Ojibwe proviene de Outchibou, un nombre dado en el siglo XVII a un grupo que viv\u00eda en \u2026 <\/p>","protected":false},"author":1,"featured_media":0,"parent":3405,"menu_order":0,"comment_status":"closed","ping_status":"closed","template":"","meta":{"footnotes":""},"class_list":["post-15418","page","type-page","status-publish","hentry"],"amp_enabled":true,"_links":{"self":[{"href":"https:\/\/mythslegendes.com\/es\/wp-json\/wp\/v2\/pages\/15418","targetHints":{"allow":["GET"]}}],"collection":[{"href":"https:\/\/mythslegendes.com\/es\/wp-json\/wp\/v2\/pages"}],"about":[{"href":"https:\/\/mythslegendes.com\/es\/wp-json\/wp\/v2\/types\/page"}],"author":[{"embeddable":true,"href":"https:\/\/mythslegendes.com\/es\/wp-json\/wp\/v2\/users\/1"}],"replies":[{"embeddable":true,"href":"https:\/\/mythslegendes.com\/es\/wp-json\/wp\/v2\/comments?post=15418"}],"version-history":[{"count":1,"href":"https:\/\/mythslegendes.com\/es\/wp-json\/wp\/v2\/pages\/15418\/revisions"}],"predecessor-version":[{"id":25312,"href":"https:\/\/mythslegendes.com\/es\/wp-json\/wp\/v2\/pages\/15418\/revisions\/25312"}],"up":[{"embeddable":true,"href":"https:\/\/mythslegendes.com\/es\/wp-json\/wp\/v2\/pages\/3405"}],"wp:attachment":[{"href":"https:\/\/mythslegendes.com\/es\/wp-json\/wp\/v2\/media?parent=15418"}],"curies":[{"name":"wp","href":"https:\/\/api.w.org\/{rel}","templated":true}]}}