{"id":15439,"date":"2021-11-17T11:59:50","date_gmt":"2021-11-17T11:59:50","guid":{"rendered":"https:\/\/mythslegendes.com\/?page_id=15439"},"modified":"2022-12-03T22:12:16","modified_gmt":"2022-12-03T22:12:16","slug":"conte-ojibwe-primacy-of-plants-35","status":"publish","type":"page","link":"https:\/\/mythslegendes.com\/es\/mitologia-anichinabianos\/cuento-ojibwe-primacia-de-las-plantas-35\/","title":{"rendered":"Cuento Ojibwa: Primac\u00eda de las plantas"},"content":{"rendered":"<div data-elementor-type=\"wp-page\" data-elementor-id=\"15439\" class=\"elementor elementor-15439\">\n\t\t\t\t\t\t<section class=\"elementor-section elementor-top-section elementor-element elementor-element-b474581 elementor-section-boxed elementor-section-height-default elementor-section-height-default\" data-id=\"b474581\" data-element_type=\"section\" data-e-type=\"section\">\n\t\t\t\t\t\t<div class=\"elementor-container elementor-column-gap-default\">\n\t\t\t\t\t<div class=\"elementor-column elementor-col-50 elementor-top-column elementor-element elementor-element-f344605\" data-id=\"f344605\" data-element_type=\"column\" data-e-type=\"column\">\n\t\t\t<div class=\"elementor-widget-wrap elementor-element-populated\">\n\t\t\t\t\t\t<div class=\"elementor-element elementor-element-4e76149 elementor-align-justify elementor-widget elementor-widget-button\" data-id=\"4e76149\" data-element_type=\"widget\" data-e-type=\"widget\" data-widget_type=\"button.default\">\n\t\t\t\t<div class=\"elementor-widget-container\">\n\t\t\t\t\t\t\t\t\t<div class=\"elementor-button-wrapper\">\n\t\t\t\t\t<a class=\"elementor-button elementor-button-link elementor-size-sm\" href=\"https:\/\/mythslegendes.com\/es\/mitologia-anichinabianos\/\">\n\t\t\t\t\t\t<span class=\"elementor-button-content-wrapper\">\n\t\t\t\t\t\t\t\t\t<span class=\"elementor-button-text\">Mitolog\u00eda anichinabe<\/span>\n\t\t\t\t\t<\/span>\n\t\t\t\t\t<\/a>\n\t\t\t\t<\/div>\n\t\t\t\t\t\t\t\t<\/div>\n\t\t\t\t<\/div>\n\t\t\t\t\t<\/div>\n\t\t<\/div>\n\t\t\t\t<div class=\"elementor-column elementor-col-50 elementor-top-column elementor-element elementor-element-0dcf0be\" data-id=\"0dcf0be\" data-element_type=\"column\" data-e-type=\"column\">\n\t\t\t<div class=\"elementor-widget-wrap elementor-element-populated\">\n\t\t\t\t\t\t<div class=\"elementor-element elementor-element-2c4df6a elementor-align-justify elementor-widget elementor-widget-button\" data-id=\"2c4df6a\" data-element_type=\"widget\" data-e-type=\"widget\" data-widget_type=\"button.default\">\n\t\t\t\t<div class=\"elementor-widget-container\">\n\t\t\t\t\t\t\t\t\t<div class=\"elementor-button-wrapper\">\n\t\t\t\t\t<a class=\"elementor-button elementor-button-link elementor-size-sm\" href=\"https:\/\/www.thecanadianencyclopedia.ca\/fr\/article\/ojibwes\" target=\"_blank\" rel=\"noopener\">\n\t\t\t\t\t\t<span class=\"elementor-button-content-wrapper\">\n\t\t\t\t\t\t\t\t\t<span class=\"elementor-button-text\">Wiki<\/span>\n\t\t\t\t\t<\/span>\n\t\t\t\t\t<\/a>\n\t\t\t\t<\/div>\n\t\t\t\t\t\t\t\t<\/div>\n\t\t\t\t<\/div>\n\t\t\t\t\t<\/div>\n\t\t<\/div>\n\t\t\t\t\t<\/div>\n\t\t<\/section>\n\t\t\t\t<section class=\"elementor-section elementor-top-section elementor-element elementor-element-19be689 elementor-section-boxed elementor-section-height-default elementor-section-height-default\" data-id=\"19be689\" data-element_type=\"section\" data-e-type=\"section\">\n\t\t\t\t\t\t<div class=\"elementor-container elementor-column-gap-default\">\n\t\t\t\t\t<div class=\"elementor-column elementor-col-100 elementor-top-column elementor-element elementor-element-99325db\" data-id=\"99325db\" data-element_type=\"column\" data-e-type=\"column\">\n\t\t\t<div class=\"elementor-widget-wrap elementor-element-populated\">\n\t\t\t\t\t\t<div class=\"elementor-element elementor-element-30a4cc7 elementor-widget elementor-widget-text-editor\" data-id=\"30a4cc7\" data-element_type=\"widget\" data-e-type=\"widget\" data-widget_type=\"text-editor.default\">\n\t\t\t\t<div class=\"elementor-widget-container\">\n\t\t\t\t\t\t\t\t\t<p>El t\u00e9rmino Ojibwe proviene de <em>Utchibou<\/em>, nombre dado al XVII<sup>mi<\/sup> siglo a un grupo que viv\u00eda al norte de lo que ahora es Sault Ste. Marie, Ontario Aqu\u00ed est\u00e1 una de sus historias: La primac\u00eda de las plantas.<\/p><p>los <a href=\"https:\/\/mythslegendes.com\/es\/mitologia-anichinabianos\/\">Ojibway<\/a> formaban parte de una serie de grupos muy cercanos, pero distintos, que ocupaban un territorio ubicado entre el noreste de la bah\u00eda <a href=\"https:\/\/mythslegendes.com\/es\/mitologia-georgiana\/\">georgiano<\/a> y el este del Lago Superior. Estos pueblos que se reunieron cerca de la actual Sault Ste. Mar\u00eda tambi\u00e9n se llaman <a href=\"https:\/\/mythslegendes.com\/es\/mitologia-anichinabianos\/\">Saulteaux<\/a>, un t\u00e9rmino que hoy se refiere principalmente a los pueblos Ojibway del noroeste de Ontario y el sureste de Manitoba.<\/p><p><img decoding=\"async\" class=\"alignnone wp-image-9347 size-full\" src=\"https:\/\/mythslegendes.com\/wp-content\/uploads\/2020\/09\/cropped-AlphaOmega-e1602613368367.png\" alt=\"Ojibway La primac\u00eda de las plantas\" width=\"25\" height=\"25\" title=\"\"><\/p>\t\t\t\t\t\t\t\t<\/div>\n\t\t\t\t<\/div>\n\t\t\t\t\t<\/div>\n\t\t<\/div>\n\t\t\t\t\t<\/div>\n\t\t<\/section>\n\t\t\t\t<section class=\"elementor-section elementor-top-section elementor-element elementor-element-be06d7d elementor-section-boxed elementor-section-height-default elementor-section-height-default\" data-id=\"be06d7d\" data-element_type=\"section\" data-e-type=\"section\">\n\t\t\t\t\t\t<div class=\"elementor-container elementor-column-gap-default\">\n\t\t\t\t\t<div class=\"elementor-column elementor-col-100 elementor-top-column elementor-element elementor-element-c94d8da\" data-id=\"c94d8da\" data-element_type=\"column\" data-e-type=\"column\">\n\t\t\t<div class=\"elementor-widget-wrap elementor-element-populated\">\n\t\t\t\t\t\t<div class=\"elementor-element elementor-element-9e3afbd elementor-widget elementor-widget-heading\" data-id=\"9e3afbd\" data-element_type=\"widget\" data-e-type=\"widget\" data-widget_type=\"heading.default\">\n\t\t\t\t<div class=\"elementor-widget-container\">\n\t\t\t\t\t<div id=\"ez-toc-container\" class=\"ez-toc-v2_0_82_2 counter-hierarchy ez-toc-counter ez-toc-grey ez-toc-container-direction\">\n<div class=\"ez-toc-title-container\">\n<p class=\"ez-toc-title\" style=\"cursor:inherit\">Contenido<\/p>\n<span class=\"ez-toc-title-toggle\"><a href=\"#\" class=\"ez-toc-pull-right ez-toc-btn ez-toc-btn-xs ez-toc-btn-default ez-toc-toggle\" aria-label=\"Alternar tabla de contenidos\"><span class=\"ez-toc-js-icon-con\"><span class=\"\"><span class=\"eztoc-hide\" style=\"display:none;\">Palanca<\/span><span class=\"ez-toc-icon-toggle-span\"><svg style=\"fill: #999;color:#999\" xmlns=\"http:\/\/www.w3.org\/2000\/svg\" class=\"list-377408\" width=\"20px\" height=\"20px\" viewbox=\"0 0 24 24\" fill=\"none\"><path d=\"M6 6H4v2h2V6zm14 0H8v2h12V6zM4 11h2v2H4v-2zm16 0H8v2h12v-2zM4 16h2v2H4v-2zm16 0H8v2h12v-2z\" fill=\"currentColor\"><\/path><\/svg><svg style=\"fill: #999;color:#999\" class=\"arrow-unsorted-368013\" xmlns=\"http:\/\/www.w3.org\/2000\/svg\" width=\"10px\" height=\"10px\" viewbox=\"0 0 24 24\" version=\"1.2\" baseprofile=\"tiny\"><path d=\"M18.2 9.3l-6.2-6.3-6.2 6.3c-.2.2-.3.4-.3.7s.1.5.3.7c.2.2.4.3.7.3h11c.3 0 .5-.1.7-.3.2-.2.3-.5.3-.7s-.1-.5-.3-.7zM5.8 14.7l6.2 6.3 6.2-6.3c.2-.2.3-.5.3-.7s-.1-.5-.3-.7c-.2-.2-.4-.3-.7-.3h-11c-.3 0-.5.1-.7.3-.2.2-.3.5-.3.7s.1.5.3.7z\"\/><\/svg><\/span><\/span><\/span><\/a><\/span><\/div>\n<nav><ul class='ez-toc-list ez-toc-list-level-1' ><li class='ez-toc-page-1 ez-toc-heading-level-2'><a class=\"ez-toc-link ez-toc-heading-1\" href=\"https:\/\/mythslegendes.com\/es\/mitologia-anichinabianos\/cuento-ojibwe-primacia-de-las-plantas-35\/#The-Primacy-of-Plants\" >La primac\u00eda de las plantas<\/a><\/li><\/ul><\/nav><\/div>\n<h2 class=\"elementor-heading-title elementor-size-default\"><span class=\"ez-toc-section\" id=\"The-Primacy-of-Plants\"><\/span>La primac\u00eda de las plantas<span class=\"ez-toc-section-end\"><\/span><\/h2>\t\t\t\t<\/div>\n\t\t\t\t<\/div>\n\t\t\t\t\t<\/div>\n\t\t<\/div>\n\t\t\t\t\t<\/div>\n\t\t<\/section>\n\t\t\t\t<section class=\"elementor-section elementor-top-section elementor-element elementor-element-855c961 elementor-section-boxed elementor-section-height-default elementor-section-height-default\" data-id=\"855c961\" data-element_type=\"section\" data-e-type=\"section\">\n\t\t\t\t\t\t<div class=\"elementor-container elementor-column-gap-default\">\n\t\t\t\t\t<div class=\"elementor-column elementor-col-100 elementor-top-column elementor-element elementor-element-cda80a2\" data-id=\"cda80a2\" data-element_type=\"column\" data-e-type=\"column\">\n\t\t\t<div class=\"elementor-widget-wrap elementor-element-populated\">\n\t\t\t\t\t\t<div class=\"elementor-element elementor-element-d906b87 elementor-widget elementor-widget-text-editor\" data-id=\"d906b87\" data-element_type=\"widget\" data-e-type=\"widget\" data-widget_type=\"text-editor.default\">\n\t\t\t\t<div class=\"elementor-widget-container\">\n\t\t\t\t\t\t\t\t\t<p>Las rosas alguna vez fueron las m\u00e1s numerosas y de colores brillantes de todas<br \/>las flores. Tal era su n\u00famero y tal la variedad y<br \/>riqueza de sus matices que eran comunes. nadie pag\u00f3 mucho<br \/>prestarles atenci\u00f3n; su belleza pas\u00f3 desapercibida, su gloria no fue cantada.<\/p><p>Incluso cuando su n\u00famero disminuy\u00f3 y sus colores se desvanecieron, nadie<br \/>parec\u00eda importarle. Se hab\u00edan producido ciclos de escasez y abundancia. All\u00ed<br \/>no era motivo de alarma. Hay degeneraci\u00f3n y regeneraci\u00f3n.<br \/>La abundancia siempre sigue a la escasez.<\/p><p>Pero a\u00f1o tras a\u00f1o, las rosas disminuyeron en n\u00famero. como los numeros<br \/>y la riqueza de las flores disminuy\u00f3, la gordura de los conejos<br \/>aument\u00f3. S\u00f3lo el oso, la abeja y el colibr\u00ed estaban<br \/>consciente de que algo andaba mal.<\/p><p>Los Anishnabeg sintieron que algo no estaba del todo bien, pero<br \/>no pod\u00eda explicarlo. S\u00f3lo sab\u00edan que el oso era m\u00e1s delgado y<br \/>que la carne del oso era menos dulce que antes. Los osos encontrados<br \/>cantidades m\u00e1s peque\u00f1as de miel y lo que encontraron era menos delicioso.<br \/>Las abejas y los colibr\u00edes encontraron menos rosas. Los Anishnabeg eran<br \/>desconcertado; los osos culparon a las abejas; las abejas estaban alarmadas. Objetivo<br \/>nadie pod\u00eda hacer nada.<\/p><p>Eventualmente, un verano no hubo rosas. Abejas hambrientas; colibr\u00edes<br \/>adelgaz\u00f3; los osos se enfurecieron. En a\u00f1os posteriores, ese verano se conoc\u00eda<br \/>como el Verano de la Desaparici\u00f3n de la Rosa. Por fin, todos<br \/>estaba alarmado. En desesperaci\u00f3n, se convoc\u00f3 una gran reuni\u00f3n. Todos estaban invitados.<\/p><p>Hubo muchos d\u00edas de discusi\u00f3n antes de que la reuni\u00f3n decidiera<br \/>env\u00eda a todos los veloces a buscar en el mundo una sola rosa; y,<br \/>si encontraban uno, para traerlo de vuelta. Pasaron meses antes de que un colibr\u00ed<br \/>suerte de descubrir una rosa solitaria que crece y se aferra a la ladera de una monta\u00f1a<br \/>en una tierra lejana.<\/p><p>El colibr\u00ed levant\u00f3 de su lecho a la d\u00e9bil y p\u00e1lida rosa.<br \/>y lo trajo de vuelta. Al llegar, los curanderos y curanderos inmediatamente<br \/>cuid\u00f3 la rosa y en pocos d\u00edas la devolvi\u00f3 a la vida. Cu\u00e1ndo<br \/>estaba bastante bien la rosa pudo dar cuenta de la destrucci\u00f3n<br \/>de las rosas<\/p><p>Con voz temblorosa por la debilidad, la rosa dijo: \u201cLos conejos<br \/>comi\u00f3 todas las rosas. \u00bb <br \/>La asamblea levant\u00f3 un alboroto enojado. A la palabra, los osos y<br \/>lobos y linces agarraron a los conejos por las orejas y los abofetearon<br \/>alrededor. Durante el asalto las orejas de los conejos fueron estiradas y<br \/>sus bocas estaban abiertas. Los animales indignados podr\u00edan haber matado<br \/>todos los conejos ese d\u00eda si la rosa no hubiera intercedido en su favor<br \/>diciendo: \u201cSi te hubieras preocupado y nos hubieras observado, podr\u00edamos haber sobrevivido.<br \/>Pero no te preocupaste. Nuestra destrucci\u00f3n fue en parte tu culpa.<br \/>Deja a los conejos en paz. \u00bb<\/p><p>De mala gana, los animales enojados soltaron a los conejos. mientras los conejos<br \/>heridas finalmente sanaron, no perdieron sus cicatrices que permanecieron<br \/>como marcas de su intemperancia. Al norte las rosas alguna vez alcanzaron su<br \/>forma brillo o abundancia. En cambio, las rosas recibidas de<br \/>espinas de Nanabush para protegerlos de la avaricia de los hambrientos y<br \/>el intemperante.<\/p><p>Nanabush, al dotar a las rosas de espinas, advirti\u00f3 a la asamblea:<br \/>\u201cPuedes quitarle la vida a las plantas; pero no puedes darles vida. \u00bb<\/p>\t\t\t\t\t\t\t\t<\/div>\n\t\t\t\t<\/div>\n\t\t\t\t\t<\/div>\n\t\t<\/div>\n\t\t\t\t\t<\/div>\n\t\t<\/section>\n\t\t\t\t<\/div>","protected":false},"excerpt":{"rendered":"<p>Anishinabe Mythology Wiki El t\u00e9rmino Ojibwe proviene de Outchibou, un nombre dado en el siglo XVII a un grupo que viv\u00eda en \u2026 <\/p>","protected":false},"author":1,"featured_media":0,"parent":3405,"menu_order":0,"comment_status":"closed","ping_status":"closed","template":"","meta":{"footnotes":""},"class_list":["post-15439","page","type-page","status-publish","hentry"],"amp_enabled":true,"_links":{"self":[{"href":"https:\/\/mythslegendes.com\/es\/wp-json\/wp\/v2\/pages\/15439","targetHints":{"allow":["GET"]}}],"collection":[{"href":"https:\/\/mythslegendes.com\/es\/wp-json\/wp\/v2\/pages"}],"about":[{"href":"https:\/\/mythslegendes.com\/es\/wp-json\/wp\/v2\/types\/page"}],"author":[{"embeddable":true,"href":"https:\/\/mythslegendes.com\/es\/wp-json\/wp\/v2\/users\/1"}],"replies":[{"embeddable":true,"href":"https:\/\/mythslegendes.com\/es\/wp-json\/wp\/v2\/comments?post=15439"}],"version-history":[{"count":1,"href":"https:\/\/mythslegendes.com\/es\/wp-json\/wp\/v2\/pages\/15439\/revisions"}],"predecessor-version":[{"id":25315,"href":"https:\/\/mythslegendes.com\/es\/wp-json\/wp\/v2\/pages\/15439\/revisions\/25315"}],"up":[{"embeddable":true,"href":"https:\/\/mythslegendes.com\/es\/wp-json\/wp\/v2\/pages\/3405"}],"wp:attachment":[{"href":"https:\/\/mythslegendes.com\/es\/wp-json\/wp\/v2\/media?parent=15439"}],"curies":[{"name":"wp","href":"https:\/\/api.w.org\/{rel}","templated":true}]}}