{"id":15455,"date":"2021-11-17T12:12:39","date_gmt":"2021-11-17T12:12:39","guid":{"rendered":"https:\/\/mythslegendes.com\/?page_id=15455"},"modified":"2022-12-03T22:12:17","modified_gmt":"2022-12-03T22:12:17","slug":"conte-ojibwe-sleeping-giant-649","status":"publish","type":"page","link":"https:\/\/mythslegendes.com\/es\/mitologia-anichinabianos\/cuento-ojibwe-dormir-gigante-649\/","title":{"rendered":"Cuento Ojibwa: Gigante Durmiente"},"content":{"rendered":"<div data-elementor-type=\"wp-page\" data-elementor-id=\"15455\" class=\"elementor elementor-15455\">\n\t\t\t\t\t\t<section class=\"elementor-section elementor-top-section elementor-element elementor-element-36dd26e elementor-section-boxed elementor-section-height-default elementor-section-height-default\" data-id=\"36dd26e\" data-element_type=\"section\" data-e-type=\"section\">\n\t\t\t\t\t\t<div class=\"elementor-container elementor-column-gap-default\">\n\t\t\t\t\t<div class=\"elementor-column elementor-col-50 elementor-top-column elementor-element elementor-element-53bea29\" data-id=\"53bea29\" data-element_type=\"column\" data-e-type=\"column\">\n\t\t\t<div class=\"elementor-widget-wrap elementor-element-populated\">\n\t\t\t\t\t\t<div class=\"elementor-element elementor-element-e99bc0d elementor-align-justify elementor-widget elementor-widget-button\" data-id=\"e99bc0d\" data-element_type=\"widget\" data-e-type=\"widget\" data-widget_type=\"button.default\">\n\t\t\t\t<div class=\"elementor-widget-container\">\n\t\t\t\t\t\t\t\t\t<div class=\"elementor-button-wrapper\">\n\t\t\t\t\t<a class=\"elementor-button elementor-button-link elementor-size-sm\" href=\"https:\/\/mythslegendes.com\/es\/mitologia-anichinabianos\/\">\n\t\t\t\t\t\t<span class=\"elementor-button-content-wrapper\">\n\t\t\t\t\t\t\t\t\t<span class=\"elementor-button-text\">Mitolog\u00eda anichinabe<\/span>\n\t\t\t\t\t<\/span>\n\t\t\t\t\t<\/a>\n\t\t\t\t<\/div>\n\t\t\t\t\t\t\t\t<\/div>\n\t\t\t\t<\/div>\n\t\t\t\t\t<\/div>\n\t\t<\/div>\n\t\t\t\t<div class=\"elementor-column elementor-col-50 elementor-top-column elementor-element elementor-element-6e11d35\" data-id=\"6e11d35\" data-element_type=\"column\" data-e-type=\"column\">\n\t\t\t<div class=\"elementor-widget-wrap elementor-element-populated\">\n\t\t\t\t\t\t<div class=\"elementor-element elementor-element-0b25681 elementor-align-justify elementor-widget elementor-widget-button\" data-id=\"0b25681\" data-element_type=\"widget\" data-e-type=\"widget\" data-widget_type=\"button.default\">\n\t\t\t\t<div class=\"elementor-widget-container\">\n\t\t\t\t\t\t\t\t\t<div class=\"elementor-button-wrapper\">\n\t\t\t\t\t<a class=\"elementor-button elementor-button-link elementor-size-sm\" href=\"https:\/\/www.thecanadianencyclopedia.ca\/fr\/article\/ojibwes\" target=\"_blank\" rel=\"noopener\">\n\t\t\t\t\t\t<span class=\"elementor-button-content-wrapper\">\n\t\t\t\t\t\t\t\t\t<span class=\"elementor-button-text\">Wiki<\/span>\n\t\t\t\t\t<\/span>\n\t\t\t\t\t<\/a>\n\t\t\t\t<\/div>\n\t\t\t\t\t\t\t\t<\/div>\n\t\t\t\t<\/div>\n\t\t\t\t\t<\/div>\n\t\t<\/div>\n\t\t\t\t\t<\/div>\n\t\t<\/section>\n\t\t\t\t<section class=\"elementor-section elementor-top-section elementor-element elementor-element-c6c9cbb elementor-section-boxed elementor-section-height-default elementor-section-height-default\" data-id=\"c6c9cbb\" data-element_type=\"section\" data-e-type=\"section\">\n\t\t\t\t\t\t<div class=\"elementor-container elementor-column-gap-default\">\n\t\t\t\t\t<div class=\"elementor-column elementor-col-100 elementor-top-column elementor-element elementor-element-b0fcb84\" data-id=\"b0fcb84\" data-element_type=\"column\" data-e-type=\"column\">\n\t\t\t<div class=\"elementor-widget-wrap elementor-element-populated\">\n\t\t\t\t\t\t<div class=\"elementor-element elementor-element-ce33c30 elementor-widget elementor-widget-text-editor\" data-id=\"ce33c30\" data-element_type=\"widget\" data-e-type=\"widget\" data-widget_type=\"text-editor.default\">\n\t\t\t\t<div class=\"elementor-widget-container\">\n\t\t\t\t\t\t\t\t\t<p>El t\u00e9rmino Ojibwe proviene de <em>Utchibou<\/em>, nombre dado al XVII<sup>mi<\/sup> siglo a un grupo que viv\u00eda al norte de lo que ahora es Sault Ste. Marie, Ontario Aqu\u00ed est\u00e1 una de sus historias: El gigante dormido.<\/p><p>los <a href=\"https:\/\/mythslegendes.com\/es\/mitologia-anichinabianos\/\">Ojibway<\/a> formaban parte de una serie de grupos muy cercanos, pero distintos, que ocupaban un territorio ubicado entre el noreste de la bah\u00eda <a href=\"https:\/\/mythslegendes.com\/es\/mitologia-georgiana\/\">georgiano<\/a> y el este del Lago Superior. Estos pueblos que se reunieron cerca de la actual Sault Ste. Mar\u00eda tambi\u00e9n se llaman <a href=\"https:\/\/mythslegendes.com\/es\/mitologia-anichinabianos\/\">Saulteaux<\/a>, un t\u00e9rmino que hoy se refiere principalmente a los pueblos Ojibway del noroeste de Ontario y el sureste de Manitoba.<\/p><p><img decoding=\"async\" class=\"alignnone wp-image-9347 size-full\" src=\"https:\/\/mythslegendes.com\/wp-content\/uploads\/2020\/09\/cropped-AlphaOmega-e1602613368367.png\" alt=\"Ojibwa el gigante dormido\" width=\"25\" height=\"25\" title=\"\"><\/p>\t\t\t\t\t\t\t\t<\/div>\n\t\t\t\t<\/div>\n\t\t\t\t\t<\/div>\n\t\t<\/div>\n\t\t\t\t\t<\/div>\n\t\t<\/section>\n\t\t\t\t<section class=\"elementor-section elementor-top-section elementor-element elementor-element-ff4849b elementor-section-boxed elementor-section-height-default elementor-section-height-default\" data-id=\"ff4849b\" data-element_type=\"section\" data-e-type=\"section\">\n\t\t\t\t\t\t<div class=\"elementor-container elementor-column-gap-default\">\n\t\t\t\t\t<div class=\"elementor-column elementor-col-100 elementor-top-column elementor-element elementor-element-b2f4218\" data-id=\"b2f4218\" data-element_type=\"column\" data-e-type=\"column\">\n\t\t\t<div class=\"elementor-widget-wrap elementor-element-populated\">\n\t\t\t\t\t\t<div class=\"elementor-element elementor-element-cfc8a99 elementor-widget elementor-widget-heading\" data-id=\"cfc8a99\" data-element_type=\"widget\" data-e-type=\"widget\" data-widget_type=\"heading.default\">\n\t\t\t\t<div class=\"elementor-widget-container\">\n\t\t\t\t\t<div id=\"ez-toc-container\" class=\"ez-toc-v2_0_82_2 counter-hierarchy ez-toc-counter ez-toc-grey ez-toc-container-direction\">\n<div class=\"ez-toc-title-container\">\n<p class=\"ez-toc-title\" style=\"cursor:inherit\">Contenido<\/p>\n<span class=\"ez-toc-title-toggle\"><a href=\"#\" class=\"ez-toc-pull-right ez-toc-btn ez-toc-btn-xs ez-toc-btn-default ez-toc-toggle\" aria-label=\"Alternar tabla de contenidos\"><span class=\"ez-toc-js-icon-con\"><span class=\"\"><span class=\"eztoc-hide\" style=\"display:none;\">Palanca<\/span><span class=\"ez-toc-icon-toggle-span\"><svg style=\"fill: #999;color:#999\" xmlns=\"http:\/\/www.w3.org\/2000\/svg\" class=\"list-377408\" width=\"20px\" height=\"20px\" viewbox=\"0 0 24 24\" fill=\"none\"><path d=\"M6 6H4v2h2V6zm14 0H8v2h12V6zM4 11h2v2H4v-2zm16 0H8v2h12v-2zM4 16h2v2H4v-2zm16 0H8v2h12v-2z\" fill=\"currentColor\"><\/path><\/svg><svg style=\"fill: #999;color:#999\" class=\"arrow-unsorted-368013\" xmlns=\"http:\/\/www.w3.org\/2000\/svg\" width=\"10px\" height=\"10px\" viewbox=\"0 0 24 24\" version=\"1.2\" baseprofile=\"tiny\"><path d=\"M18.2 9.3l-6.2-6.3-6.2 6.3c-.2.2-.3.4-.3.7s.1.5.3.7c.2.2.4.3.7.3h11c.3 0 .5-.1.7-.3.2-.2.3-.5.3-.7s-.1-.5-.3-.7zM5.8 14.7l6.2 6.3 6.2-6.3c.2-.2.3-.5.3-.7s-.1-.5-.3-.7c-.2-.2-.4-.3-.7-.3h-11c-.3 0-.5.1-.7.3-.2.2-.3.5-.3.7s.1.5.3.7z\"\/><\/svg><\/span><\/span><\/span><\/a><\/span><\/div>\n<nav><ul class='ez-toc-list ez-toc-list-level-1' ><li class='ez-toc-page-1 ez-toc-heading-level-2'><a class=\"ez-toc-link ez-toc-heading-1\" href=\"https:\/\/mythslegendes.com\/es\/mitologia-anichinabianos\/cuento-ojibwe-dormir-gigante-649\/#The-Sleeping-Giant\" >El gigante durmiente<\/a><\/li><\/ul><\/nav><\/div>\n<h2 class=\"elementor-heading-title elementor-size-default\"><span class=\"ez-toc-section\" id=\"The-Sleeping-Giant\"><\/span>El gigante durmiente<span class=\"ez-toc-section-end\"><\/span><\/h2>\t\t\t\t<\/div>\n\t\t\t\t<\/div>\n\t\t\t\t\t<\/div>\n\t\t<\/div>\n\t\t\t\t\t<\/div>\n\t\t<\/section>\n\t\t\t\t<section class=\"elementor-section elementor-top-section elementor-element elementor-element-d9aa744 elementor-section-boxed elementor-section-height-default elementor-section-height-default\" data-id=\"d9aa744\" data-element_type=\"section\" data-e-type=\"section\">\n\t\t\t\t\t\t<div class=\"elementor-container elementor-column-gap-default\">\n\t\t\t\t\t<div class=\"elementor-column elementor-col-100 elementor-top-column elementor-element elementor-element-b801623\" data-id=\"b801623\" data-element_type=\"column\" data-e-type=\"column\">\n\t\t\t<div class=\"elementor-widget-wrap elementor-element-populated\">\n\t\t\t\t\t\t<div class=\"elementor-element elementor-element-2bd484e elementor-widget elementor-widget-text-editor\" data-id=\"2bd484e\" data-element_type=\"widget\" data-e-type=\"widget\" data-widget_type=\"text-editor.default\">\n\t\t\t\t<div class=\"elementor-widget-container\">\n\t\t\t\t\t\t\t\t\t<p>De pie en las costas de la Ciudad de Thunder Bay, uno puede mirar<br \/>a trav\u00e9s de las aguas y ver una gran formaci\u00f3n de tierra conocida como el<br \/>Gigante dormido. Misterio y leyenda envuelven este extra\u00f1o fen\u00f3meno<br \/>de la naturaleza. Una gran tribu de Ojibways viv\u00eda fuera de Thunder Bay en<br \/>Isla Real. Debido a la lealtad a sus dioses y su industrial<br \/>y pac\u00edfico modo de vida, Nanna Bijou, el Esp\u00edritu de las profundidades<br \/>Sea Water, decidi\u00f3 recompensar a la tribu.<\/p><p>El Gran Esp\u00edritu le cont\u00f3 al jefe sobre el t\u00fanel que conduc\u00eda a la<br \/>centro de una rica mina de plata. Advirti\u00f3 que si la tribu Ojibway<br \/>Si alguna vez le dijera al Hombre Blanco de esta mina, \u00e9l, Nanna Bijou, lo har\u00eda.<br \/>ser convertido en piedra. Los ojibways pronto se hicieron famosos por sus hermosos<br \/>adornos de plata T\u00e9 <a href=\"https:\/\/mythslegendes.com\/es\/mythes-et-legendes-siouans-2127\/\">siux<\/a> guerreros, al ver la plata en<br \/>sus enemigos heridos, se esforzaron por arrebatarles el secreto a los ojibways.<\/p><p>La tortura y la muerte no lograron que los valientes miembros de la tribu Ojibway<br \/>divulgar su secreto. Los caciques sioux convocaron a sus m\u00e1s astutos<br \/>explorador y le orden\u00f3 entrar al campamento Ojibway disfrazado como uno<br \/>de ellos. El explorador pronto se enter\u00f3 del paradero de la mina.<\/p><p>Una noche se dirigi\u00f3 a \u00e9l y tom\u00f3 varios pedazos grandes de<br \/>el metal precioso. Durante su regreso al campamento sioux, el explorador<br \/>se detuvo en el puesto de un Comerciante Blanco para comprar comida. All\u00ed, sin pieles para<br \/>comercio, us\u00f3 una pieza de la plata robada. Dos hombres blancos, intento<br \/>al encontrar la fuente de la plata, llen\u00f3 el explorador con agua de fuego<br \/>y lo convenci\u00f3 de que los condujera a la mina. Tal como estaban en<br \/>vista de &quot;Silver Islet&quot;, una terrible tormenta estall\u00f3 sobre el<br \/>Capa. Los Hombres Blancos se ahogaron y el explorador Sioux fue encontrado a la deriva<br \/>en su canoa en un estado de locura.<\/p><p>Algo extraordinario sucedi\u00f3 durante la tormenta. donde una vez<br \/>era una amplia abertura a la bah\u00eda, ahora yac\u00eda lo que parec\u00eda ser un gran<br \/>figura durmiente de un hombre. La advertencia del Gran Esp\u00edritu se hab\u00eda hecho realidad.<br \/>y \u00e9l se hab\u00eda convertido en piedra.<\/p><p>Hoy, pozo parcialmente sumergido a lo que alguna vez fue la plata m\u00e1s rica<br \/>la m\u00eda en el noroeste, todav\u00eda se puede ver. Los hombres blancos han repetido<br \/>intent\u00f3 bombear el agua que inunda desde el lago Superior,<br \/>pero sus esfuerzos han sido en vano. \u00bfSigue bajo la maldici\u00f3n?<br \/>de Nanna Bijou, esp\u00edritu de las aguas profundas del mar? Quiz\u00e1s... \u00bfqui\u00e9n puede decirlo?<\/p>\t\t\t\t\t\t\t\t<\/div>\n\t\t\t\t<\/div>\n\t\t\t\t\t<\/div>\n\t\t<\/div>\n\t\t\t\t\t<\/div>\n\t\t<\/section>\n\t\t\t\t<\/div>","protected":false},"excerpt":{"rendered":"<p>Anishinabe Mythology Wiki El t\u00e9rmino Ojibwe proviene de Outchibou, un nombre dado en el siglo XVII a un grupo que viv\u00eda en \u2026 <\/p>","protected":false},"author":1,"featured_media":0,"parent":3405,"menu_order":0,"comment_status":"closed","ping_status":"closed","template":"","meta":{"footnotes":""},"class_list":["post-15455","page","type-page","status-publish","hentry"],"amp_enabled":true,"_links":{"self":[{"href":"https:\/\/mythslegendes.com\/es\/wp-json\/wp\/v2\/pages\/15455","targetHints":{"allow":["GET"]}}],"collection":[{"href":"https:\/\/mythslegendes.com\/es\/wp-json\/wp\/v2\/pages"}],"about":[{"href":"https:\/\/mythslegendes.com\/es\/wp-json\/wp\/v2\/types\/page"}],"author":[{"embeddable":true,"href":"https:\/\/mythslegendes.com\/es\/wp-json\/wp\/v2\/users\/1"}],"replies":[{"embeddable":true,"href":"https:\/\/mythslegendes.com\/es\/wp-json\/wp\/v2\/comments?post=15455"}],"version-history":[{"count":1,"href":"https:\/\/mythslegendes.com\/es\/wp-json\/wp\/v2\/pages\/15455\/revisions"}],"predecessor-version":[{"id":25318,"href":"https:\/\/mythslegendes.com\/es\/wp-json\/wp\/v2\/pages\/15455\/revisions\/25318"}],"up":[{"embeddable":true,"href":"https:\/\/mythslegendes.com\/es\/wp-json\/wp\/v2\/pages\/3405"}],"wp:attachment":[{"href":"https:\/\/mythslegendes.com\/es\/wp-json\/wp\/v2\/media?parent=15455"}],"curies":[{"name":"wp","href":"https:\/\/api.w.org\/{rel}","templated":true}]}}