{"id":16096,"date":"2021-12-06T20:44:15","date_gmt":"2021-12-06T20:44:15","guid":{"rendered":"https:\/\/mythslegendes.com\/?page_id=16096"},"modified":"2022-12-03T22:14:40","modified_gmt":"2022-12-03T22:14:40","slug":"tchaharchanbe-souri-1837","status":"publish","type":"page","link":"https:\/\/mythslegendes.com\/es\/tchaharchanbe-souri-1837\/","title":{"rendered":"Tchaharchanb\u00e9-Souri"},"content":{"rendered":"\t\t<div data-elementor-type=\"wp-page\" data-elementor-id=\"16096\" class=\"elementor elementor-16096\">\n\t\t\t\t\t\t<section class=\"elementor-section elementor-top-section elementor-element elementor-element-76d49ea elementor-section-boxed elementor-section-height-default elementor-section-height-default\" data-id=\"76d49ea\" data-element_type=\"section\" data-e-type=\"section\">\n\t\t\t\t\t\t<div class=\"elementor-container elementor-column-gap-default\">\n\t\t\t\t\t<div class=\"elementor-column elementor-col-50 elementor-top-column elementor-element elementor-element-331fcdd\" data-id=\"331fcdd\" data-element_type=\"column\" data-e-type=\"column\">\n\t\t\t<div class=\"elementor-widget-wrap elementor-element-populated\">\n\t\t\t\t\t\t<div class=\"elementor-element elementor-element-8596135 elementor-align-justify elementor-widget elementor-widget-button\" data-id=\"8596135\" data-element_type=\"widget\" data-e-type=\"widget\" data-widget_type=\"button.default\">\n\t\t\t\t<div class=\"elementor-widget-container\">\n\t\t\t\t\t\t\t\t\t<div class=\"elementor-button-wrapper\">\n\t\t\t\t\t<a class=\"elementor-button elementor-button-link elementor-size-sm\" href=\"https:\/\/mythslegendes.com\/calendrier-decembre-927\/\">\n\t\t\t\t\t\t<span class=\"elementor-button-content-wrapper\">\n\t\t\t\t\t\t\t\t\t<span class=\"elementor-button-text\">F\u00eates de D\u00e9cembre<\/span>\n\t\t\t\t\t<\/span>\n\t\t\t\t\t<\/a>\n\t\t\t\t<\/div>\n\t\t\t\t\t\t\t\t<\/div>\n\t\t\t\t<\/div>\n\t\t\t\t\t<\/div>\n\t\t<\/div>\n\t\t\t\t<div class=\"elementor-column elementor-col-50 elementor-top-column elementor-element elementor-element-c908742\" data-id=\"c908742\" data-element_type=\"column\" data-e-type=\"column\">\n\t\t\t<div class=\"elementor-widget-wrap elementor-element-populated\">\n\t\t\t\t\t\t<div class=\"elementor-element elementor-element-d6e9c5c elementor-align-justify elementor-widget elementor-widget-button\" data-id=\"d6e9c5c\" data-element_type=\"widget\" data-e-type=\"widget\" data-widget_type=\"button.default\">\n\t\t\t\t<div class=\"elementor-widget-container\">\n\t\t\t\t\t\t\t\t\t<div class=\"elementor-button-wrapper\">\n\t\t\t\t\t<a class=\"elementor-button elementor-button-link elementor-size-sm\" href=\"https:\/\/www.facebook.com\/mythslegendes\" target=\"_blank\" rel=\"noopener\">\n\t\t\t\t\t\t<span class=\"elementor-button-content-wrapper\">\n\t\t\t\t\t\t\t\t\t<span class=\"elementor-button-text\">F\u00eates du jour<\/span>\n\t\t\t\t\t<\/span>\n\t\t\t\t\t<\/a>\n\t\t\t\t<\/div>\n\t\t\t\t\t\t\t\t<\/div>\n\t\t\t\t<\/div>\n\t\t\t\t\t<\/div>\n\t\t<\/div>\n\t\t\t\t\t<\/div>\n\t\t<\/section>\n\t\t\t\t<section class=\"elementor-section elementor-top-section elementor-element elementor-element-629f691 elementor-section-boxed elementor-section-height-default elementor-section-height-default\" data-id=\"629f691\" data-element_type=\"section\" data-e-type=\"section\">\n\t\t\t\t\t\t<div class=\"elementor-container elementor-column-gap-default\">\n\t\t\t\t\t<div class=\"elementor-column elementor-col-100 elementor-top-column elementor-element elementor-element-62e6b30\" data-id=\"62e6b30\" data-element_type=\"column\" data-e-type=\"column\">\n\t\t\t<div class=\"elementor-widget-wrap elementor-element-populated\">\n\t\t\t\t\t\t<div class=\"elementor-element elementor-element-2f37035 elementor-widget elementor-widget-text-editor\" data-id=\"2f37035\" data-element_type=\"widget\" data-e-type=\"widget\" data-widget_type=\"text-editor.default\">\n\t\t\t\t<div class=\"elementor-widget-container\">\n\t\t\t\t\t\t\t\t\t<p>Tchaharchanb\u00e9-Souri (<span class=\"lang-fa\" dir=\"rtl\" lang=\"fa\">\u0686\u0647\u0627\u0631\u0634\u0646\u0628\u0647\u200c\u0633\u0648\u0631\u06cc<\/span>), appel\u00e9 aussi la F\u00eate du feu, est c\u00e9l\u00e9br\u00e9 le mardi soir \u00e0 la veille du dernier mercredi de l&rsquo;ann\u00e9e par les Iraniens depuis au moins 1 700 ans BCE (c&rsquo;est-\u00e0-dire depuis la premi\u00e8re p\u00e9riode du <a href=\"https:\/\/mythslegendes.com\/es\/mitologia-zoroastro\/\">zoroastrisme<\/a>).<\/p><p><img decoding=\"async\" class=\"alignnone wp-image-9347 size-full\" src=\"https:\/\/mythslegendes.com\/wp-content\/uploads\/2020\/09\/cropped-AlphaOmega-e1602613368367.png\" alt=\"Tchaharchanb\u00e9-Souri\" width=\"25\" height=\"25\" title=\"\"><\/p>\t\t\t\t\t\t\t\t<\/div>\n\t\t\t\t<\/div>\n\t\t\t\t\t<\/div>\n\t\t<\/div>\n\t\t\t\t\t<\/div>\n\t\t<\/section>\n\t\t\t\t<section class=\"elementor-section elementor-top-section elementor-element elementor-element-665be4e elementor-section-boxed elementor-section-height-default elementor-section-height-default\" data-id=\"665be4e\" data-element_type=\"section\" data-e-type=\"section\">\n\t\t\t\t\t\t<div class=\"elementor-container elementor-column-gap-default\">\n\t\t\t\t\t<div class=\"elementor-column elementor-col-100 elementor-top-column elementor-element elementor-element-8b13bbb\" data-id=\"8b13bbb\" data-element_type=\"column\" data-e-type=\"column\">\n\t\t\t<div class=\"elementor-widget-wrap elementor-element-populated\">\n\t\t\t\t\t\t<div class=\"elementor-element elementor-element-b6efce7 elementor-widget elementor-widget-heading\" data-id=\"b6efce7\" data-element_type=\"widget\" data-e-type=\"widget\" data-widget_type=\"heading.default\">\n\t\t\t\t<div class=\"elementor-widget-container\">\n\t\t\t\t\t<div id=\"ez-toc-container\" class=\"ez-toc-v2_0_82_2 counter-hierarchy ez-toc-counter ez-toc-grey ez-toc-container-direction\">\n<div class=\"ez-toc-title-container\">\n<p class=\"ez-toc-title\" style=\"cursor:inherit\">Contenus<\/p>\n<span class=\"ez-toc-title-toggle\"><a href=\"#\" class=\"ez-toc-pull-right ez-toc-btn ez-toc-btn-xs ez-toc-btn-default ez-toc-toggle\" aria-label=\"Alternar tabla de contenidos\"><span class=\"ez-toc-js-icon-con\"><span class=\"\"><span class=\"eztoc-hide\" style=\"display:none;\">Toggle<\/span><span class=\"ez-toc-icon-toggle-span\"><svg style=\"fill: #999;color:#999\" xmlns=\"http:\/\/www.w3.org\/2000\/svg\" class=\"list-377408\" width=\"20px\" height=\"20px\" viewBox=\"0 0 24 24\" fill=\"none\"><path d=\"M6 6H4v2h2V6zm14 0H8v2h12V6zM4 11h2v2H4v-2zm16 0H8v2h12v-2zM4 16h2v2H4v-2zm16 0H8v2h12v-2z\" fill=\"currentColor\"><\/path><\/svg><svg style=\"fill: #999;color:#999\" class=\"arrow-unsorted-368013\" xmlns=\"http:\/\/www.w3.org\/2000\/svg\" width=\"10px\" height=\"10px\" viewBox=\"0 0 24 24\" version=\"1.2\" baseProfile=\"tiny\"><path d=\"M18.2 9.3l-6.2-6.3-6.2 6.3c-.2.2-.3.4-.3.7s.1.5.3.7c.2.2.4.3.7.3h11c.3 0 .5-.1.7-.3.2-.2.3-.5.3-.7s-.1-.5-.3-.7zM5.8 14.7l6.2 6.3 6.2-6.3c.2-.2.3-.5.3-.7s-.1-.5-.3-.7c-.2-.2-.4-.3-.7-.3h-11c-.3 0-.5.1-.7.3-.2.2-.3.5-.3.7s.1.5.3.7z\"\/><\/svg><\/span><\/span><\/span><\/a><\/span><\/div>\n<nav><ul class='ez-toc-list ez-toc-list-level-1 ' ><li class='ez-toc-page-1 ez-toc-heading-level-2'><a class=\"ez-toc-link ez-toc-heading-1\" href=\"https:\/\/mythslegendes.com\/es\/tchaharchanbe-souri-1837\/#Tchaharchanbe-Souri-la-Fete-du-Feu\" >Tchaharchanb\u00e9-Souri, la F\u00eate du Feu<\/a><\/li><\/ul><\/nav><\/div>\n<h2 class=\"elementor-heading-title elementor-size-default\"><span class=\"ez-toc-section\" id=\"Tchaharchanbe-Souri-la-Fete-du-Feu\"><\/span>Tchaharchanb\u00e9-Souri, la F\u00eate du Feu<span class=\"ez-toc-section-end\"><\/span><\/h2>\t\t\t\t<\/div>\n\t\t\t\t<\/div>\n\t\t\t\t\t<\/div>\n\t\t<\/div>\n\t\t\t\t\t<\/div>\n\t\t<\/section>\n\t\t\t\t<section class=\"elementor-section elementor-top-section elementor-element elementor-element-6c0e72b elementor-section-boxed elementor-section-height-default elementor-section-height-default\" data-id=\"6c0e72b\" data-element_type=\"section\" data-e-type=\"section\">\n\t\t\t\t\t\t<div class=\"elementor-container elementor-column-gap-default\">\n\t\t\t\t\t<div class=\"elementor-column elementor-col-100 elementor-top-column elementor-element elementor-element-e1350a1\" data-id=\"e1350a1\" data-element_type=\"column\" data-e-type=\"column\">\n\t\t\t<div class=\"elementor-widget-wrap elementor-element-populated\">\n\t\t\t\t\t\t<div class=\"elementor-element elementor-element-da319dc elementor-widget elementor-widget-text-editor\" data-id=\"da319dc\" data-element_type=\"widget\" data-e-type=\"widget\" data-widget_type=\"text-editor.default\">\n\t\t\t\t<div class=\"elementor-widget-container\">\n\t\t\t\t\t\t\t\t\t<p>\u00c0 l\u2019occasion de cette f\u00eate, des luminaires et d\u00e9corations sont install\u00e9s dans les grandes villes iraniennes, et des feux sont allum\u00e9s dans les places publiques. Les luminaires et le feu symbolisent l\u2019esp\u00e9rance d\u2019un \u00e9claircissement, et d\u2019un bonheur radieux pour l\u2019ann\u00e9e \u00e0 venir.<\/p><p>Concr\u00e8tement, les gens r\u00e9unissent des plus ou moins grands tas de bois, pour les enflammer et sauter par-dessus les flammes, en pronon\u00e7ant la phrase\u00a0: \u00ab\u00a0Zardi-y\u00e9 man az to\u00a0; sorkhi-y\u00e9 to az man\u00a0\u00bb ( <span class=\"lang-fa\" dir=\"rtl\" lang=\"fa\">\u0632\u0631\u062f\u06cc \u0645\u0646 \u0627\u0632 \u062a\u0648\u060c \u0633\u0631\u062e\u06cc \u062a\u0648 \u0627\u0632 \u0645\u0646<\/span>) qui signifie litt\u00e9ralement\u00a0: \u00ab\u00a0ma [couleur] jaune pour toi, ta [couleur] rouge pour moi\u00a0\u00bb (le rouge est la couleur du feu), c&rsquo;est-\u00e0-dire, figurativement, <span class=\"citation\">\u00ab\u00a0je te donne ma p\u00e2leur \u2014 ou ma maladie \u2014, je prends ta force \u2014 ta sant\u00e9\u00a0\u00bb<\/span>.<\/p><p>C&rsquo;est l&rsquo;occasion d\u2019un grand rassemblement populaire o\u00f9 les Iraniens sortent dans l\u2019espace public (rues et parcs) et s&rsquo;offrent des sucreries connues sous le nom de <i>Adjil\u00e9 Moshkel Gosha<\/i> (m\u00e9lange de noisettes, de noix de cajou, de noix, de pistaches, de raisins secs et de m\u00fbres blanches s\u00e9ch\u00e9es) afin de glorifier la sant\u00e9 et le bonheur de l&rsquo;ann\u00e9e pass\u00e9e. Des p\u00e9tards sont lanc\u00e9s dans les rues.<\/p><p>D&rsquo;apr\u00e8s la tradition, les esprits des anc\u00eatres rendent visite aux vivants les derniers jours de l&rsquo;ann\u00e9e, et beaucoup d&rsquo;enfants s&rsquo;entourent de draps, rejouant ainsi symboliquement les visites des morts. Ils courent aussi dans les rues en tapant sur des bo\u00eetes et des casseroles et frappent aux portes pour jouer des tours aux gens. Ce rituel est appel\u00e9 qashogh-zany (litt\u00e9ralement\u00a0: tapement de cuill\u00e8re) et symbolise le fait de chasser le dernier mercredi de malchance de l&rsquo;ann\u00e9e.<\/p><p>Il y a plusieurs autres traditions cette nuit-l\u00e0, dont les rituels de <i>Kouz\u00e9 Ch\u00e9kastan<\/i> (<span class=\"lang-fa\" dir=\"rtl\" lang=\"fa\"> \u06a9\u0648\u0632\u0647 \u0634\u06a9\u0633\u062a\u0646<\/span>), pendant lequel on casse des jarres en terre qui contiennent symboliquement la mauvaise fortune de quelqu&rsquo;un, <i>F\u00e2l-gouch<\/i> (<span class=\"lang-fa\" dir=\"rtl\" lang=\"fa\">\u0641\u0627\u0644\u200c\u06af\u0648\u0634<\/span>) ou l&rsquo;art de la divination en \u00e9coutant les conversations des passants et le rituel de <i>Gu\u00e9r\u00e9-goch\u00e2yi<\/i> (<span class=\"lang-fa\" dir=\"rtl\" lang=\"fa\">\u06af\u0631\u0647\u200c\u06af\u0634\u0627\u06cc\u06cc<\/span>), faire un n\u0153ud dans un mouchoir ou un tissu et demander au premier passant de le d\u00e9faire afin d&rsquo;\u00e9loigner la malchance de quelqu&rsquo;u<\/p>\t\t\t\t\t\t\t\t<\/div>\n\t\t\t\t<\/div>\n\t\t\t\t\t<\/div>\n\t\t<\/div>\n\t\t\t\t\t<\/div>\n\t\t<\/section>\n\t\t\t\t<section class=\"elementor-section elementor-top-section elementor-element elementor-element-f610287 elementor-section-boxed elementor-section-height-default elementor-section-height-default\" data-id=\"f610287\" data-element_type=\"section\" data-e-type=\"section\">\n\t\t\t\t\t\t<div class=\"elementor-container elementor-column-gap-default\">\n\t\t\t\t\t<div class=\"elementor-column elementor-col-100 elementor-top-column elementor-element elementor-element-3a5b229\" data-id=\"3a5b229\" data-element_type=\"column\" data-e-type=\"column\">\n\t\t\t<div class=\"elementor-widget-wrap elementor-element-populated\">\n\t\t\t\t\t\t<div class=\"elementor-element elementor-element-7eae2c4 elementor-widget elementor-widget-text-editor\" data-id=\"7eae2c4\" data-element_type=\"widget\" data-e-type=\"widget\" data-widget_type=\"text-editor.default\">\n\t\t\t\t<div class=\"elementor-widget-container\">\n\t\t\t\t\t\t\t\t\t<p>Voici le texte de nos r\u00e9seaux sociaux :<\/p><p>Aujourd&rsquo;hui, les peuples <a href=\"https:\/\/mythslegendes.com\/es\/mythes-et-legendes-de-perse-1542\/\">Perses<\/a> et les Zoroastres f\u00eatent Tchaharchanb\u00e9-Souri, le F\u00eate du Feu. Le feu symbolise l&rsquo;esp\u00e9rance et un bonheur radieux pour l&rsquo;ann\u00e9e \u00e0 venir. Les gens font des grands feux de bois et sautent par dessus pour porter bonheur et conjurer le malheur. #mythologie #mythe #legende #calendrier #Tchaharchanb\u00e9-Souri #perse #zoroastre<\/p>\t\t\t\t\t\t\t\t<\/div>\n\t\t\t\t<\/div>\n\t\t\t\t\t<\/div>\n\t\t<\/div>\n\t\t\t\t\t<\/div>\n\t\t<\/section>\n\t\t\t\t<section class=\"elementor-section elementor-top-section elementor-element elementor-element-fd53875 elementor-section-boxed elementor-section-height-default elementor-section-height-default\" data-id=\"fd53875\" data-element_type=\"section\" data-e-type=\"section\">\n\t\t\t\t\t\t<div class=\"elementor-container elementor-column-gap-default\">\n\t\t\t\t\t<div class=\"elementor-column elementor-col-100 elementor-top-column elementor-element elementor-element-604725f\" data-id=\"604725f\" data-element_type=\"column\" data-e-type=\"column\">\n\t\t\t<div class=\"elementor-widget-wrap elementor-element-populated\">\n\t\t\t\t\t\t<div class=\"elementor-element elementor-element-f95c5e9 elementor-widget elementor-widget-image\" data-id=\"f95c5e9\" data-element_type=\"widget\" data-e-type=\"widget\" data-widget_type=\"image.default\">\n\t\t\t\t<div class=\"elementor-widget-container\">\n\t\t\t\t\t\t\t\t\t\t\t\t\t\t\t<img fetchpriority=\"high\" decoding=\"async\" width=\"640\" height=\"427\" src=\"https:\/\/mythslegendes.com\/wp-content\/uploads\/2021\/12\/ETTgAEqWsAA_WvQ-768x512.jpg\" class=\"attachment-medium_large size-medium_large wp-image-16098\" alt=\"\" srcset=\"https:\/\/mythslegendes.com\/wp-content\/uploads\/2021\/12\/ETTgAEqWsAA_WvQ-768x512.jpg 768w, https:\/\/mythslegendes.com\/wp-content\/uploads\/2021\/12\/ETTgAEqWsAA_WvQ-300x200.jpg 300w, https:\/\/mythslegendes.com\/wp-content\/uploads\/2021\/12\/ETTgAEqWsAA_WvQ-18x12.jpg 18w, https:\/\/mythslegendes.com\/wp-content\/uploads\/2021\/12\/ETTgAEqWsAA_WvQ.jpg 780w\" sizes=\"(max-width: 640px) 100vw, 640px\" title=\"\">\t\t\t\t\t\t\t\t\t\t\t\t\t\t\t<\/div>\n\t\t\t\t<\/div>\n\t\t\t\t\t<\/div>\n\t\t<\/div>\n\t\t\t\t\t<\/div>\n\t\t<\/section>\n\t\t\t\t<\/div>\n\t\t","protected":false},"excerpt":{"rendered":"<p>F\u00eates de D\u00e9cembre F\u00eates du jour Tchaharchanb\u00e9-Souri (\u0686\u0647\u0627\u0631\u0634\u0646\u0628\u0647\u200c\u0633\u0648\u0631\u06cc), appel\u00e9 aussi la F\u00eate du feu, est c\u00e9l\u00e9br\u00e9 le mardi soir \u00e0 &hellip; <\/p>","protected":false},"author":1,"featured_media":0,"parent":0,"menu_order":0,"comment_status":"closed","ping_status":"closed","template":"","meta":{"footnotes":""},"class_list":["post-16096","page","type-page","status-publish","hentry"],"amp_enabled":true,"_links":{"self":[{"href":"https:\/\/mythslegendes.com\/es\/wp-json\/wp\/v2\/pages\/16096","targetHints":{"allow":["GET"]}}],"collection":[{"href":"https:\/\/mythslegendes.com\/es\/wp-json\/wp\/v2\/pages"}],"about":[{"href":"https:\/\/mythslegendes.com\/es\/wp-json\/wp\/v2\/types\/page"}],"author":[{"embeddable":true,"href":"https:\/\/mythslegendes.com\/es\/wp-json\/wp\/v2\/users\/1"}],"replies":[{"embeddable":true,"href":"https:\/\/mythslegendes.com\/es\/wp-json\/wp\/v2\/comments?post=16096"}],"version-history":[{"count":3,"href":"https:\/\/mythslegendes.com\/es\/wp-json\/wp\/v2\/pages\/16096\/revisions"}],"predecessor-version":[{"id":25667,"href":"https:\/\/mythslegendes.com\/es\/wp-json\/wp\/v2\/pages\/16096\/revisions\/25667"}],"wp:attachment":[{"href":"https:\/\/mythslegendes.com\/es\/wp-json\/wp\/v2\/media?parent=16096"}],"curies":[{"name":"wp","href":"https:\/\/api.w.org\/{rel}","templated":true}]}}