{"id":199,"date":"2019-10-11T17:14:05","date_gmt":"2019-10-11T16:14:05","guid":{"rendered":"https:\/\/mythslegendes.com\/?page_id=199"},"modified":"2022-12-03T22:06:50","modified_gmt":"2022-12-03T22:06:50","slug":"llud-et-llevelys","status":"publish","type":"page","link":"https:\/\/mythslegendes.com\/es\/mitologia-bretona\/llud-et-llevelys\/","title":{"rendered":"Llud y Llevelys"},"content":{"rendered":"<div data-elementor-type=\"wp-page\" data-elementor-id=\"199\" class=\"elementor elementor-199\">\n\t\t\t\t\t\t<section class=\"elementor-section elementor-top-section elementor-element elementor-element-b3060df elementor-section-boxed elementor-section-height-default elementor-section-height-default\" data-id=\"b3060df\" data-element_type=\"section\" data-e-type=\"section\">\n\t\t\t\t\t\t<div class=\"elementor-container elementor-column-gap-default\">\n\t\t\t\t\t<div class=\"elementor-column elementor-col-50 elementor-top-column elementor-element elementor-element-b0625ca\" data-id=\"b0625ca\" data-element_type=\"column\" data-e-type=\"column\">\n\t\t\t<div class=\"elementor-widget-wrap elementor-element-populated\">\n\t\t\t\t\t\t<div class=\"elementor-element elementor-element-e4cda00 elementor-align-justify elementor-widget elementor-widget-button\" data-id=\"e4cda00\" data-element_type=\"widget\" data-e-type=\"widget\" data-widget_type=\"button.default\">\n\t\t\t\t<div class=\"elementor-widget-container\">\n\t\t\t\t\t\t\t\t\t<div class=\"elementor-button-wrapper\">\n\t\t\t\t\t<a class=\"elementor-button elementor-button-link elementor-size-sm\" href=\"https:\/\/mythslegendes.com\/es\/mitologia-bretona\/\">\n\t\t\t\t\t\t<span class=\"elementor-button-content-wrapper\">\n\t\t\t\t\t\t\t\t\t<span class=\"elementor-button-text\">Mitolog\u00eda bretona<\/span>\n\t\t\t\t\t<\/span>\n\t\t\t\t\t<\/a>\n\t\t\t\t<\/div>\n\t\t\t\t\t\t\t\t<\/div>\n\t\t\t\t<\/div>\n\t\t\t\t\t<\/div>\n\t\t<\/div>\n\t\t\t\t<div class=\"elementor-column elementor-col-50 elementor-top-column elementor-element elementor-element-60fd891\" data-id=\"60fd891\" data-element_type=\"column\" data-e-type=\"column\">\n\t\t\t<div class=\"elementor-widget-wrap elementor-element-populated\">\n\t\t\t\t\t\t<div class=\"elementor-element elementor-element-a2c4706 elementor-align-justify elementor-widget elementor-widget-button\" data-id=\"a2c4706\" data-element_type=\"widget\" data-e-type=\"widget\" data-widget_type=\"button.default\">\n\t\t\t\t<div class=\"elementor-widget-container\">\n\t\t\t\t\t\t\t\t\t<div class=\"elementor-button-wrapper\">\n\t\t\t\t\t<a class=\"elementor-button elementor-button-link elementor-size-sm\" href=\"https:\/\/fr.wikipedia.org\/wiki\/Mythologie_bretonne\" target=\"_blank\" rel=\"noopener\">\n\t\t\t\t\t\t<span class=\"elementor-button-content-wrapper\">\n\t\t\t\t\t\t\t\t\t<span class=\"elementor-button-text\">Wiki<\/span>\n\t\t\t\t\t<\/span>\n\t\t\t\t\t<\/a>\n\t\t\t\t<\/div>\n\t\t\t\t\t\t\t\t<\/div>\n\t\t\t\t<\/div>\n\t\t\t\t\t<\/div>\n\t\t<\/div>\n\t\t\t\t\t<\/div>\n\t\t<\/section>\n\t\t\t\t<section class=\"elementor-section elementor-top-section elementor-element elementor-element-3da8ef4 elementor-section-boxed elementor-section-height-default elementor-section-height-default\" data-id=\"3da8ef4\" data-element_type=\"section\" data-e-type=\"section\">\n\t\t\t\t\t\t<div class=\"elementor-container elementor-column-gap-default\">\n\t\t\t\t\t<div class=\"elementor-column elementor-col-100 elementor-top-column elementor-element elementor-element-224f35c2\" data-id=\"224f35c2\" data-element_type=\"column\" data-e-type=\"column\">\n\t\t\t<div class=\"elementor-widget-wrap elementor-element-populated\">\n\t\t\t\t\t\t<div class=\"elementor-element elementor-element-643495f2 elementor-widget elementor-widget-text-editor\" data-id=\"643495f2\" data-element_type=\"widget\" data-e-type=\"widget\" data-widget_type=\"text-editor.default\">\n\t\t\t\t<div class=\"elementor-widget-container\">\n\t\t\t\t\t\t\t\t\t<p><\/p>\n<p>Beli el Grande, hijo de Manogan, tuvo tres hijos: Lludd, Kasswallawn y Nynnyaw; seg\u00fan la historia, incluso tuvo un cuarto, Llevelys. Despu\u00e9s de la muerte de Beli, el reino de <a href=\"https:\/\/mythslegendes.com\/es\/mitologia-bretona\/\">Breta\u00f1a<\/a> volvi\u00f3 a Lludd, su hijo mayor. la gobern\u00f3 pr\u00f3speramente, renov\u00f3 las murallas de Llundein (Londres) y las rode\u00f3 de innumerables torres. Luego mand\u00f3 a todos los ciudadanos que construyeran all\u00ed casas como no las hab\u00eda tan altas en los otros reinos.<\/p>\n<p><img decoding=\"async\" class=\"alignnone wp-image-5284 size-full\" src=\"https:\/\/mythslegendes.com\/wp-content\/uploads\/2020\/09\/AlphaOmega-e1602613368367.png\" alt=\"Llud y Llevelys\" width=\"25\" height=\"26\" title=\"\"><\/p>\n<div id=\"ez-toc-container\" class=\"ez-toc-v2_0_82_2 counter-hierarchy ez-toc-counter ez-toc-grey ez-toc-container-direction\">\n<div class=\"ez-toc-title-container\">\n<p class=\"ez-toc-title\" style=\"cursor:inherit\">Contenido<\/p>\n<span class=\"ez-toc-title-toggle\"><a href=\"#\" class=\"ez-toc-pull-right ez-toc-btn ez-toc-btn-xs ez-toc-btn-default ez-toc-toggle\" aria-label=\"Alternar tabla de contenidos\"><span class=\"ez-toc-js-icon-con\"><span class=\"\"><span class=\"eztoc-hide\" style=\"display:none;\">Palanca<\/span><span class=\"ez-toc-icon-toggle-span\"><svg style=\"fill: #999;color:#999\" xmlns=\"http:\/\/www.w3.org\/2000\/svg\" class=\"list-377408\" width=\"20px\" height=\"20px\" viewbox=\"0 0 24 24\" fill=\"none\"><path d=\"M6 6H4v2h2V6zm14 0H8v2h12V6zM4 11h2v2H4v-2zm16 0H8v2h12v-2zM4 16h2v2H4v-2zm16 0H8v2h12v-2z\" fill=\"currentColor\"><\/path><\/svg><svg style=\"fill: #999;color:#999\" class=\"arrow-unsorted-368013\" xmlns=\"http:\/\/www.w3.org\/2000\/svg\" width=\"10px\" height=\"10px\" viewbox=\"0 0 24 24\" version=\"1.2\" baseprofile=\"tiny\"><path d=\"M18.2 9.3l-6.2-6.3-6.2 6.3c-.2.2-.3.4-.3.7s.1.5.3.7c.2.2.4.3.7.3h11c.3 0 .5-.1.7-.3.2-.2.3-.5.3-.7s-.1-.5-.3-.7zM5.8 14.7l6.2 6.3 6.2-6.3c.2-.2.3-.5.3-.7s-.1-.5-.3-.7c-.2-.2-.4-.3-.7-.3h-11c-.3 0-.5.1-.7.3-.2.2-.3.5-.3.7s.1.5.3.7z\"\/><\/svg><\/span><\/span><\/span><\/a><\/span><\/div>\n<nav><ul class='ez-toc-list ez-toc-list-level-1' ><li class='ez-toc-page-1 ez-toc-heading-level-2'><a class=\"ez-toc-link ez-toc-heading-1\" href=\"https:\/\/mythslegendes.com\/es\/mitologia-bretona\/llud-et-llevelys\/#Llud-et-Llevelys\" >Llud y Llevelys<\/a><\/li><\/ul><\/nav><\/div>\n<h2><span class=\"ez-toc-section\" id=\"Llud-et-Llevelys\"><\/span>Llud y Llevelys<span class=\"ez-toc-section-end\"><\/span><\/h2>\n<p>Tambi\u00e9n fue un buen guerrero; era generoso y distribu\u00eda ampliamente comida y bebida a todos los que preguntaban. Aunque ten\u00eda muchos pueblos y ciudades fortificadas, este era el que prefer\u00eda; pas\u00f3 la mayor parte del a\u00f1o all\u00ed. Por eso la llamaban Kaer Lludd; al final, la llamaron Kaer Lundein; fue despu\u00e9s de haber sido invadido por una naci\u00f3n extranjera que tom\u00f3 el nombre de Llundein o Llwndrys. De todos sus hermanos, el que m\u00e1s amaba era Llevelys, porque era un hombre prudente y sabio.<\/p>\n<p><\/p>\n<p><\/p>\n<p class=\"has-text-align-justify\">Llevelys, al enterarse de que el rey de Francia hab\u00eda muerto sin m\u00e1s heredero que una hija y que hab\u00eda dejado todas sus propiedades en sus manos, acudi\u00f3 a su hermano Lludd para pedirle consejo y apoyo; pensaba menos en sus propios intereses que en el aumento de honor, elevaci\u00f3n y dignidad que resultar\u00eda de ello para su raza si pudiera ir al reino de Francia a pedir por esposa a esta joven heredera.<\/p>\n<p class=\"has-text-align-justify\">Su hermano estuvo de acuerdo con \u00e9l en el acto y aprob\u00f3 su plan. Inmediatamente los barcos fueron equipados y llenos de caballeros armados, y Llevelys parti\u00f3 hacia Francia. Desembarcado de inmediato. enviaron mensajeros a los nobles de Francia para explicarles el objeto de su expedici\u00f3n. Tras deliberar, de mutuo acuerdo, los nobles y jefes del pa\u00eds entregaron a Llevelys la joven con la corona de Francia. Desde entonces, no ha dejado de gobernar sus Estados con prudencia, sabidur\u00eda y alegr\u00eda hasta el final de su vida.<\/p>\n<p><\/p>\n<p><\/p>\n<p class=\"has-text-align-justify\">Ya hab\u00eda pasado un tiempo cuando cayeron tres plagas sobre la isla de Breta\u00f1a, como nunca antes se hab\u00eda visto. La primera era una raza particular llamada Corannyeit: tal era su conocimiento que no hab\u00eda conversaci\u00f3n en toda la superficie de la isla, por muy bajo que se hablara, que no sab\u00edan si el viento ven\u00eda a sorprenderla; para que no pudieran ser da\u00f1ados.<\/p>\n<p class=\"has-text-align-justify\">La segunda plaga fue un gran clamor que se escuch\u00f3 todas las noches del Primero de Mayo sobre todos los hogares de la isla de Breta\u00f1a; atraves\u00f3 el coraz\u00f3n de los humanos y les caus\u00f3 tal miedo que los hombres perdieron sus colores y su fuerza; mujeres, ni\u00f1os en su vientre; hombres y mujeres j\u00f3venes, su raz\u00f3n. Los animales, los \u00e1rboles, la tierra y el agua permanecieron est\u00e9riles. En esto consisti\u00f3 la tercera plaga: no importa cu\u00e1nta provisi\u00f3n se reuni\u00f3 en las cortes del rey, incluso si hubiera habido comida y bebida durante un a\u00f1o, solo ten\u00edamos lo que se consumi\u00f3 la primera noche.<\/p>\n<p class=\"has-text-align-justify\">La primera plaga se extendi\u00f3 a plena luz del d\u00eda, pero nadie sab\u00eda la causa de las otras dos, por lo que hab\u00eda m\u00e1s esperanzas de deshacerse de la primera que de la segunda o la tercera. El rey Lludd se preocup\u00f3 y se inquiet\u00f3 mucho por ello, sin saber c\u00f3mo pod\u00eda deshacerse de \u00e9l. Convoc\u00f3 a todos los nobles de sus propiedades y les pidi\u00f3 consejo sobre las medidas a tomar contra estas plagas. Siguiendo el consejo un\u00e1nime de sus nobles, Lludd, hijo de Belice, se tambale\u00f3 para ir a Llevelys, rey de Fringes, conocido por la excelencia de sus consejos y su sabidur\u00eda para buscar sus consejos.<\/p>\n<p><\/p>\n<p><\/p>\n<p class=\"has-text-align-justify\">Prepararon una flota, y eso en silenciosos secretos. no sea que los invasores o cualquiera que no sea el rey y los consejeros conozcan el motivo de su expedici\u00f3n. Cuando estuvieron listos, Lludd y los que \u00e9l hab\u00eda elegido se embarcaron y empezaron a surcar las olas en direcci\u00f3n a Francia. Al enterarse de la aproximaci\u00f3n de esta flota, Llevelys, que desconoc\u00eda la causa de la expedici\u00f3n de su hermano, avanz\u00f3 desde la orilla opuesta a su encuentro con una flota muy numerosa.<\/p>\n<p class=\"has-text-align-justify\">Lo que vio Lludd dej\u00f3 a todos sus barcos fuera, excepto uno que abord\u00f3 para encontrarse con su hermano. Tambi\u00e9n lo recibi\u00f3 con un barco. Inmediatamente reunidos. se abrazaron y se saludaron con ternura fraterna. Lludd explic\u00f3 a su hermano el motivo de su expedici\u00f3n; Llevelys respondi\u00f3 que conoc\u00eda los motivos de su viaje a este pa\u00eds. Se dispusieron a encontrar otra forma de hablar de su negocio, de modo que el viento no pudiera llegar a sus palabras y los Corannyeit no supieran qu\u00e9 decir.<\/p>\n<p class=\"has-text-align-justify\">Llevelys, por tanto, mand\u00f3 fabricar un gran cuerno de bronce, y fue a trav\u00e9s de este cuerno que conversaron. Pero lo que sea que uno de ellos pudiera decirle al otro, ella solo le hizo comentarios desagradables en la direcci\u00f3n opuesta. \u00a1Llevelys viendo que el diablo se interpon\u00eda en el camino y causaba problemas a trav\u00e9s del cuerno! le echaron vino, lo lav\u00f3 y expuls\u00f3 al diablo en virtud del vino.<\/p>\n<p><\/p>\n<p><\/p>\n<p class=\"has-text-align-justify\">Cuando pudieron hablar sin impedimentos, Llevelys le dijo a su hermano que le dar\u00eda ciertos insectos de los que mantendr\u00eda una parte viva para perpetuar la raza en caso de que volviera a ocurrir la misma plaga, y de los cuales aplastar\u00eda. descansar en agua. \u00c9l le asegur\u00f3 que esta era una buena manera de destruir la raza Corannyeit, as\u00ed es como:<\/p>\n<p><\/p>\n<p><\/p>\n<p class=\"has-text-align-justify\">Tan pronto como llegara a su reino, reunir\u00eda a toda su propia gente, y a la naci\u00f3n de los Corannyeit, en una sola manta, con el pretexto de hacer las paces entre ellos. Cuando todos estuvieran reunidos, \u00e9l tomar\u00eda esta maravillosa agua y la derramar\u00eda sobre todos indiscriminadamente. Llevelys asegur\u00f3 que esta agua envenenar\u00eda a la raza Corannyeit, pero que no matar\u00eda ni da\u00f1ar\u00eda a nadie en su propia naci\u00f3n. En cuanto a la segunda plaga de sus estados &quot;, agreg\u00f3,&quot; es un drag\u00f3n. Un drag\u00f3n de una raza alien\u00edgena pelea con \u00e9l y busca derrotarlo.<\/p>\n<p class=\"has-text-align-justify\">Por eso tu drag\u00f3n te da un grito aterrador. As\u00ed es como lo averiguar\u00e1. De vuelta a casa, mido esta isla de arriba a abajo: en el lugar donde se encuentra exactamente el punto central de la isla, haz que caven un hoyo, tengan una tina llena de hidromiel, lo mejor que se puede hacer, y cubran el tanque con un abrigo de brocado. Una vez hecho esto, m\u00edrate a ti mismo, en persona, y ver\u00e1s a los dragones peleando en forma de animales espeluznantes.<\/p>\n<p class=\"has-text-align-justify\">Eventualmente aparecer\u00e1n en el aire en forma de dragones, y finalmente cuando est\u00e9n agotados por una pelea furiosa y terrible, caer\u00e1n sobre el manto en forma de dos cerdos; se hundir\u00e1n con el manto, y lo arrastrar\u00e1n con ellos hasta el fondo de la tinaja; beber\u00e1n toda la hidromiel y luego se dormir\u00e1n.<\/p>\n<p class=\"has-text-align-justify\">Entonces, doble el manto alrededor de ellos, h\u00e1galos enterrar, encerrados en un cofre de piedra, en el lugar m\u00e1s fuerte de sus estados, y esc\u00f3ndelos bien en la tierra. Mientras est\u00e9n en esta fortaleza, no vendr\u00e1 ninguna invasi\u00f3n de ning\u00fan otro lugar de la isla de Breta\u00f1a. \u00c9sta es la causa de la tercera plaga. Es un mago poderoso que te quita la comida, la bebida y las provisiones; con su magia y sus encantos hace dormir a todos.<\/p>\n<p class=\"has-text-align-justify\">Tambi\u00e9n tendr\u00e1s que vigilar en persona los platos de tus banquetes y tus provisiones. Para que no pueda hacerte dormir, tener una tina llena de agua a tu lado. Cuando sientas que el sue\u00f1o se apodera de ti. T\u00edrate al tanque. &quot;\u00a0<\/p>\n<p><\/p>\n<p><\/p>\n<p class=\"has-text-align-justify\">Lludd volvi\u00f3 entonces a su pa\u00eds. Inmediatamente invit\u00f3 a toda su gente ya los de Corannyeit a reunirse con \u00e9l. Siguiendo las instrucciones de Llevelys, aplast\u00f3 a los insectos en agua, y arroj\u00f3 el agua indiscriminadamente sobre todos ellos. Inmediatamente toda la tribu Corannyeit fue destruida, sin que ninguno de los <a href=\"https:\/\/mythslegendes.com\/es\/mitologia-bretona\/\">Bretones<\/a> sufri\u00f3 el m\u00e1s m\u00ednimo da\u00f1o. Alg\u00fan tiempo despu\u00e9s, Lludd hizo medir la isla de Breta\u00f1a a lo largo ya lo ancho. Encontr\u00f3 el punto central en Rytychen (Oxford). Hizo cavar un hoyo all\u00ed, y coloc\u00f3 en el hoyo una tina llena del mejor hidromiel que se pod\u00eda hacer, con una capa de brocado encima.<\/p>\n<p class=\"has-text-align-justify\">\u00c9l mismo vigil\u00f3 esa noche. Mientras estaba as\u00ed al acecho, vio a los dragones peleando. Cuando se cansaron y no pudieron aguantar m\u00e1s, descendieron sobre el manto y lo arrastraron con ellos hasta el fondo del tanque. Despu\u00e9s de que terminaron de beber el hidromiel, se durmieron. Mientras dorm\u00edan, Lludd dobl\u00f3 la capa alrededor de ellos y los enterr\u00f3. encerrado en un cofre de piedra, en el lugar m\u00e1s seguro que encontr\u00f3 en las monta\u00f1as de Eryri. Desde all\u00ed llamaron a Dinas Emreis; anteriormente se llamaba Dinas Ffaraon Dandde. As\u00ed termin\u00f3 este clamor violento que conmovi\u00f3 a todo el reino.<\/p>\n<p><\/p>\n<p><\/p>\n<p class=\"has-text-align-justify\">Hecho esto, el rey Lludd ten\u00eda preparado un gran banquete. Cuando todo estuvo listo, coloc\u00f3 a su lado una tina llena de agua fr\u00eda, y mir\u00f3 en persona a su lado mientras estaba as\u00ed completamente armado, hacia la tercera vigilia de la noche escuch\u00f3 muchos cuentos encantadores y m\u00fasica extraordinaria y variada, y sinti\u00f3 que no pod\u00eda resistir el sue\u00f1o.<\/p>\n<p class=\"has-text-align-justify\">En lugar de dejarse detener en su proyecto y ser conquistado por el sue\u00f1o, se arroj\u00f3 varias veces al agua. Por fin entr\u00f3 un hombre muy alto, cubierto de pesadas y s\u00f3lidas armas, cargando una canasta, y empez\u00f3 a amontonar, como sol\u00eda, todas las provisiones de comida y bebida.<\/p>\n<p class=\"has-text-align-justify\">Luego procedi\u00f3 a salir con todo. Lo que m\u00e1s sorprendi\u00f3 a Lludd fue que cab\u00eda tanto en la canasta. Lludd corri\u00f3 tras \u00e9l y dijo: &quot;Espera, espera&quot;. Si me has hecho muchas afrentas y causado muchas p\u00e9rdidas, de ahora en adelante no lo volver\u00e1s a hacer, a menos que las armas decidan que eres m\u00e1s fuerte y m\u00e1s valiente que yo. El hombre inmediatamente puso la canasta en el suelo y lo esper\u00f3. Se produjo una furiosa pelea entre ellos: chispas saltaron de sus armas. Al final, Lludd lo agarra; el destino quiso que la victoria le quedara; derrib\u00f3 al opresor en el suelo debajo de \u00e9l.<\/p>\n<p class=\"has-text-align-justify\">Derrotado por la fuerza y el valor de Lludd, le pidi\u00f3 gracias. &quot;\u00bfC\u00f3mo puedo darte gracias&quot;, dijo el rey, despu\u00e9s de todas las p\u00e9rdidas y las afrentas que he sufrido por tu parte? \u00bb\u00bb Todo lo que te hice perder \u00ab, respondi\u00f3\u00bb Te podr\u00e9 compensar por completo. Ya no me fiar\u00e9 de nada parecido, y en adelante ser\u00e9 un vasallo fiel para ti &quot;. El rey estuvo de acuerdo. As\u00ed libr\u00f3 Lludd a la isla de Breta\u00f1a de estos tres flagelos. Desde all\u00ed hasta el final de su vida, Lludd, hijo de Beli, gobern\u00f3 la isla de Breta\u00f1a en paz y prosperidad.<\/p>\n<p class=\"has-text-align-justify\">Este cuento se conoce como La aventura de Lludd y Llevelys. As\u00ed es como termina.<\/p>\n<p><\/p>\t\t\t\t\t\t\t\t<\/div>\n\t\t\t\t<\/div>\n\t\t\t\t\t<\/div>\n\t\t<\/div>\n\t\t\t\t\t<\/div>\n\t\t<\/section>\n\t\t\t\t<\/div>","protected":false},"excerpt":{"rendered":"<p>Breton Mythology Wiki Beli el Grande, hijo de Manogan, tuvo tres hijos: Lludd, Kasswallawn y Nynnyaw; Seg\u00fan la historia, \u00e9l... <\/p>","protected":false},"author":1,"featured_media":200,"parent":96,"menu_order":0,"comment_status":"closed","ping_status":"closed","template":"","meta":{"footnotes":""},"class_list":["post-199","page","type-page","status-publish","has-post-thumbnail","hentry"],"amp_enabled":true,"_links":{"self":[{"href":"https:\/\/mythslegendes.com\/es\/wp-json\/wp\/v2\/pages\/199","targetHints":{"allow":["GET"]}}],"collection":[{"href":"https:\/\/mythslegendes.com\/es\/wp-json\/wp\/v2\/pages"}],"about":[{"href":"https:\/\/mythslegendes.com\/es\/wp-json\/wp\/v2\/types\/page"}],"author":[{"embeddable":true,"href":"https:\/\/mythslegendes.com\/es\/wp-json\/wp\/v2\/users\/1"}],"replies":[{"embeddable":true,"href":"https:\/\/mythslegendes.com\/es\/wp-json\/wp\/v2\/comments?post=199"}],"version-history":[{"count":1,"href":"https:\/\/mythslegendes.com\/es\/wp-json\/wp\/v2\/pages\/199\/revisions"}],"predecessor-version":[{"id":24479,"href":"https:\/\/mythslegendes.com\/es\/wp-json\/wp\/v2\/pages\/199\/revisions\/24479"}],"up":[{"embeddable":true,"href":"https:\/\/mythslegendes.com\/es\/wp-json\/wp\/v2\/pages\/96"}],"wp:featuredmedia":[{"embeddable":true,"href":"https:\/\/mythslegendes.com\/es\/wp-json\/wp\/v2\/media\/200"}],"wp:attachment":[{"href":"https:\/\/mythslegendes.com\/es\/wp-json\/wp\/v2\/media?parent=199"}],"curies":[{"name":"wp","href":"https:\/\/api.w.org\/{rel}","templated":true}]}}