{"id":20460,"date":"2022-04-08T11:10:10","date_gmt":"2022-04-08T11:10:10","guid":{"rendered":"https:\/\/mythslegendes.com\/?page_id=20460"},"modified":"2022-12-03T22:12:39","modified_gmt":"2022-12-03T22:12:39","slug":"tribu-de-karika","status":"publish","type":"page","link":"https:\/\/mythslegendes.com\/es\/cocinera-mitologia\/tribu-de-karika\/","title":{"rendered":"Tribu Karika"},"content":{"rendered":"<div data-elementor-type=\"wp-page\" data-elementor-id=\"20460\" class=\"elementor elementor-20460\">\n\t\t\t\t\t\t<section class=\"elementor-section elementor-top-section elementor-element elementor-element-bde8c1b elementor-section-boxed elementor-section-height-default elementor-section-height-default\" data-id=\"bde8c1b\" data-element_type=\"section\" data-e-type=\"section\">\n\t\t\t\t\t\t<div class=\"elementor-container elementor-column-gap-default\">\n\t\t\t\t\t<div class=\"elementor-column elementor-col-50 elementor-top-column elementor-element elementor-element-6f48923\" data-id=\"6f48923\" data-element_type=\"column\" data-e-type=\"column\">\n\t\t\t<div class=\"elementor-widget-wrap elementor-element-populated\">\n\t\t\t\t\t\t<div class=\"elementor-element elementor-element-b765101 elementor-align-justify elementor-widget elementor-widget-button\" data-id=\"b765101\" data-element_type=\"widget\" data-e-type=\"widget\" data-widget_type=\"button.default\">\n\t\t\t\t<div class=\"elementor-widget-container\">\n\t\t\t\t\t\t\t\t\t<div class=\"elementor-button-wrapper\">\n\t\t\t\t\t<a class=\"elementor-button elementor-button-link elementor-size-sm\" href=\"https:\/\/mythslegendes.com\/es\/cocinera-mitologia\/\">\n\t\t\t\t\t\t<span class=\"elementor-button-content-wrapper\">\n\t\t\t\t\t\t\t\t\t<span class=\"elementor-button-text\">Cook mitolog\u00eda<\/span>\n\t\t\t\t\t<\/span>\n\t\t\t\t\t<\/a>\n\t\t\t\t<\/div>\n\t\t\t\t\t\t\t\t<\/div>\n\t\t\t\t<\/div>\n\t\t\t\t\t<\/div>\n\t\t<\/div>\n\t\t\t\t<div class=\"elementor-column elementor-col-50 elementor-top-column elementor-element elementor-element-7dd8875\" data-id=\"7dd8875\" data-element_type=\"column\" data-e-type=\"column\">\n\t\t\t<div class=\"elementor-widget-wrap elementor-element-populated\">\n\t\t\t\t\t\t<div class=\"elementor-element elementor-element-c891ba8 elementor-align-justify elementor-widget elementor-widget-button\" data-id=\"c891ba8\" data-element_type=\"widget\" data-e-type=\"widget\" data-widget_type=\"button.default\">\n\t\t\t\t<div class=\"elementor-widget-container\">\n\t\t\t\t\t\t\t\t\t<div class=\"elementor-button-wrapper\">\n\t\t\t\t\t<a class=\"elementor-button elementor-button-link elementor-size-sm\" href=\"https:\/\/fr.wikipedia.org\/wiki\/%C3%8Eles_Cook\" target=\"_blank\" rel=\"noopener\">\n\t\t\t\t\t\t<span class=\"elementor-button-content-wrapper\">\n\t\t\t\t\t\t\t\t\t<span class=\"elementor-button-text\">Wiki<\/span>\n\t\t\t\t\t<\/span>\n\t\t\t\t\t<\/a>\n\t\t\t\t<\/div>\n\t\t\t\t\t\t\t\t<\/div>\n\t\t\t\t<\/div>\n\t\t\t\t\t<\/div>\n\t\t<\/div>\n\t\t\t\t\t<\/div>\n\t\t<\/section>\n\t\t\t\t<section class=\"elementor-section elementor-top-section elementor-element elementor-element-e7048a0 elementor-section-boxed elementor-section-height-default elementor-section-height-default\" data-id=\"e7048a0\" data-element_type=\"section\" data-e-type=\"section\">\n\t\t\t\t\t\t<div class=\"elementor-container elementor-column-gap-default\">\n\t\t\t\t\t<div class=\"elementor-column elementor-col-100 elementor-top-column elementor-element elementor-element-81301ed\" data-id=\"81301ed\" data-element_type=\"column\" data-e-type=\"column\">\n\t\t\t<div class=\"elementor-widget-wrap elementor-element-populated\">\n\t\t\t\t\t\t<div class=\"elementor-element elementor-element-df982d7 elementor-widget elementor-widget-text-editor\" data-id=\"df982d7\" data-element_type=\"widget\" data-e-type=\"widget\" data-widget_type=\"text-editor.default\">\n\t\t\t\t<div class=\"elementor-widget-container\">\n\t\t\t\t\t\t\t\t\t<p>Esta p\u00e1gina describe la tribu Karika y sus <a href=\"https:\/\/mythslegendes.com\/es\/\">leyenda<\/a>. El texto est\u00e1 en ingl\u00e9s para no distorsionar la traducci\u00f3n original.<\/p><p><img decoding=\"async\" class=\"alignnone wp-image-9347 size-full\" src=\"https:\/\/mythslegendes.com\/wp-content\/uploads\/2020\/09\/cropped-AlphaOmega-e1602613368367.png\" alt=\"Cocinero de la tribu Karika\" width=\"25\" height=\"25\" title=\"\"><\/p>\t\t\t\t\t\t\t\t<\/div>\n\t\t\t\t<\/div>\n\t\t\t\t\t<\/div>\n\t\t<\/div>\n\t\t\t\t\t<\/div>\n\t\t<\/section>\n\t\t\t\t<section class=\"elementor-section elementor-top-section elementor-element elementor-element-ee22b02 elementor-section-boxed elementor-section-height-default elementor-section-height-default\" data-id=\"ee22b02\" data-element_type=\"section\" data-e-type=\"section\">\n\t\t\t\t\t\t<div class=\"elementor-container elementor-column-gap-default\">\n\t\t\t\t\t<div class=\"elementor-column elementor-col-100 elementor-top-column elementor-element elementor-element-a0bef0e\" data-id=\"a0bef0e\" data-element_type=\"column\" data-e-type=\"column\">\n\t\t\t<div class=\"elementor-widget-wrap elementor-element-populated\">\n\t\t\t\t\t\t<div class=\"elementor-element elementor-element-566ba03 elementor-widget elementor-widget-heading\" data-id=\"566ba03\" data-element_type=\"widget\" data-e-type=\"widget\" data-widget_type=\"heading.default\">\n\t\t\t\t<div class=\"elementor-widget-container\">\n\t\t\t\t\t<div id=\"ez-toc-container\" class=\"ez-toc-v2_0_82_2 counter-hierarchy ez-toc-counter ez-toc-grey ez-toc-container-direction\">\n<div class=\"ez-toc-title-container\">\n<p class=\"ez-toc-title\" style=\"cursor:inherit\">Contenido<\/p>\n<span class=\"ez-toc-title-toggle\"><a href=\"#\" class=\"ez-toc-pull-right ez-toc-btn ez-toc-btn-xs ez-toc-btn-default ez-toc-toggle\" aria-label=\"Alternar tabla de contenidos\"><span class=\"ez-toc-js-icon-con\"><span class=\"\"><span class=\"eztoc-hide\" style=\"display:none;\">Palanca<\/span><span class=\"ez-toc-icon-toggle-span\"><svg style=\"fill: #999;color:#999\" xmlns=\"http:\/\/www.w3.org\/2000\/svg\" class=\"list-377408\" width=\"20px\" height=\"20px\" viewbox=\"0 0 24 24\" fill=\"none\"><path d=\"M6 6H4v2h2V6zm14 0H8v2h12V6zM4 11h2v2H4v-2zm16 0H8v2h12v-2zM4 16h2v2H4v-2zm16 0H8v2h12v-2z\" fill=\"currentColor\"><\/path><\/svg><svg style=\"fill: #999;color:#999\" class=\"arrow-unsorted-368013\" xmlns=\"http:\/\/www.w3.org\/2000\/svg\" width=\"10px\" height=\"10px\" viewbox=\"0 0 24 24\" version=\"1.2\" baseprofile=\"tiny\"><path d=\"M18.2 9.3l-6.2-6.3-6.2 6.3c-.2.2-.3.4-.3.7s.1.5.3.7c.2.2.4.3.7.3h11c.3 0 .5-.1.7-.3.2-.2.3-.5.3-.7s-.1-.5-.3-.7zM5.8 14.7l6.2 6.3 6.2-6.3c.2-.2.3-.5.3-.7s-.1-.5-.3-.7c-.2-.2-.4-.3-.7-.3h-11c-.3 0-.5.1-.7.3-.2.2-.3.5-.3.7s.1.5.3.7z\"\/><\/svg><\/span><\/span><\/span><\/a><\/span><\/div>\n<nav><ul class='ez-toc-list ez-toc-list-level-1' ><li class='ez-toc-page-1 ez-toc-heading-level-2'><a class=\"ez-toc-link ez-toc-heading-1\" href=\"https:\/\/mythslegendes.com\/es\/cocinera-mitologia\/tribu-de-karika\/#La-tribu-de-Karika-des-iles-Cook\" >La tribu Karika de las Islas Cook<\/a><\/li><\/ul><\/nav><\/div>\n<h2 class=\"elementor-heading-title elementor-size-default\"><span class=\"ez-toc-section\" id=\"La-tribu-de-Karika-des-iles-Cook\"><\/span>La tribu Karika de las Islas Cook<span class=\"ez-toc-section-end\"><\/span><\/h2>\t\t\t\t<\/div>\n\t\t\t\t<\/div>\n\t\t\t\t\t<\/div>\n\t\t<\/div>\n\t\t\t\t\t<\/div>\n\t\t<\/section>\n\t\t\t\t<section class=\"elementor-section elementor-top-section elementor-element elementor-element-74a6263 elementor-section-boxed elementor-section-height-default elementor-section-height-default\" data-id=\"74a6263\" data-element_type=\"section\" data-e-type=\"section\">\n\t\t\t\t\t\t<div class=\"elementor-container elementor-column-gap-default\">\n\t\t\t\t\t<div class=\"elementor-column elementor-col-100 elementor-top-column elementor-element elementor-element-b57c1a6\" data-id=\"b57c1a6\" data-element_type=\"column\" data-e-type=\"column\">\n\t\t\t<div class=\"elementor-widget-wrap elementor-element-populated\">\n\t\t\t\t\t\t<div class=\"elementor-element elementor-element-2c71a9d elementor-widget elementor-widget-text-editor\" data-id=\"2c71a9d\" data-element_type=\"widget\" data-e-type=\"widget\" data-widget_type=\"text-editor.default\">\n\t\t\t\t<div class=\"elementor-widget-container\">\n\t\t\t\t\t\t\t\t\t<p>The tribe which traces its descent from Karika was known as \u2018Te Au o Tonga &lsquo; and this name was likewise applied to the district they occupied. In recent years the name has fallen into disuse to be superseded by the name <a href=\"https:\/\/mythslegendes.com\/es\/cocinera-mitologia\/\">Avarua<\/a>, and this latter name will be used throughout. The evidence is not clear as to when this tribe became established, or just when Avarua became recognized as a separate district. It was Tangiia who organized the division of the whole island into tapere and was responsible for the allocation of the lands, and he, too, organized the building of the marae at intervals around the island and the appointment of chiefs to take charge of each of them.\u00a0<\/p><p>Se eligieron sumos sacerdotes para cada uno de los dos partidos, cinco para el partido de Tangiia y uno para el de Karika, aunque en una etapa mucho m\u00e1s tarde uno de los sumos sacerdotes de Tangiia (Potikitaua) transfiri\u00f3 su lealtad al partido Karika. El mismo Karika y algunos de sus seguidores abandonaron la isla despu\u00e9s de algunos a\u00f1os de residencia y zarparon hacia Iva, para nunca regresar. Sin embargo, no todo su grupo se fue, y aquellos que no mantuvieron conexiones matrimoniales con la gente de Tangiia.La l\u00ednea directa de Karika fue preservada en la isla por un hombre con el nombre de t\u00edtulo de Makea que se describe de diversas formas como un hijo de Karika. o como nieto de Karika nacido de la uni\u00f3n de Tangia con la hija de Karika.<\/p><p>En el momento de la llegada de los primeros europeos, los partidos Tangiia y Karika eran entidades pol\u00edticamente separadas, y Makea era el t\u00edtulo ariki del distrito de Avarua, pero esta divisi\u00f3n era de origen relativamente reciente. En el siglo XVIII, el t\u00edtulo de Makea se dividi\u00f3 en tres ramas, divisi\u00f3n que se produjo como resultado de que el entonces poseedor del t\u00edtulo elevara al hijo mayor de cada una de sus tres esposas al rango de ariki. Aunque todos ten\u00edan el mismo rango, el Makea Nui Ariki ha ejercido desde el per\u00edodo inmediatamente anterior a la llegada del evangelio una mayor influencia pol\u00edtica que cualquiera de los otros dos.\u00a0<\/p><p>En este distrito no se usaba el t\u00edtulo de mataiapo ni, en consecuencia, el de komono. El siguiente rango por debajo del ariki era el de rangatira, quienes, aunque generalmente se nombraban entre los rangos menores de la familia ariki, ocasionalmente eran elegidos fuera del grupo familiar. Los rangatira no se remontan a un miembro de la canoa de Karika, sino al propio Karika a trav\u00e9s de alg\u00fan poseedor del t\u00edtulo Makea Ariki. Las subdivisiones territoriales de este distrito tambi\u00e9n se llamaban tapere y, en contraste con el patr\u00f3n general, algunas de las menores estaban encabezadas por rangatira.<\/p><p>Existe evidencia considerable que sugiere que, al menos en 1823, el poseedor del t\u00edtulo de Makea ejerc\u00eda una influencia pol\u00edtica mucho mayor sobre su tribu que Pa o Kainuku sobre la de ellos. Asimismo, parece que Makea ten\u00eda mucha m\u00e1s influencia sobre los asuntos de la tierra dentro de su tribu que cualquier otro ariki en la isla, pero, como esta cuesti\u00f3n ha sido motivo de controversia, es necesario enumerar las razones de esta opini\u00f3n.<\/p><p>Mientras que el poder del ariki de Takitumu fue difundido por la existencia de mataiapo y komono, el del ariki de Avarua no lo fue. Cada mataiapo ten\u00eda su propio marae as\u00ed como sus propias tierras y como hab\u00eda una treintena de mataiapo en el distrito de Takitumu, constitu\u00edan un grupo pol\u00edtico muy poderoso. No hab\u00eda una restricci\u00f3n equivalente en los Makea. Si bien se utiliza una amplia gama de terminolog\u00eda para describir la situaci\u00f3n, las siguientes fuentes dan una indicaci\u00f3n del estado relativo de los mataiapo de Takitumu y los rangatira de Avarua (quienes, por supuesto, eran los siguientes en la l\u00ednea de ariki en este distrito) . Rangatira, por otro lado, consideraba como arrendatarios a voluntad bajo el ariki o mataiapo, a quienes Moss consideraba que hab\u00edan sido los terratenientes.<\/p><p>El origen de las diferentes estructuras pol\u00edticas (y en consecuencia de los sistemas de tenencia de la tierra) puede buscarse alternativamente en los respectivos or\u00edgenes tahitiano y samoano de los dos grupos. Sin embargo, la evidencia indica que los inmigrantes samoanos contribuyeron muy poco a la cultura de <a href=\"https:\/\/mythslegendes.com\/es\/cocinera-mitologia\/\">Rarotonga<\/a> como lo fue en el momento del primer contacto europeo. Como algunos autores enfatizan las conexiones samoanas del partido Karika m\u00e1s all\u00e1 del punto que la evidencia disponible puede respaldar, el tema requiere cierta elaboraci\u00f3n.\u00a0<\/p><p>La diferente estructura de autoridad y el diferente grado de poder ejercido por el ariki de Makea en comparaci\u00f3n con otros ariki de la isla se pueden entender mejor al ver el distrito de Avarua como un tapere cubierto de maleza. En la divisi\u00f3n inicial de la tierra, a cada ariki y mataiapo se le dio una porci\u00f3n de tierra, que generalmente comprend\u00eda un valle en las monta\u00f1as y la tierra plana que daba al valle. En el momento del primer contacto europeo, los Makea Ariki dominaban los valles de Takuvaine y Avatiu, aunque es evidente que no siempre hab\u00eda sido as\u00ed y que este estatus se hab\u00eda logrado despu\u00e9s de muchas generaciones de asentamientos de otros dos ariki cuyas tribus hab\u00edan posteriormente conquistado y expulsado.<\/p><p>El alto jefe mantuvo el apoyo de los tres grupos m\u00e1s poderosos dentro del \u00e1rea de Avarua tomando una esposa de alto rango de cada uno de ellos y creando al hijo mayor de cada esposa como ariki. Este triple arikiship fue, al menos en teor\u00eda, un compromiso inestable que dif\u00edcilmente podr\u00eda esperarse que durara, y dentro de una generaci\u00f3n uno de los t\u00edtulos se eclips\u00f3. Sin embargo, para la siguiente generaci\u00f3n, lleg\u00f3 la misi\u00f3n y la situaci\u00f3n existente se cristaliz\u00f3 y ha permanecido con pocos cambios desde entonces.<\/p>\t\t\t\t\t\t\t\t<\/div>\n\t\t\t\t<\/div>\n\t\t\t\t\t<\/div>\n\t\t<\/div>\n\t\t\t\t\t<\/div>\n\t\t<\/section>\n\t\t\t\t<\/div>","protected":false},"excerpt":{"rendered":"<p>Mythologie Cook Wiki Cette page d\u00e9crit la Tribu de Karika et sa l\u00e9gende. Le texte est en anglais pour ne &hellip; <\/p>","protected":false},"author":1,"featured_media":0,"parent":10211,"menu_order":0,"comment_status":"closed","ping_status":"closed","template":"","meta":{"footnotes":""},"class_list":["post-20460","page","type-page","status-publish","hentry"],"amp_enabled":true,"_links":{"self":[{"href":"https:\/\/mythslegendes.com\/es\/wp-json\/wp\/v2\/pages\/20460","targetHints":{"allow":["GET"]}}],"collection":[{"href":"https:\/\/mythslegendes.com\/es\/wp-json\/wp\/v2\/pages"}],"about":[{"href":"https:\/\/mythslegendes.com\/es\/wp-json\/wp\/v2\/types\/page"}],"author":[{"embeddable":true,"href":"https:\/\/mythslegendes.com\/es\/wp-json\/wp\/v2\/users\/1"}],"replies":[{"embeddable":true,"href":"https:\/\/mythslegendes.com\/es\/wp-json\/wp\/v2\/comments?post=20460"}],"version-history":[{"count":1,"href":"https:\/\/mythslegendes.com\/es\/wp-json\/wp\/v2\/pages\/20460\/revisions"}],"predecessor-version":[{"id":25499,"href":"https:\/\/mythslegendes.com\/es\/wp-json\/wp\/v2\/pages\/20460\/revisions\/25499"}],"up":[{"embeddable":true,"href":"https:\/\/mythslegendes.com\/es\/wp-json\/wp\/v2\/pages\/10211"}],"wp:attachment":[{"href":"https:\/\/mythslegendes.com\/es\/wp-json\/wp\/v2\/media?parent=20460"}],"curies":[{"name":"wp","href":"https:\/\/api.w.org\/{rel}","templated":true}]}}