{"id":20466,"date":"2022-04-08T11:15:48","date_gmt":"2022-04-08T11:15:48","guid":{"rendered":"https:\/\/mythslegendes.com\/?page_id=20466"},"modified":"2022-12-03T22:12:39","modified_gmt":"2022-12-03T22:12:39","slug":"tangiia-et-karika","status":"publish","type":"page","link":"https:\/\/mythslegendes.com\/es\/cocinera-mitologia\/tangia-y-karika\/","title":{"rendered":"tangia y karika"},"content":{"rendered":"<div data-elementor-type=\"wp-page\" data-elementor-id=\"20466\" class=\"elementor elementor-20466\">\n\t\t\t\t\t\t<section class=\"elementor-section elementor-top-section elementor-element elementor-element-0460a97 elementor-section-boxed elementor-section-height-default elementor-section-height-default\" data-id=\"0460a97\" data-element_type=\"section\" data-e-type=\"section\">\n\t\t\t\t\t\t<div class=\"elementor-container elementor-column-gap-default\">\n\t\t\t\t\t<div class=\"elementor-column elementor-col-50 elementor-top-column elementor-element elementor-element-87daa4b\" data-id=\"87daa4b\" data-element_type=\"column\" data-e-type=\"column\">\n\t\t\t<div class=\"elementor-widget-wrap elementor-element-populated\">\n\t\t\t\t\t\t<div class=\"elementor-element elementor-element-320ae85 elementor-align-justify elementor-widget elementor-widget-button\" data-id=\"320ae85\" data-element_type=\"widget\" data-e-type=\"widget\" data-widget_type=\"button.default\">\n\t\t\t\t<div class=\"elementor-widget-container\">\n\t\t\t\t\t\t\t\t\t<div class=\"elementor-button-wrapper\">\n\t\t\t\t\t<a class=\"elementor-button elementor-button-link elementor-size-sm\" href=\"https:\/\/mythslegendes.com\/es\/cocinera-mitologia\/\">\n\t\t\t\t\t\t<span class=\"elementor-button-content-wrapper\">\n\t\t\t\t\t\t\t\t\t<span class=\"elementor-button-text\">Cook mitolog\u00eda<\/span>\n\t\t\t\t\t<\/span>\n\t\t\t\t\t<\/a>\n\t\t\t\t<\/div>\n\t\t\t\t\t\t\t\t<\/div>\n\t\t\t\t<\/div>\n\t\t\t\t\t<\/div>\n\t\t<\/div>\n\t\t\t\t<div class=\"elementor-column elementor-col-50 elementor-top-column elementor-element elementor-element-e39538c\" data-id=\"e39538c\" data-element_type=\"column\" data-e-type=\"column\">\n\t\t\t<div class=\"elementor-widget-wrap elementor-element-populated\">\n\t\t\t\t\t\t<div class=\"elementor-element elementor-element-9f914bf elementor-align-justify elementor-widget elementor-widget-button\" data-id=\"9f914bf\" data-element_type=\"widget\" data-e-type=\"widget\" data-widget_type=\"button.default\">\n\t\t\t\t<div class=\"elementor-widget-container\">\n\t\t\t\t\t\t\t\t\t<div class=\"elementor-button-wrapper\">\n\t\t\t\t\t<a class=\"elementor-button elementor-button-link elementor-size-sm\" href=\"https:\/\/fr.wikipedia.org\/wiki\/%C3%8Eles_Cook\" target=\"_blank\" rel=\"noopener\">\n\t\t\t\t\t\t<span class=\"elementor-button-content-wrapper\">\n\t\t\t\t\t\t\t\t\t<span class=\"elementor-button-text\">Wiki<\/span>\n\t\t\t\t\t<\/span>\n\t\t\t\t\t<\/a>\n\t\t\t\t<\/div>\n\t\t\t\t\t\t\t\t<\/div>\n\t\t\t\t<\/div>\n\t\t\t\t\t<\/div>\n\t\t<\/div>\n\t\t\t\t\t<\/div>\n\t\t<\/section>\n\t\t\t\t<section class=\"elementor-section elementor-top-section elementor-element elementor-element-6efc776 elementor-section-boxed elementor-section-height-default elementor-section-height-default\" data-id=\"6efc776\" data-element_type=\"section\" data-e-type=\"section\">\n\t\t\t\t\t\t<div class=\"elementor-container elementor-column-gap-default\">\n\t\t\t\t\t<div class=\"elementor-column elementor-col-100 elementor-top-column elementor-element elementor-element-42a474d\" data-id=\"42a474d\" data-element_type=\"column\" data-e-type=\"column\">\n\t\t\t<div class=\"elementor-widget-wrap elementor-element-populated\">\n\t\t\t\t\t\t<div class=\"elementor-element elementor-element-b4f3fd3 elementor-widget elementor-widget-text-editor\" data-id=\"b4f3fd3\" data-element_type=\"widget\" data-e-type=\"widget\" data-widget_type=\"text-editor.default\">\n\t\t\t\t<div class=\"elementor-widget-container\">\n\t\t\t\t\t\t\t\t\t<p>Esta p\u00e1gina relaciona la <a href=\"https:\/\/mythslegendes.com\/es\/\">mito<\/a> de Tang\u00eda y Karika. El texto est\u00e1 en ingl\u00e9s, idioma de la traducci\u00f3n original del mito.<\/p><p><img decoding=\"async\" class=\"alignnone wp-image-9347 size-full\" src=\"https:\/\/mythslegendes.com\/wp-content\/uploads\/2020\/09\/cropped-AlphaOmega-e1602613368367.png\" alt=\"tangia y karika\" width=\"25\" height=\"25\" title=\"\"><\/p>\t\t\t\t\t\t\t\t<\/div>\n\t\t\t\t<\/div>\n\t\t\t\t\t<\/div>\n\t\t<\/div>\n\t\t\t\t\t<\/div>\n\t\t<\/section>\n\t\t\t\t<section class=\"elementor-section elementor-top-section elementor-element elementor-element-238bac3 elementor-section-boxed elementor-section-height-default elementor-section-height-default\" data-id=\"238bac3\" data-element_type=\"section\" data-e-type=\"section\">\n\t\t\t\t\t\t<div class=\"elementor-container elementor-column-gap-default\">\n\t\t\t\t\t<div class=\"elementor-column elementor-col-100 elementor-top-column elementor-element elementor-element-f82d2aa\" data-id=\"f82d2aa\" data-element_type=\"column\" data-e-type=\"column\">\n\t\t\t<div class=\"elementor-widget-wrap elementor-element-populated\">\n\t\t\t\t\t\t<div class=\"elementor-element elementor-element-56524f1 elementor-widget elementor-widget-heading\" data-id=\"56524f1\" data-element_type=\"widget\" data-e-type=\"widget\" data-widget_type=\"heading.default\">\n\t\t\t\t<div class=\"elementor-widget-container\">\n\t\t\t\t\t<div id=\"ez-toc-container\" class=\"ez-toc-v2_0_82_2 counter-hierarchy ez-toc-counter ez-toc-grey ez-toc-container-direction\">\n<div class=\"ez-toc-title-container\">\n<p class=\"ez-toc-title\" style=\"cursor:inherit\">Contenido<\/p>\n<span class=\"ez-toc-title-toggle\"><a href=\"#\" class=\"ez-toc-pull-right ez-toc-btn ez-toc-btn-xs ez-toc-btn-default ez-toc-toggle\" aria-label=\"Alternar tabla de contenidos\"><span class=\"ez-toc-js-icon-con\"><span class=\"\"><span class=\"eztoc-hide\" style=\"display:none;\">Palanca<\/span><span class=\"ez-toc-icon-toggle-span\"><svg style=\"fill: #999;color:#999\" xmlns=\"http:\/\/www.w3.org\/2000\/svg\" class=\"list-377408\" width=\"20px\" height=\"20px\" viewbox=\"0 0 24 24\" fill=\"none\"><path d=\"M6 6H4v2h2V6zm14 0H8v2h12V6zM4 11h2v2H4v-2zm16 0H8v2h12v-2zM4 16h2v2H4v-2zm16 0H8v2h12v-2z\" fill=\"currentColor\"><\/path><\/svg><svg style=\"fill: #999;color:#999\" class=\"arrow-unsorted-368013\" xmlns=\"http:\/\/www.w3.org\/2000\/svg\" width=\"10px\" height=\"10px\" viewbox=\"0 0 24 24\" version=\"1.2\" baseprofile=\"tiny\"><path d=\"M18.2 9.3l-6.2-6.3-6.2 6.3c-.2.2-.3.4-.3.7s.1.5.3.7c.2.2.4.3.7.3h11c.3 0 .5-.1.7-.3.2-.2.3-.5.3-.7s-.1-.5-.3-.7zM5.8 14.7l6.2 6.3 6.2-6.3c.2-.2.3-.5.3-.7s-.1-.5-.3-.7c-.2-.2-.4-.3-.7-.3h-11c-.3 0-.5.1-.7.3-.2.2-.3.5-.3.7s.1.5.3.7z\"\/><\/svg><\/span><\/span><\/span><\/a><\/span><\/div>\n<nav><ul class='ez-toc-list ez-toc-list-level-1' ><li class='ez-toc-page-1 ez-toc-heading-level-2'><a class=\"ez-toc-link ez-toc-heading-1\" href=\"https:\/\/mythslegendes.com\/es\/cocinera-mitologia\/tangia-y-karika\/#Tangiia-et-Karika-les-deux-guerriers\" >Tangiia y Karika, las dos guerreras<\/a><\/li><\/ul><\/nav><\/div>\n<h2 class=\"elementor-heading-title elementor-size-default\"><span class=\"ez-toc-section\" id=\"Tangiia-et-Karika-les-deux-guerriers\"><\/span>Tangiia y Karika, las dos guerreras<span class=\"ez-toc-section-end\"><\/span><\/h2>\t\t\t\t<\/div>\n\t\t\t\t<\/div>\n\t\t\t\t\t<\/div>\n\t\t<\/div>\n\t\t\t\t\t<\/div>\n\t\t<\/section>\n\t\t\t\t<section class=\"elementor-section elementor-top-section elementor-element elementor-element-119366c elementor-section-boxed elementor-section-height-default elementor-section-height-default\" data-id=\"119366c\" data-element_type=\"section\" data-e-type=\"section\">\n\t\t\t\t\t\t<div class=\"elementor-container elementor-column-gap-default\">\n\t\t\t\t\t<div class=\"elementor-column elementor-col-100 elementor-top-column elementor-element elementor-element-36157c0\" data-id=\"36157c0\" data-element_type=\"column\" data-e-type=\"column\">\n\t\t\t<div class=\"elementor-widget-wrap elementor-element-populated\">\n\t\t\t\t\t\t<div class=\"elementor-element elementor-element-dfac35f elementor-widget elementor-widget-text-editor\" data-id=\"dfac35f\" data-element_type=\"widget\" data-e-type=\"widget\" data-widget_type=\"text-editor.default\">\n\t\t\t\t<div class=\"elementor-widget-container\">\n\t\t\t\t\t\t\t\t\t<p>Una vez hab\u00eda 2 guerreros, Tangiia de <a href=\"https:\/\/mythslegendes.com\/es\/mitologia-tahitiana-del-viento\/\">Tahit\u00ed<\/a> y Karika de Samoa que estaban en el mar en busca de la isla que ahora conocemos como <a href=\"https:\/\/mythslegendes.com\/es\/cocinera-mitologia\/\">Rarotonga<\/a>. En el pasado, Rarotonga tambi\u00e9n era conocida como Tumu-Te-Varovaro y antes Nukutere (estos nombres tienen historias que los acompa\u00f1an, pero lo explicar\u00e9 en otro momento). De todos modos, se vieron acercarse en el horizonte y Tangiia les dijo a los hombres de su canoa que bajaran a cubierta. Me dijeron que Tangiia ten\u00eda unas 200 personas en su canoa. Entonces, a medida que se acercaban el uno al otro, Karika not\u00f3 que solo hab\u00eda mujeres en la canoa de Tangiia.\u00a0<\/p><p>Cuando descubrieron que cada uno estaba buscando la misma isla, se involucraron en lo que llamamos &#039;putoto&#039;, que es una especie de tira y afloja, pero en lugar de tirar de una cuerda, empujaron las canoas del otro. Como era de esperar, Karika estaba ganando. Tangiia esper\u00f3 hasta que los hombres de Karika hubieron agotado gran parte de sus fuerzas, luego llam\u00f3 a sus hombres para que se levantaran y remaran y as\u00ed lo hicieron. Y como me dijeron, casi empujaron a Karika de regreso a Samoa. Con resignaci\u00f3n, Karika le dio a Tangiia las instrucciones sobre c\u00f3mo llegar a Rarotonga.\u00a0<\/p><p>Entonces Tangiia fue en busca de Rarotonga. Cuanto m\u00e1s avanzaron, m\u00e1s Tangiia not\u00f3 que hac\u00eda mucho m\u00e1s fr\u00edo, as\u00ed que meti\u00f3 la mano en el mar y hac\u00eda fr\u00edo, mucho m\u00e1s fr\u00edo de lo que esperaba donde estar\u00eda Rarotonga, por lo que supo que lo hab\u00edan enga\u00f1ado, se hab\u00edan ido. demasiado al sur.\u00a0<\/p><p>De ah\u00ed proviene el nombre Rarotonga (que significa sur). As\u00ed que r\u00e1pidamente orden\u00f3 a su tripulaci\u00f3n que diera media vuelta y se dirigieron nuevamente hacia el norte solo para encontrarse nuevamente con Karika y a la vista de Rarotonga. Entonces se involucraron en otra guerra de empuje y despu\u00e9s de varios d\u00edas, sin ganar, decidieron dividir Rarotonga por la mitad. Entonces decidieron que Tangiia se quedar\u00eda con la mitad que ten\u00eda Takitumu (incluye las aldeas Titikaveka, Ngatangiia y Matavera) y Karika se quedar\u00eda con Te-Au-O-Tonga, que est\u00e1 en el lado de la ciudad de Rarotonga.<\/p><p>\u00a0No estoy seguro de qui\u00e9n se quedar\u00eda con la otra gran aldea, Arorangi. Pero tenga en cuenta que Rarotonga ya estaba habitada cuando llegaron estos dos. Pero me dijeron que Tangiia y Karika fueron bienvenidas por las hijas de los nativos de Rarotongan e incluso por los jefes casados.<\/p>\t\t\t\t\t\t\t\t<\/div>\n\t\t\t\t<\/div>\n\t\t\t\t\t<\/div>\n\t\t<\/div>\n\t\t\t\t\t<\/div>\n\t\t<\/section>\n\t\t\t\t<\/div>","protected":false},"excerpt":{"rendered":"<p>Mythologie Cook Wiki Cette page relate le mythe de Tangiia et Karika. Le texte est en anglais,\u00a0 langue de la &hellip; <\/p>","protected":false},"author":1,"featured_media":0,"parent":10211,"menu_order":0,"comment_status":"closed","ping_status":"closed","template":"","meta":{"footnotes":""},"class_list":["post-20466","page","type-page","status-publish","hentry"],"amp_enabled":true,"_links":{"self":[{"href":"https:\/\/mythslegendes.com\/es\/wp-json\/wp\/v2\/pages\/20466","targetHints":{"allow":["GET"]}}],"collection":[{"href":"https:\/\/mythslegendes.com\/es\/wp-json\/wp\/v2\/pages"}],"about":[{"href":"https:\/\/mythslegendes.com\/es\/wp-json\/wp\/v2\/types\/page"}],"author":[{"embeddable":true,"href":"https:\/\/mythslegendes.com\/es\/wp-json\/wp\/v2\/users\/1"}],"replies":[{"embeddable":true,"href":"https:\/\/mythslegendes.com\/es\/wp-json\/wp\/v2\/comments?post=20466"}],"version-history":[{"count":1,"href":"https:\/\/mythslegendes.com\/es\/wp-json\/wp\/v2\/pages\/20466\/revisions"}],"predecessor-version":[{"id":25500,"href":"https:\/\/mythslegendes.com\/es\/wp-json\/wp\/v2\/pages\/20466\/revisions\/25500"}],"up":[{"embeddable":true,"href":"https:\/\/mythslegendes.com\/es\/wp-json\/wp\/v2\/pages\/10211"}],"wp:attachment":[{"href":"https:\/\/mythslegendes.com\/es\/wp-json\/wp\/v2\/media?parent=20466"}],"curies":[{"name":"wp","href":"https:\/\/api.w.org\/{rel}","templated":true}]}}