{"id":20471,"date":"2022-04-08T11:25:19","date_gmt":"2022-04-08T11:25:19","guid":{"rendered":"https:\/\/mythslegendes.com\/?page_id=20471"},"modified":"2022-12-03T22:12:39","modified_gmt":"2022-12-03T22:12:39","slug":"contes-cook-divers","status":"publish","type":"page","link":"https:\/\/mythslegendes.com\/es\/cocinera-mitologia\/cuentos-cocinero-varios\/","title":{"rendered":"Cuentos varios de cocina"},"content":{"rendered":"<div data-elementor-type=\"wp-page\" data-elementor-id=\"20471\" class=\"elementor elementor-20471\">\n\t\t\t\t\t\t<section class=\"elementor-section elementor-top-section elementor-element elementor-element-7035c94 elementor-section-boxed elementor-section-height-default elementor-section-height-default\" data-id=\"7035c94\" data-element_type=\"section\" data-e-type=\"section\">\n\t\t\t\t\t\t<div class=\"elementor-container elementor-column-gap-default\">\n\t\t\t\t\t<div class=\"elementor-column elementor-col-50 elementor-top-column elementor-element elementor-element-a15ea2b\" data-id=\"a15ea2b\" data-element_type=\"column\" data-e-type=\"column\">\n\t\t\t<div class=\"elementor-widget-wrap elementor-element-populated\">\n\t\t\t\t\t\t<div class=\"elementor-element elementor-element-4d2ff01 elementor-align-justify elementor-widget elementor-widget-button\" data-id=\"4d2ff01\" data-element_type=\"widget\" data-e-type=\"widget\" data-widget_type=\"button.default\">\n\t\t\t\t<div class=\"elementor-widget-container\">\n\t\t\t\t\t\t\t\t\t<div class=\"elementor-button-wrapper\">\n\t\t\t\t\t<a class=\"elementor-button elementor-button-link elementor-size-sm\" href=\"https:\/\/mythslegendes.com\/es\/cocinera-mitologia\/\">\n\t\t\t\t\t\t<span class=\"elementor-button-content-wrapper\">\n\t\t\t\t\t\t\t\t\t<span class=\"elementor-button-text\">Cook mitolog\u00eda<\/span>\n\t\t\t\t\t<\/span>\n\t\t\t\t\t<\/a>\n\t\t\t\t<\/div>\n\t\t\t\t\t\t\t\t<\/div>\n\t\t\t\t<\/div>\n\t\t\t\t\t<\/div>\n\t\t<\/div>\n\t\t\t\t<div class=\"elementor-column elementor-col-50 elementor-top-column elementor-element elementor-element-2cbf5ff\" data-id=\"2cbf5ff\" data-element_type=\"column\" data-e-type=\"column\">\n\t\t\t<div class=\"elementor-widget-wrap elementor-element-populated\">\n\t\t\t\t\t\t<div class=\"elementor-element elementor-element-1dccaaa elementor-align-justify elementor-widget elementor-widget-button\" data-id=\"1dccaaa\" data-element_type=\"widget\" data-e-type=\"widget\" data-widget_type=\"button.default\">\n\t\t\t\t<div class=\"elementor-widget-container\">\n\t\t\t\t\t\t\t\t\t<div class=\"elementor-button-wrapper\">\n\t\t\t\t\t<a class=\"elementor-button elementor-button-link elementor-size-sm\" href=\"https:\/\/fr.wikipedia.org\/wiki\/%C3%8Eles_Cook\" target=\"_blank\" rel=\"noopener\">\n\t\t\t\t\t\t<span class=\"elementor-button-content-wrapper\">\n\t\t\t\t\t\t\t\t\t<span class=\"elementor-button-text\">Wiki<\/span>\n\t\t\t\t\t<\/span>\n\t\t\t\t\t<\/a>\n\t\t\t\t<\/div>\n\t\t\t\t\t\t\t\t<\/div>\n\t\t\t\t<\/div>\n\t\t\t\t\t<\/div>\n\t\t<\/div>\n\t\t\t\t\t<\/div>\n\t\t<\/section>\n\t\t\t\t<section class=\"elementor-section elementor-top-section elementor-element elementor-element-8775f68 elementor-section-boxed elementor-section-height-default elementor-section-height-default\" data-id=\"8775f68\" data-element_type=\"section\" data-e-type=\"section\">\n\t\t\t\t\t\t<div class=\"elementor-container elementor-column-gap-default\">\n\t\t\t\t\t<div class=\"elementor-column elementor-col-100 elementor-top-column elementor-element elementor-element-e26cd37\" data-id=\"e26cd37\" data-element_type=\"column\" data-e-type=\"column\">\n\t\t\t<div class=\"elementor-widget-wrap elementor-element-populated\">\n\t\t\t\t\t\t<div class=\"elementor-element elementor-element-d20deb6 elementor-widget elementor-widget-text-editor\" data-id=\"d20deb6\" data-element_type=\"widget\" data-e-type=\"widget\" data-widget_type=\"text-editor.default\">\n\t\t\t\t<div class=\"elementor-widget-container\">\n\t\t\t\t\t\t\t\t\t<p>Esta p\u00e1gina re\u00fane varios <a href=\"https:\/\/mythslegendes.com\/es\/\">mitos<\/a>, <a href=\"https:\/\/mythslegendes.com\/es\/\">leyendas<\/a> y cuentos de islas <a href=\"https:\/\/mythslegendes.com\/es\/cocinera-mitologia\/\">Cocinando<\/a>. Los textos est\u00e1n en ingl\u00e9s para no distorsionar la traducci\u00f3n original.<\/p><p><img decoding=\"async\" class=\"alignnone wp-image-9347 size-full\" src=\"https:\/\/mythslegendes.com\/wp-content\/uploads\/2020\/09\/cropped-AlphaOmega-e1602613368367.png\" alt=\"cuentos de las islas cook\" width=\"25\" height=\"25\" title=\"\"><\/p>\t\t\t\t\t\t\t\t<\/div>\n\t\t\t\t<\/div>\n\t\t\t\t\t<\/div>\n\t\t<\/div>\n\t\t\t\t\t<\/div>\n\t\t<\/section>\n\t\t\t\t<section class=\"elementor-section elementor-top-section elementor-element elementor-element-8651f59 elementor-section-boxed elementor-section-height-default elementor-section-height-default\" data-id=\"8651f59\" data-element_type=\"section\" data-e-type=\"section\">\n\t\t\t\t\t\t<div class=\"elementor-container elementor-column-gap-default\">\n\t\t\t\t\t<div class=\"elementor-column elementor-col-100 elementor-top-column elementor-element elementor-element-b9d48cf\" data-id=\"b9d48cf\" data-element_type=\"column\" data-e-type=\"column\">\n\t\t\t<div class=\"elementor-widget-wrap elementor-element-populated\">\n\t\t\t\t\t\t<div class=\"elementor-element elementor-element-1156245 elementor-widget elementor-widget-heading\" data-id=\"1156245\" data-element_type=\"widget\" data-e-type=\"widget\" data-widget_type=\"heading.default\">\n\t\t\t\t<div class=\"elementor-widget-container\">\n\t\t\t\t\t<div id=\"ez-toc-container\" class=\"ez-toc-v2_0_82_2 counter-hierarchy ez-toc-counter ez-toc-grey ez-toc-container-direction\">\n<div class=\"ez-toc-title-container\">\n<p class=\"ez-toc-title\" style=\"cursor:inherit\">Contenido<\/p>\n<span class=\"ez-toc-title-toggle\"><a href=\"#\" class=\"ez-toc-pull-right ez-toc-btn ez-toc-btn-xs ez-toc-btn-default ez-toc-toggle\" aria-label=\"Alternar tabla de contenidos\"><span class=\"ez-toc-js-icon-con\"><span class=\"\"><span class=\"eztoc-hide\" style=\"display:none;\">Palanca<\/span><span class=\"ez-toc-icon-toggle-span\"><svg style=\"fill: #999;color:#999\" xmlns=\"http:\/\/www.w3.org\/2000\/svg\" class=\"list-377408\" width=\"20px\" height=\"20px\" viewbox=\"0 0 24 24\" fill=\"none\"><path d=\"M6 6H4v2h2V6zm14 0H8v2h12V6zM4 11h2v2H4v-2zm16 0H8v2h12v-2zM4 16h2v2H4v-2zm16 0H8v2h12v-2z\" fill=\"currentColor\"><\/path><\/svg><svg style=\"fill: #999;color:#999\" class=\"arrow-unsorted-368013\" xmlns=\"http:\/\/www.w3.org\/2000\/svg\" width=\"10px\" height=\"10px\" viewbox=\"0 0 24 24\" version=\"1.2\" baseprofile=\"tiny\"><path d=\"M18.2 9.3l-6.2-6.3-6.2 6.3c-.2.2-.3.4-.3.7s.1.5.3.7c.2.2.4.3.7.3h11c.3 0 .5-.1.7-.3.2-.2.3-.5.3-.7s-.1-.5-.3-.7zM5.8 14.7l6.2 6.3 6.2-6.3c.2-.2.3-.5.3-.7s-.1-.5-.3-.7c-.2-.2-.4-.3-.7-.3h-11c-.3 0-.5.1-.7.3-.2.2-.3.5-.3.7s.1.5.3.7z\"\/><\/svg><\/span><\/span><\/span><\/a><\/span><\/div>\n<nav><ul class='ez-toc-list ez-toc-list-level-1' ><li class='ez-toc-page-1 ez-toc-heading-level-2'><a class=\"ez-toc-link ez-toc-heading-1\" href=\"https:\/\/mythslegendes.com\/es\/cocinera-mitologia\/cuentos-cocinero-varios\/#Mythes-legendes-et-contes-des-iles-Cook\" >Mitos, leyendas y cuentos de las Islas Cook<\/a><\/li><\/ul><\/nav><\/div>\n<h2 class=\"elementor-heading-title elementor-size-default\"><span class=\"ez-toc-section\" id=\"Mythes-legendes-et-contes-des-iles-Cook\"><\/span>Mitos, leyendas y cuentos de las Islas Cook<span class=\"ez-toc-section-end\"><\/span><\/h2>\t\t\t\t<\/div>\n\t\t\t\t<\/div>\n\t\t\t\t\t<\/div>\n\t\t<\/div>\n\t\t\t\t\t<\/div>\n\t\t<\/section>\n\t\t\t\t<section class=\"elementor-section elementor-top-section elementor-element elementor-element-81e2cf5 elementor-section-boxed elementor-section-height-default elementor-section-height-default\" data-id=\"81e2cf5\" data-element_type=\"section\" data-e-type=\"section\">\n\t\t\t\t\t\t<div class=\"elementor-container elementor-column-gap-default\">\n\t\t\t\t\t<div class=\"elementor-column elementor-col-100 elementor-top-column elementor-element elementor-element-76cc979\" data-id=\"76cc979\" data-element_type=\"column\" data-e-type=\"column\">\n\t\t\t<div class=\"elementor-widget-wrap elementor-element-populated\">\n\t\t\t\t\t\t<div class=\"elementor-element elementor-element-44b99b6 elementor-widget elementor-widget-text-editor\" data-id=\"44b99b6\" data-element_type=\"widget\" data-e-type=\"widget\" data-widget_type=\"text-editor.default\">\n\t\t\t\t<div class=\"elementor-widget-container\">\n\t\t\t\t\t\t\t\t\t<p><strong>Taakura<\/strong><\/p><p align=\"justify\">Taakura era una doncella pelirroja extremadamente hermosa que viv\u00eda en la isla de <a href=\"https:\/\/mythslegendes.com\/es\/cocinera-mitologia\/\">Rarotonga<\/a>. Estaba tan enamorada de su joven novio guerrero. Pero un d\u00eda, ella descubri\u00f3 que \u00e9l estaba teniendo una aventura. Devastada, jur\u00f3 destruir a su novio y a todos los dem\u00e1s hombres de Rarotongan. As\u00ed que se suicid\u00f3 y en la noche su esp\u00edritu se sentaba en una roca al costado del camino, peinando su largo cabello rojo, us\u00f3 su belleza hipn\u00f3tica para atraer a su novio al borde de un puente.\u00a0<\/p><p align=\"justify\">El esp\u00edritu de Taakura a\u00fan vaga por Rarotonga y contin\u00faa atrayendo a los hombres para que se sumerjan en la muerte. No se preocupe, el \u00faltimo caso del que escuch\u00e9 fue a principios de la d\u00e9cada de 1980, cuando un hombre condujo su veh\u00edculo por el costado de un puente, no muri\u00f3, pero afirm\u00f3 que era Taakura.<\/p><p><a title=\"En un\" name=\"Ina\"><\/a><\/p><p><strong>Ina y el tibur\u00f3n<\/strong><\/p><p align=\"justify\">\u00bfSabes por qu\u00e9 los tiburones tienen un diente en la parte superior de la cabeza? Bueno, hace mucho tiempo hubo una hermosa doncella llamada Ina que le pidi\u00f3 a un tibur\u00f3n que la llevara a otra isla para ver a su novio. De todos modos, durante el viaje tuvo hambre y decidi\u00f3 abrir uno de los cocos que hab\u00eda tra\u00eddo. Pero ella no ten\u00eda nada para abrirlo. Entonces de repente tuvo una idea. Cogi\u00f3 uno de los cocos y lo abri\u00f3 en la cabeza del tibur\u00f3n. El tibur\u00f3n luego la sacudi\u00f3 de su espalda y se la comi\u00f3. De todos modos, as\u00ed es como los tiburones tienen una abolladura en la cabeza.<\/p><p><strong>El pulpo y la rata<\/strong><\/p><p align=\"justify\">Otra historia similar es sobre el pulpo que se pone tinta en la cabeza. As\u00ed me lo explicaron. Hab\u00eda una rata en una canoa que estaba siendo sacudida por una tormenta. Eventualmente, la canoa comenz\u00f3 a romperse. Asustada y temblando, la rata mir\u00f3 a su alrededor en busca de algo a lo que pudiera aferrarse tambi\u00e9n. Entonces not\u00f3 un pulpo nadando cerca y lo llam\u00f3. Le pidi\u00f3 que lo llevara a tierra y que le pagara generosamente. El pulpo, siendo ignorante, se posicion\u00f3 y permiti\u00f3 que la rata se subiera a su cabeza, luego se dirigi\u00f3 con cuidado hacia la tierra.\u00a0<\/p><p align=\"justify\">Una vez que estuvieron cerca de la playa, la rata salt\u00f3 y r\u00e1pidamente corri\u00f3 hacia tierra firme. Entonces el pulpo le grit\u00f3 &quot;\u00bfd\u00f3nde est\u00e1 el pago que me prometiste?&quot;. Entonces la rata se dio la vuelta y dijo: &quot;Siente la parte superior de tu cabeza&quot;. De todos modos, basta de cuentos asquerosos. Pero por eso el pulpo tiene esa tinta negra en la cabeza y por eso los pulpos odian a las ratas.<\/p><p align=\"justify\"><strong>Raemaru<\/strong><\/p><p align=\"justify\">Seg\u00fan las leyendas, Raemaru era la monta\u00f1a m\u00e1s alta de Rarotonga. Raemaru est\u00e1 en el lado oeste de Rarotonga en el pueblo de Puaikura o ahora conocido como Arorangi. Raemaru, significa &#039;a la sombra del sol&#039;. La fama de esta monta\u00f1a lleg\u00f3 hasta la isla de Aitutaki. Aitutaki era completamente plano entonces y enviaron algunos guerreros para robar la monta\u00f1a. Por lo tanto, en la noche, estos guerreros de Aitutakian cortaron la cima de la monta\u00f1a y se la llevaron a Aitutaki. As\u00ed que ahora Raemaru tiene una cima plana que ha sido as\u00ed mucho antes de que el hombre blanco pusiera un pie en Rarotonga y Aitutaki tiene una peque\u00f1a monta\u00f1a.<\/p><p align=\"justify\"><a title=\"ati y\" name=\"Ati and\"><\/a><\/p><p><strong>Ati y la gente del inframundo (Momoke)<\/strong><\/p><p align=\"justify\">Ati era un humilde plantador que viv\u00eda en el pueblo que ahora es Arorangi, hace mucho tiempo. Un d\u00eda, cuando fue a su plantaci\u00f3n, descubri\u00f3 que faltaban algunos de sus cultivos. Visit\u00f3 a sus vecinos y exigi\u00f3 que se hicieran cargo de este delito, incluso acus\u00f3 y amenaz\u00f3 a sus vecinos con animales sueltos. Pero nadie se present\u00f3. Tan decidido a obtener justicia, pens\u00f3 que el ladr\u00f3n seguramente regresar\u00eda. As\u00ed que se escondi\u00f3 en los arbustos cercanos y esper\u00f3 a que el ladr\u00f3n regresara.\u00a0<\/p><p align=\"justify\">Hizo esto noche tras noche, pero el ladr\u00f3n no volvi\u00f3. Entonces, una noche, la luna estaba llena, Ati estaba casi a punto de irse convencido de que sus amenazas a los otros aldeanos definitivamente hab\u00edan asustado al ladr\u00f3n, cuando se escuch\u00f3 un sonido divertido como el agua ondulante. Mir\u00f3 hacia la piscina cerca de su plantaci\u00f3n y estaba brillando. Entonces, de repente, figuras humanas comenzaron a emerger de la piscina. Eran casi como \u00e9l excepto que eran de piel blanca. Observ\u00f3 m\u00e1s con asombro que con furia mientras desarraigaban y se alimentaban de los frutos de su trabajo.\u00a0<\/p><p align=\"justify\">Cuando reunieron lo suficiente, volvieron a meterse en el estanque y desaparecieron en sus profundidades. Curioso, Ati los sigui\u00f3 hasta la piscina, pero no importaba cu\u00e1nto lo intentara, no pod\u00eda contener la respiraci\u00f3n el tiempo suficiente. Tampoco es que supiera cu\u00e1n profundo ten\u00eda que ir. Finalmente, se dio por vencido. Luego plane\u00f3 c\u00f3mo capturar\u00eda a estos pieles blancas (momoke) la pr\u00f3xima vez.<\/p><p>En la noche de la siguiente luna llena, Ati volvi\u00f3 a acostarse entre los arbustos, pero esta vez m\u00e1s cerca del estanque y observ\u00f3 c\u00f3mo el momoke atacaba su plantaci\u00f3n. Mientras estaban ocupados, arroj\u00f3 sobre el estanque una red que hab\u00eda tejido especialmente para este prop\u00f3sito y luego rode\u00f3 al momoke. Se apresuraron a regresar a la piscina, pero el peso rompi\u00f3 parte del cordel y todos, excepto uno, pudieron escapar.\u00a0<\/p><p>Ati, extasiado, recogi\u00f3 a su cautivo y se lo llev\u00f3 a casa. Cuando lleg\u00f3 la ma\u00f1ana, mir\u00f3 bien a su cautiva y se dio cuenta de que era una mujer. Decidi\u00f3 hacer su esposa. Ella estaba muy infeliz al principio. Adem\u00e1s, no pod\u00eda salir durante el d\u00eda porque le dol\u00edan los ojos. Sin embargo, pas\u00f3 el tiempo y ella se acostumbr\u00f3 a vivir en el mundo de Ati, y finalmente le dio un hijo. Eran muy felices juntos. Sin embargo, un d\u00eda, cuando Ati lleg\u00f3 a casa, la encontr\u00f3 llorando. Ella le pregunt\u00f3 si pod\u00edan ir a visitar a sus padres porque quer\u00eda mostrarles a su hijo. As\u00ed que esa noche se prepararon y fueron a la piscina. Ati sostuvo al ni\u00f1o.<\/p><p>\u00a0Tomaron respiraciones profundas e intentaron sumergirse. Ati no pudo aguantar y tuvo que volver a subir para tomar m\u00e1s aire. Lo intent\u00f3 una y otra vez, sin \u00e9xito. Su esposa no hab\u00eda vuelto a salir para ayudarlo. Finalmente, se dio por vencido y se sent\u00f3 junto a la piscina con su hijo, de luto, sabiendo que ella nunca m\u00e1s volver\u00eda a la superficie. Llam\u00f3 a su hijo Ati&#039;ve (que significa separaci\u00f3n) y sell\u00f3 el estanque. De todos modos, te estoy contando esta historia, porque mientras est\u00e9s en Rarotonga y si te encuentras con algunos Rarotongan extremadamente hermosos (no, no los cauc\u00e1sicos que viven all\u00ed o los habitantes de las Islas Cook que tienen antepasados cauc\u00e1sicos), entonces sabr\u00e1s que son descendientes de Ati&#039;ve. Momoke es la palabra raratongana para albino.\u00a0<\/p><p>No importa cu\u00e1nto lo intenten estas personas, no se broncean. De todos modos, la piscina todav\u00eda est\u00e1 all\u00ed tambi\u00e9n, pero tienes que preguntarle a los ancianos de Arorangi d\u00f3nde est\u00e1.<\/p>\t\t\t\t\t\t\t\t<\/div>\n\t\t\t\t<\/div>\n\t\t\t\t\t<\/div>\n\t\t<\/div>\n\t\t\t\t\t<\/div>\n\t\t<\/section>\n\t\t\t\t<\/div>","protected":false},"excerpt":{"rendered":"<p>Mythologie Cook Wiki Cette page regroupe divers mythes, l\u00e9gendes et contes des iles Cook. Les textes sont en anglais pour &hellip; <\/p>","protected":false},"author":1,"featured_media":0,"parent":10211,"menu_order":0,"comment_status":"closed","ping_status":"closed","template":"","meta":{"footnotes":""},"class_list":["post-20471","page","type-page","status-publish","hentry"],"amp_enabled":true,"_links":{"self":[{"href":"https:\/\/mythslegendes.com\/es\/wp-json\/wp\/v2\/pages\/20471","targetHints":{"allow":["GET"]}}],"collection":[{"href":"https:\/\/mythslegendes.com\/es\/wp-json\/wp\/v2\/pages"}],"about":[{"href":"https:\/\/mythslegendes.com\/es\/wp-json\/wp\/v2\/types\/page"}],"author":[{"embeddable":true,"href":"https:\/\/mythslegendes.com\/es\/wp-json\/wp\/v2\/users\/1"}],"replies":[{"embeddable":true,"href":"https:\/\/mythslegendes.com\/es\/wp-json\/wp\/v2\/comments?post=20471"}],"version-history":[{"count":1,"href":"https:\/\/mythslegendes.com\/es\/wp-json\/wp\/v2\/pages\/20471\/revisions"}],"predecessor-version":[{"id":25501,"href":"https:\/\/mythslegendes.com\/es\/wp-json\/wp\/v2\/pages\/20471\/revisions\/25501"}],"up":[{"embeddable":true,"href":"https:\/\/mythslegendes.com\/es\/wp-json\/wp\/v2\/pages\/10211"}],"wp:attachment":[{"href":"https:\/\/mythslegendes.com\/es\/wp-json\/wp\/v2\/media?parent=20471"}],"curies":[{"name":"wp","href":"https:\/\/api.w.org\/{rel}","templated":true}]}}