{"id":21498,"date":"2022-07-31T21:20:23","date_gmt":"2022-07-31T21:20:23","guid":{"rendered":"https:\/\/mythslegendes.com\/?page_id=21498"},"modified":"2022-07-31T21:25:55","modified_gmt":"2022-07-31T21:25:55","slug":"le-maui-qui-attrapa-le-soleil","status":"publish","type":"page","link":"https:\/\/mythslegendes.com\/es\/mitologia-tahitiana-del-viento\/el-maui-que-atrapo-el-sol\/","title":{"rendered":"El Maui que atrap\u00f3 el sol"},"content":{"rendered":"<div data-elementor-type=\"wp-page\" data-elementor-id=\"21498\" class=\"elementor elementor-21498\">\n\t\t\t\t\t\t<section class=\"elementor-section elementor-top-section elementor-element elementor-element-8e280b4 elementor-section-boxed elementor-section-height-default elementor-section-height-default\" data-id=\"8e280b4\" data-element_type=\"section\" data-e-type=\"section\">\n\t\t\t\t\t\t<div class=\"elementor-container elementor-column-gap-default\">\n\t\t\t\t\t<div class=\"elementor-column elementor-col-50 elementor-top-column elementor-element elementor-element-13f8af5\" data-id=\"13f8af5\" data-element_type=\"column\" data-e-type=\"column\">\n\t\t\t<div class=\"elementor-widget-wrap elementor-element-populated\">\n\t\t\t\t\t\t<div class=\"elementor-element elementor-element-94d208a elementor-align-justify elementor-widget elementor-widget-button\" data-id=\"94d208a\" data-element_type=\"widget\" data-e-type=\"widget\" data-widget_type=\"button.default\">\n\t\t\t\t<div class=\"elementor-widget-container\">\n\t\t\t\t\t\t\t\t\t<div class=\"elementor-button-wrapper\">\n\t\t\t\t\t<a class=\"elementor-button elementor-button-link elementor-size-sm\" href=\"https:\/\/mythslegendes.com\/es\/mitologia-tahitiana-del-viento\/\">\n\t\t\t\t\t\t<span class=\"elementor-button-content-wrapper\">\n\t\t\t\t\t\t\t\t\t<span class=\"elementor-button-text\">Mitolog\u00eda del viento tahitiano<\/span>\n\t\t\t\t\t<\/span>\n\t\t\t\t\t<\/a>\n\t\t\t\t<\/div>\n\t\t\t\t\t\t\t\t<\/div>\n\t\t\t\t<\/div>\n\t\t\t\t\t<\/div>\n\t\t<\/div>\n\t\t\t\t<div class=\"elementor-column elementor-col-50 elementor-top-column elementor-element elementor-element-d5d1aa9\" data-id=\"d5d1aa9\" data-element_type=\"column\" data-e-type=\"column\">\n\t\t\t<div class=\"elementor-widget-wrap elementor-element-populated\">\n\t\t\t\t\t\t<div class=\"elementor-element elementor-element-9f15f26 elementor-align-justify elementor-widget elementor-widget-button\" data-id=\"9f15f26\" data-element_type=\"widget\" data-e-type=\"widget\" data-widget_type=\"button.default\">\n\t\t\t\t<div class=\"elementor-widget-container\">\n\t\t\t\t\t\t\t\t\t<div class=\"elementor-button-wrapper\">\n\t\t\t\t\t<a class=\"elementor-button elementor-button-link elementor-size-sm\" href=\"https:\/\/www.tahitiheritage.pf\/legende-maui-soleil\/\" target=\"_blank\" rel=\"noopener\">\n\t\t\t\t\t\t<span class=\"elementor-button-content-wrapper\">\n\t\t\t\t\t\t\t\t\t<span class=\"elementor-button-text\">Wiki<\/span>\n\t\t\t\t\t<\/span>\n\t\t\t\t\t<\/a>\n\t\t\t\t<\/div>\n\t\t\t\t\t\t\t\t<\/div>\n\t\t\t\t<\/div>\n\t\t\t\t\t<\/div>\n\t\t<\/div>\n\t\t\t\t\t<\/div>\n\t\t<\/section>\n\t\t\t\t<section class=\"elementor-section elementor-top-section elementor-element elementor-element-c34a574 elementor-section-boxed elementor-section-height-default elementor-section-height-default\" data-id=\"c34a574\" data-element_type=\"section\" data-e-type=\"section\">\n\t\t\t\t\t\t<div class=\"elementor-container elementor-column-gap-default\">\n\t\t\t\t\t<div class=\"elementor-column elementor-col-100 elementor-top-column elementor-element elementor-element-da5d1bc\" data-id=\"da5d1bc\" data-element_type=\"column\" data-e-type=\"column\">\n\t\t\t<div class=\"elementor-widget-wrap elementor-element-populated\">\n\t\t\t\t\t\t<div class=\"elementor-element elementor-element-8a7f692 elementor-widget elementor-widget-text-editor\" data-id=\"8a7f692\" data-element_type=\"widget\" data-e-type=\"widget\" data-widget_type=\"text-editor.default\">\n\t\t\t\t<div class=\"elementor-widget-container\">\n\t\t\t\t\t\t\t\t\t<p>La haza\u00f1a del guerrero de Maui que atrap\u00f3 el sol con una red para frenar su curso y permitir a los pescadores cocinar su pescado. La estrella entonces prometi\u00f3 brillar durante largos d\u00edas. El texto original: <a href=\"https:\/\/www.tahitiheritage.pf\/aai-maui-ra\/\" target=\"_blank\" rel=\"noopener noreferrer\"><em>&#039;\u0100&#039;ai n\u014d Maui o tei m\u0101rei ia R\u0101<\/em><\/a><\/p><p><img decoding=\"async\" class=\"alignnone wp-image-9347 size-full\" src=\"http:\/\/mythslegendes.com\/wp-content\/uploads\/2020\/09\/cropped-AlphaOmega-e1602613368367.png\" alt=\"Maui que atrap\u00f3 el sol\" width=\"25\" height=\"25\" title=\"\"><\/p>\t\t\t\t\t\t\t\t<\/div>\n\t\t\t\t<\/div>\n\t\t\t\t\t<\/div>\n\t\t<\/div>\n\t\t\t\t\t<\/div>\n\t\t<\/section>\n\t\t\t\t<section class=\"elementor-section elementor-top-section elementor-element elementor-element-ab52811 elementor-section-boxed elementor-section-height-default elementor-section-height-default\" data-id=\"ab52811\" data-element_type=\"section\" data-e-type=\"section\">\n\t\t\t\t\t\t<div class=\"elementor-container elementor-column-gap-default\">\n\t\t\t\t\t<div class=\"elementor-column elementor-col-100 elementor-top-column elementor-element elementor-element-d21395a\" data-id=\"d21395a\" data-element_type=\"column\" data-e-type=\"column\">\n\t\t\t<div class=\"elementor-widget-wrap elementor-element-populated\">\n\t\t\t\t\t\t<div class=\"elementor-element elementor-element-a33effb elementor-widget elementor-widget-heading\" data-id=\"a33effb\" data-element_type=\"widget\" data-e-type=\"widget\" data-widget_type=\"heading.default\">\n\t\t\t\t<div class=\"elementor-widget-container\">\n\t\t\t\t\t<div id=\"ez-toc-container\" class=\"ez-toc-v2_0_82_2 counter-hierarchy ez-toc-counter ez-toc-grey ez-toc-container-direction\">\n<div class=\"ez-toc-title-container\">\n<p class=\"ez-toc-title\" style=\"cursor:inherit\">Contenido<\/p>\n<span class=\"ez-toc-title-toggle\"><a href=\"#\" class=\"ez-toc-pull-right ez-toc-btn ez-toc-btn-xs ez-toc-btn-default ez-toc-toggle\" aria-label=\"Alternar tabla de contenidos\"><span class=\"ez-toc-js-icon-con\"><span class=\"\"><span class=\"eztoc-hide\" style=\"display:none;\">Palanca<\/span><span class=\"ez-toc-icon-toggle-span\"><svg style=\"fill: #999;color:#999\" xmlns=\"http:\/\/www.w3.org\/2000\/svg\" class=\"list-377408\" width=\"20px\" height=\"20px\" viewbox=\"0 0 24 24\" fill=\"none\"><path d=\"M6 6H4v2h2V6zm14 0H8v2h12V6zM4 11h2v2H4v-2zm16 0H8v2h12v-2zM4 16h2v2H4v-2zm16 0H8v2h12v-2z\" fill=\"currentColor\"><\/path><\/svg><svg style=\"fill: #999;color:#999\" class=\"arrow-unsorted-368013\" xmlns=\"http:\/\/www.w3.org\/2000\/svg\" width=\"10px\" height=\"10px\" viewbox=\"0 0 24 24\" version=\"1.2\" baseprofile=\"tiny\"><path d=\"M18.2 9.3l-6.2-6.3-6.2 6.3c-.2.2-.3.4-.3.7s.1.5.3.7c.2.2.4.3.7.3h11c.3 0 .5-.1.7-.3.2-.2.3-.5.3-.7s-.1-.5-.3-.7zM5.8 14.7l6.2 6.3 6.2-6.3c.2-.2.3-.5.3-.7s-.1-.5-.3-.7c-.2-.2-.4-.3-.7-.3h-11c-.3 0-.5.1-.7.3-.2.2-.3.5-.3.7s.1.5.3.7z\"\/><\/svg><\/span><\/span><\/span><\/a><\/span><\/div>\n<nav><ul class='ez-toc-list ez-toc-list-level-1' ><li class='ez-toc-page-1 ez-toc-heading-level-2'><a class=\"ez-toc-link ez-toc-heading-1\" href=\"https:\/\/mythslegendes.com\/es\/mitologia-tahitiana-del-viento\/el-maui-que-atrapo-el-sol\/#Lexploit-du-guerrier-Maui-qui-attrapa-le-soleil\" >La haza\u00f1a del guerrero de Maui que atrap\u00f3 el sol<\/a><\/li><\/ul><\/nav><\/div>\n<h2 class=\"elementor-heading-title elementor-size-default\"><span class=\"ez-toc-section\" id=\"Lexploit-du-guerrier-Maui-qui-attrapa-le-soleil\"><\/span>La haza\u00f1a del guerrero de Maui que atrap\u00f3 el sol<span class=\"ez-toc-section-end\"><\/span><\/h2>\t\t\t\t<\/div>\n\t\t\t\t<\/div>\n\t\t\t\t\t<\/div>\n\t\t<\/div>\n\t\t\t\t\t<\/div>\n\t\t<\/section>\n\t\t\t\t<section class=\"elementor-section elementor-top-section elementor-element elementor-element-fa8f6e5 elementor-section-boxed elementor-section-height-default elementor-section-height-default\" data-id=\"fa8f6e5\" data-element_type=\"section\" data-e-type=\"section\">\n\t\t\t\t\t\t<div class=\"elementor-container elementor-column-gap-default\">\n\t\t\t\t\t<div class=\"elementor-column elementor-col-100 elementor-top-column elementor-element elementor-element-4fd46b8\" data-id=\"4fd46b8\" data-element_type=\"column\" data-e-type=\"column\">\n\t\t\t<div class=\"elementor-widget-wrap elementor-element-populated\">\n\t\t\t\t\t\t<div class=\"elementor-element elementor-element-294bf33 elementor-widget elementor-widget-text-editor\" data-id=\"294bf33\" data-element_type=\"widget\" data-e-type=\"widget\" data-widget_type=\"text-editor.default\">\n\t\t\t\t<div class=\"elementor-widget-container\">\n\t\t\t\t\t\t\t\t\t<p>En la creaci\u00f3n del mundo, el sol cree que ha sido enga\u00f1ado: es el \u00fanico que trabaja. Mira la Tierra a sus pies y envidia a sus habitantes que pasean y duermen... \u00a1Entonces el sol decide hacer como ellos! \u201cDespu\u00e9s de todo, soy un dios\u201d, se dijo a s\u00ed mismo. \u201c\u00a1Los hombres est\u00e1n esperando que venga a presentarme sus respetos, as\u00ed que puedo hacer lo que me plazca! \u00bb<\/p><p>Los dias siguientes se levanta muy tarde y solo le bastan unos instantes para cruzar el cielo y ponerse atras <a href=\"https:\/\/mythslegendes.com\/es\/mitologia-tahitiana-del-viento\/\">Moorea<\/a>, por una larga, muy larga noche. La oscuridad es tan larga que la Tierra sufre mucho. No hay suficiente calor para calentar los hornos de piedra ni suficiente luz para preparar las comidas.<\/p><p>El joven guerrero de Maui ve los labios de su prometida Hina arder por comer crudo. La ira da paso a la tristeza en Maui, quien decide enfrentarse al sol y vencerlo.<\/p><p>Maui va en busca de las enredaderas m\u00e1s grandes, las algas m\u00e1s largas y la corteza m\u00e1s fuerte. Despu\u00e9s de hacer un gran mont\u00f3n, de hasta cinco hombres, comienza a tejer una extraordinaria red de lianas, algas y cortezas. La pieza central de este libro es el pelo largo de Hina.<\/p><p>Durante el d\u00eda, funciona a la luz r\u00e1pida del sol. Por la noche, trabaja a la luz de las estrellas. Mientras el sol, todo dormido y con demasiada prisa, se apresura a surcar el cielo, la red crece poco a poco.<\/p><p>La trampa finalmente ha terminado. Maui aprovecha la noche, se echa la red al hombro y va al arrecife, al borde del gran agujero por donde sale el sol del mar. Despu\u00e9s de una larga, muy larga vigilia, ve aparecer una luz. Este crece y colorea las olas y las nubes. Ella se est\u00e1 volviendo m\u00e1s y m\u00e1s fuerte. Los p\u00e1jaros comienzan a cantar.\u00a0<\/p><p>Cuando apuntan los primeros rayos, Maui lanza su red y cubre todo el agujero. El sol se encuentra prisionero. El sol lucha con furia, pero la red se mantiene firme. Veinte veces, la estrella intenta saltar en el cielo. Veinte veces fue rechazado. Veinte veces, intenta volver a bajar bajo tierra. Veinte veces, es retenido.<\/p><p>Entonces el sol comienza a calentar con tanta fuerza que el mar comienza a hervir y la tierra a resquebrajarse, todos los lazos de la red se queman. Algas, lianas, cortezas... nada resiste a las inmensas llamas. Nada, excepto el cabello de Hina, la prometida de Maui. El sol puede saltar, calentar, hincharse\u2026, lo agarra por el cuello y lo asfixia. Poco a poco pierde su brillo y finalmente se detiene, exhausto, derrotado.<\/p><p>Entonces se acerca Maui: Yo, Maui, cog\u00ed el sol.<br \/>El sol suplica: L\u00edbrame, Maui, me estoy asfixiando.<\/p><p>- No ! no te librar\u00e9. Te quedas eternamente unido por el da\u00f1o que has hecho a mi prometida ya mi pueblo. Sus labios est\u00e1n quemados con la savia cruda y sus ojos est\u00e1n llenos de noche. \u00a1Sigues siendo un prisionero!<br \/>&quot;Maui, si no me das, voy a morir y si muero, \u00a1ni t\u00fa ni los tuyos podr\u00e1n volver a vivir!&quot; L\u00edbrame !<br \/>\u201c\u00a1Prom\u00e9teme primero que nuestro pescado y verduras estar\u00e1n cocinados antes del anochecer!<br \/>- Te lo prometo !<\/p><p>Maui luego entrega el sol y el sol salta hacia el cielo.<\/p><p>Es desde ese d\u00eda que el sol sale tan temprano y se pone tan tarde. A veces, cuando vemos la puesta de sol, vemos una fina raya verde: es el cabello de la novia de Maui que cuelga all\u00ed para que el sol nunca olvide su promesa...<\/p>\t\t\t\t\t\t\t\t<\/div>\n\t\t\t\t<\/div>\n\t\t\t\t\t<\/div>\n\t\t<\/div>\n\t\t\t\t\t<\/div>\n\t\t<\/section>\n\t\t\t\t<\/div>","protected":false},"excerpt":{"rendered":"<p>Mythologie Tahitienne du Vent Wiki L\u2019exploit du guerrier Maui qui attrapa le soleil avec un filet pour freiner sa course &hellip; <\/p>","protected":false},"author":1,"featured_media":0,"parent":9989,"menu_order":0,"comment_status":"closed","ping_status":"closed","template":"","meta":{"footnotes":""},"class_list":["post-21498","page","type-page","status-publish","hentry"],"amp_enabled":true,"_links":{"self":[{"href":"https:\/\/mythslegendes.com\/es\/wp-json\/wp\/v2\/pages\/21498","targetHints":{"allow":["GET"]}}],"collection":[{"href":"https:\/\/mythslegendes.com\/es\/wp-json\/wp\/v2\/pages"}],"about":[{"href":"https:\/\/mythslegendes.com\/es\/wp-json\/wp\/v2\/types\/page"}],"author":[{"embeddable":true,"href":"https:\/\/mythslegendes.com\/es\/wp-json\/wp\/v2\/users\/1"}],"replies":[{"embeddable":true,"href":"https:\/\/mythslegendes.com\/es\/wp-json\/wp\/v2\/comments?post=21498"}],"version-history":[{"count":3,"href":"https:\/\/mythslegendes.com\/es\/wp-json\/wp\/v2\/pages\/21498\/revisions"}],"predecessor-version":[{"id":21504,"href":"https:\/\/mythslegendes.com\/es\/wp-json\/wp\/v2\/pages\/21498\/revisions\/21504"}],"up":[{"embeddable":true,"href":"https:\/\/mythslegendes.com\/es\/wp-json\/wp\/v2\/pages\/9989"}],"wp:attachment":[{"href":"https:\/\/mythslegendes.com\/es\/wp-json\/wp\/v2\/media?parent=21498"}],"curies":[{"name":"wp","href":"https:\/\/api.w.org\/{rel}","templated":true}]}}