{"id":21505,"date":"2022-07-31T21:26:52","date_gmt":"2022-07-31T21:26:52","guid":{"rendered":"https:\/\/mythslegendes.com\/?page_id=21505"},"modified":"2022-07-31T21:31:17","modified_gmt":"2022-07-31T21:31:17","slug":"hinaraurea-et-la-chenille","status":"publish","type":"page","link":"https:\/\/mythslegendes.com\/es\/mitologia-tahitiana-del-viento\/hinaraurea-y-la-oruga\/","title":{"rendered":"Hinaraure&#039;a y la oruga"},"content":{"rendered":"<div data-elementor-type=\"wp-page\" data-elementor-id=\"21505\" class=\"elementor elementor-21505\">\n\t\t\t\t\t\t<section class=\"elementor-section elementor-top-section elementor-element elementor-element-078d5de elementor-section-boxed elementor-section-height-default elementor-section-height-default\" data-id=\"078d5de\" data-element_type=\"section\" data-e-type=\"section\">\n\t\t\t\t\t\t<div class=\"elementor-container elementor-column-gap-default\">\n\t\t\t\t\t<div class=\"elementor-column elementor-col-50 elementor-top-column elementor-element elementor-element-a13edd4\" data-id=\"a13edd4\" data-element_type=\"column\" data-e-type=\"column\">\n\t\t\t<div class=\"elementor-widget-wrap elementor-element-populated\">\n\t\t\t\t\t\t<div class=\"elementor-element elementor-element-b5b6b52 elementor-align-justify elementor-widget elementor-widget-button\" data-id=\"b5b6b52\" data-element_type=\"widget\" data-e-type=\"widget\" data-widget_type=\"button.default\">\n\t\t\t\t<div class=\"elementor-widget-container\">\n\t\t\t\t\t\t\t\t\t<div class=\"elementor-button-wrapper\">\n\t\t\t\t\t<a class=\"elementor-button elementor-button-link elementor-size-sm\" href=\"https:\/\/mythslegendes.com\/es\/mitologia-tahitiana-del-viento\/\">\n\t\t\t\t\t\t<span class=\"elementor-button-content-wrapper\">\n\t\t\t\t\t\t\t\t\t<span class=\"elementor-button-text\">Mitolog\u00eda del viento tahitiano<\/span>\n\t\t\t\t\t<\/span>\n\t\t\t\t\t<\/a>\n\t\t\t\t<\/div>\n\t\t\t\t\t\t\t\t<\/div>\n\t\t\t\t<\/div>\n\t\t\t\t\t<\/div>\n\t\t<\/div>\n\t\t\t\t<div class=\"elementor-column elementor-col-50 elementor-top-column elementor-element elementor-element-2c23c51\" data-id=\"2c23c51\" data-element_type=\"column\" data-e-type=\"column\">\n\t\t\t<div class=\"elementor-widget-wrap elementor-element-populated\">\n\t\t\t\t\t\t<div class=\"elementor-element elementor-element-4a1bd1b elementor-align-justify elementor-widget elementor-widget-button\" data-id=\"4a1bd1b\" data-element_type=\"widget\" data-e-type=\"widget\" data-widget_type=\"button.default\">\n\t\t\t\t<div class=\"elementor-widget-container\">\n\t\t\t\t\t\t\t\t\t<div class=\"elementor-button-wrapper\">\n\t\t\t\t\t<a class=\"elementor-button elementor-button-link elementor-size-sm\" href=\"https:\/\/www.tahitiheritage.pf\/teheura-chenille-surfeuse\/\" target=\"_blank\" rel=\"noopener\">\n\t\t\t\t\t\t<span class=\"elementor-button-content-wrapper\">\n\t\t\t\t\t\t\t\t\t<span class=\"elementor-button-text\">Wiki<\/span>\n\t\t\t\t\t<\/span>\n\t\t\t\t\t<\/a>\n\t\t\t\t<\/div>\n\t\t\t\t\t\t\t\t<\/div>\n\t\t\t\t<\/div>\n\t\t\t\t\t<\/div>\n\t\t<\/div>\n\t\t\t\t\t<\/div>\n\t\t<\/section>\n\t\t\t\t<section class=\"elementor-section elementor-top-section elementor-element elementor-element-87ed888 elementor-section-boxed elementor-section-height-default elementor-section-height-default\" data-id=\"87ed888\" data-element_type=\"section\" data-e-type=\"section\">\n\t\t\t\t\t\t<div class=\"elementor-container elementor-column-gap-default\">\n\t\t\t\t\t<div class=\"elementor-column elementor-col-100 elementor-top-column elementor-element elementor-element-d336e7b\" data-id=\"d336e7b\" data-element_type=\"column\" data-e-type=\"column\">\n\t\t\t<div class=\"elementor-widget-wrap elementor-element-populated\">\n\t\t\t\t\t\t<div class=\"elementor-element elementor-element-8360d3a elementor-widget elementor-widget-text-editor\" data-id=\"8360d3a\" data-element_type=\"widget\" data-e-type=\"widget\" data-widget_type=\"text-editor.default\">\n\t\t\t\t<div class=\"elementor-widget-container\">\n\t\t\t\t\t\t\t\t\t<p>Este <a href=\"https:\/\/mythslegendes.com\/es\/\">leyenda<\/a> <a href=\"https:\/\/mythslegendes.com\/es\/mitologia-tahitiana-del-viento\/\">tahitiano<\/a> cuenta la historia de Teheura que secuestra a Hinaraure&#039;a, una hermosa chica surfista de la que se enamora. Hasta ahora nada anormal, excepto que Teheura es... una gran oruga. Es la leyenda de Hinaraure&#039;a y la oruga.<\/p><p><img decoding=\"async\" class=\"alignnone wp-image-9347 size-full\" src=\"http:\/\/mythslegendes.com\/wp-content\/uploads\/2020\/09\/cropped-AlphaOmega-e1602613368367.png\" alt=\"Hinaraure&#039;a y la oruga\" width=\"25\" height=\"25\" title=\"\"><\/p>\t\t\t\t\t\t\t\t<\/div>\n\t\t\t\t<\/div>\n\t\t\t\t\t<\/div>\n\t\t<\/div>\n\t\t\t\t\t<\/div>\n\t\t<\/section>\n\t\t\t\t<section class=\"elementor-section elementor-top-section elementor-element elementor-element-b290f07 elementor-section-boxed elementor-section-height-default elementor-section-height-default\" data-id=\"b290f07\" data-element_type=\"section\" data-e-type=\"section\">\n\t\t\t\t\t\t<div class=\"elementor-container elementor-column-gap-default\">\n\t\t\t\t\t<div class=\"elementor-column elementor-col-100 elementor-top-column elementor-element elementor-element-990fae4\" data-id=\"990fae4\" data-element_type=\"column\" data-e-type=\"column\">\n\t\t\t<div class=\"elementor-widget-wrap elementor-element-populated\">\n\t\t\t\t\t\t<div class=\"elementor-element elementor-element-1e92ec6 elementor-widget elementor-widget-heading\" data-id=\"1e92ec6\" data-element_type=\"widget\" data-e-type=\"widget\" data-widget_type=\"heading.default\">\n\t\t\t\t<div class=\"elementor-widget-container\">\n\t\t\t\t\t<div id=\"ez-toc-container\" class=\"ez-toc-v2_0_83 counter-hierarchy ez-toc-counter ez-toc-grey ez-toc-container-direction\">\n<div class=\"ez-toc-title-container\">\n<p class=\"ez-toc-title\" style=\"cursor:inherit\">Contenido<\/p>\n<span class=\"ez-toc-title-toggle\"><a href=\"#\" class=\"ez-toc-pull-right ez-toc-btn ez-toc-btn-xs ez-toc-btn-default ez-toc-toggle\" aria-label=\"Alternar tabla de contenidos\"><span class=\"ez-toc-js-icon-con\"><span class=\"\"><span class=\"eztoc-hide\" style=\"display:none;\">Palanca<\/span><span class=\"ez-toc-icon-toggle-span\"><svg style=\"fill: #999;color:#999\" xmlns=\"http:\/\/www.w3.org\/2000\/svg\" class=\"list-377408\" width=\"20px\" height=\"20px\" viewbox=\"0 0 24 24\" fill=\"none\"><path d=\"M6 6H4v2h2V6zm14 0H8v2h12V6zM4 11h2v2H4v-2zm16 0H8v2h12v-2zM4 16h2v2H4v-2zm16 0H8v2h12v-2z\" fill=\"currentColor\"><\/path><\/svg><svg style=\"fill: #999;color:#999\" class=\"arrow-unsorted-368013\" xmlns=\"http:\/\/www.w3.org\/2000\/svg\" width=\"10px\" height=\"10px\" viewbox=\"0 0 24 24\" version=\"1.2\" baseprofile=\"tiny\"><path d=\"M18.2 9.3l-6.2-6.3-6.2 6.3c-.2.2-.3.4-.3.7s.1.5.3.7c.2.2.4.3.7.3h11c.3 0 .5-.1.7-.3.2-.2.3-.5.3-.7s-.1-.5-.3-.7zM5.8 14.7l6.2 6.3 6.2-6.3c.2-.2.3-.5.3-.7s-.1-.5-.3-.7c-.2-.2-.4-.3-.7-.3h-11c-.3 0-.5.1-.7.3-.2.2-.3.5-.3.7s.1.5.3.7z\"\/><\/svg><\/span><\/span><\/span><\/a><\/span><\/div>\n<nav><ul class='ez-toc-list ez-toc-list-level-1' ><li class='ez-toc-page-1 ez-toc-heading-level-2'><a class=\"ez-toc-link ez-toc-heading-1\" href=\"https:\/\/mythslegendes.com\/es\/mitologia-tahitiana-del-viento\/hinaraurea-y-la-oruga\/#Hinaraurea-et-la-chenille-Teheura\" >Hinaraure&#039;a y la oruga Teheura<\/a><\/li><\/ul><\/nav><\/div>\n<h2 class=\"elementor-heading-title elementor-size-default\"><span class=\"ez-toc-section\" id=\"Hinaraurea-et-la-chenille-Teheura\"><\/span>Hinaraure&#039;a y la oruga Teheura<span class=\"ez-toc-section-end\"><\/span><\/h2>\t\t\t\t<\/div>\n\t\t\t\t<\/div>\n\t\t\t\t\t<\/div>\n\t\t<\/div>\n\t\t\t\t\t<\/div>\n\t\t<\/section>\n\t\t\t\t<section class=\"elementor-section elementor-top-section elementor-element elementor-element-d64f71a elementor-section-boxed elementor-section-height-default elementor-section-height-default\" data-id=\"d64f71a\" data-element_type=\"section\" data-e-type=\"section\">\n\t\t\t\t\t\t<div class=\"elementor-container elementor-column-gap-default\">\n\t\t\t\t\t<div class=\"elementor-column elementor-col-100 elementor-top-column elementor-element elementor-element-e532625\" data-id=\"e532625\" data-element_type=\"column\" data-e-type=\"column\">\n\t\t\t<div class=\"elementor-widget-wrap elementor-element-populated\">\n\t\t\t\t\t\t<div class=\"elementor-element elementor-element-0f52707 elementor-widget elementor-widget-text-editor\" data-id=\"0f52707\" data-element_type=\"widget\" data-e-type=\"widget\" data-widget_type=\"text-editor.default\">\n\t\t\t\t<div class=\"elementor-widget-container\">\n\t\t\t\t\t\t\t\t\t<p>\u00c9rase una vez una pareja que viv\u00eda en un cacicazgo en\u00a0<a href=\"https:\/\/www.tahitiheritage.pf\/localistion\/iles-vent\/tahiti\/taiarapu-est\/faaone\/\" target=\"_blank\" rel=\"noopener noreferrer\">faaona<\/a>. La pareja fue ahuyentada por el gran jefe. Sin saber a d\u00f3nde ir, se refugiaron en una cueva llamada Tu&#039;itu&#039;ipuapua en Hitiaa. Sin embargo, la mujer estaba embarazada. Cuando lleg\u00f3 el d\u00eda de su parto, estaba preocupada\u2026 De esta uni\u00f3n naci\u00f3 una oruga, a la que llamaron Teheura. Los padres alimentaron a este ni\u00f1o y un d\u00eda al ver que crec\u00eda m\u00e1s y m\u00e1s, huyeron. La oruga llor\u00f3 y luego decidi\u00f3 cavar un hoyo.<\/p><p>Pasaron los a\u00f1os, la bestia se convirti\u00f3 en un monstruo.<\/p><p>Un d\u00eda se alej\u00f3 de su cueva, estaba buscando comida. Al llegar al distrito de Mahaena, la oruga vio a una joven que estaba surfeando. Su nombre era Hinaraure&#039;a y estaba prometida a un guerrero. Teheura se enamor\u00f3 y quiso casarse con ella. Este vahine fue el mejor surfista de la costa este de <a href=\"https:\/\/mythslegendes.com\/es\/mitologia-tahitiana-del-viento\/\">Tahit\u00ed<\/a>. Sus padres trataron de disuadirlo ya que Hinaraure&#039;a estaba casada con Turi, el dios viviente de la luz y la oscuridad y tambi\u00e9n el amo del viento.<\/p><p>Pero nada pudo detener a Teheura. Un d\u00eda, se sumerge en el mar y nada hasta la roca To&#039;anui en Mahaena. All\u00ed \u201cinfla las olas\u201d para atraer al surfista. Desde entonces, esta roca se llama Puuutaihani.<\/p><p>Al mismo tiempo, Turi, el esposo de Hinaraure&#039;a, est\u00e1 en el fondo del valle buscando un \u00e1rbol para usar como poste para su casa. Al amanecer, al ver que se empiezan a formar las olas, los surfistas se meten al agua. Hinaraure&#039;a se uni\u00f3 a ellos. Su madre intenta detenerla, pero Hinaraure&#039;a le dice:\u00a0<em>iore, iore<\/em>\u00a0\u00bb, de ah\u00ed el nombre de To&#039;aiore-ma dado a los dos bancos:\u00a0<em>To&#039;aiore<\/em>\u00a0el grande y t<em>o&#039;aiore<\/em>\u00a0el peque\u00f1o, ubicado en Anapu. Estos separan los dos distritos de Mahaena y Tiarei.<\/p><p>Cuando Hinaraure&#039;a toma su tercera ola, desaparece agarrada por Teheura. \u00c9ste lo toma por la fuerza en el valle de Vai&#039;iha, en Faaone. Mientras tanto, el esposo de Hinaraure&#039;a no puede encontrar su poste en el fondo del valle. El primer tronco que corta se rompe, el segundo parte, el tercero se rompe en mil pedazos. \u201cEstas se\u00f1ales indican que algo est\u00e1 pasando en casa\u201d, piensa Turi, decidiendo irse a casa lo antes posible.<\/p><p>&quot;Hinaraure&#039;a desapareci\u00f3 mientras navegaba&quot;, le dicen. Turi busca en vano por todas partes. Luego llama al dios Taaroa quien le dice: \u201cVe a buscarme un coco\u201d. Taaroa lo divide, toma la mitad inferior, lo ralla y luego arroja el contenido al mar. No pasa nada.<\/p><p>Taaroa luego toma la otra mitad de la nuez, la ralla y sopla el contenido hacia el norte. Una calma plana congela el oc\u00e9ano. Turi luego ve a su esposa frente a Vai&#039;iha, cerca de los islotes Puruu y Oputotara, y se la lleva Teheura. Comienza a perseguirlos.<\/p><p>En Tiarei, Turi conoce a los dos gemelos de Taata&#039;auroa. Le explican que para derrotar a este demonio, es necesario construir una gran red de nuca (cuerdas hechas con fibras de fibra de coco) y &#039;<em>es decir, es decir<\/em>\u00a0(mariposa pandanus) entrelazada con cabello; afilar bien un cuchillo de bamb\u00fa y luego criar una gran horda de perros.<\/p><p>Teheura entra en la cueva de Vaihiria y luego sale de Hinaraure&#039;a. Va al arrecife a comer erizos de mar y almejas gigantes. Cuando est\u00e1 saciado, llega a casa y se duerme. Luego llega Turi, cubre a Teheura con su red, lo atraviesa con su lanza, luego lo corta con su cuchillo de bamb\u00fa y arroja los cuartos de carne a sus perros. Libera a su esposa y la lleva de regreso a Mahaena.<\/p>\t\t\t\t\t\t\t\t<\/div>\n\t\t\t\t<\/div>\n\t\t\t\t\t<\/div>\n\t\t<\/div>\n\t\t\t\t\t<\/div>\n\t\t<\/section>\n\t\t\t\t<\/div>","protected":false},"excerpt":{"rendered":"<p>Mythologie Tahitienne du Vent Wiki Cette l\u00e9gende tahitienne raconte l\u2019histoire de Teheura qui enl\u00e8ve Hinaraure\u2019a, une belle surfeuse dont il &hellip; <\/p>","protected":false},"author":1,"featured_media":0,"parent":9989,"menu_order":0,"comment_status":"closed","ping_status":"closed","template":"","meta":{"footnotes":""},"class_list":["post-21505","page","type-page","status-publish","hentry"],"amp_enabled":true,"_links":{"self":[{"href":"https:\/\/mythslegendes.com\/es\/wp-json\/wp\/v2\/pages\/21505","targetHints":{"allow":["GET"]}}],"collection":[{"href":"https:\/\/mythslegendes.com\/es\/wp-json\/wp\/v2\/pages"}],"about":[{"href":"https:\/\/mythslegendes.com\/es\/wp-json\/wp\/v2\/types\/page"}],"author":[{"embeddable":true,"href":"https:\/\/mythslegendes.com\/es\/wp-json\/wp\/v2\/users\/1"}],"replies":[{"embeddable":true,"href":"https:\/\/mythslegendes.com\/es\/wp-json\/wp\/v2\/comments?post=21505"}],"version-history":[{"count":3,"href":"https:\/\/mythslegendes.com\/es\/wp-json\/wp\/v2\/pages\/21505\/revisions"}],"predecessor-version":[{"id":21512,"href":"https:\/\/mythslegendes.com\/es\/wp-json\/wp\/v2\/pages\/21505\/revisions\/21512"}],"up":[{"embeddable":true,"href":"https:\/\/mythslegendes.com\/es\/wp-json\/wp\/v2\/pages\/9989"}],"wp:attachment":[{"href":"https:\/\/mythslegendes.com\/es\/wp-json\/wp\/v2\/media?parent=21505"}],"curies":[{"name":"wp","href":"https:\/\/api.w.org\/{rel}","templated":true}]}}