{"id":21513,"date":"2022-07-31T21:32:15","date_gmt":"2022-07-31T21:32:15","guid":{"rendered":"https:\/\/mythslegendes.com\/?page_id=21513"},"modified":"2022-07-31T21:35:15","modified_gmt":"2022-07-31T21:35:15","slug":"tuituiinia-et-toamutumutu","status":"publish","type":"page","link":"https:\/\/mythslegendes.com\/es\/mitologia-tahitiana-del-viento\/tuituiinia-y-toamutumutu\/","title":{"rendered":"Tuituiini&#039;a y Toamutumutu"},"content":{"rendered":"<div data-elementor-type=\"wp-page\" data-elementor-id=\"21513\" class=\"elementor elementor-21513\">\n\t\t\t\t\t\t<section class=\"elementor-section elementor-top-section elementor-element elementor-element-edaba33 elementor-section-boxed elementor-section-height-default elementor-section-height-default\" data-id=\"edaba33\" data-element_type=\"section\" data-e-type=\"section\">\n\t\t\t\t\t\t<div class=\"elementor-container elementor-column-gap-default\">\n\t\t\t\t\t<div class=\"elementor-column elementor-col-50 elementor-top-column elementor-element elementor-element-15f55de\" data-id=\"15f55de\" data-element_type=\"column\" data-e-type=\"column\">\n\t\t\t<div class=\"elementor-widget-wrap elementor-element-populated\">\n\t\t\t\t\t\t<div class=\"elementor-element elementor-element-6560b15 elementor-align-justify elementor-widget elementor-widget-button\" data-id=\"6560b15\" data-element_type=\"widget\" data-e-type=\"widget\" data-widget_type=\"button.default\">\n\t\t\t\t<div class=\"elementor-widget-container\">\n\t\t\t\t\t\t\t\t\t<div class=\"elementor-button-wrapper\">\n\t\t\t\t\t<a class=\"elementor-button elementor-button-link elementor-size-sm\" href=\"https:\/\/mythslegendes.com\/es\/mitologia-tahitiana-del-viento\/\">\n\t\t\t\t\t\t<span class=\"elementor-button-content-wrapper\">\n\t\t\t\t\t\t\t\t\t<span class=\"elementor-button-text\">Mitolog\u00eda del viento tahitiano<\/span>\n\t\t\t\t\t<\/span>\n\t\t\t\t\t<\/a>\n\t\t\t\t<\/div>\n\t\t\t\t\t\t\t\t<\/div>\n\t\t\t\t<\/div>\n\t\t\t\t\t<\/div>\n\t\t<\/div>\n\t\t\t\t<div class=\"elementor-column elementor-col-50 elementor-top-column elementor-element elementor-element-ff6ce20\" data-id=\"ff6ce20\" data-element_type=\"column\" data-e-type=\"column\">\n\t\t\t<div class=\"elementor-widget-wrap elementor-element-populated\">\n\t\t\t\t\t\t<div class=\"elementor-element elementor-element-78331f7 elementor-align-justify elementor-widget elementor-widget-button\" data-id=\"78331f7\" data-element_type=\"widget\" data-e-type=\"widget\" data-widget_type=\"button.default\">\n\t\t\t\t<div class=\"elementor-widget-container\">\n\t\t\t\t\t\t\t\t\t<div class=\"elementor-button-wrapper\">\n\t\t\t\t\t<a class=\"elementor-button elementor-button-link elementor-size-sm\" href=\"https:\/\/www.tahitiheritage.pf\/legende-uituinia-toamutumutu-baleineaux\/\" target=\"_blank\" rel=\"noopener\">\n\t\t\t\t\t\t<span class=\"elementor-button-content-wrapper\">\n\t\t\t\t\t\t\t\t\t<span class=\"elementor-button-text\">Wiki<\/span>\n\t\t\t\t\t<\/span>\n\t\t\t\t\t<\/a>\n\t\t\t\t<\/div>\n\t\t\t\t\t\t\t\t<\/div>\n\t\t\t\t<\/div>\n\t\t\t\t\t<\/div>\n\t\t<\/div>\n\t\t\t\t\t<\/div>\n\t\t<\/section>\n\t\t\t\t<section class=\"elementor-section elementor-top-section elementor-element elementor-element-8efd149 elementor-section-boxed elementor-section-height-default elementor-section-height-default\" data-id=\"8efd149\" data-element_type=\"section\" data-e-type=\"section\">\n\t\t\t\t\t\t<div class=\"elementor-container elementor-column-gap-default\">\n\t\t\t\t\t<div class=\"elementor-column elementor-col-100 elementor-top-column elementor-element elementor-element-b4b1390\" data-id=\"b4b1390\" data-element_type=\"column\" data-e-type=\"column\">\n\t\t\t<div class=\"elementor-widget-wrap elementor-element-populated\">\n\t\t\t\t\t\t<div class=\"elementor-element elementor-element-2d41ae2 elementor-widget elementor-widget-text-editor\" data-id=\"2d41ae2\" data-element_type=\"widget\" data-e-type=\"widget\" data-widget_type=\"text-editor.default\">\n\t\t\t\t<div class=\"elementor-widget-container\">\n\t\t\t\t\t\t\t\t\t<p>Los dos becerros, Tuituiini&#039;a y Toamutumutu, eran los reyes de Toahotu en la costa oeste de <a href=\"https:\/\/mythslegendes.com\/es\/mitologia-tahitiana-del-viento\/\">Tahit\u00ed<\/a> iti. Pero por lo que dijeron sus padres prefieren dejar su tierra. Mira esto <a href=\"https:\/\/mythslegendes.com\/es\/\">leyenda<\/a> <a href=\"https:\/\/mythslegendes.com\/es\/mitologia-tahitiana-del-viento\/\">tahitiano<\/a>, relatado por el famoso narrador Te Arapo.<\/p><p><img decoding=\"async\" class=\"alignnone wp-image-9347 size-full\" src=\"http:\/\/mythslegendes.com\/wp-content\/uploads\/2020\/09\/cropped-AlphaOmega-e1602613368367.png\" alt=\"Tuituiini&#039;a y Toamutumutu\" width=\"25\" height=\"25\" title=\"\"><\/p>\t\t\t\t\t\t\t\t<\/div>\n\t\t\t\t<\/div>\n\t\t\t\t\t<\/div>\n\t\t<\/div>\n\t\t\t\t\t<\/div>\n\t\t<\/section>\n\t\t\t\t<section class=\"elementor-section elementor-top-section elementor-element elementor-element-2af0246 elementor-section-boxed elementor-section-height-default elementor-section-height-default\" data-id=\"2af0246\" data-element_type=\"section\" data-e-type=\"section\">\n\t\t\t\t\t\t<div class=\"elementor-container elementor-column-gap-default\">\n\t\t\t\t\t<div class=\"elementor-column elementor-col-100 elementor-top-column elementor-element elementor-element-5498d89\" data-id=\"5498d89\" data-element_type=\"column\" data-e-type=\"column\">\n\t\t\t<div class=\"elementor-widget-wrap elementor-element-populated\">\n\t\t\t\t\t\t<div class=\"elementor-element elementor-element-f6a7d91 elementor-widget elementor-widget-heading\" data-id=\"f6a7d91\" data-element_type=\"widget\" data-e-type=\"widget\" data-widget_type=\"heading.default\">\n\t\t\t\t<div class=\"elementor-widget-container\">\n\t\t\t\t\t<div id=\"ez-toc-container\" class=\"ez-toc-v2_0_82_2 counter-hierarchy ez-toc-counter ez-toc-grey ez-toc-container-direction\">\n<div class=\"ez-toc-title-container\">\n<p class=\"ez-toc-title\" style=\"cursor:inherit\">Contenido<\/p>\n<span class=\"ez-toc-title-toggle\"><a href=\"#\" class=\"ez-toc-pull-right ez-toc-btn ez-toc-btn-xs ez-toc-btn-default ez-toc-toggle\" aria-label=\"Alternar tabla de contenidos\"><span class=\"ez-toc-js-icon-con\"><span class=\"\"><span class=\"eztoc-hide\" style=\"display:none;\">Palanca<\/span><span class=\"ez-toc-icon-toggle-span\"><svg style=\"fill: #999;color:#999\" xmlns=\"http:\/\/www.w3.org\/2000\/svg\" class=\"list-377408\" width=\"20px\" height=\"20px\" viewbox=\"0 0 24 24\" fill=\"none\"><path d=\"M6 6H4v2h2V6zm14 0H8v2h12V6zM4 11h2v2H4v-2zm16 0H8v2h12v-2zM4 16h2v2H4v-2zm16 0H8v2h12v-2z\" fill=\"currentColor\"><\/path><\/svg><svg style=\"fill: #999;color:#999\" class=\"arrow-unsorted-368013\" xmlns=\"http:\/\/www.w3.org\/2000\/svg\" width=\"10px\" height=\"10px\" viewbox=\"0 0 24 24\" version=\"1.2\" baseprofile=\"tiny\"><path d=\"M18.2 9.3l-6.2-6.3-6.2 6.3c-.2.2-.3.4-.3.7s.1.5.3.7c.2.2.4.3.7.3h11c.3 0 .5-.1.7-.3.2-.2.3-.5.3-.7s-.1-.5-.3-.7zM5.8 14.7l6.2 6.3 6.2-6.3c.2-.2.3-.5.3-.7s-.1-.5-.3-.7c-.2-.2-.4-.3-.7-.3h-11c-.3 0-.5.1-.7.3-.2.2-.3.5-.3.7s.1.5.3.7z\"\/><\/svg><\/span><\/span><\/span><\/a><\/span><\/div>\n<nav><ul class='ez-toc-list ez-toc-list-level-1' ><li class='ez-toc-page-1 ez-toc-heading-level-2'><a class=\"ez-toc-link ez-toc-heading-1\" href=\"https:\/\/mythslegendes.com\/es\/mitologia-tahitiana-del-viento\/tuituiinia-y-toamutumutu\/#Tuituiinia-et-Toamutumutu-les-deux-baleineaux\" >Tuituiini&#039;a y Toamutumutu, los dos terneros<\/a><\/li><\/ul><\/nav><\/div>\n<h2 class=\"elementor-heading-title elementor-size-default\"><span class=\"ez-toc-section\" id=\"Tuituiinia-et-Toamutumutu-les-deux-baleineaux\"><\/span>Tuituiini&#039;a y Toamutumutu, los dos terneros<span class=\"ez-toc-section-end\"><\/span><\/h2>\t\t\t\t<\/div>\n\t\t\t\t<\/div>\n\t\t\t\t\t<\/div>\n\t\t<\/div>\n\t\t\t\t\t<\/div>\n\t\t<\/section>\n\t\t\t\t<section class=\"elementor-section elementor-top-section elementor-element elementor-element-cec1f17 elementor-section-boxed elementor-section-height-default elementor-section-height-default\" data-id=\"cec1f17\" data-element_type=\"section\" data-e-type=\"section\">\n\t\t\t\t\t\t<div class=\"elementor-container elementor-column-gap-default\">\n\t\t\t\t\t<div class=\"elementor-column elementor-col-100 elementor-top-column elementor-element elementor-element-397dc0e\" data-id=\"397dc0e\" data-element_type=\"column\" data-e-type=\"column\">\n\t\t\t<div class=\"elementor-widget-wrap elementor-element-populated\">\n\t\t\t\t\t\t<div class=\"elementor-element elementor-element-cdc6647 elementor-widget elementor-widget-text-editor\" data-id=\"cdc6647\" data-element_type=\"widget\" data-e-type=\"widget\" data-widget_type=\"text-editor.default\">\n\t\t\t\t<div class=\"elementor-widget-container\">\n\t\t\t\t\t\t\t\t\t<p>\u201cTanehuifenua de Vairao tom\u00f3 por esposa a Tinirauarii de Toahotu donde vivieron por alg\u00fan tiempo. Luego se dirigieron a Hi&#039;upe, en Taravao.<\/p><p>Tinirauarii dio a luz a Tuituiini&#039;a, una cr\u00eda. La pareja subi\u00f3 a Vai&#039;ufa&#039;ufa donde dejaron el ternero. Puturua y su esposa Piitorea, los padres adoptivos, tomaron al ni\u00f1o y lo llevaron a una piha, un manantial junto al mar en Vai&#039;ufa&#039;ifa y lo criaron.<\/p><p>Unos a\u00f1os m\u00e1s tarde, Tinirauarii volvi\u00f3 a dar a luz a una ballena hembra, Toamutumutu, que tambi\u00e9n confiaron a Puturua y Piitorea. Tinirauarii volvi\u00f3 a quedar embarazada y esta vez dio a luz a una oruga, a la que llam\u00f3 Tehematavaa. Dio a luz una vez m\u00e1s, pero a un ni\u00f1o p\u00e1jaro, llamado Pereamanu.<\/p><p>Cuando los ni\u00f1os crecieron, escucharon una conversaci\u00f3n proveniente de sus padres, particularmente de su padre:<\/p><p>&quot;Me estoy cansando de alimentar in\u00fatilmente a tontos, no soy nada feliz, hubiera preferido criar cerdos, al menos habr\u00edan podido arar la tierra&quot;.<\/p><p>Al escuchar esto, las ballenas sintieron dolor y se negaron a alimentarse. Tuvieron que irse. Invocaron los elementos del viento y la lluvia. Luego, un cicl\u00f3n azota la ciudad. El manantial Vai&#039;ufa&#039;ufa se llen\u00f3 y desbord\u00f3 hacia el mar. Las ballenas se deslizaron hasta el lugar llamado Tepapa donde Toamutumutu quer\u00eda descansar, pero su hermano le pidi\u00f3 que continuara su viaje. Se detuvieron en Vaiaparaoa. El hermano se detuvo en Tetavecai o Mitiapa, y la hermana en Tetavaiuta, donde descansaron soplando fuerte.<\/p><p>Al escuchar estas respiraciones, los padres se dan cuenta de su huida. Temprano en la ma\u00f1ana, los terneros partieron hacia Taipa&#039;aeinataihoro y Taipoararua, sus padres y otras personas los seguir\u00e1n. Toamutumutu quer\u00eda dar marcha atr\u00e1s mientras su hermano quer\u00eda continuar, de ah\u00ed el nombre de Taiuruti&#039;a (piensan mucho antes de decidirse a tomar la decisi\u00f3n correcta). Temprano en la ma\u00f1ana, finalmente llegaron al mar, los padres cantaron entonces:<\/p><p>Tuituiinia y Toamutumutu e,<br \/>E ore ta&#039;u vaa e tere i nia i Haapana (mi canoa ya no navega hacia Haapana)<br \/>E fenua hupehupe (es una tierra perezosa)<br \/>E fenua ta&#039;ata ino (esta es una tierra donde la gente es mala)<br \/>Tohora e rere I Teuruhi (ballenas que van hacia Teuruhi)<br \/>E arii no Tarahu&#039;arau (Reyes de Tarahu&#039;arau)<br \/>A rere, a rere I Teuruhi (Vaya, vaya a Teuruhi)<\/p><p>Las ballenas parten hacia Opoa a las <a href=\"https:\/\/mythslegendes.com\/es\/mitologia-tahitiana-sotavento\/\">Raiatea<\/a>. Cuando terminaron sus ofrendas en el marae de Taputapuatea, decidieron dirigirse a Uporu, en la isla de <a href=\"https:\/\/mythslegendes.com\/es\/mitologia-tahitiana-sotavento\/\">Tahaa<\/a>.<\/p><p>Mientras viajaban hacia Taputapuatea, se enteraron de un guerrero todopoderoso que acababa de llegar a la pen\u00ednsula de Tahit\u00ed. Regresaron a Taiarapu para luchar contra \u00e9l, y mientras intentaban alcanzar la cima del Vaiarava, el canto del gallo los congel\u00f3. Prueba de ello son las dos piedras a\u00fan visibles en Teahupoo, llamadas \u201cTe ure a Vaiarava\u201d, as\u00ed como la piedra con forma de ballena ubicada en Opoa (Raiatea).<\/p><p>Los becerros eran los ari&#039;i de Toahotu pero por lo que dijeron sus padres prefirieron abandonar su tierra. Fueron reemplazados por el ari&#039;iAutaia, el nuevo rey de Toahotu, lo que provoc\u00f3 la ira del padre que destruy\u00f3 los marae Tuputupu.<\/p>\t\t\t\t\t\t\t\t<\/div>\n\t\t\t\t<\/div>\n\t\t\t\t\t<\/div>\n\t\t<\/div>\n\t\t\t\t\t<\/div>\n\t\t<\/section>\n\t\t\t\t<\/div>","protected":false},"excerpt":{"rendered":"<p>Mythologie Tahitienne du Vent Wiki Les deux baleineaux, Tuituiini&rsquo;a et Toamutumutu, \u00e9taient les rois de Toahotu sur la c\u00f4te Ouest &hellip; <\/p>","protected":false},"author":1,"featured_media":0,"parent":9989,"menu_order":0,"comment_status":"closed","ping_status":"closed","template":"","meta":{"footnotes":""},"class_list":["post-21513","page","type-page","status-publish","hentry"],"amp_enabled":true,"_links":{"self":[{"href":"https:\/\/mythslegendes.com\/es\/wp-json\/wp\/v2\/pages\/21513","targetHints":{"allow":["GET"]}}],"collection":[{"href":"https:\/\/mythslegendes.com\/es\/wp-json\/wp\/v2\/pages"}],"about":[{"href":"https:\/\/mythslegendes.com\/es\/wp-json\/wp\/v2\/types\/page"}],"author":[{"embeddable":true,"href":"https:\/\/mythslegendes.com\/es\/wp-json\/wp\/v2\/users\/1"}],"replies":[{"embeddable":true,"href":"https:\/\/mythslegendes.com\/es\/wp-json\/wp\/v2\/comments?post=21513"}],"version-history":[{"count":3,"href":"https:\/\/mythslegendes.com\/es\/wp-json\/wp\/v2\/pages\/21513\/revisions"}],"predecessor-version":[{"id":21520,"href":"https:\/\/mythslegendes.com\/es\/wp-json\/wp\/v2\/pages\/21513\/revisions\/21520"}],"up":[{"embeddable":true,"href":"https:\/\/mythslegendes.com\/es\/wp-json\/wp\/v2\/pages\/9989"}],"wp:attachment":[{"href":"https:\/\/mythslegendes.com\/es\/wp-json\/wp\/v2\/media?parent=21513"}],"curies":[{"name":"wp","href":"https:\/\/api.w.org\/{rel}","templated":true}]}}