{"id":21521,"date":"2022-07-31T21:37:20","date_gmt":"2022-07-31T21:37:20","guid":{"rendered":"https:\/\/mythslegendes.com\/?page_id=21521"},"modified":"2022-07-31T21:39:22","modified_gmt":"2022-07-31T21:39:22","slug":"hine-nui-te-po","status":"publish","type":"page","link":"https:\/\/mythslegendes.com\/es\/mitologia-tahitiana-del-viento\/hine-nui-te-po\/","title":{"rendered":"Hine Nui Te Po"},"content":{"rendered":"<div data-elementor-type=\"wp-page\" data-elementor-id=\"21521\" class=\"elementor elementor-21521\">\n\t\t\t\t\t\t<section class=\"elementor-section elementor-top-section elementor-element elementor-element-a5c754a elementor-section-boxed elementor-section-height-default elementor-section-height-default\" data-id=\"a5c754a\" data-element_type=\"section\" data-e-type=\"section\">\n\t\t\t\t\t\t<div class=\"elementor-container elementor-column-gap-default\">\n\t\t\t\t\t<div class=\"elementor-column elementor-col-50 elementor-top-column elementor-element elementor-element-d1b8969\" data-id=\"d1b8969\" data-element_type=\"column\" data-e-type=\"column\">\n\t\t\t<div class=\"elementor-widget-wrap elementor-element-populated\">\n\t\t\t\t\t\t<div class=\"elementor-element elementor-element-803a526 elementor-align-justify elementor-widget elementor-widget-button\" data-id=\"803a526\" data-element_type=\"widget\" data-e-type=\"widget\" data-widget_type=\"button.default\">\n\t\t\t\t<div class=\"elementor-widget-container\">\n\t\t\t\t\t\t\t\t\t<div class=\"elementor-button-wrapper\">\n\t\t\t\t\t<a class=\"elementor-button elementor-button-link elementor-size-sm\" href=\"https:\/\/mythslegendes.com\/es\/mitologia-tahitiana-del-viento\/\">\n\t\t\t\t\t\t<span class=\"elementor-button-content-wrapper\">\n\t\t\t\t\t\t\t\t\t<span class=\"elementor-button-text\">Mitolog\u00eda del viento tahitiano<\/span>\n\t\t\t\t\t<\/span>\n\t\t\t\t\t<\/a>\n\t\t\t\t<\/div>\n\t\t\t\t\t\t\t\t<\/div>\n\t\t\t\t<\/div>\n\t\t\t\t\t<\/div>\n\t\t<\/div>\n\t\t\t\t<div class=\"elementor-column elementor-col-50 elementor-top-column elementor-element elementor-element-f34fd70\" data-id=\"f34fd70\" data-element_type=\"column\" data-e-type=\"column\">\n\t\t\t<div class=\"elementor-widget-wrap elementor-element-populated\">\n\t\t\t\t\t\t<div class=\"elementor-element elementor-element-85eb180 elementor-align-justify elementor-widget elementor-widget-button\" data-id=\"85eb180\" data-element_type=\"widget\" data-e-type=\"widget\" data-widget_type=\"button.default\">\n\t\t\t\t<div class=\"elementor-widget-container\">\n\t\t\t\t\t\t\t\t\t<div class=\"elementor-button-wrapper\">\n\t\t\t\t\t<a class=\"elementor-button elementor-button-link elementor-size-sm\" href=\"https:\/\/www.tahitiheritage.pf\/legende-hine-nui-te-po\/\" target=\"_blank\" rel=\"noopener\">\n\t\t\t\t\t\t<span class=\"elementor-button-content-wrapper\">\n\t\t\t\t\t\t\t\t\t<span class=\"elementor-button-text\">Wiki<\/span>\n\t\t\t\t\t<\/span>\n\t\t\t\t\t<\/a>\n\t\t\t\t<\/div>\n\t\t\t\t\t\t\t\t<\/div>\n\t\t\t\t<\/div>\n\t\t\t\t\t<\/div>\n\t\t<\/div>\n\t\t\t\t\t<\/div>\n\t\t<\/section>\n\t\t\t\t<section class=\"elementor-section elementor-top-section elementor-element elementor-element-685b31f elementor-section-boxed elementor-section-height-default elementor-section-height-default\" data-id=\"685b31f\" data-element_type=\"section\" data-e-type=\"section\">\n\t\t\t\t\t\t<div class=\"elementor-container elementor-column-gap-default\">\n\t\t\t\t\t<div class=\"elementor-column elementor-col-100 elementor-top-column elementor-element elementor-element-c757237\" data-id=\"c757237\" data-element_type=\"column\" data-e-type=\"column\">\n\t\t\t<div class=\"elementor-widget-wrap elementor-element-populated\">\n\t\t\t\t\t\t<div class=\"elementor-element elementor-element-8884204 elementor-widget elementor-widget-text-editor\" data-id=\"8884204\" data-element_type=\"widget\" data-e-type=\"widget\" data-widget_type=\"text-editor.default\">\n\t\t\t\t<div class=\"elementor-widget-container\">\n\t\t\t\t\t\t\t\t\t<p>En esta <a href=\"https:\/\/mythslegendes.com\/es\/\">leyenda<\/a> Mujer polinesia, la legendaria hero\u00edna Maui se enfrenta a la diosa de la muerte, la temible Hine Nui Te Po.<\/p><p><img decoding=\"async\" class=\"alignnone wp-image-9347 size-full\" src=\"http:\/\/mythslegendes.com\/wp-content\/uploads\/2020\/09\/cropped-AlphaOmega-e1602613368367.png\" alt=\"Hine Nui Te Po\" width=\"25\" height=\"25\" title=\"\"><\/p>\t\t\t\t\t\t\t\t<\/div>\n\t\t\t\t<\/div>\n\t\t\t\t\t<\/div>\n\t\t<\/div>\n\t\t\t\t\t<\/div>\n\t\t<\/section>\n\t\t\t\t<section class=\"elementor-section elementor-top-section elementor-element elementor-element-69169c4 elementor-section-boxed elementor-section-height-default elementor-section-height-default\" data-id=\"69169c4\" data-element_type=\"section\" data-e-type=\"section\">\n\t\t\t\t\t\t<div class=\"elementor-container elementor-column-gap-default\">\n\t\t\t\t\t<div class=\"elementor-column elementor-col-100 elementor-top-column elementor-element elementor-element-2ba82b0\" data-id=\"2ba82b0\" data-element_type=\"column\" data-e-type=\"column\">\n\t\t\t<div class=\"elementor-widget-wrap elementor-element-populated\">\n\t\t\t\t\t\t<div class=\"elementor-element elementor-element-51096c2 elementor-widget elementor-widget-heading\" data-id=\"51096c2\" data-element_type=\"widget\" data-e-type=\"widget\" data-widget_type=\"heading.default\">\n\t\t\t\t<div class=\"elementor-widget-container\">\n\t\t\t\t\t<div id=\"ez-toc-container\" class=\"ez-toc-v2_0_82_2 counter-hierarchy ez-toc-counter ez-toc-grey ez-toc-container-direction\">\n<div class=\"ez-toc-title-container\">\n<p class=\"ez-toc-title\" style=\"cursor:inherit\">Contenido<\/p>\n<span class=\"ez-toc-title-toggle\"><a href=\"#\" class=\"ez-toc-pull-right ez-toc-btn ez-toc-btn-xs ez-toc-btn-default ez-toc-toggle\" aria-label=\"Alternar tabla de contenidos\"><span class=\"ez-toc-js-icon-con\"><span class=\"\"><span class=\"eztoc-hide\" style=\"display:none;\">Palanca<\/span><span class=\"ez-toc-icon-toggle-span\"><svg style=\"fill: #999;color:#999\" xmlns=\"http:\/\/www.w3.org\/2000\/svg\" class=\"list-377408\" width=\"20px\" height=\"20px\" viewbox=\"0 0 24 24\" fill=\"none\"><path d=\"M6 6H4v2h2V6zm14 0H8v2h12V6zM4 11h2v2H4v-2zm16 0H8v2h12v-2zM4 16h2v2H4v-2zm16 0H8v2h12v-2z\" fill=\"currentColor\"><\/path><\/svg><svg style=\"fill: #999;color:#999\" class=\"arrow-unsorted-368013\" xmlns=\"http:\/\/www.w3.org\/2000\/svg\" width=\"10px\" height=\"10px\" viewbox=\"0 0 24 24\" version=\"1.2\" baseprofile=\"tiny\"><path d=\"M18.2 9.3l-6.2-6.3-6.2 6.3c-.2.2-.3.4-.3.7s.1.5.3.7c.2.2.4.3.7.3h11c.3 0 .5-.1.7-.3.2-.2.3-.5.3-.7s-.1-.5-.3-.7zM5.8 14.7l6.2 6.3 6.2-6.3c.2-.2.3-.5.3-.7s-.1-.5-.3-.7c-.2-.2-.4-.3-.7-.3h-11c-.3 0-.5.1-.7.3-.2.2-.3.5-.3.7s.1.5.3.7z\"\/><\/svg><\/span><\/span><\/span><\/a><\/span><\/div>\n<nav><ul class='ez-toc-list ez-toc-list-level-1' ><li class='ez-toc-page-1 ez-toc-heading-level-2'><a class=\"ez-toc-link ez-toc-heading-1\" href=\"https:\/\/mythslegendes.com\/es\/mitologia-tahitiana-del-viento\/hine-nui-te-po\/#Hine-Nui-Te-Po-la-deesse-de-la-mort\" >Hine Nui Te Po, la Diosa de la Muerte<\/a><\/li><\/ul><\/nav><\/div>\n<h2 class=\"elementor-heading-title elementor-size-default\"><span class=\"ez-toc-section\" id=\"Hine-Nui-Te-Po-la-deesse-de-la-mort\"><\/span>Hine Nui Te Po, la Diosa de la Muerte<span class=\"ez-toc-section-end\"><\/span><\/h2>\t\t\t\t<\/div>\n\t\t\t\t<\/div>\n\t\t\t\t\t<\/div>\n\t\t<\/div>\n\t\t\t\t\t<\/div>\n\t\t<\/section>\n\t\t\t\t<section class=\"elementor-section elementor-top-section elementor-element elementor-element-f37f8d1 elementor-section-boxed elementor-section-height-default elementor-section-height-default\" data-id=\"f37f8d1\" data-element_type=\"section\" data-e-type=\"section\">\n\t\t\t\t\t\t<div class=\"elementor-container elementor-column-gap-default\">\n\t\t\t\t\t<div class=\"elementor-column elementor-col-100 elementor-top-column elementor-element elementor-element-4280273\" data-id=\"4280273\" data-element_type=\"column\" data-e-type=\"column\">\n\t\t\t<div class=\"elementor-widget-wrap elementor-element-populated\">\n\t\t\t\t\t\t<div class=\"elementor-element elementor-element-a32b9e2 elementor-widget elementor-widget-text-editor\" data-id=\"a32b9e2\" data-element_type=\"widget\" data-e-type=\"widget\" data-widget_type=\"text-editor.default\">\n\t\t\t\t<div class=\"elementor-widget-container\">\n\t\t\t\t\t\t\t\t\t<p>Hine Nui Te Po, era espantosa, era la diosa de la muerte, \u00a1la \u00faltima de nuestras desgracias! Era especialmente su boca la que era horrible. Ten\u00eda unos dientes negros, duros, afilados, terribles. Cuando la ves, r\u00e1pidamente te das cuenta de que era hora de cobrar su testamento.<\/p><p>Un d\u00eda, el valiente Maui, que frenaba el curso del sol, se qued\u00f3 bastante sorprendido al descubrir a su madre con el pelo gris.<br \/>\u201cCuando esas canas est\u00e9n todas blancas, puedes preparar bien mi funeral\u201d, dijo su madre.<br \/>\u2013 \u00bfC\u00f3mo prevenir eso? respondi\u00f3 el ni\u00f1o con un gran coraz\u00f3n.<br \/>\u2013 Es imposible: hasta ahora, nadie ha sido capaz de derrotar al gran ancestro, Hine Nui Te Po, el que siempre ha tenido la \u00faltima palabra.<\/p><p>Maui flexion\u00f3 sus b\u00edceps y habl\u00f3 sobre algunas de sus maravillosas haza\u00f1as. Su pap\u00e1, atormentado por algunos malos augurios, quiso detenerlo, \u00a1pero al diablo con los sue\u00f1os! Para hacerle compa\u00f1\u00eda, el valiente h\u00e9roe se cuid\u00f3 de llevar consigo algunos p\u00e1jaros. Tomaron prestada la voz lechosa. \u00a1Qu\u00e9 largo era el camino que conduc\u00eda a la casa celestial!<\/p><p>Cuando llegaron, la diosa estaba durmiendo. Maui dijo que iba a deslizarse dentro de la Diosa de la Muerte.<br \/>\u201c\u00a1Ten cuidado de no hablar, o re\u00edrte, antes de verme revelado por su boca!<\/p><p>Entre sus amigos hab\u00eda cierto p\u00e1jaro que ten\u00eda precisamente el cerebro de un p\u00e1jaro. Cuando nuestro ni\u00f1o se sumergi\u00f3 en su antepasado, todos escucharon una risa clara y burlona: la del p\u00e1jaro que dejaba hablar a su coraz\u00f3n. Hine Nui Te Po despert\u00f3 sobresaltado y aplast\u00f3 la cabeza del h\u00e9roe con un fuerte golpe: as\u00ed pereci\u00f3 el valiente Maui.<\/p><p>No hemos tratado de matar a la muerte desde...<\/p>\t\t\t\t\t\t\t\t<\/div>\n\t\t\t\t<\/div>\n\t\t\t\t\t<\/div>\n\t\t<\/div>\n\t\t\t\t\t<\/div>\n\t\t<\/section>\n\t\t\t\t<\/div>","protected":false},"excerpt":{"rendered":"<p>Mythologie Tahitienne du Vent Wiki Dans cette l\u00e9gende polyn\u00e9sienne, le h\u00e9ros l\u00e9gendaire Maui affronte la d\u00e9esse de la mort, la &hellip; <\/p>","protected":false},"author":1,"featured_media":0,"parent":9989,"menu_order":0,"comment_status":"closed","ping_status":"closed","template":"","meta":{"footnotes":""},"class_list":["post-21521","page","type-page","status-publish","hentry"],"amp_enabled":true,"_links":{"self":[{"href":"https:\/\/mythslegendes.com\/es\/wp-json\/wp\/v2\/pages\/21521","targetHints":{"allow":["GET"]}}],"collection":[{"href":"https:\/\/mythslegendes.com\/es\/wp-json\/wp\/v2\/pages"}],"about":[{"href":"https:\/\/mythslegendes.com\/es\/wp-json\/wp\/v2\/types\/page"}],"author":[{"embeddable":true,"href":"https:\/\/mythslegendes.com\/es\/wp-json\/wp\/v2\/users\/1"}],"replies":[{"embeddable":true,"href":"https:\/\/mythslegendes.com\/es\/wp-json\/wp\/v2\/comments?post=21521"}],"version-history":[{"count":3,"href":"https:\/\/mythslegendes.com\/es\/wp-json\/wp\/v2\/pages\/21521\/revisions"}],"predecessor-version":[{"id":21528,"href":"https:\/\/mythslegendes.com\/es\/wp-json\/wp\/v2\/pages\/21521\/revisions\/21528"}],"up":[{"embeddable":true,"href":"https:\/\/mythslegendes.com\/es\/wp-json\/wp\/v2\/pages\/9989"}],"wp:attachment":[{"href":"https:\/\/mythslegendes.com\/es\/wp-json\/wp\/v2\/media?parent=21521"}],"curies":[{"name":"wp","href":"https:\/\/api.w.org\/{rel}","templated":true}]}}