{"id":21529,"date":"2022-08-01T06:30:55","date_gmt":"2022-08-01T06:30:55","guid":{"rendered":"https:\/\/mythslegendes.com\/?page_id=21529"},"modified":"2022-08-01T06:35:32","modified_gmt":"2022-08-01T06:35:32","slug":"tefana-aux-mains-brulantes","status":"publish","type":"page","link":"https:\/\/mythslegendes.com\/es\/mitologia-tahitiana-del-viento\/tefana-con-las-manos-ardiendo\/","title":{"rendered":"Tefana con las manos en llamas"},"content":{"rendered":"<div data-elementor-type=\"wp-page\" data-elementor-id=\"21529\" class=\"elementor elementor-21529\">\n\t\t\t\t\t\t<section class=\"elementor-section elementor-top-section elementor-element elementor-element-355eb40 elementor-section-boxed elementor-section-height-default elementor-section-height-default\" data-id=\"355eb40\" data-element_type=\"section\" data-e-type=\"section\">\n\t\t\t\t\t\t<div class=\"elementor-container elementor-column-gap-default\">\n\t\t\t\t\t<div class=\"elementor-column elementor-col-50 elementor-top-column elementor-element elementor-element-19cf994\" data-id=\"19cf994\" data-element_type=\"column\" data-e-type=\"column\">\n\t\t\t<div class=\"elementor-widget-wrap elementor-element-populated\">\n\t\t\t\t\t\t<div class=\"elementor-element elementor-element-249e748 elementor-align-justify elementor-widget elementor-widget-button\" data-id=\"249e748\" data-element_type=\"widget\" data-e-type=\"widget\" data-widget_type=\"button.default\">\n\t\t\t\t<div class=\"elementor-widget-container\">\n\t\t\t\t\t\t\t\t\t<div class=\"elementor-button-wrapper\">\n\t\t\t\t\t<a class=\"elementor-button elementor-button-link elementor-size-sm\" href=\"https:\/\/mythslegendes.com\/es\/mitologia-tahitiana-del-viento\/\">\n\t\t\t\t\t\t<span class=\"elementor-button-content-wrapper\">\n\t\t\t\t\t\t\t\t\t<span class=\"elementor-button-text\">Mitolog\u00eda del viento tahitiano<\/span>\n\t\t\t\t\t<\/span>\n\t\t\t\t\t<\/a>\n\t\t\t\t<\/div>\n\t\t\t\t\t\t\t\t<\/div>\n\t\t\t\t<\/div>\n\t\t\t\t\t<\/div>\n\t\t<\/div>\n\t\t\t\t<div class=\"elementor-column elementor-col-50 elementor-top-column elementor-element elementor-element-b03fbf3\" data-id=\"b03fbf3\" data-element_type=\"column\" data-e-type=\"column\">\n\t\t\t<div class=\"elementor-widget-wrap elementor-element-populated\">\n\t\t\t\t\t\t<div class=\"elementor-element elementor-element-dabc90e elementor-align-justify elementor-widget elementor-widget-button\" data-id=\"dabc90e\" data-element_type=\"widget\" data-e-type=\"widget\" data-widget_type=\"button.default\">\n\t\t\t\t<div class=\"elementor-widget-container\">\n\t\t\t\t\t\t\t\t\t<div class=\"elementor-button-wrapper\">\n\t\t\t\t\t<a class=\"elementor-button elementor-button-link elementor-size-sm\" href=\"https:\/\/www.tahitiheritage.pf\/sculpture-mains-tefana-faaa\/\" target=\"_blank\" rel=\"noopener\">\n\t\t\t\t\t\t<span class=\"elementor-button-content-wrapper\">\n\t\t\t\t\t\t\t\t\t<span class=\"elementor-button-text\">Wiki<\/span>\n\t\t\t\t\t<\/span>\n\t\t\t\t\t<\/a>\n\t\t\t\t<\/div>\n\t\t\t\t\t\t\t\t<\/div>\n\t\t\t\t<\/div>\n\t\t\t\t\t<\/div>\n\t\t<\/div>\n\t\t\t\t\t<\/div>\n\t\t<\/section>\n\t\t\t\t<section class=\"elementor-section elementor-top-section elementor-element elementor-element-f232c72 elementor-section-boxed elementor-section-height-default elementor-section-height-default\" data-id=\"f232c72\" data-element_type=\"section\" data-e-type=\"section\">\n\t\t\t\t\t\t<div class=\"elementor-container elementor-column-gap-default\">\n\t\t\t\t\t<div class=\"elementor-column elementor-col-100 elementor-top-column elementor-element elementor-element-04d6644\" data-id=\"04d6644\" data-element_type=\"column\" data-e-type=\"column\">\n\t\t\t<div class=\"elementor-widget-wrap elementor-element-populated\">\n\t\t\t\t\t\t<div class=\"elementor-element elementor-element-d539284 elementor-widget elementor-widget-text-editor\" data-id=\"d539284\" data-element_type=\"widget\" data-e-type=\"widget\" data-widget_type=\"text-editor.default\">\n\t\t\t\t<div class=\"elementor-widget-container\">\n\t\t\t\t\t\t\t\t\t<p>Dos grandes manos gigantes de piedra se sientan entronizadas en la explanada de Hotuarea. Se refieren a la <a href=\"https:\/\/mythslegendes.com\/es\/\">leyenda<\/a> de Faa&#039;a: Tefana con manos ardientes. Informaci\u00f3n recopilada de Papa Matu por el Comit\u00e9 de Cultura Faa&#039;a.<\/p><p><img decoding=\"async\" class=\"alignnone wp-image-9347 size-full\" src=\"http:\/\/mythslegendes.com\/wp-content\/uploads\/2020\/09\/cropped-AlphaOmega-e1602613368367.png\" alt=\"Tefana con las manos en llamas\" width=\"25\" height=\"25\" title=\"\"><\/p>\t\t\t\t\t\t\t\t<\/div>\n\t\t\t\t<\/div>\n\t\t\t\t\t<\/div>\n\t\t<\/div>\n\t\t\t\t\t<\/div>\n\t\t<\/section>\n\t\t\t\t<section class=\"elementor-section elementor-top-section elementor-element elementor-element-271ebb4 elementor-section-boxed elementor-section-height-default elementor-section-height-default\" data-id=\"271ebb4\" data-element_type=\"section\" data-e-type=\"section\">\n\t\t\t\t\t\t<div class=\"elementor-container elementor-column-gap-default\">\n\t\t\t\t\t<div class=\"elementor-column elementor-col-100 elementor-top-column elementor-element elementor-element-ebebe93\" data-id=\"ebebe93\" data-element_type=\"column\" data-e-type=\"column\">\n\t\t\t<div class=\"elementor-widget-wrap elementor-element-populated\">\n\t\t\t\t\t\t<div class=\"elementor-element elementor-element-c46efe1 elementor-widget elementor-widget-heading\" data-id=\"c46efe1\" data-element_type=\"widget\" data-e-type=\"widget\" data-widget_type=\"heading.default\">\n\t\t\t\t<div class=\"elementor-widget-container\">\n\t\t\t\t\t<div id=\"ez-toc-container\" class=\"ez-toc-v2_0_82_2 counter-hierarchy ez-toc-counter ez-toc-grey ez-toc-container-direction\">\n<div class=\"ez-toc-title-container\">\n<p class=\"ez-toc-title\" style=\"cursor:inherit\">Contenido<\/p>\n<span class=\"ez-toc-title-toggle\"><a href=\"#\" class=\"ez-toc-pull-right ez-toc-btn ez-toc-btn-xs ez-toc-btn-default ez-toc-toggle\" aria-label=\"Alternar tabla de contenidos\"><span class=\"ez-toc-js-icon-con\"><span class=\"\"><span class=\"eztoc-hide\" style=\"display:none;\">Palanca<\/span><span class=\"ez-toc-icon-toggle-span\"><svg style=\"fill: #999;color:#999\" xmlns=\"http:\/\/www.w3.org\/2000\/svg\" class=\"list-377408\" width=\"20px\" height=\"20px\" viewbox=\"0 0 24 24\" fill=\"none\"><path d=\"M6 6H4v2h2V6zm14 0H8v2h12V6zM4 11h2v2H4v-2zm16 0H8v2h12v-2zM4 16h2v2H4v-2zm16 0H8v2h12v-2z\" fill=\"currentColor\"><\/path><\/svg><svg style=\"fill: #999;color:#999\" class=\"arrow-unsorted-368013\" xmlns=\"http:\/\/www.w3.org\/2000\/svg\" width=\"10px\" height=\"10px\" viewbox=\"0 0 24 24\" version=\"1.2\" baseprofile=\"tiny\"><path d=\"M18.2 9.3l-6.2-6.3-6.2 6.3c-.2.2-.3.4-.3.7s.1.5.3.7c.2.2.4.3.7.3h11c.3 0 .5-.1.7-.3.2-.2.3-.5.3-.7s-.1-.5-.3-.7zM5.8 14.7l6.2 6.3 6.2-6.3c.2-.2.3-.5.3-.7s-.1-.5-.3-.7c-.2-.2-.4-.3-.7-.3h-11c-.3 0-.5.1-.7.3-.2.2-.3.5-.3.7s.1.5.3.7z\"\/><\/svg><\/span><\/span><\/span><\/a><\/span><\/div>\n<nav><ul class='ez-toc-list ez-toc-list-level-1' ><li class='ez-toc-page-1 ez-toc-heading-level-2'><a class=\"ez-toc-link ez-toc-heading-1\" href=\"https:\/\/mythslegendes.com\/es\/mitologia-tahitiana-del-viento\/tefana-con-las-manos-ardiendo\/#Tefana-aux-mains-brulantes\" >Tefana con las manos en llamas<\/a><\/li><\/ul><\/nav><\/div>\n<h2 class=\"elementor-heading-title elementor-size-default\"><span class=\"ez-toc-section\" id=\"Tefana-aux-mains-brulantes\"><\/span>Tefana con las manos en llamas<span class=\"ez-toc-section-end\"><\/span><\/h2>\t\t\t\t<\/div>\n\t\t\t\t<\/div>\n\t\t\t\t\t<\/div>\n\t\t<\/div>\n\t\t\t\t\t<\/div>\n\t\t<\/section>\n\t\t\t\t<section class=\"elementor-section elementor-top-section elementor-element elementor-element-ec46351 elementor-section-boxed elementor-section-height-default elementor-section-height-default\" data-id=\"ec46351\" data-element_type=\"section\" data-e-type=\"section\">\n\t\t\t\t\t\t<div class=\"elementor-container elementor-column-gap-default\">\n\t\t\t\t\t<div class=\"elementor-column elementor-col-100 elementor-top-column elementor-element elementor-element-1c84c8a\" data-id=\"1c84c8a\" data-element_type=\"column\" data-e-type=\"column\">\n\t\t\t<div class=\"elementor-widget-wrap elementor-element-populated\">\n\t\t\t\t\t\t<div class=\"elementor-element elementor-element-3df4cb9 elementor-widget elementor-widget-text-editor\" data-id=\"3df4cb9\" data-element_type=\"widget\" data-e-type=\"widget\" data-widget_type=\"text-editor.default\">\n\t\t\t\t<div class=\"elementor-widget-container\">\n\t\t\t\t\t\t\t\t\t<div class=\"fusion-layout-column fusion_builder_column fusion-builder-column-0 fusion_builder_column_1_1 1_1 fusion-one-full fusion-column-first fusion-column-last\"><div class=\"fusion-column-wrapper fusion-flex-column-wrapper-legacy\"><div class=\"fusion-text fusion-text-2\"><p>El nombre original de Faa&#039;a era &quot;Tetaha&quot;, un nombre que significa amanecer y atardecer y se refiere al gran guerrero llamado Tetaha. Antiguamente, el distrito de Tetaha estaba gobernado por caciques y una asamblea de sacerdotes.<\/p><\/div><div class=\"fusion-clearfix\">\u00a0<\/div><\/div><\/div><div class=\"fusion-layout-column fusion_builder_column fusion-builder-column-1 fusion_builder_column_1_2 1_2 fusion-one-half fusion-column-first\"><div class=\"fusion-column-wrapper fusion-flex-column-wrapper-legacy\"><div class=\"fusion-text fusion-text-3\"><p>En aquella \u00e9poca, al rey P\u00f4mare le gustaba dedicarse a la organizaci\u00f3n de una de las festividades m\u00e1s prestigiosas: la preparaci\u00f3n del horno tahitiano. <em>ahi&#039;maa<\/em>.<\/p><p>En Place Tarahoi en Papeete, esta competencia atrajo a una multitud innumerable decidida a animar a sus respectivos campeones:<\/p><ul><li>Tetaha asociado con Manotahi (Punaauia hoy),<\/li><li>Manorua por Paea, que representaba la regi\u00f3n de Teoropaa.<\/li><\/ul><p>Para llegar al lugar de la competencia Manotahi y Manorua dispon\u00edan de su propia canoa doble donde se guardaban cuidadosamente la comida y los art\u00edculos para la competencia. Al llegar a la bah\u00eda de Tauaa, echaron anclas para un momento de descanso y luego se dirigieron al lugar llamado Tefana cerca de Tipaerui, donde Tetaha les esperaba para abrirles las puertas de la competici\u00f3n.<\/p><p>Antes del pistoletazo de salida el rey dirigi\u00f3 un mensaje de \u00e1nimo a todas las delegaciones. Observ\u00f3 con agrado que las regiones compet\u00edan en la calidad de sus productos. Mostr\u00f3 que todos se tomaron muy en serio su preparaci\u00f3n para la victoria.<\/p><p>Este evento fue puntuado por tres sonidos de cuerno:<\/p><ul><li>el primero anunciaba la preparaci\u00f3n del horno tahitiano.<\/li><li>El segundo, la colocaci\u00f3n de las piedras en el horno. En cuanto a lo \u00faltimo, aconsej\u00f3 de la preparaci\u00f3n de los platos para su cocci\u00f3n.<\/li><li>Finalmente, el sonido de los tambores y la percusi\u00f3n anunciaron el inicio de la degustaci\u00f3n de los platos: es este momento crucial el que determinar\u00e1 al campe\u00f3n.<\/li><\/ul><p>Todos los participantes compitieron en cuanto a sabor y presentaci\u00f3n de los platos. El ganador fue seleccionado por su velocidad de ejecuci\u00f3n. As\u00ed, sin vacilaci\u00f3n alguna y animado por una seguridad ejemplar, Tetaha meti\u00f3 las manos en el horno para sacar los platos calientes y ser el primero en present\u00e1rselos al rey.<\/p><p>Tetaha fue proclamado vencedor del concurso de hornos de Tahit\u00ed por el rey que le dio un nuevo nombre: \u201cTefana i te rima veavea\u201d, Tefana con las manos ardientes.<\/p><\/div><\/div><\/div>\t\t\t\t\t\t\t\t<\/div>\n\t\t\t\t<\/div>\n\t\t\t\t\t<\/div>\n\t\t<\/div>\n\t\t\t\t\t<\/div>\n\t\t<\/section>\n\t\t\t\t<\/div>","protected":false},"excerpt":{"rendered":"<p>Mythologie Tahitienne du Vent Wiki Deux grandes mains g\u00e9antes en pierre tr\u00f4nent sur l\u2019esplanade de Hotuarea. Elles font r\u00e9f\u00e9rence \u00e0 &hellip; <\/p>","protected":false},"author":1,"featured_media":0,"parent":9989,"menu_order":0,"comment_status":"closed","ping_status":"closed","template":"","meta":{"footnotes":""},"class_list":["post-21529","page","type-page","status-publish","hentry"],"amp_enabled":true,"_links":{"self":[{"href":"https:\/\/mythslegendes.com\/es\/wp-json\/wp\/v2\/pages\/21529","targetHints":{"allow":["GET"]}}],"collection":[{"href":"https:\/\/mythslegendes.com\/es\/wp-json\/wp\/v2\/pages"}],"about":[{"href":"https:\/\/mythslegendes.com\/es\/wp-json\/wp\/v2\/types\/page"}],"author":[{"embeddable":true,"href":"https:\/\/mythslegendes.com\/es\/wp-json\/wp\/v2\/users\/1"}],"replies":[{"embeddable":true,"href":"https:\/\/mythslegendes.com\/es\/wp-json\/wp\/v2\/comments?post=21529"}],"version-history":[{"count":3,"href":"https:\/\/mythslegendes.com\/es\/wp-json\/wp\/v2\/pages\/21529\/revisions"}],"predecessor-version":[{"id":21534,"href":"https:\/\/mythslegendes.com\/es\/wp-json\/wp\/v2\/pages\/21529\/revisions\/21534"}],"up":[{"embeddable":true,"href":"https:\/\/mythslegendes.com\/es\/wp-json\/wp\/v2\/pages\/9989"}],"wp:attachment":[{"href":"https:\/\/mythslegendes.com\/es\/wp-json\/wp\/v2\/media?parent=21529"}],"curies":[{"name":"wp","href":"https:\/\/api.w.org\/{rel}","templated":true}]}}