{"id":21535,"date":"2022-08-01T06:36:51","date_gmt":"2022-08-01T06:36:51","guid":{"rendered":"https:\/\/mythslegendes.com\/?page_id=21535"},"modified":"2022-08-01T06:42:23","modified_gmt":"2022-08-01T06:42:23","slug":"le-kava-et-le-cochon-moiri","status":"publish","type":"page","link":"https:\/\/mythslegendes.com\/es\/mitologia-tahitiana-del-viento\/el-kava-y-el-moiri-cerdo\/","title":{"rendered":"Cerdo Kava y Moiri"},"content":{"rendered":"<div data-elementor-type=\"wp-page\" data-elementor-id=\"21535\" class=\"elementor elementor-21535\">\n\t\t\t\t\t\t<section class=\"elementor-section elementor-top-section elementor-element elementor-element-d501ada elementor-section-boxed elementor-section-height-default elementor-section-height-default\" data-id=\"d501ada\" data-element_type=\"section\" data-e-type=\"section\">\n\t\t\t\t\t\t<div class=\"elementor-container elementor-column-gap-default\">\n\t\t\t\t\t<div class=\"elementor-column elementor-col-50 elementor-top-column elementor-element elementor-element-9b87ca3\" data-id=\"9b87ca3\" data-element_type=\"column\" data-e-type=\"column\">\n\t\t\t<div class=\"elementor-widget-wrap elementor-element-populated\">\n\t\t\t\t\t\t<div class=\"elementor-element elementor-element-eae09e9 elementor-align-justify elementor-widget elementor-widget-button\" data-id=\"eae09e9\" data-element_type=\"widget\" data-e-type=\"widget\" data-widget_type=\"button.default\">\n\t\t\t\t<div class=\"elementor-widget-container\">\n\t\t\t\t\t\t\t\t\t<div class=\"elementor-button-wrapper\">\n\t\t\t\t\t<a class=\"elementor-button elementor-button-link elementor-size-sm\" href=\"https:\/\/mythslegendes.com\/es\/mitologia-tahitiana-del-viento\/\">\n\t\t\t\t\t\t<span class=\"elementor-button-content-wrapper\">\n\t\t\t\t\t\t\t\t\t<span class=\"elementor-button-text\">Mitolog\u00eda del viento tahitiano<\/span>\n\t\t\t\t\t<\/span>\n\t\t\t\t\t<\/a>\n\t\t\t\t<\/div>\n\t\t\t\t\t\t\t\t<\/div>\n\t\t\t\t<\/div>\n\t\t\t\t\t<\/div>\n\t\t<\/div>\n\t\t\t\t<div class=\"elementor-column elementor-col-50 elementor-top-column elementor-element elementor-element-8aabfb8\" data-id=\"8aabfb8\" data-element_type=\"column\" data-e-type=\"column\">\n\t\t\t<div class=\"elementor-widget-wrap elementor-element-populated\">\n\t\t\t\t\t\t<div class=\"elementor-element elementor-element-ebcb27d elementor-align-justify elementor-widget elementor-widget-button\" data-id=\"ebcb27d\" data-element_type=\"widget\" data-e-type=\"widget\" data-widget_type=\"button.default\">\n\t\t\t\t<div class=\"elementor-widget-container\">\n\t\t\t\t\t\t\t\t\t<div class=\"elementor-button-wrapper\">\n\t\t\t\t\t<a class=\"elementor-button elementor-button-link elementor-size-sm\" href=\"https:\/\/www.tahitiheritage.pf\/tafai-princesse-hawaienne\/\" target=\"_blank\" rel=\"noopener\">\n\t\t\t\t\t\t<span class=\"elementor-button-content-wrapper\">\n\t\t\t\t\t\t\t\t\t<span class=\"elementor-button-text\">Wiki<\/span>\n\t\t\t\t\t<\/span>\n\t\t\t\t\t<\/a>\n\t\t\t\t<\/div>\n\t\t\t\t\t\t\t\t<\/div>\n\t\t\t\t<\/div>\n\t\t\t\t\t<\/div>\n\t\t<\/div>\n\t\t\t\t\t<\/div>\n\t\t<\/section>\n\t\t\t\t<section class=\"elementor-section elementor-top-section elementor-element elementor-element-0e35791 elementor-section-boxed elementor-section-height-default elementor-section-height-default\" data-id=\"0e35791\" data-element_type=\"section\" data-e-type=\"section\">\n\t\t\t\t\t\t<div class=\"elementor-container elementor-column-gap-default\">\n\t\t\t\t\t<div class=\"elementor-column elementor-col-100 elementor-top-column elementor-element elementor-element-96333fe\" data-id=\"96333fe\" data-element_type=\"column\" data-e-type=\"column\">\n\t\t\t<div class=\"elementor-widget-wrap elementor-element-populated\">\n\t\t\t\t\t\t<div class=\"elementor-element elementor-element-c8dd70a elementor-widget elementor-widget-text-editor\" data-id=\"c8dd70a\" data-element_type=\"widget\" data-e-type=\"widget\" data-widget_type=\"text-editor.default\">\n\t\t\t\t<div class=\"elementor-widget-container\">\n\t\t\t\t\t\t\t\t\t<p>Unos a\u00f1os despu\u00e9s de que Tafa&#039;i desciende al Reino Oscuro para recuperar a su padre, Tafa&#039;i compite en dos pruebas para ganar la mano de la hermosa princesa. <a href=\"https:\/\/mythslegendes.com\/es\/mitologia-hawaiana\/\">hawaiano<\/a> Te&#039;uraitea&#039;i: Kava y el cerdo Moiri.<\/p><p><img decoding=\"async\" class=\"alignnone wp-image-9347 size-full\" src=\"http:\/\/mythslegendes.com\/wp-content\/uploads\/2020\/09\/cropped-AlphaOmega-e1602613368367.png\" alt=\"Cerdo Kava y Moiri\" width=\"25\" height=\"25\" title=\"\"><\/p>\t\t\t\t\t\t\t\t<\/div>\n\t\t\t\t<\/div>\n\t\t\t\t\t<\/div>\n\t\t<\/div>\n\t\t\t\t\t<\/div>\n\t\t<\/section>\n\t\t\t\t<section class=\"elementor-section elementor-top-section elementor-element elementor-element-b32a492 elementor-section-boxed elementor-section-height-default elementor-section-height-default\" data-id=\"b32a492\" data-element_type=\"section\" data-e-type=\"section\">\n\t\t\t\t\t\t<div class=\"elementor-container elementor-column-gap-default\">\n\t\t\t\t\t<div class=\"elementor-column elementor-col-100 elementor-top-column elementor-element elementor-element-512fd21\" data-id=\"512fd21\" data-element_type=\"column\" data-e-type=\"column\">\n\t\t\t<div class=\"elementor-widget-wrap elementor-element-populated\">\n\t\t\t\t\t\t<div class=\"elementor-element elementor-element-d336466 elementor-widget elementor-widget-heading\" data-id=\"d336466\" data-element_type=\"widget\" data-e-type=\"widget\" data-widget_type=\"heading.default\">\n\t\t\t\t<div class=\"elementor-widget-container\">\n\t\t\t\t\t<div id=\"ez-toc-container\" class=\"ez-toc-v2_0_82_2 counter-hierarchy ez-toc-counter ez-toc-grey ez-toc-container-direction\">\n<div class=\"ez-toc-title-container\">\n<p class=\"ez-toc-title\" style=\"cursor:inherit\">Contenido<\/p>\n<span class=\"ez-toc-title-toggle\"><a href=\"#\" class=\"ez-toc-pull-right ez-toc-btn ez-toc-btn-xs ez-toc-btn-default ez-toc-toggle\" aria-label=\"Alternar tabla de contenidos\"><span class=\"ez-toc-js-icon-con\"><span class=\"\"><span class=\"eztoc-hide\" style=\"display:none;\">Palanca<\/span><span class=\"ez-toc-icon-toggle-span\"><svg style=\"fill: #999;color:#999\" xmlns=\"http:\/\/www.w3.org\/2000\/svg\" class=\"list-377408\" width=\"20px\" height=\"20px\" viewbox=\"0 0 24 24\" fill=\"none\"><path d=\"M6 6H4v2h2V6zm14 0H8v2h12V6zM4 11h2v2H4v-2zm16 0H8v2h12v-2zM4 16h2v2H4v-2zm16 0H8v2h12v-2z\" fill=\"currentColor\"><\/path><\/svg><svg style=\"fill: #999;color:#999\" class=\"arrow-unsorted-368013\" xmlns=\"http:\/\/www.w3.org\/2000\/svg\" width=\"10px\" height=\"10px\" viewbox=\"0 0 24 24\" version=\"1.2\" baseprofile=\"tiny\"><path d=\"M18.2 9.3l-6.2-6.3-6.2 6.3c-.2.2-.3.4-.3.7s.1.5.3.7c.2.2.4.3.7.3h11c.3 0 .5-.1.7-.3.2-.2.3-.5.3-.7s-.1-.5-.3-.7zM5.8 14.7l6.2 6.3 6.2-6.3c.2-.2.3-.5.3-.7s-.1-.5-.3-.7c-.2-.2-.4-.3-.7-.3h-11c-.3 0-.5.1-.7.3-.2.2-.3.5-.3.7s.1.5.3.7z\"\/><\/svg><\/span><\/span><\/span><\/a><\/span><\/div>\n<nav><ul class='ez-toc-list ez-toc-list-level-1' ><li class='ez-toc-page-1 ez-toc-heading-level-2'><a class=\"ez-toc-link ez-toc-heading-1\" href=\"https:\/\/mythslegendes.com\/es\/mitologia-tahitiana-del-viento\/el-kava-y-el-moiri-cerdo\/#Les-deux-epreuves-de-Tafai-le-Kava-et-le-cochon-Moiri\" >Las dos pruebas de Tafa&#039;i: Kava y el cerdo Moiri<\/a><\/li><\/ul><\/nav><\/div>\n<h2 class=\"elementor-heading-title elementor-size-default\"><span class=\"ez-toc-section\" id=\"Les-deux-epreuves-de-Tafai-le-Kava-et-le-cochon-Moiri\"><\/span>Las dos pruebas de Tafa&#039;i: Kava y el cerdo Moiri<span class=\"ez-toc-section-end\"><\/span><\/h2>\t\t\t\t<\/div>\n\t\t\t\t<\/div>\n\t\t\t\t\t<\/div>\n\t\t<\/div>\n\t\t\t\t\t<\/div>\n\t\t<\/section>\n\t\t\t\t<section class=\"elementor-section elementor-top-section elementor-element elementor-element-9c6c282 elementor-section-boxed elementor-section-height-default elementor-section-height-default\" data-id=\"9c6c282\" data-element_type=\"section\" data-e-type=\"section\">\n\t\t\t\t\t\t<div class=\"elementor-container elementor-column-gap-default\">\n\t\t\t\t\t<div class=\"elementor-column elementor-col-100 elementor-top-column elementor-element elementor-element-f43e766\" data-id=\"f43e766\" data-element_type=\"column\" data-e-type=\"column\">\n\t\t\t<div class=\"elementor-widget-wrap elementor-element-populated\">\n\t\t\t\t\t\t<div class=\"elementor-element elementor-element-ab64e58 elementor-widget elementor-widget-text-editor\" data-id=\"ab64e58\" data-element_type=\"widget\" data-e-type=\"widget\" data-widget_type=\"text-editor.default\">\n\t\t\t\t<div class=\"elementor-widget-container\">\n\t\t\t\t\t\t\t\t\t<p>Los cinco primos de Tafa&#039;i, hijo de Pua&#039;ari&#039;itahi, decidieron buscar su mano y prepararon una canoa doble para este fin. Tafa&#039;i le dijo a su madre que \u00e9l tambi\u00e9n pensaba ir; \u00e9ste agarr\u00f3 una vaina de flores de coco y la pos\u00f3 sobre el mar, transform\u00e1ndola en una espl\u00e9ndida canoa a la que llamaron Niu (coco) y que pronto estuvo lista para la traves\u00eda.<\/p><p>Su madre le anunci\u00f3 que su tibur\u00f3n ancestral Tere-mahia-ma-hiva (viaje r\u00e1pido con la flota) lo acompa\u00f1ar\u00eda y que deber\u00eda considerarlo como su ancestro guardi\u00e1n protector (Taura), lo cual prometi\u00f3 hacer.<\/p><p>Las dos canoas partieron al mismo tiempo. El doble ten\u00eda una tripulaci\u00f3n de marineros experimentados, un piloto y un astr\u00f3logo. En la sencilla canoa Tafa&#039;i iba solo escoltado por el fiel tibur\u00f3n, y se apresur\u00f3 a dejar atr\u00e1s a sus primos. Cuando los cinco hermanos se acercaron a la costa de Haw\u00e1i, vieron a su primo Tafa&#039;i, quien fue el primero en darles la bienvenida. La familia real del sur de Havai&#039;i recibi\u00f3 muy amablemente a los j\u00f3venes jefes que llegaron para ofrecerse a la princesa.<\/p><p>A los pocos d\u00edas se decidi\u00f3 poner a prueba a los j\u00f3venes tahitianos y se nombr\u00f3 \u00e1rbitro a la joven princesa. Iban todos ce\u00f1idos y armados con lanzas para la ocasi\u00f3n.<\/p><div class=\"fusion-layout-column fusion_builder_column fusion-builder-column-0 fusion_builder_column_1_1 1_1 fusion-one-full fusion-column-first fusion-column-last\"><div class=\"fusion-column-wrapper fusion-flex-column-wrapper-legacy\"><div class=\"fusion-text fusion-text-3\"><p>La primera prueba consisti\u00f3 en arrancar de ra\u00edz un \u00e1rbol gigante, un\u00a0<a href=\"https:\/\/www.tahitiheritage.pf\/kava-piper-methysticum\/\" target=\"_blank\" rel=\"noopener noreferrer\">kava<\/a>\u00a0(manzano embriagante) que fue pose\u00eddo por el demonio y provoc\u00f3 la muerte de quienes lo perturbaban. Cada hombre ten\u00eda que presentarse de acuerdo a su edad.<\/p><\/div><div class=\"fusion-clearfix\">\u00a0<span style=\"color: var( --e-global-color-text ); font-family: var( --e-global-typography-text-font-family ), Sans-serif; font-weight: var( --e-global-typography-text-font-weight );\">Comenzando por el mayor, Te&#039;-ura-i-te-ra&#039;i le dijo: \u201c\u00a1Oh! Arihi-nui-apua&#039;s <a href=\"https:\/\/mythslegendes.com\/es\/mitologia-tahitiana-del-viento\/\">Tahit\u00ed<\/a>, ven y rasga este &#039;ava y mast\u00edcalo para hacer la bebida que embriaga a Havai&#039;i\u201d.<\/span><\/div><\/div><\/div><div class=\"fusion-layout-column fusion_builder_column fusion-builder-column-1 fusion_builder_column_1_2 1_2 fusion-one-half fusion-column-first\"><div class=\"fusion-column-wrapper fusion-flex-column-wrapper-legacy\"><div class=\"fusion-text fusion-text-4\"><p>El joven salt\u00f3 hacia adelante y clav\u00f3 su lanza en la base del tronco; inmediatamente el \u00e1rbol, volvi\u00e9ndose un ser viviente, ech\u00f3 sus ra\u00edces sobre \u00e9l, atraves\u00e1ndolo de arriba a abajo. Luego vino el segundo hermano Ta-oe-a-pua que corri\u00f3 la misma suerte al igual que los otros tres hermanos Orooro-i-pua, Te-mata-tauia-ia-ro&#039;o y Te-mata-a&#039;a- ra i.<\/p><p>Al ver que todos estaban muertos, la princesa les dijo a sus padres: &quot;Quiz\u00e1s eso sea suficiente&quot;. Pero estos declararon que este \u00faltimo tambi\u00e9n debe intentarlo; era el turno de Tafa&#039;i y la princesa dijo: \u201c\u00a1Oh Tafa&#039;i espera! \u00a1Tafa&#039;i con la piel que hizo surgir Haw\u00e1i, hijo de Hema, mis condolencias est\u00e1n contigo! Ven y arrebata esta kava y mast\u00edcala para hacer bebida y embriagar a Hawai\u201d.<\/p><p>Sin moverse el noble gigante avanz\u00f3 y clav\u00f3 su lanza en la base del tronco y en el momento en que las ra\u00edces quer\u00edan prenderlo, tom\u00f3 su lanza s\u00f3lidamente por la punta y las ra\u00edces llegaron a enrollarse sobre ella como los tent\u00e1culos. de un pulpo, luego continu\u00f3 empujando su lanza hasta que todo el \u00e1rbol cedi\u00f3. Luego lo arranc\u00f3, lo levant\u00f3 con la punta de su lanza, golpe\u00f3 y magull\u00f3 las ra\u00edces para que perdieran todo poder, luego volvi\u00f3 a colocar el \u00e1rbol en el suelo. Finalmente, volvi\u00e9ndose hacia sus primos que yac\u00edan sin vida, los devolvi\u00f3 a la vida ante el asombro de los espectadores.<\/p><div class=\"fusion-layout-column fusion_builder_column fusion-builder-column-3 fusion_builder_column_1_1 1_1 fusion-one-full fusion-column-first fusion-column-last\"><div class=\"fusion-column-wrapper fusion-flex-column-wrapper-legacy\"><div class=\"fusion-text fusion-text-7\"><p>En cuanto los tahitianos estuvieron listos para preparar la bebida con las ra\u00edces de ava, pidieron un cerdo y otras vituallas para completar las festividades. La familia real accedi\u00f3 a sus deseos se\u00f1alando al famoso cerdo Moiri, un monstruo que devoraba personas y cuya reputaci\u00f3n hab\u00eda llegado hac\u00eda mucho tiempo a Tahit\u00ed. La ejecuci\u00f3n de esta plaga de la humanidad ser\u00eda la \u00faltima prueba a la que se someter\u00eda a los j\u00f3venes y, en cuanto a la prueba anterior, se presentar\u00edan de acuerdo con su edad.<\/p><\/div><div class=\"fusion-clearfix\"><span style=\"color: var( --e-global-color-text ); font-family: var( --e-global-typography-text-font-family ), Sans-serif; font-weight: var( --e-global-typography-text-font-weight );\">Los j\u00f3venes estaban listos, lanza en mano y provistos de una cuerda para atar al cerdo y la princesa grit\u00f3:\u00a0<\/span><strong style=\"color: var( --e-global-color-text ); font-family: var( --e-global-typography-text-font-family ), Sans-serif;\">&quot;\u00a0<\/strong><span style=\"color: var( --e-global-color-text ); font-family: var( --e-global-typography-text-font-family ), Sans-serif; font-weight: var( --e-global-typography-text-font-weight );\">Oh Moiri, \u00e1tate con la cuerda\u201d y el monstruo salt\u00f3 del bosque en una nube de polvo, resoplando y gru\u00f1endo. El primero se abalanz\u00f3 sobre el cerdo para agarrarlo de los pies y derribarlo, pero se lo trag\u00f3 de inmediato. Todos los dem\u00e1s sufrieron el mismo destino, ya que las lanzas no tuvieron ning\u00fan efecto sobre la gruesa piel del monstruo.<\/span><\/div><\/div><\/div><div class=\"fusion-layout-column fusion_builder_column fusion-builder-column-4 fusion_builder_column_1_2 1_2 fusion-one-half fusion-column-first\"><div class=\"fusion-column-wrapper fusion-flex-column-wrapper-legacy\"><div class=\"fusion-text fusion-text-8\"><p>Cuando fue el turno de Tafa&#039;i, clav\u00f3 su lanza en la boca del cerdo justo cuando estaba a punto de trag\u00e1rselo; se produjo una terrible lucha, de la que Tafa&#039;i sali\u00f3 victorioso. Inmediatamente descuartiz\u00f3 al cerdo y sac\u00f3 a sus primos que volvieron a la vida. Aplausos innumerables saludaron este logro y Tafa&#039;i fue reconocido sin lugar a dudas como el h\u00e9roe m\u00e1s grande que Havai&#039;i-\u00e0 jam\u00e1s hab\u00eda visto. El cerdo fue apreciado por todos, y la kava que hab\u00edan preparado los tahitianos fue considerada excelente y alegr\u00f3 el coraz\u00f3n de los bebedores.<\/p><p>Finalmente lleg\u00f3 el momento de que el h\u00e9roe reclamara a su princesa. El rey y la reina estaban listos para aceptar a Tafa&#039;i y la princesa que hab\u00eda sentido una gran admiraci\u00f3n por \u00e9l estaba lista para darle la mano.<\/p><p>El asombro fue grande cuando el h\u00e9roe, hablando en su nombre y en el de sus primos, les dijo:\u00a0<strong>&quot;la ora na ra &#039;outoa, te ho&#039;i nei matou i<\/strong>a matou fertua<strong>\u00a0&quot;\u00a0<\/strong>(Y ahora adi\u00f3s, volveremos a nuestro pa\u00eds). Fue entonces cuando los hawaianos comprendieron que hab\u00edan ofendido a los tahitianos al tratarlos con demasiada dureza y, a pesar de sus protestas, no pudieron hacerlos cambiar de opini\u00f3n.<\/p><p>Los tahitianos se fueron exactamente como hab\u00edan venido. Habiendo regresado a casa despu\u00e9s de su in\u00fatil expedici\u00f3n, dejaron de buscar bellezas famosas de otros pa\u00edses y, entre sus compatriotas, encontraron esposas que les sentaban muy bien. Tafa&#039;i se cas\u00f3 con una hermosa y joven cacique del norte de Tahit\u00ed llamada Hina; era conocida por su hermoso cabello negro que le llegaba hasta los pies. Su apego mutuo fue largo y duradero.<\/p><\/div><\/div><\/div><\/div><\/div><\/div>\t\t\t\t\t\t\t\t<\/div>\n\t\t\t\t<\/div>\n\t\t\t\t\t<\/div>\n\t\t<\/div>\n\t\t\t\t\t<\/div>\n\t\t<\/section>\n\t\t\t\t<\/div>","protected":false},"excerpt":{"rendered":"<p>Mythologie Tahitienne du Vent Wiki Quelques ann\u00e9es apr\u00e8s que Tafa\u2019i soit descendu au royaume des T\u00e9n\u00e8bres pour r\u00e9cup\u00e9rer son p\u00e8re, &hellip; <\/p>","protected":false},"author":1,"featured_media":0,"parent":9989,"menu_order":0,"comment_status":"closed","ping_status":"closed","template":"","meta":{"footnotes":""},"class_list":["post-21535","page","type-page","status-publish","hentry"],"amp_enabled":true,"_links":{"self":[{"href":"https:\/\/mythslegendes.com\/es\/wp-json\/wp\/v2\/pages\/21535","targetHints":{"allow":["GET"]}}],"collection":[{"href":"https:\/\/mythslegendes.com\/es\/wp-json\/wp\/v2\/pages"}],"about":[{"href":"https:\/\/mythslegendes.com\/es\/wp-json\/wp\/v2\/types\/page"}],"author":[{"embeddable":true,"href":"https:\/\/mythslegendes.com\/es\/wp-json\/wp\/v2\/users\/1"}],"replies":[{"embeddable":true,"href":"https:\/\/mythslegendes.com\/es\/wp-json\/wp\/v2\/comments?post=21535"}],"version-history":[{"count":3,"href":"https:\/\/mythslegendes.com\/es\/wp-json\/wp\/v2\/pages\/21535\/revisions"}],"predecessor-version":[{"id":21542,"href":"https:\/\/mythslegendes.com\/es\/wp-json\/wp\/v2\/pages\/21535\/revisions\/21542"}],"up":[{"embeddable":true,"href":"https:\/\/mythslegendes.com\/es\/wp-json\/wp\/v2\/pages\/9989"}],"wp:attachment":[{"href":"https:\/\/mythslegendes.com\/es\/wp-json\/wp\/v2\/media?parent=21535"}],"curies":[{"name":"wp","href":"https:\/\/api.w.org\/{rel}","templated":true}]}}