{"id":21543,"date":"2022-08-01T06:44:43","date_gmt":"2022-08-01T06:44:43","guid":{"rendered":"https:\/\/mythslegendes.com\/?page_id=21543"},"modified":"2022-08-01T06:48:56","modified_gmt":"2022-08-01T06:48:56","slug":"tafai-vers-le-po","status":"publish","type":"page","link":"https:\/\/mythslegendes.com\/es\/mitologia-tahitiana-del-viento\/tafai-hacia-el-po\/","title":{"rendered":"Tafa&#039;i hacia el Po"},"content":{"rendered":"<div data-elementor-type=\"wp-page\" data-elementor-id=\"21543\" class=\"elementor elementor-21543\">\n\t\t\t\t\t\t<section class=\"elementor-section elementor-top-section elementor-element elementor-element-aa026d9 elementor-section-boxed elementor-section-height-default elementor-section-height-default\" data-id=\"aa026d9\" data-element_type=\"section\" data-e-type=\"section\">\n\t\t\t\t\t\t<div class=\"elementor-container elementor-column-gap-default\">\n\t\t\t\t\t<div class=\"elementor-column elementor-col-50 elementor-top-column elementor-element elementor-element-c3decb3\" data-id=\"c3decb3\" data-element_type=\"column\" data-e-type=\"column\">\n\t\t\t<div class=\"elementor-widget-wrap elementor-element-populated\">\n\t\t\t\t\t\t<div class=\"elementor-element elementor-element-e86eb5b elementor-align-justify elementor-widget elementor-widget-button\" data-id=\"e86eb5b\" data-element_type=\"widget\" data-e-type=\"widget\" data-widget_type=\"button.default\">\n\t\t\t\t<div class=\"elementor-widget-container\">\n\t\t\t\t\t\t\t\t\t<div class=\"elementor-button-wrapper\">\n\t\t\t\t\t<a class=\"elementor-button elementor-button-link elementor-size-sm\" href=\"https:\/\/mythslegendes.com\/es\/mitologia-tahitiana-del-viento\/\">\n\t\t\t\t\t\t<span class=\"elementor-button-content-wrapper\">\n\t\t\t\t\t\t\t\t\t<span class=\"elementor-button-text\">Mitolog\u00eda del viento tahitiano<\/span>\n\t\t\t\t\t<\/span>\n\t\t\t\t\t<\/a>\n\t\t\t\t<\/div>\n\t\t\t\t\t\t\t\t<\/div>\n\t\t\t\t<\/div>\n\t\t\t\t\t<\/div>\n\t\t<\/div>\n\t\t\t\t<div class=\"elementor-column elementor-col-50 elementor-top-column elementor-element elementor-element-7a74a02\" data-id=\"7a74a02\" data-element_type=\"column\" data-e-type=\"column\">\n\t\t\t<div class=\"elementor-widget-wrap elementor-element-populated\">\n\t\t\t\t\t\t<div class=\"elementor-element elementor-element-b5b0ebb elementor-align-justify elementor-widget elementor-widget-button\" data-id=\"b5b0ebb\" data-element_type=\"widget\" data-e-type=\"widget\" data-widget_type=\"button.default\">\n\t\t\t\t<div class=\"elementor-widget-container\">\n\t\t\t\t\t\t\t\t\t<div class=\"elementor-button-wrapper\">\n\t\t\t\t\t<a class=\"elementor-button elementor-button-link elementor-size-sm\" href=\"https:\/\/www.tahitiheritage.pf\/descente-tafai-po\/\" target=\"_blank\" rel=\"noopener\">\n\t\t\t\t\t\t<span class=\"elementor-button-content-wrapper\">\n\t\t\t\t\t\t\t\t\t<span class=\"elementor-button-text\">Wiki<\/span>\n\t\t\t\t\t<\/span>\n\t\t\t\t\t<\/a>\n\t\t\t\t<\/div>\n\t\t\t\t\t\t\t\t<\/div>\n\t\t\t\t<\/div>\n\t\t\t\t\t<\/div>\n\t\t<\/div>\n\t\t\t\t\t<\/div>\n\t\t<\/section>\n\t\t\t\t<section class=\"elementor-section elementor-top-section elementor-element elementor-element-43c3715 elementor-section-boxed elementor-section-height-default elementor-section-height-default\" data-id=\"43c3715\" data-element_type=\"section\" data-e-type=\"section\">\n\t\t\t\t\t\t<div class=\"elementor-container elementor-column-gap-default\">\n\t\t\t\t\t<div class=\"elementor-column elementor-col-100 elementor-top-column elementor-element elementor-element-1e5d600\" data-id=\"1e5d600\" data-element_type=\"column\" data-e-type=\"column\">\n\t\t\t<div class=\"elementor-widget-wrap elementor-element-populated\">\n\t\t\t\t\t\t<div class=\"elementor-element elementor-element-3bf704c elementor-widget elementor-widget-text-editor\" data-id=\"3bf704c\" data-element_type=\"widget\" data-e-type=\"widget\" data-widget_type=\"text-editor.default\">\n\t\t\t\t<div class=\"elementor-widget-container\">\n\t\t\t\t\t\t\t\t\t<p>El h\u00e9roe polinesio Tafa&#039;i logra dos grandes proezas, la primera de inmovilizar al gran pez <a href=\"https:\/\/mythslegendes.com\/es\/mitologia-tahitiana-del-viento\/\">Tahit\u00ed<\/a> Nui y el segundo en explorar el reino de las tinieblas, el Po, para traer de vuelta a su padre Hema. Aqu\u00ed est\u00e1 la historia de <a href=\"https:\/\/mythslegendes.com\/es\/mitologia-tahitiana-del-viento\/\">Tafa&#039;i<\/a> hacia el Po. Traducido de <a href=\"https:\/\/mythslegendes.com\/es\/\">leyenda<\/a> Pouira a Teauna dit Teraupoo: Parau Tumo no Tafa&#039;i de Edouard Ahnne.<\/p><p><img decoding=\"async\" class=\"alignnone wp-image-9347 size-full\" src=\"http:\/\/mythslegendes.com\/wp-content\/uploads\/2020\/09\/cropped-AlphaOmega-e1602613368367.png\" alt=\"Tafa&#039;i hacia el Po\" width=\"25\" height=\"25\" title=\"\"><\/p>\t\t\t\t\t\t\t\t<\/div>\n\t\t\t\t<\/div>\n\t\t\t\t\t<\/div>\n\t\t<\/div>\n\t\t\t\t\t<\/div>\n\t\t<\/section>\n\t\t\t\t<section class=\"elementor-section elementor-top-section elementor-element elementor-element-3606b6f elementor-section-boxed elementor-section-height-default elementor-section-height-default\" data-id=\"3606b6f\" data-element_type=\"section\" data-e-type=\"section\">\n\t\t\t\t\t\t<div class=\"elementor-container elementor-column-gap-default\">\n\t\t\t\t\t<div class=\"elementor-column elementor-col-100 elementor-top-column elementor-element elementor-element-8495a58\" data-id=\"8495a58\" data-element_type=\"column\" data-e-type=\"column\">\n\t\t\t<div class=\"elementor-widget-wrap elementor-element-populated\">\n\t\t\t\t\t\t<div class=\"elementor-element elementor-element-fc331c9 elementor-widget elementor-widget-heading\" data-id=\"fc331c9\" data-element_type=\"widget\" data-e-type=\"widget\" data-widget_type=\"heading.default\">\n\t\t\t\t<div class=\"elementor-widget-container\">\n\t\t\t\t\t<div id=\"ez-toc-container\" class=\"ez-toc-v2_0_82_2 counter-hierarchy ez-toc-counter ez-toc-grey ez-toc-container-direction\">\n<div class=\"ez-toc-title-container\">\n<p class=\"ez-toc-title\" style=\"cursor:inherit\">Contenido<\/p>\n<span class=\"ez-toc-title-toggle\"><a href=\"#\" class=\"ez-toc-pull-right ez-toc-btn ez-toc-btn-xs ez-toc-btn-default ez-toc-toggle\" aria-label=\"Alternar tabla de contenidos\"><span class=\"ez-toc-js-icon-con\"><span class=\"\"><span class=\"eztoc-hide\" style=\"display:none;\">Palanca<\/span><span class=\"ez-toc-icon-toggle-span\"><svg style=\"fill: #999;color:#999\" xmlns=\"http:\/\/www.w3.org\/2000\/svg\" class=\"list-377408\" width=\"20px\" height=\"20px\" viewbox=\"0 0 24 24\" fill=\"none\"><path d=\"M6 6H4v2h2V6zm14 0H8v2h12V6zM4 11h2v2H4v-2zm16 0H8v2h12v-2zM4 16h2v2H4v-2zm16 0H8v2h12v-2z\" fill=\"currentColor\"><\/path><\/svg><svg style=\"fill: #999;color:#999\" class=\"arrow-unsorted-368013\" xmlns=\"http:\/\/www.w3.org\/2000\/svg\" width=\"10px\" height=\"10px\" viewbox=\"0 0 24 24\" version=\"1.2\" baseprofile=\"tiny\"><path d=\"M18.2 9.3l-6.2-6.3-6.2 6.3c-.2.2-.3.4-.3.7s.1.5.3.7c.2.2.4.3.7.3h11c.3 0 .5-.1.7-.3.2-.2.3-.5.3-.7s-.1-.5-.3-.7zM5.8 14.7l6.2 6.3 6.2-6.3c.2-.2.3-.5.3-.7s-.1-.5-.3-.7c-.2-.2-.4-.3-.7-.3h-11c-.3 0-.5.1-.7.3-.2.2-.3.5-.3.7s.1.5.3.7z\"\/><\/svg><\/span><\/span><\/span><\/a><\/span><\/div>\n<nav><ul class='ez-toc-list ez-toc-list-level-1' ><li class='ez-toc-page-1 ez-toc-heading-level-2'><a class=\"ez-toc-link ez-toc-heading-1\" href=\"https:\/\/mythslegendes.com\/es\/mitologia-tahitiana-del-viento\/tafai-hacia-el-po\/#La-descente-au-royaume-des-tenebres-Tafai-vers-le-Po\" >El descenso al reino de las tinieblas, Tafa&#039;i hacia el Po<\/a><\/li><\/ul><\/nav><\/div>\n<h2 class=\"elementor-heading-title elementor-size-default\"><span class=\"ez-toc-section\" id=\"La-descente-au-royaume-des-tenebres-Tafai-vers-le-Po\"><\/span>El descenso al reino de las tinieblas, Tafa&#039;i hacia el Po<span class=\"ez-toc-section-end\"><\/span><\/h2>\t\t\t\t<\/div>\n\t\t\t\t<\/div>\n\t\t\t\t\t<\/div>\n\t\t<\/div>\n\t\t\t\t\t<\/div>\n\t\t<\/section>\n\t\t\t\t<section class=\"elementor-section elementor-top-section elementor-element elementor-element-1368109 elementor-section-boxed elementor-section-height-default elementor-section-height-default\" data-id=\"1368109\" data-element_type=\"section\" data-e-type=\"section\">\n\t\t\t\t\t\t<div class=\"elementor-container elementor-column-gap-default\">\n\t\t\t\t\t<div class=\"elementor-column elementor-col-100 elementor-top-column elementor-element elementor-element-4d1229f\" data-id=\"4d1229f\" data-element_type=\"column\" data-e-type=\"column\">\n\t\t\t<div class=\"elementor-widget-wrap elementor-element-populated\">\n\t\t\t\t\t\t<div class=\"elementor-element elementor-element-1020c29 elementor-widget elementor-widget-text-editor\" data-id=\"1020c29\" data-element_type=\"widget\" data-e-type=\"widget\" data-widget_type=\"text-editor.default\">\n\t\t\t\t<div class=\"elementor-widget-container\">\n\t\t\t\t\t\t\t\t\t<p>Hina-tahutahu, la madre de Tafa&#039;i accedi\u00f3 a mostrarle el camino al Po. Su hermano Arihinuiapua quiso acompa\u00f1arlo a pesar de los peligros, pues sent\u00eda remordimiento al pensar que hab\u00eda empujado a su padre a dejar este mundo. Hina-tahutahu oblig\u00f3 a la tierra a abrirse para permitir el paso de los audaces viajeros, que descendieron por un estrecho pasaje subterr\u00e1neo. Despu\u00e9s de caminar mucho tiempo, el corredor se ensanch\u00f3 en una gran plaza y llegaron a una casa que estaba habitada por una anciana ciega llamada Uhi (Ufi, Yam).<\/p><p>Arihinuiapua siendo solo un mortal d\u00e9bil sufr\u00eda de fatiga y hambre; entraron en silencio a esta casa donde encontraron a Uhi preparando su comida mientras murmuraba. Puso frente a ella dos piezas de uru (fruto del pan), dos porciones de taro, dos paquetes de pota (hoja de taro), dos cuencos llenos de leche de coco y dos recipientes de agua, luego comenz\u00f3 a comer.<\/p><p>Pero Arihinuiapua, que ten\u00eda mucha hambre, tom\u00f3 una porci\u00f3n de cada plato que ten\u00eda frente a ella y se lo comi\u00f3 de inmediato. Adem\u00e1s, cuando Uhi quiso servirse por segunda vez, no encontr\u00f3 nada y exclam\u00f3: \u201c\u00bfQui\u00e9n es este gusano que vino aqu\u00ed, en el reino de las tinieblas, el Po? \u00bb<br \/>\u2013 \u201cSoy yo Tafa&#039;i. \u00bb<\/p><p>\u2013 \u201cAh, si\u00e9ntense de manera c\u00f3moda\u201d dijo la anciana y al mismo tiempo les ofreci\u00f3 un asiento cubierto de plumas rojas. Pero Tafa&#039;i le hizo una se\u00f1a a su hermano para que no lo tocara, porque era un gancho m\u00e1gico sujeto por un cord\u00f3n encantado. Uhi luego tom\u00f3 el anzuelo y lo arroj\u00f3. Tafa&#039;i lo evit\u00f3, pero Arihi fascinado por la belleza de esta mujer lo trajo de vuelta y cuando tir\u00f3 de la cuerda se lo colg\u00f3 debajo del brazo. Resisti\u00f3 con todas sus fuerzas, corriendo en c\u00edrculos alrededor de la anciana que tiraba de \u00e9l hacia ella.<\/p><p>Conmovido de l\u00e1stima al ver a su hermano en esta triste situaci\u00f3n, Tafa&#039;i grit\u00f3: &quot;\u00a1Oh, Uhi, suelta tu pez, por miedo al gran tibur\u00f3n!&quot; \u00a1Ah\u00ed est\u00e1, su hermano, en el mar! Porque hab\u00eda tiburones y ballenas en el mar subterr\u00e1neo y un pulpo gigante que estaba en una cueva decorada con caracoles marinos.<\/p><p>Pero Uhi respondi\u00f3 en tono triunfal: \u201c\u00c9l no se mover\u00e1. El nombre de mi anzuelo es Puruitemaumau, en cuanto a mi l\u00ednea es el Requin du firmament (El Tibur\u00f3n en la V\u00eda L\u00e1ctea). No es de Hina (La Hina era la joven Mi, que le dio el pelo a su hermano Maui para amarrar el sol)<\/p><p>Tafa&#039;i luego se apoder\u00f3 de la l\u00ednea y liber\u00f3 al prisionero.<\/p><div class=\"fusion-text fusion-text-4\"><p>La anciana, al sentir que su anzuelo estaba suelto, exclam\u00f3: \u201c\u00a1Ah! Hay un hombre digno aqu\u00ed, \u00bfpuede devolverme la vista? \u00bb<br \/>\u2013 &quot;Te lo puedo devolver&quot; respondi\u00f3 Tafa&#039;i y tomando un\u00a0<a href=\"https:\/\/www.tahitiheritage.pf\/noix-de-coco-tahiti\/\" target=\"_blank\" rel=\"noopener noreferrer\">Coco<\/a>\u00a0arroj\u00f3 el contenido a los ojos de Uhi, quien instant\u00e1neamente recuper\u00f3 la vista. Entonces pudo ver a los j\u00f3venes y les testific\u00f3 su alegr\u00eda y su gratitud, pregunt\u00e1ndoles qu\u00e9 servicio les pod\u00eda prestar a cambio de su curaci\u00f3n.<\/p><p>Tafa&#039;i le pregunt\u00f3 qu\u00e9 sab\u00eda de su padre y d\u00f3nde estaba detenido. Uhi les dijo que Hema estaba m\u00e1s lejos, en un bosque donde los dioses arrojaban sus inmundicias. Le hab\u00edan sacado los ojos y se los hab\u00edan dado como juguetes a las ni\u00f1as que tej\u00edan tapetes para los parlantes. Luego le llenaron las cuencas de los ojos con excrementos de aves. Dio instrucciones a dos de sus peque\u00f1os sirvientes para que los acompa\u00f1aran a ir en busca del pobre hombre.<\/p><\/div><div class=\"fusion-text fusion-text-5\"><p>Tafa&#039;i y su hermano caminaron durante mucho tiempo y finalmente llegaron a una zona boscosa donde, despu\u00e9s de investigar un poco, encontraron al desafortunado Hema. Sin perder tiempo, Tafa&#039;i lo agarr\u00f3 en sus fuertes brazos y se lo llev\u00f3 con toda la velocidad que pudo reunir. Y, antes de que los dioses pudieran notar este secuestro, los tres fugitivos abandonaron las regiones subterr\u00e1neas y regresaron sanos y salvos a la luz del mundo superior. Tafa&#039;i lav\u00f3 al pobre Hema, lo visti\u00f3 y lo aliment\u00f3 y, aunque todav\u00eda ciego, vivi\u00f3 mucho tiempo todav\u00eda, felizmente con su esposa e hijos.<\/p><\/div>\t\t\t\t\t\t\t\t<\/div>\n\t\t\t\t<\/div>\n\t\t\t\t\t<\/div>\n\t\t<\/div>\n\t\t\t\t\t<\/div>\n\t\t<\/section>\n\t\t\t\t<\/div>","protected":false},"excerpt":{"rendered":"<p>Mythologie Tahitienne du Vent Wiki Le h\u00e9ros polyn\u00e9sien Tafa\u2019i accomplit deux grands exploits, le premier d\u2019immobiliser le grand poisson Tahiti &hellip; <\/p>","protected":false},"author":1,"featured_media":0,"parent":9989,"menu_order":0,"comment_status":"closed","ping_status":"closed","template":"","meta":{"footnotes":""},"class_list":["post-21543","page","type-page","status-publish","hentry"],"amp_enabled":true,"_links":{"self":[{"href":"https:\/\/mythslegendes.com\/es\/wp-json\/wp\/v2\/pages\/21543","targetHints":{"allow":["GET"]}}],"collection":[{"href":"https:\/\/mythslegendes.com\/es\/wp-json\/wp\/v2\/pages"}],"about":[{"href":"https:\/\/mythslegendes.com\/es\/wp-json\/wp\/v2\/types\/page"}],"author":[{"embeddable":true,"href":"https:\/\/mythslegendes.com\/es\/wp-json\/wp\/v2\/users\/1"}],"replies":[{"embeddable":true,"href":"https:\/\/mythslegendes.com\/es\/wp-json\/wp\/v2\/comments?post=21543"}],"version-history":[{"count":3,"href":"https:\/\/mythslegendes.com\/es\/wp-json\/wp\/v2\/pages\/21543\/revisions"}],"predecessor-version":[{"id":21550,"href":"https:\/\/mythslegendes.com\/es\/wp-json\/wp\/v2\/pages\/21543\/revisions\/21550"}],"up":[{"embeddable":true,"href":"https:\/\/mythslegendes.com\/es\/wp-json\/wp\/v2\/pages\/9989"}],"wp:attachment":[{"href":"https:\/\/mythslegendes.com\/es\/wp-json\/wp\/v2\/media?parent=21543"}],"curies":[{"name":"wp","href":"https:\/\/api.w.org\/{rel}","templated":true}]}}