{"id":21551,"date":"2022-08-01T06:53:23","date_gmt":"2022-08-01T06:53:23","guid":{"rendered":"https:\/\/mythslegendes.com\/?page_id=21551"},"modified":"2022-08-01T06:58:18","modified_gmt":"2022-08-01T06:58:18","slug":"conte-haida-mother-bear-story","status":"publish","type":"page","link":"https:\/\/mythslegendes.com\/es\/haida-tlingit-tsimshian-mitologia\/historia-de-la-madre-osa-haida\/","title":{"rendered":"Cuento Haida: Historia de la madre osa"},"content":{"rendered":"<div data-elementor-type=\"wp-page\" data-elementor-id=\"21551\" class=\"elementor elementor-21551\">\n\t\t\t\t\t\t<section class=\"elementor-section elementor-top-section elementor-element elementor-element-a008153 elementor-section-boxed elementor-section-height-default elementor-section-height-default\" data-id=\"a008153\" data-element_type=\"section\" data-e-type=\"section\">\n\t\t\t\t\t\t<div class=\"elementor-container elementor-column-gap-default\">\n\t\t\t\t\t<div class=\"elementor-column elementor-col-50 elementor-top-column elementor-element elementor-element-8927e7b\" data-id=\"8927e7b\" data-element_type=\"column\" data-e-type=\"column\">\n\t\t\t<div class=\"elementor-widget-wrap elementor-element-populated\">\n\t\t\t\t\t\t<div class=\"elementor-element elementor-element-6dfbf17 elementor-align-justify elementor-widget elementor-widget-button\" data-id=\"6dfbf17\" data-element_type=\"widget\" data-e-type=\"widget\" data-widget_type=\"button.default\">\n\t\t\t\t<div class=\"elementor-widget-container\">\n\t\t\t\t\t\t\t\t\t<div class=\"elementor-button-wrapper\">\n\t\t\t\t\t<a class=\"elementor-button elementor-button-link elementor-size-sm\" href=\"https:\/\/mythslegendes.com\/es\/haida-tlingit-tsimshian-mitologia\/\">\n\t\t\t\t\t\t<span class=\"elementor-button-content-wrapper\">\n\t\t\t\t\t\t\t\t\t<span class=\"elementor-button-text\">Mitolog\u00eda Haida-Tlingit-Tsimshian<\/span>\n\t\t\t\t\t<\/span>\n\t\t\t\t\t<\/a>\n\t\t\t\t<\/div>\n\t\t\t\t\t\t\t\t<\/div>\n\t\t\t\t<\/div>\n\t\t\t\t\t<\/div>\n\t\t<\/div>\n\t\t\t\t<div class=\"elementor-column elementor-col-50 elementor-top-column elementor-element elementor-element-088aa44\" data-id=\"088aa44\" data-element_type=\"column\" data-e-type=\"column\">\n\t\t\t<div class=\"elementor-widget-wrap elementor-element-populated\">\n\t\t\t\t\t\t<div class=\"elementor-element elementor-element-eb032a3 elementor-align-justify elementor-widget elementor-widget-button\" data-id=\"eb032a3\" data-element_type=\"widget\" data-e-type=\"widget\" data-widget_type=\"button.default\">\n\t\t\t\t<div class=\"elementor-widget-container\">\n\t\t\t\t\t\t\t\t\t<div class=\"elementor-button-wrapper\">\n\t\t\t\t\t<a class=\"elementor-button elementor-button-link elementor-size-sm\" href=\"https:\/\/www.firstpeople.us\/FP-Html-Legends\/HaidaMotherBearStory-Haida.html\" target=\"_blank\" rel=\"noopener\">\n\t\t\t\t\t\t<span class=\"elementor-button-content-wrapper\">\n\t\t\t\t\t\t\t\t\t<span class=\"elementor-button-text\">Wiki<\/span>\n\t\t\t\t\t<\/span>\n\t\t\t\t\t<\/a>\n\t\t\t\t<\/div>\n\t\t\t\t\t\t\t\t<\/div>\n\t\t\t\t<\/div>\n\t\t\t\t\t<\/div>\n\t\t<\/div>\n\t\t\t\t\t<\/div>\n\t\t<\/section>\n\t\t\t\t<section class=\"elementor-section elementor-top-section elementor-element elementor-element-2b13bf7 elementor-section-boxed elementor-section-height-default elementor-section-height-default\" data-id=\"2b13bf7\" data-element_type=\"section\" data-e-type=\"section\">\n\t\t\t\t\t\t<div class=\"elementor-container elementor-column-gap-default\">\n\t\t\t\t\t<div class=\"elementor-column elementor-col-100 elementor-top-column elementor-element elementor-element-14396a8\" data-id=\"14396a8\" data-element_type=\"column\" data-e-type=\"column\">\n\t\t\t<div class=\"elementor-widget-wrap elementor-element-populated\">\n\t\t\t\t\t\t<div class=\"elementor-element elementor-element-3160dc1 elementor-widget elementor-widget-text-editor\" data-id=\"3160dc1\" data-element_type=\"widget\" data-e-type=\"widget\" data-widget_type=\"text-editor.default\">\n\t\t\t\t<div class=\"elementor-widget-container\">\n\t\t\t\t\t\t\t\t\t<p>los\u00a0<strong><a href=\"https:\/\/mythslegendes.com\/es\/haida-tlingit-tsimshian-mitologia\/\">Haida<\/a><\/strong> son un pueblo nativo americano de la costa oeste de Canad\u00e1 y el norte de Estados Unidos, as\u00ed como de una parte sureste de Alaska, a lo largo de la costa del Pac\u00edfico y en el archipi\u00e9lago Haida Gwai en particular. Aqu\u00ed est\u00e1 su historia: La historia de la Madre Osa.<\/p><p><img decoding=\"async\" class=\"alignnone wp-image-9347 size-full\" src=\"http:\/\/mythslegendes.com\/wp-content\/uploads\/2020\/09\/cropped-AlphaOmega-e1602613368367.png\" alt=\"Historia de la madre osa\" width=\"25\" height=\"25\" title=\"\"><\/p>\t\t\t\t\t\t\t\t<\/div>\n\t\t\t\t<\/div>\n\t\t\t\t\t<\/div>\n\t\t<\/div>\n\t\t\t\t\t<\/div>\n\t\t<\/section>\n\t\t\t\t<section class=\"elementor-section elementor-top-section elementor-element elementor-element-007616f elementor-section-boxed elementor-section-height-default elementor-section-height-default\" data-id=\"007616f\" data-element_type=\"section\" data-e-type=\"section\">\n\t\t\t\t\t\t<div class=\"elementor-container elementor-column-gap-default\">\n\t\t\t\t\t<div class=\"elementor-column elementor-col-100 elementor-top-column elementor-element elementor-element-06dc2e9\" data-id=\"06dc2e9\" data-element_type=\"column\" data-e-type=\"column\">\n\t\t\t<div class=\"elementor-widget-wrap elementor-element-populated\">\n\t\t\t\t\t\t<div class=\"elementor-element elementor-element-04129a0 elementor-widget elementor-widget-heading\" data-id=\"04129a0\" data-element_type=\"widget\" data-e-type=\"widget\" data-widget_type=\"heading.default\">\n\t\t\t\t<div class=\"elementor-widget-container\">\n\t\t\t\t\t<div id=\"ez-toc-container\" class=\"ez-toc-v2_0_82_2 counter-hierarchy ez-toc-counter ez-toc-grey ez-toc-container-direction\">\n<div class=\"ez-toc-title-container\">\n<p class=\"ez-toc-title\" style=\"cursor:inherit\">Contenido<\/p>\n<span class=\"ez-toc-title-toggle\"><a href=\"#\" class=\"ez-toc-pull-right ez-toc-btn ez-toc-btn-xs ez-toc-btn-default ez-toc-toggle\" aria-label=\"Alternar tabla de contenidos\"><span class=\"ez-toc-js-icon-con\"><span class=\"\"><span class=\"eztoc-hide\" style=\"display:none;\">Palanca<\/span><span class=\"ez-toc-icon-toggle-span\"><svg style=\"fill: #999;color:#999\" xmlns=\"http:\/\/www.w3.org\/2000\/svg\" class=\"list-377408\" width=\"20px\" height=\"20px\" viewbox=\"0 0 24 24\" fill=\"none\"><path d=\"M6 6H4v2h2V6zm14 0H8v2h12V6zM4 11h2v2H4v-2zm16 0H8v2h12v-2zM4 16h2v2H4v-2zm16 0H8v2h12v-2z\" fill=\"currentColor\"><\/path><\/svg><svg style=\"fill: #999;color:#999\" class=\"arrow-unsorted-368013\" xmlns=\"http:\/\/www.w3.org\/2000\/svg\" width=\"10px\" height=\"10px\" viewbox=\"0 0 24 24\" version=\"1.2\" baseprofile=\"tiny\"><path d=\"M18.2 9.3l-6.2-6.3-6.2 6.3c-.2.2-.3.4-.3.7s.1.5.3.7c.2.2.4.3.7.3h11c.3 0 .5-.1.7-.3.2-.2.3-.5.3-.7s-.1-.5-.3-.7zM5.8 14.7l6.2 6.3 6.2-6.3c.2-.2.3-.5.3-.7s-.1-.5-.3-.7c-.2-.2-.4-.3-.7-.3h-11c-.3 0-.5.1-.7.3-.2.2-.3.5-.3.7s.1.5.3.7z\"\/><\/svg><\/span><\/span><\/span><\/a><\/span><\/div>\n<nav><ul class='ez-toc-list ez-toc-list-level-1' ><li class='ez-toc-page-1 ez-toc-heading-level-2'><a class=\"ez-toc-link ez-toc-heading-1\" href=\"https:\/\/mythslegendes.com\/es\/haida-tlingit-tsimshian-mitologia\/historia-de-la-madre-osa-haida\/#Haida-Mother-Bear-Story\" >Historia de Haida Mother Bear<\/a><\/li><\/ul><\/nav><\/div>\n<h2 class=\"elementor-heading-title elementor-size-default\"><span class=\"ez-toc-section\" id=\"Haida-Mother-Bear-Story\"><\/span>Historia de Haida Mother Bear<span class=\"ez-toc-section-end\"><\/span><\/h2>\t\t\t\t<\/div>\n\t\t\t\t<\/div>\n\t\t\t\t\t<\/div>\n\t\t<\/div>\n\t\t\t\t\t<\/div>\n\t\t<\/section>\n\t\t\t\t<section class=\"elementor-section elementor-top-section elementor-element elementor-element-8e399b8 elementor-section-boxed elementor-section-height-default elementor-section-height-default\" data-id=\"8e399b8\" data-element_type=\"section\" data-e-type=\"section\">\n\t\t\t\t\t\t<div class=\"elementor-container elementor-column-gap-default\">\n\t\t\t\t\t<div class=\"elementor-column elementor-col-100 elementor-top-column elementor-element elementor-element-eb0a365\" data-id=\"eb0a365\" data-element_type=\"column\" data-e-type=\"column\">\n\t\t\t<div class=\"elementor-widget-wrap elementor-element-populated\">\n\t\t\t\t\t\t<div class=\"elementor-element elementor-element-a6fcaf8 elementor-widget elementor-widget-text-editor\" data-id=\"a6fcaf8\" data-element_type=\"widget\" data-e-type=\"widget\" data-widget_type=\"text-editor.default\">\n\t\t\t\t<div class=\"elementor-widget-container\">\n\t\t\t\t\t\t\t\t\t<p>Hace mucho tiempo, un grupo de chicas de la tribu estaban recogiendo ar\u00e1ndanos.<br \/>Uno de ellos era un poco charlat\u00e1n, que deber\u00eda haber estado cantando.<br \/>decirles a los osos de su presencia en lugar de re\u00edr y hablar.<br \/>Los osos, que pod\u00edan o\u00edrla aunque estuvieran a cierta distancia, se preguntaron<br \/>si ella se estaba burlando de ellos con su balbuceo. Cuando los recolectores de bayas<br \/>Empez\u00f3 a casa, los osos estaban mirando.<\/p><p>Mientras segu\u00eda al final del grupo, el pie de la ni\u00f1a resbal\u00f3.<br \/>en un poco de esti\u00e9rcol de oso y en la correa de su frente, que sosten\u00eda la mochila llena<br \/>con bayas en la espalda, en quiebra. Ella dej\u00f3 escapar una risa enojada. T\u00e9<br \/>Otros continuaron. De nuevo deber\u00eda haber cantado, pero s\u00f3lo se quej\u00f3.<br \/>Los osos se dieron cuenta y dijeron: \u201c\u00bfHabla de nosotros? \u00bb<br \/>Estaba oscureciendo. Cerca de ella aparecieron dos j\u00f3venes que parec\u00edan<br \/>como hermanos. Uno dijo: &quot;Ven con nosotros y te ayudaremos&quot;.<br \/>con tus bayas\u201d. Mientras la joven aristocr\u00e1tica segu\u00eda<br \/>Luego, vio que vest\u00edan t\u00fanicas de oso.<\/p><p>Estaba oscuro cuando llegaron a una casa grande cerca de un deslizamiento de rocas.<br \/>en lo alto de la ladera de la monta\u00f1a. Toda la gente adentro, sentada alrededor<br \/>un peque\u00f1o incendio, tambi\u00e9n llevaban pieles de oso. La abuela rat\u00f3n corri\u00f3<br \/>se acerc\u00f3 a la ni\u00f1a y le chill\u00f3 que la hab\u00edan llevado<br \/>la guarida de los osos y se convertir\u00eda en uno de ellos. El pelo de su vestido<br \/>Ya era m\u00e1s largo y m\u00e1s parecido al de un oso. Estaba asustada. Uno<br \/>De los ositos, el hijo de un jefe se acerc\u00f3 a ella y le dijo:<br \/>\u201cVivir\u00e1s si te conviertes en mi esposa. De lo contrario morir\u00e1s. \u00bb<\/p><p>Ella sigui\u00f3 viviendo como la esposa del oso, cuidando el fuego en la oscuridad.<br \/>casa. Se dio cuenta de que cada vez que el Pueblo Oso sal\u00eda,<br \/>Se pusieron sus abrigos de oso y se volvieron como el animal. En el invierno<br \/>estaba embarazada y su marido la llev\u00f3 a una cueva en un acantilado cerca<br \/>la antigua casa, donde dio a luz a gemelos, mitad humanos y mitad osos.<\/p><p>Un d\u00eda sus hermanos vinieron a buscarla y la Esposa Oso<br \/>Sab\u00eda que deb\u00eda revelar su presencia. Ella hizo rodar una bola de nieve por el<br \/>ladera de la monta\u00f1a para llamar su atenci\u00f3n, y subieron a la roca<br \/>deslizar. El Marido Oso sab\u00eda que deb\u00eda morir, pero antes de morir<br \/>asesinado por los hermanos de la mujer, \u00e9l le ense\u00f1\u00f3 a ella y a los Bear Sons<br \/>las canciones que los cazadores deben utilizar sobre su cad\u00e1ver para asegurar<br \/>su buena suerte. Le leg\u00f3 su piel a su padre, que era un miembro tribal.<br \/>jefe. Luego, los j\u00f3venes mataron al oso y lo sacaron ahum\u00e1ndolo del<br \/>cueva y atraves\u00e1ndolo. Separaron a los dos ni\u00f1os, llev\u00e1ndolos<br \/>con la Esposa Oso de regreso a su Pueblo.<\/p><p>Los Bear Sons se quitaron el pelaje de oso y se convirtieron en grandes cazadores.<br \/>Guiaron a sus parientes a tener guaridas en las monta\u00f1as y les mostraron<br \/>les ense\u00f1aron a poner trampas, y ense\u00f1aron al pueblo a cantar<br \/>los cantos rituales. Muchos a\u00f1os despu\u00e9s, cuando muri\u00f3 su madre,<br \/>se volvieron a poner los abrigos y volvieron a vivir con el Pueblo Oso,<br \/>pero la tribu sigui\u00f3 teniendo buena suerte con su caza.<\/p>\t\t\t\t\t\t\t\t<\/div>\n\t\t\t\t<\/div>\n\t\t\t\t\t<\/div>\n\t\t<\/div>\n\t\t\t\t\t<\/div>\n\t\t<\/section>\n\t\t\t\t<\/div>","protected":false},"excerpt":{"rendered":"<p>Haida-Tlingit-Tsimshian Mythology Wiki Los Haida son un pueblo nativo americano de la costa oeste de Canad\u00e1 y el norte de los Estados Unidos, como \u2026 <\/p>","protected":false},"author":1,"featured_media":0,"parent":4275,"menu_order":0,"comment_status":"closed","ping_status":"closed","template":"","meta":{"footnotes":""},"class_list":["post-21551","page","type-page","status-publish","hentry"],"amp_enabled":true,"_links":{"self":[{"href":"https:\/\/mythslegendes.com\/es\/wp-json\/wp\/v2\/pages\/21551","targetHints":{"allow":["GET"]}}],"collection":[{"href":"https:\/\/mythslegendes.com\/es\/wp-json\/wp\/v2\/pages"}],"about":[{"href":"https:\/\/mythslegendes.com\/es\/wp-json\/wp\/v2\/types\/page"}],"author":[{"embeddable":true,"href":"https:\/\/mythslegendes.com\/es\/wp-json\/wp\/v2\/users\/1"}],"replies":[{"embeddable":true,"href":"https:\/\/mythslegendes.com\/es\/wp-json\/wp\/v2\/comments?post=21551"}],"version-history":[{"count":3,"href":"https:\/\/mythslegendes.com\/es\/wp-json\/wp\/v2\/pages\/21551\/revisions"}],"predecessor-version":[{"id":21558,"href":"https:\/\/mythslegendes.com\/es\/wp-json\/wp\/v2\/pages\/21551\/revisions\/21558"}],"up":[{"embeddable":true,"href":"https:\/\/mythslegendes.com\/es\/wp-json\/wp\/v2\/pages\/4275"}],"wp:attachment":[{"href":"https:\/\/mythslegendes.com\/es\/wp-json\/wp\/v2\/media?parent=21551"}],"curies":[{"name":"wp","href":"https:\/\/api.w.org\/{rel}","templated":true}]}}