{"id":21559,"date":"2022-08-01T06:59:12","date_gmt":"2022-08-01T06:59:12","guid":{"rendered":"https:\/\/mythslegendes.com\/?page_id=21559"},"modified":"2022-08-01T07:01:35","modified_gmt":"2022-08-01T07:01:35","slug":"conte-haida-how-raven-brought-light-to-the-world","status":"publish","type":"page","link":"https:\/\/mythslegendes.com\/es\/haida-tlingit-tsimshian-mitologia\/tale-haida-how-raven-bred-light-to-the-world\/","title":{"rendered":"Haida Tale: C\u00f3mo Raven trajo la luz al mundo"},"content":{"rendered":"<div data-elementor-type=\"wp-page\" data-elementor-id=\"21559\" class=\"elementor elementor-21559\">\n\t\t\t\t\t\t<section class=\"elementor-section elementor-top-section elementor-element elementor-element-cd25b44 elementor-section-boxed elementor-section-height-default elementor-section-height-default\" data-id=\"cd25b44\" data-element_type=\"section\" data-e-type=\"section\">\n\t\t\t\t\t\t<div class=\"elementor-container elementor-column-gap-default\">\n\t\t\t\t\t<div class=\"elementor-column elementor-col-50 elementor-top-column elementor-element elementor-element-cfab110\" data-id=\"cfab110\" data-element_type=\"column\" data-e-type=\"column\">\n\t\t\t<div class=\"elementor-widget-wrap elementor-element-populated\">\n\t\t\t\t\t\t<div class=\"elementor-element elementor-element-b46ccf5 elementor-align-justify elementor-widget elementor-widget-button\" data-id=\"b46ccf5\" data-element_type=\"widget\" data-e-type=\"widget\" data-widget_type=\"button.default\">\n\t\t\t\t<div class=\"elementor-widget-container\">\n\t\t\t\t\t\t\t\t\t<div class=\"elementor-button-wrapper\">\n\t\t\t\t\t<a class=\"elementor-button elementor-button-link elementor-size-sm\" href=\"https:\/\/mythslegendes.com\/es\/haida-tlingit-tsimshian-mitologia\/\">\n\t\t\t\t\t\t<span class=\"elementor-button-content-wrapper\">\n\t\t\t\t\t\t\t\t\t<span class=\"elementor-button-text\">Mitolog\u00eda Haida-Tlingit-Tsimshian<\/span>\n\t\t\t\t\t<\/span>\n\t\t\t\t\t<\/a>\n\t\t\t\t<\/div>\n\t\t\t\t\t\t\t\t<\/div>\n\t\t\t\t<\/div>\n\t\t\t\t\t<\/div>\n\t\t<\/div>\n\t\t\t\t<div class=\"elementor-column elementor-col-50 elementor-top-column elementor-element elementor-element-dc06c7b\" data-id=\"dc06c7b\" data-element_type=\"column\" data-e-type=\"column\">\n\t\t\t<div class=\"elementor-widget-wrap elementor-element-populated\">\n\t\t\t\t\t\t<div class=\"elementor-element elementor-element-0806a34 elementor-align-justify elementor-widget elementor-widget-button\" data-id=\"0806a34\" data-element_type=\"widget\" data-e-type=\"widget\" data-widget_type=\"button.default\">\n\t\t\t\t<div class=\"elementor-widget-container\">\n\t\t\t\t\t\t\t\t\t<div class=\"elementor-button-wrapper\">\n\t\t\t\t\t<a class=\"elementor-button elementor-button-link elementor-size-sm\" href=\"https:\/\/www.firstpeople.us\/FP-Html-Legends\/HowRavenBroughtLighttotheWorld-Haida.html\" target=\"_blank\" rel=\"noopener\">\n\t\t\t\t\t\t<span class=\"elementor-button-content-wrapper\">\n\t\t\t\t\t\t\t\t\t<span class=\"elementor-button-text\">Wiki<\/span>\n\t\t\t\t\t<\/span>\n\t\t\t\t\t<\/a>\n\t\t\t\t<\/div>\n\t\t\t\t\t\t\t\t<\/div>\n\t\t\t\t<\/div>\n\t\t\t\t\t<\/div>\n\t\t<\/div>\n\t\t\t\t\t<\/div>\n\t\t<\/section>\n\t\t\t\t<section class=\"elementor-section elementor-top-section elementor-element elementor-element-61ed05d elementor-section-boxed elementor-section-height-default elementor-section-height-default\" data-id=\"61ed05d\" data-element_type=\"section\" data-e-type=\"section\">\n\t\t\t\t\t\t<div class=\"elementor-container elementor-column-gap-default\">\n\t\t\t\t\t<div class=\"elementor-column elementor-col-100 elementor-top-column elementor-element elementor-element-7bacdd3\" data-id=\"7bacdd3\" data-element_type=\"column\" data-e-type=\"column\">\n\t\t\t<div class=\"elementor-widget-wrap elementor-element-populated\">\n\t\t\t\t\t\t<div class=\"elementor-element elementor-element-5117b29 elementor-widget elementor-widget-text-editor\" data-id=\"5117b29\" data-element_type=\"widget\" data-e-type=\"widget\" data-widget_type=\"text-editor.default\">\n\t\t\t\t<div class=\"elementor-widget-container\">\n\t\t\t\t\t\t\t\t\t<p>los\u00a0<strong><a href=\"https:\/\/mythslegendes.com\/es\/haida-tlingit-tsimshian-mitologia\/\">Haida<\/a><\/strong> son un pueblo nativo americano de la costa oeste de Canad\u00e1 y el norte de los Estados Unidos, as\u00ed como una parte del sureste de Alaska, a lo largo de la costa del Pac\u00edfico, y en particular en el archipi\u00e9lago Haida Gwaii. Aqu\u00ed est\u00e1 su historia: C\u00f3mo Raven trajo la luz al mundo.<\/p><p><img decoding=\"async\" class=\"alignnone wp-image-9347 size-full\" src=\"http:\/\/mythslegendes.com\/wp-content\/uploads\/2020\/09\/cropped-AlphaOmega-e1602613368367.png\" alt=\"C\u00f3mo Raven trajo luz al mundo\" width=\"25\" height=\"25\" title=\"\"><\/p>\t\t\t\t\t\t\t\t<\/div>\n\t\t\t\t<\/div>\n\t\t\t\t\t<\/div>\n\t\t<\/div>\n\t\t\t\t\t<\/div>\n\t\t<\/section>\n\t\t\t\t<section class=\"elementor-section elementor-top-section elementor-element elementor-element-2727db5 elementor-section-boxed elementor-section-height-default elementor-section-height-default\" data-id=\"2727db5\" data-element_type=\"section\" data-e-type=\"section\">\n\t\t\t\t\t\t<div class=\"elementor-container elementor-column-gap-default\">\n\t\t\t\t\t<div class=\"elementor-column elementor-col-100 elementor-top-column elementor-element elementor-element-161bf1d\" data-id=\"161bf1d\" data-element_type=\"column\" data-e-type=\"column\">\n\t\t\t<div class=\"elementor-widget-wrap elementor-element-populated\">\n\t\t\t\t\t\t<div class=\"elementor-element elementor-element-a5c4f12 elementor-widget elementor-widget-heading\" data-id=\"a5c4f12\" data-element_type=\"widget\" data-e-type=\"widget\" data-widget_type=\"heading.default\">\n\t\t\t\t<div class=\"elementor-widget-container\">\n\t\t\t\t\t<div id=\"ez-toc-container\" class=\"ez-toc-v2_0_82_2 counter-hierarchy ez-toc-counter ez-toc-grey ez-toc-container-direction\">\n<div class=\"ez-toc-title-container\">\n<p class=\"ez-toc-title\" style=\"cursor:inherit\">Contenido<\/p>\n<span class=\"ez-toc-title-toggle\"><a href=\"#\" class=\"ez-toc-pull-right ez-toc-btn ez-toc-btn-xs ez-toc-btn-default ez-toc-toggle\" aria-label=\"Alternar tabla de contenidos\"><span class=\"ez-toc-js-icon-con\"><span class=\"\"><span class=\"eztoc-hide\" style=\"display:none;\">Palanca<\/span><span class=\"ez-toc-icon-toggle-span\"><svg style=\"fill: #999;color:#999\" xmlns=\"http:\/\/www.w3.org\/2000\/svg\" class=\"list-377408\" width=\"20px\" height=\"20px\" viewbox=\"0 0 24 24\" fill=\"none\"><path d=\"M6 6H4v2h2V6zm14 0H8v2h12V6zM4 11h2v2H4v-2zm16 0H8v2h12v-2zM4 16h2v2H4v-2zm16 0H8v2h12v-2z\" fill=\"currentColor\"><\/path><\/svg><svg style=\"fill: #999;color:#999\" class=\"arrow-unsorted-368013\" xmlns=\"http:\/\/www.w3.org\/2000\/svg\" width=\"10px\" height=\"10px\" viewbox=\"0 0 24 24\" version=\"1.2\" baseprofile=\"tiny\"><path d=\"M18.2 9.3l-6.2-6.3-6.2 6.3c-.2.2-.3.4-.3.7s.1.5.3.7c.2.2.4.3.7.3h11c.3 0 .5-.1.7-.3.2-.2.3-.5.3-.7s-.1-.5-.3-.7zM5.8 14.7l6.2 6.3 6.2-6.3c.2-.2.3-.5.3-.7s-.1-.5-.3-.7c-.2-.2-.4-.3-.7-.3h-11c-.3 0-.5.1-.7.3-.2.2-.3.5-.3.7s.1.5.3.7z\"\/><\/svg><\/span><\/span><\/span><\/a><\/span><\/div>\n<nav><ul class='ez-toc-list ez-toc-list-level-1' ><li class='ez-toc-page-1 ez-toc-heading-level-2'><a class=\"ez-toc-link ez-toc-heading-1\" href=\"https:\/\/mythslegendes.com\/es\/haida-tlingit-tsimshian-mitologia\/tale-haida-how-raven-bred-light-to-the-world\/#How-Raven-Brought-Light-To-The-World\" >C\u00f3mo Raven trajo luz al mundo<\/a><\/li><\/ul><\/nav><\/div>\n<h2 class=\"elementor-heading-title elementor-size-default\"><span class=\"ez-toc-section\" id=\"How-Raven-Brought-Light-To-The-World\"><\/span>C\u00f3mo Raven trajo luz al mundo<span class=\"ez-toc-section-end\"><\/span><\/h2>\t\t\t\t<\/div>\n\t\t\t\t<\/div>\n\t\t\t\t\t<\/div>\n\t\t<\/div>\n\t\t\t\t\t<\/div>\n\t\t<\/section>\n\t\t\t\t<section class=\"elementor-section elementor-top-section elementor-element elementor-element-bac16ed elementor-section-boxed elementor-section-height-default elementor-section-height-default\" data-id=\"bac16ed\" data-element_type=\"section\" data-e-type=\"section\">\n\t\t\t\t\t\t<div class=\"elementor-container elementor-column-gap-default\">\n\t\t\t\t\t<div class=\"elementor-column elementor-col-100 elementor-top-column elementor-element elementor-element-66c8935\" data-id=\"66c8935\" data-element_type=\"column\" data-e-type=\"column\">\n\t\t\t<div class=\"elementor-widget-wrap elementor-element-populated\">\n\t\t\t\t\t\t<div class=\"elementor-element elementor-element-ab680ae elementor-widget elementor-widget-text-editor\" data-id=\"ab680ae\" data-element_type=\"widget\" data-e-type=\"widget\" data-widget_type=\"text-editor.default\">\n\t\t\t\t<div class=\"elementor-widget-container\">\n\t\t\t\t\t\t\t\t\t<p>De acuerdo a un <a href=\"https:\/\/mythslegendes.com\/es\/haida-tlingit-tsimshian-mitologia\/\">Haida<\/a> historia, al principio el mundo estaba en total oscuridad.<\/p>\n<p>El Cuervo, que hab\u00eda existido desde el principio de los tiempos, estaba cansado de andar a tientas y tropezarse con cosas en la oscuridad.<\/p>\n<p>Finalmente, el Cuervo lleg\u00f3 a la casa de un anciano que viv\u00eda solo con su hija. A trav\u00e9s de su astucia, el Cuervo supo que el anciano ten\u00eda un gran tesoro. Esta era toda la luz del universo, contenida en una peque\u00f1a caja escondida dentro de muchas cajas. De inmediato, el Cuervo prometi\u00f3 robar la luz.<\/p>\n<p>Pens\u00f3 y pens\u00f3, y finalmente se le ocurri\u00f3 un plan. Esper\u00f3 hasta que la hija del anciano lleg\u00f3 al r\u00edo a buscar agua. Entonces el Cuervo se transform\u00f3 en una sola aguja de cicuta y se arroj\u00f3 al r\u00edo, justo cuando la ni\u00f1a estaba sumergiendo su canasta de agua en el r\u00edo.<\/p>\n<p>Mientras beb\u00eda de la cesta, se trag\u00f3 la aguja. Se desliz\u00f3 y se desliz\u00f3 hacia abajo en su c\u00e1lido vientre, donde el Cuervo se transform\u00f3 de nuevo, esta vez en un peque\u00f1o ser humano. Despu\u00e9s de dormir y crecer all\u00ed durante mucho tiempo, finalmente el Cuervo emergi\u00f3 al mundo una vez m\u00e1s, esta vez como un beb\u00e9 humano.<\/p>\n<p>A pesar de que ten\u00eda una apariencia bastante extra\u00f1a, el abuelo del Cuervo lo amaba. Pero el anciano amenaz\u00f3 con castigarlo si alguna vez tocaba el preciado cofre del tesoro. sin embargo, Ravenchild rog\u00f3 y suplic\u00f3 que le permitieran sostener la luz solo por un momento.<\/p>\n<p>Con el tiempo, el anciano cedi\u00f3 y sac\u00f3 de la caja una esfera c\u00e1lida y resplandeciente, que se la arroj\u00f3 a su nieto.<\/p>\n<p>A medida que la luz se mov\u00eda hacia \u00e9l, el ni\u00f1o humano se transform\u00f3 en una gigantesca forma de p\u00e1jaro negro y sombr\u00edo, con las alas extendidas listas para volar y el pico abierto con anticipaci\u00f3n. Cuando la hermosa bola de luz lo alcanz\u00f3, \u00a1el cuervo la captur\u00f3 con su pico! <\/p>\n<p>Moviendo sus poderosas alas, irrumpi\u00f3 a trav\u00e9s del agujero de humo en el techo de la casa y escap\u00f3 a la oscuridad con su tesoro robado.<\/p>\n<p>Y as\u00ed fue como la luz entr\u00f3 en el universo.<\/p>\t\t\t\t\t\t\t\t<\/div>\n\t\t\t\t<\/div>\n\t\t\t\t\t<\/div>\n\t\t<\/div>\n\t\t\t\t\t<\/div>\n\t\t<\/section>\n\t\t\t\t<\/div>","protected":false},"excerpt":{"rendered":"<p>Haida-Tlingit-Tsimshian Mythology Wiki Los Haida son un pueblo nativo americano de la costa oeste de Canad\u00e1 y el norte de los Estados Unidos, como \u2026 <\/p>","protected":false},"author":1,"featured_media":0,"parent":4275,"menu_order":0,"comment_status":"closed","ping_status":"closed","template":"","meta":{"footnotes":""},"class_list":["post-21559","page","type-page","status-publish","hentry"],"amp_enabled":true,"_links":{"self":[{"href":"https:\/\/mythslegendes.com\/es\/wp-json\/wp\/v2\/pages\/21559","targetHints":{"allow":["GET"]}}],"collection":[{"href":"https:\/\/mythslegendes.com\/es\/wp-json\/wp\/v2\/pages"}],"about":[{"href":"https:\/\/mythslegendes.com\/es\/wp-json\/wp\/v2\/types\/page"}],"author":[{"embeddable":true,"href":"https:\/\/mythslegendes.com\/es\/wp-json\/wp\/v2\/users\/1"}],"replies":[{"embeddable":true,"href":"https:\/\/mythslegendes.com\/es\/wp-json\/wp\/v2\/comments?post=21559"}],"version-history":[{"count":3,"href":"https:\/\/mythslegendes.com\/es\/wp-json\/wp\/v2\/pages\/21559\/revisions"}],"predecessor-version":[{"id":21563,"href":"https:\/\/mythslegendes.com\/es\/wp-json\/wp\/v2\/pages\/21559\/revisions\/21563"}],"up":[{"embeddable":true,"href":"https:\/\/mythslegendes.com\/es\/wp-json\/wp\/v2\/pages\/4275"}],"wp:attachment":[{"href":"https:\/\/mythslegendes.com\/es\/wp-json\/wp\/v2\/media?parent=21559"}],"curies":[{"name":"wp","href":"https:\/\/api.w.org\/{rel}","templated":true}]}}