{"id":21564,"date":"2022-08-01T07:02:42","date_gmt":"2022-08-01T07:02:42","guid":{"rendered":"https:\/\/mythslegendes.com\/?page_id=21564"},"modified":"2022-08-01T07:14:20","modified_gmt":"2022-08-01T07:14:20","slug":"conte-haida-master-carpenter-and-south-east","status":"publish","type":"page","link":"https:\/\/mythslegendes.com\/es\/haida-tlingit-tsimshian-mitologia\/cuento-haida-maestro-carpintero-y-sureste\/","title":{"rendered":"Haida Tale: maestro carpintero y sureste"},"content":{"rendered":"<div data-elementor-type=\"wp-page\" data-elementor-id=\"21564\" class=\"elementor elementor-21564\">\n\t\t\t\t\t\t<section class=\"elementor-section elementor-top-section elementor-element elementor-element-c5e4d49 elementor-section-boxed elementor-section-height-default elementor-section-height-default\" data-id=\"c5e4d49\" data-element_type=\"section\" data-e-type=\"section\">\n\t\t\t\t\t\t<div class=\"elementor-container elementor-column-gap-default\">\n\t\t\t\t\t<div class=\"elementor-column elementor-col-50 elementor-top-column elementor-element elementor-element-2299643\" data-id=\"2299643\" data-element_type=\"column\" data-e-type=\"column\">\n\t\t\t<div class=\"elementor-widget-wrap elementor-element-populated\">\n\t\t\t\t\t\t<div class=\"elementor-element elementor-element-a51d10d elementor-align-justify elementor-widget elementor-widget-button\" data-id=\"a51d10d\" data-element_type=\"widget\" data-e-type=\"widget\" data-widget_type=\"button.default\">\n\t\t\t\t<div class=\"elementor-widget-container\">\n\t\t\t\t\t\t\t\t\t<div class=\"elementor-button-wrapper\">\n\t\t\t\t\t<a class=\"elementor-button elementor-button-link elementor-size-sm\" href=\"https:\/\/mythslegendes.com\/es\/haida-tlingit-tsimshian-mitologia\/\">\n\t\t\t\t\t\t<span class=\"elementor-button-content-wrapper\">\n\t\t\t\t\t\t\t\t\t<span class=\"elementor-button-text\">Mitolog\u00eda Haida-Tlingit-Tsimshian<\/span>\n\t\t\t\t\t<\/span>\n\t\t\t\t\t<\/a>\n\t\t\t\t<\/div>\n\t\t\t\t\t\t\t\t<\/div>\n\t\t\t\t<\/div>\n\t\t\t\t\t<\/div>\n\t\t<\/div>\n\t\t\t\t<div class=\"elementor-column elementor-col-50 elementor-top-column elementor-element elementor-element-b2d7fea\" data-id=\"b2d7fea\" data-element_type=\"column\" data-e-type=\"column\">\n\t\t\t<div class=\"elementor-widget-wrap elementor-element-populated\">\n\t\t\t\t\t\t<div class=\"elementor-element elementor-element-e32464e elementor-align-justify elementor-widget elementor-widget-button\" data-id=\"e32464e\" data-element_type=\"widget\" data-e-type=\"widget\" data-widget_type=\"button.default\">\n\t\t\t\t<div class=\"elementor-widget-container\">\n\t\t\t\t\t\t\t\t\t<div class=\"elementor-button-wrapper\">\n\t\t\t\t\t<a class=\"elementor-button elementor-button-link elementor-size-sm\" href=\"https:\/\/www.firstpeople.us\/FP-Html-Legends\/Master-CarpenterandSouth-East-Haida.html\" target=\"_blank\" rel=\"noopener\">\n\t\t\t\t\t\t<span class=\"elementor-button-content-wrapper\">\n\t\t\t\t\t\t\t\t\t<span class=\"elementor-button-text\">Wiki<\/span>\n\t\t\t\t\t<\/span>\n\t\t\t\t\t<\/a>\n\t\t\t\t<\/div>\n\t\t\t\t\t\t\t\t<\/div>\n\t\t\t\t<\/div>\n\t\t\t\t\t<\/div>\n\t\t<\/div>\n\t\t\t\t\t<\/div>\n\t\t<\/section>\n\t\t\t\t<section class=\"elementor-section elementor-top-section elementor-element elementor-element-63af506 elementor-section-boxed elementor-section-height-default elementor-section-height-default\" data-id=\"63af506\" data-element_type=\"section\" data-e-type=\"section\">\n\t\t\t\t\t\t<div class=\"elementor-container elementor-column-gap-default\">\n\t\t\t\t\t<div class=\"elementor-column elementor-col-100 elementor-top-column elementor-element elementor-element-bdc9ced\" data-id=\"bdc9ced\" data-element_type=\"column\" data-e-type=\"column\">\n\t\t\t<div class=\"elementor-widget-wrap elementor-element-populated\">\n\t\t\t\t\t\t<div class=\"elementor-element elementor-element-fd9c4a4 elementor-widget elementor-widget-text-editor\" data-id=\"fd9c4a4\" data-element_type=\"widget\" data-e-type=\"widget\" data-widget_type=\"text-editor.default\">\n\t\t\t\t<div class=\"elementor-widget-container\">\n\t\t\t\t\t\t\t\t\t<p>los\u00a0<strong><a href=\"https:\/\/mythslegendes.com\/es\/haida-tlingit-tsimshian-mitologia\/\">Haida<\/a><\/strong> son un pueblo nativo americano de la costa oeste de Canad\u00e1 y el norte de los Estados Unidos, as\u00ed como una parte del sureste de Alaska, a lo largo de la costa del Pac\u00edfico, y en particular en el archipi\u00e9lago Haida Gwaii. Aqu\u00ed est\u00e1 su historia: Master-Carpenter And South-East.<\/p><p><img decoding=\"async\" class=\"alignnone wp-image-9347 size-full\" src=\"http:\/\/mythslegendes.com\/wp-content\/uploads\/2020\/09\/cropped-AlphaOmega-e1602613368367.png\" alt=\"Maestro carpintero y sureste\" width=\"25\" height=\"25\" title=\"\"><\/p>\t\t\t\t\t\t\t\t<\/div>\n\t\t\t\t<\/div>\n\t\t\t\t\t<\/div>\n\t\t<\/div>\n\t\t\t\t\t<\/div>\n\t\t<\/section>\n\t\t\t\t<section class=\"elementor-section elementor-top-section elementor-element elementor-element-65acd98 elementor-section-boxed elementor-section-height-default elementor-section-height-default\" data-id=\"65acd98\" data-element_type=\"section\" data-e-type=\"section\">\n\t\t\t\t\t\t<div class=\"elementor-container elementor-column-gap-default\">\n\t\t\t\t\t<div class=\"elementor-column elementor-col-100 elementor-top-column elementor-element elementor-element-0193727\" data-id=\"0193727\" data-element_type=\"column\" data-e-type=\"column\">\n\t\t\t<div class=\"elementor-widget-wrap elementor-element-populated\">\n\t\t\t\t\t\t<div class=\"elementor-element elementor-element-51ae7a6 elementor-widget elementor-widget-heading\" data-id=\"51ae7a6\" data-element_type=\"widget\" data-e-type=\"widget\" data-widget_type=\"heading.default\">\n\t\t\t\t<div class=\"elementor-widget-container\">\n\t\t\t\t\t<div id=\"ez-toc-container\" class=\"ez-toc-v2_0_82_2 counter-hierarchy ez-toc-counter ez-toc-grey ez-toc-container-direction\">\n<div class=\"ez-toc-title-container\">\n<p class=\"ez-toc-title\" style=\"cursor:inherit\">Contenido<\/p>\n<span class=\"ez-toc-title-toggle\"><a href=\"#\" class=\"ez-toc-pull-right ez-toc-btn ez-toc-btn-xs ez-toc-btn-default ez-toc-toggle\" aria-label=\"Alternar tabla de contenidos\"><span class=\"ez-toc-js-icon-con\"><span class=\"\"><span class=\"eztoc-hide\" style=\"display:none;\">Palanca<\/span><span class=\"ez-toc-icon-toggle-span\"><svg style=\"fill: #999;color:#999\" xmlns=\"http:\/\/www.w3.org\/2000\/svg\" class=\"list-377408\" width=\"20px\" height=\"20px\" viewbox=\"0 0 24 24\" fill=\"none\"><path d=\"M6 6H4v2h2V6zm14 0H8v2h12V6zM4 11h2v2H4v-2zm16 0H8v2h12v-2zM4 16h2v2H4v-2zm16 0H8v2h12v-2z\" fill=\"currentColor\"><\/path><\/svg><svg style=\"fill: #999;color:#999\" class=\"arrow-unsorted-368013\" xmlns=\"http:\/\/www.w3.org\/2000\/svg\" width=\"10px\" height=\"10px\" viewbox=\"0 0 24 24\" version=\"1.2\" baseprofile=\"tiny\"><path d=\"M18.2 9.3l-6.2-6.3-6.2 6.3c-.2.2-.3.4-.3.7s.1.5.3.7c.2.2.4.3.7.3h11c.3 0 .5-.1.7-.3.2-.2.3-.5.3-.7s-.1-.5-.3-.7zM5.8 14.7l6.2 6.3 6.2-6.3c.2-.2.3-.5.3-.7s-.1-.5-.3-.7c-.2-.2-.4-.3-.7-.3h-11c-.3 0-.5.1-.7.3-.2.2-.3.5-.3.7s.1.5.3.7z\"\/><\/svg><\/span><\/span><\/span><\/a><\/span><\/div>\n<nav><ul class='ez-toc-list ez-toc-list-level-1' ><li class='ez-toc-page-1 ez-toc-heading-level-2'><a class=\"ez-toc-link ez-toc-heading-1\" href=\"https:\/\/mythslegendes.com\/es\/haida-tlingit-tsimshian-mitologia\/cuento-haida-maestro-carpintero-y-sureste\/#Master-Carpenter-And-South-East\" >Maestro carpintero y sureste<\/a><\/li><\/ul><\/nav><\/div>\n<h2 class=\"elementor-heading-title elementor-size-default\"><span class=\"ez-toc-section\" id=\"Master-Carpenter-And-South-East\"><\/span>Maestro carpintero y sureste<span class=\"ez-toc-section-end\"><\/span><\/h2>\t\t\t\t<\/div>\n\t\t\t\t<\/div>\n\t\t\t\t\t<\/div>\n\t\t<\/div>\n\t\t\t\t\t<\/div>\n\t\t<\/section>\n\t\t\t\t<section class=\"elementor-section elementor-top-section elementor-element elementor-element-647a5b7 elementor-section-boxed elementor-section-height-default elementor-section-height-default\" data-id=\"647a5b7\" data-element_type=\"section\" data-e-type=\"section\">\n\t\t\t\t\t\t<div class=\"elementor-container elementor-column-gap-default\">\n\t\t\t\t\t<div class=\"elementor-column elementor-col-100 elementor-top-column elementor-element elementor-element-da32d46\" data-id=\"da32d46\" data-element_type=\"column\" data-e-type=\"column\">\n\t\t\t<div class=\"elementor-widget-wrap elementor-element-populated\">\n\t\t\t\t\t\t<div class=\"elementor-element elementor-element-29a37f2 elementor-widget elementor-widget-text-editor\" data-id=\"29a37f2\" data-element_type=\"widget\" data-e-type=\"widget\" data-widget_type=\"text-editor.default\">\n\t\t\t\t<div class=\"elementor-widget-container\">\n\t\t\t\t\t\t\t\t\t<p>EN <a href=\"https:\/\/mythslegendes.com\/es\/haida-tlingit-tsimshian-mitologia\/\">Haida<\/a> El mito relata c\u00f3mo el maestro carpintero, un ser sobrenatural,<br \/>fue a la guerra con el Sudeste (el viento del Sudeste) en Squ-i, el<br \/>ciudad situada m\u00e1s al sur de las islas Queen Charlotte.<\/p><p>El viento del Sureste es particularmente fuerte y bullicioso en ese<br \/>costa, y fue con la intenci\u00f3n de castigarlo por su violencia<br \/>que el maestro carpintero lo desafi\u00f3. En primer lugar, sin embargo, \u00e9l<br \/>se dedic\u00f3 a construir una canoa para s\u00ed mismo. El primero que hizo parti\u00f3,<br \/>y se vio obligado a tirarlo. El segundo tambi\u00e9n se separ\u00f3, no obstante<br \/>el hecho de que lo hab\u00eda hecho m\u00e1s robusto que el otro. otro y<br \/>otro edific\u00f3, haci\u00e9ndolos cada uno m\u00e1s fuerte que el anterior, pero cada<br \/>intento termin\u00f3 en fracaso, y al final, extremadamente molesto en este<br \/>torpe, estuvo a punto de abandonar la tarea. \u00c9l har\u00eda<br \/>lo han hecho, de hecho, pero por la intervenci\u00f3n del Gran Tonto.<br \/>Hasta ahora, el Maestro Carpintero hab\u00eda estado tratando de formar dos canoas a partir de<br \/>un tronco por medio de cu\u00f1as. Greatest Fool se qued\u00f3 observ\u00e1ndolo durante<br \/>un tiempo, divertido por su torpeza, y finalmente le mostr\u00f3 que \u00e9l<br \/>deber\u00eda usar cu\u00f1as dobladas. Y aunque \u00e9l fue quiz\u00e1s la \u00faltima persona<br \/>de quien Master-Carpenter podr\u00eda esperar aprender algo, el fracasado<br \/>constructor de canoas adopt\u00f3 la sugerencia, con los resultados m\u00e1s felices.<br \/>Cuando por fin estuvo satisfecho de haber hecho una buena canoa,<br \/>d\u00e9jalo caer al agua y navega en busca del sureste.<\/p><p>Poco a poco flot\u00f3 hasta la morada de su enemigo, y cuando<br \/>se juzg\u00f3 a s\u00ed mismo por encima de ella se subi\u00f3 a la canoa y arroj\u00f3<br \/>sale un reto. No hubo respuesta. Volvi\u00f3 a llamar, y esta vez<br \/>una corriente r\u00e1pida comenz\u00f3 a flotar junto a \u00e9l, teniendo en su superficie<br \/>una cantidad de algas. El astuto maestro carpintero crey\u00f3 ver<br \/>el pelo enmara\u00f1ado de su enemigo flotando entre las algas. \u00e9l se apoder\u00f3<br \/>asimiento de \u00e9l, y despu\u00e9s vino el sureste. Este \u00faltimo en gran<br \/>La pasi\u00f3n comenz\u00f3 a llamar a sus sobrinos para que lo ayudaran. el primero en ser<br \/>convocado fue Red-storm-cloud. Inmediatamente un rojo profundo inund\u00f3 el<br \/>cielo. Entonces los tintes tormentosos se desvanecieron y el viento se levant\u00f3 con un murmullo \u00e1spero.<\/p><p>Cuando este viento alcanz\u00f3 su m\u00e1xima fuerza, otro fue convocado,<br \/>Taker-off-of-the-tree-tops. La explosi\u00f3n aument\u00f3 a hurac\u00e1n,<br \/>y las copas de los \u00e1rboles fueron arrancadas y arrastradas y cayeron densamente<br \/>sobre la canoa, donde el Maestro Carpintero estaba haciendo uso de su magia<br \/>artes para protegerse. De nuevo se invoc\u00f3 otro viento, Guijarro-cascabel,<br \/>quien hizo volar las piedras y la arena mientras gritaba en respuesta<br \/>a la convocatoria.<\/p><p>Luego vino el hacedor de la espesa niebla marina, el esp\u00edritu de la niebla que<br \/>infunde terror en el coraz\u00f3n de los que est\u00e1n en el mar, y fue seguido<br \/>por un grupo numeroso de otros sobrinos, cada uno m\u00e1s temible que<br \/>el \u00faltimo. Finalmente lleg\u00f3 Maremoto y cubri\u00f3 al Maestro Carpintero con<br \/>agua, por lo que se vio obligado a ceder. Renunciar a su control<br \/>en el sureste, logr\u00f3 luchar hasta la orilla. Fue dicho<br \/>por algunos que muri\u00f3 el Sudeste, pero los chamanes, que deber\u00edan saberlo,<br \/>decir que volvi\u00f3 a su propio lugar.<\/p><p>La madre de South-East se llamaba Tomorrow, y los indios dicen que<br \/>si pronuncian esa palabra tendr\u00e1n mal tiempo, por el Sudeste<br \/>no le gusta escuchar el nombre de su madre usado por nadie m\u00e1s.<\/p>\t\t\t\t\t\t\t\t<\/div>\n\t\t\t\t<\/div>\n\t\t\t\t\t<\/div>\n\t\t<\/div>\n\t\t\t\t\t<\/div>\n\t\t<\/section>\n\t\t\t\t<\/div>","protected":false},"excerpt":{"rendered":"<p>Haida-Tlingit-Tsimshian Mythology Wiki Los Haida son un pueblo nativo americano de la costa oeste de Canad\u00e1 y el norte de los Estados Unidos, como \u2026 <\/p>","protected":false},"author":1,"featured_media":0,"parent":4275,"menu_order":0,"comment_status":"closed","ping_status":"closed","template":"","meta":{"footnotes":""},"class_list":["post-21564","page","type-page","status-publish","hentry"],"amp_enabled":true,"_links":{"self":[{"href":"https:\/\/mythslegendes.com\/es\/wp-json\/wp\/v2\/pages\/21564","targetHints":{"allow":["GET"]}}],"collection":[{"href":"https:\/\/mythslegendes.com\/es\/wp-json\/wp\/v2\/pages"}],"about":[{"href":"https:\/\/mythslegendes.com\/es\/wp-json\/wp\/v2\/types\/page"}],"author":[{"embeddable":true,"href":"https:\/\/mythslegendes.com\/es\/wp-json\/wp\/v2\/users\/1"}],"replies":[{"embeddable":true,"href":"https:\/\/mythslegendes.com\/es\/wp-json\/wp\/v2\/comments?post=21564"}],"version-history":[{"count":3,"href":"https:\/\/mythslegendes.com\/es\/wp-json\/wp\/v2\/pages\/21564\/revisions"}],"predecessor-version":[{"id":21593,"href":"https:\/\/mythslegendes.com\/es\/wp-json\/wp\/v2\/pages\/21564\/revisions\/21593"}],"up":[{"embeddable":true,"href":"https:\/\/mythslegendes.com\/es\/wp-json\/wp\/v2\/pages\/4275"}],"wp:attachment":[{"href":"https:\/\/mythslegendes.com\/es\/wp-json\/wp\/v2\/media?parent=21564"}],"curies":[{"name":"wp","href":"https:\/\/api.w.org\/{rel}","templated":true}]}}