{"id":21575,"date":"2022-08-01T07:07:11","date_gmt":"2022-08-01T07:07:11","guid":{"rendered":"https:\/\/mythslegendes.com\/?page_id=21575"},"modified":"2022-08-01T07:13:58","modified_gmt":"2022-08-01T07:13:58","slug":"conte-haida-origin-of-the-gnawing-beaver","status":"publish","type":"page","link":"https:\/\/mythslegendes.com\/es\/haida-tlingit-tsimshian-mitologia\/cuento-haida-origen-del-castor-roedor\/","title":{"rendered":"Cuento Haida: Origen del castor roedor"},"content":{"rendered":"<div data-elementor-type=\"wp-page\" data-elementor-id=\"21575\" class=\"elementor elementor-21575\">\n\t\t\t\t\t\t<section class=\"elementor-section elementor-top-section elementor-element elementor-element-21ef908 elementor-section-boxed elementor-section-height-default elementor-section-height-default\" data-id=\"21ef908\" data-element_type=\"section\" data-e-type=\"section\">\n\t\t\t\t\t\t<div class=\"elementor-container elementor-column-gap-default\">\n\t\t\t\t\t<div class=\"elementor-column elementor-col-50 elementor-top-column elementor-element elementor-element-c36aff2\" data-id=\"c36aff2\" data-element_type=\"column\" data-e-type=\"column\">\n\t\t\t<div class=\"elementor-widget-wrap elementor-element-populated\">\n\t\t\t\t\t\t<div class=\"elementor-element elementor-element-c0d7c9c elementor-align-justify elementor-widget elementor-widget-button\" data-id=\"c0d7c9c\" data-element_type=\"widget\" data-e-type=\"widget\" data-widget_type=\"button.default\">\n\t\t\t\t<div class=\"elementor-widget-container\">\n\t\t\t\t\t\t\t\t\t<div class=\"elementor-button-wrapper\">\n\t\t\t\t\t<a class=\"elementor-button elementor-button-link elementor-size-sm\" href=\"https:\/\/mythslegendes.com\/es\/haida-tlingit-tsimshian-mitologia\/\">\n\t\t\t\t\t\t<span class=\"elementor-button-content-wrapper\">\n\t\t\t\t\t\t\t\t\t<span class=\"elementor-button-text\">Mitolog\u00eda Haida-Tlingit-Tsimshian<\/span>\n\t\t\t\t\t<\/span>\n\t\t\t\t\t<\/a>\n\t\t\t\t<\/div>\n\t\t\t\t\t\t\t\t<\/div>\n\t\t\t\t<\/div>\n\t\t\t\t\t<\/div>\n\t\t<\/div>\n\t\t\t\t<div class=\"elementor-column elementor-col-50 elementor-top-column elementor-element elementor-element-945a58e\" data-id=\"945a58e\" data-element_type=\"column\" data-e-type=\"column\">\n\t\t\t<div class=\"elementor-widget-wrap elementor-element-populated\">\n\t\t\t\t\t\t<div class=\"elementor-element elementor-element-3e2d56c elementor-align-justify elementor-widget elementor-widget-button\" data-id=\"3e2d56c\" data-element_type=\"widget\" data-e-type=\"widget\" data-widget_type=\"button.default\">\n\t\t\t\t<div class=\"elementor-widget-container\">\n\t\t\t\t\t\t\t\t\t<div class=\"elementor-button-wrapper\">\n\t\t\t\t\t<a class=\"elementor-button elementor-button-link elementor-size-sm\" href=\"https:\/\/www.firstpeople.us\/FP-Html-Legends\/OriginoftheGnawingBeaver-Haida.html\" target=\"_blank\" rel=\"noopener\">\n\t\t\t\t\t\t<span class=\"elementor-button-content-wrapper\">\n\t\t\t\t\t\t\t\t\t<span class=\"elementor-button-text\">Wiki<\/span>\n\t\t\t\t\t<\/span>\n\t\t\t\t\t<\/a>\n\t\t\t\t<\/div>\n\t\t\t\t\t\t\t\t<\/div>\n\t\t\t\t<\/div>\n\t\t\t\t\t<\/div>\n\t\t<\/div>\n\t\t\t\t\t<\/div>\n\t\t<\/section>\n\t\t\t\t<section class=\"elementor-section elementor-top-section elementor-element elementor-element-4cea5ef elementor-section-boxed elementor-section-height-default elementor-section-height-default\" data-id=\"4cea5ef\" data-element_type=\"section\" data-e-type=\"section\">\n\t\t\t\t\t\t<div class=\"elementor-container elementor-column-gap-default\">\n\t\t\t\t\t<div class=\"elementor-column elementor-col-100 elementor-top-column elementor-element elementor-element-6fc8525\" data-id=\"6fc8525\" data-element_type=\"column\" data-e-type=\"column\">\n\t\t\t<div class=\"elementor-widget-wrap elementor-element-populated\">\n\t\t\t\t\t\t<div class=\"elementor-element elementor-element-423a20c elementor-widget elementor-widget-text-editor\" data-id=\"423a20c\" data-element_type=\"widget\" data-e-type=\"widget\" data-widget_type=\"text-editor.default\">\n\t\t\t\t<div class=\"elementor-widget-container\">\n\t\t\t\t\t\t\t\t\t<p>los\u00a0<strong><a href=\"https:\/\/mythslegendes.com\/es\/haida-tlingit-tsimshian-mitologia\/\">Haida<\/a><\/strong> son un pueblo nativo americano de la costa oeste de Canad\u00e1 y el norte de Estados Unidos, as\u00ed como de una parte sureste de Alaska, a lo largo de la costa del Pac\u00edfico y en el archipi\u00e9lago Haida Gwai en particular. Aqu\u00ed est\u00e1 su historia: El origen del roer <a href=\"https:\/\/mythslegendes.com\/es\/mitologia-dene\/\">Castor<\/a> (en).<\/p><p><img decoding=\"async\" class=\"alignnone wp-image-9347 size-full\" src=\"http:\/\/mythslegendes.com\/wp-content\/uploads\/2020\/09\/cropped-AlphaOmega-e1602613368367.png\" alt=\"Origen del castor roedor\" width=\"25\" height=\"25\" title=\"\"><\/p>\t\t\t\t\t\t\t\t<\/div>\n\t\t\t\t<\/div>\n\t\t\t\t\t<\/div>\n\t\t<\/div>\n\t\t\t\t\t<\/div>\n\t\t<\/section>\n\t\t\t\t<section class=\"elementor-section elementor-top-section elementor-element elementor-element-e1a2f50 elementor-section-boxed elementor-section-height-default elementor-section-height-default\" data-id=\"e1a2f50\" data-element_type=\"section\" data-e-type=\"section\">\n\t\t\t\t\t\t<div class=\"elementor-container elementor-column-gap-default\">\n\t\t\t\t\t<div class=\"elementor-column elementor-col-100 elementor-top-column elementor-element elementor-element-4b6d651\" data-id=\"4b6d651\" data-element_type=\"column\" data-e-type=\"column\">\n\t\t\t<div class=\"elementor-widget-wrap elementor-element-populated\">\n\t\t\t\t\t\t<div class=\"elementor-element elementor-element-a99ba40 elementor-widget elementor-widget-heading\" data-id=\"a99ba40\" data-element_type=\"widget\" data-e-type=\"widget\" data-widget_type=\"heading.default\">\n\t\t\t\t<div class=\"elementor-widget-container\">\n\t\t\t\t\t<div id=\"ez-toc-container\" class=\"ez-toc-v2_0_82_2 counter-hierarchy ez-toc-counter ez-toc-grey ez-toc-container-direction\">\n<div class=\"ez-toc-title-container\">\n<p class=\"ez-toc-title\" style=\"cursor:inherit\">Contenido<\/p>\n<span class=\"ez-toc-title-toggle\"><a href=\"#\" class=\"ez-toc-pull-right ez-toc-btn ez-toc-btn-xs ez-toc-btn-default ez-toc-toggle\" aria-label=\"Alternar tabla de contenidos\"><span class=\"ez-toc-js-icon-con\"><span class=\"\"><span class=\"eztoc-hide\" style=\"display:none;\">Palanca<\/span><span class=\"ez-toc-icon-toggle-span\"><svg style=\"fill: #999;color:#999\" xmlns=\"http:\/\/www.w3.org\/2000\/svg\" class=\"list-377408\" width=\"20px\" height=\"20px\" viewbox=\"0 0 24 24\" fill=\"none\"><path d=\"M6 6H4v2h2V6zm14 0H8v2h12V6zM4 11h2v2H4v-2zm16 0H8v2h12v-2zM4 16h2v2H4v-2zm16 0H8v2h12v-2z\" fill=\"currentColor\"><\/path><\/svg><svg style=\"fill: #999;color:#999\" class=\"arrow-unsorted-368013\" xmlns=\"http:\/\/www.w3.org\/2000\/svg\" width=\"10px\" height=\"10px\" viewbox=\"0 0 24 24\" version=\"1.2\" baseprofile=\"tiny\"><path d=\"M18.2 9.3l-6.2-6.3-6.2 6.3c-.2.2-.3.4-.3.7s.1.5.3.7c.2.2.4.3.7.3h11c.3 0 .5-.1.7-.3.2-.2.3-.5.3-.7s-.1-.5-.3-.7zM5.8 14.7l6.2 6.3 6.2-6.3c.2-.2.3-.5.3-.7s-.1-.5-.3-.7c-.2-.2-.4-.3-.7-.3h-11c-.3 0-.5.1-.7.3-.2.2-.3.5-.3.7s.1.5.3.7z\"\/><\/svg><\/span><\/span><\/span><\/a><\/span><\/div>\n<nav><ul class='ez-toc-list ez-toc-list-level-1' ><li class='ez-toc-page-1 ez-toc-heading-level-2'><a class=\"ez-toc-link ez-toc-heading-1\" href=\"https:\/\/mythslegendes.com\/es\/haida-tlingit-tsimshian-mitologia\/cuento-haida-origen-del-castor-roedor\/#Origin-Of-The-Gnawing-Beaver\" >Origen del castor roedor<\/a><\/li><\/ul><\/nav><\/div>\n<h2 class=\"elementor-heading-title elementor-size-default\"><span class=\"ez-toc-section\" id=\"Origin-Of-The-Gnawing-Beaver\"><\/span>Origen del castor roedor<span class=\"ez-toc-section-end\"><\/span><\/h2>\t\t\t\t<\/div>\n\t\t\t\t<\/div>\n\t\t\t\t\t<\/div>\n\t\t<\/div>\n\t\t\t\t\t<\/div>\n\t\t<\/section>\n\t\t\t\t<section class=\"elementor-section elementor-top-section elementor-element elementor-element-ea44b28 elementor-section-boxed elementor-section-height-default elementor-section-height-default\" data-id=\"ea44b28\" data-element_type=\"section\" data-e-type=\"section\">\n\t\t\t\t\t\t<div class=\"elementor-container elementor-column-gap-default\">\n\t\t\t\t\t<div class=\"elementor-column elementor-col-100 elementor-top-column elementor-element elementor-element-524c7d7\" data-id=\"524c7d7\" data-element_type=\"column\" data-e-type=\"column\">\n\t\t\t<div class=\"elementor-widget-wrap elementor-element-populated\">\n\t\t\t\t\t\t<div class=\"elementor-element elementor-element-21c79d3 elementor-widget elementor-widget-text-editor\" data-id=\"21c79d3\" data-element_type=\"widget\" data-e-type=\"widget\" data-widget_type=\"text-editor.default\">\n\t\t\t\t<div class=\"elementor-widget-container\">\n\t\t\t\t\t\t\t\t\t<p>T\u00e9 <a href=\"https:\/\/mythslegendes.com\/es\/haida-tlingit-tsimshian-mitologia\/\">Haida<\/a> de las islas Queen Charlotte frente a las costas brit\u00e1nicas<br \/>Los colombianos eran grandes cazadores de ballenas y nutrias marinas.<\/p><p>Hab\u00eda un gran cazador entre la gente que viv\u00eda en Larhwiyip el<br \/>el r\u00edo Stikine. Siempre alerta ante la aparici\u00f3n de nuevos territorios,<br \/>irse solo por largos periodos y regresar con cantidades de<br \/>pieles y comida. Hab\u00eda permanecido soltero, aunque era muy rico.<br \/>y su familia le suplic\u00f3 que tomara esposa. Como verdadero cazador, observ\u00f3<br \/>todos los ayunos y la limpieza y se mantuvo alejado de las mujeres.<\/p><p>Un d\u00eda, cuando regresaba de un viaje de caza, dijo: \u201cYo<br \/>Voy a tomar esposa ahora. Despu\u00e9s de eso me mudar\u00e9 a una distancia<br \/>regi\u00f3n donde he o\u00eddo que abundan los animales salvajes. &quot;Entonces el<br \/>se cas\u00f3 con una joven de un pueblo vecino que, como \u00e9l<br \/>Fue inteligente y escrupuloso en el cumplimiento de las reglas. Cuando el tiempo<br \/>vino a buscarlos para ir a sus viajes de caza, ambos guardaron los ayunos<br \/>de purificaci\u00f3n, y el cazador consigui\u00f3 a\u00fan m\u00e1s pieles y comida que antes.<\/p><p>Tiempo despu\u00e9s le dijo a su esposa: \u201cv\u00e1monos a un nuevo pa\u00eds,<br \/>donde tendremos que quedarnos mucho tiempo. \u00bb Despu\u00e9s de muchos d\u00edas de viaje,<br \/>Llegaron a tierra extra\u00f1a. El cazador levant\u00f3 una choza, donde<br \/>vivi\u00f3 mientras constru\u00eda una casa. Cuando lo hubo terminado, \u00e9l y su<br \/>esposa estaba feliz. Jugaban entre ellos todas las noches.<\/p><p>Pronto \u00e9l le dijo: &quot;Me voy a mis nuevos terrenos de caza.<br \/>durante dos d\u00edas y una noche. Volver\u00e9 justo antes de la segunda noche. \u00bb<br \/>En su nuevo territorio hizo trampas en su l\u00ednea de trampa, y cuando estas<br \/>Cuando estaban fijadas, regres\u00f3 a su casa poco antes del atardecer del segundo d\u00eda. Su<br \/>La esposa estaba muy feliz y nuevamente jugaron juntos durante todo el tiempo.<br \/>la noche. Despu\u00e9s de varios d\u00edas, visit\u00f3 sus trampas y las encontr\u00f3.<br \/>lleno de juego. Carg\u00f3 su canoa y regres\u00f3, de nuevo antes de que oscureciera.<br \/>en el segundo d\u00eda. Muy feliz, conoci\u00f3 a su esposa y trabajaron.<br \/>para preparar las pieles y la carne. Cuando terminaron, se puso en camino<br \/>una vez m\u00e1s, diciendo: &quot;Esta vez tengo la intenci\u00f3n de ir en una nueva direcci\u00f3n,<br \/>as\u00ed que estar\u00e9 fuera para dormir tres veces. \u00bb As\u00ed lo hizo y se alegr\u00f3<br \/>en estar nuevamente con su esposa cuando regres\u00f3.<\/p><p>Para entretenerse cuando estaba sola, la mujer bajaba al<br \/>peque\u00f1o arroyo que fluye junto al albergue. Pas\u00f3 la mayor parte del tiempo ba\u00f1\u00e1ndose.<br \/>y nadar en una peque\u00f1a piscina mientras su marido estaba fuera.<br \/>Tan pronto como \u00e9l regresara, ella jugar\u00eda con \u00e9l. No, \u00e9l dijo: &quot;Desde<br \/>Te has acostumbrado a estar solo, me voy a un viaje m\u00e1s largo. \u00bb<br \/>Para entonces hab\u00eda ampliado su casa de caza y estaba llena de pieles y comida.<\/p><p>La mujer volvi\u00f3 a nadar. Pronto encontr\u00f3 al peque\u00f1o<br \/>La piscina era demasiado peque\u00f1a para ella, as\u00ed que construy\u00f3 una presa apilando ramas<br \/>y barro. La piscina se convirti\u00f3 en un lago, lo suficientemente profundo como para que ella pudiera nadar.<br \/>a gusto. Ahora pasaba casi todo el tiempo en el nuevo lago y se sent\u00eda<br \/>bastante feliz. Cuando su marido regres\u00f3, ella le mostr\u00f3 el da\u00f1o que hab\u00eda<br \/>hab\u00eda hecho y estaba contento. Antes de irse una vez m\u00e1s, dijo:<br \/>&quot;Me ir\u00e9 por mucho tiempo, ahora que s\u00e9 que no tienes miedo<br \/>de estar junto. \u00bb<\/p><p>La mujer construy\u00f3 una casita de barro y ramas en el centro<br \/>del lago. Despu\u00e9s de nadar, entraba y descansaba. Por la noche<br \/>regresar\u00eda a la casa de caza en tierra, pero tan pronto como<br \/>Al despertarse por la ma\u00f1ana, bajaba de nuevo al lago.<\/p><p>Finalmente durmi\u00f3 en su caba\u00f1a del lago toda la noche, y cuando<br \/>Cuando su marido regres\u00f3, se sinti\u00f3 inc\u00f3moda qued\u00e1ndose con \u00e9l en la<br \/>casa. Ahora estaba embarazada y era m\u00e1s reservada y prefer\u00eda<br \/>quedarse en su albergue en el lago incluso cuando su marido estaba en casa. Pasar<br \/>En ese momento, ampli\u00f3 el lago construyendo la presa m\u00e1s alta. Ella<br \/>Hizo otra presa r\u00edo abajo, y luego otra, hasta que tuvo un n\u00famero<br \/>de peque\u00f1os lagos todos conectados al grande en el que ten\u00eda su albergue.<\/p><p>El cazador emprendi\u00f3 un \u00faltimo y largo viaje. ya se divirti\u00f3 bastante<br \/>y comida para hacerse muy rico, y plane\u00f3 que lo har\u00edan<br \/>regresar a su pueblo despu\u00e9s de este viaje. La mujer, cuyo hijo<br \/>venc\u00eda cualquier d\u00eda, permanec\u00eda en el agua todo el tiempo y viv\u00eda completamente<br \/>en la logia. Compre ahora estaba parcialmente sumergido y su entrada.<br \/>estaba bajo el agua.<\/p><p>Cuando el cazador regres\u00f3 esta vez, no pudo encontrar a su esposa.<br \/>Mir\u00f3 por todas partes, buscando en el bosque d\u00eda tras d\u00eda sin descubrir<br \/>un rastro de ella. Estaba perdido y no estaba dispuesto a volver con su gente.<br \/>sin saber su destino, por temor a que su familia quiera<br \/>M\u00e1talo. Todas las noches regresaba tristemente a su casa de caza y<br \/>cada ma\u00f1ana resume la b\u00fasqueda.<\/p><p>Una tarde, al anochecer, record\u00f3 que su esposa hab\u00eda pasado mucho<br \/>de su tiempo en el agua. &quot;Tal vez ella viaj\u00f3 r\u00edo abajo&quot;,<br \/>el pens\u00f3. Al d\u00eda siguiente camin\u00f3 hasta el lago que su esposa<br \/>La hab\u00eda maldecido y la rode\u00f3, pero no vio nada de ella.<\/p><p>Despu\u00e9s de muchos d\u00edas de b\u00fasqueda, el cazador volvi\u00f3 sobre sus pasos. Cuando<br \/>Lleg\u00f3 al gran lago, se sent\u00f3 y comenz\u00f3 a cantar un canto f\u00fanebre.<br \/>Ahora sab\u00eda que algo le hab\u00eda pasado a su esposa; ella hab\u00eda sido<br \/>tomado por un poder sobrenatural. Mientras cantaba y lloraba su<br \/>canto f\u00fanebre, una figura emergi\u00f3 del lago. Era un animal extra\u00f1o<br \/>en la boca un palo que ro\u00eda. A cada lado del animal<br \/>Hab\u00eda dos m\u00e1s peque\u00f1os, tambi\u00e9n royendo palos.<\/p><p>Luego la figura m\u00e1s grande, que llevaba un sombrero con forma de<br \/>palo, habl\u00f3. &quot;\u00a1No est\u00e9s tan triste!&quot; Soy yo, tu esposa y tu<br \/>dos ni\u00f1os. Hemos regresado a nuestra casa en el agua. Ahora eso<br \/>me has visto, me usar\u00e1s como cresta. Ll\u00e1mame la Mujer-Castor,<br \/>y la cresta Restos-de-palo-masticador. Los ni\u00f1os son primero.<br \/>Beaver, y en tu direcci\u00f3n te referir\u00e1s a ellos como la Descendencia.<br \/>de Mujer-Castor. \u00bb<\/p><p>Despu\u00e9s de haber hablado, desapareci\u00f3 en las aguas, y el<br \/>Hunter no la vio m\u00e1s. Inmediatamente empac\u00f3 sus mercanc\u00edas, y cuando su<br \/>Se llen\u00f3 la canoa y viaj\u00f3 r\u00edo abajo hasta su pueblo.<\/p><p>Durante mucho tiempo no habl\u00f3 con su pueblo. Luego les dijo<br \/>lo que hab\u00eda sucedido y dijo: &quot;Tomar\u00e9 esto como mi decisi\u00f3n personal&quot;.<br \/>cresta. Se conocer\u00e1 como \u201cRestos-de-palo-masticador, y<br \/>permanecer\u00e1n para siempre propiedad de nuestro clan, la familia de los Devoradores de Salm\u00f3n. \u00bb<br \/>Este es el origen de la cresta del castor y de los restos de palo para masticar.<\/p>\t\t\t\t\t\t\t\t<\/div>\n\t\t\t\t<\/div>\n\t\t\t\t\t<\/div>\n\t\t<\/div>\n\t\t\t\t\t<\/div>\n\t\t<\/section>\n\t\t\t\t<\/div>","protected":false},"excerpt":{"rendered":"<p>Haida-Tlingit-Tsimshian Mythology Wiki Los Haida son un pueblo nativo americano de la costa oeste de Canad\u00e1 y el norte de los Estados Unidos, como \u2026 <\/p>","protected":false},"author":1,"featured_media":0,"parent":4275,"menu_order":0,"comment_status":"closed","ping_status":"closed","template":"","meta":{"footnotes":""},"class_list":["post-21575","page","type-page","status-publish","hentry"],"amp_enabled":true,"_links":{"self":[{"href":"https:\/\/mythslegendes.com\/es\/wp-json\/wp\/v2\/pages\/21575","targetHints":{"allow":["GET"]}}],"collection":[{"href":"https:\/\/mythslegendes.com\/es\/wp-json\/wp\/v2\/pages"}],"about":[{"href":"https:\/\/mythslegendes.com\/es\/wp-json\/wp\/v2\/types\/page"}],"author":[{"embeddable":true,"href":"https:\/\/mythslegendes.com\/es\/wp-json\/wp\/v2\/users\/1"}],"replies":[{"embeddable":true,"href":"https:\/\/mythslegendes.com\/es\/wp-json\/wp\/v2\/comments?post=21575"}],"version-history":[{"count":3,"href":"https:\/\/mythslegendes.com\/es\/wp-json\/wp\/v2\/pages\/21575\/revisions"}],"predecessor-version":[{"id":21590,"href":"https:\/\/mythslegendes.com\/es\/wp-json\/wp\/v2\/pages\/21575\/revisions\/21590"}],"up":[{"embeddable":true,"href":"https:\/\/mythslegendes.com\/es\/wp-json\/wp\/v2\/pages\/4275"}],"wp:attachment":[{"href":"https:\/\/mythslegendes.com\/es\/wp-json\/wp\/v2\/media?parent=21575"}],"curies":[{"name":"wp","href":"https:\/\/api.w.org\/{rel}","templated":true}]}}