{"id":21580,"date":"2022-08-01T07:11:03","date_gmt":"2022-08-01T07:11:03","guid":{"rendered":"https:\/\/mythslegendes.com\/?page_id=21580"},"modified":"2022-08-01T07:13:24","modified_gmt":"2022-08-01T07:13:24","slug":"conte-haida-salmon-boy","status":"publish","type":"page","link":"https:\/\/mythslegendes.com\/es\/haida-tlingit-tsimshian-mitologia\/cuento-haida-salmon-boy\/","title":{"rendered":"Historia de Haida: Salmon Boy"},"content":{"rendered":"<div data-elementor-type=\"wp-page\" data-elementor-id=\"21580\" class=\"elementor elementor-21580\">\n\t\t\t\t\t\t<section class=\"elementor-section elementor-top-section elementor-element elementor-element-4c38336 elementor-section-boxed elementor-section-height-default elementor-section-height-default\" data-id=\"4c38336\" data-element_type=\"section\" data-e-type=\"section\">\n\t\t\t\t\t\t<div class=\"elementor-container elementor-column-gap-default\">\n\t\t\t\t\t<div class=\"elementor-column elementor-col-50 elementor-top-column elementor-element elementor-element-c3c6627\" data-id=\"c3c6627\" data-element_type=\"column\" data-e-type=\"column\">\n\t\t\t<div class=\"elementor-widget-wrap elementor-element-populated\">\n\t\t\t\t\t\t<div class=\"elementor-element elementor-element-bfc877d elementor-align-justify elementor-widget elementor-widget-button\" data-id=\"bfc877d\" data-element_type=\"widget\" data-e-type=\"widget\" data-widget_type=\"button.default\">\n\t\t\t\t<div class=\"elementor-widget-container\">\n\t\t\t\t\t\t\t\t\t<div class=\"elementor-button-wrapper\">\n\t\t\t\t\t<a class=\"elementor-button elementor-button-link elementor-size-sm\" href=\"https:\/\/mythslegendes.com\/es\/haida-tlingit-tsimshian-mitologia\/\">\n\t\t\t\t\t\t<span class=\"elementor-button-content-wrapper\">\n\t\t\t\t\t\t\t\t\t<span class=\"elementor-button-text\">Mitolog\u00eda Haida-Tlingit-Tsimshian<\/span>\n\t\t\t\t\t<\/span>\n\t\t\t\t\t<\/a>\n\t\t\t\t<\/div>\n\t\t\t\t\t\t\t\t<\/div>\n\t\t\t\t<\/div>\n\t\t\t\t\t<\/div>\n\t\t<\/div>\n\t\t\t\t<div class=\"elementor-column elementor-col-50 elementor-top-column elementor-element elementor-element-b911f86\" data-id=\"b911f86\" data-element_type=\"column\" data-e-type=\"column\">\n\t\t\t<div class=\"elementor-widget-wrap elementor-element-populated\">\n\t\t\t\t\t\t<div class=\"elementor-element elementor-element-f9d82e8 elementor-align-justify elementor-widget elementor-widget-button\" data-id=\"f9d82e8\" data-element_type=\"widget\" data-e-type=\"widget\" data-widget_type=\"button.default\">\n\t\t\t\t<div class=\"elementor-widget-container\">\n\t\t\t\t\t\t\t\t\t<div class=\"elementor-button-wrapper\">\n\t\t\t\t\t<a class=\"elementor-button elementor-button-link elementor-size-sm\" href=\"https:\/\/www.firstpeople.us\/FP-Html-Legends\/SalmonBoy-Haida.html\" target=\"_blank\" rel=\"noopener\">\n\t\t\t\t\t\t<span class=\"elementor-button-content-wrapper\">\n\t\t\t\t\t\t\t\t\t<span class=\"elementor-button-text\">Wiki<\/span>\n\t\t\t\t\t<\/span>\n\t\t\t\t\t<\/a>\n\t\t\t\t<\/div>\n\t\t\t\t\t\t\t\t<\/div>\n\t\t\t\t<\/div>\n\t\t\t\t\t<\/div>\n\t\t<\/div>\n\t\t\t\t\t<\/div>\n\t\t<\/section>\n\t\t\t\t<section class=\"elementor-section elementor-top-section elementor-element elementor-element-ef948c1 elementor-section-boxed elementor-section-height-default elementor-section-height-default\" data-id=\"ef948c1\" data-element_type=\"section\" data-e-type=\"section\">\n\t\t\t\t\t\t<div class=\"elementor-container elementor-column-gap-default\">\n\t\t\t\t\t<div class=\"elementor-column elementor-col-100 elementor-top-column elementor-element elementor-element-87d2d6e\" data-id=\"87d2d6e\" data-element_type=\"column\" data-e-type=\"column\">\n\t\t\t<div class=\"elementor-widget-wrap elementor-element-populated\">\n\t\t\t\t\t\t<div class=\"elementor-element elementor-element-1b45b8e elementor-widget elementor-widget-text-editor\" data-id=\"1b45b8e\" data-element_type=\"widget\" data-e-type=\"widget\" data-widget_type=\"text-editor.default\">\n\t\t\t\t<div class=\"elementor-widget-container\">\n\t\t\t\t\t\t\t\t\t<p>los\u00a0<strong><a href=\"https:\/\/mythslegendes.com\/es\/haida-tlingit-tsimshian-mitologia\/\">Haida<\/a><\/strong> son un pueblo nativo americano de la costa oeste de Canad\u00e1 y el norte de los Estados Unidos, as\u00ed como una parte del sureste de Alaska, a lo largo de la costa del Pac\u00edfico, y en particular en el archipi\u00e9lago Haida Gwaii. Aqu\u00ed est\u00e1 su historia: Salmon Boy.<\/p><p><img decoding=\"async\" class=\"alignnone wp-image-9347 size-full\" src=\"http:\/\/mythslegendes.com\/wp-content\/uploads\/2020\/09\/cropped-AlphaOmega-e1602613368367.png\" alt=\"Chico salm\u00f3n\" width=\"25\" height=\"25\" title=\"\"><\/p>\t\t\t\t\t\t\t\t<\/div>\n\t\t\t\t<\/div>\n\t\t\t\t\t<\/div>\n\t\t<\/div>\n\t\t\t\t\t<\/div>\n\t\t<\/section>\n\t\t\t\t<section class=\"elementor-section elementor-top-section elementor-element elementor-element-287f642 elementor-section-boxed elementor-section-height-default elementor-section-height-default\" data-id=\"287f642\" data-element_type=\"section\" data-e-type=\"section\">\n\t\t\t\t\t\t<div class=\"elementor-container elementor-column-gap-default\">\n\t\t\t\t\t<div class=\"elementor-column elementor-col-100 elementor-top-column elementor-element elementor-element-a6d3535\" data-id=\"a6d3535\" data-element_type=\"column\" data-e-type=\"column\">\n\t\t\t<div class=\"elementor-widget-wrap elementor-element-populated\">\n\t\t\t\t\t\t<div class=\"elementor-element elementor-element-3bf7696 elementor-widget elementor-widget-heading\" data-id=\"3bf7696\" data-element_type=\"widget\" data-e-type=\"widget\" data-widget_type=\"heading.default\">\n\t\t\t\t<div class=\"elementor-widget-container\">\n\t\t\t\t\t<div id=\"ez-toc-container\" class=\"ez-toc-v2_0_82_2 counter-hierarchy ez-toc-counter ez-toc-grey ez-toc-container-direction\">\n<div class=\"ez-toc-title-container\">\n<p class=\"ez-toc-title\" style=\"cursor:inherit\">Contenido<\/p>\n<span class=\"ez-toc-title-toggle\"><a href=\"#\" class=\"ez-toc-pull-right ez-toc-btn ez-toc-btn-xs ez-toc-btn-default ez-toc-toggle\" aria-label=\"Alternar tabla de contenidos\"><span class=\"ez-toc-js-icon-con\"><span class=\"\"><span class=\"eztoc-hide\" style=\"display:none;\">Palanca<\/span><span class=\"ez-toc-icon-toggle-span\"><svg style=\"fill: #999;color:#999\" xmlns=\"http:\/\/www.w3.org\/2000\/svg\" class=\"list-377408\" width=\"20px\" height=\"20px\" viewbox=\"0 0 24 24\" fill=\"none\"><path d=\"M6 6H4v2h2V6zm14 0H8v2h12V6zM4 11h2v2H4v-2zm16 0H8v2h12v-2zM4 16h2v2H4v-2zm16 0H8v2h12v-2z\" fill=\"currentColor\"><\/path><\/svg><svg style=\"fill: #999;color:#999\" class=\"arrow-unsorted-368013\" xmlns=\"http:\/\/www.w3.org\/2000\/svg\" width=\"10px\" height=\"10px\" viewbox=\"0 0 24 24\" version=\"1.2\" baseprofile=\"tiny\"><path d=\"M18.2 9.3l-6.2-6.3-6.2 6.3c-.2.2-.3.4-.3.7s.1.5.3.7c.2.2.4.3.7.3h11c.3 0 .5-.1.7-.3.2-.2.3-.5.3-.7s-.1-.5-.3-.7zM5.8 14.7l6.2 6.3 6.2-6.3c.2-.2.3-.5.3-.7s-.1-.5-.3-.7c-.2-.2-.4-.3-.7-.3h-11c-.3 0-.5.1-.7.3-.2.2-.3.5-.3.7s.1.5.3.7z\"\/><\/svg><\/span><\/span><\/span><\/a><\/span><\/div>\n<nav><ul class='ez-toc-list ez-toc-list-level-1' ><li class='ez-toc-page-1 ez-toc-heading-level-2'><a class=\"ez-toc-link ez-toc-heading-1\" href=\"https:\/\/mythslegendes.com\/es\/haida-tlingit-tsimshian-mitologia\/cuento-haida-salmon-boy\/#Salmon-Boy\" >Chico salm\u00f3n<\/a><\/li><\/ul><\/nav><\/div>\n<h2 class=\"elementor-heading-title elementor-size-default\"><span class=\"ez-toc-section\" id=\"Salmon-Boy\"><\/span>Chico salm\u00f3n<span class=\"ez-toc-section-end\"><\/span><\/h2>\t\t\t\t<\/div>\n\t\t\t\t<\/div>\n\t\t\t\t\t<\/div>\n\t\t<\/div>\n\t\t\t\t\t<\/div>\n\t\t<\/section>\n\t\t\t\t<section class=\"elementor-section elementor-top-section elementor-element elementor-element-188f316 elementor-section-boxed elementor-section-height-default elementor-section-height-default\" data-id=\"188f316\" data-element_type=\"section\" data-e-type=\"section\">\n\t\t\t\t\t\t<div class=\"elementor-container elementor-column-gap-default\">\n\t\t\t\t\t<div class=\"elementor-column elementor-col-100 elementor-top-column elementor-element elementor-element-c6ea7a9\" data-id=\"c6ea7a9\" data-element_type=\"column\" data-e-type=\"column\">\n\t\t\t<div class=\"elementor-widget-wrap elementor-element-populated\">\n\t\t\t\t\t\t<div class=\"elementor-element elementor-element-1abc178 elementor-widget elementor-widget-text-editor\" data-id=\"1abc178\" data-element_type=\"widget\" data-e-type=\"widget\" data-widget_type=\"text-editor.default\">\n\t\t\t\t<div class=\"elementor-widget-container\">\n\t\t\t\t\t\t\t\t\t<p>Hace mucho tiempo, entre los <a href=\"https:\/\/mythslegendes.com\/es\/haida-tlingit-tsimshian-mitologia\/\">Haida<\/a> gente, hab\u00eda un chico que no mostraba ning\u00fan respeto por el salm\u00f3n. Aunque el salm\u00f3n significaba vida para la gente, no era respetuoso con el que su gente llamaba Nadador. Sus padres le dijeron que mostrara gratitud y se comportara correctamente, pero \u00e9l no escuch\u00f3. Cuando pescaba, pisaba los cuerpos de los salmones que capturaba y despu\u00e9s de comer descuidadamente arrojaba las espinas de los peces a los arbustos. Otros le advirtieron que a los esp\u00edritus de los salmones no les agradaba tan mal comportamiento, pero \u00e9l no los escuch\u00f3.<\/p>\n<p>Un d\u00eda, su madre le sirvi\u00f3 una comida de salm\u00f3n. Lo mir\u00f3 con disgusto. &quot;Esto est\u00e1 mohoso&quot;, dijo, aunque la carne estaba buena. Lo tir\u00f3 al suelo. Luego baj\u00f3 al r\u00edo a nadar con los otros ni\u00f1os. Sin embargo, mientras nadaba, una corriente lo atrap\u00f3 y lo alej\u00f3 de los dem\u00e1s. Lo arrastr\u00f3 hacia las aguas m\u00e1s profundas y no pod\u00eda nadar lo suficientemente fuerte como para escapar. Se hundi\u00f3 en el r\u00edo y se ahog\u00f3.<\/p>\n<p>All\u00ed, en lo profundo del r\u00edo, la Gente Salm\u00f3n se lo llev\u00f3 con ellos. Regresaban al oc\u00e9ano sin usar sus cuerpos. Hab\u00edan dejado sus cuerpos atr\u00e1s para que los humanos y los animales los usaran como alimento. El chico se fue con ellos, por ahora, pertenec\u00eda a los salmones.<\/p>\n<p>Cuando llegaron a su hogar, en el oc\u00e9ano, parec\u00edan seres humanos. Su aldea all\u00ed en el oc\u00e9ano se parec\u00eda mucho a su propia casa y pod\u00eda o\u00edr el sonido de los ni\u00f1os jugando en el arroyo que flu\u00eda detr\u00e1s de la aldea. Ahora la Gente Salm\u00f3n comenz\u00f3 a ense\u00f1arle al ni\u00f1o. Ten\u00eda hambre y le dijeron que fuera al arroyo y atrapara a uno de sus hijos, que eran salmones que nadaban en el arroyo. Sin embargo, le dijeron que deb\u00eda ser respetuoso y despu\u00e9s de comer devolver al agua todos los huesos y todo lo que no pretend\u00eda comer. Entonces, le dijeron, los ni\u00f1os podr\u00edan volver a la vida. Pero, si no devolv\u00eda los huesos, al agua, el ni\u00f1o salm\u00f3n no volver\u00eda.<\/p>\n<p>Hizo lo que le dijo, pero un d\u00eda despu\u00e9s de haber comido, cuando lleg\u00f3 la hora de que los ni\u00f1os subieran al pueblo, desde el arroyo, escuch\u00f3 a uno de ellos llorar. Fue a ver qu\u00e9 le pasaba. El ni\u00f1o cojeaba porque le faltaba uno de sus pies. Entonces, el ni\u00f1o se dio cuenta de que no hab\u00eda arrojado todas las aletas al arroyo. r\u00e1pidamente encontr\u00f3 la \u00fanica aleta que le faltaba, la arroj\u00f3 y el ni\u00f1o se cur\u00f3.<\/p>\n<p>Despu\u00e9s de haber pasado el invierno con el Pueblo Salm\u00f3n, lleg\u00f3 de nuevo la primavera y el tiempo para que regresaran a los r\u00edos. El chico nad\u00f3 con ellos, porque ahora pertenec\u00eda al Pueblo Salm\u00f3n. Cuando nadaron m\u00e1s all\u00e1 de su antiguo pueblo, su propia madre lo atrap\u00f3 en su red. Cuando lo sac\u00f3 del agua, a pesar de que ten\u00eda la forma de un salm\u00f3n, vio el collar de cobre que llevaba puesto. Era el mismo collar que le hab\u00eda dado a su hijo.<\/p>\n<p>Carg\u00f3 a Salmon Boy cuidadosamente de vuelta a casa. Ella le habl\u00f3 y lo abraz\u00f3 y poco a poco comenz\u00f3 a mudar su piel de salm\u00f3n; Primero, su cabeza emergi\u00f3. Luego, despu\u00e9s de ocho d\u00edas, se despoj\u00f3 de toda la piel y volvi\u00f3 a ser humano.<\/p>\n<p>Salmon Boy le ense\u00f1\u00f3 a la gente todas las cosas que hab\u00eda aprendido. Ahora era un sanador y los ayud\u00f3 cuando estaban enfermos.<\/p>\n<p>&quot;No puedo quedarme contigo mucho tiempo&quot;, dijo, &quot;debes recordar lo que te ense\u00f1o&quot;.<\/p>\n<p>Permaneci\u00f3 con la gente hasta que lleg\u00f3 el momento en que el viejo salm\u00f3n que hab\u00eda ido r\u00edo arriba y no hab\u00eda sido atrapado por los humanos ni por los animales, volvi\u00f3 a la deriva hacia el r\u00edo. Mientras Salmon Boy estaba de pie junto al agua, vio un enorme salm\u00f3n viejo flotando hacia \u00e9l. Estaba tan desgastado por su viaje que pod\u00eda ver a trav\u00e9s de sus costados. Lo reconoci\u00f3 como su propia alma y clav\u00f3 su lanza en \u00e9l. Tan pronto como lo hizo, muri\u00f3.<\/p>\n<p>Entonces la gente del pueblo hizo lo que \u00e9l les dijo que hicieran. Tiraron su cuerpo al r\u00edo. Dio cuatro vueltas y luego se hundi\u00f3, regresando a su hogar en el oc\u00e9ano, de regreso a Salmon People.<\/p>\t\t\t\t\t\t\t\t<\/div>\n\t\t\t\t<\/div>\n\t\t\t\t\t<\/div>\n\t\t<\/div>\n\t\t\t\t\t<\/div>\n\t\t<\/section>\n\t\t\t\t<\/div>","protected":false},"excerpt":{"rendered":"<p>Haida-Tlingit-Tsimshian Mythology Wiki Los Haida son un pueblo nativo americano de la costa oeste de Canad\u00e1 y el norte de los Estados Unidos, como \u2026 <\/p>","protected":false},"author":1,"featured_media":0,"parent":4275,"menu_order":0,"comment_status":"closed","ping_status":"closed","template":"","meta":{"footnotes":""},"class_list":["post-21580","page","type-page","status-publish","hentry"],"amp_enabled":true,"_links":{"self":[{"href":"https:\/\/mythslegendes.com\/es\/wp-json\/wp\/v2\/pages\/21580","targetHints":{"allow":["GET"]}}],"collection":[{"href":"https:\/\/mythslegendes.com\/es\/wp-json\/wp\/v2\/pages"}],"about":[{"href":"https:\/\/mythslegendes.com\/es\/wp-json\/wp\/v2\/types\/page"}],"author":[{"embeddable":true,"href":"https:\/\/mythslegendes.com\/es\/wp-json\/wp\/v2\/users\/1"}],"replies":[{"embeddable":true,"href":"https:\/\/mythslegendes.com\/es\/wp-json\/wp\/v2\/comments?post=21580"}],"version-history":[{"count":3,"href":"https:\/\/mythslegendes.com\/es\/wp-json\/wp\/v2\/pages\/21580\/revisions"}],"predecessor-version":[{"id":21587,"href":"https:\/\/mythslegendes.com\/es\/wp-json\/wp\/v2\/pages\/21580\/revisions\/21587"}],"up":[{"embeddable":true,"href":"https:\/\/mythslegendes.com\/es\/wp-json\/wp\/v2\/pages\/4275"}],"wp:attachment":[{"href":"https:\/\/mythslegendes.com\/es\/wp-json\/wp\/v2\/media?parent=21580"}],"curies":[{"name":"wp","href":"https:\/\/api.w.org\/{rel}","templated":true}]}}