{"id":21594,"date":"2022-08-01T07:18:13","date_gmt":"2022-08-01T07:18:13","guid":{"rendered":"https:\/\/mythslegendes.com\/?page_id=21594"},"modified":"2022-08-01T07:21:10","modified_gmt":"2022-08-01T07:21:10","slug":"conte-haida-the-bear-and-his-indian-wife","status":"publish","type":"page","link":"https:\/\/mythslegendes.com\/es\/haida-tlingit-tsimshian-mitologia\/cuento-haida-el-oso-y-su-esposa-india\/","title":{"rendered":"Cuento de Haida: el oso y su esposa india"},"content":{"rendered":"<div data-elementor-type=\"wp-page\" data-elementor-id=\"21594\" class=\"elementor elementor-21594\">\n\t\t\t\t\t\t<section class=\"elementor-section elementor-top-section elementor-element elementor-element-712ac6c elementor-section-boxed elementor-section-height-default elementor-section-height-default\" data-id=\"712ac6c\" data-element_type=\"section\" data-e-type=\"section\">\n\t\t\t\t\t\t<div class=\"elementor-container elementor-column-gap-default\">\n\t\t\t\t\t<div class=\"elementor-column elementor-col-50 elementor-top-column elementor-element elementor-element-5ee9b92\" data-id=\"5ee9b92\" data-element_type=\"column\" data-e-type=\"column\">\n\t\t\t<div class=\"elementor-widget-wrap elementor-element-populated\">\n\t\t\t\t\t\t<div class=\"elementor-element elementor-element-81e3f90 elementor-align-justify elementor-widget elementor-widget-button\" data-id=\"81e3f90\" data-element_type=\"widget\" data-e-type=\"widget\" data-widget_type=\"button.default\">\n\t\t\t\t<div class=\"elementor-widget-container\">\n\t\t\t\t\t\t\t\t\t<div class=\"elementor-button-wrapper\">\n\t\t\t\t\t<a class=\"elementor-button elementor-button-link elementor-size-sm\" href=\"https:\/\/mythslegendes.com\/es\/haida-tlingit-tsimshian-mitologia\/\">\n\t\t\t\t\t\t<span class=\"elementor-button-content-wrapper\">\n\t\t\t\t\t\t\t\t\t<span class=\"elementor-button-text\">Mitolog\u00eda Haida-Tlingit-Tsimshian<\/span>\n\t\t\t\t\t<\/span>\n\t\t\t\t\t<\/a>\n\t\t\t\t<\/div>\n\t\t\t\t\t\t\t\t<\/div>\n\t\t\t\t<\/div>\n\t\t\t\t\t<\/div>\n\t\t<\/div>\n\t\t\t\t<div class=\"elementor-column elementor-col-50 elementor-top-column elementor-element elementor-element-677c4a9\" data-id=\"677c4a9\" data-element_type=\"column\" data-e-type=\"column\">\n\t\t\t<div class=\"elementor-widget-wrap elementor-element-populated\">\n\t\t\t\t\t\t<div class=\"elementor-element elementor-element-036eb70 elementor-align-justify elementor-widget elementor-widget-button\" data-id=\"036eb70\" data-element_type=\"widget\" data-e-type=\"widget\" data-widget_type=\"button.default\">\n\t\t\t\t<div class=\"elementor-widget-container\">\n\t\t\t\t\t\t\t\t\t<div class=\"elementor-button-wrapper\">\n\t\t\t\t\t<a class=\"elementor-button elementor-button-link elementor-size-sm\" href=\"https:\/\/www.firstpeople.us\/FP-Html-Legends\/TheBearAndHisIndianWife-Haida.html\" target=\"_blank\" rel=\"noopener\">\n\t\t\t\t\t\t<span class=\"elementor-button-content-wrapper\">\n\t\t\t\t\t\t\t\t\t<span class=\"elementor-button-text\">Wiki<\/span>\n\t\t\t\t\t<\/span>\n\t\t\t\t\t<\/a>\n\t\t\t\t<\/div>\n\t\t\t\t\t\t\t\t<\/div>\n\t\t\t\t<\/div>\n\t\t\t\t\t<\/div>\n\t\t<\/div>\n\t\t\t\t\t<\/div>\n\t\t<\/section>\n\t\t\t\t<section class=\"elementor-section elementor-top-section elementor-element elementor-element-2e0b43c elementor-section-boxed elementor-section-height-default elementor-section-height-default\" data-id=\"2e0b43c\" data-element_type=\"section\" data-e-type=\"section\">\n\t\t\t\t\t\t<div class=\"elementor-container elementor-column-gap-default\">\n\t\t\t\t\t<div class=\"elementor-column elementor-col-100 elementor-top-column elementor-element elementor-element-18e3b1f\" data-id=\"18e3b1f\" data-element_type=\"column\" data-e-type=\"column\">\n\t\t\t<div class=\"elementor-widget-wrap elementor-element-populated\">\n\t\t\t\t\t\t<div class=\"elementor-element elementor-element-18ec9e5 elementor-widget elementor-widget-text-editor\" data-id=\"18ec9e5\" data-element_type=\"widget\" data-e-type=\"widget\" data-widget_type=\"text-editor.default\">\n\t\t\t\t<div class=\"elementor-widget-container\">\n\t\t\t\t\t\t\t\t\t<p>los\u00a0<strong><a href=\"https:\/\/mythslegendes.com\/es\/haida-tlingit-tsimshian-mitologia\/\">Haida<\/a><\/strong> son un pueblo nativo americano de la costa oeste de Canad\u00e1 y el norte de los Estados Unidos, as\u00ed como una parte del sureste de Alaska, a lo largo de la costa del Pac\u00edfico, y en particular en el archipi\u00e9lago Haida Gwaii. Aqu\u00ed est\u00e1 su cuento: El oso y su esposa india.<\/p><p><img decoding=\"async\" class=\"alignnone wp-image-9347 size-full\" src=\"http:\/\/mythslegendes.com\/wp-content\/uploads\/2020\/09\/cropped-AlphaOmega-e1602613368367.png\" alt=\"El oso y su esposa india\" width=\"25\" height=\"25\" title=\"\"><\/p>\t\t\t\t\t\t\t\t<\/div>\n\t\t\t\t<\/div>\n\t\t\t\t\t<\/div>\n\t\t<\/div>\n\t\t\t\t\t<\/div>\n\t\t<\/section>\n\t\t\t\t<section class=\"elementor-section elementor-top-section elementor-element elementor-element-bc7a866 elementor-section-boxed elementor-section-height-default elementor-section-height-default\" data-id=\"bc7a866\" data-element_type=\"section\" data-e-type=\"section\">\n\t\t\t\t\t\t<div class=\"elementor-container elementor-column-gap-default\">\n\t\t\t\t\t<div class=\"elementor-column elementor-col-100 elementor-top-column elementor-element elementor-element-b53df93\" data-id=\"b53df93\" data-element_type=\"column\" data-e-type=\"column\">\n\t\t\t<div class=\"elementor-widget-wrap elementor-element-populated\">\n\t\t\t\t\t\t<div class=\"elementor-element elementor-element-4c5b448 elementor-widget elementor-widget-heading\" data-id=\"4c5b448\" data-element_type=\"widget\" data-e-type=\"widget\" data-widget_type=\"heading.default\">\n\t\t\t\t<div class=\"elementor-widget-container\">\n\t\t\t\t\t<div id=\"ez-toc-container\" class=\"ez-toc-v2_0_82_2 counter-hierarchy ez-toc-counter ez-toc-grey ez-toc-container-direction\">\n<div class=\"ez-toc-title-container\">\n<p class=\"ez-toc-title\" style=\"cursor:inherit\">Contenido<\/p>\n<span class=\"ez-toc-title-toggle\"><a href=\"#\" class=\"ez-toc-pull-right ez-toc-btn ez-toc-btn-xs ez-toc-btn-default ez-toc-toggle\" aria-label=\"Alternar tabla de contenidos\"><span class=\"ez-toc-js-icon-con\"><span class=\"\"><span class=\"eztoc-hide\" style=\"display:none;\">Palanca<\/span><span class=\"ez-toc-icon-toggle-span\"><svg style=\"fill: #999;color:#999\" xmlns=\"http:\/\/www.w3.org\/2000\/svg\" class=\"list-377408\" width=\"20px\" height=\"20px\" viewbox=\"0 0 24 24\" fill=\"none\"><path d=\"M6 6H4v2h2V6zm14 0H8v2h12V6zM4 11h2v2H4v-2zm16 0H8v2h12v-2zM4 16h2v2H4v-2zm16 0H8v2h12v-2z\" fill=\"currentColor\"><\/path><\/svg><svg style=\"fill: #999;color:#999\" class=\"arrow-unsorted-368013\" xmlns=\"http:\/\/www.w3.org\/2000\/svg\" width=\"10px\" height=\"10px\" viewbox=\"0 0 24 24\" version=\"1.2\" baseprofile=\"tiny\"><path d=\"M18.2 9.3l-6.2-6.3-6.2 6.3c-.2.2-.3.4-.3.7s.1.5.3.7c.2.2.4.3.7.3h11c.3 0 .5-.1.7-.3.2-.2.3-.5.3-.7s-.1-.5-.3-.7zM5.8 14.7l6.2 6.3 6.2-6.3c.2-.2.3-.5.3-.7s-.1-.5-.3-.7c-.2-.2-.4-.3-.7-.3h-11c-.3 0-.5.1-.7.3-.2.2-.3.5-.3.7s.1.5.3.7z\"\/><\/svg><\/span><\/span><\/span><\/a><\/span><\/div>\n<nav><ul class='ez-toc-list ez-toc-list-level-1' ><li class='ez-toc-page-1 ez-toc-heading-level-2'><a class=\"ez-toc-link ez-toc-heading-1\" href=\"https:\/\/mythslegendes.com\/es\/haida-tlingit-tsimshian-mitologia\/cuento-haida-el-oso-y-su-esposa-india\/#The-Bear-And-His-Indian-Wife\" >El oso y su esposa india<\/a><\/li><\/ul><\/nav><\/div>\n<h2 class=\"elementor-heading-title elementor-size-default\"><span class=\"ez-toc-section\" id=\"The-Bear-And-His-Indian-Wife\"><\/span>El oso y su esposa india<span class=\"ez-toc-section-end\"><\/span><\/h2>\t\t\t\t<\/div>\n\t\t\t\t<\/div>\n\t\t\t\t\t<\/div>\n\t\t<\/div>\n\t\t\t\t\t<\/div>\n\t\t<\/section>\n\t\t\t\t<section class=\"elementor-section elementor-top-section elementor-element elementor-element-870fdee elementor-section-boxed elementor-section-height-default elementor-section-height-default\" data-id=\"870fdee\" data-element_type=\"section\" data-e-type=\"section\">\n\t\t\t\t\t\t<div class=\"elementor-container elementor-column-gap-default\">\n\t\t\t\t\t<div class=\"elementor-column elementor-col-100 elementor-top-column elementor-element elementor-element-6341eab\" data-id=\"6341eab\" data-element_type=\"column\" data-e-type=\"column\">\n\t\t\t<div class=\"elementor-widget-wrap elementor-element-populated\">\n\t\t\t\t\t\t<div class=\"elementor-element elementor-element-8a8968d elementor-widget elementor-widget-text-editor\" data-id=\"8a8968d\" data-element_type=\"widget\" data-e-type=\"widget\" data-widget_type=\"text-editor.default\">\n\t\t\t\t<div class=\"elementor-widget-container\">\n\t\t\t\t\t\t\t\t\t<p>Esta historia de los Haidas de la isla Queen Charlotte, Columbia Brit\u00e1nica, fue contada en 1873 por un <a href=\"https:\/\/mythslegendes.com\/es\/haida-tlingit-tsimshian-mitologia\/\">Haida<\/a> llamado Yak Quahu, quien lo escuch\u00f3 relatado alrededor de los fuegos de la tarde por los ancianos de su tribu.<\/p>\n<p>Yak Quahu comenz\u00f3: &quot;No hace mucho, como nos cuentan nuestros viejos, los osos eran una raza de seres menos perfectos que nuestros padres. Sol\u00edan hablar, caminar erguidos y usar sus patas como manos. Cuando quer\u00edan esposas, fueron acusados de robar las hijas de nuestro pueblo&quot;.<\/p>\n<p>Quiss-an-kweedass y Kind-a-wuss eran un joven y una doncella en mi pueblo natal, ella hija de uno de nuestros jefes, \u00e9l hijo de uno de los plebeyos.<\/p>\n<p>Como ambos ten\u00edan m\u00e1s o menos la misma edad y hab\u00edan sido compa\u00f1eros de juegos desde la juventud, su cari\u00f1o en a\u00f1os posteriores se convirti\u00f3 en un amor tan fuerte que parec\u00edan vivir el uno para el otro.<\/p>\n<p>Pero mientras se amaban, sab\u00edan que nunca podr\u00edan vivir como marido y mujer, porque ambos eran de la misma cresta, el Cuervo.<\/p>\n<p>Por las leyes sociales de los Haidas, una madre da su nombre y escudo a sus hijos, ya sea Cuervo, \u00c1guila, Rana, <a href=\"https:\/\/mythslegendes.com\/es\/mitologia-dene\/\">Castor<\/a>, o Oso. Un hombre es libre de tomar esposa de cualquier otra cresta excepto de aquella a la que \u00e9l mismo pertenece.<\/p>\n<p>Mientras el joven y la doncella segu\u00edan am\u00e1ndose, el tiempo pasaba desapercibido. La vida les parec\u00eda un sue\u00f1o placentero, del cual se despertaron cuando ambos padres les recordaron que hab\u00eda llegado el momento de que cada uno se casara con otra persona.<\/p>\n<p>Al ver que estas advertencias pasaban desapercibidas, sus padres resolvieron separarlos. Los amantes estaban confinados en sus casas, pero se las arreglaron para escabullirse y encontrarse fuera del pueblo.<\/p>\n<p>Escaparon al bosque, decididos a vivir con la comida m\u00e1s miserable en los bosques de monta\u00f1a en lugar de regresar para estar separados.<\/p>\n<p>En una ca\u00f1ada solitaria bajo un abeto sombreado junto a un arroyo de monta\u00f1a, construyeron una choza, a la que siempre regresaban por la noche. Mientras vagaban en busca de comida, ten\u00edan cuidado de no encontrarse con ninguno de sus parientes.<\/p>\n<p>As\u00ed vivieron hasta que las largas noches y los d\u00edas tormentosos les recordaron el invierno. Quiss-an-kweedass resolvi\u00f3 volver a visitar su hogar y hacer el viaje solo. Kind-a-wuss prefiri\u00f3 permanecer en la soledad del bosque en lugar de enfrentarse a sus enojados parientes.<\/p>\n<p>Prometi\u00f3, sin embargo, volver antes del anochecer del cuarto d\u00eda.<\/p>\n<p>Cuando lleg\u00f3 a casa, sus padres le dieron la bienvenida y le preguntaron sobre Kind-a-wuss y su paradero desde que se fueron. \u00c9l les cont\u00f3 todo, y cuando oyeron c\u00f3mo viv\u00edan y c\u00f3mo ella se hab\u00eda convertido en su esposa, su ira fue grande.<\/p>\n<p>Le dijeron que nunca volver\u00eda y decidieron mantenerlo preso hasta que ella tambi\u00e9n regresara.<\/p>\n<p>Cuando Quiss-an-kweedass no pudo escapar, inst\u00f3 a su gente a dejarlo ir y atrapar a Kind-a-wuss, porque ella nunca regresar\u00eda sola. Fueron conmovidos por su apelaci\u00f3n.<\/p>\n<p>Despu\u00e9s de un tiempo considerable, logr\u00f3 escapar. Se apresur\u00f3 a su hogar en la monta\u00f1a, con la esperanza de encontrarse con Kind-a-wuss, pero temiendo que algo pudiera estar mal.<\/p>\n<p>Cuando lleg\u00f3 al lugar donde se hab\u00edan separado, descubri\u00f3 por las huellas en la tierra blanda que ella hab\u00eda comenzado a regresar a su choza. Acerc\u00e1ndose, escuch\u00f3, pero no oy\u00f3 ning\u00fan sonido y no vio rastro de ella.<\/p>\n<p>Cuando entr\u00f3, se horroriz\u00f3 al descubrir que ella no hab\u00eda estado all\u00ed desde que se fue. \u00bfDonde estaba ella? \u00bfSe hab\u00eda perdido?<\/p>\n<p>Con la esperanza de encontrar alguna pista, registr\u00f3 la choza, mir\u00f3 a uno y otro lado del arroyo, atraves\u00f3 el bosque hasta las monta\u00f1as, llam\u00e1ndola por su nombre a medida que avanzaba:<\/p>\n<p>&quot;Un poco cobarde, un poco cobarde, \u00bfd\u00f3nde est\u00e1s? Un poco cobarde, ven a m\u00ed; soy tu propio Quiss-an-kweedass. \u00bfMe escuchas, un poco cobarde?&quot;<\/p>\n<p>A estas s\u00faplicas respondieron los ecos de la monta\u00f1a, Kind-a-wuss.<\/p>\n<p>Despu\u00e9s de buscar durante d\u00edas, sinti\u00e9ndose afligido y enojado, regres\u00f3 a casa, afligido por el ser querido que hab\u00eda perdido y enojado con sus padres, a quienes culpaba de su desgracia.<\/p>\n<p>Una vez all\u00ed, les cont\u00f3 a los aldeanos su problema y pidi\u00f3 su ayuda. Muchos respondieron, entre ellos los dos padres, uno ansioso por la seguridad de su hija, el otro perturbado porque hab\u00eda detenido a su hijo.<\/p>\n<p>Temprano en la ma\u00f1ana del tercer d\u00eda despu\u00e9s de la llegada de Quiss-an-kweedass, dirigi\u00f3 un grupo para una b\u00fasqueda final para tratar de encontrarla, viva o muerta. Pero despu\u00e9s de diez d\u00edas, durante los cuales no descubrieron nada excepto un lugar donde eran visibles las huellas de una lucha, abandonaron el esfuerzo.<\/p>\n<p>A medida que las semanas dieron paso a los meses y los meses a los a\u00f1os, Kind-a-wuss parec\u00eda haber sido olvidado. Rara vez se la mencionaba, o se la mencionaba solo como la ni\u00f1a que se perdi\u00f3 y nunca se encontr\u00f3. Sin embargo, su amante nunca olvid\u00f3; \u00e9l cre\u00eda que ella todav\u00eda estaba viva e hizo todo lo que estuvo a su alcance para encontrarla. Habiendo fallado tantas veces, pens\u00f3 que visitar\u00eda a un curandero, o *skaga*, que era clarividente.<\/p>\n<p>El *skaga* le pregunt\u00f3 a Quiss-an-kweedass si ten\u00eda algo que la doncella hubiera usado. Le dio una parte de su ropa al *skaga*, quien la tom\u00f3 en su mano y dijo:<\/p>\n<p>&quot;Veo a una mujer joven tirada en el suelo; parece estar dormida. Es un poco cobarde. Hay algo en los arbustos que viene hacia ella. Es un oso grande. \u00c9l la agarra; ella intenta escapar pero no puede. Se la lleva con \u00e9l, muy lejos. Veo un lago. Lo alcanzan y se detienen en un gran cedro. Ella vive en el \u00e1rbol con el oso. Veo a dos ni\u00f1os, muchachos, que ella ha tenido por el oso. Si vas al lago y encuentras el \u00e1rbol, los descubrir\u00e1s a todos all\u00ed&quot;.<\/p>\n<p>Quiss-an-kweedass no perdi\u00f3 tiempo en reunir a un segundo grupo liderado por *skaga*, quienes pronto encontraron el lago y luego el \u00e1rbol. All\u00ed se detuvieron para considerar qu\u00e9 era lo mejor que pod\u00edan hacer. Se acord\u00f3 que Quiss-an-kweedass la llamara por su nombre antes de aventurarse a subir por una especie de escalera de tijera apoyada contra el \u00e1rbol. Despu\u00e9s de llamarla varias veces, ella se asom\u00f3 y dijo:<\/p>\n<p>&quot;\u00bfDe d\u00f3nde vienes? \u00bfY qui\u00e9n eres?&quot;<\/p>\n<p>&quot;Soy Quiss-an-kweedass&quot;, dijo. &quot;Te he buscado durante muchos a\u00f1os. Ahora que te he encontrado, tengo la intenci\u00f3n de llevarte a casa. \u00bfIr\u00e1s?&quot;<\/p>\n<p>&quot;No puedo ir contigo hasta que mi esposo, el jefe de los osos, regrese&quot;.<\/p>\n<p>Despu\u00e9s de una peque\u00f1a conversaci\u00f3n, accedi\u00f3 a bajar entre ellos; y cuando la tuvieron en su poder, se la llevaron apresuradamente a su casa.<\/p>\n<p>Sus padres estaban contentos de tener a su hijo perdido, y Quiss-an-kweedass estaba encantado de recuperar a su amada. Aunque estaba en casa y la recibieron amablemente, estaba preocupada por sus dos hijos y deseaba volver por ellos.<\/p>\n<p>Sus amigos no lo permitieron, aunque se ofrecieron a ir a buscarlos. Ella respondi\u00f3 que su padre no los dejar\u00eda ir.<\/p>\n<p>&quot;Pero&quot;, dijo ella, &quot;hay una manera de que puedas conseguirlos&quot;.<\/p>\n<p>Explic\u00f3 que el oso hab\u00eda inventado una canci\u00f3n para ella, y si iban al \u00e1rbol y la cantaban, el jefe de los osos les dar\u00eda lo que quisieran.<\/p>\n<p>Despu\u00e9s de aprender la canci\u00f3n, un grupo fue al \u00e1rbol y comenz\u00f3 a cantar. Tan pronto como el oso escuch\u00f3 la canci\u00f3n, baj\u00f3, pensando que Kind-a-wuss hab\u00eda regresado. Cuando vio que ella no estaba all\u00ed, se molest\u00f3 y se neg\u00f3 a dejar ir a los ni\u00f1os. Sin embargo, cuando el grupo amenaz\u00f3 con llev\u00e1rselos por la fuerza, accedi\u00f3 a envi\u00e1rselos a su madre.<\/p>\n<p>Kind-a-wuss cont\u00f3 la siguiente historia de c\u00f3mo hab\u00eda ca\u00eddo en el poder del oso. Despu\u00e9s de separarse de Quiss-an-kweedass y regresar a la choza, no hab\u00eda ido muy lejos cuando se sinti\u00f3 cansada y angustiada por su amante.<\/p>\n<p>Decidiendo descansar un poco, se acost\u00f3 en un lugar seco y sombreado y se durmi\u00f3. All\u00ed el oso la encontr\u00f3, la tom\u00f3 y la llev\u00f3 a su casa cerca del lago.<\/p>\n<p>Como la entrada a su casa estaba muy por encima del suelo, ten\u00eda una especie de escalera de tijera por la que pod\u00eda subir y bajar f\u00e1cilmente. Envi\u00f3 a algunos de su tribu a recoger musgo blando para hacer su cama.<\/p>\n<p>Sol\u00eda preguntarse por qu\u00e9 nadie ven\u00eda a buscarla; y cuando el oso la ve\u00eda abatida, hac\u00eda todo lo posible por animarla.<\/p>\n<p>A medida que pasaban los a\u00f1os y ninguno de sus familiares ni su amante se acercaba a ella, comenz\u00f3 a sentirse como en casa en la casa del \u00e1rbol del oso. Cuando lleg\u00f3 el grupo de b\u00fasqueda, hab\u00eda perdido toda esperanza de que la encontraran.<\/p>\n<p>El oso trat\u00f3 de hacerla sentir c\u00f3moda y complacerla. Compuso una canci\u00f3n que hasta el d\u00eda de hoy es conocida entre los hijos de los Haidas como la Canci\u00f3n de los Osos. La he o\u00eddo cantar muchas veces.<\/p>\n<p>En 1888 un viejo conocido me dio las palabras:<\/p>\n<p>He tomado como esposa a una hermosa doncella de sus amigos Haida. Espero que sus parientes no vengan y se la lleven lejos de m\u00ed. Ser\u00e9 amable con ella. Le dar\u00e9 bayas del monte y ra\u00edces de la tierra. Har\u00e9 todo lo posible para complacerla. Para ella hice esta canci\u00f3n, y para ella la canto.<\/p>\n<p>Esta es la Canci\u00f3n de los Osos, y quien pueda cantarla tiene su amistad duradera. Muchas personas lo aprendieron de Kind-a-wuss, quien nunca m\u00e1s fue a vivir con el oso. Por consideraci\u00f3n a ella, as\u00ed como por las penurias que hab\u00edan sufrido los amantes, se les permiti\u00f3 vivir como marido y mujer.<\/p>\n<p>En cuanto a los dos hijos, Soo-gaot y Cun-what, mostraron diferentes disposiciones a medida que crec\u00edan. Soo-gaot se qued\u00f3 con la gente de su madre, mientras que el otro volvi\u00f3 con su padre y vivi\u00f3 y muri\u00f3 entre los osos.<\/p>\n<p>Soo-gaot, al casarse con una muchacha perteneciente a su tribu paterna, form\u00f3 una familia de la que muchos de los suyos afirman ser descendientes.<\/p>\n<p>La descendiente directa de Soo-gao es una hermosa ni\u00f1a, descendiente de madre haida y padre kanaku, que hereda todas las pertenencias familiares, los ahorros de muchas generaciones.<\/p>\n<p>El peque\u00f1o arroyo que flu\u00eda junto a la casa de monta\u00f1a de Quiss-an-kweedass y Kind-a-wuss se convirti\u00f3 en un gran arroyo, por el que corren grandes cantidades de salm\u00f3n en temporada. Ese arroyo est\u00e1 en la familia hasta el d\u00eda de hoy, y de \u00e9l sacan su comida.<\/p>\t\t\t\t\t\t\t\t<\/div>\n\t\t\t\t<\/div>\n\t\t\t\t\t<\/div>\n\t\t<\/div>\n\t\t\t\t\t<\/div>\n\t\t<\/section>\n\t\t\t\t<\/div>","protected":false},"excerpt":{"rendered":"<p>Haida-Tlingit-Tsimshian Mythology Wiki Los Haida son un pueblo nativo americano de la costa oeste de Canad\u00e1 y el norte de los Estados Unidos, como \u2026 <\/p>","protected":false},"author":1,"featured_media":0,"parent":4275,"menu_order":0,"comment_status":"closed","ping_status":"closed","template":"","meta":{"footnotes":""},"class_list":["post-21594","page","type-page","status-publish","hentry"],"amp_enabled":true,"_links":{"self":[{"href":"https:\/\/mythslegendes.com\/es\/wp-json\/wp\/v2\/pages\/21594","targetHints":{"allow":["GET"]}}],"collection":[{"href":"https:\/\/mythslegendes.com\/es\/wp-json\/wp\/v2\/pages"}],"about":[{"href":"https:\/\/mythslegendes.com\/es\/wp-json\/wp\/v2\/types\/page"}],"author":[{"embeddable":true,"href":"https:\/\/mythslegendes.com\/es\/wp-json\/wp\/v2\/users\/1"}],"replies":[{"embeddable":true,"href":"https:\/\/mythslegendes.com\/es\/wp-json\/wp\/v2\/comments?post=21594"}],"version-history":[{"count":3,"href":"https:\/\/mythslegendes.com\/es\/wp-json\/wp\/v2\/pages\/21594\/revisions"}],"predecessor-version":[{"id":21599,"href":"https:\/\/mythslegendes.com\/es\/wp-json\/wp\/v2\/pages\/21594\/revisions\/21599"}],"up":[{"embeddable":true,"href":"https:\/\/mythslegendes.com\/es\/wp-json\/wp\/v2\/pages\/4275"}],"wp:attachment":[{"href":"https:\/\/mythslegendes.com\/es\/wp-json\/wp\/v2\/media?parent=21594"}],"curies":[{"name":"wp","href":"https:\/\/api.w.org\/{rel}","templated":true}]}}