{"id":21605,"date":"2022-08-01T07:25:36","date_gmt":"2022-08-01T07:25:36","guid":{"rendered":"https:\/\/mythslegendes.com\/?page_id=21605"},"modified":"2022-08-01T07:28:55","modified_gmt":"2022-08-01T07:28:55","slug":"conte-haida-the-coming-of-the-salmon","status":"publish","type":"page","link":"https:\/\/mythslegendes.com\/es\/haida-tlingit-tsimshian-mitologia\/cuento-haida-la-venida-del-salmon\/","title":{"rendered":"Cuento Haida: La llegada del salm\u00f3n"},"content":{"rendered":"<div data-elementor-type=\"wp-page\" data-elementor-id=\"21605\" class=\"elementor elementor-21605\">\n\t\t\t\t\t\t<section class=\"elementor-section elementor-top-section elementor-element elementor-element-7b204fd elementor-section-boxed elementor-section-height-default elementor-section-height-default\" data-id=\"7b204fd\" data-element_type=\"section\" data-e-type=\"section\">\n\t\t\t\t\t\t<div class=\"elementor-container elementor-column-gap-default\">\n\t\t\t\t\t<div class=\"elementor-column elementor-col-50 elementor-top-column elementor-element elementor-element-9fe57eb\" data-id=\"9fe57eb\" data-element_type=\"column\" data-e-type=\"column\">\n\t\t\t<div class=\"elementor-widget-wrap elementor-element-populated\">\n\t\t\t\t\t\t<div class=\"elementor-element elementor-element-5ba7abb elementor-align-justify elementor-widget elementor-widget-button\" data-id=\"5ba7abb\" data-element_type=\"widget\" data-e-type=\"widget\" data-widget_type=\"button.default\">\n\t\t\t\t<div class=\"elementor-widget-container\">\n\t\t\t\t\t\t\t\t\t<div class=\"elementor-button-wrapper\">\n\t\t\t\t\t<a class=\"elementor-button elementor-button-link elementor-size-sm\" href=\"https:\/\/mythslegendes.com\/es\/haida-tlingit-tsimshian-mitologia\/\">\n\t\t\t\t\t\t<span class=\"elementor-button-content-wrapper\">\n\t\t\t\t\t\t\t\t\t<span class=\"elementor-button-text\">Mitolog\u00eda Haida-Tlingit-Tsimshian<\/span>\n\t\t\t\t\t<\/span>\n\t\t\t\t\t<\/a>\n\t\t\t\t<\/div>\n\t\t\t\t\t\t\t\t<\/div>\n\t\t\t\t<\/div>\n\t\t\t\t\t<\/div>\n\t\t<\/div>\n\t\t\t\t<div class=\"elementor-column elementor-col-50 elementor-top-column elementor-element elementor-element-ef0c8e1\" data-id=\"ef0c8e1\" data-element_type=\"column\" data-e-type=\"column\">\n\t\t\t<div class=\"elementor-widget-wrap elementor-element-populated\">\n\t\t\t\t\t\t<div class=\"elementor-element elementor-element-920fb0c elementor-align-justify elementor-widget elementor-widget-button\" data-id=\"920fb0c\" data-element_type=\"widget\" data-e-type=\"widget\" data-widget_type=\"button.default\">\n\t\t\t\t<div class=\"elementor-widget-container\">\n\t\t\t\t\t\t\t\t\t<div class=\"elementor-button-wrapper\">\n\t\t\t\t\t<a class=\"elementor-button elementor-button-link elementor-size-sm\" href=\"https:\/\/www.firstpeople.us\/FP-Html-Legends\/The-Coming-Of-The-Salmon-Haida.html\" target=\"_blank\" rel=\"noopener\">\n\t\t\t\t\t\t<span class=\"elementor-button-content-wrapper\">\n\t\t\t\t\t\t\t\t\t<span class=\"elementor-button-text\">Wiki<\/span>\n\t\t\t\t\t<\/span>\n\t\t\t\t\t<\/a>\n\t\t\t\t<\/div>\n\t\t\t\t\t\t\t\t<\/div>\n\t\t\t\t<\/div>\n\t\t\t\t\t<\/div>\n\t\t<\/div>\n\t\t\t\t\t<\/div>\n\t\t<\/section>\n\t\t\t\t<section class=\"elementor-section elementor-top-section elementor-element elementor-element-18d3aaa elementor-section-boxed elementor-section-height-default elementor-section-height-default\" data-id=\"18d3aaa\" data-element_type=\"section\" data-e-type=\"section\">\n\t\t\t\t\t\t<div class=\"elementor-container elementor-column-gap-default\">\n\t\t\t\t\t<div class=\"elementor-column elementor-col-100 elementor-top-column elementor-element elementor-element-f9dae07\" data-id=\"f9dae07\" data-element_type=\"column\" data-e-type=\"column\">\n\t\t\t<div class=\"elementor-widget-wrap elementor-element-populated\">\n\t\t\t\t\t\t<div class=\"elementor-element elementor-element-88a528d elementor-widget elementor-widget-text-editor\" data-id=\"88a528d\" data-element_type=\"widget\" data-e-type=\"widget\" data-widget_type=\"text-editor.default\">\n\t\t\t\t<div class=\"elementor-widget-container\">\n\t\t\t\t\t\t\t\t\t<p>los\u00a0<strong><a href=\"https:\/\/mythslegendes.com\/es\/haida-tlingit-tsimshian-mitologia\/\">Haida<\/a><\/strong> son un pueblo nativo americano de la costa oeste de Canad\u00e1 y el norte de Estados Unidos, as\u00ed como de una parte sureste de Alaska, a lo largo de la costa del Pac\u00edfico y en el archipi\u00e9lago Haida Gwai en particular. Aqu\u00ed est\u00e1 su historia: La llegada del salm\u00f3n.<\/p><p><img decoding=\"async\" class=\"alignnone wp-image-9347 size-full\" src=\"http:\/\/mythslegendes.com\/wp-content\/uploads\/2020\/09\/cropped-AlphaOmega-e1602613368367.png\" alt=\"La venida del salm\u00f3n\" width=\"25\" height=\"25\" title=\"\"><\/p>\t\t\t\t\t\t\t\t<\/div>\n\t\t\t\t<\/div>\n\t\t\t\t\t<\/div>\n\t\t<\/div>\n\t\t\t\t\t<\/div>\n\t\t<\/section>\n\t\t\t\t<section class=\"elementor-section elementor-top-section elementor-element elementor-element-e7efe0e elementor-section-boxed elementor-section-height-default elementor-section-height-default\" data-id=\"e7efe0e\" data-element_type=\"section\" data-e-type=\"section\">\n\t\t\t\t\t\t<div class=\"elementor-container elementor-column-gap-default\">\n\t\t\t\t\t<div class=\"elementor-column elementor-col-100 elementor-top-column elementor-element elementor-element-ca22f06\" data-id=\"ca22f06\" data-element_type=\"column\" data-e-type=\"column\">\n\t\t\t<div class=\"elementor-widget-wrap elementor-element-populated\">\n\t\t\t\t\t\t<div class=\"elementor-element elementor-element-b586e33 elementor-widget elementor-widget-heading\" data-id=\"b586e33\" data-element_type=\"widget\" data-e-type=\"widget\" data-widget_type=\"heading.default\">\n\t\t\t\t<div class=\"elementor-widget-container\">\n\t\t\t\t\t<div id=\"ez-toc-container\" class=\"ez-toc-v2_0_82_2 counter-hierarchy ez-toc-counter ez-toc-grey ez-toc-container-direction\">\n<div class=\"ez-toc-title-container\">\n<p class=\"ez-toc-title\" style=\"cursor:inherit\">Contenido<\/p>\n<span class=\"ez-toc-title-toggle\"><a href=\"#\" class=\"ez-toc-pull-right ez-toc-btn ez-toc-btn-xs ez-toc-btn-default ez-toc-toggle\" aria-label=\"Alternar tabla de contenidos\"><span class=\"ez-toc-js-icon-con\"><span class=\"\"><span class=\"eztoc-hide\" style=\"display:none;\">Palanca<\/span><span class=\"ez-toc-icon-toggle-span\"><svg style=\"fill: #999;color:#999\" xmlns=\"http:\/\/www.w3.org\/2000\/svg\" class=\"list-377408\" width=\"20px\" height=\"20px\" viewbox=\"0 0 24 24\" fill=\"none\"><path d=\"M6 6H4v2h2V6zm14 0H8v2h12V6zM4 11h2v2H4v-2zm16 0H8v2h12v-2zM4 16h2v2H4v-2zm16 0H8v2h12v-2z\" fill=\"currentColor\"><\/path><\/svg><svg style=\"fill: #999;color:#999\" class=\"arrow-unsorted-368013\" xmlns=\"http:\/\/www.w3.org\/2000\/svg\" width=\"10px\" height=\"10px\" viewbox=\"0 0 24 24\" version=\"1.2\" baseprofile=\"tiny\"><path d=\"M18.2 9.3l-6.2-6.3-6.2 6.3c-.2.2-.3.4-.3.7s.1.5.3.7c.2.2.4.3.7.3h11c.3 0 .5-.1.7-.3.2-.2.3-.5.3-.7s-.1-.5-.3-.7zM5.8 14.7l6.2 6.3 6.2-6.3c.2-.2.3-.5.3-.7s-.1-.5-.3-.7c-.2-.2-.4-.3-.7-.3h-11c-.3 0-.5.1-.7.3-.2.2-.3.5-.3.7s.1.5.3.7z\"\/><\/svg><\/span><\/span><\/span><\/a><\/span><\/div>\n<nav><ul class='ez-toc-list ez-toc-list-level-1' ><li class='ez-toc-page-1 ez-toc-heading-level-2'><a class=\"ez-toc-link ez-toc-heading-1\" href=\"https:\/\/mythslegendes.com\/es\/haida-tlingit-tsimshian-mitologia\/cuento-haida-la-venida-del-salmon\/#The-Coming-Of-The-Salmon\" >La venida del salm\u00f3n<\/a><\/li><\/ul><\/nav><\/div>\n<h2 class=\"elementor-heading-title elementor-size-default\"><span class=\"ez-toc-section\" id=\"The-Coming-Of-The-Salmon\"><\/span>La venida del salm\u00f3n<span class=\"ez-toc-section-end\"><\/span><\/h2>\t\t\t\t<\/div>\n\t\t\t\t<\/div>\n\t\t\t\t\t<\/div>\n\t\t<\/div>\n\t\t\t\t\t<\/div>\n\t\t<\/section>\n\t\t\t\t<section class=\"elementor-section elementor-top-section elementor-element elementor-element-9c145f8 elementor-section-boxed elementor-section-height-default elementor-section-height-default\" data-id=\"9c145f8\" data-element_type=\"section\" data-e-type=\"section\">\n\t\t\t\t\t\t<div class=\"elementor-container elementor-column-gap-default\">\n\t\t\t\t\t<div class=\"elementor-column elementor-col-100 elementor-top-column elementor-element elementor-element-d80cbb5\" data-id=\"d80cbb5\" data-element_type=\"column\" data-e-type=\"column\">\n\t\t\t<div class=\"elementor-widget-wrap elementor-element-populated\">\n\t\t\t\t\t\t<div class=\"elementor-element elementor-element-f426256 elementor-widget elementor-widget-text-editor\" data-id=\"f426256\" data-element_type=\"widget\" data-e-type=\"widget\" data-widget_type=\"text-editor.default\">\n\t\t\t\t<div class=\"elementor-widget-container\">\n\t\t\t\t\t\t\t\t\t<p>La peque\u00f1a hija del jefe llor\u00f3 y llor\u00f3 y llor\u00f3. Llor\u00f3 porque nadie pod\u00eda darle aquello por lo que lloraba. Ni su padre, que era un jefe poderoso, ni los hombres m\u00e1s sabios de la tribu pudieron darle el pez grande y brillante que deseaba. Incluso el mayor de la tribu nunca hab\u00eda visto un pez as\u00ed. Como la ni\u00f1a lloraba d\u00eda y noche y enfermaba de tanto llorar, el jefe orden\u00f3 un gran incendio municipal.<\/p>\n<p>Todos los curanderos tribales se sentaron alrededor del fuego y los m\u00e1s sabios se levantaron para hablar. &quot;La doncella llora por algo que ha visto en un sue\u00f1o&quot;, declar\u00f3. &quot;Muchos peces nos tienen en nuestra ensenada, peces grandes, pero ninguno es como aquel del que habla la hija de nuestro jefe. Un pez as\u00ed puede resultar una gran medicina para nuestra tribu si podemos encontrarlo. Dejemos que nuestros sabios hablen. Tal vez uno de ellos tal vez sepa d\u00f3nde se puede encontrar un pez tan grande, brillante y saltar\u00edn&quot;.<\/p>\n<p>S\u00f3lo un curandero se puso de pie. Despu\u00e9s de saludar al jefe, habl\u00f3: &quot;El Cuervo, que vive entre los cedros, es mi buen amigo. Es muy sabio y sabe muchas cosas que los m\u00e1s sabios entre nosotros desconocen. D\u00e9jame traerlo a este Fuego del Consejo, para que pueda Acons\u00e9janos\u201d.<\/p>\n<p>El jefe dio su permiso y el viejo curandero abandon\u00f3 el Fuego del Consejo y pronto regres\u00f3 con el Cuervo sentado en su hombro. El gran p\u00e1jaro grazn\u00f3 mientras hablaba, y s\u00f3lo los m\u00e1s sabios pod\u00edan seguir su rastro.<\/p>\n<p>&quot;Lo que pide la hija del jefe es un pez gigante, conocido como Salm\u00f3n. En esta luna, se encontrar\u00e1n lejos de aqu\u00ed en la desembocadura de un r\u00edo caudaloso, que desemboca al otro lado de nuestra Ensenada. Porque Los de tu tribu son mis amigos, volar\u00e9 r\u00e1pido y lejos para traer uno de estos peces a tu aldea.&quot;<\/p>\n<p>Antes de que el jefe pudiera agradecerle, el gran p\u00e1jaro ya estaba en el aire. Vol\u00f3 lejos y r\u00e1pido como viaja un arp\u00f3n, hasta que sus agudos ojos vieron, muy por debajo, muchos salmones nadando juntos en la desembocadura del r\u00edo. El Cuervo se lanz\u00f3 r\u00e1pidamente como un halc\u00f3n y, por casualidad, atrap\u00f3 en sus talones al peque\u00f1o hijo del Jefe Salm\u00f3n. Elev\u00e1ndose en el aire, con el pez firmemente sujeto entre sus garras, el Cuervo vol\u00f3 hacia la lejana aldea de sus amigos.<\/p>\n<p>Los Salmon Scouts, saltando alto desde el agua, trazando grandes arcos centelleantes, vieron la direcci\u00f3n en la que volaba el Cuervo. Una horda de salmones, liderada por su jefe, nad\u00f3 r\u00e1pidamente en su persecuci\u00f3n. R\u00e1pidamente mientras el pez nadaba, el p\u00e1jaro que volaba r\u00e1pidamente lleg\u00f3 al pueblo mucho m\u00e1s adelante que ellos.<\/p>\n<p>El Cuervo coloc\u00f3 el gran pez ante la peque\u00f1a hija del jefe. Ella sonri\u00f3 y no llor\u00f3 m\u00e1s. Entonces el p\u00e1jaro le dijo a su amigo, el viejo curandero, que seguramente muchos salmones nadar\u00edan hasta la ensenada del r\u00edo, persigui\u00e9ndolos, para intentar rescatar al salm\u00f3n joven que hab\u00eda atrapado.<\/p>\n<p>El curandero le cont\u00f3 al jefe lo que hab\u00eda dicho el Cuervo, y a los pescadores y a las mujeres se les dijo que tejieran una red enorme. Esto lo hicieron r\u00e1pidamente, y cuando lleg\u00f3 el salm\u00f3n, todos los peces quedaron atrapados en la red. Para mantenerlos prisioneros, les pasaban una larga y fuerte correa de cuero a trav\u00e9s de sus branquias. Un extremo de la correa estaba atado a una gran roca y el otro extremo estaba sujeto a este gran t\u00f3tem, que luego creci\u00f3 como un alto cedro. Desde entonces, se le ha llamado &#039;Nhe-is-bik&#039;, o poste de sujeci\u00f3n. En este poste, un t\u00f3tem, estaba tallado un poderoso Thunderbird, un jefe indio, un cuervo y un salm\u00f3n, tallados en ese orden desde la parte superior del gran poste de cedro. El final de esta historia habla de una gran magia. A\u00f1o tras a\u00f1o, desde entonces, el salm\u00f3n pasaba por aquel lado de la ensenada del r\u00edo, y la gente se alegraba.<\/p>\t\t\t\t\t\t\t\t<\/div>\n\t\t\t\t<\/div>\n\t\t\t\t\t<\/div>\n\t\t<\/div>\n\t\t\t\t\t<\/div>\n\t\t<\/section>\n\t\t\t\t<\/div>","protected":false},"excerpt":{"rendered":"<p>Haida-Tlingit-Tsimshian Mythology Wiki Los Haida son un pueblo nativo americano de la costa oeste de Canad\u00e1 y el norte de los Estados Unidos, como \u2026 <\/p>","protected":false},"author":1,"featured_media":0,"parent":4275,"menu_order":0,"comment_status":"closed","ping_status":"closed","template":"","meta":{"footnotes":""},"class_list":["post-21605","page","type-page","status-publish","hentry"],"amp_enabled":true,"_links":{"self":[{"href":"https:\/\/mythslegendes.com\/es\/wp-json\/wp\/v2\/pages\/21605","targetHints":{"allow":["GET"]}}],"collection":[{"href":"https:\/\/mythslegendes.com\/es\/wp-json\/wp\/v2\/pages"}],"about":[{"href":"https:\/\/mythslegendes.com\/es\/wp-json\/wp\/v2\/types\/page"}],"author":[{"embeddable":true,"href":"https:\/\/mythslegendes.com\/es\/wp-json\/wp\/v2\/users\/1"}],"replies":[{"embeddable":true,"href":"https:\/\/mythslegendes.com\/es\/wp-json\/wp\/v2\/comments?post=21605"}],"version-history":[{"count":3,"href":"https:\/\/mythslegendes.com\/es\/wp-json\/wp\/v2\/pages\/21605\/revisions"}],"predecessor-version":[{"id":21609,"href":"https:\/\/mythslegendes.com\/es\/wp-json\/wp\/v2\/pages\/21605\/revisions\/21609"}],"up":[{"embeddable":true,"href":"https:\/\/mythslegendes.com\/es\/wp-json\/wp\/v2\/pages\/4275"}],"wp:attachment":[{"href":"https:\/\/mythslegendes.com\/es\/wp-json\/wp\/v2\/media?parent=21605"}],"curies":[{"name":"wp","href":"https:\/\/api.w.org\/{rel}","templated":true}]}}