{"id":21613,"date":"2022-08-01T11:02:03","date_gmt":"2022-08-01T11:02:03","guid":{"rendered":"https:\/\/mythslegendes.com\/?page_id=21613"},"modified":"2022-08-01T11:03:59","modified_gmt":"2022-08-01T11:03:59","slug":"conte-haida-the-flood","status":"publish","type":"page","link":"https:\/\/mythslegendes.com\/es\/haida-tlingit-tsimshian-mitologia\/cuento-haida-la-inundacion\/","title":{"rendered":"Historia Haida: La Inundaci\u00f3n"},"content":{"rendered":"<div data-elementor-type=\"wp-page\" data-elementor-id=\"21613\" class=\"elementor elementor-21613\">\n\t\t\t\t\t\t<section class=\"elementor-section elementor-top-section elementor-element elementor-element-c7958bf elementor-section-boxed elementor-section-height-default elementor-section-height-default\" data-id=\"c7958bf\" data-element_type=\"section\" data-e-type=\"section\">\n\t\t\t\t\t\t<div class=\"elementor-container elementor-column-gap-default\">\n\t\t\t\t\t<div class=\"elementor-column elementor-col-50 elementor-top-column elementor-element elementor-element-82b9d59\" data-id=\"82b9d59\" data-element_type=\"column\" data-e-type=\"column\">\n\t\t\t<div class=\"elementor-widget-wrap elementor-element-populated\">\n\t\t\t\t\t\t<div class=\"elementor-element elementor-element-7c9ac3f elementor-align-justify elementor-widget elementor-widget-button\" data-id=\"7c9ac3f\" data-element_type=\"widget\" data-e-type=\"widget\" data-widget_type=\"button.default\">\n\t\t\t\t<div class=\"elementor-widget-container\">\n\t\t\t\t\t\t\t\t\t<div class=\"elementor-button-wrapper\">\n\t\t\t\t\t<a class=\"elementor-button elementor-button-link elementor-size-sm\" href=\"https:\/\/mythslegendes.com\/es\/haida-tlingit-tsimshian-mitologia\/\">\n\t\t\t\t\t\t<span class=\"elementor-button-content-wrapper\">\n\t\t\t\t\t\t\t\t\t<span class=\"elementor-button-text\">Mitolog\u00eda Haida-Tlingit-Tsimshian<\/span>\n\t\t\t\t\t<\/span>\n\t\t\t\t\t<\/a>\n\t\t\t\t<\/div>\n\t\t\t\t\t\t\t\t<\/div>\n\t\t\t\t<\/div>\n\t\t\t\t\t<\/div>\n\t\t<\/div>\n\t\t\t\t<div class=\"elementor-column elementor-col-50 elementor-top-column elementor-element elementor-element-4f61801\" data-id=\"4f61801\" data-element_type=\"column\" data-e-type=\"column\">\n\t\t\t<div class=\"elementor-widget-wrap elementor-element-populated\">\n\t\t\t\t\t\t<div class=\"elementor-element elementor-element-2fca568 elementor-align-justify elementor-widget elementor-widget-button\" data-id=\"2fca568\" data-element_type=\"widget\" data-e-type=\"widget\" data-widget_type=\"button.default\">\n\t\t\t\t<div class=\"elementor-widget-container\">\n\t\t\t\t\t\t\t\t\t<div class=\"elementor-button-wrapper\">\n\t\t\t\t\t<a class=\"elementor-button elementor-button-link elementor-size-sm\" href=\"https:\/\/www.firstpeople.us\/FP-Html-Legends\/The-Flood-Haida.html\" target=\"_blank\" rel=\"noopener\">\n\t\t\t\t\t\t<span class=\"elementor-button-content-wrapper\">\n\t\t\t\t\t\t\t\t\t<span class=\"elementor-button-text\">Wiki<\/span>\n\t\t\t\t\t<\/span>\n\t\t\t\t\t<\/a>\n\t\t\t\t<\/div>\n\t\t\t\t\t\t\t\t<\/div>\n\t\t\t\t<\/div>\n\t\t\t\t\t<\/div>\n\t\t<\/div>\n\t\t\t\t\t<\/div>\n\t\t<\/section>\n\t\t\t\t<section class=\"elementor-section elementor-top-section elementor-element elementor-element-e705c92 elementor-section-boxed elementor-section-height-default elementor-section-height-default\" data-id=\"e705c92\" data-element_type=\"section\" data-e-type=\"section\">\n\t\t\t\t\t\t<div class=\"elementor-container elementor-column-gap-default\">\n\t\t\t\t\t<div class=\"elementor-column elementor-col-100 elementor-top-column elementor-element elementor-element-a7e9f43\" data-id=\"a7e9f43\" data-element_type=\"column\" data-e-type=\"column\">\n\t\t\t<div class=\"elementor-widget-wrap elementor-element-populated\">\n\t\t\t\t\t\t<div class=\"elementor-element elementor-element-29fdb6d elementor-widget elementor-widget-text-editor\" data-id=\"29fdb6d\" data-element_type=\"widget\" data-e-type=\"widget\" data-widget_type=\"text-editor.default\">\n\t\t\t\t<div class=\"elementor-widget-container\">\n\t\t\t\t\t\t\t\t\t<p>los\u00a0<strong><a href=\"https:\/\/mythslegendes.com\/es\/haida-tlingit-tsimshian-mitologia\/\">Haida<\/a><\/strong> son un pueblo nativo americano de la costa oeste de Canad\u00e1 y el norte de los Estados Unidos, as\u00ed como una parte del sureste de Alaska, a lo largo de la costa del Pac\u00edfico, y en particular en el archipi\u00e9lago Haida Gwaii. Esta es su historia: El Diluvio.<\/p><p><img decoding=\"async\" class=\"alignnone wp-image-9347 size-full\" src=\"http:\/\/mythslegendes.com\/wp-content\/uploads\/2020\/09\/cropped-AlphaOmega-e1602613368367.png\" alt=\"La inundaci\u00f3n\" width=\"25\" height=\"25\" title=\"\"><\/p>\t\t\t\t\t\t\t\t<\/div>\n\t\t\t\t<\/div>\n\t\t\t\t\t<\/div>\n\t\t<\/div>\n\t\t\t\t\t<\/div>\n\t\t<\/section>\n\t\t\t\t<section class=\"elementor-section elementor-top-section elementor-element elementor-element-8144aba elementor-section-boxed elementor-section-height-default elementor-section-height-default\" data-id=\"8144aba\" data-element_type=\"section\" data-e-type=\"section\">\n\t\t\t\t\t\t<div class=\"elementor-container elementor-column-gap-default\">\n\t\t\t\t\t<div class=\"elementor-column elementor-col-100 elementor-top-column elementor-element elementor-element-241c6db\" data-id=\"241c6db\" data-element_type=\"column\" data-e-type=\"column\">\n\t\t\t<div class=\"elementor-widget-wrap elementor-element-populated\">\n\t\t\t\t\t\t<div class=\"elementor-element elementor-element-714179a elementor-widget elementor-widget-heading\" data-id=\"714179a\" data-element_type=\"widget\" data-e-type=\"widget\" data-widget_type=\"heading.default\">\n\t\t\t\t<div class=\"elementor-widget-container\">\n\t\t\t\t\t<div id=\"ez-toc-container\" class=\"ez-toc-v2_0_82_2 counter-hierarchy ez-toc-counter ez-toc-grey ez-toc-container-direction\">\n<div class=\"ez-toc-title-container\">\n<p class=\"ez-toc-title\" style=\"cursor:inherit\">Contenido<\/p>\n<span class=\"ez-toc-title-toggle\"><a href=\"#\" class=\"ez-toc-pull-right ez-toc-btn ez-toc-btn-xs ez-toc-btn-default ez-toc-toggle\" aria-label=\"Alternar tabla de contenidos\"><span class=\"ez-toc-js-icon-con\"><span class=\"\"><span class=\"eztoc-hide\" style=\"display:none;\">Palanca<\/span><span class=\"ez-toc-icon-toggle-span\"><svg style=\"fill: #999;color:#999\" xmlns=\"http:\/\/www.w3.org\/2000\/svg\" class=\"list-377408\" width=\"20px\" height=\"20px\" viewbox=\"0 0 24 24\" fill=\"none\"><path d=\"M6 6H4v2h2V6zm14 0H8v2h12V6zM4 11h2v2H4v-2zm16 0H8v2h12v-2zM4 16h2v2H4v-2zm16 0H8v2h12v-2z\" fill=\"currentColor\"><\/path><\/svg><svg style=\"fill: #999;color:#999\" class=\"arrow-unsorted-368013\" xmlns=\"http:\/\/www.w3.org\/2000\/svg\" width=\"10px\" height=\"10px\" viewbox=\"0 0 24 24\" version=\"1.2\" baseprofile=\"tiny\"><path d=\"M18.2 9.3l-6.2-6.3-6.2 6.3c-.2.2-.3.4-.3.7s.1.5.3.7c.2.2.4.3.7.3h11c.3 0 .5-.1.7-.3.2-.2.3-.5.3-.7s-.1-.5-.3-.7zM5.8 14.7l6.2 6.3 6.2-6.3c.2-.2.3-.5.3-.7s-.1-.5-.3-.7c-.2-.2-.4-.3-.7-.3h-11c-.3 0-.5.1-.7.3-.2.2-.3.5-.3.7s.1.5.3.7z\"\/><\/svg><\/span><\/span><\/span><\/a><\/span><\/div>\n<nav><ul class='ez-toc-list ez-toc-list-level-1' ><li class='ez-toc-page-1 ez-toc-heading-level-2'><a class=\"ez-toc-link ez-toc-heading-1\" href=\"https:\/\/mythslegendes.com\/es\/haida-tlingit-tsimshian-mitologia\/cuento-haida-la-inundacion\/#The-Flood\" >La inundaci\u00f3n<\/a><\/li><\/ul><\/nav><\/div>\n<h2 class=\"elementor-heading-title elementor-size-default\"><span class=\"ez-toc-section\" id=\"The-Flood\"><\/span>La inundaci\u00f3n<span class=\"ez-toc-section-end\"><\/span><\/h2>\t\t\t\t<\/div>\n\t\t\t\t<\/div>\n\t\t\t\t\t<\/div>\n\t\t<\/div>\n\t\t\t\t\t<\/div>\n\t\t<\/section>\n\t\t\t\t<section class=\"elementor-section elementor-top-section elementor-element elementor-element-7ccd875 elementor-section-boxed elementor-section-height-default elementor-section-height-default\" data-id=\"7ccd875\" data-element_type=\"section\" data-e-type=\"section\">\n\t\t\t\t\t\t<div class=\"elementor-container elementor-column-gap-default\">\n\t\t\t\t\t<div class=\"elementor-column elementor-col-100 elementor-top-column elementor-element elementor-element-0c213fa\" data-id=\"0c213fa\" data-element_type=\"column\" data-e-type=\"column\">\n\t\t\t<div class=\"elementor-widget-wrap elementor-element-populated\">\n\t\t\t\t\t\t<div class=\"elementor-element elementor-element-478c846 elementor-widget elementor-widget-text-editor\" data-id=\"478c846\" data-element_type=\"widget\" data-e-type=\"widget\" data-widget_type=\"text-editor.default\">\n\t\t\t\t<div class=\"elementor-widget-container\">\n\t\t\t\t\t\t\t\t\t<p>Detr\u00e1s de Frederic Island hab\u00eda un pueblo con mucha gente en<br \/>\u00e9l. Una multitud de ni\u00f1os y ni\u00f1as jugaba en la playa cuando<br \/>vieron a una mujer extra\u00f1a que llevaba una capa de piel como nunca antes hab\u00edan visto.<\/p><p>Un ni\u00f1o peque\u00f1o se acerc\u00f3 a ella para averiguar qui\u00e9n era, y el<br \/>otros siguieron. Ella era realmente extra\u00f1a. Un ni\u00f1o tir\u00f3 de su ropa,<br \/>que era como una camisa. Lo tir\u00f3 hacia arriba y vio su columna vertebral,<br \/>una cosa de aspecto divertido con &quot;zapatillas chinas&quot;, una planta<br \/>que crece a la orilla del mar, sobresaliendo de ella. Esto hizo que los ni\u00f1os<br \/>re\u00edr y burlarse.<\/p><p>Cuando oyeron el clamor de los ni\u00f1os, los ancianos les dijeron<br \/>para dejar de re\u00edrse del extra\u00f1o. En ese momento la marea estaba en<br \/>es reflujo bajo, y la mujer se sent\u00f3 en el borde del agua. La marea<br \/>empez\u00f3 a subir, y el agua toc\u00f3 sus pies. Ella se movi\u00f3 un poco<br \/>y de nuevo se sent\u00f3. El agua volvi\u00f3 a subir y ella volvi\u00f3 a retroceder.<br \/>Ahora se sent\u00f3 en el borde del pueblo.<\/p><p>Pero la marea sigui\u00f3 subiendo; nunca antes hab\u00eda llegado tan alto. T\u00e9<br \/>los aldeanos se asustaron y quedaron asombrados.<\/p><p>Como no ten\u00edan canoas, no sab\u00edan c\u00f3mo escapar, as\u00ed que tomaron<br \/>grandes troncos, los ataron juntos en una balsa y colocaron a sus hijos<br \/>en eso. Llenaron la balsa con salm\u00f3n seco, halibut y canastas<br \/>de agua de manantial para beber.<\/p><p>Mientras tanto, el forastero sigui\u00f3 sentado, y cuando subi\u00f3 la marea<br \/>hasta ella, alej\u00e1ndose a un terreno m\u00e1s alto, subiendo la ladera, subiendo la<br \/>monta\u00f1a. Mucha gente se salv\u00f3 subi\u00e9ndose a la balsa<br \/>con los ni\u00f1os. Otros hicieron m\u00e1s balsas, hasta que hubo un n\u00famero a flote.<\/p><p>Toda la isla estaba ahora cubierta por el mar, y los cientos y<br \/>cientos de sobrevivientes vagaban sin poder<br \/>detenerse, ya que no ten\u00edan anclas. Poco a poco la gente vio picos<br \/>saliendo del oc\u00e9ano. Una de las balsas se desvi\u00f3 hacia un trozo de<br \/>tierra y sus sobrevivientes descendieron all\u00ed, mientras que otras balsas fueron<br \/>varado en otro lugar.<\/p><p>Fue en ese momento que las tribus se dispersaron.<\/p>\t\t\t\t\t\t\t\t<\/div>\n\t\t\t\t<\/div>\n\t\t\t\t\t<\/div>\n\t\t<\/div>\n\t\t\t\t\t<\/div>\n\t\t<\/section>\n\t\t\t\t<\/div>","protected":false},"excerpt":{"rendered":"<p>Haida-Tlingit-Tsimshian Mythology Wiki Los Haida son un pueblo nativo americano de la costa oeste de Canad\u00e1 y el norte de los Estados Unidos, como \u2026 <\/p>","protected":false},"author":1,"featured_media":0,"parent":4275,"menu_order":0,"comment_status":"closed","ping_status":"closed","template":"","meta":{"footnotes":""},"class_list":["post-21613","page","type-page","status-publish","hentry"],"amp_enabled":true,"_links":{"self":[{"href":"https:\/\/mythslegendes.com\/es\/wp-json\/wp\/v2\/pages\/21613","targetHints":{"allow":["GET"]}}],"collection":[{"href":"https:\/\/mythslegendes.com\/es\/wp-json\/wp\/v2\/pages"}],"about":[{"href":"https:\/\/mythslegendes.com\/es\/wp-json\/wp\/v2\/types\/page"}],"author":[{"embeddable":true,"href":"https:\/\/mythslegendes.com\/es\/wp-json\/wp\/v2\/users\/1"}],"replies":[{"embeddable":true,"href":"https:\/\/mythslegendes.com\/es\/wp-json\/wp\/v2\/comments?post=21613"}],"version-history":[{"count":3,"href":"https:\/\/mythslegendes.com\/es\/wp-json\/wp\/v2\/pages\/21613\/revisions"}],"predecessor-version":[{"id":21618,"href":"https:\/\/mythslegendes.com\/es\/wp-json\/wp\/v2\/pages\/21613\/revisions\/21618"}],"up":[{"embeddable":true,"href":"https:\/\/mythslegendes.com\/es\/wp-json\/wp\/v2\/pages\/4275"}],"wp:attachment":[{"href":"https:\/\/mythslegendes.com\/es\/wp-json\/wp\/v2\/media?parent=21613"}],"curies":[{"name":"wp","href":"https:\/\/api.w.org\/{rel}","templated":true}]}}