{"id":21619,"date":"2022-08-01T11:06:26","date_gmt":"2022-08-01T11:06:26","guid":{"rendered":"https:\/\/mythslegendes.com\/?page_id=21619"},"modified":"2022-08-01T11:09:21","modified_gmt":"2022-08-01T11:09:21","slug":"conte-haida-eagle-story","status":"publish","type":"page","link":"https:\/\/mythslegendes.com\/es\/haida-tlingit-tsimshian-mitologia\/cuento-haida-eagle-story\/","title":{"rendered":"Haida Tale: Historia del \u00e1guila"},"content":{"rendered":"\t\t<div data-elementor-type=\"wp-page\" data-elementor-id=\"21619\" class=\"elementor elementor-21619\">\n\t\t\t\t\t\t<section class=\"elementor-section elementor-top-section elementor-element elementor-element-aa71216 elementor-section-boxed elementor-section-height-default elementor-section-height-default\" data-id=\"aa71216\" data-element_type=\"section\" data-e-type=\"section\">\n\t\t\t\t\t\t<div class=\"elementor-container elementor-column-gap-default\">\n\t\t\t\t\t<div class=\"elementor-column elementor-col-50 elementor-top-column elementor-element elementor-element-01db6ec\" data-id=\"01db6ec\" data-element_type=\"column\" data-e-type=\"column\">\n\t\t\t<div class=\"elementor-widget-wrap elementor-element-populated\">\n\t\t\t\t\t\t<div class=\"elementor-element elementor-element-bd86a76 elementor-align-justify elementor-widget elementor-widget-button\" data-id=\"bd86a76\" data-element_type=\"widget\" data-e-type=\"widget\" data-widget_type=\"button.default\">\n\t\t\t\t<div class=\"elementor-widget-container\">\n\t\t\t\t\t\t\t\t\t<div class=\"elementor-button-wrapper\">\n\t\t\t\t\t<a class=\"elementor-button elementor-button-link elementor-size-sm\" href=\"https:\/\/mythslegendes.com\/mythologie-haida-tlingit-tsimshian\/\">\n\t\t\t\t\t\t<span class=\"elementor-button-content-wrapper\">\n\t\t\t\t\t\t\t\t\t<span class=\"elementor-button-text\">Mythologie Haida-Tlingit-Tsimshian<\/span>\n\t\t\t\t\t<\/span>\n\t\t\t\t\t<\/a>\n\t\t\t\t<\/div>\n\t\t\t\t\t\t\t\t<\/div>\n\t\t\t\t<\/div>\n\t\t\t\t\t<\/div>\n\t\t<\/div>\n\t\t\t\t<div class=\"elementor-column elementor-col-50 elementor-top-column elementor-element elementor-element-d6fdacf\" data-id=\"d6fdacf\" data-element_type=\"column\" data-e-type=\"column\">\n\t\t\t<div class=\"elementor-widget-wrap elementor-element-populated\">\n\t\t\t\t\t\t<div class=\"elementor-element elementor-element-775b877 elementor-align-justify elementor-widget elementor-widget-button\" data-id=\"775b877\" data-element_type=\"widget\" data-e-type=\"widget\" data-widget_type=\"button.default\">\n\t\t\t\t<div class=\"elementor-widget-container\">\n\t\t\t\t\t\t\t\t\t<div class=\"elementor-button-wrapper\">\n\t\t\t\t\t<a class=\"elementor-button elementor-button-link elementor-size-sm\" href=\"http:\/\/www.native-languages.org\/haidastory.htm\" target=\"_blank\" rel=\"noopener\">\n\t\t\t\t\t\t<span class=\"elementor-button-content-wrapper\">\n\t\t\t\t\t\t\t\t\t<span class=\"elementor-button-text\">Wiki<\/span>\n\t\t\t\t\t<\/span>\n\t\t\t\t\t<\/a>\n\t\t\t\t<\/div>\n\t\t\t\t\t\t\t\t<\/div>\n\t\t\t\t<\/div>\n\t\t\t\t\t<\/div>\n\t\t<\/div>\n\t\t\t\t\t<\/div>\n\t\t<\/section>\n\t\t\t\t<section class=\"elementor-section elementor-top-section elementor-element elementor-element-4c8116a elementor-section-boxed elementor-section-height-default elementor-section-height-default\" data-id=\"4c8116a\" data-element_type=\"section\" data-e-type=\"section\">\n\t\t\t\t\t\t<div class=\"elementor-container elementor-column-gap-default\">\n\t\t\t\t\t<div class=\"elementor-column elementor-col-100 elementor-top-column elementor-element elementor-element-07dac7d\" data-id=\"07dac7d\" data-element_type=\"column\" data-e-type=\"column\">\n\t\t\t<div class=\"elementor-widget-wrap elementor-element-populated\">\n\t\t\t\t\t\t<div class=\"elementor-element elementor-element-880886d elementor-widget elementor-widget-text-editor\" data-id=\"880886d\" data-element_type=\"widget\" data-e-type=\"widget\" data-widget_type=\"text-editor.default\">\n\t\t\t\t<div class=\"elementor-widget-container\">\n\t\t\t\t\t\t\t\t\t<p>Les\u00a0<strong><a href=\"https:\/\/mythslegendes.com\/es\/haida-tlingit-tsimshian-mitologia\/\">Ha\u00efdas<\/a><\/strong> sont un peuple am\u00e9rindien de la c\u00f4te ouest du Canada et du nord des \u00c9tats-Unis, ainsi qu\u2019une partie sud-est de l\u2019Alaska, le long de la c\u00f4te du Pacifique, et dans l\u2019archipel Ha\u00efda Gwa\u00efi en particulier. Voici <a href=\"https:\/\/mythslegendes.com\/es\/haida-tlingit-tsimshian-mitologia\/\">Haida<\/a> Eagle Story (en).<\/p><p><img decoding=\"async\" class=\"alignnone wp-image-9347 size-full\" src=\"http:\/\/mythslegendes.com\/wp-content\/uploads\/2020\/09\/cropped-AlphaOmega-e1602613368367.png\" alt=\"Haida Eagle Story\" width=\"25\" height=\"25\" title=\"\"><\/p>\t\t\t\t\t\t\t\t<\/div>\n\t\t\t\t<\/div>\n\t\t\t\t\t<\/div>\n\t\t<\/div>\n\t\t\t\t\t<\/div>\n\t\t<\/section>\n\t\t\t\t<section class=\"elementor-section elementor-top-section elementor-element elementor-element-9e400fc elementor-section-boxed elementor-section-height-default elementor-section-height-default\" data-id=\"9e400fc\" data-element_type=\"section\" data-e-type=\"section\">\n\t\t\t\t\t\t<div class=\"elementor-container elementor-column-gap-default\">\n\t\t\t\t\t<div class=\"elementor-column elementor-col-100 elementor-top-column elementor-element elementor-element-26a0929\" data-id=\"26a0929\" data-element_type=\"column\" data-e-type=\"column\">\n\t\t\t<div class=\"elementor-widget-wrap elementor-element-populated\">\n\t\t\t\t\t\t<div class=\"elementor-element elementor-element-2c4e852 elementor-widget elementor-widget-heading\" data-id=\"2c4e852\" data-element_type=\"widget\" data-e-type=\"widget\" data-widget_type=\"heading.default\">\n\t\t\t\t<div class=\"elementor-widget-container\">\n\t\t\t\t\t<div id=\"ez-toc-container\" class=\"ez-toc-v2_0_82_2 counter-hierarchy ez-toc-counter ez-toc-grey ez-toc-container-direction\">\n<div class=\"ez-toc-title-container\">\n<p class=\"ez-toc-title\" style=\"cursor:inherit\">Contenus<\/p>\n<span class=\"ez-toc-title-toggle\"><a href=\"#\" class=\"ez-toc-pull-right ez-toc-btn ez-toc-btn-xs ez-toc-btn-default ez-toc-toggle\" aria-label=\"Alternar tabla de contenidos\"><span class=\"ez-toc-js-icon-con\"><span class=\"\"><span class=\"eztoc-hide\" style=\"display:none;\">Toggle<\/span><span class=\"ez-toc-icon-toggle-span\"><svg style=\"fill: #999;color:#999\" xmlns=\"http:\/\/www.w3.org\/2000\/svg\" class=\"list-377408\" width=\"20px\" height=\"20px\" viewBox=\"0 0 24 24\" fill=\"none\"><path d=\"M6 6H4v2h2V6zm14 0H8v2h12V6zM4 11h2v2H4v-2zm16 0H8v2h12v-2zM4 16h2v2H4v-2zm16 0H8v2h12v-2z\" fill=\"currentColor\"><\/path><\/svg><svg style=\"fill: #999;color:#999\" class=\"arrow-unsorted-368013\" xmlns=\"http:\/\/www.w3.org\/2000\/svg\" width=\"10px\" height=\"10px\" viewBox=\"0 0 24 24\" version=\"1.2\" baseProfile=\"tiny\"><path d=\"M18.2 9.3l-6.2-6.3-6.2 6.3c-.2.2-.3.4-.3.7s.1.5.3.7c.2.2.4.3.7.3h11c.3 0 .5-.1.7-.3.2-.2.3-.5.3-.7s-.1-.5-.3-.7zM5.8 14.7l6.2 6.3 6.2-6.3c.2-.2.3-.5.3-.7s-.1-.5-.3-.7c-.2-.2-.4-.3-.7-.3h-11c-.3 0-.5.1-.7.3-.2.2-.3.5-.3.7s.1.5.3.7z\"\/><\/svg><\/span><\/span><\/span><\/a><\/span><\/div>\n<nav><ul class='ez-toc-list ez-toc-list-level-1 ' ><li class='ez-toc-page-1 ez-toc-heading-level-2'><a class=\"ez-toc-link ez-toc-heading-1\" href=\"https:\/\/mythslegendes.com\/es\/haida-tlingit-tsimshian-mitologia\/cuento-haida-eagle-story\/#A-Haida-Eagle-Story\" >A Haida Eagle Story<\/a><\/li><\/ul><\/nav><\/div>\n<h2 class=\"elementor-heading-title elementor-size-default\"><span class=\"ez-toc-section\" id=\"A-Haida-Eagle-Story\"><\/span>A Haida Eagle Story<span class=\"ez-toc-section-end\"><\/span><\/h2>\t\t\t\t<\/div>\n\t\t\t\t<\/div>\n\t\t\t\t\t<\/div>\n\t\t<\/div>\n\t\t\t\t\t<\/div>\n\t\t<\/section>\n\t\t\t\t<section class=\"elementor-section elementor-top-section elementor-element elementor-element-d10ea02 elementor-section-boxed elementor-section-height-default elementor-section-height-default\" data-id=\"d10ea02\" data-element_type=\"section\" data-e-type=\"section\">\n\t\t\t\t\t\t<div class=\"elementor-container elementor-column-gap-default\">\n\t\t\t\t\t<div class=\"elementor-column elementor-col-100 elementor-top-column elementor-element elementor-element-2ab5fc2\" data-id=\"2ab5fc2\" data-element_type=\"column\" data-e-type=\"column\">\n\t\t\t<div class=\"elementor-widget-wrap elementor-element-populated\">\n\t\t\t\t\t\t<div class=\"elementor-element elementor-element-5b55ef4 elementor-widget elementor-widget-text-editor\" data-id=\"5b55ef4\" data-element_type=\"widget\" data-e-type=\"widget\" data-widget_type=\"text-editor.default\">\n\t\t\t\t<div class=\"elementor-widget-container\">\n\t\t\t\t\t\t\t\t\t<p>At Laltg&rsquo;iwas, near Skida&rsquo;ns, lived a chief and his sister, who had a son. This young man loved the chief&rsquo;s wife. When the chief discovered this he became jealous and thought of killing his nephew. He sent his <a href=\"https:\/\/mythslegendes.com\/es\/mythes-et-legendes-slaves-1648\/\">slaves<\/a> to fetch gum. The slaves went and bought a canoe load of gum, which the chief boiled. Then he covered the board which covers the bow of the canoe with the gum. After this was done he sent his slaves to shoot eagles, and he spread the down over the gum so as to make it invisible. After he had thus prepared his canoe he called his nephew. His slaves went into his house to call him. He obeyed their summons, and went to his uncle&rsquo;s house, who requested him to go out to sea, hunting. The young man took his quiver, which contained two bows and many arrows. The young man asked his uncle: \u00a0\u00bb What kind of a blanket shall I wear when I go hunting?\u00a0\u00bb Then the chief gave him two marten blankets. He continued: \u00ab\u00a0What kind of ear ornament shall I wear when I go hunting?\u00a0\u00bb His uncle gave him ear ornaments made of caribou skin.<br \/><br \/>When the weather was clear and calm he started hunting seals. Before they started the chief said to his slaves: \u00ab\u00a0When he harpoons a seal push him so that he will fall on the board in the bow of the canoe. He will stick to it, and then throw him overboard.\u00a0\u00bb They went out to sea, and, when the young man was about to harpoon a seal, the <a href=\"https:\/\/mythslegendes.com\/es\/mythes-et-legendes-slaves-1648\/\">slave<\/a> pushed him so that he fell down on the board. He was unable to free himself because the gum was holding him. Then the slaves took the board, threw it overboard, and returned home. They said that the young man had fallen overboard and that they had been unable to save him. Then all the people were sad.<br \/><br \/>The young man drifted about on the sea, and the wind drifted the board ashore near a town. He crawled up toward the houses, but, when the sun was shining warmly, the gum softened, and he was able to free himself. He dried his blankets in the warm sunshine.<br \/><br \/>Now he heard two women singing. Their voices were very beautiful. After a while they approached him. They were very beautiful. They addressed him, saying: \u00ab\u00a0We know that your uncle is jealous of you, and therefore he ordered his slaves to throw you into the sea. Accompany us to our father&rsquo;s country. It is not far from here. We will look after you.\u00a0\u00bb Then he accompanied them, and soon they arrived at a large town. One of the girls was the chief&rsquo;s daughter, while the other one was her slave. She was the daughter of the Eagle.<br \/><br \/>Now they entered the chief&rsquo;s house. He was offered a seat and was given to eat. The chief was glad to see him. The girl&rsquo;s mother, whose name was G.otso&rsquo;na, was very old. She was quite bald. Early every morning the Eagles went out hunting whales. When they returned they gave the whales to the old woman. One day the youth desired to accompany the hunters. He said to his wife: \u00ab\u00a0Tell your father that I wish to see how he hunts whales.\u00a0\u00bb The young woman told her father, who replied: \u00a0\u00bb Here is an eagle skin. Give it to your husband.\u00a0\u00bb He put it on and flew out with the Eagles. Before he started, the old woman warned him, saying: \u00ab\u00a0Don&rsquo;t try to catch a clam. Its head looks just like that of a sea otter. A long time ago one of our hunters tried to catch it, and it drowned him. For this reason we are afraid of it.\u00a0\u00bb<br \/><br \/>They went out to sea and saw many whales. The young man caught one. He did not And it difficult to lift it. The eagle skin which he had on was one the chief had used when he was a young man. For that reason it made him very strong. In the evening they returned, and he gave his whale to the old woman. He was so eager to go out again whaling that he was unable to sleep. Early next morning he started and continued to catch whales. Thus he continued to do for many years. The old woman warned him frequently, saying: \u00ab\u00a0Don&rsquo;t try to catch that small black animal whose head looks like that of a sea otter.\u00a0\u00bb<br \/><br \/>One morning, when he started, he thought: \u00ab\u00a0To-day I shall try to catch two whales, one in each hand.\u00a0\u00bb When he saw two whales he swooped down and took one in each talon. He did not find them too heavy and carried them home. He gave them to the old woman. When he found that he was strong enough to lift two whales, he thought he would be able to conquer the animal of which the old woman had warned him. He started early in the morning, and, as soon as he saw the clam, he swooped down on it and succeeded in lifting it. But soon he felt his strength leaving him, and he began to sink down lower and lower. Now the clam had dragged him down to the surface of the water. Then one of the Eagles came to his assistance. He took hold of his wings and tried to pull him up, but in vain. The clam pulled him down. Another Eagle came to their help, but they were unable to overcome the clam. All the whale hunters came to their assistance, but all of them we&rsquo;re dragged down under the water.<br \/><br \/>Now only one of the Eagles was left. He returned home and told the old woman what had happened. Then she said: \u00a0\u00bb Ngai, ngai, ngai!\u00a0\u00bb She sharpened her nails and put on her skin, which looked very old and ragged. Now she was an old Eagle, who had lost many feathers. She flew out to sea, and sang: \u00a0\u00bb Why did my son-in-law disobey me? Ngai, ngai, ngai!\u00a0\u00bb When she came to the place where the clam had drowned the Eagles, she saw the wings of one Eagle only, above the surface of the water. She took hold of them and tried to lift them. She was almost dragged under water; but gradually she began to rise. She tried three times. The fourth time she succeeded in raising the Eagle. Again she sang: \u00ab\u00a0Why did my son-in-law disobey me? Ngai, ngai, ngai!\u00a0\u00bb Then she heard a noise underwater, \u00ab\u00a0Ox!\u00a0\u00bb Then she lifted all the Eagles, and took them back home.<br \/><br \/>Now the young man resolved to take revenge on the people who had killed him. He put on his eagle skin and flew to his uncle&rsquo;s village. There he alighted on the top of a tree. When the people saw him they attempted to shoot him, because they were desirous of obtaining the Eagle&rsquo;s feathers for winging their arrows; but they were unable to hit him. Now his uncle&rsquo;s son attempted to shoot him. At once he swooped down, grasped him, and carried him upward. One of the men of the village tried to hold the boy, but he also was lifted upward; and thus he raised all the men of the village. He carried them out to sea and dropped them into the water, where they were drowned.<br \/><br \/>The young man continued to live there for many years, but finally he became homesick. He did not laugh and stayed at home all the time. Then the old woman asked her daughter: \u00ab\u00a0Why is your husband sad?\u00a0\u00bb His wife replied: \u00a0\u00bb He wishes to return to his uncle&rsquo;s village.\u00a0\u00bb Then the old woman gave him the skin of the bird t&rsquo;En. [It has a red throat, and is eaten by the whites]. He put it on and flew back. The village was entirely deserted, because he had killed all the people. Only his two younger sisters remained, who had been hidden at the time of his former visit. They were crying all the time. When they saw the bird they made a noose of their own hair, and he allowed himself to be caught.<\/p>\t\t\t\t\t\t\t\t<\/div>\n\t\t\t\t<\/div>\n\t\t\t\t\t<\/div>\n\t\t<\/div>\n\t\t\t\t\t<\/div>\n\t\t<\/section>\n\t\t\t\t<\/div>\n\t\t","protected":false},"excerpt":{"rendered":"<p>Haida-Tlingit-Tsimshian Mythology Wiki Los Haida son un pueblo nativo americano de la costa oeste de Canad\u00e1 y el norte de los Estados Unidos, como \u2026 <\/p>","protected":false},"author":1,"featured_media":0,"parent":4275,"menu_order":0,"comment_status":"closed","ping_status":"closed","template":"","meta":{"footnotes":""},"class_list":["post-21619","page","type-page","status-publish","hentry"],"amp_enabled":true,"_links":{"self":[{"href":"https:\/\/mythslegendes.com\/es\/wp-json\/wp\/v2\/pages\/21619","targetHints":{"allow":["GET"]}}],"collection":[{"href":"https:\/\/mythslegendes.com\/es\/wp-json\/wp\/v2\/pages"}],"about":[{"href":"https:\/\/mythslegendes.com\/es\/wp-json\/wp\/v2\/types\/page"}],"author":[{"embeddable":true,"href":"https:\/\/mythslegendes.com\/es\/wp-json\/wp\/v2\/users\/1"}],"replies":[{"embeddable":true,"href":"https:\/\/mythslegendes.com\/es\/wp-json\/wp\/v2\/comments?post=21619"}],"version-history":[{"count":3,"href":"https:\/\/mythslegendes.com\/es\/wp-json\/wp\/v2\/pages\/21619\/revisions"}],"predecessor-version":[{"id":21623,"href":"https:\/\/mythslegendes.com\/es\/wp-json\/wp\/v2\/pages\/21619\/revisions\/21623"}],"up":[{"embeddable":true,"href":"https:\/\/mythslegendes.com\/es\/wp-json\/wp\/v2\/pages\/4275"}],"wp:attachment":[{"href":"https:\/\/mythslegendes.com\/es\/wp-json\/wp\/v2\/media?parent=21619"}],"curies":[{"name":"wp","href":"https:\/\/api.w.org\/{rel}","templated":true}]}}