{"id":21624,"date":"2022-08-01T11:10:31","date_gmt":"2022-08-01T11:10:31","guid":{"rendered":"https:\/\/mythslegendes.com\/?page_id=21624"},"modified":"2022-08-01T11:14:33","modified_gmt":"2022-08-01T11:14:33","slug":"conte-haida-eh-kolie","status":"publish","type":"page","link":"https:\/\/mythslegendes.com\/es\/haida-tlingit-tsimshian-mitologia\/cuento-haida-eh-kolie\/","title":{"rendered":"Historia Haida: Eh-Kolie"},"content":{"rendered":"<div data-elementor-type=\"wp-page\" data-elementor-id=\"21624\" class=\"elementor elementor-21624\">\n\t\t\t\t\t\t<section class=\"elementor-section elementor-top-section elementor-element elementor-element-df2ad03 elementor-section-boxed elementor-section-height-default elementor-section-height-default\" data-id=\"df2ad03\" data-element_type=\"section\" data-e-type=\"section\">\n\t\t\t\t\t\t<div class=\"elementor-container elementor-column-gap-default\">\n\t\t\t\t\t<div class=\"elementor-column elementor-col-50 elementor-top-column elementor-element elementor-element-723dc5e\" data-id=\"723dc5e\" data-element_type=\"column\" data-e-type=\"column\">\n\t\t\t<div class=\"elementor-widget-wrap elementor-element-populated\">\n\t\t\t\t\t\t<div class=\"elementor-element elementor-element-3ce08e3 elementor-align-justify elementor-widget elementor-widget-button\" data-id=\"3ce08e3\" data-element_type=\"widget\" data-e-type=\"widget\" data-widget_type=\"button.default\">\n\t\t\t\t<div class=\"elementor-widget-container\">\n\t\t\t\t\t\t\t\t\t<div class=\"elementor-button-wrapper\">\n\t\t\t\t\t<a class=\"elementor-button elementor-button-link elementor-size-sm\" href=\"https:\/\/mythslegendes.com\/es\/haida-tlingit-tsimshian-mitologia\/\">\n\t\t\t\t\t\t<span class=\"elementor-button-content-wrapper\">\n\t\t\t\t\t\t\t\t\t<span class=\"elementor-button-text\">Mitolog\u00eda Haida-Tlingit-Tsimshian<\/span>\n\t\t\t\t\t<\/span>\n\t\t\t\t\t<\/a>\n\t\t\t\t<\/div>\n\t\t\t\t\t\t\t\t<\/div>\n\t\t\t\t<\/div>\n\t\t\t\t\t<\/div>\n\t\t<\/div>\n\t\t\t\t<div class=\"elementor-column elementor-col-50 elementor-top-column elementor-element elementor-element-c9bdb2c\" data-id=\"c9bdb2c\" data-element_type=\"column\" data-e-type=\"column\">\n\t\t\t<div class=\"elementor-widget-wrap elementor-element-populated\">\n\t\t\t\t\t\t<div class=\"elementor-element elementor-element-69b5f7f elementor-align-justify elementor-widget elementor-widget-button\" data-id=\"69b5f7f\" data-element_type=\"widget\" data-e-type=\"widget\" data-widget_type=\"button.default\">\n\t\t\t\t<div class=\"elementor-widget-container\">\n\t\t\t\t\t\t\t\t\t<div class=\"elementor-button-wrapper\">\n\t\t\t\t\t<a class=\"elementor-button elementor-button-link elementor-size-sm\" href=\"https:\/\/www.sacred-texts.com\/nam\/nw\/ttb\/ttb35.htm\" target=\"_blank\" rel=\"noopener\">\n\t\t\t\t\t\t<span class=\"elementor-button-content-wrapper\">\n\t\t\t\t\t\t\t\t\t<span class=\"elementor-button-text\">Wiki<\/span>\n\t\t\t\t\t<\/span>\n\t\t\t\t\t<\/a>\n\t\t\t\t<\/div>\n\t\t\t\t\t\t\t\t<\/div>\n\t\t\t\t<\/div>\n\t\t\t\t\t<\/div>\n\t\t<\/div>\n\t\t\t\t\t<\/div>\n\t\t<\/section>\n\t\t\t\t<section class=\"elementor-section elementor-top-section elementor-element elementor-element-015f2f5 elementor-section-boxed elementor-section-height-default elementor-section-height-default\" data-id=\"015f2f5\" data-element_type=\"section\" data-e-type=\"section\">\n\t\t\t\t\t\t<div class=\"elementor-container elementor-column-gap-default\">\n\t\t\t\t\t<div class=\"elementor-column elementor-col-100 elementor-top-column elementor-element elementor-element-65e2654\" data-id=\"65e2654\" data-element_type=\"column\" data-e-type=\"column\">\n\t\t\t<div class=\"elementor-widget-wrap elementor-element-populated\">\n\t\t\t\t\t\t<div class=\"elementor-element elementor-element-8c35c5d elementor-widget elementor-widget-text-editor\" data-id=\"8c35c5d\" data-element_type=\"widget\" data-e-type=\"widget\" data-widget_type=\"text-editor.default\">\n\t\t\t\t<div class=\"elementor-widget-container\">\n\t\t\t\t\t\t\t\t\t<p>los\u00a0<strong><a href=\"https:\/\/mythslegendes.com\/es\/haida-tlingit-tsimshian-mitologia\/\">Haida<\/a><\/strong> son un pueblo nativo americano de la costa oeste de Canad\u00e1 y el norte de Estados Unidos, as\u00ed como de una parte sureste de Alaska, a lo largo de la costa del Pac\u00edfico y en el archipi\u00e9lago Haida Gwai en particular. Aqu\u00ed est\u00e1 la historia de la ballena Eh-Kolie.<\/p><p><img decoding=\"async\" class=\"alignnone wp-image-9347 size-full\" src=\"http:\/\/mythslegendes.com\/wp-content\/uploads\/2020\/09\/cropped-AlphaOmega-e1602613368367.png\" alt=\"ballena eh-kolie\" width=\"25\" height=\"25\" title=\"\"><\/p>\t\t\t\t\t\t\t\t<\/div>\n\t\t\t\t<\/div>\n\t\t\t\t\t<\/div>\n\t\t<\/div>\n\t\t\t\t\t<\/div>\n\t\t<\/section>\n\t\t\t\t<section class=\"elementor-section elementor-top-section elementor-element elementor-element-1d267a5 elementor-section-boxed elementor-section-height-default elementor-section-height-default\" data-id=\"1d267a5\" data-element_type=\"section\" data-e-type=\"section\">\n\t\t\t\t\t\t<div class=\"elementor-container elementor-column-gap-default\">\n\t\t\t\t\t<div class=\"elementor-column elementor-col-100 elementor-top-column elementor-element elementor-element-868edc4\" data-id=\"868edc4\" data-element_type=\"column\" data-e-type=\"column\">\n\t\t\t<div class=\"elementor-widget-wrap elementor-element-populated\">\n\t\t\t\t\t\t<div class=\"elementor-element elementor-element-21f7997 elementor-widget elementor-widget-heading\" data-id=\"21f7997\" data-element_type=\"widget\" data-e-type=\"widget\" data-widget_type=\"heading.default\">\n\t\t\t\t<div class=\"elementor-widget-container\">\n\t\t\t\t\t<div id=\"ez-toc-container\" class=\"ez-toc-v2_0_82_2 counter-hierarchy ez-toc-counter ez-toc-grey ez-toc-container-direction\">\n<div class=\"ez-toc-title-container\">\n<p class=\"ez-toc-title\" style=\"cursor:inherit\">Contenido<\/p>\n<span class=\"ez-toc-title-toggle\"><a href=\"#\" class=\"ez-toc-pull-right ez-toc-btn ez-toc-btn-xs ez-toc-btn-default ez-toc-toggle\" aria-label=\"Alternar tabla de contenidos\"><span class=\"ez-toc-js-icon-con\"><span class=\"\"><span class=\"eztoc-hide\" style=\"display:none;\">Palanca<\/span><span class=\"ez-toc-icon-toggle-span\"><svg style=\"fill: #999;color:#999\" xmlns=\"http:\/\/www.w3.org\/2000\/svg\" class=\"list-377408\" width=\"20px\" height=\"20px\" viewbox=\"0 0 24 24\" fill=\"none\"><path d=\"M6 6H4v2h2V6zm14 0H8v2h12V6zM4 11h2v2H4v-2zm16 0H8v2h12v-2zM4 16h2v2H4v-2zm16 0H8v2h12v-2z\" fill=\"currentColor\"><\/path><\/svg><svg style=\"fill: #999;color:#999\" class=\"arrow-unsorted-368013\" xmlns=\"http:\/\/www.w3.org\/2000\/svg\" width=\"10px\" height=\"10px\" viewbox=\"0 0 24 24\" version=\"1.2\" baseprofile=\"tiny\"><path d=\"M18.2 9.3l-6.2-6.3-6.2 6.3c-.2.2-.3.4-.3.7s.1.5.3.7c.2.2.4.3.7.3h11c.3 0 .5-.1.7-.3.2-.2.3-.5.3-.7s-.1-.5-.3-.7zM5.8 14.7l6.2 6.3 6.2-6.3c.2-.2.3-.5.3-.7s-.1-.5-.3-.7c-.2-.2-.4-.3-.7-.3h-11c-.3 0-.5.1-.7.3-.2.2-.3.5-.3.7s.1.5.3.7z\"\/><\/svg><\/span><\/span><\/span><\/a><\/span><\/div>\n<nav><ul class='ez-toc-list ez-toc-list-level-1' ><li class='ez-toc-page-1 ez-toc-heading-level-2'><a class=\"ez-toc-link ez-toc-heading-1\" href=\"https:\/\/mythslegendes.com\/es\/haida-tlingit-tsimshian-mitologia\/cuento-haida-eh-kolie\/#La-baleine-Eh-Kolie\" >La ballena Eh-Kolie<\/a><\/li><\/ul><\/nav><\/div>\n<h2 class=\"elementor-heading-title elementor-size-default\"><span class=\"ez-toc-section\" id=\"La-baleine-Eh-Kolie\"><\/span>La ballena Eh-Kolie<span class=\"ez-toc-section-end\"><\/span><\/h2>\t\t\t\t<\/div>\n\t\t\t\t<\/div>\n\t\t\t\t\t<\/div>\n\t\t<\/div>\n\t\t\t\t\t<\/div>\n\t\t<\/section>\n\t\t\t\t<section class=\"elementor-section elementor-top-section elementor-element elementor-element-1fa427e elementor-section-boxed elementor-section-height-default elementor-section-height-default\" data-id=\"1fa427e\" data-element_type=\"section\" data-e-type=\"section\">\n\t\t\t\t\t\t<div class=\"elementor-container elementor-column-gap-default\">\n\t\t\t\t\t<div class=\"elementor-column elementor-col-100 elementor-top-column elementor-element elementor-element-24a1a7e\" data-id=\"24a1a7e\" data-element_type=\"column\" data-e-type=\"column\">\n\t\t\t<div class=\"elementor-widget-wrap elementor-element-populated\">\n\t\t\t\t\t\t<div class=\"elementor-element elementor-element-681d28a elementor-widget elementor-widget-text-editor\" data-id=\"681d28a\" data-element_type=\"widget\" data-e-type=\"widget\" data-widget_type=\"text-editor.default\">\n\t\t\t\t<div class=\"elementor-widget-container\">\n\t\t\t\t\t\t\t\t\t<p>Desde el ocaso de la historia tribal, el emblema de la ballena ha sido utilizado por los indios Nootka de la isla de Vancouver. Esta tribu eran grandes cazadores marinos y persegu\u00edan a la ballena a muchas millas de la tierra en sus canoas Wolf.<\/p><p>Los Nootkas cre\u00edan que su universo yac\u00eda sobre el lomo de una gran ballena y que en el fondo del mar habitaba en una casa comunitaria. El que es conocido como\u00a0<b>Eah-toop<\/b>, la ballena franca, gobernaba este Dominio. En su casa hab\u00eda dos hermosas mujeres j\u00f3venes parecidas a sirenas cuyos nombres eran\u00a0<b>Ohk-iss<\/b>\u00a0y\u00a0<b>pagos<\/b>\u00a0y quienes, en un momento, fueron secuestrados por el esp\u00edritu de\u00a0<b>Conjunto de pecados<\/b>\u00a0pero fueron rescatados de la casa de los Lobos por Tootooch, el P\u00e1jaro del Trueno y devueltos por \u00e9l a su hogar en el fondo del oc\u00e9ano.<\/p><p>Los indios siempre se regocijaban cuando arrojaban una ballena a la playa y, si el jefe de la tribu no estaba presente, hab\u00eda muchas peleas y ri\u00f1as. A menudo los cuchillos destellaban y cortaban. Algunos querr\u00edan tal o cual trozo de carne o grasa de ballena. Tradicionalmente, la ballena pertenec\u00eda al Jefe, quien la divid\u00eda seg\u00fan el rango de los individuos de la comunidad despu\u00e9s, por supuesto, de seleccionar las partes m\u00e1s selectas para su propia casa. La carne se herv\u00eda, se extra\u00eda el aceite y se almacenaba para utilizarla m\u00e1s tarde con pescado y otros alimentos.<\/p><p>EN <a href=\"https:\/\/mythslegendes.com\/es\/haida-tlingit-tsimshian-mitologia\/\">Haida<\/a> La leyenda cuenta el siguiente incidente: El cuervo estaba terriblemente hambriento y quer\u00eda comer una ballena. Mat\u00f3 a uno esperando a que la ballena apareciera y soplara y, cuando se abri\u00f3 su orificio de expulsi\u00f3n, el cuervo vol\u00f3 por su garganta y le mordi\u00f3 el coraz\u00f3n hasta que muri\u00f3. El Cuervo olvid\u00f3 que cuando una ballena estaba muerta el orificio de expulsi\u00f3n se cerrar\u00eda, y aunque hizo mucho alboroto y ruido no pudo escapar. Era prisionero de su propia locura.<\/p><p>La ballena muerta finalmente lleg\u00f3 flotando a una playa cerca de un pueblo indio. Los indios se apoderaron del premio y comenzaron a descuartizarlo. Mientras lo hac\u00edan, el Cuervo sali\u00f3 volando y desapareci\u00f3 detr\u00e1s de la aldea. Luego regres\u00f3 en forma humana mientras los indios todav\u00eda estaban trabajando con la ballena. Les dijo: \u201cHoy ten\u00e9is suerte. \u00bb Ellos respondieron: \u201c\u00bfT\u00fa lo crees? Bueno, aqu\u00ed hay una extra\u00f1a suerte. &quot; &quot;\u00bfLo que est\u00e1 mal?&quot; \u00bb pregunt\u00f3 Cuervo. Luego le dijeron que cuando empezaron a cortar la ballena, sali\u00f3 volando un p\u00e1jaro.\u00a0<\/p><p>Parec\u00eda muy sorprendido por esto. Pidi\u00f3 que le permitieran ayudarles a terminar y se apresuraron a llenar sus cajas con la carne y la grasa para alejarlas del alcance de la marea entrante. Raven sugiri\u00f3 que deber\u00edan celebrar una reuni\u00f3n en la casa del Jefe y dividir la ballena para que todos supieran lo afortunado que era. Cuando estuvieron fuera, asumi\u00f3 nuevamente su forma de p\u00e1jaro y, recogiendo todas sus cajas de carne de ballena, vol\u00f3 con ellos a una monta\u00f1a escarpada, gritando una y otra vez: \u201cKaw-kaw, algunas personas nunca conocen su suerte. \u00bb<\/p>\t\t\t\t\t\t\t\t<\/div>\n\t\t\t\t<\/div>\n\t\t\t\t\t<\/div>\n\t\t<\/div>\n\t\t\t\t\t<\/div>\n\t\t<\/section>\n\t\t\t\t<\/div>","protected":false},"excerpt":{"rendered":"<p>Haida-Tlingit-Tsimshian Mythology Wiki Los Haida son un pueblo nativo americano de la costa oeste de Canad\u00e1 y el norte de los Estados Unidos, como \u2026 <\/p>","protected":false},"author":1,"featured_media":0,"parent":4275,"menu_order":0,"comment_status":"closed","ping_status":"closed","template":"","meta":{"footnotes":""},"class_list":["post-21624","page","type-page","status-publish","hentry"],"amp_enabled":true,"_links":{"self":[{"href":"https:\/\/mythslegendes.com\/es\/wp-json\/wp\/v2\/pages\/21624","targetHints":{"allow":["GET"]}}],"collection":[{"href":"https:\/\/mythslegendes.com\/es\/wp-json\/wp\/v2\/pages"}],"about":[{"href":"https:\/\/mythslegendes.com\/es\/wp-json\/wp\/v2\/types\/page"}],"author":[{"embeddable":true,"href":"https:\/\/mythslegendes.com\/es\/wp-json\/wp\/v2\/users\/1"}],"replies":[{"embeddable":true,"href":"https:\/\/mythslegendes.com\/es\/wp-json\/wp\/v2\/comments?post=21624"}],"version-history":[{"count":3,"href":"https:\/\/mythslegendes.com\/es\/wp-json\/wp\/v2\/pages\/21624\/revisions"}],"predecessor-version":[{"id":21628,"href":"https:\/\/mythslegendes.com\/es\/wp-json\/wp\/v2\/pages\/21624\/revisions\/21628"}],"up":[{"embeddable":true,"href":"https:\/\/mythslegendes.com\/es\/wp-json\/wp\/v2\/pages\/4275"}],"wp:attachment":[{"href":"https:\/\/mythslegendes.com\/es\/wp-json\/wp\/v2\/media?parent=21624"}],"curies":[{"name":"wp","href":"https:\/\/api.w.org\/{rel}","templated":true}]}}