{"id":21638,"date":"2022-08-01T11:36:38","date_gmt":"2022-08-01T11:36:38","guid":{"rendered":"https:\/\/mythslegendes.com\/?page_id=21638"},"modified":"2022-08-01T11:38:40","modified_gmt":"2022-08-01T11:38:40","slug":"conte-tlingit-how-mosquitoes-came-to-be","status":"publish","type":"page","link":"https:\/\/mythslegendes.com\/es\/haida-tlingit-tsimshian-mitologia\/cuento-tlingit-como-los-mosquitos-llegaron-a-ser\/","title":{"rendered":"Historia tlingit: c\u00f3mo surgieron los mosquitos"},"content":{"rendered":"<div data-elementor-type=\"wp-page\" data-elementor-id=\"21638\" class=\"elementor elementor-21638\">\n\t\t\t\t\t\t<section class=\"elementor-section elementor-top-section elementor-element elementor-element-88afce1 elementor-section-boxed elementor-section-height-default elementor-section-height-default\" data-id=\"88afce1\" data-element_type=\"section\" data-e-type=\"section\">\n\t\t\t\t\t\t<div class=\"elementor-container elementor-column-gap-default\">\n\t\t\t\t\t<div class=\"elementor-column elementor-col-50 elementor-top-column elementor-element elementor-element-1f7f939\" data-id=\"1f7f939\" data-element_type=\"column\" data-e-type=\"column\">\n\t\t\t<div class=\"elementor-widget-wrap elementor-element-populated\">\n\t\t\t\t\t\t<div class=\"elementor-element elementor-element-5707719 elementor-align-justify elementor-widget elementor-widget-button\" data-id=\"5707719\" data-element_type=\"widget\" data-e-type=\"widget\" data-widget_type=\"button.default\">\n\t\t\t\t<div class=\"elementor-widget-container\">\n\t\t\t\t\t\t\t\t\t<div class=\"elementor-button-wrapper\">\n\t\t\t\t\t<a class=\"elementor-button elementor-button-link elementor-size-sm\" href=\"https:\/\/mythslegendes.com\/es\/haida-tlingit-tsimshian-mitologia\/\">\n\t\t\t\t\t\t<span class=\"elementor-button-content-wrapper\">\n\t\t\t\t\t\t\t\t\t<span class=\"elementor-button-text\">Mitolog\u00eda Haida-Tlingit-Tsimshian<\/span>\n\t\t\t\t\t<\/span>\n\t\t\t\t\t<\/a>\n\t\t\t\t<\/div>\n\t\t\t\t\t\t\t\t<\/div>\n\t\t\t\t<\/div>\n\t\t\t\t\t<\/div>\n\t\t<\/div>\n\t\t\t\t<div class=\"elementor-column elementor-col-50 elementor-top-column elementor-element elementor-element-92c7280\" data-id=\"92c7280\" data-element_type=\"column\" data-e-type=\"column\">\n\t\t\t<div class=\"elementor-widget-wrap elementor-element-populated\">\n\t\t\t\t\t\t<div class=\"elementor-element elementor-element-14d3d78 elementor-align-justify elementor-widget elementor-widget-button\" data-id=\"14d3d78\" data-element_type=\"widget\" data-e-type=\"widget\" data-widget_type=\"button.default\">\n\t\t\t\t<div class=\"elementor-widget-container\">\n\t\t\t\t\t\t\t\t\t<div class=\"elementor-button-wrapper\">\n\t\t\t\t\t<a class=\"elementor-button elementor-button-link elementor-size-sm\" href=\"https:\/\/www.firstpeople.us\/FP-Html-Legends\/How_Mosquitoes_Came_To_Be-Tlingit.html\" target=\"_blank\" rel=\"noopener\">\n\t\t\t\t\t\t<span class=\"elementor-button-content-wrapper\">\n\t\t\t\t\t\t\t\t\t<span class=\"elementor-button-text\">Wiki<\/span>\n\t\t\t\t\t<\/span>\n\t\t\t\t\t<\/a>\n\t\t\t\t<\/div>\n\t\t\t\t\t\t\t\t<\/div>\n\t\t\t\t<\/div>\n\t\t\t\t\t<\/div>\n\t\t<\/div>\n\t\t\t\t\t<\/div>\n\t\t<\/section>\n\t\t\t\t<section class=\"elementor-section elementor-top-section elementor-element elementor-element-2ba897f elementor-section-boxed elementor-section-height-default elementor-section-height-default\" data-id=\"2ba897f\" data-element_type=\"section\" data-e-type=\"section\">\n\t\t\t\t\t\t<div class=\"elementor-container elementor-column-gap-default\">\n\t\t\t\t\t<div class=\"elementor-column elementor-col-100 elementor-top-column elementor-element elementor-element-1b6b71e\" data-id=\"1b6b71e\" data-element_type=\"column\" data-e-type=\"column\">\n\t\t\t<div class=\"elementor-widget-wrap elementor-element-populated\">\n\t\t\t\t\t\t<div class=\"elementor-element elementor-element-ee0537b elementor-widget elementor-widget-text-editor\" data-id=\"ee0537b\" data-element_type=\"widget\" data-e-type=\"widget\" data-widget_type=\"text-editor.default\">\n\t\t\t\t<div class=\"elementor-widget-container\">\n\t\t\t\t\t\t\t\t\t<p>los\u00a0<strong><a href=\"https:\/\/mythslegendes.com\/es\/haida-tlingit-tsimshian-mitologia\/\">Tlingit<\/a><\/strong> son una etnia ind\u00edgena de Am\u00e9rica del Norte, espec\u00edficamente un pueblo nativo de Alaska. Ocupan el sureste de Alaska, un territorio que incluye la zona costera del sureste de Alaska y las islas que la rodean. Esta es su historia: c\u00f3mo surgieron los mosquitos.<\/p><p><img decoding=\"async\" class=\"alignnone wp-image-9347 size-full\" src=\"http:\/\/mythslegendes.com\/wp-content\/uploads\/2020\/09\/cropped-AlphaOmega-e1602613368367.png\" alt=\"C\u00f3mo surgieron los mosquitos\" width=\"25\" height=\"25\" title=\"\"><\/p>\t\t\t\t\t\t\t\t<\/div>\n\t\t\t\t<\/div>\n\t\t\t\t\t<\/div>\n\t\t<\/div>\n\t\t\t\t\t<\/div>\n\t\t<\/section>\n\t\t\t\t<section class=\"elementor-section elementor-top-section elementor-element elementor-element-3c5c1e3 elementor-section-boxed elementor-section-height-default elementor-section-height-default\" data-id=\"3c5c1e3\" data-element_type=\"section\" data-e-type=\"section\">\n\t\t\t\t\t\t<div class=\"elementor-container elementor-column-gap-default\">\n\t\t\t\t\t<div class=\"elementor-column elementor-col-100 elementor-top-column elementor-element elementor-element-38bb639\" data-id=\"38bb639\" data-element_type=\"column\" data-e-type=\"column\">\n\t\t\t<div class=\"elementor-widget-wrap elementor-element-populated\">\n\t\t\t\t\t\t<div class=\"elementor-element elementor-element-53e21aa elementor-widget elementor-widget-heading\" data-id=\"53e21aa\" data-element_type=\"widget\" data-e-type=\"widget\" data-widget_type=\"heading.default\">\n\t\t\t\t<div class=\"elementor-widget-container\">\n\t\t\t\t\t<div id=\"ez-toc-container\" class=\"ez-toc-v2_0_82_2 counter-hierarchy ez-toc-counter ez-toc-grey ez-toc-container-direction\">\n<div class=\"ez-toc-title-container\">\n<p class=\"ez-toc-title\" style=\"cursor:inherit\">Contenido<\/p>\n<span class=\"ez-toc-title-toggle\"><a href=\"#\" class=\"ez-toc-pull-right ez-toc-btn ez-toc-btn-xs ez-toc-btn-default ez-toc-toggle\" aria-label=\"Alternar tabla de contenidos\"><span class=\"ez-toc-js-icon-con\"><span class=\"\"><span class=\"eztoc-hide\" style=\"display:none;\">Palanca<\/span><span class=\"ez-toc-icon-toggle-span\"><svg style=\"fill: #999;color:#999\" xmlns=\"http:\/\/www.w3.org\/2000\/svg\" class=\"list-377408\" width=\"20px\" height=\"20px\" viewbox=\"0 0 24 24\" fill=\"none\"><path d=\"M6 6H4v2h2V6zm14 0H8v2h12V6zM4 11h2v2H4v-2zm16 0H8v2h12v-2zM4 16h2v2H4v-2zm16 0H8v2h12v-2z\" fill=\"currentColor\"><\/path><\/svg><svg style=\"fill: #999;color:#999\" class=\"arrow-unsorted-368013\" xmlns=\"http:\/\/www.w3.org\/2000\/svg\" width=\"10px\" height=\"10px\" viewbox=\"0 0 24 24\" version=\"1.2\" baseprofile=\"tiny\"><path d=\"M18.2 9.3l-6.2-6.3-6.2 6.3c-.2.2-.3.4-.3.7s.1.5.3.7c.2.2.4.3.7.3h11c.3 0 .5-.1.7-.3.2-.2.3-.5.3-.7s-.1-.5-.3-.7zM5.8 14.7l6.2 6.3 6.2-6.3c.2-.2.3-.5.3-.7s-.1-.5-.3-.7c-.2-.2-.4-.3-.7-.3h-11c-.3 0-.5.1-.7.3-.2.2-.3.5-.3.7s.1.5.3.7z\"\/><\/svg><\/span><\/span><\/span><\/a><\/span><\/div>\n<nav><ul class='ez-toc-list ez-toc-list-level-1' ><li class='ez-toc-page-1 ez-toc-heading-level-2'><a class=\"ez-toc-link ez-toc-heading-1\" href=\"https:\/\/mythslegendes.com\/es\/haida-tlingit-tsimshian-mitologia\/cuento-tlingit-como-los-mosquitos-llegaron-a-ser\/#How-Mosquitoes-came-to-be\" >C\u00f3mo surgieron los mosquitos<\/a><\/li><\/ul><\/nav><\/div>\n<h2 class=\"elementor-heading-title elementor-size-default\"><span class=\"ez-toc-section\" id=\"How-Mosquitoes-came-to-be\"><\/span>C\u00f3mo surgieron los mosquitos<span class=\"ez-toc-section-end\"><\/span><\/h2>\t\t\t\t<\/div>\n\t\t\t\t<\/div>\n\t\t\t\t\t<\/div>\n\t\t<\/div>\n\t\t\t\t\t<\/div>\n\t\t<\/section>\n\t\t\t\t<section class=\"elementor-section elementor-top-section elementor-element elementor-element-d6947f6 elementor-section-boxed elementor-section-height-default elementor-section-height-default\" data-id=\"d6947f6\" data-element_type=\"section\" data-e-type=\"section\">\n\t\t\t\t\t\t<div class=\"elementor-container elementor-column-gap-default\">\n\t\t\t\t\t<div class=\"elementor-column elementor-col-100 elementor-top-column elementor-element elementor-element-36eb73a\" data-id=\"36eb73a\" data-element_type=\"column\" data-e-type=\"column\">\n\t\t\t<div class=\"elementor-widget-wrap elementor-element-populated\">\n\t\t\t\t\t\t<div class=\"elementor-element elementor-element-6381470 elementor-widget elementor-widget-text-editor\" data-id=\"6381470\" data-element_type=\"widget\" data-e-type=\"widget\" data-widget_type=\"text-editor.default\">\n\t\t\t\t<div class=\"elementor-widget-container\">\n\t\t\t\t\t\t\t\t\t<p>Hace mucho tiempo hab\u00eda un gigante al que le encantaba matar humanos, comerse sus<br \/>carne, y beber su sangre. Le gustaban especialmente los corazones humanos.<br \/>\u201cA menos que podamos deshacernos del gigante\u201d, dec\u00eda la gente, \u201cninguno<br \/>de nosotros quedar\u00e1\u201d, y llamaron a un consejo para discutir formas<br \/>y medios Un hombre dijo: &quot;Creo que s\u00e9 c\u00f3mo matar al monstruo&quot;.<br \/>y fue al lugar donde el gigante hab\u00eda sido visto por \u00faltima vez. All\u00e1<br \/>se acost\u00f3 y fingi\u00f3 estar muerto.<\/p><p>Pronto apareci\u00f3 el gigante. Al ver al hombre tendido all\u00ed, dijo:<br \/>\u201cEstos humanos me lo est\u00e1n poniendo f\u00e1cil. Ahora ni siquiera tengo<br \/>atraparlos y matarlos; mueren justo en mi camino, probablemente por<br \/>miedo de mi! \u201cEl gigante toc\u00f3 el cuerpo. Ah, bien, dijo,<br \/>\u201cEste todav\u00eda est\u00e1 c\u00e1lido y fresco. \u00a1Qu\u00e9 comida tan sabrosa har\u00e1!<br \/>hacer; No puedo esperar para asar su coraz\u00f3n. \u00bb El gigante arroj\u00f3 el<br \/>hombre sobre su hombro, y el hombre dej\u00f3 caer su cabeza como si<br \/>estaba muerto.<\/p><p>Llevando al hombre a casa, el gigante lo dej\u00f3 caer en medio de la<br \/>piso justo al lado de la chimenea. Entonces vio que no hab\u00eda le\u00f1a,<br \/>y fue a buscar un poco. Tan pronto como el monstruo se fue, el hombre se puso<br \/>y agarr\u00f3 el enorme cuchillo desollador del gigante.<\/p><p>En ese momento entr\u00f3 el gigante, agach\u00e1ndose para entrar. \u00c9l era<br \/>Todav\u00eda peque\u00f1o como los gigantes, y el hombre sostuvo el gran cuchillo contra su<br \/>garganta. &quot;R\u00e1pido, dime, \u00bfd\u00f3nde est\u00e1 el coraz\u00f3n de tu padre?&quot; Decir<br \/>\u00a1Yo o te corto la garganta! El hijo del gigante estaba asustado. Ey<br \/>dijo: \u201cEl coraz\u00f3n de mi padre est\u00e1 en su tal\u00f3n izquierdo. \u00bb<\/p><p>En ese momento, el pie izquierdo del gigante apareci\u00f3 en la entrada, y el<br \/>El hombre hundi\u00f3 r\u00e1pidamente el cuchillo en el tal\u00f3n. El monstruo grit\u00f3<br \/>y cay\u00f3 muerto. Sin embargo, el gigante todav\u00eda habl\u00f3. &quot;Pens\u00e9 que soy<br \/>muerto, aunque me mataste, te voy a seguir comiendo y<br \/>todos los humanos del mundo por siempre! \u00bb<\/p><p>&quot;\u00a1Eso es lo que piensas! dijo el hombre. &quot;Estoy a punto<br \/>para asegurarte de no volver a comerte a nadie. \u00bb Cort\u00f3 el gigante<br \/>cuerpo en pedazos y quem\u00f3 cada uno en el fuego. Luego tom\u00f3 el<br \/>cenizas y las arroj\u00f3 al aire para que los vientos las dispersaran. instant\u00e1neamente<br \/>cada una de las part\u00edculas se convirti\u00f3 en un mosquito. La nube de cenizas<br \/>se convirti\u00f3 en una nube de mosquitos, y de en medio de ellos el hombre oy\u00f3<br \/>la voz del gigante ri\u00e9ndose, diciendo: &quot;S\u00ed, me los comer\u00e9, gente<br \/>hasta el fin de los tiempos. \u201cMientras el monstruo hablaba, el hombre sinti\u00f3<br \/>una picadura, y un mosquito comenz\u00f3 a chuparle la sangre, y luego muchos<br \/>lo picaron los mosquitos y empez\u00f3 a rascarse.<\/p>\t\t\t\t\t\t\t\t<\/div>\n\t\t\t\t<\/div>\n\t\t\t\t\t<\/div>\n\t\t<\/div>\n\t\t\t\t\t<\/div>\n\t\t<\/section>\n\t\t\t\t<\/div>","protected":false},"excerpt":{"rendered":"<p>Mythologie Haida-Tlingit-Tsimshian Wiki Les\u00a0Tlingits sont une ethnie indig\u00e8ne d\u2019Am\u00e9rique du Nord, plus pr\u00e9cis\u00e9ment un peuple autochtone d\u2019Alaska. Ils occupent l\u2019Alaska &hellip; <\/p>","protected":false},"author":1,"featured_media":0,"parent":4275,"menu_order":0,"comment_status":"closed","ping_status":"closed","template":"","meta":{"footnotes":""},"class_list":["post-21638","page","type-page","status-publish","hentry"],"amp_enabled":true,"_links":{"self":[{"href":"https:\/\/mythslegendes.com\/es\/wp-json\/wp\/v2\/pages\/21638","targetHints":{"allow":["GET"]}}],"collection":[{"href":"https:\/\/mythslegendes.com\/es\/wp-json\/wp\/v2\/pages"}],"about":[{"href":"https:\/\/mythslegendes.com\/es\/wp-json\/wp\/v2\/types\/page"}],"author":[{"embeddable":true,"href":"https:\/\/mythslegendes.com\/es\/wp-json\/wp\/v2\/users\/1"}],"replies":[{"embeddable":true,"href":"https:\/\/mythslegendes.com\/es\/wp-json\/wp\/v2\/comments?post=21638"}],"version-history":[{"count":3,"href":"https:\/\/mythslegendes.com\/es\/wp-json\/wp\/v2\/pages\/21638\/revisions"}],"predecessor-version":[{"id":21642,"href":"https:\/\/mythslegendes.com\/es\/wp-json\/wp\/v2\/pages\/21638\/revisions\/21642"}],"up":[{"embeddable":true,"href":"https:\/\/mythslegendes.com\/es\/wp-json\/wp\/v2\/pages\/4275"}],"wp:attachment":[{"href":"https:\/\/mythslegendes.com\/es\/wp-json\/wp\/v2\/media?parent=21638"}],"curies":[{"name":"wp","href":"https:\/\/api.w.org\/{rel}","templated":true}]}}