{"id":21643,"date":"2022-08-01T11:39:19","date_gmt":"2022-08-01T11:39:19","guid":{"rendered":"https:\/\/mythslegendes.com\/?page_id=21643"},"modified":"2022-08-01T11:41:46","modified_gmt":"2022-08-01T11:41:46","slug":"conte-tlingit-inviting-the-bears","status":"publish","type":"page","link":"https:\/\/mythslegendes.com\/es\/haida-tlingit-tsimshian-mitologia\/cuento-tlingit-invitando-a-los-osos\/","title":{"rendered":"Historia tlingit: invitando a los osos"},"content":{"rendered":"<div data-elementor-type=\"wp-page\" data-elementor-id=\"21643\" class=\"elementor elementor-21643\">\n\t\t\t\t\t\t<section class=\"elementor-section elementor-top-section elementor-element elementor-element-baa01a2 elementor-section-boxed elementor-section-height-default elementor-section-height-default\" data-id=\"baa01a2\" data-element_type=\"section\" data-e-type=\"section\">\n\t\t\t\t\t\t<div class=\"elementor-container elementor-column-gap-default\">\n\t\t\t\t\t<div class=\"elementor-column elementor-col-50 elementor-top-column elementor-element elementor-element-f080900\" data-id=\"f080900\" data-element_type=\"column\" data-e-type=\"column\">\n\t\t\t<div class=\"elementor-widget-wrap elementor-element-populated\">\n\t\t\t\t\t\t<div class=\"elementor-element elementor-element-9ad4c40 elementor-align-justify elementor-widget elementor-widget-button\" data-id=\"9ad4c40\" data-element_type=\"widget\" data-e-type=\"widget\" data-widget_type=\"button.default\">\n\t\t\t\t<div class=\"elementor-widget-container\">\n\t\t\t\t\t\t\t\t\t<div class=\"elementor-button-wrapper\">\n\t\t\t\t\t<a class=\"elementor-button elementor-button-link elementor-size-sm\" href=\"https:\/\/mythslegendes.com\/es\/haida-tlingit-tsimshian-mitologia\/\">\n\t\t\t\t\t\t<span class=\"elementor-button-content-wrapper\">\n\t\t\t\t\t\t\t\t\t<span class=\"elementor-button-text\">Mitolog\u00eda Haida-Tlingit-Tsimshian<\/span>\n\t\t\t\t\t<\/span>\n\t\t\t\t\t<\/a>\n\t\t\t\t<\/div>\n\t\t\t\t\t\t\t\t<\/div>\n\t\t\t\t<\/div>\n\t\t\t\t\t<\/div>\n\t\t<\/div>\n\t\t\t\t<div class=\"elementor-column elementor-col-50 elementor-top-column elementor-element elementor-element-1554e0b\" data-id=\"1554e0b\" data-element_type=\"column\" data-e-type=\"column\">\n\t\t\t<div class=\"elementor-widget-wrap elementor-element-populated\">\n\t\t\t\t\t\t<div class=\"elementor-element elementor-element-555627d elementor-align-justify elementor-widget elementor-widget-button\" data-id=\"555627d\" data-element_type=\"widget\" data-e-type=\"widget\" data-widget_type=\"button.default\">\n\t\t\t\t<div class=\"elementor-widget-container\">\n\t\t\t\t\t\t\t\t\t<div class=\"elementor-button-wrapper\">\n\t\t\t\t\t<a class=\"elementor-button elementor-button-link elementor-size-sm\" href=\"https:\/\/www.firstpeople.us\/FP-Html-Legends\/InvitingtheBears-Tlingit.html\" target=\"_blank\" rel=\"noopener\">\n\t\t\t\t\t\t<span class=\"elementor-button-content-wrapper\">\n\t\t\t\t\t\t\t\t\t<span class=\"elementor-button-text\">Wiki<\/span>\n\t\t\t\t\t<\/span>\n\t\t\t\t\t<\/a>\n\t\t\t\t<\/div>\n\t\t\t\t\t\t\t\t<\/div>\n\t\t\t\t<\/div>\n\t\t\t\t\t<\/div>\n\t\t<\/div>\n\t\t\t\t\t<\/div>\n\t\t<\/section>\n\t\t\t\t<section class=\"elementor-section elementor-top-section elementor-element elementor-element-a6c2978 elementor-section-boxed elementor-section-height-default elementor-section-height-default\" data-id=\"a6c2978\" data-element_type=\"section\" data-e-type=\"section\">\n\t\t\t\t\t\t<div class=\"elementor-container elementor-column-gap-default\">\n\t\t\t\t\t<div class=\"elementor-column elementor-col-100 elementor-top-column elementor-element elementor-element-01f1f12\" data-id=\"01f1f12\" data-element_type=\"column\" data-e-type=\"column\">\n\t\t\t<div class=\"elementor-widget-wrap elementor-element-populated\">\n\t\t\t\t\t\t<div class=\"elementor-element elementor-element-b274682 elementor-widget elementor-widget-text-editor\" data-id=\"b274682\" data-element_type=\"widget\" data-e-type=\"widget\" data-widget_type=\"text-editor.default\">\n\t\t\t\t<div class=\"elementor-widget-container\">\n\t\t\t\t\t\t\t\t\t<p>los\u00a0<strong><a href=\"https:\/\/mythslegendes.com\/es\/haida-tlingit-tsimshian-mitologia\/\">Tlingit<\/a><\/strong> son una etnia ind\u00edgena de Am\u00e9rica del Norte, espec\u00edficamente un pueblo nativo de Alaska. Aqu\u00ed est\u00e1 su cuento: Invitando a los osos.<\/p><p><img decoding=\"async\" class=\"alignnone wp-image-9347 size-full\" src=\"http:\/\/mythslegendes.com\/wp-content\/uploads\/2020\/09\/cropped-AlphaOmega-e1602613368367.png\" alt=\"invitando a los osos\" width=\"25\" height=\"25\" title=\"\"><\/p>\t\t\t\t\t\t\t\t<\/div>\n\t\t\t\t<\/div>\n\t\t\t\t\t<\/div>\n\t\t<\/div>\n\t\t\t\t\t<\/div>\n\t\t<\/section>\n\t\t\t\t<section class=\"elementor-section elementor-top-section elementor-element elementor-element-5c868db elementor-section-boxed elementor-section-height-default elementor-section-height-default\" data-id=\"5c868db\" data-element_type=\"section\" data-e-type=\"section\">\n\t\t\t\t\t\t<div class=\"elementor-container elementor-column-gap-default\">\n\t\t\t\t\t<div class=\"elementor-column elementor-col-100 elementor-top-column elementor-element elementor-element-5032ec7\" data-id=\"5032ec7\" data-element_type=\"column\" data-e-type=\"column\">\n\t\t\t<div class=\"elementor-widget-wrap elementor-element-populated\">\n\t\t\t\t\t\t<div class=\"elementor-element elementor-element-c179ab9 elementor-widget elementor-widget-heading\" data-id=\"c179ab9\" data-element_type=\"widget\" data-e-type=\"widget\" data-widget_type=\"heading.default\">\n\t\t\t\t<div class=\"elementor-widget-container\">\n\t\t\t\t\t<div id=\"ez-toc-container\" class=\"ez-toc-v2_0_82_2 counter-hierarchy ez-toc-counter ez-toc-grey ez-toc-container-direction\">\n<div class=\"ez-toc-title-container\">\n<p class=\"ez-toc-title\" style=\"cursor:inherit\">Contenido<\/p>\n<span class=\"ez-toc-title-toggle\"><a href=\"#\" class=\"ez-toc-pull-right ez-toc-btn ez-toc-btn-xs ez-toc-btn-default ez-toc-toggle\" aria-label=\"Alternar tabla de contenidos\"><span class=\"ez-toc-js-icon-con\"><span class=\"\"><span class=\"eztoc-hide\" style=\"display:none;\">Palanca<\/span><span class=\"ez-toc-icon-toggle-span\"><svg style=\"fill: #999;color:#999\" xmlns=\"http:\/\/www.w3.org\/2000\/svg\" class=\"list-377408\" width=\"20px\" height=\"20px\" viewbox=\"0 0 24 24\" fill=\"none\"><path d=\"M6 6H4v2h2V6zm14 0H8v2h12V6zM4 11h2v2H4v-2zm16 0H8v2h12v-2zM4 16h2v2H4v-2zm16 0H8v2h12v-2z\" fill=\"currentColor\"><\/path><\/svg><svg style=\"fill: #999;color:#999\" class=\"arrow-unsorted-368013\" xmlns=\"http:\/\/www.w3.org\/2000\/svg\" width=\"10px\" height=\"10px\" viewbox=\"0 0 24 24\" version=\"1.2\" baseprofile=\"tiny\"><path d=\"M18.2 9.3l-6.2-6.3-6.2 6.3c-.2.2-.3.4-.3.7s.1.5.3.7c.2.2.4.3.7.3h11c.3 0 .5-.1.7-.3.2-.2.3-.5.3-.7s-.1-.5-.3-.7zM5.8 14.7l6.2 6.3 6.2-6.3c.2-.2.3-.5.3-.7s-.1-.5-.3-.7c-.2-.2-.4-.3-.7-.3h-11c-.3 0-.5.1-.7.3-.2.2-.3.5-.3.7s.1.5.3.7z\"\/><\/svg><\/span><\/span><\/span><\/a><\/span><\/div>\n<nav><ul class='ez-toc-list ez-toc-list-level-1' ><li class='ez-toc-page-1 ez-toc-heading-level-2'><a class=\"ez-toc-link ez-toc-heading-1\" href=\"https:\/\/mythslegendes.com\/es\/haida-tlingit-tsimshian-mitologia\/cuento-tlingit-invitando-a-los-osos\/#Inviting-the-Bears\" >invitando a los osos<\/a><\/li><\/ul><\/nav><\/div>\n<h2 class=\"elementor-heading-title elementor-size-default\"><span class=\"ez-toc-section\" id=\"Inviting-the-Bears\"><\/span>invitando a los osos<span class=\"ez-toc-section-end\"><\/span><\/h2>\t\t\t\t<\/div>\n\t\t\t\t<\/div>\n\t\t\t\t\t<\/div>\n\t\t<\/div>\n\t\t\t\t\t<\/div>\n\t\t<\/section>\n\t\t\t\t<section class=\"elementor-section elementor-top-section elementor-element elementor-element-9864f2d elementor-section-boxed elementor-section-height-default elementor-section-height-default\" data-id=\"9864f2d\" data-element_type=\"section\" data-e-type=\"section\">\n\t\t\t\t\t\t<div class=\"elementor-container elementor-column-gap-default\">\n\t\t\t\t\t<div class=\"elementor-column elementor-col-100 elementor-top-column elementor-element elementor-element-b40d4a3\" data-id=\"b40d4a3\" data-element_type=\"column\" data-e-type=\"column\">\n\t\t\t<div class=\"elementor-widget-wrap elementor-element-populated\">\n\t\t\t\t\t\t<div class=\"elementor-element elementor-element-176b367 elementor-widget elementor-widget-text-editor\" data-id=\"176b367\" data-element_type=\"widget\" data-e-type=\"widget\" data-widget_type=\"text-editor.default\">\n\t\t\t\t<div class=\"elementor-widget-container\">\n\t\t\t\t\t\t\t\t\t<p>Un anciano que vive en <a href=\"https:\/\/mythslegendes.com\/es\/mythes-et-legendes-eskimo-aleut-2111\/\">Alaska<\/a> hab\u00eda perdido a todos sus amigos y familiares,<br \/>y se entristeci\u00f3 al pensar que lo hab\u00edan dejado solo. Empez\u00f3 a preguntarse<br \/>si debe irse y comenzar una nueva vida en otro pueblo.<br \/>Pero se preocup\u00f3: &quot;Si remo a otro pueblo y el<br \/>la gente all\u00ed ve que estoy solo, pueden pensar que me he escapado<br \/>de mi propio pueblo porque me acusaron de alguna cosa vergonzosa. \u00bb<br \/>En cambio, pens\u00f3 que se ir\u00eda solo al bosque.<\/p><p>Mientras este hombre viajaba por el bosque se le ocurri\u00f3 la idea<br \/>a \u00e9l para ir a los osos y dejar que los osos lo maten. La aldea<br \/>estaba en la boca de un gran salm\u00f3n <a href=\"https:\/\/mythslegendes.com\/es\/creek-seminole-mitologia\/\">Cala<\/a>, as\u00ed que se acerc\u00f3 a la<br \/>arroyo temprano en la ma\u00f1ana hasta que encontr\u00f3 un rastro de oso y se acost\u00f3<br \/>al final de la misma. Pens\u00f3 que cuando los osos salieran<br \/>este rastro lo encontrar\u00edan y lo matar\u00edan.<\/p><p>Poco a poco, mientras yac\u00eda all\u00ed, oy\u00f3 que los arbustos se romp\u00edan y vio<br \/>una gran cantidad de osos grizzly viniendo. El oso m\u00e1s grande condujo<br \/>el resto, y las puntas de sus cabellos eran blancas. Entonces el anciano<br \/>se asust\u00f3. De repente se dio cuenta de que no quer\u00eda morir un<br \/>muerte dura y se imagin\u00f3 siendo despedazado entre los osos.<br \/>Entonces, cuando el oso l\u00edder se acerc\u00f3 a \u00e9l, se puso de pie y anunci\u00f3:<br \/>\u201cHe venido a invitarte a un banquete. \u00bb<\/p><p>Ante eso, el pelaje del oso se eriz\u00f3, y el anciano pens\u00f3<br \/>que estaba acabado, pero volvi\u00f3 a hablar diciendo: &quot;He venido<br \/>para invitarte a un banquete, pero si me vas a matar, estoy<br \/>dispuesto a morir Estoy solo. He perdido a toda mi familia, mi propiedad,<br \/>y mis amigos. \u00bb<\/p><p>Tan pronto como hubo dicho esto, el oso l\u00edder se volvi\u00f3 y gimi\u00f3.<br \/>a los osos que los segu\u00edan. Luego emprendi\u00f3 el regreso y el resto<br \/>lo sigui\u00f3. Despu\u00e9s el hombre se levant\u00f3 y camin\u00f3 hacia su aldea.<br \/>muy rapido. Imagin\u00f3 que el oso m\u00e1s grande le hab\u00eda dicho a su gente<br \/>regresar porque fueron invitados a una fiesta.<\/p><p>Cuando lleg\u00f3 a casa empez\u00f3 a limpiar. La vieja arena alrededor del<br \/>Chimenea que quit\u00f3 y reemplaz\u00f3 con arena limpia. Luego se fue<br \/>para una carga de le\u00f1a. Cuando le dijo a las otras personas en ese pueblo<br \/>qu\u00e9 estaba haciendo y por qu\u00e9, todos estaban muy asustados y<br \/>le dijo: \u00bfQu\u00e9 te hizo hacer tal cosa? los grizzlies<br \/>son nuestro enemigo. &quot;Despu\u00e9s de eso, el hombre se quit\u00f3 la camisa y<br \/>se pint\u00f3, poni\u00e9ndose rayas rojas en la parte superior del brazo<br \/>m\u00fasculos, una raya sobre el coraz\u00f3n y otra en la parte superior<br \/>de su pecho<\/p><p>Muy temprano en la ma\u00f1ana, despu\u00e9s de haberlo preparado as\u00ed, se par\u00f3<br \/>fuera de la puerta en busca de sus osos. Finalmente los vio en<br \/>la desembocadura del arroyo, conducido por el mismo gran oso pardo. Cuando el<br \/>otra gente del pueblo los vio, sin embargo, estaban tan aterrorizados que<br \/>se encerraron en sus casas. Pero el anciano estaba junto a su<br \/>puerta para recibirlos. Luego los meti\u00f3 en la casa y les dio<br \/>ellos asientos, colocando al jefe en el medio en la parte trasera de la casa<br \/>y el resto a su alrededor.<\/p><p>Primero les sirvi\u00f3 grandes bandejas de ar\u00e1ndanos en conserva en grasa.<br \/>El gran oso pareci\u00f3 decir algo a sus compa\u00f1eros, y como<br \/>tan pronto como comenz\u00f3 a comer el resto comenz\u00f3. Lo observaron e hicieron<br \/>lo que sea que hizo El anfitri\u00f3n sigui\u00f3 con otros tipos de comida,<br \/>y, despu\u00e9s de que terminaron, el gran oso pareci\u00f3 hablarle<br \/>por un largo tiempo. El hombre pens\u00f3 que estaba pronunciando un discurso,<br \/>porque miraba hacia el agujero de humo de vez en cuando y actuaba<br \/>como si estuviera hablando. Cuando termin\u00f3, comenz\u00f3 y el<br \/>sigui\u00f3 el descanso. Mientras sal\u00edan, cada uno por turno lam\u00eda la pintura de<br \/>el brazo y el pecho de su anfitri\u00f3n. El anciano sinti\u00f3 como si fueran<br \/>lamiendo sus penas lejos.<\/p><p>Al d\u00eda siguiente de que todo esto pasara, el oso m\u00e1s peque\u00f1o volvi\u00f3 a entrar.<br \/>forma humana, y le habl\u00f3 al anciano en su idioma nativo, <a href=\"https:\/\/mythslegendes.com\/es\/haida-tlingit-tsimshian-mitologia\/\">Tlingit<\/a>.<br \/>Hab\u00eda sido un ser humano que fue capturado y adoptado por los osos.<br \/>Este hombre-oso le pregunt\u00f3 al anciano si hab\u00eda entendido a su jefe,<br \/>y \u00e9l dijo: \u201cNo\u201d.<\/p><p>\u2014Te estaba diciendo \u2014respondi\u00f3 el hombre oso\u2014 que<br \/>est\u00e1 en las mismas condiciones que t\u00fa. \u00c9l tambi\u00e9n es viejo y ha perdido<br \/>todos sus amigos. Hab\u00eda o\u00eddo hablar de ti antes de verte. El dijo<br \/>que pienses en \u00e9l cuando est\u00e9s de luto por tus seres perdidos. \u00bb<\/p><p>Cuando el hombre le pregunt\u00f3 a esta persona por qu\u00e9 no le hab\u00eda dicho lo que estaba<br \/>dijo el d\u00eda anterior, respondi\u00f3 que no le permit\u00edan hablar<br \/>su idioma nativo mientras el jefe estaba cerca.<\/p><p>Fue a causa de esta aventura que en adelante los viejos,<br \/>cada vez que mataban a un oso grizzly, pintaban rayas a trav\u00e9s<br \/>su piel. Adem\u00e1s, cuando daban un banquete, no importaba si una persona estaba<br \/>su enemigo, lo invitar\u00edan a la fiesta y se har\u00edan amigos<br \/>tal como hizo este anciano con los osos.<\/p>\t\t\t\t\t\t\t\t<\/div>\n\t\t\t\t<\/div>\n\t\t\t\t\t<\/div>\n\t\t<\/div>\n\t\t\t\t\t<\/div>\n\t\t<\/section>\n\t\t\t\t<\/div>","protected":false},"excerpt":{"rendered":"<p>Mythologie Haida-Tlingit-Tsimshian Wiki Les\u00a0Tlingits sont une ethnie indig\u00e8ne d\u2019Am\u00e9rique du Nord, plus pr\u00e9cis\u00e9ment un peuple autochtone d\u2019Alaska. Voici leur conte &hellip; <\/p>","protected":false},"author":1,"featured_media":0,"parent":4275,"menu_order":0,"comment_status":"closed","ping_status":"closed","template":"","meta":{"footnotes":""},"class_list":["post-21643","page","type-page","status-publish","hentry"],"amp_enabled":true,"_links":{"self":[{"href":"https:\/\/mythslegendes.com\/es\/wp-json\/wp\/v2\/pages\/21643","targetHints":{"allow":["GET"]}}],"collection":[{"href":"https:\/\/mythslegendes.com\/es\/wp-json\/wp\/v2\/pages"}],"about":[{"href":"https:\/\/mythslegendes.com\/es\/wp-json\/wp\/v2\/types\/page"}],"author":[{"embeddable":true,"href":"https:\/\/mythslegendes.com\/es\/wp-json\/wp\/v2\/users\/1"}],"replies":[{"embeddable":true,"href":"https:\/\/mythslegendes.com\/es\/wp-json\/wp\/v2\/comments?post=21643"}],"version-history":[{"count":3,"href":"https:\/\/mythslegendes.com\/es\/wp-json\/wp\/v2\/pages\/21643\/revisions"}],"predecessor-version":[{"id":21653,"href":"https:\/\/mythslegendes.com\/es\/wp-json\/wp\/v2\/pages\/21643\/revisions\/21653"}],"up":[{"embeddable":true,"href":"https:\/\/mythslegendes.com\/es\/wp-json\/wp\/v2\/pages\/4275"}],"wp:attachment":[{"href":"https:\/\/mythslegendes.com\/es\/wp-json\/wp\/v2\/media?parent=21643"}],"curies":[{"name":"wp","href":"https:\/\/api.w.org\/{rel}","templated":true}]}}