{"id":21654,"date":"2022-08-01T11:42:21","date_gmt":"2022-08-01T11:42:21","guid":{"rendered":"https:\/\/mythslegendes.com\/?page_id=21654"},"modified":"2022-08-01T11:44:10","modified_gmt":"2022-08-01T11:44:10","slug":"conte-tlingit-natsilane","status":"publish","type":"page","link":"https:\/\/mythslegendes.com\/es\/haida-tlingit-tsimshian-mitologia\/cuento-tlingit-natsilane\/","title":{"rendered":"Historia tlingit: Natsilane"},"content":{"rendered":"<div data-elementor-type=\"wp-page\" data-elementor-id=\"21654\" class=\"elementor elementor-21654\">\n\t\t\t\t\t\t<section class=\"elementor-section elementor-top-section elementor-element elementor-element-52a3311 elementor-section-boxed elementor-section-height-default elementor-section-height-default\" data-id=\"52a3311\" data-element_type=\"section\" data-e-type=\"section\">\n\t\t\t\t\t\t<div class=\"elementor-container elementor-column-gap-default\">\n\t\t\t\t\t<div class=\"elementor-column elementor-col-50 elementor-top-column elementor-element elementor-element-b1e5b14\" data-id=\"b1e5b14\" data-element_type=\"column\" data-e-type=\"column\">\n\t\t\t<div class=\"elementor-widget-wrap elementor-element-populated\">\n\t\t\t\t\t\t<div class=\"elementor-element elementor-element-fda9583 elementor-align-justify elementor-widget elementor-widget-button\" data-id=\"fda9583\" data-element_type=\"widget\" data-e-type=\"widget\" data-widget_type=\"button.default\">\n\t\t\t\t<div class=\"elementor-widget-container\">\n\t\t\t\t\t\t\t\t\t<div class=\"elementor-button-wrapper\">\n\t\t\t\t\t<a class=\"elementor-button elementor-button-link elementor-size-sm\" href=\"https:\/\/mythslegendes.com\/es\/haida-tlingit-tsimshian-mitologia\/\">\n\t\t\t\t\t\t<span class=\"elementor-button-content-wrapper\">\n\t\t\t\t\t\t\t\t\t<span class=\"elementor-button-text\">Mitolog\u00eda Haida-Tlingit-Tsimshian<\/span>\n\t\t\t\t\t<\/span>\n\t\t\t\t\t<\/a>\n\t\t\t\t<\/div>\n\t\t\t\t\t\t\t\t<\/div>\n\t\t\t\t<\/div>\n\t\t\t\t\t<\/div>\n\t\t<\/div>\n\t\t\t\t<div class=\"elementor-column elementor-col-50 elementor-top-column elementor-element elementor-element-de92627\" data-id=\"de92627\" data-element_type=\"column\" data-e-type=\"column\">\n\t\t\t<div class=\"elementor-widget-wrap elementor-element-populated\">\n\t\t\t\t\t\t<div class=\"elementor-element elementor-element-b813460 elementor-align-justify elementor-widget elementor-widget-button\" data-id=\"b813460\" data-element_type=\"widget\" data-e-type=\"widget\" data-widget_type=\"button.default\">\n\t\t\t\t<div class=\"elementor-widget-container\">\n\t\t\t\t\t\t\t\t\t<div class=\"elementor-button-wrapper\">\n\t\t\t\t\t<a class=\"elementor-button elementor-button-link elementor-size-sm\" href=\"https:\/\/www.firstpeople.us\/FP-Html-Legends\/Natsilane-Tlingit.html\" target=\"_blank\" rel=\"noopener\">\n\t\t\t\t\t\t<span class=\"elementor-button-content-wrapper\">\n\t\t\t\t\t\t\t\t\t<span class=\"elementor-button-text\">wiki<\/span>\n\t\t\t\t\t<\/span>\n\t\t\t\t\t<\/a>\n\t\t\t\t<\/div>\n\t\t\t\t\t\t\t\t<\/div>\n\t\t\t\t<\/div>\n\t\t\t\t\t<\/div>\n\t\t<\/div>\n\t\t\t\t\t<\/div>\n\t\t<\/section>\n\t\t\t\t<section class=\"elementor-section elementor-top-section elementor-element elementor-element-bc7c9db elementor-section-boxed elementor-section-height-default elementor-section-height-default\" data-id=\"bc7c9db\" data-element_type=\"section\" data-e-type=\"section\">\n\t\t\t\t\t\t<div class=\"elementor-container elementor-column-gap-default\">\n\t\t\t\t\t<div class=\"elementor-column elementor-col-100 elementor-top-column elementor-element elementor-element-a869679\" data-id=\"a869679\" data-element_type=\"column\" data-e-type=\"column\">\n\t\t\t<div class=\"elementor-widget-wrap elementor-element-populated\">\n\t\t\t\t\t\t<div class=\"elementor-element elementor-element-b5f7bf4 elementor-widget elementor-widget-text-editor\" data-id=\"b5f7bf4\" data-element_type=\"widget\" data-e-type=\"widget\" data-widget_type=\"text-editor.default\">\n\t\t\t\t<div class=\"elementor-widget-container\">\n\t\t\t\t\t\t\t\t\t<p>los\u00a0<strong><a href=\"https:\/\/mythslegendes.com\/es\/haida-tlingit-tsimshian-mitologia\/\">Tlingit<\/a><\/strong> son una etnia ind\u00edgena de Am\u00e9rica del Norte, espec\u00edficamente un pueblo nativo de Alaska. Aqu\u00ed est\u00e1 su historia Natsilane (en).<\/p><p><img decoding=\"async\" class=\"alignnone wp-image-9347 size-full\" src=\"http:\/\/mythslegendes.com\/wp-content\/uploads\/2020\/09\/cropped-AlphaOmega-e1602613368367.png\" alt=\"Natsilan\" width=\"25\" height=\"25\" title=\"\"><\/p>\t\t\t\t\t\t\t\t<\/div>\n\t\t\t\t<\/div>\n\t\t\t\t\t<\/div>\n\t\t<\/div>\n\t\t\t\t\t<\/div>\n\t\t<\/section>\n\t\t\t\t<section class=\"elementor-section elementor-top-section elementor-element elementor-element-511bcf6 elementor-section-boxed elementor-section-height-default elementor-section-height-default\" data-id=\"511bcf6\" data-element_type=\"section\" data-e-type=\"section\">\n\t\t\t\t\t\t<div class=\"elementor-container elementor-column-gap-default\">\n\t\t\t\t\t<div class=\"elementor-column elementor-col-100 elementor-top-column elementor-element elementor-element-6c9878d\" data-id=\"6c9878d\" data-element_type=\"column\" data-e-type=\"column\">\n\t\t\t<div class=\"elementor-widget-wrap elementor-element-populated\">\n\t\t\t\t\t\t<div class=\"elementor-element elementor-element-f3cc899 elementor-widget elementor-widget-heading\" data-id=\"f3cc899\" data-element_type=\"widget\" data-e-type=\"widget\" data-widget_type=\"heading.default\">\n\t\t\t\t<div class=\"elementor-widget-container\">\n\t\t\t\t\t<div id=\"ez-toc-container\" class=\"ez-toc-v2_0_82_2 counter-hierarchy ez-toc-counter ez-toc-grey ez-toc-container-direction\">\n<div class=\"ez-toc-title-container\">\n<p class=\"ez-toc-title\" style=\"cursor:inherit\">Contenido<\/p>\n<span class=\"ez-toc-title-toggle\"><a href=\"#\" class=\"ez-toc-pull-right ez-toc-btn ez-toc-btn-xs ez-toc-btn-default ez-toc-toggle\" aria-label=\"Alternar tabla de contenidos\"><span class=\"ez-toc-js-icon-con\"><span class=\"\"><span class=\"eztoc-hide\" style=\"display:none;\">Palanca<\/span><span class=\"ez-toc-icon-toggle-span\"><svg style=\"fill: #999;color:#999\" xmlns=\"http:\/\/www.w3.org\/2000\/svg\" class=\"list-377408\" width=\"20px\" height=\"20px\" viewbox=\"0 0 24 24\" fill=\"none\"><path d=\"M6 6H4v2h2V6zm14 0H8v2h12V6zM4 11h2v2H4v-2zm16 0H8v2h12v-2zM4 16h2v2H4v-2zm16 0H8v2h12v-2z\" fill=\"currentColor\"><\/path><\/svg><svg style=\"fill: #999;color:#999\" class=\"arrow-unsorted-368013\" xmlns=\"http:\/\/www.w3.org\/2000\/svg\" width=\"10px\" height=\"10px\" viewbox=\"0 0 24 24\" version=\"1.2\" baseprofile=\"tiny\"><path d=\"M18.2 9.3l-6.2-6.3-6.2 6.3c-.2.2-.3.4-.3.7s.1.5.3.7c.2.2.4.3.7.3h11c.3 0 .5-.1.7-.3.2-.2.3-.5.3-.7s-.1-.5-.3-.7zM5.8 14.7l6.2 6.3 6.2-6.3c.2-.2.3-.5.3-.7s-.1-.5-.3-.7c-.2-.2-.4-.3-.7-.3h-11c-.3 0-.5.1-.7.3-.2.2-.3.5-.3.7s.1.5.3.7z\"\/><\/svg><\/span><\/span><\/span><\/a><\/span><\/div>\n<nav><ul class='ez-toc-list ez-toc-list-level-1' ><li class='ez-toc-page-1 ez-toc-heading-level-2'><a class=\"ez-toc-link ez-toc-heading-1\" href=\"https:\/\/mythslegendes.com\/es\/haida-tlingit-tsimshian-mitologia\/cuento-tlingit-natsilane\/#Natsilane\" >Natsilan<\/a><\/li><\/ul><\/nav><\/div>\n<h2 class=\"elementor-heading-title elementor-size-default\"><span class=\"ez-toc-section\" id=\"Natsilane\"><\/span>Natsilan<span class=\"ez-toc-section-end\"><\/span><\/h2>\t\t\t\t<\/div>\n\t\t\t\t<\/div>\n\t\t\t\t\t<\/div>\n\t\t<\/div>\n\t\t\t\t\t<\/div>\n\t\t<\/section>\n\t\t\t\t<section class=\"elementor-section elementor-top-section elementor-element elementor-element-268f967 elementor-section-boxed elementor-section-height-default elementor-section-height-default\" data-id=\"268f967\" data-element_type=\"section\" data-e-type=\"section\">\n\t\t\t\t\t\t<div class=\"elementor-container elementor-column-gap-default\">\n\t\t\t\t\t<div class=\"elementor-column elementor-col-100 elementor-top-column elementor-element elementor-element-44c56d1\" data-id=\"44c56d1\" data-element_type=\"column\" data-e-type=\"column\">\n\t\t\t<div class=\"elementor-widget-wrap elementor-element-populated\">\n\t\t\t\t\t\t<div class=\"elementor-element elementor-element-d917bf7 elementor-widget elementor-widget-text-editor\" data-id=\"d917bf7\" data-element_type=\"widget\" data-e-type=\"widget\" data-widget_type=\"text-editor.default\">\n\t\t\t\t<div class=\"elementor-widget-container\">\n\t\t\t\t\t\t\t\t\t<p>En una \u00e9poca anterior a la existencia de orcas, viv\u00eda una especie muy<br \/>h\u00e1bil cazador de leones marinos y un tallador muy h\u00e1bil llamado Natsilane.<br \/>Era de Kake y cuando tom\u00f3 por esposa a la hija de un<br \/>jefe en Duke Island, decidi\u00f3 vivir entre su gente. \u00c9l era<br \/>aceptado en su familia y porque se esforz\u00f3 por demostrar su val\u00eda,<br \/>pronto ocup\u00f3 un lugar de honor como cazador consumado y tallador de lanzas.<\/p><p>Su af\u00e1n de agradar le granje\u00f3 la admiraci\u00f3n del m\u00e1s joven de<br \/>sus cu\u00f1ados pero los mayores malinterpretaron sus intenciones<br \/>y se puso celoso y as\u00ed comenz\u00f3 a conspirar contra \u00e9l. Los hombres decidieron<br \/>para vengarse de Natsilane el d\u00eda de la gran caza de focas.<\/p><p>Despu\u00e9s de mucha preparaci\u00f3n, lleg\u00f3 el d\u00eda de la gran cacer\u00eda y Natsilane<br \/>junto con sus cuatro nuevos hermanos remaron en su canoa hacia West<br \/>Devil Rock, en los estrechos abiertos. El viento soplaba con fuerza<br \/>y las olas eran altas pero Natsilane estaba decidida a que la caza<br \/>ser\u00eda exitoso. Cuando la canoa se acerc\u00f3 a las rocas, salt\u00f3<br \/>hacia la orilla y hundi\u00f3 su lanza en el le\u00f3n marino m\u00e1s cercano antes<br \/>podr\u00eda escapar. Desafortunadamente, el punto se rompi\u00f3 y el le\u00f3n<br \/>se desliz\u00f3 en el agua. Peor a\u00fan, Natsilane vio que sus hermanos,<br \/>por encima de las feroces objeciones de los m\u00e1s j\u00f3venes, se alejaban remando-<br \/>abandon\u00e1ndolo en la isla desierta sin comida ni armas. Su<br \/>la traici\u00f3n lo hiri\u00f3 profundamente y despu\u00e9s de un tiempo, se quit\u00f3 la capa<br \/>sobre su cabeza y se durmi\u00f3.<\/p><p>Natsilane se despert\u00f3 a la ma\u00f1ana siguiente con el sonido de su nombre. El vi\u00f3<br \/>un le\u00f3n marino que parec\u00eda un hombre haci\u00e9ndole se\u00f1as para que fuera con \u00e9l<br \/>abajo debajo de las olas en la Casa de los Leones Marinos. en la gran casa<br \/>se encontr\u00f3 con el jefe de los lobos marinos quien le pregunt\u00f3 si pod\u00eda ayudarlo<br \/>su hijo herido. Natsilane vio que el joven le\u00f3n ten\u00eda su lanza<br \/>punto incrustado en su cuerpo y con un poco de esfuerzo fue capaz de quitar<br \/>y el hijo fue sanado. El jefe estaba muy agradecido y despu\u00e9s<br \/>otorgando a Natsilane habilidades a\u00fan mayores, arreglado para su regreso seguro<br \/>al pueblo.<\/p><p>Natsilane se reuni\u00f3 con su esposa y despu\u00e9s de contarle su historia, \u00e9l<br \/>le hizo prometer que mantendr\u00eda en secreto su regreso. Se llev\u00f3 consigo su<br \/>herramientas de talla y se adentr\u00f3 en el bosque para llevar a cabo un plan de venganza<br \/>sobre los cu\u00f1ados mayores que lo hab\u00edan traicionado. Recordando<br \/>la promesa del jefe de los leones marinos, le pidi\u00f3 ayuda y comenz\u00f3 a tallar<br \/>un gran pez negro, una orca de abeto como la que<br \/>nunca se hab\u00eda visto antes. Despu\u00e9s de tres intentos y mucha mejor\u00eda.<br \/>en sus habilidades de talla, form\u00f3 una ballena de cedro amarillo y<br \/>cuando se lanz\u00f3, cobr\u00f3 vida y nad\u00f3 hacia el mar.<\/p><p>Llam\u00f3 al pez negro y le orden\u00f3 encontrar a sus cu\u00f1ados.<br \/>cuando volvieran de cazar, destruirlos a ellos y a su barca<br \/>pero perdona al chico m\u00e1s joven. El pez negro parti\u00f3 y los encontr\u00f3.<br \/>tarde esa tarde. pez negro volc\u00f3 el barco rompi\u00e9ndolo en<br \/>dos y ahog\u00f3 a los tres hermanos mayores manteni\u00e9ndolos alejados de la orilla.<br \/>El m\u00e1s joven regres\u00f3 sano y salvo junto con su historia del gran<br \/>Blackfish y la traici\u00f3n de sus hermanos.<\/p><p>Los aldeanos empezaron a preguntarse si Natsilane habr\u00eda tallado el gran<br \/>pez negro y le dio vida. No mucho despu\u00e9s, un extra\u00f1o negro<br \/>se ve\u00edan peces con dientes cerca de la orilla y a veces sal\u00edan<br \/>una foca o un halibut reci\u00e9n sacrificados para los aldeanos. Natsilane<br \/>le hab\u00eda ordenado que nunca m\u00e1s da\u00f1ara a los humanos, sino que, en cambio, ayudara<br \/>a ellos. Mientras continuaba ayudando a los aldeanos, se dieron cuenta de que<br \/>la &quot;Ballena asesina&quot; fue un regalo de Natsilane y por eso<br \/>lo tom\u00f3 por su escudo. Natsilane se convirti\u00f3 en una leyenda para su pueblo.<br \/>y algunos han afirmado haberlo visto surcando los mares a lomos<br \/>de dos grandes peces negros.<\/p>\t\t\t\t\t\t\t\t<\/div>\n\t\t\t\t<\/div>\n\t\t\t\t\t<\/div>\n\t\t<\/div>\n\t\t\t\t\t<\/div>\n\t\t<\/section>\n\t\t\t\t<\/div>","protected":false},"excerpt":{"rendered":"<p>Mythologie Haida-Tlingit-Tsimshian wiki Les\u00a0Tlingits sont une ethnie indig\u00e8ne d\u2019Am\u00e9rique du Nord, plus pr\u00e9cis\u00e9ment un peuple autochtone d\u2019Alaska. Voici leur conte &hellip; <\/p>","protected":false},"author":1,"featured_media":0,"parent":4275,"menu_order":0,"comment_status":"closed","ping_status":"closed","template":"","meta":{"footnotes":""},"class_list":["post-21654","page","type-page","status-publish","hentry"],"amp_enabled":true,"_links":{"self":[{"href":"https:\/\/mythslegendes.com\/es\/wp-json\/wp\/v2\/pages\/21654","targetHints":{"allow":["GET"]}}],"collection":[{"href":"https:\/\/mythslegendes.com\/es\/wp-json\/wp\/v2\/pages"}],"about":[{"href":"https:\/\/mythslegendes.com\/es\/wp-json\/wp\/v2\/types\/page"}],"author":[{"embeddable":true,"href":"https:\/\/mythslegendes.com\/es\/wp-json\/wp\/v2\/users\/1"}],"replies":[{"embeddable":true,"href":"https:\/\/mythslegendes.com\/es\/wp-json\/wp\/v2\/comments?post=21654"}],"version-history":[{"count":3,"href":"https:\/\/mythslegendes.com\/es\/wp-json\/wp\/v2\/pages\/21654\/revisions"}],"predecessor-version":[{"id":21661,"href":"https:\/\/mythslegendes.com\/es\/wp-json\/wp\/v2\/pages\/21654\/revisions\/21661"}],"up":[{"embeddable":true,"href":"https:\/\/mythslegendes.com\/es\/wp-json\/wp\/v2\/pages\/4275"}],"wp:attachment":[{"href":"https:\/\/mythslegendes.com\/es\/wp-json\/wp\/v2\/media?parent=21654"}],"curies":[{"name":"wp","href":"https:\/\/api.w.org\/{rel}","templated":true}]}}