{"id":21668,"date":"2022-08-01T16:50:52","date_gmt":"2022-08-01T16:50:52","guid":{"rendered":"https:\/\/mythslegendes.com\/?page_id=21668"},"modified":"2022-08-01T16:53:37","modified_gmt":"2022-08-01T16:53:37","slug":"conte-tlingit-raven","status":"publish","type":"page","link":"https:\/\/mythslegendes.com\/es\/haida-tlingit-tsimshian-mitologia\/cuento-tlingit-cuervo\/","title":{"rendered":"Cuento Tlingit: Cuervo"},"content":{"rendered":"\t\t<div data-elementor-type=\"wp-page\" data-elementor-id=\"21668\" class=\"elementor elementor-21668\">\n\t\t\t\t\t\t<section class=\"elementor-section elementor-top-section elementor-element elementor-element-a49c537 elementor-section-boxed elementor-section-height-default elementor-section-height-default\" data-id=\"a49c537\" data-element_type=\"section\" data-e-type=\"section\">\n\t\t\t\t\t\t<div class=\"elementor-container elementor-column-gap-default\">\n\t\t\t\t\t<div class=\"elementor-column elementor-col-50 elementor-top-column elementor-element elementor-element-6e68a7a\" data-id=\"6e68a7a\" data-element_type=\"column\" data-e-type=\"column\">\n\t\t\t<div class=\"elementor-widget-wrap elementor-element-populated\">\n\t\t\t\t\t\t<div class=\"elementor-element elementor-element-89c8e05 elementor-align-justify elementor-widget elementor-widget-button\" data-id=\"89c8e05\" data-element_type=\"widget\" data-e-type=\"widget\" data-widget_type=\"button.default\">\n\t\t\t\t<div class=\"elementor-widget-container\">\n\t\t\t\t\t\t\t\t\t<div class=\"elementor-button-wrapper\">\n\t\t\t\t\t<a class=\"elementor-button elementor-button-link elementor-size-sm\" href=\"https:\/\/mythslegendes.com\/mythologie-haida-tlingit-tsimshian\/\">\n\t\t\t\t\t\t<span class=\"elementor-button-content-wrapper\">\n\t\t\t\t\t\t\t\t\t<span class=\"elementor-button-text\">Mythologie Haida-Tlingit-Tsimshian<\/span>\n\t\t\t\t\t<\/span>\n\t\t\t\t\t<\/a>\n\t\t\t\t<\/div>\n\t\t\t\t\t\t\t\t<\/div>\n\t\t\t\t<\/div>\n\t\t\t\t\t<\/div>\n\t\t<\/div>\n\t\t\t\t<div class=\"elementor-column elementor-col-50 elementor-top-column elementor-element elementor-element-b48372f\" data-id=\"b48372f\" data-element_type=\"column\" data-e-type=\"column\">\n\t\t\t<div class=\"elementor-widget-wrap elementor-element-populated\">\n\t\t\t\t\t\t<div class=\"elementor-element elementor-element-70d019d elementor-align-justify elementor-widget elementor-widget-button\" data-id=\"70d019d\" data-element_type=\"widget\" data-e-type=\"widget\" data-widget_type=\"button.default\">\n\t\t\t\t<div class=\"elementor-widget-container\">\n\t\t\t\t\t\t\t\t\t<div class=\"elementor-button-wrapper\">\n\t\t\t\t\t<a class=\"elementor-button elementor-button-link elementor-size-sm\" href=\"https:\/\/www.firstpeople.us\/FP-Html-Legends\/Raven-Tlingit.html\" target=\"_blank\" rel=\"noopener\">\n\t\t\t\t\t\t<span class=\"elementor-button-content-wrapper\">\n\t\t\t\t\t\t\t\t\t<span class=\"elementor-button-text\">Wiki<\/span>\n\t\t\t\t\t<\/span>\n\t\t\t\t\t<\/a>\n\t\t\t\t<\/div>\n\t\t\t\t\t\t\t\t<\/div>\n\t\t\t\t<\/div>\n\t\t\t\t\t<\/div>\n\t\t<\/div>\n\t\t\t\t\t<\/div>\n\t\t<\/section>\n\t\t\t\t<section class=\"elementor-section elementor-top-section elementor-element elementor-element-3186d6d elementor-section-boxed elementor-section-height-default elementor-section-height-default\" data-id=\"3186d6d\" data-element_type=\"section\" data-e-type=\"section\">\n\t\t\t\t\t\t<div class=\"elementor-container elementor-column-gap-default\">\n\t\t\t\t\t<div class=\"elementor-column elementor-col-100 elementor-top-column elementor-element elementor-element-cacf0ba\" data-id=\"cacf0ba\" data-element_type=\"column\" data-e-type=\"column\">\n\t\t\t<div class=\"elementor-widget-wrap elementor-element-populated\">\n\t\t\t\t\t\t<div class=\"elementor-element elementor-element-10410bd elementor-widget elementor-widget-text-editor\" data-id=\"10410bd\" data-element_type=\"widget\" data-e-type=\"widget\" data-widget_type=\"text-editor.default\">\n\t\t\t\t<div class=\"elementor-widget-container\">\n\t\t\t\t\t\t\t\t\t<p>Les\u00a0<strong><a href=\"https:\/\/mythslegendes.com\/es\/haida-tlingit-tsimshian-mitologia\/\">Tlingits<\/a><\/strong> sont une ethnie indig\u00e8ne d\u2019Am\u00e9rique du Nord, plus pr\u00e9cis\u00e9ment un peuple autochtone d\u2019Alaska. Voici le conte du Raven (corbeau) en anglais.<\/p><p><img decoding=\"async\" class=\"alignnone wp-image-9347 size-full\" src=\"http:\/\/mythslegendes.com\/wp-content\/uploads\/2020\/09\/cropped-AlphaOmega-e1602613368367.png\" alt=\"Raven\" width=\"25\" height=\"25\" title=\"\"><\/p>\t\t\t\t\t\t\t\t<\/div>\n\t\t\t\t<\/div>\n\t\t\t\t\t<\/div>\n\t\t<\/div>\n\t\t\t\t\t<\/div>\n\t\t<\/section>\n\t\t\t\t<section class=\"elementor-section elementor-top-section elementor-element elementor-element-86d72f5 elementor-section-boxed elementor-section-height-default elementor-section-height-default\" data-id=\"86d72f5\" data-element_type=\"section\" data-e-type=\"section\">\n\t\t\t\t\t\t<div class=\"elementor-container elementor-column-gap-default\">\n\t\t\t\t\t<div class=\"elementor-column elementor-col-100 elementor-top-column elementor-element elementor-element-919a705\" data-id=\"919a705\" data-element_type=\"column\" data-e-type=\"column\">\n\t\t\t<div class=\"elementor-widget-wrap elementor-element-populated\">\n\t\t\t\t\t\t<div class=\"elementor-element elementor-element-0b010a3 elementor-widget elementor-widget-heading\" data-id=\"0b010a3\" data-element_type=\"widget\" data-e-type=\"widget\" data-widget_type=\"heading.default\">\n\t\t\t\t<div class=\"elementor-widget-container\">\n\t\t\t\t\t<div id=\"ez-toc-container\" class=\"ez-toc-v2_0_82_2 counter-hierarchy ez-toc-counter ez-toc-grey ez-toc-container-direction\">\n<div class=\"ez-toc-title-container\">\n<p class=\"ez-toc-title\" style=\"cursor:inherit\">Contenus<\/p>\n<span class=\"ez-toc-title-toggle\"><a href=\"#\" class=\"ez-toc-pull-right ez-toc-btn ez-toc-btn-xs ez-toc-btn-default ez-toc-toggle\" aria-label=\"Alternar tabla de contenidos\"><span class=\"ez-toc-js-icon-con\"><span class=\"\"><span class=\"eztoc-hide\" style=\"display:none;\">Toggle<\/span><span class=\"ez-toc-icon-toggle-span\"><svg style=\"fill: #999;color:#999\" xmlns=\"http:\/\/www.w3.org\/2000\/svg\" class=\"list-377408\" width=\"20px\" height=\"20px\" viewBox=\"0 0 24 24\" fill=\"none\"><path d=\"M6 6H4v2h2V6zm14 0H8v2h12V6zM4 11h2v2H4v-2zm16 0H8v2h12v-2zM4 16h2v2H4v-2zm16 0H8v2h12v-2z\" fill=\"currentColor\"><\/path><\/svg><svg style=\"fill: #999;color:#999\" class=\"arrow-unsorted-368013\" xmlns=\"http:\/\/www.w3.org\/2000\/svg\" width=\"10px\" height=\"10px\" viewBox=\"0 0 24 24\" version=\"1.2\" baseProfile=\"tiny\"><path d=\"M18.2 9.3l-6.2-6.3-6.2 6.3c-.2.2-.3.4-.3.7s.1.5.3.7c.2.2.4.3.7.3h11c.3 0 .5-.1.7-.3.2-.2.3-.5.3-.7s-.1-.5-.3-.7zM5.8 14.7l6.2 6.3 6.2-6.3c.2-.2.3-.5.3-.7s-.1-.5-.3-.7c-.2-.2-.4-.3-.7-.3h-11c-.3 0-.5.1-.7.3-.2.2-.3.5-.3.7s.1.5.3.7z\"\/><\/svg><\/span><\/span><\/span><\/a><\/span><\/div>\n<nav><ul class='ez-toc-list ez-toc-list-level-1 ' ><li class='ez-toc-page-1 ez-toc-heading-level-2'><a class=\"ez-toc-link ez-toc-heading-1\" href=\"https:\/\/mythslegendes.com\/es\/haida-tlingit-tsimshian-mitologia\/cuento-tlingit-cuervo\/#Raven\" >Raven<\/a><\/li><\/ul><\/nav><\/div>\n<h2 class=\"elementor-heading-title elementor-size-default\"><span class=\"ez-toc-section\" id=\"Raven\"><\/span>Raven<span class=\"ez-toc-section-end\"><\/span><\/h2>\t\t\t\t<\/div>\n\t\t\t\t<\/div>\n\t\t\t\t\t<\/div>\n\t\t<\/div>\n\t\t\t\t\t<\/div>\n\t\t<\/section>\n\t\t\t\t<section class=\"elementor-section elementor-top-section elementor-element elementor-element-28477a7 elementor-section-boxed elementor-section-height-default elementor-section-height-default\" data-id=\"28477a7\" data-element_type=\"section\" data-e-type=\"section\">\n\t\t\t\t\t\t<div class=\"elementor-container elementor-column-gap-default\">\n\t\t\t\t\t<div class=\"elementor-column elementor-col-100 elementor-top-column elementor-element elementor-element-1593944\" data-id=\"1593944\" data-element_type=\"column\" data-e-type=\"column\">\n\t\t\t<div class=\"elementor-widget-wrap elementor-element-populated\">\n\t\t\t\t\t\t<div class=\"elementor-element elementor-element-bd79390 elementor-widget elementor-widget-text-editor\" data-id=\"bd79390\" data-element_type=\"widget\" data-e-type=\"widget\" data-widget_type=\"text-editor.default\">\n\t\t\t\t<div class=\"elementor-widget-container\">\n\t\t\t\t\t\t\t\t\t<p>No one knows just how the story of Raven really begins so each<br \/>starts from the point where he does know it. Here it was always<br \/>begun in this way&#8230;<\/p><p>When Raven was born his father tried to instruct him and train<br \/>him in every way and after he grew up, told him he would give him<br \/>strength to make a world. After trying in all sons of ways Raven<br \/>finally succeeded. Then there was no light in this world, but it<br \/>was told him that far up the Nass was a large house in which someone<br \/>kept light just for himself.<\/p><p>Raven thought over all kinds of plans for getting this light the<br \/>world and finally he hit on a good one. The rich man living there<br \/>had a daughter, and he thought, \u00ab\u00a0I will make myself very small<br \/>and drop into the water in the form of a small piece of dirt. The<br \/>girl swallowed this dirt and became pregnant.<\/p><p>When her time was completed, they made a hole for her as was customary<br \/>in which she was to bring forth, and lined it with rich furs of<br \/>all sorts. But the child did not wish to be born on those fine things.<br \/>Then its grandfather felt sad and said, \u00ab\u00a0What do you think<br \/>it would be best to put into that hole? Shall we put in moss?\u00a0\u00bb<br \/>So they put moss inside and the baby Was born on it. Its eyes were<br \/>very bright and moved around rapidly.<\/p><p>Round bundles of varying shapes and sizes hung about on the walls<br \/>of the house. When the child became a little larger it crawled around<br \/>back of the people weeping continually, and as it cried it pointed<br \/>to the bundles. This lasted many days. Then its grandfather said,<br \/>\u00ab\u00a0Give my grandchild what he is crying for. Give him that one<br \/>hanging on the end. That is the bag of stars.\u00a0\u00bb<\/p><p>So the child played with this, rolling it about on the floor back<br \/>of the people, until suddenly he let it go up through the smoke<br \/>hole. It went straight up into the sky and the stars scattered out<br \/>of it, arranging themselves as you now see them. That was what he<br \/>went there for.<\/p><p>Some time after this he began crying again, and he cried so much<br \/>that it was thought he would die. Then his grandfather said, \u00ab\u00a0Untie<br \/>the next one and give it to him.\u00a0\u00bb He played and played with<br \/>it around behind his mother. After a while he let that go up through<br \/>the smoke hole also, and there was the big moon.<\/p><p>Now just one thing more remained, the box that held the daylight,<br \/>and h6 cried for that. His eyes turned around and. showed different<br \/>colors, and the people began thinking that he must be something<br \/>other than an ordinary baby. But it always happens that a grandfather<br \/>loves his grandchild just as he does his own daughter, so the grandfather<br \/>said, \u00ab\u00a0Untie the last thing and give it to him.\u00a0\u00bb His grandfather<br \/>felt very sad when he gave this to him. When the child had this<br \/>in his hands, he uttered the raven cry, \u00ab\u00a0Ga,\u00a0\u00bb and flew<br \/>out with it through the smoke hole. Then the person from whom he<br \/>had stolen it said, \u00ab\u00a0That old manuring raven has gotten all<br \/>of my things.\u00a0\u00bb<\/p><p>Journeying on. Raven was told of another place, where a man had<br \/>an everlasting spring of water. This man was named Petrel [Ganu&rsquo;k].<br \/>Raven wanted this water because there was none to drink in this<br \/>world, but Petrel always slept by his spring, and he had a cover<br \/>over it so as to keep it all to himself. Then Raven came in and<br \/>said to him, \u00ab\u00a0My brother-in-law, I have just come to see you.<br \/>How are you?\u00a0\u00bb He told Petrel of all kinds of things that were<br \/>happening outside, trying to induce him to go out to look at them,<br \/>but Petrel was too smart for him and refused.<\/p><p>When night came, Raven said, \u00ab\u00a0I am going to sleep with you,<br \/>brother-in-law.\u00a0\u00bb So they went to bed, and toward morning Raven<br \/>heard Petrel sleeping very soundly. Then he went outside, took some<br \/>dog manure and put it around Petrel&rsquo;s buttocks. When it was beginning<br \/>to grow light, he said, \u00ab\u00a0Wake up, wake up, wake up, brother-in-law,<br \/>you have defecated all over your clothes.\u00a0\u00bb Petrel got up, looked<br \/>at himself, and thought it was true, so he took his blankets and<br \/>went outside. Then Raven went over to Petrel&rsquo;s spring, took off<br \/>the cover and began drinking. After he had drunk up almost all of<br \/>the water, Petrel came in and saw him. Then Raven flew straight<br \/>up crying \u00ab\u00a0Ga.\u00a0\u00bb<\/p><p>Before he got through the smoke hole, however. Petrel said, \u00ab\u00a0My<br \/>spirits up the smoke hole, catch him.\u00a0\u00bb So Raven stuck there,<br \/>and Petrel put pitchwood on the fire under him so as to make a quantity<br \/>of smoke. Raven was white before that time, but the smoke made him<br \/>of the color you find him today. Still he did not drop the water.<br \/>When the smoke-hole spirits let him go, he flew around the nearest<br \/>point and rubbed him- self all over so as to clear off as much of<br \/>the soot as possible.<\/p><p>This happened somewhere about the Nass, and afterwards he started<br \/>up this way. First he let some water fall from his mouth and made<br \/>the Nass. By and by he spit more out and made the Stikine. Next<br \/>he spit out Taku river, then Chilkat, then Alsek, and all the other<br \/>large rivers. The small drops that came out of his mouth made the<br \/>small salmon <a href=\"https:\/\/mythslegendes.com\/es\/creek-seminole-mitologia\/\">creeks<\/a>.<\/p><p>After this Raven went on again and came to a large town where were<br \/>people who had never seen daylight. They were out catching eulachon<br \/>in the darkness when he came to the bank opposite, and he asked<br \/>them to take him across but they would not. Then he said to them,<br \/>\u00ab\u00a0If you don&rsquo;t come over I will have daylight break on you.\u00a0\u00bb<br \/>But they answered, \u00ab\u00a0Where are you from ? Do you come from far<br \/>up the Nass where lives the man who has daylight ?\u00a0\u00bb<\/p><p>At this Raven opened his box just a little and shed so great a<br \/>light on them that they were nearly thrown down. He shut it quickly,<br \/>but they quarreled with him so much across the <a href=\"https:\/\/mythslegendes.com\/es\/creek-seminole-mitologia\/\">creek<\/a> that he became<br \/>angry and opened the box completely, when the sun flew up into the<br \/>sky. Then those people who had sea-otter or fur-seal skins, or the<br \/>skins of any other sea animals, went into the ocean, while those<br \/>who had land-otter, bear, or marten skins, or the skins of any other<br \/>land animals, went into the woods, becoming the animals whose skins they wore.<\/p>\t\t\t\t\t\t\t\t<\/div>\n\t\t\t\t<\/div>\n\t\t\t\t\t<\/div>\n\t\t<\/div>\n\t\t\t\t\t<\/div>\n\t\t<\/section>\n\t\t\t\t<\/div>\n\t\t","protected":false},"excerpt":{"rendered":"<p>Mythologie Haida-Tlingit-Tsimshian Wiki Les\u00a0Tlingits sont une ethnie indig\u00e8ne d\u2019Am\u00e9rique du Nord, plus pr\u00e9cis\u00e9ment un peuple autochtone d\u2019Alaska. Voici le conte &hellip; <\/p>","protected":false},"author":1,"featured_media":0,"parent":4275,"menu_order":0,"comment_status":"closed","ping_status":"closed","template":"","meta":{"footnotes":""},"class_list":["post-21668","page","type-page","status-publish","hentry"],"amp_enabled":true,"_links":{"self":[{"href":"https:\/\/mythslegendes.com\/es\/wp-json\/wp\/v2\/pages\/21668","targetHints":{"allow":["GET"]}}],"collection":[{"href":"https:\/\/mythslegendes.com\/es\/wp-json\/wp\/v2\/pages"}],"about":[{"href":"https:\/\/mythslegendes.com\/es\/wp-json\/wp\/v2\/types\/page"}],"author":[{"embeddable":true,"href":"https:\/\/mythslegendes.com\/es\/wp-json\/wp\/v2\/users\/1"}],"replies":[{"embeddable":true,"href":"https:\/\/mythslegendes.com\/es\/wp-json\/wp\/v2\/comments?post=21668"}],"version-history":[{"count":3,"href":"https:\/\/mythslegendes.com\/es\/wp-json\/wp\/v2\/pages\/21668\/revisions"}],"predecessor-version":[{"id":21673,"href":"https:\/\/mythslegendes.com\/es\/wp-json\/wp\/v2\/pages\/21668\/revisions\/21673"}],"up":[{"embeddable":true,"href":"https:\/\/mythslegendes.com\/es\/wp-json\/wp\/v2\/pages\/4275"}],"wp:attachment":[{"href":"https:\/\/mythslegendes.com\/es\/wp-json\/wp\/v2\/media?parent=21668"}],"curies":[{"name":"wp","href":"https:\/\/api.w.org\/{rel}","templated":true}]}}