{"id":21674,"date":"2022-08-01T16:54:46","date_gmt":"2022-08-01T16:54:46","guid":{"rendered":"https:\/\/mythslegendes.com\/?page_id=21674"},"modified":"2022-08-01T16:57:15","modified_gmt":"2022-08-01T16:57:15","slug":"conte-tlingit-how-the-tides-began","status":"publish","type":"page","link":"https:\/\/mythslegendes.com\/es\/haida-tlingit-tsimshian-mitologia\/cuento-tlingit-como-comenzaron-las-mareas\/","title":{"rendered":"Historia tlingit: c\u00f3mo comenzaron las mareas"},"content":{"rendered":"<div data-elementor-type=\"wp-page\" data-elementor-id=\"21674\" class=\"elementor elementor-21674\">\n\t\t\t\t\t\t<section class=\"elementor-section elementor-top-section elementor-element elementor-element-cb961ed elementor-section-boxed elementor-section-height-default elementor-section-height-default\" data-id=\"cb961ed\" data-element_type=\"section\" data-e-type=\"section\">\n\t\t\t\t\t\t<div class=\"elementor-container elementor-column-gap-default\">\n\t\t\t\t\t<div class=\"elementor-column elementor-col-50 elementor-top-column elementor-element elementor-element-f611465\" data-id=\"f611465\" data-element_type=\"column\" data-e-type=\"column\">\n\t\t\t<div class=\"elementor-widget-wrap elementor-element-populated\">\n\t\t\t\t\t\t<div class=\"elementor-element elementor-element-ade91e4 elementor-align-justify elementor-widget elementor-widget-button\" data-id=\"ade91e4\" data-element_type=\"widget\" data-e-type=\"widget\" data-widget_type=\"button.default\">\n\t\t\t\t<div class=\"elementor-widget-container\">\n\t\t\t\t\t\t\t\t\t<div class=\"elementor-button-wrapper\">\n\t\t\t\t\t<a class=\"elementor-button elementor-button-link elementor-size-sm\" href=\"https:\/\/mythslegendes.com\/es\/haida-tlingit-tsimshian-mitologia\/\">\n\t\t\t\t\t\t<span class=\"elementor-button-content-wrapper\">\n\t\t\t\t\t\t\t\t\t<span class=\"elementor-button-text\">Mitolog\u00eda Haida-Tlingit-Tsimshian<\/span>\n\t\t\t\t\t<\/span>\n\t\t\t\t\t<\/a>\n\t\t\t\t<\/div>\n\t\t\t\t\t\t\t\t<\/div>\n\t\t\t\t<\/div>\n\t\t\t\t\t<\/div>\n\t\t<\/div>\n\t\t\t\t<div class=\"elementor-column elementor-col-50 elementor-top-column elementor-element elementor-element-a0c2a13\" data-id=\"a0c2a13\" data-element_type=\"column\" data-e-type=\"column\">\n\t\t\t<div class=\"elementor-widget-wrap elementor-element-populated\">\n\t\t\t\t\t\t<div class=\"elementor-element elementor-element-c006b7c elementor-align-justify elementor-widget elementor-widget-button\" data-id=\"c006b7c\" data-element_type=\"widget\" data-e-type=\"widget\" data-widget_type=\"button.default\">\n\t\t\t\t<div class=\"elementor-widget-container\">\n\t\t\t\t\t\t\t\t\t<div class=\"elementor-button-wrapper\">\n\t\t\t\t\t<a class=\"elementor-button elementor-button-link elementor-size-sm\" href=\"https:\/\/www.firstpeople.us\/FP-Html-Legends\/RavenAndHowTheTidesBegan-Tlingit.html\" target=\"_blank\" rel=\"noopener\">\n\t\t\t\t\t\t<span class=\"elementor-button-content-wrapper\">\n\t\t\t\t\t\t\t\t\t<span class=\"elementor-button-text\">Wiki<\/span>\n\t\t\t\t\t<\/span>\n\t\t\t\t\t<\/a>\n\t\t\t\t<\/div>\n\t\t\t\t\t\t\t\t<\/div>\n\t\t\t\t<\/div>\n\t\t\t\t\t<\/div>\n\t\t<\/div>\n\t\t\t\t\t<\/div>\n\t\t<\/section>\n\t\t\t\t<section class=\"elementor-section elementor-top-section elementor-element elementor-element-1ef64f1 elementor-section-boxed elementor-section-height-default elementor-section-height-default\" data-id=\"1ef64f1\" data-element_type=\"section\" data-e-type=\"section\">\n\t\t\t\t\t\t<div class=\"elementor-container elementor-column-gap-default\">\n\t\t\t\t\t<div class=\"elementor-column elementor-col-100 elementor-top-column elementor-element elementor-element-052dda9\" data-id=\"052dda9\" data-element_type=\"column\" data-e-type=\"column\">\n\t\t\t<div class=\"elementor-widget-wrap elementor-element-populated\">\n\t\t\t\t\t\t<div class=\"elementor-element elementor-element-406bf8b elementor-widget elementor-widget-text-editor\" data-id=\"406bf8b\" data-element_type=\"widget\" data-e-type=\"widget\" data-widget_type=\"text-editor.default\">\n\t\t\t\t<div class=\"elementor-widget-container\">\n\t\t\t\t\t\t\t\t\t<p>los\u00a0<strong><a href=\"https:\/\/mythslegendes.com\/es\/haida-tlingit-tsimshian-mitologia\/\">Tlingit<\/a><\/strong> son una etnia ind\u00edgena de Am\u00e9rica del Norte, espec\u00edficamente un pueblo nativo de Alaska. Esta es su historia: Cuervo y c\u00f3mo comenzaron las mareas.<\/p><p><img decoding=\"async\" class=\"alignnone wp-image-9347 size-full\" src=\"http:\/\/mythslegendes.com\/wp-content\/uploads\/2020\/09\/cropped-AlphaOmega-e1602613368367.png\" alt=\"Cuervo y c\u00f3mo comenzaron las mareas\" width=\"25\" height=\"25\" title=\"\"><\/p>\t\t\t\t\t\t\t\t<\/div>\n\t\t\t\t<\/div>\n\t\t\t\t\t<\/div>\n\t\t<\/div>\n\t\t\t\t\t<\/div>\n\t\t<\/section>\n\t\t\t\t<section class=\"elementor-section elementor-top-section elementor-element elementor-element-401fcfe elementor-section-boxed elementor-section-height-default elementor-section-height-default\" data-id=\"401fcfe\" data-element_type=\"section\" data-e-type=\"section\">\n\t\t\t\t\t\t<div class=\"elementor-container elementor-column-gap-default\">\n\t\t\t\t\t<div class=\"elementor-column elementor-col-100 elementor-top-column elementor-element elementor-element-6af36db\" data-id=\"6af36db\" data-element_type=\"column\" data-e-type=\"column\">\n\t\t\t<div class=\"elementor-widget-wrap elementor-element-populated\">\n\t\t\t\t\t\t<div class=\"elementor-element elementor-element-dd9681e elementor-widget elementor-widget-heading\" data-id=\"dd9681e\" data-element_type=\"widget\" data-e-type=\"widget\" data-widget_type=\"heading.default\">\n\t\t\t\t<div class=\"elementor-widget-container\">\n\t\t\t\t\t<div id=\"ez-toc-container\" class=\"ez-toc-v2_0_82_2 counter-hierarchy ez-toc-counter ez-toc-grey ez-toc-container-direction\">\n<div class=\"ez-toc-title-container\">\n<p class=\"ez-toc-title\" style=\"cursor:inherit\">Contenido<\/p>\n<span class=\"ez-toc-title-toggle\"><a href=\"#\" class=\"ez-toc-pull-right ez-toc-btn ez-toc-btn-xs ez-toc-btn-default ez-toc-toggle\" aria-label=\"Alternar tabla de contenidos\"><span class=\"ez-toc-js-icon-con\"><span class=\"\"><span class=\"eztoc-hide\" style=\"display:none;\">Palanca<\/span><span class=\"ez-toc-icon-toggle-span\"><svg style=\"fill: #999;color:#999\" xmlns=\"http:\/\/www.w3.org\/2000\/svg\" class=\"list-377408\" width=\"20px\" height=\"20px\" viewbox=\"0 0 24 24\" fill=\"none\"><path d=\"M6 6H4v2h2V6zm14 0H8v2h12V6zM4 11h2v2H4v-2zm16 0H8v2h12v-2zM4 16h2v2H4v-2zm16 0H8v2h12v-2z\" fill=\"currentColor\"><\/path><\/svg><svg style=\"fill: #999;color:#999\" class=\"arrow-unsorted-368013\" xmlns=\"http:\/\/www.w3.org\/2000\/svg\" width=\"10px\" height=\"10px\" viewbox=\"0 0 24 24\" version=\"1.2\" baseprofile=\"tiny\"><path d=\"M18.2 9.3l-6.2-6.3-6.2 6.3c-.2.2-.3.4-.3.7s.1.5.3.7c.2.2.4.3.7.3h11c.3 0 .5-.1.7-.3.2-.2.3-.5.3-.7s-.1-.5-.3-.7zM5.8 14.7l6.2 6.3 6.2-6.3c.2-.2.3-.5.3-.7s-.1-.5-.3-.7c-.2-.2-.4-.3-.7-.3h-11c-.3 0-.5.1-.7.3-.2.2-.3.5-.3.7s.1.5.3.7z\"\/><\/svg><\/span><\/span><\/span><\/a><\/span><\/div>\n<nav><ul class='ez-toc-list ez-toc-list-level-1' ><li class='ez-toc-page-1 ez-toc-heading-level-2'><a class=\"ez-toc-link ez-toc-heading-1\" href=\"https:\/\/mythslegendes.com\/es\/haida-tlingit-tsimshian-mitologia\/cuento-tlingit-como-comenzaron-las-mareas\/#Raven-and-How-the-Tides-Began\" >Cuervo y c\u00f3mo comenzaron las mareas<\/a><\/li><\/ul><\/nav><\/div>\n<h2 class=\"elementor-heading-title elementor-size-default\"><span class=\"ez-toc-section\" id=\"Raven-and-How-the-Tides-Began\"><\/span>Cuervo y c\u00f3mo comenzaron las mareas<span class=\"ez-toc-section-end\"><\/span><\/h2>\t\t\t\t<\/div>\n\t\t\t\t<\/div>\n\t\t\t\t\t<\/div>\n\t\t<\/div>\n\t\t\t\t\t<\/div>\n\t\t<\/section>\n\t\t\t\t<section class=\"elementor-section elementor-top-section elementor-element elementor-element-453f93e elementor-section-boxed elementor-section-height-default elementor-section-height-default\" data-id=\"453f93e\" data-element_type=\"section\" data-e-type=\"section\">\n\t\t\t\t\t\t<div class=\"elementor-container elementor-column-gap-default\">\n\t\t\t\t\t<div class=\"elementor-column elementor-col-100 elementor-top-column elementor-element elementor-element-dc8901e\" data-id=\"dc8901e\" data-element_type=\"column\" data-e-type=\"column\">\n\t\t\t<div class=\"elementor-widget-wrap elementor-element-populated\">\n\t\t\t\t\t\t<div class=\"elementor-element elementor-element-10c0091 elementor-widget elementor-widget-text-editor\" data-id=\"10c0091\" data-element_type=\"widget\" data-e-type=\"widget\" data-widget_type=\"text-editor.default\">\n\t\t\t\t<div class=\"elementor-widget-container\">\n\t\t\t\t\t\t\t\t\t<p>Una vez, hace mucho tiempo, cuando el mundo era nuevo, estaba Raven. cuervo<br \/>y su gente viv\u00eda cerca de la orilla del Agua Grande. En este momento<br \/>no hab\u00eda mareas, y la gente obten\u00eda su comida de la<br \/>Big Water, como a veces cosas buenas para comer como almejas, lavar\u00eda<br \/>arriba a lo largo de la orilla. Pero la gente no pod\u00eda salir al Gran<br \/>Agua, porque era muy profunda. Despu\u00e9s de un tiempo, la gente se convirti\u00f3 en muchos<br \/>y pronto no hubo suficiente comida para toda la gente y para Raven.<br \/>Ver\u00e1s, Raven a veces era muy codiciosa y le encantaba comer las buenas<br \/>cosas que se lavaron en la orilla.<\/p><p>Ahora Raven estaba muy preocupada porque no hab\u00eda suficiente para comer.<br \/>y llena su vientre hambriento. Raven se sent\u00f3 y comenz\u00f3 a pensar en<br \/>este problema. Pronto Raven cay\u00f3 en un sue\u00f1o profundo. Gran Esp\u00edritu teniendo<br \/>l\u00e1stima de la gente vino a Cuervo en un sue\u00f1o y le dijo a Cuervo:<br \/>\u201cRaven, he visto que t\u00fa y la gente est\u00e1n sufriendo porque<br \/>no hay suficiente para comer. All\u00ed yace en el fin del mundo,<br \/>al borde del agua Grande, una cueva. En esta cueva se sienta una anciana<br \/>que sostiene la l\u00ednea de la marea en su regazo. Esto controla el reflujo y<br \/>flujo o subida y bajada del agua. Ella mantiene esta l\u00ednea muy<br \/>fuertemente. Si, tal vez, puedes hacer que suelte la l\u00ednea, la<br \/>el agua caer\u00e1 y la gente podr\u00e1 obtener algo de lo bueno<br \/>cosas para comer del Agua Grande porque ser\u00e1n descubiertas<br \/>por el agua. Esto no ser\u00e1 f\u00e1cil para ti, Raven, porque el<br \/>la mujer sostiene la l\u00ednea con mucha fuerza. Raven, eres inteligente y tal vez<br \/>puedes enga\u00f1arla para que suelte la l\u00ednea. \u00bb<\/p><p>Pronto Raven despert\u00f3 de su sue\u00f1o. Raven sab\u00eda lo que deb\u00eda hacer para<br \/>ayudar al pueblo y alimentar su vientre hambriento.<\/p><p>Entonces Raven vol\u00f3. Vol\u00f3 y vol\u00f3. Durante cuatro d\u00edas y noches Cuervo<br \/>caudal. Finalmente Raven lleg\u00f3 a la cueva del fin del mundo, en<br \/>el borde del Agua Grande.<\/p><p>Cuervo mir\u00f3 y vio a la anciana sentada en la cueva con el<br \/>l\u00ednea a trav\u00e9s de su regazo. Ella lo estaba sosteniendo con mucha fuerza.<\/p><p>Raven comenz\u00f3 a caminar frente a la cueva; frotando su vientre, y<br \/>diciendo en voz alta: &quot;Mmm, Mmm esas almejas seguro que estaban buenas!&quot; \u00bb<\/p><p>La anciana escuch\u00f3 a Raven justo afuera de la cueva y se inclin\u00f3 un poco.<br \/>adelante para ver a Cuervo, diciendo: \u201c\u00a1Cuervo, Cuervo! \u00bfD\u00f3nde estabas?<br \/>conseguir esas almejas? \u00bb<\/p><p>Raven no prest\u00f3 atenci\u00f3n a la mujer y volvi\u00f3 a caminar al frente.<br \/>de la cueva, frot\u00e1ndose el vientre y diciendo en voz alta: &quot;Mmm,<br \/>\u00a1Mmm esas almejas seguro sab\u00edan bien! \u00a1Ojal\u00e1 tuviera un poco m\u00e1s! \u00bb<\/p><p>La anciana se inclin\u00f3 a\u00fan m\u00e1s y dijo: \u201cRaven,<br \/>\u00a1Cuervo! \u00bfDe d\u00f3nde sacaste esas almejas? \u00bb<\/p><p>Raven volvi\u00f3 a no prestar atenci\u00f3n a la mujer. Entr\u00f3 de nuevo<br \/>frente a la cueva, frot\u00e1ndose la barriga y diciendo: &quot;\u00a1Mmm, Mmm!&quot;<br \/>\u00a1Ojal\u00e1 hubiera tenido m\u00e1s de esas almejas! \u00bb<\/p><p>La anciana se inclin\u00f3 a\u00fan m\u00e1s hacia adelante. De repente, Raven pate\u00f3<br \/>dijeron algunos a los ojos de la mujer. Ella no pod\u00eda ver, e intent\u00f3<br \/>para sacar la arena de sus ojos. Cuando lo hizo, solt\u00f3 el<br \/>\u00a1l\u00ednea! Las aguas retrocedieron y pronto se descubri\u00f3 parte del Gran Agua.<br \/>Raven vio lo que hab\u00eda sucedido y se alegr\u00f3. Vol\u00f3 a casa pensando<br \/>de todas las cosas buenas que pronto estar\u00eda comiendo.<\/p><p>Cuando Raven lleg\u00f3 a casa, la gente estaba feliz. Ahora ten\u00edan muchos<br \/>cosas buenas para comer del Agua Grande. Agradecieron a Raven y Great<br \/>Esp\u00edritu por ayudarlos y celebrar una gran fiesta. Raven estaba feliz porque<br \/>su barriga pronto estuvo llena de las cosas buenas que le encantaba comer.<\/p><p>Durante muchos d\u00edas, Raven y su gente comieron todas las cosas buenas de<br \/>el Agua Grande. Pero pronto muchas de las criaturas del Gran Agua comenzaron<br \/>morir. Yacen en la orilla y comenzaron a pudrirse y a oler. La gente<br \/>fue hacia Raven y le dijo: \u201c\u00a1Raven, debes hacer algo! T\u00e9<br \/>\u00a1Las criaturas del Gran Agua se est\u00e1n muriendo! tambi\u00e9n moriremos porque lo haremos<br \/>pronto no tendr\u00e1 nada que comer! \u00a1Ay\u00fadanos, Cuervo! \u00bb<\/p><p>Entonces Raven vol\u00f3. Vol\u00f3 y vol\u00f3. Durante cuatro d\u00edas y noches vol\u00f3<br \/>hasta el fin del mundo, hasta el borde del Gran Agua, hasta la cueva<br \/>de la mujer que sostuvo la marea.<\/p><p>Cuando Raven lleg\u00f3 all\u00ed, mir\u00f3 dentro de la cueva. la mujer aun estaba<br \/>intentando quitarse la arena de los ojos. Oy\u00f3 acercarse a Cuervo.<br \/>y dijo: \u201c\u00a1Cuervo, cuervo! \u00bfEres tu? \u00a1Me enga\u00f1aste! Ayuda<br \/>\u00a1s\u00e1came la arena de los ojos y ay\u00fadame a encontrar la l\u00ednea de la marea! \u00bb<\/p><p>Raven dijo: \u201cS\u00ed, te enga\u00f1\u00e9. quer\u00eda conseguir todo<br \/>las cosas buenas del Big Water que me encanta comer. As\u00ed que enga\u00f1\u00e9<br \/>te solt\u00f3 y las aguas cayeron. Pero ahora, las criaturas<br \/>del Gran Agua se est\u00e1n muriendo, y la gente tiene poco para comer. Tejo<br \/>Te ayudo, \u00bfayudar\u00e1s a la gente soltando la l\u00ednea de la marea?<br \/>\u00bfde vez en cuando? Entonces la gente podr\u00e1 obtener algunos de los<br \/>cosas buenas del Gran Agua que les gusta comer. y las criaturas<br \/>de la Gran Agua no morir\u00e1 porque las aguas que son su<br \/>casa no los cubra. \u00bb<\/p><p>La anciana dijo: &quot;S\u00ed, Raven, estoy de acuerdo, si me ayudas<br \/>yo, ayudar\u00e9 a la gente. \u00bb<\/p><p>As\u00ed que Raven limpi\u00f3 la arena de los ojos de la mujer, la sent\u00f3<br \/>en la cueva y le dio la l\u00ednea de la marea para que la sostuviera en su regazo. De<br \/>de vez en cuando la mujer soltaba el sedal y las aguas sal\u00edan<br \/>retroceder. Luego, Raven vol\u00f3 de regreso a casa con su gente, quienes dieron las gracias.<br \/>a Raven por ayudarlos. Y as\u00ed empezaron las mareas.<\/p>\t\t\t\t\t\t\t\t<\/div>\n\t\t\t\t<\/div>\n\t\t\t\t\t<\/div>\n\t\t<\/div>\n\t\t\t\t\t<\/div>\n\t\t<\/section>\n\t\t\t\t<\/div>","protected":false},"excerpt":{"rendered":"<p>Mythologie Haida-Tlingit-Tsimshian Wiki Les\u00a0Tlingits sont une ethnie indig\u00e8ne d\u2019Am\u00e9rique du Nord, plus pr\u00e9cis\u00e9ment un peuple autochtone d\u2019Alaska. Voici leur conte &hellip; <\/p>","protected":false},"author":1,"featured_media":0,"parent":4275,"menu_order":0,"comment_status":"closed","ping_status":"closed","template":"","meta":{"footnotes":""},"class_list":["post-21674","page","type-page","status-publish","hentry"],"amp_enabled":true,"_links":{"self":[{"href":"https:\/\/mythslegendes.com\/es\/wp-json\/wp\/v2\/pages\/21674","targetHints":{"allow":["GET"]}}],"collection":[{"href":"https:\/\/mythslegendes.com\/es\/wp-json\/wp\/v2\/pages"}],"about":[{"href":"https:\/\/mythslegendes.com\/es\/wp-json\/wp\/v2\/types\/page"}],"author":[{"embeddable":true,"href":"https:\/\/mythslegendes.com\/es\/wp-json\/wp\/v2\/users\/1"}],"replies":[{"embeddable":true,"href":"https:\/\/mythslegendes.com\/es\/wp-json\/wp\/v2\/comments?post=21674"}],"version-history":[{"count":3,"href":"https:\/\/mythslegendes.com\/es\/wp-json\/wp\/v2\/pages\/21674\/revisions"}],"predecessor-version":[{"id":21678,"href":"https:\/\/mythslegendes.com\/es\/wp-json\/wp\/v2\/pages\/21674\/revisions\/21678"}],"up":[{"embeddable":true,"href":"https:\/\/mythslegendes.com\/es\/wp-json\/wp\/v2\/pages\/4275"}],"wp:attachment":[{"href":"https:\/\/mythslegendes.com\/es\/wp-json\/wp\/v2\/media?parent=21674"}],"curies":[{"name":"wp","href":"https:\/\/api.w.org\/{rel}","templated":true}]}}