{"id":21679,"date":"2022-08-01T17:01:40","date_gmt":"2022-08-01T17:01:40","guid":{"rendered":"https:\/\/mythslegendes.com\/?page_id=21679"},"modified":"2022-08-01T17:04:03","modified_gmt":"2022-08-01T17:04:03","slug":"conte-tlingit-arrow-chain","status":"publish","type":"page","link":"https:\/\/mythslegendes.com\/es\/haida-tlingit-tsimshian-mitologia\/cadena-de-flechas-de-cuento-tlingit\/","title":{"rendered":"Cuento Tlingit: Cadena de flechas"},"content":{"rendered":"<div data-elementor-type=\"wp-page\" data-elementor-id=\"21679\" class=\"elementor elementor-21679\">\n\t\t\t\t\t\t<section class=\"elementor-section elementor-top-section elementor-element elementor-element-8e2233d elementor-section-boxed elementor-section-height-default elementor-section-height-default\" data-id=\"8e2233d\" data-element_type=\"section\" data-e-type=\"section\">\n\t\t\t\t\t\t<div class=\"elementor-container elementor-column-gap-default\">\n\t\t\t\t\t<div class=\"elementor-column elementor-col-50 elementor-top-column elementor-element elementor-element-f2107ef\" data-id=\"f2107ef\" data-element_type=\"column\" data-e-type=\"column\">\n\t\t\t<div class=\"elementor-widget-wrap elementor-element-populated\">\n\t\t\t\t\t\t<div class=\"elementor-element elementor-element-cc288ca elementor-align-justify elementor-widget elementor-widget-button\" data-id=\"cc288ca\" data-element_type=\"widget\" data-e-type=\"widget\" data-widget_type=\"button.default\">\n\t\t\t\t<div class=\"elementor-widget-container\">\n\t\t\t\t\t\t\t\t\t<div class=\"elementor-button-wrapper\">\n\t\t\t\t\t<a class=\"elementor-button elementor-button-link elementor-size-sm\" href=\"https:\/\/mythslegendes.com\/es\/haida-tlingit-tsimshian-mitologia\/\">\n\t\t\t\t\t\t<span class=\"elementor-button-content-wrapper\">\n\t\t\t\t\t\t\t\t\t<span class=\"elementor-button-text\">Mitolog\u00eda Haida-Tlingit-Tsimshian<\/span>\n\t\t\t\t\t<\/span>\n\t\t\t\t\t<\/a>\n\t\t\t\t<\/div>\n\t\t\t\t\t\t\t\t<\/div>\n\t\t\t\t<\/div>\n\t\t\t\t\t<\/div>\n\t\t<\/div>\n\t\t\t\t<div class=\"elementor-column elementor-col-50 elementor-top-column elementor-element elementor-element-104940d\" data-id=\"104940d\" data-element_type=\"column\" data-e-type=\"column\">\n\t\t\t<div class=\"elementor-widget-wrap elementor-element-populated\">\n\t\t\t\t\t\t<div class=\"elementor-element elementor-element-3c77a62 elementor-align-justify elementor-widget elementor-widget-button\" data-id=\"3c77a62\" data-element_type=\"widget\" data-e-type=\"widget\" data-widget_type=\"button.default\">\n\t\t\t\t<div class=\"elementor-widget-container\">\n\t\t\t\t\t\t\t\t\t<div class=\"elementor-button-wrapper\">\n\t\t\t\t\t<a class=\"elementor-button elementor-button-link elementor-size-sm\" href=\"https:\/\/www.firstpeople.us\/FP-Html-Legends\/TheArrowChain-Tlingit.html\" target=\"_blank\" rel=\"noopener\">\n\t\t\t\t\t\t<span class=\"elementor-button-content-wrapper\">\n\t\t\t\t\t\t\t\t\t<span class=\"elementor-button-text\">Wiki<\/span>\n\t\t\t\t\t<\/span>\n\t\t\t\t\t<\/a>\n\t\t\t\t<\/div>\n\t\t\t\t\t\t\t\t<\/div>\n\t\t\t\t<\/div>\n\t\t\t\t\t<\/div>\n\t\t<\/div>\n\t\t\t\t\t<\/div>\n\t\t<\/section>\n\t\t\t\t<section class=\"elementor-section elementor-top-section elementor-element elementor-element-faa6e2e elementor-section-boxed elementor-section-height-default elementor-section-height-default\" data-id=\"faa6e2e\" data-element_type=\"section\" data-e-type=\"section\">\n\t\t\t\t\t\t<div class=\"elementor-container elementor-column-gap-default\">\n\t\t\t\t\t<div class=\"elementor-column elementor-col-100 elementor-top-column elementor-element elementor-element-079c649\" data-id=\"079c649\" data-element_type=\"column\" data-e-type=\"column\">\n\t\t\t<div class=\"elementor-widget-wrap elementor-element-populated\">\n\t\t\t\t\t\t<div class=\"elementor-element elementor-element-4d2c6f6 elementor-widget elementor-widget-text-editor\" data-id=\"4d2c6f6\" data-element_type=\"widget\" data-e-type=\"widget\" data-widget_type=\"text-editor.default\">\n\t\t\t\t<div class=\"elementor-widget-container\">\n\t\t\t\t\t\t\t\t\t<p>los\u00a0<strong><a href=\"https:\/\/mythslegendes.com\/es\/haida-tlingit-tsimshian-mitologia\/\">Tlingit<\/a><\/strong> son un grupo \u00e9tnico ind\u00edgena de Am\u00e9rica del Norte, m\u00e1s espec\u00edficamente un pueblo nativo de Alaska. Aqu\u00ed est\u00e1 su historia: The Arrow Chain.<\/p><p><img decoding=\"async\" class=\"alignnone wp-image-9347 size-full\" src=\"http:\/\/mythslegendes.com\/wp-content\/uploads\/2020\/09\/cropped-AlphaOmega-e1602613368367.png\" alt=\"La cadena de flechas\" width=\"25\" height=\"25\" title=\"\"><\/p>\t\t\t\t\t\t\t\t<\/div>\n\t\t\t\t<\/div>\n\t\t\t\t\t<\/div>\n\t\t<\/div>\n\t\t\t\t\t<\/div>\n\t\t<\/section>\n\t\t\t\t<section class=\"elementor-section elementor-top-section elementor-element elementor-element-a3e2dd1 elementor-section-boxed elementor-section-height-default elementor-section-height-default\" data-id=\"a3e2dd1\" data-element_type=\"section\" data-e-type=\"section\">\n\t\t\t\t\t\t<div class=\"elementor-container elementor-column-gap-default\">\n\t\t\t\t\t<div class=\"elementor-column elementor-col-100 elementor-top-column elementor-element elementor-element-333fd1e\" data-id=\"333fd1e\" data-element_type=\"column\" data-e-type=\"column\">\n\t\t\t<div class=\"elementor-widget-wrap elementor-element-populated\">\n\t\t\t\t\t\t<div class=\"elementor-element elementor-element-e21610e elementor-widget elementor-widget-heading\" data-id=\"e21610e\" data-element_type=\"widget\" data-e-type=\"widget\" data-widget_type=\"heading.default\">\n\t\t\t\t<div class=\"elementor-widget-container\">\n\t\t\t\t\t<div id=\"ez-toc-container\" class=\"ez-toc-v2_0_82_2 counter-hierarchy ez-toc-counter ez-toc-grey ez-toc-container-direction\">\n<div class=\"ez-toc-title-container\">\n<p class=\"ez-toc-title\" style=\"cursor:inherit\">Contenido<\/p>\n<span class=\"ez-toc-title-toggle\"><a href=\"#\" class=\"ez-toc-pull-right ez-toc-btn ez-toc-btn-xs ez-toc-btn-default ez-toc-toggle\" aria-label=\"Alternar tabla de contenidos\"><span class=\"ez-toc-js-icon-con\"><span class=\"\"><span class=\"eztoc-hide\" style=\"display:none;\">Palanca<\/span><span class=\"ez-toc-icon-toggle-span\"><svg style=\"fill: #999;color:#999\" xmlns=\"http:\/\/www.w3.org\/2000\/svg\" class=\"list-377408\" width=\"20px\" height=\"20px\" viewbox=\"0 0 24 24\" fill=\"none\"><path d=\"M6 6H4v2h2V6zm14 0H8v2h12V6zM4 11h2v2H4v-2zm16 0H8v2h12v-2zM4 16h2v2H4v-2zm16 0H8v2h12v-2z\" fill=\"currentColor\"><\/path><\/svg><svg style=\"fill: #999;color:#999\" class=\"arrow-unsorted-368013\" xmlns=\"http:\/\/www.w3.org\/2000\/svg\" width=\"10px\" height=\"10px\" viewbox=\"0 0 24 24\" version=\"1.2\" baseprofile=\"tiny\"><path d=\"M18.2 9.3l-6.2-6.3-6.2 6.3c-.2.2-.3.4-.3.7s.1.5.3.7c.2.2.4.3.7.3h11c.3 0 .5-.1.7-.3.2-.2.3-.5.3-.7s-.1-.5-.3-.7zM5.8 14.7l6.2 6.3 6.2-6.3c.2-.2.3-.5.3-.7s-.1-.5-.3-.7c-.2-.2-.4-.3-.7-.3h-11c-.3 0-.5.1-.7.3-.2.2-.3.5-.3.7s.1.5.3.7z\"\/><\/svg><\/span><\/span><\/span><\/a><\/span><\/div>\n<nav><ul class='ez-toc-list ez-toc-list-level-1' ><li class='ez-toc-page-1 ez-toc-heading-level-2'><a class=\"ez-toc-link ez-toc-heading-1\" href=\"https:\/\/mythslegendes.com\/es\/haida-tlingit-tsimshian-mitologia\/cadena-de-flechas-de-cuento-tlingit\/#The-Arrow-Chain\" >La cadena de flechas<\/a><\/li><\/ul><\/nav><\/div>\n<h2 class=\"elementor-heading-title elementor-size-default\"><span class=\"ez-toc-section\" id=\"The-Arrow-Chain\"><\/span>La cadena de flechas<span class=\"ez-toc-section-end\"><\/span><\/h2>\t\t\t\t<\/div>\n\t\t\t\t<\/div>\n\t\t\t\t\t<\/div>\n\t\t<\/div>\n\t\t\t\t\t<\/div>\n\t\t<\/section>\n\t\t\t\t<section class=\"elementor-section elementor-top-section elementor-element elementor-element-2eff72e elementor-section-boxed elementor-section-height-default elementor-section-height-default\" data-id=\"2eff72e\" data-element_type=\"section\" data-e-type=\"section\">\n\t\t\t\t\t\t<div class=\"elementor-container elementor-column-gap-default\">\n\t\t\t\t\t<div class=\"elementor-column elementor-col-100 elementor-top-column elementor-element elementor-element-f30d500\" data-id=\"f30d500\" data-element_type=\"column\" data-e-type=\"column\">\n\t\t\t<div class=\"elementor-widget-wrap elementor-element-populated\">\n\t\t\t\t\t\t<div class=\"elementor-element elementor-element-44913f3 elementor-widget elementor-widget-text-editor\" data-id=\"44913f3\" data-element_type=\"widget\" data-e-type=\"widget\" data-widget_type=\"text-editor.default\">\n\t\t\t\t<div class=\"elementor-widget-container\">\n\t\t\t\t\t\t\t\t\t<p>Dos chicos de casta muy alta eran amigos. El padre de uno era jefe del pueblo y ten\u00eda su casa en el medio del pueblo, pero la casa del padre del otro ni\u00f1o estaba en un extremo.<\/p>\n<p>Estos muchachos iban alternativamente a las casas de los dem\u00e1s y fabricaban grandes cantidades de flechas con las que jugaban hasta deshacerlas todas.<\/p>\n<p>Una vez los dos ni\u00f1os hicieron una gran cantidad de flechas para ver cu\u00e1l ten\u00eda m\u00e1s. Justo detr\u00e1s de su aldea hab\u00eda una colina en cuya cima hab\u00eda un lugar cubierto de hierba suave que los ni\u00f1os reclamaban como su patio de recreo, y en cierta hermosa noche a la luz de la luna se dirigieron hacia all\u00ed.<\/p>\n<p>Mientras iban, el hijo del jefe menor, que iba delante, le dijo: &quot;Mira amigo, mira esa luna. \u00bfNo crees que la forma de esa luna es la misma que la del labio de mi madre y que el \u00bfEl tama\u00f1o tambi\u00e9n es el mismo? El otro respondi\u00f3: &quot;No lo hagas: no debes hablar as\u00ed de la luna&quot;.<\/p>\n<p>Entonces, de repente, se volvi\u00f3 muy oscuro a su alrededor y en ese momento el hijo del jefe vio un anillo a su alrededor como un arco iris. Cuando desapareci\u00f3 su compa\u00f1ero ya no estaba. Lo llam\u00f3 y lo llam\u00f3 pero no obtuvo respuesta y no lo vio. Pens\u00f3: &quot;Debe haber corrido colina arriba para alejarse de ese arco\u00edris&quot;. Levant\u00f3 la vista y vio la luna en el cielo. Luego subi\u00f3 a la colina y mir\u00f3 a su alrededor, pero su amigo no estaba all\u00ed.<\/p>\n<p>Ahora pens\u00f3: &quot;\u00a1Bueno! La luna debe haber salido con \u00e9l. Ese arco iris circular debe haber sido la luna&quot;.<\/p>\n<p>El ni\u00f1o, que qued\u00f3 as\u00ed solo, se sent\u00f3 y llor\u00f3, tras lo cual empez\u00f3 a probar los arcos. Les puso hilos uno tras otro y los prob\u00f3, pero todos se rompieron. Rompi\u00f3 todos sus arcos y todos los suyos y los de su novio excepto uno que era de madera muy dura.<\/p>\n<p>Pens\u00f3: &quot;Ahora voy a fotografiar esa estrella que est\u00e1 junto a la luna&quot;. En ese lugar hab\u00eda uno grande y muy brillante. Dispar\u00f3 una flecha a esta estrella y se sent\u00f3 a mirar, cuando, efectivamente, la estrella se oscureci\u00f3. Ahora comenz\u00f3 a disparar a esa estrella desde los grandes montones de flechas que \u00e9l y su novio hab\u00edan hecho, y se anim\u00f3 al ver que las flechas no regresaban.<\/p>\n<p>Despu\u00e9s de haber disparado durante un tiempo, vio algo colgando muy cerca de \u00e9l y, cuando dispar\u00f3 otra flecha, se qued\u00f3 pegada a esto. El siguiente hizo lo mismo y por fin la cadena de flechas le alcanz\u00f3. Se puso un \u00faltimo para completarlo.<\/p>\n<p>Ahora el joven se sinti\u00f3 mal por la p\u00e9rdida de su amigo y, acost\u00e1ndose bajo la cadena de flechas, se durmi\u00f3. Al cabo de un rato despert\u00f3, se encontr\u00f3 durmiendo en aquella colina, record\u00f3 las flechas que hab\u00eda disparado y mir\u00f3 hacia arriba. En lugar de las flechas hab\u00eda una larga escalera que llegaba hasta \u00e9l. Se levant\u00f3 y mir\u00f3 para asegurarse. Luego decidi\u00f3 ascender.<\/p>\n<p>Pero primero tom\u00f3 varias clases de arbustos y los meti\u00f3 en el mo\u00f1o que llevaba en la cabeza. Subi\u00f3 por su escalera todo el d\u00eda y acamp\u00f3 en ella al anochecer, reanudando su viaje a la ma\u00f1ana siguiente. Cuando se despert\u00f3 temprano a la ma\u00f1ana siguiente, sent\u00eda la cabeza muy pesada. Luego agarr\u00f3 el arbusto de bayas de salm\u00f3n que ten\u00eda en el pelo, lo arranc\u00f3 y descubri\u00f3 que estaba cargado de bayas.<\/p>\n<p>Despu\u00e9s de comer las bayas, volvi\u00f3 a clavar la rama en su cabello y se sinti\u00f3 mucho m\u00e1s fortalecido. Alrededor del mediod\u00eda del mismo d\u00eda volvi\u00f3 a sentir hambre y nuevamente le pesaba la cabeza, as\u00ed que arranc\u00f3 un arbusto del otro lado de su cabeza y lo carg\u00f3 con ar\u00e1ndanos azules. All\u00ed en el cielo ya era verano.<\/p>\n<p>Por eso estaba consiguiendo bayas. Cuando reanud\u00f3 su viaje a la ma\u00f1ana siguiente, su cabeza no sinti\u00f3 pesadez hasta el mediod\u00eda. En ese momento arranc\u00f3 el arbusto que ten\u00eda detr\u00e1s de la cabeza y lo encontr\u00f3 cargado de ar\u00e1ndanos rojos.<\/p>\n<p>Cuando lleg\u00f3 a la cima, el ni\u00f1o estaba muy cansado. Mir\u00f3 a su alrededor y vio un gran lago. Luego recogi\u00f3 un poco de maleza y algo de musgo y se acost\u00f3 a dormir. Pero mientras dorm\u00eda, alguien se le acerc\u00f3 y lo sacudi\u00f3, diciendo: &quot;Lev\u00e1ntate, que voy tras ti&quot;. Se despert\u00f3 y mir\u00f3 a su alrededor pero no vio a nadie. Luego se dio la vuelta y fingi\u00f3 volver a dormirse, pero mir\u00f3 a trav\u00e9s de las pesta\u00f1as.<\/p>\n<p>Poco a poco vio que se acercaba una ni\u00f1a muy peque\u00f1a pero hermosa. Su ropa de piel estaba muy limpia y ordenada, y sus calzas estaban adornadas con p\u00faas de puercoesp\u00edn. Justo cuando ella extendi\u00f3 la mano para sacudirlo, \u00e9l dijo: &quot;Ya te he visto&quot;.<\/p>\n<p>Ahora la ni\u00f1a se detuvo y dijo: &quot;He venido detr\u00e1s de ti. Mi abuela me ha enviado para llevarte a su casa&quot;. Entonces \u00e9l fue con ella y llegaron a una casa muy peque\u00f1a en la que hab\u00eda una anciana. La anciana dijo: &quot;\u00bfPor qu\u00e9 viniste hasta aqu\u00ed, nieto m\u00edo?&quot; Y el ni\u00f1o respondi\u00f3: &quot;A causa de mi compa\u00f1ero de juegos que fue llevado aqu\u00ed&quot;. &quot;\u00a1Oh!&quot; Respondi\u00f3 la anciana: &quot;Est\u00e1 al lado, a poca distancia. Lo oigo llorar todos los d\u00edas. Est\u00e1 en la casa de la luna&quot;.<\/p>\n<p>Entonces la anciana empez\u00f3 a darle de comer. Se llevaba la mano a la boca y aparec\u00eda un salm\u00f3n o lo que fuera a regalar. Despu\u00e9s del salm\u00f3n, le dio bayas y luego carne, porque sab\u00eda que ten\u00eda hambre debido al largo viaje. Despu\u00e9s de eso, le dio una pi\u00f1a, un rosal, un trozo de maza del diablo y un peque\u00f1o trozo de piedra de afilar para que se lo llevara.<\/p>\n<p>Mientras el ni\u00f1o se dirig\u00eda hacia la casa de la luna con todas estas cosas escuch\u00f3 a su compa\u00f1ero de juegos gritar de dolor. Lo hab\u00edan colocado en un lugar alto cerca del agujero de humo, as\u00ed que, cuando su salvador lleg\u00f3 all\u00ed, subi\u00f3 a la cima y, metiendo la mano a trav\u00e9s del agujero de humo, lo sac\u00f3. \u00c9l dijo: &quot;Amigo m\u00edo, ven. Estoy aqu\u00ed para ayudarte&quot;. Dejando el cono de abeto donde hab\u00eda estado el ni\u00f1o, le dijo que imitara sus gritos y \u00e9l y su novio huyeron.<\/p>\n<p>Al cabo de un rato, sin embargo, el cono cay\u00f3 del lugar donde lo hab\u00edan puesto y la gente descubri\u00f3 que su cautivo hab\u00eda escapado. Entonces la luna empez\u00f3 a perseguirlos. Cuando el hijo del jefe principal descubri\u00f3 esto, arroj\u00f3 detr\u00e1s de ellos el garrote del diablo que hab\u00eda recibido de la anciana, y surgi\u00f3 un trozo de garrote del diablo que a la luna le cost\u00f3 tanto atravesar que r\u00e1pidamente se acercaron a \u00e9l.<\/p>\n<p>Cuando la luna volvi\u00f3 a acercarse, el hijo del jefe ech\u00f3 hacia atr\u00e1s los rosales, y all\u00ed creci\u00f3 tal matorral de rosas que la luna volvi\u00f3 a retrasarse. Cuando se acerc\u00f3 a ellos una vez m\u00e1s, tiraron la piedra de moler hacia atr\u00e1s y se convirti\u00f3 en un alto acantilado desde el cual la luna segu\u00eda retrocediendo. Es gracias a este acantilado que hoy en d\u00eda la gente puede decir cosas sobre la Luna con impunidad. Cuando los ni\u00f1os llegaron a la casa de la anciana se alegraron mucho de verse, porque antes no hab\u00edan tenido tiempo de hablar.<\/p>\n<p>La anciana les dio algo de comer y, cuando terminaron, le dijo al salvador: &quot;Ve y acu\u00e9state en el lugar donde te acostaste cuando subiste por primera vez. No pienses en nada m\u00e1s que en el patio de juegos que usaste&quot;. tener.&quot; Fueron all\u00ed y se acostaron, pero despu\u00e9s de un tiempo el ni\u00f1o que hab\u00eda sido capturado primero pens\u00f3 en la casa de la anciana e inmediatamente se encontraron all\u00ed.<\/p>\n<p>Entonces la anciana dijo: &quot;Vuelve y no pienses m\u00e1s en m\u00ed. T\u00fambate ah\u00ed y no pienses m\u00e1s que en el lugar donde sol\u00edas jugar&quot;. As\u00ed lo hicieron y, cuando despertaron, estaban tumbados en su patio de recreo, al pie de la escalera.<\/p>\n<p>Mientras los muchachos yac\u00edan en ese lugar oyeron un tambor que sonaba en la casa del jefe principal, donde se estaba celebrando una fiesta de muerte para ellos, y el hijo del jefe principal dijo: &quot;V\u00e1monos&quot;, pero el otro respondi\u00f3: &quot;No, vamos&quot;. Esperamos aqu\u00ed hasta que termine esa fiesta&quot;. Despu\u00e9s los muchachos bajaron y vieron salir a la gente con la cara ennegrecida. Se pararon en una esquina, pero como este baile siempre se baila por la noche, no fueron vistos.<\/p>\n<p>Entonces el hijo del jefe pens\u00f3: &quot;Me gustar\u00eda que mi hermano menor saliera&quot;, y efectivamente, despu\u00e9s de que todas las dem\u00e1s personas se hab\u00edan ido, sali\u00f3 su hermano menor. Llam\u00f3 a su hermano y le dijo: &quot;Ven aqu\u00ed. Soy yo&quot;, pero el ni\u00f1o tuvo miedo y corri\u00f3 hacia la casa. Entonces el ni\u00f1o dijo a su madre: \u201cAqu\u00ed est\u00e1n mi hermano y su amigo\u201d.<\/p>\n<p>\u201c\u00bfPor qu\u00e9 hablas as\u00ed?\u201d pregunt\u00f3 su madre. &quot;\u00bfNo sabes que tu hermano muri\u00f3 hace alg\u00fan tiempo?&quot; Y ella se enoj\u00f3 mucho. El ni\u00f1o, sin embargo, persisti\u00f3 y dijo: &quot;Conozco su voz y lo conozco&quot;.<\/p>\n<p>Su madre estaba ahora muy perturbada, por lo que el ni\u00f1o dijo: &quot;Voy a salir y traer\u00e9 un trozo de su camisa&quot;. \u201cVe y hazlo\u201d, dijo su madre. &quot;Entonces te creer\u00e9&quot;.<\/p>\n<p>Cuando por fin el ni\u00f1o trajo un trozo de la camisa de su hermano, su madre se convenci\u00f3 y enviaron aviso a todas las casas, primero a la de los padres del segundo ni\u00f1o, pero se quedaron con ambas para que sus padres pudieran venid all\u00ed y regocijaos por \u00e9l. Todas las dem\u00e1s personas de ese pueblo tambi\u00e9n vinieron a verlos.<\/p>\t\t\t\t\t\t\t\t<\/div>\n\t\t\t\t<\/div>\n\t\t\t\t\t<\/div>\n\t\t<\/div>\n\t\t\t\t\t<\/div>\n\t\t<\/section>\n\t\t\t\t<\/div>","protected":false},"excerpt":{"rendered":"<p>Mythologie Haida-Tlingit-Tsimshian Wiki Les\u00a0Tlingits sont une ethnie indig\u00e8ne d\u2019Am\u00e9rique du Nord, plus pr\u00e9cis\u00e9ment un peuple autochtone d\u2019Alaska. Voici leur conte &hellip; <\/p>","protected":false},"author":1,"featured_media":0,"parent":4275,"menu_order":0,"comment_status":"closed","ping_status":"closed","template":"","meta":{"footnotes":""},"class_list":["post-21679","page","type-page","status-publish","hentry"],"amp_enabled":true,"_links":{"self":[{"href":"https:\/\/mythslegendes.com\/es\/wp-json\/wp\/v2\/pages\/21679","targetHints":{"allow":["GET"]}}],"collection":[{"href":"https:\/\/mythslegendes.com\/es\/wp-json\/wp\/v2\/pages"}],"about":[{"href":"https:\/\/mythslegendes.com\/es\/wp-json\/wp\/v2\/types\/page"}],"author":[{"embeddable":true,"href":"https:\/\/mythslegendes.com\/es\/wp-json\/wp\/v2\/users\/1"}],"replies":[{"embeddable":true,"href":"https:\/\/mythslegendes.com\/es\/wp-json\/wp\/v2\/comments?post=21679"}],"version-history":[{"count":3,"href":"https:\/\/mythslegendes.com\/es\/wp-json\/wp\/v2\/pages\/21679\/revisions"}],"predecessor-version":[{"id":21683,"href":"https:\/\/mythslegendes.com\/es\/wp-json\/wp\/v2\/pages\/21679\/revisions\/21683"}],"up":[{"embeddable":true,"href":"https:\/\/mythslegendes.com\/es\/wp-json\/wp\/v2\/pages\/4275"}],"wp:attachment":[{"href":"https:\/\/mythslegendes.com\/es\/wp-json\/wp\/v2\/media?parent=21679"}],"curies":[{"name":"wp","href":"https:\/\/api.w.org\/{rel}","templated":true}]}}