{"id":21684,"date":"2022-08-01T17:06:00","date_gmt":"2022-08-01T17:06:00","guid":{"rendered":"https:\/\/mythslegendes.com\/?page_id=21684"},"modified":"2022-08-01T17:07:57","modified_gmt":"2022-08-01T17:07:57","slug":"conte-tlingit-star-shooter","status":"publish","type":"page","link":"https:\/\/mythslegendes.com\/es\/haida-tlingit-tsimshian-mitologia\/tirador-de-estrellas-de-cuento-tlingit\/","title":{"rendered":"Cuento Tlingit: Tirador de estrellas"},"content":{"rendered":"<div data-elementor-type=\"wp-page\" data-elementor-id=\"21684\" class=\"elementor elementor-21684\">\n\t\t\t\t\t\t<section class=\"elementor-section elementor-top-section elementor-element elementor-element-3ccace6 elementor-section-boxed elementor-section-height-default elementor-section-height-default\" data-id=\"3ccace6\" data-element_type=\"section\" data-e-type=\"section\">\n\t\t\t\t\t\t<div class=\"elementor-container elementor-column-gap-default\">\n\t\t\t\t\t<div class=\"elementor-column elementor-col-50 elementor-top-column elementor-element elementor-element-6ec2c66\" data-id=\"6ec2c66\" data-element_type=\"column\" data-e-type=\"column\">\n\t\t\t<div class=\"elementor-widget-wrap elementor-element-populated\">\n\t\t\t\t\t\t<div class=\"elementor-element elementor-element-dbf476d elementor-align-justify elementor-widget elementor-widget-button\" data-id=\"dbf476d\" data-element_type=\"widget\" data-e-type=\"widget\" data-widget_type=\"button.default\">\n\t\t\t\t<div class=\"elementor-widget-container\">\n\t\t\t\t\t\t\t\t\t<div class=\"elementor-button-wrapper\">\n\t\t\t\t\t<a class=\"elementor-button elementor-button-link elementor-size-sm\" href=\"https:\/\/mythslegendes.com\/es\/haida-tlingit-tsimshian-mitologia\/\">\n\t\t\t\t\t\t<span class=\"elementor-button-content-wrapper\">\n\t\t\t\t\t\t\t\t\t<span class=\"elementor-button-text\">Mitolog\u00eda Haida-Tlingit-Tsimshian<\/span>\n\t\t\t\t\t<\/span>\n\t\t\t\t\t<\/a>\n\t\t\t\t<\/div>\n\t\t\t\t\t\t\t\t<\/div>\n\t\t\t\t<\/div>\n\t\t\t\t\t<\/div>\n\t\t<\/div>\n\t\t\t\t<div class=\"elementor-column elementor-col-50 elementor-top-column elementor-element elementor-element-978bc98\" data-id=\"978bc98\" data-element_type=\"column\" data-e-type=\"column\">\n\t\t\t<div class=\"elementor-widget-wrap elementor-element-populated\">\n\t\t\t\t\t\t<div class=\"elementor-element elementor-element-20a7379 elementor-align-justify elementor-widget elementor-widget-button\" data-id=\"20a7379\" data-element_type=\"widget\" data-e-type=\"widget\" data-widget_type=\"button.default\">\n\t\t\t\t<div class=\"elementor-widget-container\">\n\t\t\t\t\t\t\t\t\t<div class=\"elementor-button-wrapper\">\n\t\t\t\t\t<a class=\"elementor-button elementor-button-link elementor-size-sm\" href=\"https:\/\/www.firstpeople.us\/FP-Html-Legends\/TheStarShooter-Tlingit.html\" target=\"_blank\" rel=\"noopener\">\n\t\t\t\t\t\t<span class=\"elementor-button-content-wrapper\">\n\t\t\t\t\t\t\t\t\t<span class=\"elementor-button-text\">Wiki<\/span>\n\t\t\t\t\t<\/span>\n\t\t\t\t\t<\/a>\n\t\t\t\t<\/div>\n\t\t\t\t\t\t\t\t<\/div>\n\t\t\t\t<\/div>\n\t\t\t\t\t<\/div>\n\t\t<\/div>\n\t\t\t\t\t<\/div>\n\t\t<\/section>\n\t\t\t\t<section class=\"elementor-section elementor-top-section elementor-element elementor-element-8d7e34e elementor-section-boxed elementor-section-height-default elementor-section-height-default\" data-id=\"8d7e34e\" data-element_type=\"section\" data-e-type=\"section\">\n\t\t\t\t\t\t<div class=\"elementor-container elementor-column-gap-default\">\n\t\t\t\t\t<div class=\"elementor-column elementor-col-100 elementor-top-column elementor-element elementor-element-055120a\" data-id=\"055120a\" data-element_type=\"column\" data-e-type=\"column\">\n\t\t\t<div class=\"elementor-widget-wrap elementor-element-populated\">\n\t\t\t\t\t\t<div class=\"elementor-element elementor-element-eec222c elementor-widget elementor-widget-text-editor\" data-id=\"eec222c\" data-element_type=\"widget\" data-e-type=\"widget\" data-widget_type=\"text-editor.default\">\n\t\t\t\t<div class=\"elementor-widget-container\">\n\t\t\t\t\t\t\t\t\t<p>los\u00a0<strong><a href=\"https:\/\/mythslegendes.com\/es\/haida-tlingit-tsimshian-mitologia\/\">Tlingit<\/a><\/strong> son un grupo \u00e9tnico ind\u00edgena de Am\u00e9rica del Norte, m\u00e1s espec\u00edficamente un pueblo nativo de Alaska. Aqu\u00ed est\u00e1 su historia: The Star Shooter.<\/p><p><img decoding=\"async\" class=\"alignnone wp-image-9347 size-full\" src=\"http:\/\/mythslegendes.com\/wp-content\/uploads\/2020\/09\/cropped-AlphaOmega-e1602613368367.png\" alt=\"tirador estrella\" width=\"25\" height=\"25\" title=\"\"><\/p>\t\t\t\t\t\t\t\t<\/div>\n\t\t\t\t<\/div>\n\t\t\t\t\t<\/div>\n\t\t<\/div>\n\t\t\t\t\t<\/div>\n\t\t<\/section>\n\t\t\t\t<section class=\"elementor-section elementor-top-section elementor-element elementor-element-acc5aab elementor-section-boxed elementor-section-height-default elementor-section-height-default\" data-id=\"acc5aab\" data-element_type=\"section\" data-e-type=\"section\">\n\t\t\t\t\t\t<div class=\"elementor-container elementor-column-gap-default\">\n\t\t\t\t\t<div class=\"elementor-column elementor-col-100 elementor-top-column elementor-element elementor-element-e98f02b\" data-id=\"e98f02b\" data-element_type=\"column\" data-e-type=\"column\">\n\t\t\t<div class=\"elementor-widget-wrap elementor-element-populated\">\n\t\t\t\t\t\t<div class=\"elementor-element elementor-element-bc3fcff elementor-widget elementor-widget-heading\" data-id=\"bc3fcff\" data-element_type=\"widget\" data-e-type=\"widget\" data-widget_type=\"heading.default\">\n\t\t\t\t<div class=\"elementor-widget-container\">\n\t\t\t\t\t<div id=\"ez-toc-container\" class=\"ez-toc-v2_0_82_2 counter-hierarchy ez-toc-counter ez-toc-grey ez-toc-container-direction\">\n<div class=\"ez-toc-title-container\">\n<p class=\"ez-toc-title\" style=\"cursor:inherit\">Contenido<\/p>\n<span class=\"ez-toc-title-toggle\"><a href=\"#\" class=\"ez-toc-pull-right ez-toc-btn ez-toc-btn-xs ez-toc-btn-default ez-toc-toggle\" aria-label=\"Alternar tabla de contenidos\"><span class=\"ez-toc-js-icon-con\"><span class=\"\"><span class=\"eztoc-hide\" style=\"display:none;\">Palanca<\/span><span class=\"ez-toc-icon-toggle-span\"><svg style=\"fill: #999;color:#999\" xmlns=\"http:\/\/www.w3.org\/2000\/svg\" class=\"list-377408\" width=\"20px\" height=\"20px\" viewbox=\"0 0 24 24\" fill=\"none\"><path d=\"M6 6H4v2h2V6zm14 0H8v2h12V6zM4 11h2v2H4v-2zm16 0H8v2h12v-2zM4 16h2v2H4v-2zm16 0H8v2h12v-2z\" fill=\"currentColor\"><\/path><\/svg><svg style=\"fill: #999;color:#999\" class=\"arrow-unsorted-368013\" xmlns=\"http:\/\/www.w3.org\/2000\/svg\" width=\"10px\" height=\"10px\" viewbox=\"0 0 24 24\" version=\"1.2\" baseprofile=\"tiny\"><path d=\"M18.2 9.3l-6.2-6.3-6.2 6.3c-.2.2-.3.4-.3.7s.1.5.3.7c.2.2.4.3.7.3h11c.3 0 .5-.1.7-.3.2-.2.3-.5.3-.7s-.1-.5-.3-.7zM5.8 14.7l6.2 6.3 6.2-6.3c.2-.2.3-.5.3-.7s-.1-.5-.3-.7c-.2-.2-.4-.3-.7-.3h-11c-.3 0-.5.1-.7.3-.2.2-.3.5-.3.7s.1.5.3.7z\"\/><\/svg><\/span><\/span><\/span><\/a><\/span><\/div>\n<nav><ul class='ez-toc-list ez-toc-list-level-1' ><li class='ez-toc-page-1 ez-toc-heading-level-2'><a class=\"ez-toc-link ez-toc-heading-1\" href=\"https:\/\/mythslegendes.com\/es\/haida-tlingit-tsimshian-mitologia\/tirador-de-estrellas-de-cuento-tlingit\/#The-Star-Shooter\" >El tirador de estrellas<\/a><\/li><\/ul><\/nav><\/div>\n<h2 class=\"elementor-heading-title elementor-size-default\"><span class=\"ez-toc-section\" id=\"The-Star-Shooter\"><\/span>El tirador de estrellas<span class=\"ez-toc-section-end\"><\/span><\/h2>\t\t\t\t<\/div>\n\t\t\t\t<\/div>\n\t\t\t\t\t<\/div>\n\t\t<\/div>\n\t\t\t\t\t<\/div>\n\t\t<\/section>\n\t\t\t\t<section class=\"elementor-section elementor-top-section elementor-element elementor-element-75d93c7 elementor-section-boxed elementor-section-height-default elementor-section-height-default\" data-id=\"75d93c7\" data-element_type=\"section\" data-e-type=\"section\">\n\t\t\t\t\t\t<div class=\"elementor-container elementor-column-gap-default\">\n\t\t\t\t\t<div class=\"elementor-column elementor-col-100 elementor-top-column elementor-element elementor-element-e3c76ec\" data-id=\"e3c76ec\" data-element_type=\"column\" data-e-type=\"column\">\n\t\t\t<div class=\"elementor-widget-wrap elementor-element-populated\">\n\t\t\t\t\t\t<div class=\"elementor-element elementor-element-4ddad3b elementor-widget elementor-widget-text-editor\" data-id=\"4ddad3b\" data-element_type=\"widget\" data-e-type=\"widget\" data-widget_type=\"text-editor.default\">\n\t\t\t\t<div class=\"elementor-widget-container\">\n\t\t\t\t\t\t\t\t\t<p>Hace mucho tiempo, en un <a href=\"https:\/\/mythslegendes.com\/es\/haida-tlingit-tsimshian-mitologia\/\">Tlingit<\/a> En el pueblo viv\u00edan dos ni\u00f1os que eran mejores amigos. Uno era hijo del jefe y el padre del otro tambi\u00e9n era un hombre muy importante. Los dos ni\u00f1os jugaban juntos todo el tiempo. Lo que m\u00e1s les gustaba hacer era jugar a juegos de caza. Ambos ten\u00edan arcos y sab\u00edan hacer flechas. Un d\u00eda, en lugar de jugar a cazar, decidieron ver cu\u00e1ntas flechas pod\u00edan hacer en un d\u00eda. Al anochecer ya hab\u00edan hecho un mont\u00f3n de ellos. Llevaban sus flechas hacia un cerro donde sol\u00edan jugar.<\/p>\n<p>Esa noche hab\u00eda luna llena y el hijo del jefe dijo: &quot;Mira esa luna llena. Es tan hermosa esta noche. Puedes ver la cara de la luna con tanta claridad&quot;.<\/p>\n<p>&quot;\u00a1Eh!&quot; dijo su amigo. &quot;Puedes verlo claramente y seguro que es feo&quot;.<\/p>\n<p>&quot;No deber\u00edas hablar as\u00ed&quot;, dijo el hijo del jefe. &quot;La luna oir\u00e1 y se enojar\u00e1&quot;.<\/p>\n<p>De repente, la luna ya no brillaba. Aunque las estrellas todav\u00eda estaban afuera, el cielo estaba muy, muy oscuro. Entonces, \u00a1zas! Un arco iris gir\u00f3 alrededor de los dos ni\u00f1os. Hab\u00eda tanta luz que apenas pod\u00edan ver. Entonces, con la misma rapidez, el arco iris desapareci\u00f3 y el cielo volvi\u00f3 a oscurecerse.<\/p>\n<p>El hijo del jefe se volvi\u00f3 para hablar con su amigo, pero su amigo ya no estaba. Tal vez corri\u00f3 colina arriba para alejarse de la luz, pens\u00f3 el hijo del jefe. Entonces subi\u00f3 la colina. Su amigo no estaba all\u00ed. En ese momento, la luna empez\u00f3 a brillar de nuevo. Uh-oh, pens\u00f3 el hijo del jefe. Apuesto a que ese arco\u00edris era la luna y se ha llevado a mi amigo a su casa. \u00bfC\u00f3mo puedo rescatarlo? Si tan solo pudiera disparar una flecha tan alto.<\/p>\n<p>Bueno, pens\u00f3, no hay nada de malo en intentarlo. El hijo del jefe puso una flecha en su arco y la dispar\u00f3 hacia el cielo. No volvi\u00f3 a bajar y vio aparecer una mancha oscura en la estrella junto a la luna. Ten\u00eda toda esa enorme pila de flechas a su lado, as\u00ed que dispar\u00f3 otra flecha, y otra, y otra. Ninguno de ellos cay\u00f3, as\u00ed que sigui\u00f3 disparando. La pila se hac\u00eda cada vez m\u00e1s corta. No estaba seguro de hacia d\u00f3nde iban sus flechas, pero cuando dispar\u00f3 la siguiente flecha, mir\u00f3 hacia arriba y pudo ver el reverso de esa flecha. Todos estaban unidos formando una larga cadena. Sigui\u00f3 disparando hasta que pudo llegar a la flecha inferior.<\/p>\n<p>Ahora, si pudiera escalarla, pens\u00f3, pero mis brazos est\u00e1n demasiado cansados para subir a la luna despu\u00e9s de disparar todas esas flechas. Entonces el hijo del jefe se acost\u00f3 y se durmi\u00f3.<\/p>\n<p>Cuando despert\u00f3, donde hab\u00eda estado esa cadena de flechas hab\u00eda una escalera. Ahora podr\u00eda subir a esa estrella al lado de la luna y desde all\u00ed seguramente podr\u00eda llegar a la luna. Sab\u00eda que ser\u00eda un largo viaje. Ten\u00eda miedo de que si iba a casa a buscar algo de comida, la escalera desapareciera, as\u00ed que arranc\u00f3 tres arbustos de bayas y se los peg\u00f3 en el pelo. Luego empez\u00f3 a escalar.<\/p>\n<p>Subi\u00f3 todo el d\u00eda y cuando lleg\u00f3 la noche, simplemente durmi\u00f3 en la escalera.<\/p>\n<p>Cuando se despert\u00f3 a la ma\u00f1ana siguiente, ten\u00eda hambre, pero los arbustos encima de su cabeza se sent\u00edan pesados. Levant\u00f3 la mano, sac\u00f3 un mont\u00f3n de bayas de salm\u00f3n rosado de una y se las comi\u00f3. Al mediod\u00eda arranc\u00f3 ar\u00e1ndanos azules de otro arbusto y por la noche arranc\u00f3 ar\u00e1ndanos rojos del tercer arbusto. Volvi\u00f3 a dormir en la escalera. Al tercer d\u00eda, volvi\u00f3 a escalar todo el d\u00eda y se alimentaba de los arbustos que ten\u00eda en el pelo.<\/p>\n<p>Finalmente, muy tarde en el d\u00eda, lleg\u00f3 a lo alto de la escalera y descendi\u00f3 hacia la estrella. Estaba tan cansado que se qued\u00f3 dormido.<\/p>\n<p>Lo despert\u00f3 una ni\u00f1a peque\u00f1a vestida con ropas de piel limpia y adornos de plumas de puercoesp\u00edn. \u201cVen conmigo a casa de mi abuela\u201d, dijo. El hijo del jefe se levant\u00f3 y la sigui\u00f3. Cuando lleg\u00f3 a la casa de la abuela, la abuela le dijo: &quot;\u00bfPor qu\u00e9 hab\u00e9is venido aqu\u00ed, abuelos m\u00edos?&quot;<\/p>\n<p>\u201cAy, abuela\u201d, dijo respetuosamente, \u201che venido a buscar a mi mejor amigo, creo que la luna se lo ha llevado.<\/p>\n<p>&quot;Bueno&quot;, dijo la abuela, &quot;la luna vive justo al lado m\u00edo&quot;. Puedes ver su casa desde aqu\u00ed. Y s\u00e9 que se ha llevado alg\u00fan ni\u00f1o peque\u00f1o, porque lo he o\u00eddo llorar. Quiz\u00e1s puedas recuperarlo, pero ser\u00e1 un trabajo duro. Primero debes comer y luego te dar\u00e9 algunas herramientas m\u00e1gicas&quot;.<\/p>\n<p>Entonces ella lo aliment\u00f3 y luego le dio una pi\u00f1a, un rosal, un trozo de maza del diablo y una piedra de afilar.<\/p>\n<p>El ni\u00f1o se escabull\u00f3 hasta la casa de la luna, subi\u00f3 y mir\u00f3 por el agujero del humo. Su amigo estaba sentado en un estante cerca del agujero de humo llorando. El hijo del jefe sac\u00f3 a su amigo y puso la pi\u00f1a en su lugar. Le dijo al cono que creciera y llorara. La pi\u00f1a creci\u00f3 tanto como su amigo y empez\u00f3 a llorar. Los dos amigos emprendieron el regreso a la casa de la anciana. Desafortunadamente, la pi\u00f1a se cay\u00f3 del estante y la luna vio que el ni\u00f1o se hab\u00eda ido y comenz\u00f3 a perseguir a los dos ni\u00f1os. La luna casi hab\u00eda atrapado a los ni\u00f1os cuando el hijo del jefe arroj\u00f3 el rosal. Creci\u00f3 hasta convertirse en un gran matorral de rosales y la luna se ralentiz\u00f3 al intentar pasar.<\/p>\n<p>Los chicos hab\u00edan avanzado un poco cuando la luna logr\u00f3 atravesar las rosas.<\/p>\n<p>Cuando la luna volvi\u00f3 a acercarse, el hijo del jefe arroj\u00f3 el garrote del diablo. Creci\u00f3 hasta alcanzar un espesor enorme. La maza del diablo tiene hojas enormes con pegatinas y tallos grandes y pesados con espinas largas y afiladas. A la luna le result\u00f3 mucho m\u00e1s dif\u00edcil atravesar el garrote del diablo que a las rosas, pero lo logr\u00f3 y casi volvi\u00f3 a alcanzarlo.<\/p>\n<p>Esta vez, el hijo del jefe arroj\u00f3 la piedra de afilar. Creci\u00f3 hasta convertirse en una monta\u00f1a muy empinada con una punta afilada en la cima. La luna intent\u00f3 e intent\u00f3 subir la monta\u00f1a, pero sigui\u00f3 rodando hacia abajo, as\u00ed que esta vez los ni\u00f1os llegaron sanos y salvos a la casa de la anciana. Le agradecieron una y otra vez por ayudarlos y luego fueron a bajar por la escalera, pero ya no estaba. La anciana hab\u00eda ido con ellos y les dijo: &quot;Todo lo que tienes que hacer para llegar a casa es pensar en ese lugar en la colina donde siempre juegas. Piensa en eso y nada m\u00e1s, luego vete a dormir&quot;. &quot;<\/p>\n<p>Entonces ella regres\u00f3 a casa y se acostaron a dormir. Estaban casi dormidos cuando el hijo del jefe empez\u00f3 a pensar en lo amable que hab\u00eda sido la anciana con \u00e9l. Inmediatamente se encontraron de regreso en la casa de la anciana. Ella dijo: &quot;Si quieres volver a casa, no debes pensar en m\u00ed. Piensa s\u00f3lo en el lugar al que vas&quot;. Esta vez s\u00f3lo pudieron pensar en volver a casa. Se fueron a dormir y cuando despertaron estaban en su pueblo, en el cerro.<\/p>\n<p>Oyeron a un tamborilero tocando la danza de la muerte. La gente del pueblo pens\u00f3 que los dos amigos hab\u00edan muerto, as\u00ed que hicieron lo que hacen cuando alguien muere. Estaban todos en la casa del jefe. La gente empez\u00f3 a salir muy pronto. Todos ten\u00edan la cara pintada de negro y los ojos rojos por el llanto triste. Era de noche, as\u00ed que no vieron a los dos amigos. Sali\u00f3 el hermano del hijo del jefe. El hijo del jefe llam\u00f3 a su hermano. El ni\u00f1o se asust\u00f3 y volvi\u00f3 corriendo y le dijo a su madre que su hermano y su amigo estaban afuera. &quot;\u00bfEst\u00e1s burl\u00e1ndote de mi?&quot; dijo enojada.<\/p>\n<p>&quot;No,&quot; dijo: &quot;Realmente son ellos. Lo demostrar\u00e9&quot;. El ni\u00f1o sali\u00f3 corriendo y el hijo del jefe le dio su camiseta a su hermano peque\u00f1o. Se lo llev\u00f3 a su madre. Su madre sali\u00f3 corriendo a ver a los dos ni\u00f1os y grit\u00f3 a todo el pueblo que viniera. Todos empezaron a llorar de nuevo, pero ahora era un llanto de felicidad.<\/p>\t\t\t\t\t\t\t\t<\/div>\n\t\t\t\t<\/div>\n\t\t\t\t\t<\/div>\n\t\t<\/div>\n\t\t\t\t\t<\/div>\n\t\t<\/section>\n\t\t\t\t<\/div>","protected":false},"excerpt":{"rendered":"<p>Mythologie Haida-Tlingit-Tsimshian Wiki Les\u00a0Tlingits sont une ethnie indig\u00e8ne d\u2019Am\u00e9rique du Nord, plus pr\u00e9cis\u00e9ment un peuple autochtone d\u2019Alaska. Voici leur conte &hellip; <\/p>","protected":false},"author":1,"featured_media":0,"parent":4275,"menu_order":0,"comment_status":"closed","ping_status":"closed","template":"","meta":{"footnotes":""},"class_list":["post-21684","page","type-page","status-publish","hentry"],"amp_enabled":true,"_links":{"self":[{"href":"https:\/\/mythslegendes.com\/es\/wp-json\/wp\/v2\/pages\/21684","targetHints":{"allow":["GET"]}}],"collection":[{"href":"https:\/\/mythslegendes.com\/es\/wp-json\/wp\/v2\/pages"}],"about":[{"href":"https:\/\/mythslegendes.com\/es\/wp-json\/wp\/v2\/types\/page"}],"author":[{"embeddable":true,"href":"https:\/\/mythslegendes.com\/es\/wp-json\/wp\/v2\/users\/1"}],"replies":[{"embeddable":true,"href":"https:\/\/mythslegendes.com\/es\/wp-json\/wp\/v2\/comments?post=21684"}],"version-history":[{"count":3,"href":"https:\/\/mythslegendes.com\/es\/wp-json\/wp\/v2\/pages\/21684\/revisions"}],"predecessor-version":[{"id":21691,"href":"https:\/\/mythslegendes.com\/es\/wp-json\/wp\/v2\/pages\/21684\/revisions\/21691"}],"up":[{"embeddable":true,"href":"https:\/\/mythslegendes.com\/es\/wp-json\/wp\/v2\/pages\/4275"}],"wp:attachment":[{"href":"https:\/\/mythslegendes.com\/es\/wp-json\/wp\/v2\/media?parent=21684"}],"curies":[{"name":"wp","href":"https:\/\/api.w.org\/{rel}","templated":true}]}}