{"id":21692,"date":"2022-08-01T17:42:15","date_gmt":"2022-08-01T17:42:15","guid":{"rendered":"https:\/\/mythslegendes.com\/?page_id=21692"},"modified":"2022-08-01T17:44:27","modified_gmt":"2022-08-01T17:44:27","slug":"conte-tlingit-the-woman-who-married-a-frog","status":"publish","type":"page","link":"https:\/\/mythslegendes.com\/es\/haida-tlingit-tsimshian-mitologia\/cuento-tlingit-la-mujer-que-se-caso-con-una-rana\/","title":{"rendered":"Historia tlingit: la mujer que se cas\u00f3 con una rana"},"content":{"rendered":"<div data-elementor-type=\"wp-page\" data-elementor-id=\"21692\" class=\"elementor elementor-21692\">\n\t\t\t\t\t\t<section class=\"elementor-section elementor-top-section elementor-element elementor-element-a336f5f elementor-section-boxed elementor-section-height-default elementor-section-height-default\" data-id=\"a336f5f\" data-element_type=\"section\" data-e-type=\"section\">\n\t\t\t\t\t\t<div class=\"elementor-container elementor-column-gap-default\">\n\t\t\t\t\t<div class=\"elementor-column elementor-col-50 elementor-top-column elementor-element elementor-element-3415c3d\" data-id=\"3415c3d\" data-element_type=\"column\" data-e-type=\"column\">\n\t\t\t<div class=\"elementor-widget-wrap elementor-element-populated\">\n\t\t\t\t\t\t<div class=\"elementor-element elementor-element-233c274 elementor-align-justify elementor-widget elementor-widget-button\" data-id=\"233c274\" data-element_type=\"widget\" data-e-type=\"widget\" data-widget_type=\"button.default\">\n\t\t\t\t<div class=\"elementor-widget-container\">\n\t\t\t\t\t\t\t\t\t<div class=\"elementor-button-wrapper\">\n\t\t\t\t\t<a class=\"elementor-button elementor-button-link elementor-size-sm\" href=\"https:\/\/mythslegendes.com\/es\/haida-tlingit-tsimshian-mitologia\/\">\n\t\t\t\t\t\t<span class=\"elementor-button-content-wrapper\">\n\t\t\t\t\t\t\t\t\t<span class=\"elementor-button-text\">Mitolog\u00eda Haida-Tlingit-Tsimshian<\/span>\n\t\t\t\t\t<\/span>\n\t\t\t\t\t<\/a>\n\t\t\t\t<\/div>\n\t\t\t\t\t\t\t\t<\/div>\n\t\t\t\t<\/div>\n\t\t\t\t\t<\/div>\n\t\t<\/div>\n\t\t\t\t<div class=\"elementor-column elementor-col-50 elementor-top-column elementor-element elementor-element-127b0d0\" data-id=\"127b0d0\" data-element_type=\"column\" data-e-type=\"column\">\n\t\t\t<div class=\"elementor-widget-wrap elementor-element-populated\">\n\t\t\t\t\t\t<div class=\"elementor-element elementor-element-00f3d04 elementor-align-justify elementor-widget elementor-widget-button\" data-id=\"00f3d04\" data-element_type=\"widget\" data-e-type=\"widget\" data-widget_type=\"button.default\">\n\t\t\t\t<div class=\"elementor-widget-container\">\n\t\t\t\t\t\t\t\t\t<div class=\"elementor-button-wrapper\">\n\t\t\t\t\t<a class=\"elementor-button elementor-button-link elementor-size-sm\" href=\"https:\/\/www.firstpeople.us\/FP-Html-Legends\/TheWomanWhoMarriedAFrog-Tlingit.html\" target=\"_blank\" rel=\"noopener\">\n\t\t\t\t\t\t<span class=\"elementor-button-content-wrapper\">\n\t\t\t\t\t\t\t\t\t<span class=\"elementor-button-text\">Wiki<\/span>\n\t\t\t\t\t<\/span>\n\t\t\t\t\t<\/a>\n\t\t\t\t<\/div>\n\t\t\t\t\t\t\t\t<\/div>\n\t\t\t\t<\/div>\n\t\t\t\t\t<\/div>\n\t\t<\/div>\n\t\t\t\t\t<\/div>\n\t\t<\/section>\n\t\t\t\t<section class=\"elementor-section elementor-top-section elementor-element elementor-element-6d08bdb elementor-section-boxed elementor-section-height-default elementor-section-height-default\" data-id=\"6d08bdb\" data-element_type=\"section\" data-e-type=\"section\">\n\t\t\t\t\t\t<div class=\"elementor-container elementor-column-gap-default\">\n\t\t\t\t\t<div class=\"elementor-column elementor-col-100 elementor-top-column elementor-element elementor-element-07b041b\" data-id=\"07b041b\" data-element_type=\"column\" data-e-type=\"column\">\n\t\t\t<div class=\"elementor-widget-wrap elementor-element-populated\">\n\t\t\t\t\t\t<div class=\"elementor-element elementor-element-211ff29 elementor-widget elementor-widget-text-editor\" data-id=\"211ff29\" data-element_type=\"widget\" data-e-type=\"widget\" data-widget_type=\"text-editor.default\">\n\t\t\t\t<div class=\"elementor-widget-container\">\n\t\t\t\t\t\t\t\t\t<p>los\u00a0<strong><a href=\"https:\/\/mythslegendes.com\/es\/haida-tlingit-tsimshian-mitologia\/\">Tlingit<\/a><\/strong> son una etnia ind\u00edgena de Am\u00e9rica del Norte, espec\u00edficamente un pueblo nativo de Alaska. Aqu\u00ed est\u00e1 su historia: La mujer que se cas\u00f3 con una rana.<\/p><p><img decoding=\"async\" class=\"alignnone wp-image-9347 size-full\" src=\"http:\/\/mythslegendes.com\/wp-content\/uploads\/2020\/09\/cropped-AlphaOmega-e1602613368367.png\" alt=\"La mujer que se cas\u00f3 con una rana\" width=\"25\" height=\"25\" title=\"\"><\/p>\t\t\t\t\t\t\t\t<\/div>\n\t\t\t\t<\/div>\n\t\t\t\t\t<\/div>\n\t\t<\/div>\n\t\t\t\t\t<\/div>\n\t\t<\/section>\n\t\t\t\t<section class=\"elementor-section elementor-top-section elementor-element elementor-element-46b2172 elementor-section-boxed elementor-section-height-default elementor-section-height-default\" data-id=\"46b2172\" data-element_type=\"section\" data-e-type=\"section\">\n\t\t\t\t\t\t<div class=\"elementor-container elementor-column-gap-default\">\n\t\t\t\t\t<div class=\"elementor-column elementor-col-100 elementor-top-column elementor-element elementor-element-0f22e77\" data-id=\"0f22e77\" data-element_type=\"column\" data-e-type=\"column\">\n\t\t\t<div class=\"elementor-widget-wrap elementor-element-populated\">\n\t\t\t\t\t\t<div class=\"elementor-element elementor-element-82214b9 elementor-widget elementor-widget-heading\" data-id=\"82214b9\" data-element_type=\"widget\" data-e-type=\"widget\" data-widget_type=\"heading.default\">\n\t\t\t\t<div class=\"elementor-widget-container\">\n\t\t\t\t\t<div id=\"ez-toc-container\" class=\"ez-toc-v2_0_82_2 counter-hierarchy ez-toc-counter ez-toc-grey ez-toc-container-direction\">\n<div class=\"ez-toc-title-container\">\n<p class=\"ez-toc-title\" style=\"cursor:inherit\">Contenido<\/p>\n<span class=\"ez-toc-title-toggle\"><a href=\"#\" class=\"ez-toc-pull-right ez-toc-btn ez-toc-btn-xs ez-toc-btn-default ez-toc-toggle\" aria-label=\"Alternar tabla de contenidos\"><span class=\"ez-toc-js-icon-con\"><span class=\"\"><span class=\"eztoc-hide\" style=\"display:none;\">Palanca<\/span><span class=\"ez-toc-icon-toggle-span\"><svg style=\"fill: #999;color:#999\" xmlns=\"http:\/\/www.w3.org\/2000\/svg\" class=\"list-377408\" width=\"20px\" height=\"20px\" viewbox=\"0 0 24 24\" fill=\"none\"><path d=\"M6 6H4v2h2V6zm14 0H8v2h12V6zM4 11h2v2H4v-2zm16 0H8v2h12v-2zM4 16h2v2H4v-2zm16 0H8v2h12v-2z\" fill=\"currentColor\"><\/path><\/svg><svg style=\"fill: #999;color:#999\" class=\"arrow-unsorted-368013\" xmlns=\"http:\/\/www.w3.org\/2000\/svg\" width=\"10px\" height=\"10px\" viewbox=\"0 0 24 24\" version=\"1.2\" baseprofile=\"tiny\"><path d=\"M18.2 9.3l-6.2-6.3-6.2 6.3c-.2.2-.3.4-.3.7s.1.5.3.7c.2.2.4.3.7.3h11c.3 0 .5-.1.7-.3.2-.2.3-.5.3-.7s-.1-.5-.3-.7zM5.8 14.7l6.2 6.3 6.2-6.3c.2-.2.3-.5.3-.7s-.1-.5-.3-.7c-.2-.2-.4-.3-.7-.3h-11c-.3 0-.5.1-.7.3-.2.2-.3.5-.3.7s.1.5.3.7z\"\/><\/svg><\/span><\/span><\/span><\/a><\/span><\/div>\n<nav><ul class='ez-toc-list ez-toc-list-level-1' ><li class='ez-toc-page-1 ez-toc-heading-level-2'><a class=\"ez-toc-link ez-toc-heading-1\" href=\"https:\/\/mythslegendes.com\/es\/haida-tlingit-tsimshian-mitologia\/cuento-tlingit-la-mujer-que-se-caso-con-una-rana\/#The-Woman-Who-Married-a-Frog\" >La mujer que se cas\u00f3 con una rana<\/a><\/li><\/ul><\/nav><\/div>\n<h2 class=\"elementor-heading-title elementor-size-default\"><span class=\"ez-toc-section\" id=\"The-Woman-Who-Married-a-Frog\"><\/span>La mujer que se cas\u00f3 con una rana<span class=\"ez-toc-section-end\"><\/span><\/h2>\t\t\t\t<\/div>\n\t\t\t\t<\/div>\n\t\t\t\t\t<\/div>\n\t\t<\/div>\n\t\t\t\t\t<\/div>\n\t\t<\/section>\n\t\t\t\t<section class=\"elementor-section elementor-top-section elementor-element elementor-element-3d4f0ba elementor-section-boxed elementor-section-height-default elementor-section-height-default\" data-id=\"3d4f0ba\" data-element_type=\"section\" data-e-type=\"section\">\n\t\t\t\t\t\t<div class=\"elementor-container elementor-column-gap-default\">\n\t\t\t\t\t<div class=\"elementor-column elementor-col-100 elementor-top-column elementor-element elementor-element-80a2b1a\" data-id=\"80a2b1a\" data-element_type=\"column\" data-e-type=\"column\">\n\t\t\t<div class=\"elementor-widget-wrap elementor-element-populated\">\n\t\t\t\t\t\t<div class=\"elementor-element elementor-element-7ffe638 elementor-widget elementor-widget-text-editor\" data-id=\"7ffe638\" data-element_type=\"widget\" data-e-type=\"widget\" data-widget_type=\"text-editor.default\">\n\t\t\t\t<div class=\"elementor-widget-container\">\n\t\t\t\t\t\t\t\t\t<p>Hab\u00eda una vez una mujer joven que era muy vanidosa. su padre era<br \/>la jefa del pueblo y su familia eran muy respetados. muchos j\u00f3venes<br \/>los hombres quer\u00edan casarse con ella, pero ella pens\u00f3 que era demasiado buena para<br \/>todos ellos. Un d\u00eda, ella y su hermana caminaban al lado del<br \/>gran lago en su pueblo. Ese lago ten\u00eda muchas ranas. Muchos de<br \/>estaban sentados en un banco de lodo, en medio del lago, y<br \/>empez\u00f3 a burlarse de ellos.<\/p><p>\u201cQu\u00e9 feas son esas ranas\u201d, dijo. Entonces ella se agach\u00f3<br \/>y recogi\u00f3 uno que estaba sentado en la orilla y la miraba.<\/p><p>\u201cEres tan feo\u201d, le dijo a esa rana. \u201cIncluso otro<br \/>\u00a1La rana no se casar\u00eda contigo! Con eso, arroj\u00f3 la rana de vuelta al lago.<\/p><p>Esa misma noche, cuando la joven sali\u00f3 de su albergue<br \/>caminar, mientras todos los dem\u00e1s dorm\u00edan, se sorprendi\u00f3 al<br \/>ver a un joven parado all\u00ed. Su ropa estaba decorada con<br \/>hermosas cuentas verdes y \u00e9l era muy guapo.<\/p><p>\u201cHe venido a casarme contigo\u201d, le dijo el joven. &quot;Venir<br \/>conmigo a la casa de mi padre. \u00bb<\/p><p>La joven estuvo de acuerdo. Nunca hab\u00eda visto a un joven tan guapo.<br \/>hombre y quer\u00eda ser su esposa.<\/p><p>&quot;Debemos subir esta colina para llegar a la casa de mi padre&quot;,<br \/>dijo el joven y se\u00f1al\u00f3 el lago. empezaron a caminar<br \/>hasta el agua, pero para la joven, se sent\u00eda como si estuvieran<br \/>estaban subiendo una colina. Cuando llegaron al agua, no se detuvieron\u2026<br \/>Fue bajo.<\/p><p>A la ma\u00f1ana siguiente, la familia de la joven not\u00f3 que estaba<br \/>desaparecido. La buscaron por todos lados y cuando descubrieron<br \/>las huellas que conduc\u00edan al agua, decidieron que deb\u00eda haberse ahogado.<\/p><p>Tocaron los tambores y celebraron una fiesta de la muerte. Gente, en el pueblo,<br \/>se cortaron el cabello y se ennegrecieron los rostros y lloraron la p\u00e9rdida del<br \/>mujer joven.<\/p><p>Un d\u00eda, sin embargo, un hombre caminaba por el lago. cuando mir\u00f3<br \/>en el medio, vio muchas ranas sentadas en el banco de lodo. Y<br \/>ah\u00ed, en medio de todas esas ranas estaba sentada la hija perdida del cacique!!!<br \/>Empez\u00f3 a vadear hacia las ranas, pero estas saltaron al agua.<br \/>agua, y se llevaron consigo a la joven.<\/p><p>El hombre se dirigi\u00f3 muy r\u00e1pido a la casa del cacique. &quot;He visto<br \/>\u00a1su hija! \u00e9l dijo. \u201cSe la han llevado las ranas.<br \/>Trat\u00e9 de llegar a ella, pero la gente rana se la llev\u00f3 con ellos bajo<br \/>el agua. \u00bb<\/p><p>La madre y el padre de la joven bajaron al lago. All\u00e1,<br \/>vieron a su hija sentada en el banco de lodo rodeada por el<br \/>Gente rana. Al igual que antes, cuando el jefe trat\u00f3 de alcanzarla,<br \/>las ranas saltaron y la llevaron bajo el lago con ellas.<\/p><p>Entonces, la otra hija del jefe habl\u00f3.<\/p><p>\u201cMi hermana insult\u00f3 a la gente rana\u201d, dijo. Eso<br \/>por eso se la han llevado.<\/p><p>El jefe supo entonces lo que deb\u00eda hacer. Hizo ofrendas a la Rana<br \/>Personas, pidi\u00e9ndoles que perdonen a su hija. colocaron platos<br \/>de comida en la superficie del agua. Los platos flotaron, para<br \/>medio del lago, y luego se hundi\u00f3. Pero, las ranas no dar\u00edan<br \/>la joven arriba.<\/p><p>Entonces, el cacique coloc\u00f3 t\u00fanicas, de finas pieles, en la orilla. El joven<br \/>La mujer y el Pueblo Rana fueron al banco y tomaron las t\u00fanicas. Objetivo,<br \/>cuando el jefe se acerc\u00f3, el pueblo rana la llev\u00f3 de regreso al lago.<\/p><p>La gente rana simplemente no se dar\u00eda por vencida. Por fin, el jefe hab\u00eda<br \/>plan. reuni\u00f3 a toda la gente del pueblo.<\/p><p>\u201cVamos a cavar una zanja\u201d, dijo. &quot;Vamos a drenar todo<br \/>del agua del lago, y rescata a mi hija. \u00bb<\/p><p>La gente cav\u00f3 durante mucho tiempo y el agua comenz\u00f3 a escurrirse.<\/p><p>La gente rana trat\u00f3 de llenar la trinchera con barro, pero no pudieron.<br \/>impedir que el agua fluya fuera del lago. La gente rana intent\u00f3<br \/>para ahuyentar a la gente, pero la gente solo recogi\u00f3 las ranas<br \/>y los devolvi\u00f3 al agua. Tuvieron mucho cuidado de no<br \/>para lastimar a alguna de las ranas, pero no dejaron de cavar la zanja.<br \/>El agua segu\u00eda fluyendo y las casas de los Frog People estaban<br \/>siendo destruido.<\/p><p>Por fin, el jefe de Frog People tom\u00f3 una decisi\u00f3n. Despu\u00e9s de todo,<br \/>fue su hijo quien se cas\u00f3 con la joven.<\/p><p>&quot;No somos lo suficientemente fuertes para luchar contra estos humanos&quot;, dijo.<br \/>\u201cDebemos devolverle a mi nueva nuera a su gente. \u00bb<\/p><p>Entonces, llevaron a la joven a la trinchera. su padre y<br \/>la madre la vio y la sac\u00f3. Estaba cubierta de barro y<br \/>ol\u00eda a rana!<\/p><p>Una rana salt\u00f3 del agua tras ella. Era la rana que<br \/>hab\u00eda sido su marido. Pero, la gente lo recogi\u00f3 con cuidado y<br \/>ponerlo de nuevo en el lago.<\/p><p>El jefe llev\u00f3 a la joven a su casa. Durante mucho tiempo, ella pudo<br \/>s\u00f3lo habla como lo hace una rana.<\/p><p>\u201c\u00a1\u00a1Eh, eh, eh!! \u00bb<\/p><p>Pero, finalmente, comenz\u00f3 a hablar como un ser humano de nuevo.<\/p><p>\u201cLa Gente Rana conoce nuestro idioma\u201d, le dijo a la gente.<br \/>\u201cNo hay que hablar mal de ellos. \u00bb<\/p><p>As\u00ed que a partir de ese d\u00eda, la gente mostr\u00f3 un gran respeto por la Rana.<br \/>Gente. Aprendieron las canciones que la mujer hab\u00eda tra\u00eddo del<br \/>Frog People y usaron la rana como emblema.<\/p><p>Aprendieron una gran lecci\u00f3n. Nunca olvidaron lo que le pas\u00f3<br \/>la joven que era demasiado orgullosa. Hasta el d\u00eda de hoy, cuando el pueblo<br \/>del pueblo escuchan el canto de las ranas, dicen que la gente rana<br \/>les est\u00e1n contando a sus hijos esta historia tambi\u00e9n.<\/p>\t\t\t\t\t\t\t\t<\/div>\n\t\t\t\t<\/div>\n\t\t\t\t\t<\/div>\n\t\t<\/div>\n\t\t\t\t\t<\/div>\n\t\t<\/section>\n\t\t\t\t<\/div>","protected":false},"excerpt":{"rendered":"<p>Mythologie Haida-Tlingit-Tsimshian Wiki Les\u00a0Tlingits sont une ethnie indig\u00e8ne d\u2019Am\u00e9rique du Nord, plus pr\u00e9cis\u00e9ment un peuple autochtone d\u2019Alaska. Voici leur conte &hellip; <\/p>","protected":false},"author":1,"featured_media":0,"parent":4275,"menu_order":0,"comment_status":"closed","ping_status":"closed","template":"","meta":{"footnotes":""},"class_list":["post-21692","page","type-page","status-publish","hentry"],"amp_enabled":true,"_links":{"self":[{"href":"https:\/\/mythslegendes.com\/es\/wp-json\/wp\/v2\/pages\/21692","targetHints":{"allow":["GET"]}}],"collection":[{"href":"https:\/\/mythslegendes.com\/es\/wp-json\/wp\/v2\/pages"}],"about":[{"href":"https:\/\/mythslegendes.com\/es\/wp-json\/wp\/v2\/types\/page"}],"author":[{"embeddable":true,"href":"https:\/\/mythslegendes.com\/es\/wp-json\/wp\/v2\/users\/1"}],"replies":[{"embeddable":true,"href":"https:\/\/mythslegendes.com\/es\/wp-json\/wp\/v2\/comments?post=21692"}],"version-history":[{"count":3,"href":"https:\/\/mythslegendes.com\/es\/wp-json\/wp\/v2\/pages\/21692\/revisions"}],"predecessor-version":[{"id":21699,"href":"https:\/\/mythslegendes.com\/es\/wp-json\/wp\/v2\/pages\/21692\/revisions\/21699"}],"up":[{"embeddable":true,"href":"https:\/\/mythslegendes.com\/es\/wp-json\/wp\/v2\/pages\/4275"}],"wp:attachment":[{"href":"https:\/\/mythslegendes.com\/es\/wp-json\/wp\/v2\/media?parent=21692"}],"curies":[{"name":"wp","href":"https:\/\/api.w.org\/{rel}","templated":true}]}}