{"id":21706,"date":"2022-08-01T17:50:01","date_gmt":"2022-08-01T17:50:01","guid":{"rendered":"https:\/\/mythslegendes.com\/?page_id=21706"},"modified":"2022-08-01T17:53:03","modified_gmt":"2022-08-01T17:53:03","slug":"conte-tsimshian-raven-becomes-voracious","status":"publish","type":"page","link":"https:\/\/mythslegendes.com\/es\/haida-tlingit-tsimshian-mitologia\/cuento-tsimshian-cuervo-se-vuelve-voraz\/","title":{"rendered":"Cuento de Tsimshian: el cuervo se vuelve voraz"},"content":{"rendered":"<div data-elementor-type=\"wp-page\" data-elementor-id=\"21706\" class=\"elementor elementor-21706\">\n\t\t\t\t\t\t<section class=\"elementor-section elementor-top-section elementor-element elementor-element-9b601d2 elementor-section-boxed elementor-section-height-default elementor-section-height-default\" data-id=\"9b601d2\" data-element_type=\"section\" data-e-type=\"section\">\n\t\t\t\t\t\t<div class=\"elementor-container elementor-column-gap-default\">\n\t\t\t\t\t<div class=\"elementor-column elementor-col-50 elementor-top-column elementor-element elementor-element-d263646\" data-id=\"d263646\" data-element_type=\"column\" data-e-type=\"column\">\n\t\t\t<div class=\"elementor-widget-wrap elementor-element-populated\">\n\t\t\t\t\t\t<div class=\"elementor-element elementor-element-a67dff4 elementor-align-justify elementor-widget elementor-widget-button\" data-id=\"a67dff4\" data-element_type=\"widget\" data-e-type=\"widget\" data-widget_type=\"button.default\">\n\t\t\t\t<div class=\"elementor-widget-container\">\n\t\t\t\t\t\t\t\t\t<div class=\"elementor-button-wrapper\">\n\t\t\t\t\t<a class=\"elementor-button elementor-button-link elementor-size-sm\" href=\"https:\/\/mythslegendes.com\/es\/haida-tlingit-tsimshian-mitologia\/\">\n\t\t\t\t\t\t<span class=\"elementor-button-content-wrapper\">\n\t\t\t\t\t\t\t\t\t<span class=\"elementor-button-text\">Mitolog\u00eda Haida-Tlingit-Tsimshian<\/span>\n\t\t\t\t\t<\/span>\n\t\t\t\t\t<\/a>\n\t\t\t\t<\/div>\n\t\t\t\t\t\t\t\t<\/div>\n\t\t\t\t<\/div>\n\t\t\t\t\t<\/div>\n\t\t<\/div>\n\t\t\t\t<div class=\"elementor-column elementor-col-50 elementor-top-column elementor-element elementor-element-dc280d2\" data-id=\"dc280d2\" data-element_type=\"column\" data-e-type=\"column\">\n\t\t\t<div class=\"elementor-widget-wrap elementor-element-populated\">\n\t\t\t\t\t\t<div class=\"elementor-element elementor-element-8705f51 elementor-align-justify elementor-widget elementor-widget-button\" data-id=\"8705f51\" data-element_type=\"widget\" data-e-type=\"widget\" data-widget_type=\"button.default\">\n\t\t\t\t<div class=\"elementor-widget-container\">\n\t\t\t\t\t\t\t\t\t<div class=\"elementor-button-wrapper\">\n\t\t\t\t\t<a class=\"elementor-button elementor-button-link elementor-size-sm\" href=\"https:\/\/www.firstpeople.us\/FP-Html-Legends\/RavenBecomesVoracious-Tsimshian.html\" target=\"_blank\" rel=\"noopener\">\n\t\t\t\t\t\t<span class=\"elementor-button-content-wrapper\">\n\t\t\t\t\t\t\t\t\t<span class=\"elementor-button-text\">Wiki<\/span>\n\t\t\t\t\t<\/span>\n\t\t\t\t\t<\/a>\n\t\t\t\t<\/div>\n\t\t\t\t\t\t\t\t<\/div>\n\t\t\t\t<\/div>\n\t\t\t\t\t<\/div>\n\t\t<\/div>\n\t\t\t\t\t<\/div>\n\t\t<\/section>\n\t\t\t\t<section class=\"elementor-section elementor-top-section elementor-element elementor-element-098557c elementor-section-boxed elementor-section-height-default elementor-section-height-default\" data-id=\"098557c\" data-element_type=\"section\" data-e-type=\"section\">\n\t\t\t\t\t\t<div class=\"elementor-container elementor-column-gap-default\">\n\t\t\t\t\t<div class=\"elementor-column elementor-col-100 elementor-top-column elementor-element elementor-element-6cf1741\" data-id=\"6cf1741\" data-element_type=\"column\" data-e-type=\"column\">\n\t\t\t<div class=\"elementor-widget-wrap elementor-element-populated\">\n\t\t\t\t\t\t<div class=\"elementor-element elementor-element-6938a41 elementor-widget elementor-widget-text-editor\" data-id=\"6938a41\" data-element_type=\"widget\" data-e-type=\"widget\" data-widget_type=\"text-editor.default\">\n\t\t\t\t<div class=\"elementor-widget-container\">\n\t\t\t\t\t\t\t\t\t<p>los\u00a0<strong>Tsimshians<\/strong>\u00a0(Sm&#039;algyax:\u00a0<strong>Ts&#039;msyan<\/strong>) son un pueblo ind\u00edgena de Am\u00e9rica del Norte. Sus comunidades se originan en el estuario del r\u00edo Skeena. Esta es su historia: Raven se vuelve voraz.<\/p><p><img decoding=\"async\" class=\"alignnone wp-image-9347 size-full\" src=\"http:\/\/mythslegendes.com\/wp-content\/uploads\/2020\/09\/cropped-AlphaOmega-e1602613368367.png\" alt=\"Cuervo se vuelve voraz\" width=\"25\" height=\"25\" title=\"\"><\/p>\t\t\t\t\t\t\t\t<\/div>\n\t\t\t\t<\/div>\n\t\t\t\t\t<\/div>\n\t\t<\/div>\n\t\t\t\t\t<\/div>\n\t\t<\/section>\n\t\t\t\t<section class=\"elementor-section elementor-top-section elementor-element elementor-element-a007ba2 elementor-section-boxed elementor-section-height-default elementor-section-height-default\" data-id=\"a007ba2\" data-element_type=\"section\" data-e-type=\"section\">\n\t\t\t\t\t\t<div class=\"elementor-container elementor-column-gap-default\">\n\t\t\t\t\t<div class=\"elementor-column elementor-col-100 elementor-top-column elementor-element elementor-element-3c955a8\" data-id=\"3c955a8\" data-element_type=\"column\" data-e-type=\"column\">\n\t\t\t<div class=\"elementor-widget-wrap elementor-element-populated\">\n\t\t\t\t\t\t<div class=\"elementor-element elementor-element-e84224e elementor-widget elementor-widget-heading\" data-id=\"e84224e\" data-element_type=\"widget\" data-e-type=\"widget\" data-widget_type=\"heading.default\">\n\t\t\t\t<div class=\"elementor-widget-container\">\n\t\t\t\t\t<div id=\"ez-toc-container\" class=\"ez-toc-v2_0_82_2 counter-hierarchy ez-toc-counter ez-toc-grey ez-toc-container-direction\">\n<div class=\"ez-toc-title-container\">\n<p class=\"ez-toc-title\" style=\"cursor:inherit\">Contenido<\/p>\n<span class=\"ez-toc-title-toggle\"><a href=\"#\" class=\"ez-toc-pull-right ez-toc-btn ez-toc-btn-xs ez-toc-btn-default ez-toc-toggle\" aria-label=\"Alternar tabla de contenidos\"><span class=\"ez-toc-js-icon-con\"><span class=\"\"><span class=\"eztoc-hide\" style=\"display:none;\">Palanca<\/span><span class=\"ez-toc-icon-toggle-span\"><svg style=\"fill: #999;color:#999\" xmlns=\"http:\/\/www.w3.org\/2000\/svg\" class=\"list-377408\" width=\"20px\" height=\"20px\" viewbox=\"0 0 24 24\" fill=\"none\"><path d=\"M6 6H4v2h2V6zm14 0H8v2h12V6zM4 11h2v2H4v-2zm16 0H8v2h12v-2zM4 16h2v2H4v-2zm16 0H8v2h12v-2z\" fill=\"currentColor\"><\/path><\/svg><svg style=\"fill: #999;color:#999\" class=\"arrow-unsorted-368013\" xmlns=\"http:\/\/www.w3.org\/2000\/svg\" width=\"10px\" height=\"10px\" viewbox=\"0 0 24 24\" version=\"1.2\" baseprofile=\"tiny\"><path d=\"M18.2 9.3l-6.2-6.3-6.2 6.3c-.2.2-.3.4-.3.7s.1.5.3.7c.2.2.4.3.7.3h11c.3 0 .5-.1.7-.3.2-.2.3-.5.3-.7s-.1-.5-.3-.7zM5.8 14.7l6.2 6.3 6.2-6.3c.2-.2.3-.5.3-.7s-.1-.5-.3-.7c-.2-.2-.4-.3-.7-.3h-11c-.3 0-.5.1-.7.3-.2.2-.3.5-.3.7s.1.5.3.7z\"\/><\/svg><\/span><\/span><\/span><\/a><\/span><\/div>\n<nav><ul class='ez-toc-list ez-toc-list-level-1' ><li class='ez-toc-page-1 ez-toc-heading-level-2'><a class=\"ez-toc-link ez-toc-heading-1\" href=\"https:\/\/mythslegendes.com\/es\/haida-tlingit-tsimshian-mitologia\/cuento-tsimshian-cuervo-se-vuelve-voraz\/#Raven-becomes-voracious\" >Cuervo se vuelve voraz<\/a><\/li><\/ul><\/nav><\/div>\n<h2 class=\"elementor-heading-title elementor-size-default\"><span class=\"ez-toc-section\" id=\"Raven-becomes-voracious\"><\/span>Cuervo se vuelve voraz<span class=\"ez-toc-section-end\"><\/span><\/h2>\t\t\t\t<\/div>\n\t\t\t\t<\/div>\n\t\t\t\t\t<\/div>\n\t\t<\/div>\n\t\t\t\t\t<\/div>\n\t\t<\/section>\n\t\t\t\t<section class=\"elementor-section elementor-top-section elementor-element elementor-element-4023c12 elementor-section-boxed elementor-section-height-default elementor-section-height-default\" data-id=\"4023c12\" data-element_type=\"section\" data-e-type=\"section\">\n\t\t\t\t\t\t<div class=\"elementor-container elementor-column-gap-default\">\n\t\t\t\t\t<div class=\"elementor-column elementor-col-100 elementor-top-column elementor-element elementor-element-af1a9da\" data-id=\"af1a9da\" data-element_type=\"column\" data-e-type=\"column\">\n\t\t\t<div class=\"elementor-widget-wrap elementor-element-populated\">\n\t\t\t\t\t\t<div class=\"elementor-element elementor-element-2736db9 elementor-widget elementor-widget-text-editor\" data-id=\"2736db9\" data-element_type=\"widget\" data-e-type=\"widget\" data-widget_type=\"text-editor.default\">\n\t\t\t\t<div class=\"elementor-widget-container\">\n\t\t\t\t\t\t\t\t\t<p>Hubo un tiempo en que el mundo entero estaba cubierto de oscuridad. En el extremo sur de las islas Reina Carlota hab\u00eda una ciudad en la que viv\u00edan los animales. Su nombre era Kungalas.<\/p>\n<p>All\u00ed viv\u00edan un jefe y su esposa, y con ellos un ni\u00f1o, su \u00fanico hijo, muy querido por sus padres. Por eso su padre intent\u00f3 mantenerlo a salvo. Construy\u00f3 para su hijo una cama encima de la suya, en la parte trasera de su gran casa. Lo lav\u00f3 con regularidad y el ni\u00f1o creci\u00f3 hasta convertirse en un joven.<\/p>\n<p>Cuando ya era bastante grande, el joven enferm\u00f3 y, estando muy enfermo, no pas\u00f3 mucho tiempo antes de que muriera. Por eso el coraz\u00f3n de sus padres estaba muy triste. Lloraron a causa de su amado hijo. El jefe invit\u00f3 a su tribu, y toda la gente (animal) fue a la casa del jefe y entr\u00f3. Entonces el jefe orden\u00f3 que colocaran el cuerpo del ni\u00f1o; y \u00e9l dijo: \u201cS\u00e1cale sus intestinos\u201d.<\/p>\n<p>Sus asistentes colocaron el cuerpo del hijo del jefe, sacaron los intestinos, los quemaron en la parte trasera de la casa del jefe y colocaron el cuerpo en la cama que su padre hab\u00eda construido para su hijo. El jefe y el jefe se lamentaban todas las ma\u00f1anas bajo el cad\u00e1ver de su hijo muerto, y su tribu lloraba con ellos. Lo hicieron todos los d\u00edas despu\u00e9s de la muerte del joven.<\/p>\n<p>Una ma\u00f1ana, antes de que amaneciera, el jefe volvi\u00f3 a llorar. Se levant\u00f3 y mir\u00f3 hacia donde yac\u00eda su hijo. All\u00ed vio a un joven, brillante como el fuego, tirado donde hab\u00eda estado el cuerpo de su hijo. Entonces llam\u00f3 a su marido y le dijo: &quot;Nuestro amado hijo ha vuelto a la vida&quot;. Entonces el jefe se levant\u00f3 y se dirigi\u00f3 al pie de la escalera que conduc\u00eda al lugar donde hab\u00eda estado el cuerpo. Se acerc\u00f3 a su hijo y le dijo: &quot;\u00bfEres t\u00fa, hijo amado? \u00bfEres t\u00fa?&quot; Entonces el joven brillante dijo: &quot;S\u00ed, soy yo&quot;. Entonces, de repente, la alegr\u00eda toc\u00f3 los corazones de los padres.<\/p>\n<p>La tribu entr\u00f3 nuevamente para consolar a su jefe y a su jefe. Cuando la gente entr\u00f3, se sorprendieron mucho al ver all\u00ed al joven brillante. Les habl\u00f3. \u201cEl cielo estaba muy molesto por vuestro constante llanto, por eso me envi\u00f3 para consolar vuestras mentes\u201d. La gran tribu del jefe se alegr\u00f3 mucho porque el pr\u00edncipe viv\u00eda otra vez entre ellos. Sus padres lo amaban m\u00e1s que nunca.<\/p>\n<p>La juventud brillante desde muy poco. Estuvo all\u00ed mucho tiempo y no comi\u00f3 nada; s\u00f3lo mastic\u00f3 un poco de grasa, pero no comi\u00f3 nada. El jefe ten\u00eda dos grandes esclavos: un hombre miserable y su esposa. El gran <a href=\"https:\/\/mythslegendes.com\/es\/mythes-et-legendes-slaves-1648\/\">eslavos<\/a> se llamaban Boca en Cada Extremo. Todas las ma\u00f1anas tra\u00edan a la casa toda clase de alimentos. Un d\u00eda, al volver de donde hab\u00edan estado, trajeron un gran trozo de carne de ballena. Lo echaron al fuego y se lo comieron. Hac\u00edan esto cada vez que regresaban de cazar. Entonces el cacique intent\u00f3 darle comida a su hijo que hab\u00eda vuelto a la vida, pero \u00e9l la rechaz\u00f3 y vivi\u00f3 sin comida.<\/p>\n<p>El cacique estaba muy ansioso por darle algo de comer a su hijo. Ten\u00eda miedo de que su hijo volviera a morir. Al d\u00eda siguiente el joven resplandeciente sali\u00f3 a caminar para refrescarse. Tan pronto como sali\u00f3, el jefe subi\u00f3 la escalera hasta donde cre\u00eda que ten\u00eda su cama su hijo. \u00a1He aqu\u00ed el cad\u00e1ver de su propio hijo! Sin embargo, amaba a su nuevo hijo.<\/p>\n<p>Un d\u00eda el jefe y el cacicazgo salieron a visitar la tribu, y entraron los dos grandes esclavos llevando un gran trozo de carne de ballena. Echaron la grasa de ballena al fuego y se la comieron. Entonces el joven resplandeciente se acerc\u00f3 a ellos e interrog\u00f3 a los dos grandes esclavos, pregunt\u00e1ndoles: &quot;\u00bfQu\u00e9 os da tanta hambre?&quot; Los dos grandes esclavos respondieron: &quot;Tenemos hambre porque nos hemos comido las costras de las espinillas&quot;. Por eso el joven resplandeciente les dijo: &quot;\u00bfOs gusta lo que com\u00e9is?&quot; Entonces el esclavo dijo: \u201c\u00a1S\u00ed, querida!\u201d<\/p>\n<p>Por eso el pr\u00edncipe respondi\u00f3: &quot;Tambi\u00e9n probar\u00e9 las costras de las que hablas&quot;. Entonces la esclava dijo: &quot;\u00a1No, querida! No desees ser como nosotros&quot;. El pr\u00edncipe repiti\u00f3: &quot;Lo probar\u00e9 y lo escupir\u00e9 de nuevo&quot;. El hombre <a href=\"https:\/\/mythslegendes.com\/es\/mythes-et-legendes-slaves-1648\/\">eslavo<\/a> Cortar un peque\u00f1o trozo de carne de ballena y ponerle una peque\u00f1a costra. Entonces la esclava reprendi\u00f3 a su marido por lo que estaba haciendo. &quot;\u00a1Oh hombre malo! \u00bfQu\u00e9 le has estado haciendo al pobre pr\u00edncipe?&quot; El pr\u00edncipe resplandeciente tom\u00f3 el trozo de carne con costra, se lo meti\u00f3 en la boca, lo prob\u00f3 y lo escupi\u00f3 de nuevo.<\/p>\n<p>Luego volvi\u00f3 a su cama. Cuando el jefe y la jefa regresaron de su visita, el pr\u00edncipe le dijo a su madre: &quot;Madre, tengo mucha hambre&quot;. El cacique dijo de inmediato: &quot;Oh, querido, \u00bfes verdad, es verdad?&quot; Orden\u00f3 a sus esclavos que alimentaran a su amado hijo con comida rica. Los esclavos prepararon rica comida y los j\u00f3venes se la comieron toda. De nuevo tuvo mucha hambre y se lo comi\u00f3 todo, y los esclavos le dieron m\u00e1s de comer que antes.<\/p>\n<p>As\u00ed lo hizo durante varios d\u00edas, y pronto se acabaron todas las provisiones en la casa de su padre. Entonces el pr\u00edncipe fue a cada casa del pueblo de su padre y comi\u00f3 las provisiones que hab\u00eda en las casas. Esto se debi\u00f3 a que hab\u00eda probado las costras de Mouth At Each End. Ahora todas las provisiones estaban agotadas. El jefe sab\u00eda que las provisiones de su tribu estaban casi agotadas. Por lo cual el jefe de las golosinas se sinti\u00f3 triste y avergonzado por lo que hab\u00eda hecho su hijo, pues hab\u00eda devorado casi todas las provisiones de su tribu.<\/p>\n<p>Por lo tanto, el jefe invit\u00f3 a toda la gente a entrar y dijo: &quot;Despedir\u00e9 a mi hijo antes de que se coma todas nuestras provisiones y nos falte comida&quot;. Entonces todo el pueblo estuvo de acuerdo con lo que hab\u00eda dicho el jefe. Tan pronto como todos estuvieron de acuerdo, el jefe llam\u00f3 a su hijo. Le dijo que se sentara en la parte trasera de la casa. Tan pronto como se sent\u00f3 all\u00ed, el jefe habl\u00f3 con su hijo y le dijo: &quot;Mi querido hijo, te enviar\u00e9 tierra adentro, al otro lado del oc\u00e9ano&quot;.<\/p>\n<p>Le dio a su hijo una peque\u00f1a piedra redonda, una manta de cuervo y una vejiga seca de le\u00f3n marino llena de todo tipo de bayas. El jefe le dijo a su hijo: &quot;Cuando vueles a trav\u00e9s del oc\u00e9ano y te sientas cansado, deja caer esta piedra redonda en el mar y encontrar\u00e1s descanso en ella; y cuando llegues a tierra firme, esparce las diversas clases de frutas por todo el tierra; y tambi\u00e9n esparcir las huevas de salm\u00f3n en todos los r\u00edos y arroyos, y tambi\u00e9n las huevas de trucha;<\/p>\n<p>Entonces empez\u00f3. Su padre lo llam\u00f3 Gigante.<\/p>\t\t\t\t\t\t\t\t<\/div>\n\t\t\t\t<\/div>\n\t\t\t\t\t<\/div>\n\t\t<\/div>\n\t\t\t\t\t<\/div>\n\t\t<\/section>\n\t\t\t\t<\/div>","protected":false},"excerpt":{"rendered":"<p>Haida-Tlingit-Tsimshian Mitolog\u00eda Wiki Los Tsimshian (Sm&#039;algyax: Ts&#039;msyan) son un pueblo ind\u00edgena de Am\u00e9rica del Norte. Sus comunidades se originan en el estuario del r\u00edo Skeena. \u2026 <\/p>","protected":false},"author":1,"featured_media":0,"parent":4275,"menu_order":0,"comment_status":"closed","ping_status":"closed","template":"","meta":{"footnotes":""},"class_list":["post-21706","page","type-page","status-publish","hentry"],"amp_enabled":true,"_links":{"self":[{"href":"https:\/\/mythslegendes.com\/es\/wp-json\/wp\/v2\/pages\/21706","targetHints":{"allow":["GET"]}}],"collection":[{"href":"https:\/\/mythslegendes.com\/es\/wp-json\/wp\/v2\/pages"}],"about":[{"href":"https:\/\/mythslegendes.com\/es\/wp-json\/wp\/v2\/types\/page"}],"author":[{"embeddable":true,"href":"https:\/\/mythslegendes.com\/es\/wp-json\/wp\/v2\/users\/1"}],"replies":[{"embeddable":true,"href":"https:\/\/mythslegendes.com\/es\/wp-json\/wp\/v2\/comments?post=21706"}],"version-history":[{"count":3,"href":"https:\/\/mythslegendes.com\/es\/wp-json\/wp\/v2\/pages\/21706\/revisions"}],"predecessor-version":[{"id":21716,"href":"https:\/\/mythslegendes.com\/es\/wp-json\/wp\/v2\/pages\/21706\/revisions\/21716"}],"up":[{"embeddable":true,"href":"https:\/\/mythslegendes.com\/es\/wp-json\/wp\/v2\/pages\/4275"}],"wp:attachment":[{"href":"https:\/\/mythslegendes.com\/es\/wp-json\/wp\/v2\/media?parent=21706"}],"curies":[{"name":"wp","href":"https:\/\/api.w.org\/{rel}","templated":true}]}}