{"id":21717,"date":"2022-08-01T17:53:51","date_gmt":"2022-08-01T17:53:51","guid":{"rendered":"https:\/\/mythslegendes.com\/?page_id=21717"},"modified":"2022-08-01T17:56:27","modified_gmt":"2022-08-01T17:56:27","slug":"conte-tsimshian-the-meeting-of-the-wild-animals","status":"publish","type":"page","link":"https:\/\/mythslegendes.com\/es\/haida-tlingit-tsimshian-mitologia\/cuento-tsimshian-el-encuentro-de-los-animales-salvajes\/","title":{"rendered":"Cuento Tsimshian: El encuentro de los animales salvajes"},"content":{"rendered":"<div data-elementor-type=\"wp-page\" data-elementor-id=\"21717\" class=\"elementor elementor-21717\">\n\t\t\t\t\t\t<section class=\"elementor-section elementor-top-section elementor-element elementor-element-167fd10 elementor-section-boxed elementor-section-height-default elementor-section-height-default\" data-id=\"167fd10\" data-element_type=\"section\" data-e-type=\"section\">\n\t\t\t\t\t\t<div class=\"elementor-container elementor-column-gap-default\">\n\t\t\t\t\t<div class=\"elementor-column elementor-col-50 elementor-top-column elementor-element elementor-element-0f41826\" data-id=\"0f41826\" data-element_type=\"column\" data-e-type=\"column\">\n\t\t\t<div class=\"elementor-widget-wrap elementor-element-populated\">\n\t\t\t\t\t\t<div class=\"elementor-element elementor-element-9c93b55 elementor-align-justify elementor-widget elementor-widget-button\" data-id=\"9c93b55\" data-element_type=\"widget\" data-e-type=\"widget\" data-widget_type=\"button.default\">\n\t\t\t\t<div class=\"elementor-widget-container\">\n\t\t\t\t\t\t\t\t\t<div class=\"elementor-button-wrapper\">\n\t\t\t\t\t<a class=\"elementor-button elementor-button-link elementor-size-sm\" href=\"https:\/\/mythslegendes.com\/es\/haida-tlingit-tsimshian-mitologia\/\">\n\t\t\t\t\t\t<span class=\"elementor-button-content-wrapper\">\n\t\t\t\t\t\t\t\t\t<span class=\"elementor-button-text\">Mitolog\u00eda Haida-Tlingit-Tsimshian<\/span>\n\t\t\t\t\t<\/span>\n\t\t\t\t\t<\/a>\n\t\t\t\t<\/div>\n\t\t\t\t\t\t\t\t<\/div>\n\t\t\t\t<\/div>\n\t\t\t\t\t<\/div>\n\t\t<\/div>\n\t\t\t\t<div class=\"elementor-column elementor-col-50 elementor-top-column elementor-element elementor-element-b33e335\" data-id=\"b33e335\" data-element_type=\"column\" data-e-type=\"column\">\n\t\t\t<div class=\"elementor-widget-wrap elementor-element-populated\">\n\t\t\t\t\t\t<div class=\"elementor-element elementor-element-c9ded05 elementor-align-justify elementor-widget elementor-widget-button\" data-id=\"c9ded05\" data-element_type=\"widget\" data-e-type=\"widget\" data-widget_type=\"button.default\">\n\t\t\t\t<div class=\"elementor-widget-container\">\n\t\t\t\t\t\t\t\t\t<div class=\"elementor-button-wrapper\">\n\t\t\t\t\t<a class=\"elementor-button elementor-button-link elementor-size-sm\" href=\"https:\/\/www.firstpeople.us\/FP-Html-Legends\/TheMeetingOfTheWildAnimals-Tsimshian.html\" target=\"_blank\" rel=\"noopener\">\n\t\t\t\t\t\t<span class=\"elementor-button-content-wrapper\">\n\t\t\t\t\t\t\t\t\t<span class=\"elementor-button-text\">Wiki<\/span>\n\t\t\t\t\t<\/span>\n\t\t\t\t\t<\/a>\n\t\t\t\t<\/div>\n\t\t\t\t\t\t\t\t<\/div>\n\t\t\t\t<\/div>\n\t\t\t\t\t<\/div>\n\t\t<\/div>\n\t\t\t\t\t<\/div>\n\t\t<\/section>\n\t\t\t\t<section class=\"elementor-section elementor-top-section elementor-element elementor-element-1165ad0 elementor-section-boxed elementor-section-height-default elementor-section-height-default\" data-id=\"1165ad0\" data-element_type=\"section\" data-e-type=\"section\">\n\t\t\t\t\t\t<div class=\"elementor-container elementor-column-gap-default\">\n\t\t\t\t\t<div class=\"elementor-column elementor-col-100 elementor-top-column elementor-element elementor-element-4347421\" data-id=\"4347421\" data-element_type=\"column\" data-e-type=\"column\">\n\t\t\t<div class=\"elementor-widget-wrap elementor-element-populated\">\n\t\t\t\t\t\t<div class=\"elementor-element elementor-element-ef87d57 elementor-widget elementor-widget-text-editor\" data-id=\"ef87d57\" data-element_type=\"widget\" data-e-type=\"widget\" data-widget_type=\"text-editor.default\">\n\t\t\t\t<div class=\"elementor-widget-container\">\n\t\t\t\t\t\t\t\t\t<p>los\u00a0<strong>Tsimshians<\/strong>\u00a0(Sm&#039;algyax:\u00a0<strong>Ts&#039;msyan<\/strong>escuchar)) son un pueblo ind\u00edgena de Am\u00e9rica del Norte. Sus comunidades se originan en el estuario del r\u00edo Skeena. Aqu\u00ed est\u00e1 su cuento: El encuentro de los animales salvajes.<\/p><p><img decoding=\"async\" class=\"alignnone wp-image-9347 size-full\" src=\"http:\/\/mythslegendes.com\/wp-content\/uploads\/2020\/09\/cropped-AlphaOmega-e1602613368367.png\" alt=\"El encuentro de los animales salvajes\" width=\"25\" height=\"25\" title=\"\"><\/p>\t\t\t\t\t\t\t\t<\/div>\n\t\t\t\t<\/div>\n\t\t\t\t\t<\/div>\n\t\t<\/div>\n\t\t\t\t\t<\/div>\n\t\t<\/section>\n\t\t\t\t<section class=\"elementor-section elementor-top-section elementor-element elementor-element-4239936 elementor-section-boxed elementor-section-height-default elementor-section-height-default\" data-id=\"4239936\" data-element_type=\"section\" data-e-type=\"section\">\n\t\t\t\t\t\t<div class=\"elementor-container elementor-column-gap-default\">\n\t\t\t\t\t<div class=\"elementor-column elementor-col-100 elementor-top-column elementor-element elementor-element-f44bbd5\" data-id=\"f44bbd5\" data-element_type=\"column\" data-e-type=\"column\">\n\t\t\t<div class=\"elementor-widget-wrap elementor-element-populated\">\n\t\t\t\t\t\t<div class=\"elementor-element elementor-element-fa4ab09 elementor-widget elementor-widget-heading\" data-id=\"fa4ab09\" data-element_type=\"widget\" data-e-type=\"widget\" data-widget_type=\"heading.default\">\n\t\t\t\t<div class=\"elementor-widget-container\">\n\t\t\t\t\t<div id=\"ez-toc-container\" class=\"ez-toc-v2_0_83 counter-hierarchy ez-toc-counter ez-toc-grey ez-toc-container-direction\">\n<div class=\"ez-toc-title-container\">\n<p class=\"ez-toc-title\" style=\"cursor:inherit\">Contenido<\/p>\n<span class=\"ez-toc-title-toggle\"><a href=\"#\" class=\"ez-toc-pull-right ez-toc-btn ez-toc-btn-xs ez-toc-btn-default ez-toc-toggle\" aria-label=\"Alternar tabla de contenidos\"><span class=\"ez-toc-js-icon-con\"><span class=\"\"><span class=\"eztoc-hide\" style=\"display:none;\">Palanca<\/span><span class=\"ez-toc-icon-toggle-span\"><svg style=\"fill: #999;color:#999\" xmlns=\"http:\/\/www.w3.org\/2000\/svg\" class=\"list-377408\" width=\"20px\" height=\"20px\" viewbox=\"0 0 24 24\" fill=\"none\"><path d=\"M6 6H4v2h2V6zm14 0H8v2h12V6zM4 11h2v2H4v-2zm16 0H8v2h12v-2zM4 16h2v2H4v-2zm16 0H8v2h12v-2z\" fill=\"currentColor\"><\/path><\/svg><svg style=\"fill: #999;color:#999\" class=\"arrow-unsorted-368013\" xmlns=\"http:\/\/www.w3.org\/2000\/svg\" width=\"10px\" height=\"10px\" viewbox=\"0 0 24 24\" version=\"1.2\" baseprofile=\"tiny\"><path d=\"M18.2 9.3l-6.2-6.3-6.2 6.3c-.2.2-.3.4-.3.7s.1.5.3.7c.2.2.4.3.7.3h11c.3 0 .5-.1.7-.3.2-.2.3-.5.3-.7s-.1-.5-.3-.7zM5.8 14.7l6.2 6.3 6.2-6.3c.2-.2.3-.5.3-.7s-.1-.5-.3-.7c-.2-.2-.4-.3-.7-.3h-11c-.3 0-.5.1-.7.3-.2.2-.3.5-.3.7s.1.5.3.7z\"\/><\/svg><\/span><\/span><\/span><\/a><\/span><\/div>\n<nav><ul class='ez-toc-list ez-toc-list-level-1' ><li class='ez-toc-page-1 ez-toc-heading-level-2'><a class=\"ez-toc-link ez-toc-heading-1\" href=\"https:\/\/mythslegendes.com\/es\/haida-tlingit-tsimshian-mitologia\/cuento-tsimshian-el-encuentro-de-los-animales-salvajes\/#The-Meeting-of-the-Wild-Animals\" >El encuentro de los animales salvajes<\/a><\/li><\/ul><\/nav><\/div>\n<h2 class=\"elementor-heading-title elementor-size-default\"><span class=\"ez-toc-section\" id=\"The-Meeting-of-the-Wild-Animals\"><\/span>El encuentro de los animales salvajes<span class=\"ez-toc-section-end\"><\/span><\/h2>\t\t\t\t<\/div>\n\t\t\t\t<\/div>\n\t\t\t\t\t<\/div>\n\t\t<\/div>\n\t\t\t\t\t<\/div>\n\t\t<\/section>\n\t\t\t\t<section class=\"elementor-section elementor-top-section elementor-element elementor-element-8c4baf4 elementor-section-boxed elementor-section-height-default elementor-section-height-default\" data-id=\"8c4baf4\" data-element_type=\"section\" data-e-type=\"section\">\n\t\t\t\t\t\t<div class=\"elementor-container elementor-column-gap-default\">\n\t\t\t\t\t<div class=\"elementor-column elementor-col-100 elementor-top-column elementor-element elementor-element-97a84d9\" data-id=\"97a84d9\" data-element_type=\"column\" data-e-type=\"column\">\n\t\t\t<div class=\"elementor-widget-wrap elementor-element-populated\">\n\t\t\t\t\t\t<div class=\"elementor-element elementor-element-b423e35 elementor-widget elementor-widget-text-editor\" data-id=\"b423e35\" data-element_type=\"widget\" data-e-type=\"widget\" data-widget_type=\"text-editor.default\">\n\t\t\t\t<div class=\"elementor-widget-container\">\n\t\t\t\t\t\t\t\t\t<p>Hace mucho tiempo, cuando el <a href=\"https:\/\/mythslegendes.com\/es\/haida-tlingit-tsimshian-mitologia\/\">Tsimshian<\/a> viv\u00eda en la parte superior del r\u00edo Skeena<br \/>en Prairie Town, eran los m\u00e1s inteligentes y los m\u00e1s fuertes de todos<br \/>humanos Eran buenos cazadores y capturaban muchos animales. ellos fueron<br \/>cazando todo el a\u00f1o, y todos los animales tem\u00edan por su supervivencia.<\/p><p>Grizzly Bear invit\u00f3 a todos los animales grandes a su casa. &quot; POSEE<br \/>terrible calamidad nos ha venido con esta gente cazadora, que<br \/>pers\u00edganos hasta en nuestras guaridas\u201d, dijo. \u201cSugiero que nos<br \/>P\u00eddele al que nos hizo que nos d\u00e9 m\u00e1s invierno fr\u00edo y guarde a los cazadores<br \/>en sus propias casas y fuera de nuestras guaridas! \u00bb Todos los animales grandes<br \/>estuvo de acuerdo, y Wolf dijo: &quot;Vamos a invitar a todos los animales peque\u00f1os: puercoesp\u00edn,<br \/><a href=\"https:\/\/mythslegendes.com\/es\/mitologia-dene\/\">Castor<\/a>, mapache, marta, vis\u00f3n e incluso los m\u00e1s peque\u00f1os como<br \/>como el Rat\u00f3n y los insectos, para unirse a nosotros y aumentar nuestra fuerza. \u00bb<\/p><p>Al d\u00eda siguiente los grandes animales se reunieron en una amplia pradera<br \/>y reuni\u00f3 a todos los animales peque\u00f1os, incluso a los insectos.<br \/>La multitud se sent\u00f3, los animales peque\u00f1os a un lado de la llanura,<br \/>los animales grandes por el otro. Vino Pantera, y Oso Negro, Lobo,<br \/>Alce, reno y glot\u00f3n.<\/p><p>Luego el orador principal, Grizzly Bear, rosa. &quot;Amigos,&quot;<br \/>les dijo a los animalitos y a los insectos, \u201custedes saben muy bien<br \/>bien c\u00f3mo la gente nos caza en monta\u00f1as y colinas, incluso persiguiendo<br \/>nosotros en nuestras guaridas. Por eso, hermanos m\u00edos, nosotros los grandes animales tenemos<br \/>acordaron pedirle a Aquel que nos hizo que le diera a nuestra tierra inviernos fr\u00edos, m\u00e1s fr\u00edos<br \/>que nunca, para que la gente que nos caza no pueda entrar en nuestras guaridas<br \/>\u00a1y m\u00e1tanos a ti y a nosotros! Grandes animales, \u00bfes as\u00ed? \u00bb<\/p><p>La Pantera dijo: &quot;Apoyo plenamente este sabio consejo&quot;.<br \/>y todos los animales grandes estuvieron de acuerdo. Grizzly Bear se volvi\u00f3 hacia el peque\u00f1o<br \/>animales y dijo: \u201cQueremos saber qu\u00e9 piensas de este asunto. \u00bb<br \/>Los peque\u00f1os animales no respondieron al principio. Despu\u00e9s de haber estado en silencio<br \/>por un momento, Porcupine se levant\u00f3 y dijo: &quot;Amigos, d\u00e9jenme decirles<br \/>una palabra o dos en respuesta. Su estrategia es muy buena para usted, porque<br \/>tienes mucho pelaje c\u00e1lido para el fr\u00edo m\u00e1s severo. pero mira<br \/>estos peque\u00f1os insectos. No tienen ning\u00fan pelaje para calentarse en invierno.<br \/>Adem\u00e1s, \u00bfc\u00f3mo pueden los insectos y los animales peque\u00f1os obtener alimento si los inviernos<br \/>son mas frias? Por eso te digo esto: no pidas m\u00e1s fr\u00edo. \u00bb<br \/>Luego se sent\u00f3.<\/p><p>Oso Grizzly se levant\u00f3 de nuevo. \u201cNo necesitamos prestar atenci\u00f3n a lo que<br \/>Puercoesp\u00edn dice, le dijo a los animales grandes. \u201cTodos ustedes est\u00e1n de acuerdo,<br \/>\u00bfNo crees que deber\u00edamos pedir el fr\u00edo m\u00e1s severo de la tierra? \u00bb<br \/>Los animales grandes respondieron: \u201cS\u00ed, lo hacemos. No nos importan los puercoespines.<br \/>razonamiento. \u00bb<\/p><p>\u201c\u00a1Ahora, escucha una vez m\u00e1s! Solo te har\u00e9 una pregunta.<br \/>dijo puercoesp\u00edn. &quot;Si hace tanto fr\u00edo, las ra\u00edces de todos los salvajes<br \/>las bayas se congelar\u00e1n y morir\u00e1n, y todas las plantas de la pradera<br \/>marchitar\u00e1. \u00bfC\u00f3mo obtendr\u00e1s comida? Ustedes grandes animales vagan por las monta\u00f1as<br \/>queriendo algo de comer. Cuando tu pedido traiga m\u00e1s heladas de invierno,<br \/>morir\u00e1s de hambre en primavera o en verano. Pero sobreviviremos,<br \/>porque vivimos en la corteza de los \u00e1rboles, los animales muy peque\u00f1os comen el<br \/>goma de los \u00e1rboles, y los insectos m\u00e1s peque\u00f1os encuentran su alimento en la tierra. \u00bb<\/p><p>Despu\u00e9s de haber hablado, Puercoesp\u00edn se meti\u00f3 el pulgar en la boca, mordi\u00f3<br \/>apagado, dijo: \u201c\u00a1Maldita sea! y tir\u00f3 su pulgar fuera<br \/>su boca para mostrar a los animales grandes lo audaz que era. \u00c9l se sent\u00f3<br \/>de nuevo, lleno de rabia. Por lo tanto, la mano del puercoesp\u00edn s\u00f3lo tiene<br \/>cuatro dedos, sin pulgar.<\/p><p>Los grandes animales se quedaron sin palabras ante la sabidur\u00eda de Porcupine. Finalmente<br \/>Grizzly Bear admiti\u00f3: \u201cEs cierto lo que dijiste. \u00bb<br \/>Y los grandes animales consideran al puercoesp\u00edn como su sabio y como el<br \/>primero entre los animales peque\u00f1os. Juntos todos los animales acordaron que<br \/>el fr\u00edo en invierno deber\u00eda ser como ahora. y se establecieron<br \/>en seis meses para el invierno y seis meses para el verano.<\/p><p>Entonces Puercoesp\u00edn habl\u00f3 de nuevo en su sabidur\u00eda: &quot;En invierno vamos a<br \/>tener hielo y nieve. En primavera tendremos chubascos, y las plantas<br \/>se volver\u00e1 verde. En verano tendremos un clima m\u00e1s c\u00e1lido, y todo<br \/>los peces subir\u00e1n los r\u00edos. En el oto\u00f1o las hojas caer\u00e1n,<br \/>llover\u00e1, y los r\u00edos y arroyos se desbordar\u00e1n. Entonces todo<br \/>animales, grandes y peque\u00f1os, y los que se arrastran por la tierra,<br \/>entrar en sus guaridas y esconderse durante seis meses. Y despu\u00e9s de que tuvieron todo<br \/>accedieron a lo que Porcupine les hab\u00eda propuesto, regresaron felices a sus hogares.<\/p><p>Es por eso que los animales salvajes, grandes y peque\u00f1os, se van a sus madrigueras en<br \/>invierno. Solo Puercoesp\u00edn no se esconde, sino que va visitando a su<br \/>vecinos Puercoesp\u00edn tambi\u00e9n fue a los animales que hab\u00edan despreciado<br \/>\u00e9l en la reuni\u00f3n y los mat\u00f3 con las p\u00faas en su cola.<br \/>Es por eso que todos los animales le tienen miedo a Puercoesp\u00edn hoy.<\/p>\t\t\t\t\t\t\t\t<\/div>\n\t\t\t\t<\/div>\n\t\t\t\t\t<\/div>\n\t\t<\/div>\n\t\t\t\t\t<\/div>\n\t\t<\/section>\n\t\t\t\t<\/div>","protected":false},"excerpt":{"rendered":"<p>Haida-Tlingit-Tsimshian Mitolog\u00eda Wiki Los Tsimshian (Sm&#039;algyax: Ts&#039;msyan) son un pueblo ind\u00edgena de Am\u00e9rica del Norte. Sus comunidades se originan en el estuario del r\u00edo Skeena. \u2026 <\/p>","protected":false},"author":1,"featured_media":0,"parent":4275,"menu_order":0,"comment_status":"closed","ping_status":"closed","template":"","meta":{"footnotes":""},"class_list":["post-21717","page","type-page","status-publish","hentry"],"amp_enabled":true,"_links":{"self":[{"href":"https:\/\/mythslegendes.com\/es\/wp-json\/wp\/v2\/pages\/21717","targetHints":{"allow":["GET"]}}],"collection":[{"href":"https:\/\/mythslegendes.com\/es\/wp-json\/wp\/v2\/pages"}],"about":[{"href":"https:\/\/mythslegendes.com\/es\/wp-json\/wp\/v2\/types\/page"}],"author":[{"embeddable":true,"href":"https:\/\/mythslegendes.com\/es\/wp-json\/wp\/v2\/users\/1"}],"replies":[{"embeddable":true,"href":"https:\/\/mythslegendes.com\/es\/wp-json\/wp\/v2\/comments?post=21717"}],"version-history":[{"count":3,"href":"https:\/\/mythslegendes.com\/es\/wp-json\/wp\/v2\/pages\/21717\/revisions"}],"predecessor-version":[{"id":21724,"href":"https:\/\/mythslegendes.com\/es\/wp-json\/wp\/v2\/pages\/21717\/revisions\/21724"}],"up":[{"embeddable":true,"href":"https:\/\/mythslegendes.com\/es\/wp-json\/wp\/v2\/pages\/4275"}],"wp:attachment":[{"href":"https:\/\/mythslegendes.com\/es\/wp-json\/wp\/v2\/media?parent=21717"}],"curies":[{"name":"wp","href":"https:\/\/api.w.org\/{rel}","templated":true}]}}