{"id":21736,"date":"2022-08-01T18:04:21","date_gmt":"2022-08-01T18:04:21","guid":{"rendered":"https:\/\/mythslegendes.com\/?page_id=21736"},"modified":"2022-08-01T18:06:39","modified_gmt":"2022-08-01T18:06:39","slug":"conte-tsimshian-walks-all-over-the-sky","status":"publish","type":"page","link":"https:\/\/mythslegendes.com\/es\/haida-tlingit-tsimshian-mitologia\/cuento-tsimshian-camina-por-todo-el-cielo\/","title":{"rendered":"Tale Tsimshian: Camina por todo el cielo"},"content":{"rendered":"<div data-elementor-type=\"wp-page\" data-elementor-id=\"21736\" class=\"elementor elementor-21736\">\n\t\t\t\t\t\t<section class=\"elementor-section elementor-top-section elementor-element elementor-element-e3f9918 elementor-section-boxed elementor-section-height-default elementor-section-height-default\" data-id=\"e3f9918\" data-element_type=\"section\" data-e-type=\"section\">\n\t\t\t\t\t\t<div class=\"elementor-container elementor-column-gap-default\">\n\t\t\t\t\t<div class=\"elementor-column elementor-col-50 elementor-top-column elementor-element elementor-element-ed10746\" data-id=\"ed10746\" data-element_type=\"column\" data-e-type=\"column\">\n\t\t\t<div class=\"elementor-widget-wrap elementor-element-populated\">\n\t\t\t\t\t\t<div class=\"elementor-element elementor-element-29cdf95 elementor-align-justify elementor-widget elementor-widget-button\" data-id=\"29cdf95\" data-element_type=\"widget\" data-e-type=\"widget\" data-widget_type=\"button.default\">\n\t\t\t\t<div class=\"elementor-widget-container\">\n\t\t\t\t\t\t\t\t\t<div class=\"elementor-button-wrapper\">\n\t\t\t\t\t<a class=\"elementor-button elementor-button-link elementor-size-sm\" href=\"https:\/\/mythslegendes.com\/es\/haida-tlingit-tsimshian-mitologia\/\">\n\t\t\t\t\t\t<span class=\"elementor-button-content-wrapper\">\n\t\t\t\t\t\t\t\t\t<span class=\"elementor-button-text\">Mitolog\u00eda Haida-Tlingit-Tsimshian<\/span>\n\t\t\t\t\t<\/span>\n\t\t\t\t\t<\/a>\n\t\t\t\t<\/div>\n\t\t\t\t\t\t\t\t<\/div>\n\t\t\t\t<\/div>\n\t\t\t\t\t<\/div>\n\t\t<\/div>\n\t\t\t\t<div class=\"elementor-column elementor-col-50 elementor-top-column elementor-element elementor-element-14e2183\" data-id=\"14e2183\" data-element_type=\"column\" data-e-type=\"column\">\n\t\t\t<div class=\"elementor-widget-wrap elementor-element-populated\">\n\t\t\t\t\t\t<div class=\"elementor-element elementor-element-eaffeef elementor-align-justify elementor-widget elementor-widget-button\" data-id=\"eaffeef\" data-element_type=\"widget\" data-e-type=\"widget\" data-widget_type=\"button.default\">\n\t\t\t\t<div class=\"elementor-widget-container\">\n\t\t\t\t\t\t\t\t\t<div class=\"elementor-button-wrapper\">\n\t\t\t\t\t<a class=\"elementor-button elementor-button-link elementor-size-sm\" href=\"https:\/\/www.firstpeople.us\/FP-Html-Legends\/WalksAllOverTheSky-Tsimshian.html\" target=\"_blank\" rel=\"noopener\">\n\t\t\t\t\t\t<span class=\"elementor-button-content-wrapper\">\n\t\t\t\t\t\t\t\t\t<span class=\"elementor-button-text\">Wiki<\/span>\n\t\t\t\t\t<\/span>\n\t\t\t\t\t<\/a>\n\t\t\t\t<\/div>\n\t\t\t\t\t\t\t\t<\/div>\n\t\t\t\t<\/div>\n\t\t\t\t\t<\/div>\n\t\t<\/div>\n\t\t\t\t\t<\/div>\n\t\t<\/section>\n\t\t\t\t<section class=\"elementor-section elementor-top-section elementor-element elementor-element-92ae5b9 elementor-section-boxed elementor-section-height-default elementor-section-height-default\" data-id=\"92ae5b9\" data-element_type=\"section\" data-e-type=\"section\">\n\t\t\t\t\t\t<div class=\"elementor-container elementor-column-gap-default\">\n\t\t\t\t\t<div class=\"elementor-column elementor-col-100 elementor-top-column elementor-element elementor-element-0dd16a5\" data-id=\"0dd16a5\" data-element_type=\"column\" data-e-type=\"column\">\n\t\t\t<div class=\"elementor-widget-wrap elementor-element-populated\">\n\t\t\t\t\t\t<div class=\"elementor-element elementor-element-1697f71 elementor-widget elementor-widget-text-editor\" data-id=\"1697f71\" data-element_type=\"widget\" data-e-type=\"widget\" data-widget_type=\"text-editor.default\">\n\t\t\t\t<div class=\"elementor-widget-container\">\n\t\t\t\t\t\t\t\t\t<p>los\u00a0<strong>Tsimshians<\/strong>\u00a0(Sm&#039;algyax:\u00a0<strong>Ts&#039;msyan<\/strong>) son un pueblo ind\u00edgena de Am\u00e9rica del Norte. Sus comunidades se originan en el estuario del r\u00edo Skeena. Aqu\u00ed est\u00e1 su historia: Camina por todo el cielo.<\/p><p><img decoding=\"async\" class=\"alignnone wp-image-9347 size-full\" src=\"http:\/\/mythslegendes.com\/wp-content\/uploads\/2020\/09\/cropped-AlphaOmega-e1602613368367.png\" alt=\"Camina por todo el cielo\" width=\"25\" height=\"25\" title=\"\"><\/p>\t\t\t\t\t\t\t\t<\/div>\n\t\t\t\t<\/div>\n\t\t\t\t\t<\/div>\n\t\t<\/div>\n\t\t\t\t\t<\/div>\n\t\t<\/section>\n\t\t\t\t<section class=\"elementor-section elementor-top-section elementor-element elementor-element-be9c715 elementor-section-boxed elementor-section-height-default elementor-section-height-default\" data-id=\"be9c715\" data-element_type=\"section\" data-e-type=\"section\">\n\t\t\t\t\t\t<div class=\"elementor-container elementor-column-gap-default\">\n\t\t\t\t\t<div class=\"elementor-column elementor-col-100 elementor-top-column elementor-element elementor-element-2620593\" data-id=\"2620593\" data-element_type=\"column\" data-e-type=\"column\">\n\t\t\t<div class=\"elementor-widget-wrap elementor-element-populated\">\n\t\t\t\t\t\t<div class=\"elementor-element elementor-element-cfa418a elementor-widget elementor-widget-heading\" data-id=\"cfa418a\" data-element_type=\"widget\" data-e-type=\"widget\" data-widget_type=\"heading.default\">\n\t\t\t\t<div class=\"elementor-widget-container\">\n\t\t\t\t\t<div id=\"ez-toc-container\" class=\"ez-toc-v2_0_82_2 counter-hierarchy ez-toc-counter ez-toc-grey ez-toc-container-direction\">\n<div class=\"ez-toc-title-container\">\n<p class=\"ez-toc-title\" style=\"cursor:inherit\">Contenido<\/p>\n<span class=\"ez-toc-title-toggle\"><a href=\"#\" class=\"ez-toc-pull-right ez-toc-btn ez-toc-btn-xs ez-toc-btn-default ez-toc-toggle\" aria-label=\"Alternar tabla de contenidos\"><span class=\"ez-toc-js-icon-con\"><span class=\"\"><span class=\"eztoc-hide\" style=\"display:none;\">Palanca<\/span><span class=\"ez-toc-icon-toggle-span\"><svg style=\"fill: #999;color:#999\" xmlns=\"http:\/\/www.w3.org\/2000\/svg\" class=\"list-377408\" width=\"20px\" height=\"20px\" viewbox=\"0 0 24 24\" fill=\"none\"><path d=\"M6 6H4v2h2V6zm14 0H8v2h12V6zM4 11h2v2H4v-2zm16 0H8v2h12v-2zM4 16h2v2H4v-2zm16 0H8v2h12v-2z\" fill=\"currentColor\"><\/path><\/svg><svg style=\"fill: #999;color:#999\" class=\"arrow-unsorted-368013\" xmlns=\"http:\/\/www.w3.org\/2000\/svg\" width=\"10px\" height=\"10px\" viewbox=\"0 0 24 24\" version=\"1.2\" baseprofile=\"tiny\"><path d=\"M18.2 9.3l-6.2-6.3-6.2 6.3c-.2.2-.3.4-.3.7s.1.5.3.7c.2.2.4.3.7.3h11c.3 0 .5-.1.7-.3.2-.2.3-.5.3-.7s-.1-.5-.3-.7zM5.8 14.7l6.2 6.3 6.2-6.3c.2-.2.3-.5.3-.7s-.1-.5-.3-.7c-.2-.2-.4-.3-.7-.3h-11c-.3 0-.5.1-.7.3-.2.2-.3.5-.3.7s.1.5.3.7z\"\/><\/svg><\/span><\/span><\/span><\/a><\/span><\/div>\n<nav><ul class='ez-toc-list ez-toc-list-level-1' ><li class='ez-toc-page-1 ez-toc-heading-level-2'><a class=\"ez-toc-link ez-toc-heading-1\" href=\"https:\/\/mythslegendes.com\/es\/haida-tlingit-tsimshian-mitologia\/cuento-tsimshian-camina-por-todo-el-cielo\/#Walks-All-Over-the-Sky\" >Camina por todo el cielo<\/a><\/li><\/ul><\/nav><\/div>\n<h2 class=\"elementor-heading-title elementor-size-default\"><span class=\"ez-toc-section\" id=\"Walks-All-Over-the-Sky\"><\/span>Camina por todo el cielo<span class=\"ez-toc-section-end\"><\/span><\/h2>\t\t\t\t<\/div>\n\t\t\t\t<\/div>\n\t\t\t\t\t<\/div>\n\t\t<\/div>\n\t\t\t\t\t<\/div>\n\t\t<\/section>\n\t\t\t\t<section class=\"elementor-section elementor-top-section elementor-element elementor-element-3b94ac4 elementor-section-boxed elementor-section-height-default elementor-section-height-default\" data-id=\"3b94ac4\" data-element_type=\"section\" data-e-type=\"section\">\n\t\t\t\t\t\t<div class=\"elementor-container elementor-column-gap-default\">\n\t\t\t\t\t<div class=\"elementor-column elementor-col-100 elementor-top-column elementor-element elementor-element-4562895\" data-id=\"4562895\" data-element_type=\"column\" data-e-type=\"column\">\n\t\t\t<div class=\"elementor-widget-wrap elementor-element-populated\">\n\t\t\t\t\t\t<div class=\"elementor-element elementor-element-c3777f7 elementor-widget elementor-widget-text-editor\" data-id=\"c3777f7\" data-element_type=\"widget\" data-e-type=\"widget\" data-widget_type=\"text-editor.default\">\n\t\t\t\t<div class=\"elementor-widget-container\">\n\t\t\t\t\t\t\t\t\t<p>T\u00e9 <a href=\"https:\/\/mythslegendes.com\/es\/haida-tlingit-tsimshian-mitologia\/\">Tsimshian<\/a> Creo que al principio un jefe gobernaba el cielo. El jefe ten\u00eda dos hijos y una hija y, aunque viv\u00edan en paz, no hab\u00eda luz en el cielo y las personas y criaturas de la Tierra viv\u00edan bajo un manto de oscuridad. Los hijos del jefe eran fuertes, valientes e ingeniosos, y el jefe estaba agradecido por ello. Al hijo mayor, un hijo, le encantaba ejercitar sus m\u00fasculos. La hija del jefe tambi\u00e9n estaba orgullosa de su fuerza y belleza. El segundo hijo era tan guapo como su hermano y su hermana, pero sobre todo le encantaba usar su mente. A menudo se sentaba en silencio, reflexionando sobre todo lo que hab\u00eda que saber en el mundo.<\/p>\n<p>Cuando el segundo hijo pens\u00f3 en el mundo oscuro que hab\u00eda debajo, se entristeci\u00f3, porque imagin\u00f3 lo hermoso que se ver\u00eda bajo la luz y lo complacidos que estar\u00edan los habitantes de la Tierra al ver la luz. Decidi\u00f3 que de alguna manera deb\u00eda traer luz al mundo.<\/p>\n<p>Un d\u00eda, \u00e9l y su hermano partieron a recoger le\u00f1a al bosque del cielo. \u201cMira\u201d, dijo el hermano menor mientras doblaba una delgada ramita de cedro en un anillo, del tama\u00f1o de una cara. Mientras su hermano observaba, at\u00f3 madera alrededor de una ramita para que su creaci\u00f3n pareciera una m\u00e1scara. Se coloc\u00f3 esta m\u00e1scara sobre la cara. &quot;\u00bfQu\u00e9 est\u00e1s haciendo?&quot; pregunt\u00f3 su hermano, pero sin decir una palabra, el hermano menor, vestido con su disfraz, comenz\u00f3 a caminar hacia el este.<\/p>\n<p>En ese momento la gente de la Tierra mir\u00f3 hacia arriba y vio una luz que se elevaba en el este. Quedaron asombrados por la luz pero no sab\u00edan que se trataba del hijo menor de su jefe. Hab\u00eda encendido su m\u00e1scara y, a medida que se mov\u00eda, las llamas ard\u00edan cada vez m\u00e1s. Comenz\u00f3 a correr hacia el oeste, llamas saliendo de su m\u00e1scara, iluminando el mundo debajo. Cuando el ni\u00f1o vio que los pueblos de la Tierra celebraban su luz, repiti\u00f3 su viaje. Cada d\u00eda corr\u00eda de este a oeste, llevando su m\u00e1scara ardiente, iluminando a la gente.<\/p>\n<p>Al poco tiempo, la tribu reuni\u00f3 un consejo para hablar sobre la luz. Llamaron al jefe del cielo. &quot;Nos alegra que su hijo nos haya tra\u00eddo la luz&quot;, le dijeron, &quot;pero p\u00eddale que baje el ritmo. Ahora se lleva la luz demasiado r\u00e1pido&quot;. El jefe llam\u00f3 a su hijo menor y le cont\u00f3 el pedido del pueblo.<\/p>\n<p>\u201cDebo correr, padre\u201d, dijo el ni\u00f1o. &quot;Si camino demasiado lento, la m\u00e1scara se quemar\u00e1&quot;.<\/p>\n<p>El jefe inform\u00f3 a la gente, que qued\u00f3 consternada por esta noticia. &quot;Por favor, jefe, haga algo. Usted gobierna el cielo. Seguramente puede frenar a su hijo&quot;.<\/p>\n<p>La hija del jefe estaba escuchando. Admiraba a su hermano menor y el regalo que le hab\u00eda tra\u00eddo al mundo. Ella tambi\u00e9n esperaba traer un regalo a la gente. &quot;Padre, lo retrasar\u00e9&quot;. Ella dijo.<\/p>\n<p>Al d\u00eda siguiente, mientras el ni\u00f1o corr\u00eda hacia el este para comenzar su viaje, su hermana lo llam\u00f3: &quot;Hermano, esp\u00e9rame&quot;, y cuando estaba a mitad de camino a trav\u00e9s del cielo, lo alcanz\u00f3. &quot;Hermano&quot;, llam\u00f3 ella mientras corr\u00eda hacia su lado. Ella lo alcanz\u00f3 y lo tom\u00f3 del brazo, deteni\u00e9ndolo. Por eso, a\u00fan hoy, el sol se detiene por un rato en medio del cielo. Es all\u00ed donde hermano y hermana se encuentran todos los d\u00edas.<\/p>\n<p>El hijo mayor del jefe vio la alegr\u00eda de su padre y la gratitud del pueblo, y comenz\u00f3 a preguntarse qu\u00e9 podr\u00eda darle al mundo. Una noche, mientras su hermano menor, a quien llamaban Walks-All-Over-The-Sky, se acostaba para descansar de su largo d\u00eda de viaje, el hijo mayor yac\u00eda despierto. Cuando supo que todos estaban profundamente dormidos, se frot\u00f3 la cara con carb\u00f3n y parti\u00f3 hacia el este. Mientras el hermano menor dorm\u00eda, su rostro enmascarado arrojaba luz desde un agujero de humo. El hermano mayor se elev\u00f3 hacia el cielo del este, su rostro cubierto de carb\u00f3n reflejaba la luz que proven\u00eda del agujero de humo.<\/p>\n<p>Abajo, en la Tierra, un ni\u00f1o peque\u00f1o mir\u00f3 hacia arriba y grit\u00f3: &quot;\u00a1Mira, el sol ha vuelto a salir!&quot;. La gente mir\u00f3 hacia arriba y vio una suave luz que se elevaba hacia el cielo. Gritaron de alegr\u00eda, porque aunque el hermano mayor no brillaba tanto como el sol, aliviaba la oscuridad de la noche. La gente lo llamaba Caminando Temprano.<\/p>\n<p>Pas\u00f3 el tiempo y los ni\u00f1os cambiaron el mundo de otras maneras. Mientras Walks-All-Over-The-Sky dorm\u00eda, de su boca salieron chispas que se convirtieron en estrellas. Despu\u00e9s de que el cielo se llen\u00f3 de sol, luna y estrellas, la hija del jefe comenz\u00f3 a preguntarse qu\u00e9 regalo podr\u00eda crear. Camin\u00f3 hacia el oeste hacia el agua, donde su falda se empap\u00f3 mientras se perd\u00eda. Esa noche se par\u00f3 junto al fuego para calentarse y se retorci\u00f3 el dobladillo de su falda mojada junto al fuego. Mientras lo hac\u00eda, el agua gote\u00f3 sobre las llamas y una gran nube de vapor se elev\u00f3 y flot\u00f3 por todo el mundo. Ella sonri\u00f3 con felicidad, porque ahora sab\u00eda que hab\u00eda creado niebla, que viaj\u00f3 de oeste a este y refresc\u00f3 la Tierra con su toque fresco.<\/p>\n<p>&quot;\u00a1Padre, mira!&quot; Ella llor\u00f3 y el padre la bendijo. El jefe estaba en paz. Cada uno de sus hijos hab\u00eda ofrecido regalos al mundo. Camina-Por-Todo-El-Cielo camin\u00f3 cada d\u00eda, y con su calidez y luz aliment\u00f3 al mundo. Walking-About-Early sal\u00eda y se pon\u00eda cada 30 d\u00edas, y as\u00ed divid\u00eda el a\u00f1o. La niebla que cre\u00f3 la hija del jefe ayud\u00f3 a refrescar la Tierra cuando se cans\u00f3. Y el pueblo alab\u00f3 al jefe y a sus hijos.<\/p>\t\t\t\t\t\t\t\t<\/div>\n\t\t\t\t<\/div>\n\t\t\t\t\t<\/div>\n\t\t<\/div>\n\t\t\t\t\t<\/div>\n\t\t<\/section>\n\t\t\t\t<\/div>","protected":false},"excerpt":{"rendered":"<p>Haida-Tlingit-Tsimshian Mitolog\u00eda Wiki Los Tsimshian (Sm&#039;algyax: Ts&#039;msyan) son un pueblo ind\u00edgena de Am\u00e9rica del Norte. Sus comunidades se originan en el estuario del r\u00edo Skeena. \u2026 <\/p>","protected":false},"author":1,"featured_media":0,"parent":4275,"menu_order":0,"comment_status":"closed","ping_status":"closed","template":"","meta":{"footnotes":""},"class_list":["post-21736","page","type-page","status-publish","hentry"],"amp_enabled":true,"_links":{"self":[{"href":"https:\/\/mythslegendes.com\/es\/wp-json\/wp\/v2\/pages\/21736","targetHints":{"allow":["GET"]}}],"collection":[{"href":"https:\/\/mythslegendes.com\/es\/wp-json\/wp\/v2\/pages"}],"about":[{"href":"https:\/\/mythslegendes.com\/es\/wp-json\/wp\/v2\/types\/page"}],"author":[{"embeddable":true,"href":"https:\/\/mythslegendes.com\/es\/wp-json\/wp\/v2\/users\/1"}],"replies":[{"embeddable":true,"href":"https:\/\/mythslegendes.com\/es\/wp-json\/wp\/v2\/comments?post=21736"}],"version-history":[{"count":3,"href":"https:\/\/mythslegendes.com\/es\/wp-json\/wp\/v2\/pages\/21736\/revisions"}],"predecessor-version":[{"id":21741,"href":"https:\/\/mythslegendes.com\/es\/wp-json\/wp\/v2\/pages\/21736\/revisions\/21741"}],"up":[{"embeddable":true,"href":"https:\/\/mythslegendes.com\/es\/wp-json\/wp\/v2\/pages\/4275"}],"wp:attachment":[{"href":"https:\/\/mythslegendes.com\/es\/wp-json\/wp\/v2\/media?parent=21736"}],"curies":[{"name":"wp","href":"https:\/\/api.w.org\/{rel}","templated":true}]}}