{"id":21742,"date":"2022-08-01T18:12:43","date_gmt":"2022-08-01T18:12:43","guid":{"rendered":"https:\/\/mythslegendes.com\/?page_id=21742"},"modified":"2022-08-01T18:15:44","modified_gmt":"2022-08-01T18:15:44","slug":"conte-tsimshian-wolf-clan-and-the-salmon","status":"publish","type":"page","link":"https:\/\/mythslegendes.com\/es\/haida-tlingit-tsimshian-mitologia\/cuento-tsimshian-wolf-clan-and-the-salmon\/","title":{"rendered":"Cuento Tsimshian: El clan del lobo y el salm\u00f3n"},"content":{"rendered":"<div data-elementor-type=\"wp-page\" data-elementor-id=\"21742\" class=\"elementor elementor-21742\">\n\t\t\t\t\t\t<section class=\"elementor-section elementor-top-section elementor-element elementor-element-3196afe elementor-section-boxed elementor-section-height-default elementor-section-height-default\" data-id=\"3196afe\" data-element_type=\"section\" data-e-type=\"section\">\n\t\t\t\t\t\t<div class=\"elementor-container elementor-column-gap-default\">\n\t\t\t\t\t<div class=\"elementor-column elementor-col-50 elementor-top-column elementor-element elementor-element-b57d1bc\" data-id=\"b57d1bc\" data-element_type=\"column\" data-e-type=\"column\">\n\t\t\t<div class=\"elementor-widget-wrap elementor-element-populated\">\n\t\t\t\t\t\t<div class=\"elementor-element elementor-element-0535c04 elementor-align-justify elementor-widget elementor-widget-button\" data-id=\"0535c04\" data-element_type=\"widget\" data-e-type=\"widget\" data-widget_type=\"button.default\">\n\t\t\t\t<div class=\"elementor-widget-container\">\n\t\t\t\t\t\t\t\t\t<div class=\"elementor-button-wrapper\">\n\t\t\t\t\t<a class=\"elementor-button elementor-button-link elementor-size-sm\" href=\"https:\/\/mythslegendes.com\/es\/haida-tlingit-tsimshian-mitologia\/\">\n\t\t\t\t\t\t<span class=\"elementor-button-content-wrapper\">\n\t\t\t\t\t\t\t\t\t<span class=\"elementor-button-text\">Mitolog\u00eda Haida-Tlingit-Tsimshian<\/span>\n\t\t\t\t\t<\/span>\n\t\t\t\t\t<\/a>\n\t\t\t\t<\/div>\n\t\t\t\t\t\t\t\t<\/div>\n\t\t\t\t<\/div>\n\t\t\t\t\t<\/div>\n\t\t<\/div>\n\t\t\t\t<div class=\"elementor-column elementor-col-50 elementor-top-column elementor-element elementor-element-cbba3c9\" data-id=\"cbba3c9\" data-element_type=\"column\" data-e-type=\"column\">\n\t\t\t<div class=\"elementor-widget-wrap elementor-element-populated\">\n\t\t\t\t\t\t<div class=\"elementor-element elementor-element-de46590 elementor-align-justify elementor-widget elementor-widget-button\" data-id=\"de46590\" data-element_type=\"widget\" data-e-type=\"widget\" data-widget_type=\"button.default\">\n\t\t\t\t<div class=\"elementor-widget-container\">\n\t\t\t\t\t\t\t\t\t<div class=\"elementor-button-wrapper\">\n\t\t\t\t\t<a class=\"elementor-button elementor-button-link elementor-size-sm\" href=\"https:\/\/www.firstpeople.us\/FP-Html-Legends\/Wolf_Clan_And_The_Salmon-Tsimshian.html\" target=\"_blank\" rel=\"noopener\">\n\t\t\t\t\t\t<span class=\"elementor-button-content-wrapper\">\n\t\t\t\t\t\t\t\t\t<span class=\"elementor-button-text\">Wiki<\/span>\n\t\t\t\t\t<\/span>\n\t\t\t\t\t<\/a>\n\t\t\t\t<\/div>\n\t\t\t\t\t\t\t\t<\/div>\n\t\t\t\t<\/div>\n\t\t\t\t\t<\/div>\n\t\t<\/div>\n\t\t\t\t\t<\/div>\n\t\t<\/section>\n\t\t\t\t<section class=\"elementor-section elementor-top-section elementor-element elementor-element-80ed7b9 elementor-section-boxed elementor-section-height-default elementor-section-height-default\" data-id=\"80ed7b9\" data-element_type=\"section\" data-e-type=\"section\">\n\t\t\t\t\t\t<div class=\"elementor-container elementor-column-gap-default\">\n\t\t\t\t\t<div class=\"elementor-column elementor-col-100 elementor-top-column elementor-element elementor-element-d1c5498\" data-id=\"d1c5498\" data-element_type=\"column\" data-e-type=\"column\">\n\t\t\t<div class=\"elementor-widget-wrap elementor-element-populated\">\n\t\t\t\t\t\t<div class=\"elementor-element elementor-element-91ae638 elementor-widget elementor-widget-text-editor\" data-id=\"91ae638\" data-element_type=\"widget\" data-e-type=\"widget\" data-widget_type=\"text-editor.default\">\n\t\t\t\t<div class=\"elementor-widget-container\">\n\t\t\t\t\t\t\t\t\t<p>los\u00a0<strong>Tsimshians<\/strong>\u00a0(Sm&#039;algyax:\u00a0<strong>Ts&#039;msyan<\/strong>escuchar)) son un pueblo ind\u00edgena de Am\u00e9rica del Norte. Sus comunidades se originan en el estuario del r\u00edo Skeena. Aqu\u00ed est\u00e1 el cuento: El Clan Lobo y El Salm\u00f3n.<\/p><p><img decoding=\"async\" class=\"alignnone wp-image-9347 size-full\" src=\"http:\/\/mythslegendes.com\/wp-content\/uploads\/2020\/09\/cropped-AlphaOmega-e1602613368367.png\" alt=\"El Clan Lobo y El Salm\u00f3n\" width=\"25\" height=\"25\" title=\"\"><\/p>\t\t\t\t\t\t\t\t<\/div>\n\t\t\t\t<\/div>\n\t\t\t\t\t<\/div>\n\t\t<\/div>\n\t\t\t\t\t<\/div>\n\t\t<\/section>\n\t\t\t\t<section class=\"elementor-section elementor-top-section elementor-element elementor-element-3b56d94 elementor-section-boxed elementor-section-height-default elementor-section-height-default\" data-id=\"3b56d94\" data-element_type=\"section\" data-e-type=\"section\">\n\t\t\t\t\t\t<div class=\"elementor-container elementor-column-gap-default\">\n\t\t\t\t\t<div class=\"elementor-column elementor-col-100 elementor-top-column elementor-element elementor-element-8a380d7\" data-id=\"8a380d7\" data-element_type=\"column\" data-e-type=\"column\">\n\t\t\t<div class=\"elementor-widget-wrap elementor-element-populated\">\n\t\t\t\t\t\t<div class=\"elementor-element elementor-element-afac5e3 elementor-widget elementor-widget-heading\" data-id=\"afac5e3\" data-element_type=\"widget\" data-e-type=\"widget\" data-widget_type=\"heading.default\">\n\t\t\t\t<div class=\"elementor-widget-container\">\n\t\t\t\t\t<div id=\"ez-toc-container\" class=\"ez-toc-v2_0_82_2 counter-hierarchy ez-toc-counter ez-toc-grey ez-toc-container-direction\">\n<div class=\"ez-toc-title-container\">\n<p class=\"ez-toc-title\" style=\"cursor:inherit\">Contenido<\/p>\n<span class=\"ez-toc-title-toggle\"><a href=\"#\" class=\"ez-toc-pull-right ez-toc-btn ez-toc-btn-xs ez-toc-btn-default ez-toc-toggle\" aria-label=\"Alternar tabla de contenidos\"><span class=\"ez-toc-js-icon-con\"><span class=\"\"><span class=\"eztoc-hide\" style=\"display:none;\">Palanca<\/span><span class=\"ez-toc-icon-toggle-span\"><svg style=\"fill: #999;color:#999\" xmlns=\"http:\/\/www.w3.org\/2000\/svg\" class=\"list-377408\" width=\"20px\" height=\"20px\" viewbox=\"0 0 24 24\" fill=\"none\"><path d=\"M6 6H4v2h2V6zm14 0H8v2h12V6zM4 11h2v2H4v-2zm16 0H8v2h12v-2zM4 16h2v2H4v-2zm16 0H8v2h12v-2z\" fill=\"currentColor\"><\/path><\/svg><svg style=\"fill: #999;color:#999\" class=\"arrow-unsorted-368013\" xmlns=\"http:\/\/www.w3.org\/2000\/svg\" width=\"10px\" height=\"10px\" viewbox=\"0 0 24 24\" version=\"1.2\" baseprofile=\"tiny\"><path d=\"M18.2 9.3l-6.2-6.3-6.2 6.3c-.2.2-.3.4-.3.7s.1.5.3.7c.2.2.4.3.7.3h11c.3 0 .5-.1.7-.3.2-.2.3-.5.3-.7s-.1-.5-.3-.7zM5.8 14.7l6.2 6.3 6.2-6.3c.2-.2.3-.5.3-.7s-.1-.5-.3-.7c-.2-.2-.4-.3-.7-.3h-11c-.3 0-.5.1-.7.3-.2.2-.3.5-.3.7s.1.5.3.7z\"\/><\/svg><\/span><\/span><\/span><\/a><\/span><\/div>\n<nav><ul class='ez-toc-list ez-toc-list-level-1' ><li class='ez-toc-page-1 ez-toc-heading-level-2'><a class=\"ez-toc-link ez-toc-heading-1\" href=\"https:\/\/mythslegendes.com\/es\/haida-tlingit-tsimshian-mitologia\/cuento-tsimshian-wolf-clan-and-the-salmon\/#Wolf-Clan-and-The-Salmon\" >El Clan Lobo y El Salm\u00f3n<\/a><\/li><\/ul><\/nav><\/div>\n<h2 class=\"elementor-heading-title elementor-size-default\"><span class=\"ez-toc-section\" id=\"Wolf-Clan-and-The-Salmon\"><\/span>El Clan Lobo y El Salm\u00f3n<span class=\"ez-toc-section-end\"><\/span><\/h2>\t\t\t\t<\/div>\n\t\t\t\t<\/div>\n\t\t\t\t\t<\/div>\n\t\t<\/div>\n\t\t\t\t\t<\/div>\n\t\t<\/section>\n\t\t\t\t<section class=\"elementor-section elementor-top-section elementor-element elementor-element-af96f81 elementor-section-boxed elementor-section-height-default elementor-section-height-default\" data-id=\"af96f81\" data-element_type=\"section\" data-e-type=\"section\">\n\t\t\t\t\t\t<div class=\"elementor-container elementor-column-gap-default\">\n\t\t\t\t\t<div class=\"elementor-column elementor-col-100 elementor-top-column elementor-element elementor-element-7b3a6bb\" data-id=\"7b3a6bb\" data-element_type=\"column\" data-e-type=\"column\">\n\t\t\t<div class=\"elementor-widget-wrap elementor-element-populated\">\n\t\t\t\t\t\t<div class=\"elementor-element elementor-element-71eeb94 elementor-widget elementor-widget-text-editor\" data-id=\"71eeb94\" data-element_type=\"widget\" data-e-type=\"widget\" data-widget_type=\"text-editor.default\">\n\t\t\t\t<div class=\"elementor-widget-container\">\n\t\t\t\t\t\t\t\t\t<p>Una tribu que viv\u00eda a lo largo del r\u00edo Nass ten\u00eda un lugar especial cerca del nacimiento del r\u00edo donde pod\u00edan encontrar abundante salm\u00f3n y bayas silvestres. Esto ayud\u00f3 a que su pueblo fuera rico y respetado y prosper\u00f3 durante muchas generaciones.<\/p>\n<p>Con el paso del tiempo, algunos de los j\u00f3venes comenzaron a olvidar las viejas tradiciones. Mostrar\u00edan falta de respeto por sus semejantes matando animales peque\u00f1os y dejando sus cad\u00e1veres a los cuervos y las \u00e1guilas. Una vez, cuando la temporada del salm\u00f3n estaba en su apogeo, los j\u00f3venes del Clan del Lobo pescaron varios peces, les hicieron cortes en la espalda y les pusieron trozos de pinotea en llamas. Cuando los colocaron de nuevo en el r\u00edo, nadaron fren\u00e9ticamente como antorchas vivas.<\/p>\n<p>Los j\u00f3venes pensaron que esto era divertido y emocionante y no pensaron en la crueldad y el despilfarro que estaban mostrando. Los ancianos, sabiendo que esto enojar\u00eda al Jefe en el Cielo, protestaron y trataron de hacerlos entrar en raz\u00f3n, pero fue en vano. Los j\u00f3venes no hicieron caso.<\/p>\n<p>Cuando la temporada del salm\u00f3n lleg\u00f3 a su fin, la tribu comenz\u00f3 a prepararse para las ceremonias de invierno. Mientras trabajaban, escucharon un ruido extra\u00f1o en la distancia, como si estuvieran golpeando un tambor medicinal gigante. Los mayores pensaron que la irreflexi\u00f3n mostrada por los j\u00f3venes al maltratar a los salmones estaba trayendo problemas a la tribu. Los j\u00f3venes simplemente se burlaron.<\/p>\n<p>Durante las pr\u00f3ximas semanas, los golpes se hicieron cada vez m\u00e1s fuertes e incluso los j\u00f3venes guerreros se asustaron. Los ancianos dijeron que ser\u00eda su culpa si la tribu perec\u00eda. Eventualmente, se escuch\u00f3 un ruido atronador, las monta\u00f1as estallaron y el fuego se derram\u00f3 hasta que los mismos r\u00edos se incendiaron. La gente huy\u00f3 presa del p\u00e1nico y, a medida que el fuego avanzaba r\u00edo abajo, el bosque tambi\u00e9n se convirti\u00f3 en un infierno. S\u00f3lo unos pocos sobrevivieron.<\/p>\n<p>Los chamanes dijeron que el mundo de los esp\u00edritus estaba enojado por la tortura del salm\u00f3n. Los poderes de la naturaleza insisten en una consideraci\u00f3n apropiada para todas sus criaturas. Ese es un principio que todos deber\u00edamos abrazar.<\/p>\t\t\t\t\t\t\t\t<\/div>\n\t\t\t\t<\/div>\n\t\t\t\t\t<\/div>\n\t\t<\/div>\n\t\t\t\t\t<\/div>\n\t\t<\/section>\n\t\t\t\t<\/div>","protected":false},"excerpt":{"rendered":"<p>Haida-Tlingit-Tsimshian Mitolog\u00eda Wiki Los Tsimshian (Sm&#039;algyax: Ts&#039;msyan) son un pueblo ind\u00edgena de Am\u00e9rica del Norte. Sus comunidades se originan en el estuario del r\u00edo Skeena. \u2026 <\/p>","protected":false},"author":1,"featured_media":0,"parent":4275,"menu_order":0,"comment_status":"closed","ping_status":"closed","template":"","meta":{"footnotes":""},"class_list":["post-21742","page","type-page","status-publish","hentry"],"amp_enabled":true,"_links":{"self":[{"href":"https:\/\/mythslegendes.com\/es\/wp-json\/wp\/v2\/pages\/21742","targetHints":{"allow":["GET"]}}],"collection":[{"href":"https:\/\/mythslegendes.com\/es\/wp-json\/wp\/v2\/pages"}],"about":[{"href":"https:\/\/mythslegendes.com\/es\/wp-json\/wp\/v2\/types\/page"}],"author":[{"embeddable":true,"href":"https:\/\/mythslegendes.com\/es\/wp-json\/wp\/v2\/users\/1"}],"replies":[{"embeddable":true,"href":"https:\/\/mythslegendes.com\/es\/wp-json\/wp\/v2\/comments?post=21742"}],"version-history":[{"count":3,"href":"https:\/\/mythslegendes.com\/es\/wp-json\/wp\/v2\/pages\/21742\/revisions"}],"predecessor-version":[{"id":21746,"href":"https:\/\/mythslegendes.com\/es\/wp-json\/wp\/v2\/pages\/21742\/revisions\/21746"}],"up":[{"embeddable":true,"href":"https:\/\/mythslegendes.com\/es\/wp-json\/wp\/v2\/pages\/4275"}],"wp:attachment":[{"href":"https:\/\/mythslegendes.com\/es\/wp-json\/wp\/v2\/media?parent=21742"}],"curies":[{"name":"wp","href":"https:\/\/api.w.org\/{rel}","templated":true}]}}