{"id":21747,"date":"2022-08-01T18:16:35","date_gmt":"2022-08-01T18:16:35","guid":{"rendered":"https:\/\/mythslegendes.com\/?page_id=21747"},"modified":"2022-08-01T18:19:37","modified_gmt":"2022-08-01T18:19:37","slug":"conte-tsimshian-winter-hunters","status":"publish","type":"page","link":"https:\/\/mythslegendes.com\/es\/haida-tlingit-tsimshian-mitologia\/cuento-tsimshian-cazadores-de-invierno\/","title":{"rendered":"Cuento Tsimshian: Cazadores de invierno"},"content":{"rendered":"<div data-elementor-type=\"wp-page\" data-elementor-id=\"21747\" class=\"elementor elementor-21747\">\n\t\t\t\t\t\t<section class=\"elementor-section elementor-top-section elementor-element elementor-element-46caa8f elementor-section-boxed elementor-section-height-default elementor-section-height-default\" data-id=\"46caa8f\" data-element_type=\"section\" data-e-type=\"section\">\n\t\t\t\t\t\t<div class=\"elementor-container elementor-column-gap-default\">\n\t\t\t\t\t<div class=\"elementor-column elementor-col-50 elementor-top-column elementor-element elementor-element-9b8e854\" data-id=\"9b8e854\" data-element_type=\"column\" data-e-type=\"column\">\n\t\t\t<div class=\"elementor-widget-wrap elementor-element-populated\">\n\t\t\t\t\t\t<div class=\"elementor-element elementor-element-3e07ea2 elementor-align-justify elementor-widget elementor-widget-button\" data-id=\"3e07ea2\" data-element_type=\"widget\" data-e-type=\"widget\" data-widget_type=\"button.default\">\n\t\t\t\t<div class=\"elementor-widget-container\">\n\t\t\t\t\t\t\t\t\t<div class=\"elementor-button-wrapper\">\n\t\t\t\t\t<a class=\"elementor-button elementor-button-link elementor-size-sm\" href=\"https:\/\/mythslegendes.com\/es\/haida-tlingit-tsimshian-mitologia\/\">\n\t\t\t\t\t\t<span class=\"elementor-button-content-wrapper\">\n\t\t\t\t\t\t\t\t\t<span class=\"elementor-button-text\">Mitolog\u00eda Haida-Tlingit-Tsimshian<\/span>\n\t\t\t\t\t<\/span>\n\t\t\t\t\t<\/a>\n\t\t\t\t<\/div>\n\t\t\t\t\t\t\t\t<\/div>\n\t\t\t\t<\/div>\n\t\t\t\t\t<\/div>\n\t\t<\/div>\n\t\t\t\t<div class=\"elementor-column elementor-col-50 elementor-top-column elementor-element elementor-element-b7950cd\" data-id=\"b7950cd\" data-element_type=\"column\" data-e-type=\"column\">\n\t\t\t<div class=\"elementor-widget-wrap elementor-element-populated\">\n\t\t\t\t\t\t<div class=\"elementor-element elementor-element-b04a103 elementor-align-justify elementor-widget elementor-widget-button\" data-id=\"b04a103\" data-element_type=\"widget\" data-e-type=\"widget\" data-widget_type=\"button.default\">\n\t\t\t\t<div class=\"elementor-widget-container\">\n\t\t\t\t\t\t\t\t\t<div class=\"elementor-button-wrapper\">\n\t\t\t\t\t<a class=\"elementor-button elementor-button-link elementor-size-sm\" href=\"https:\/\/www.historymuseum.ca\/cmc\/exhibitions\/aborig\/fp\/fpz2f28e.html\" target=\"_blank\" rel=\"noopener\">\n\t\t\t\t\t\t<span class=\"elementor-button-content-wrapper\">\n\t\t\t\t\t\t\t\t\t<span class=\"elementor-button-text\">Wiki<\/span>\n\t\t\t\t\t<\/span>\n\t\t\t\t\t<\/a>\n\t\t\t\t<\/div>\n\t\t\t\t\t\t\t\t<\/div>\n\t\t\t\t<\/div>\n\t\t\t\t\t<\/div>\n\t\t<\/div>\n\t\t\t\t\t<\/div>\n\t\t<\/section>\n\t\t\t\t<section class=\"elementor-section elementor-top-section elementor-element elementor-element-7dfc6aa elementor-section-boxed elementor-section-height-default elementor-section-height-default\" data-id=\"7dfc6aa\" data-element_type=\"section\" data-e-type=\"section\">\n\t\t\t\t\t\t<div class=\"elementor-container elementor-column-gap-default\">\n\t\t\t\t\t<div class=\"elementor-column elementor-col-100 elementor-top-column elementor-element elementor-element-5d27f37\" data-id=\"5d27f37\" data-element_type=\"column\" data-e-type=\"column\">\n\t\t\t<div class=\"elementor-widget-wrap elementor-element-populated\">\n\t\t\t\t\t\t<div class=\"elementor-element elementor-element-1abf9a7 elementor-widget elementor-widget-text-editor\" data-id=\"1abf9a7\" data-element_type=\"widget\" data-e-type=\"widget\" data-widget_type=\"text-editor.default\">\n\t\t\t\t<div class=\"elementor-widget-container\">\n\t\t\t\t\t\t\t\t\t<p>los\u00a0<strong>Tsimshians<\/strong>\u00a0(Sm&#039;algyax:\u00a0<strong>Ts&#039;msyan<\/strong>escuchar)) son un pueblo ind\u00edgena de Am\u00e9rica del Norte. Sus comunidades se originan en el estuario del r\u00edo Skeena. Aqu\u00ed est\u00e1 su historia: Winter Hunters and the Mosquito.<\/p><p><img decoding=\"async\" class=\"alignnone wp-image-9347 size-full\" src=\"http:\/\/mythslegendes.com\/wp-content\/uploads\/2020\/09\/cropped-AlphaOmega-e1602613368367.png\" alt=\"Cazadores de invierno y el mosquito\" width=\"25\" height=\"25\" title=\"\"><\/p>\t\t\t\t\t\t\t\t<\/div>\n\t\t\t\t<\/div>\n\t\t\t\t\t<\/div>\n\t\t<\/div>\n\t\t\t\t\t<\/div>\n\t\t<\/section>\n\t\t\t\t<section class=\"elementor-section elementor-top-section elementor-element elementor-element-94ab1cd elementor-section-boxed elementor-section-height-default elementor-section-height-default\" data-id=\"94ab1cd\" data-element_type=\"section\" data-e-type=\"section\">\n\t\t\t\t\t\t<div class=\"elementor-container elementor-column-gap-default\">\n\t\t\t\t\t<div class=\"elementor-column elementor-col-100 elementor-top-column elementor-element elementor-element-e754a52\" data-id=\"e754a52\" data-element_type=\"column\" data-e-type=\"column\">\n\t\t\t<div class=\"elementor-widget-wrap elementor-element-populated\">\n\t\t\t\t\t\t<div class=\"elementor-element elementor-element-a12263a elementor-widget elementor-widget-heading\" data-id=\"a12263a\" data-element_type=\"widget\" data-e-type=\"widget\" data-widget_type=\"heading.default\">\n\t\t\t\t<div class=\"elementor-widget-container\">\n\t\t\t\t\t<div id=\"ez-toc-container\" class=\"ez-toc-v2_0_82_2 counter-hierarchy ez-toc-counter ez-toc-grey ez-toc-container-direction\">\n<div class=\"ez-toc-title-container\">\n<p class=\"ez-toc-title\" style=\"cursor:inherit\">Contenido<\/p>\n<span class=\"ez-toc-title-toggle\"><a href=\"#\" class=\"ez-toc-pull-right ez-toc-btn ez-toc-btn-xs ez-toc-btn-default ez-toc-toggle\" aria-label=\"Alternar tabla de contenidos\"><span class=\"ez-toc-js-icon-con\"><span class=\"\"><span class=\"eztoc-hide\" style=\"display:none;\">Palanca<\/span><span class=\"ez-toc-icon-toggle-span\"><svg style=\"fill: #999;color:#999\" xmlns=\"http:\/\/www.w3.org\/2000\/svg\" class=\"list-377408\" width=\"20px\" height=\"20px\" viewbox=\"0 0 24 24\" fill=\"none\"><path d=\"M6 6H4v2h2V6zm14 0H8v2h12V6zM4 11h2v2H4v-2zm16 0H8v2h12v-2zM4 16h2v2H4v-2zm16 0H8v2h12v-2z\" fill=\"currentColor\"><\/path><\/svg><svg style=\"fill: #999;color:#999\" class=\"arrow-unsorted-368013\" xmlns=\"http:\/\/www.w3.org\/2000\/svg\" width=\"10px\" height=\"10px\" viewbox=\"0 0 24 24\" version=\"1.2\" baseprofile=\"tiny\"><path d=\"M18.2 9.3l-6.2-6.3-6.2 6.3c-.2.2-.3.4-.3.7s.1.5.3.7c.2.2.4.3.7.3h11c.3 0 .5-.1.7-.3.2-.2.3-.5.3-.7s-.1-.5-.3-.7zM5.8 14.7l6.2 6.3 6.2-6.3c.2-.2.3-.5.3-.7s-.1-.5-.3-.7c-.2-.2-.4-.3-.7-.3h-11c-.3 0-.5.1-.7.3-.2.2-.3.5-.3.7s.1.5.3.7z\"\/><\/svg><\/span><\/span><\/span><\/a><\/span><\/div>\n<nav><ul class='ez-toc-list ez-toc-list-level-1' ><li class='ez-toc-page-1 ez-toc-heading-level-2'><a class=\"ez-toc-link ez-toc-heading-1\" href=\"https:\/\/mythslegendes.com\/es\/haida-tlingit-tsimshian-mitologia\/cuento-tsimshian-cazadores-de-invierno\/#Winter-Hunters-and-the-Mosquito\" >Cazadores de invierno y el mosquito<\/a><\/li><\/ul><\/nav><\/div>\n<h2 class=\"elementor-heading-title elementor-size-default\"><span class=\"ez-toc-section\" id=\"Winter-Hunters-and-the-Mosquito\"><\/span>Cazadores de invierno y el mosquito<span class=\"ez-toc-section-end\"><\/span><\/h2>\t\t\t\t<\/div>\n\t\t\t\t<\/div>\n\t\t\t\t\t<\/div>\n\t\t<\/div>\n\t\t\t\t\t<\/div>\n\t\t<\/section>\n\t\t\t\t<section class=\"elementor-section elementor-top-section elementor-element elementor-element-d0e21a8 elementor-section-boxed elementor-section-height-default elementor-section-height-default\" data-id=\"d0e21a8\" data-element_type=\"section\" data-e-type=\"section\">\n\t\t\t\t\t\t<div class=\"elementor-container elementor-column-gap-default\">\n\t\t\t\t\t<div class=\"elementor-column elementor-col-100 elementor-top-column elementor-element elementor-element-34aad9a\" data-id=\"34aad9a\" data-element_type=\"column\" data-e-type=\"column\">\n\t\t\t<div class=\"elementor-widget-wrap elementor-element-populated\">\n\t\t\t\t\t\t<div class=\"elementor-element elementor-element-dc5c687 elementor-widget elementor-widget-text-editor\" data-id=\"dc5c687\" data-element_type=\"widget\" data-e-type=\"widget\" data-widget_type=\"text-editor.default\">\n\t\t\t\t<div class=\"elementor-widget-container\">\n\t\t\t\t\t\t\t\t\t<p class=\"quote\">Diez hermanos y sus esposas que estaban cazando en las monta\u00f1as lejos de su propio pueblo decidieron pasar la noche en un pueblo que vieron en un valle. Bajaron la monta\u00f1a con sus raquetas de nieve. En el pueblo, cada familia invit\u00f3 a uno de los extra\u00f1os a su casa. El jefe del pueblo invit\u00f3 al hermano menor, a su esposa y al beb\u00e9 a quedarse con \u00e9l. No ten\u00edan idea de que todas estas personas, que parec\u00edan humanos, eran realmente mosquitos.<\/p><p class=\"quote\">Durante la cena el beb\u00e9 empez\u00f3 a llorar. La esposa del cacique lo tom\u00f3 en su regazo para consolarlo. Cuando sigui\u00f3 llorando, la esposa del cacique le acerc\u00f3 la boca a la oreja y cant\u00f3 una canci\u00f3n. El ni\u00f1o se qued\u00f3 en silencio. Cuando la joven madre tom\u00f3 a su hijo de manos de la esposa del jefe, descubri\u00f3 con horror que no estaba dormido, sino muerto, y que le sal\u00eda sangre de la oreja.<\/p><p class=\"quote\">Envolviendo en silencio al ni\u00f1o en una manta de piel de marta, le dijo a su esposo que la gente del pueblo no era real. Ella le pidi\u00f3 que advirtiera a sus hermanos que todos deb\u00edan irse durante la noche.<\/p><p class=\"quote\">Cuando todos los aldeanos estaban durmiendo, los invitados salieron y comenzaron a subir la monta\u00f1a. Antes de llegar a la cima, miraron hacia atr\u00e1s y vieron a los aldeanos que ven\u00edan detr\u00e1s de ellos.<\/p><p class=\"quote\">Para detenerlos, los cazadores y sus esposas sacaron nieve con sus bastones, creando avalanchas que arrastraron a los aldeanos. A medida que m\u00e1s personas sub\u00edan a la monta\u00f1a, creaban m\u00e1s avalanchas, hasta que finalmente todas las personas murieron excepto el jefe.<\/p><p class=\"quote\">Bajo y corpulento, con una prob\u00f3scide de puro cristal, el jefe Mosquito corri\u00f3 hacia cada uno de los cazadores y sus esposas y los mat\u00f3 a todos. S\u00f3lo qued\u00f3 la madre del ni\u00f1o muerto. Atrayendo al jefe de los mosquitos al borde de un lago, se escondi\u00f3 en un \u00e1rbol y lo molest\u00f3 con su reflejo. Se meti\u00f3 en el agua busc\u00e1ndola, sali\u00f3 y volvi\u00f3 a entrar. Finalmente, muy fr\u00edo y movi\u00e9ndose muy lentamente, sali\u00f3 del agua. Atrapado por el viento del norte en una noche clara y fr\u00eda, muri\u00f3 congelado y yaci\u00f3 con las alas congeladas en el suelo.<\/p><p class=\"quote\">Despu\u00e9s de que la mujer lo pinch\u00f3 con una rama y su pie para ver que realmente estaba muerto, tom\u00f3 su cuchillo de pescado hecho de concha y le cort\u00f3 el coraz\u00f3n. El coraz\u00f3n ten\u00eda dos ojos y una boca. Todav\u00eda estaba vivo, y la mir\u00f3. Le ten\u00eda miedo, pero tom\u00f3 el coraz\u00f3n de cada uno de sus amigos que hab\u00edan sido asesinados y lo balance\u00f3 sobre cada uno de ellos cuatro veces, devolvi\u00e9ndolos a la vida.<\/p><p class=\"quote\">Al d\u00eda siguiente, la partida de caza encendi\u00f3 una fogata para quemar el cuerpo y el coraz\u00f3n del jefe Mosquito. Cuando solo quedaron las cenizas, algunas de las personas soplaron en el fuego esparciendo las cenizas. Las cenizas volaron hacia arriba, se convirtieron en peque\u00f1os mosquitos y se esparcieron por el mundo.<\/p><p class=\"quote\">El grupo de caza luego lleg\u00f3 a casa a salvo.<\/p>\t\t\t\t\t\t\t\t<\/div>\n\t\t\t\t<\/div>\n\t\t\t\t\t<\/div>\n\t\t<\/div>\n\t\t\t\t\t<\/div>\n\t\t<\/section>\n\t\t\t\t<\/div>","protected":false},"excerpt":{"rendered":"<p>Haida-Tlingit-Tsimshian Mitolog\u00eda Wiki Los Tsimshian (Sm&#039;algyax: Ts&#039;msyan) son un pueblo ind\u00edgena de Am\u00e9rica del Norte. Sus comunidades se originan en el estuario del r\u00edo Skeena. \u2026 <\/p>","protected":false},"author":1,"featured_media":0,"parent":4275,"menu_order":0,"comment_status":"closed","ping_status":"closed","template":"","meta":{"footnotes":""},"class_list":["post-21747","page","type-page","status-publish","hentry"],"amp_enabled":true,"_links":{"self":[{"href":"https:\/\/mythslegendes.com\/es\/wp-json\/wp\/v2\/pages\/21747","targetHints":{"allow":["GET"]}}],"collection":[{"href":"https:\/\/mythslegendes.com\/es\/wp-json\/wp\/v2\/pages"}],"about":[{"href":"https:\/\/mythslegendes.com\/es\/wp-json\/wp\/v2\/types\/page"}],"author":[{"embeddable":true,"href":"https:\/\/mythslegendes.com\/es\/wp-json\/wp\/v2\/users\/1"}],"replies":[{"embeddable":true,"href":"https:\/\/mythslegendes.com\/es\/wp-json\/wp\/v2\/comments?post=21747"}],"version-history":[{"count":3,"href":"https:\/\/mythslegendes.com\/es\/wp-json\/wp\/v2\/pages\/21747\/revisions"}],"predecessor-version":[{"id":21757,"href":"https:\/\/mythslegendes.com\/es\/wp-json\/wp\/v2\/pages\/21747\/revisions\/21757"}],"up":[{"embeddable":true,"href":"https:\/\/mythslegendes.com\/es\/wp-json\/wp\/v2\/pages\/4275"}],"wp:attachment":[{"href":"https:\/\/mythslegendes.com\/es\/wp-json\/wp\/v2\/media?parent=21747"}],"curies":[{"name":"wp","href":"https:\/\/api.w.org\/{rel}","templated":true}]}}