{"id":21766,"date":"2022-08-01T19:04:14","date_gmt":"2022-08-01T19:04:14","guid":{"rendered":"https:\/\/mythslegendes.com\/?page_id=21766"},"modified":"2022-08-01T19:47:38","modified_gmt":"2022-08-01T19:47:38","slug":"urfa-edesse-la-ville-dabraham","status":"publish","type":"page","link":"https:\/\/mythslegendes.com\/es\/mitologia-kurda\/urfa-edesse-la-ville-dabraham\/","title":{"rendered":"Urfa Edessa la ciudad de Abraham"},"content":{"rendered":"<div data-elementor-type=\"wp-page\" data-elementor-id=\"21766\" class=\"elementor elementor-21766\">\n\t\t\t\t\t\t<section class=\"elementor-section elementor-top-section elementor-element elementor-element-0c729a0 elementor-section-boxed elementor-section-height-default elementor-section-height-default\" data-id=\"0c729a0\" data-element_type=\"section\" data-e-type=\"section\">\n\t\t\t\t\t\t<div class=\"elementor-container elementor-column-gap-default\">\n\t\t\t\t\t<div class=\"elementor-column elementor-col-50 elementor-top-column elementor-element elementor-element-dc01a87\" data-id=\"dc01a87\" data-element_type=\"column\" data-e-type=\"column\">\n\t\t\t<div class=\"elementor-widget-wrap elementor-element-populated\">\n\t\t\t\t\t\t<div class=\"elementor-element elementor-element-7a91cb3 elementor-align-justify elementor-widget elementor-widget-button\" data-id=\"7a91cb3\" data-element_type=\"widget\" data-e-type=\"widget\" data-widget_type=\"button.default\">\n\t\t\t\t<div class=\"elementor-widget-container\">\n\t\t\t\t\t\t\t\t\t<div class=\"elementor-button-wrapper\">\n\t\t\t\t\t<a class=\"elementor-button elementor-button-link elementor-size-sm\" href=\"https:\/\/mythslegendes.com\/es\/mitologia-kurda\/\">\n\t\t\t\t\t\t<span class=\"elementor-button-content-wrapper\">\n\t\t\t\t\t\t\t\t\t<span class=\"elementor-button-text\">Mitolog\u00eda kurda<\/span>\n\t\t\t\t\t<\/span>\n\t\t\t\t\t<\/a>\n\t\t\t\t<\/div>\n\t\t\t\t\t\t\t\t<\/div>\n\t\t\t\t<\/div>\n\t\t\t\t\t<\/div>\n\t\t<\/div>\n\t\t\t\t<div class=\"elementor-column elementor-col-50 elementor-top-column elementor-element elementor-element-a7e19ce\" data-id=\"a7e19ce\" data-element_type=\"column\" data-e-type=\"column\">\n\t\t\t<div class=\"elementor-widget-wrap elementor-element-populated\">\n\t\t\t\t\t\t<div class=\"elementor-element elementor-element-266c065 elementor-align-justify elementor-widget elementor-widget-button\" data-id=\"266c065\" data-element_type=\"widget\" data-e-type=\"widget\" data-widget_type=\"button.default\">\n\t\t\t\t<div class=\"elementor-widget-container\">\n\t\t\t\t\t\t\t\t\t<div class=\"elementor-button-wrapper\">\n\t\t\t\t\t<a class=\"elementor-button elementor-button-link elementor-size-sm\" href=\"https:\/\/www.institutkurde.org\/info\/histoires-de-la-communaut-eacute-juive-kurde-1232550945\" target=\"_blank\" rel=\"noopener\">\n\t\t\t\t\t\t<span class=\"elementor-button-content-wrapper\">\n\t\t\t\t\t\t\t\t\t<span class=\"elementor-button-text\">Wiki<\/span>\n\t\t\t\t\t<\/span>\n\t\t\t\t\t<\/a>\n\t\t\t\t<\/div>\n\t\t\t\t\t\t\t\t<\/div>\n\t\t\t\t<\/div>\n\t\t\t\t\t<\/div>\n\t\t<\/div>\n\t\t\t\t\t<\/div>\n\t\t<\/section>\n\t\t\t\t<section class=\"elementor-section elementor-top-section elementor-element elementor-element-4bc7f56 elementor-section-boxed elementor-section-height-default elementor-section-height-default\" data-id=\"4bc7f56\" data-element_type=\"section\" data-e-type=\"section\">\n\t\t\t\t\t\t<div class=\"elementor-container elementor-column-gap-default\">\n\t\t\t\t\t<div class=\"elementor-column elementor-col-100 elementor-top-column elementor-element elementor-element-e1cb61e\" data-id=\"e1cb61e\" data-element_type=\"column\" data-e-type=\"column\">\n\t\t\t<div class=\"elementor-widget-wrap elementor-element-populated\">\n\t\t\t\t\t\t<div class=\"elementor-element elementor-element-ad658a0 elementor-widget elementor-widget-text-editor\" data-id=\"ad658a0\" data-element_type=\"widget\" data-e-type=\"widget\" data-widget_type=\"text-editor.default\">\n\t\t\t\t<div class=\"elementor-widget-container\">\n\t\t\t\t\t\t\t\t\t<p>Urfa es la antigua Edesa, la ciudad hist\u00f3rica de la Biblia donde vivieron Abraham, Job, Jacob e incluso San Gregorio.\u00a0<\/p><p><img decoding=\"async\" class=\"alignnone wp-image-9347 size-full\" src=\"http:\/\/mythslegendes.com\/wp-content\/uploads\/2020\/09\/cropped-AlphaOmega-e1602613368367.png\" alt=\"urfa edess abraham\" width=\"25\" height=\"25\" title=\"\"><\/p>\t\t\t\t\t\t\t\t<\/div>\n\t\t\t\t<\/div>\n\t\t\t\t\t<\/div>\n\t\t<\/div>\n\t\t\t\t\t<\/div>\n\t\t<\/section>\n\t\t\t\t<section class=\"elementor-section elementor-top-section elementor-element elementor-element-8eac4d3 elementor-section-boxed elementor-section-height-default elementor-section-height-default\" data-id=\"8eac4d3\" data-element_type=\"section\" data-e-type=\"section\">\n\t\t\t\t\t\t<div class=\"elementor-container elementor-column-gap-default\">\n\t\t\t\t\t<div class=\"elementor-column elementor-col-100 elementor-top-column elementor-element elementor-element-a7cd772\" data-id=\"a7cd772\" data-element_type=\"column\" data-e-type=\"column\">\n\t\t\t<div class=\"elementor-widget-wrap elementor-element-populated\">\n\t\t\t\t\t\t<div class=\"elementor-element elementor-element-fbf9cfa elementor-widget elementor-widget-heading\" data-id=\"fbf9cfa\" data-element_type=\"widget\" data-e-type=\"widget\" data-widget_type=\"heading.default\">\n\t\t\t\t<div class=\"elementor-widget-container\">\n\t\t\t\t\t<div id=\"ez-toc-container\" class=\"ez-toc-v2_0_82_2 counter-hierarchy ez-toc-counter ez-toc-grey ez-toc-container-direction\">\n<div class=\"ez-toc-title-container\">\n<p class=\"ez-toc-title\" style=\"cursor:inherit\">Contenido<\/p>\n<span class=\"ez-toc-title-toggle\"><a href=\"#\" class=\"ez-toc-pull-right ez-toc-btn ez-toc-btn-xs ez-toc-btn-default ez-toc-toggle\" aria-label=\"Alternar tabla de contenidos\"><span class=\"ez-toc-js-icon-con\"><span class=\"\"><span class=\"eztoc-hide\" style=\"display:none;\">Palanca<\/span><span class=\"ez-toc-icon-toggle-span\"><svg style=\"fill: #999;color:#999\" xmlns=\"http:\/\/www.w3.org\/2000\/svg\" class=\"list-377408\" width=\"20px\" height=\"20px\" viewbox=\"0 0 24 24\" fill=\"none\"><path d=\"M6 6H4v2h2V6zm14 0H8v2h12V6zM4 11h2v2H4v-2zm16 0H8v2h12v-2zM4 16h2v2H4v-2zm16 0H8v2h12v-2z\" fill=\"currentColor\"><\/path><\/svg><svg style=\"fill: #999;color:#999\" class=\"arrow-unsorted-368013\" xmlns=\"http:\/\/www.w3.org\/2000\/svg\" width=\"10px\" height=\"10px\" viewbox=\"0 0 24 24\" version=\"1.2\" baseprofile=\"tiny\"><path d=\"M18.2 9.3l-6.2-6.3-6.2 6.3c-.2.2-.3.4-.3.7s.1.5.3.7c.2.2.4.3.7.3h11c.3 0 .5-.1.7-.3.2-.2.3-.5.3-.7s-.1-.5-.3-.7zM5.8 14.7l6.2 6.3 6.2-6.3c.2-.2.3-.5.3-.7s-.1-.5-.3-.7c-.2-.2-.4-.3-.7-.3h-11c-.3 0-.5.1-.7.3-.2.2-.3.5-.3.7s.1.5.3.7z\"\/><\/svg><\/span><\/span><\/span><\/a><\/span><\/div>\n<nav><ul class='ez-toc-list ez-toc-list-level-1' ><li class='ez-toc-page-1 ez-toc-heading-level-2'><a class=\"ez-toc-link ez-toc-heading-1\" href=\"https:\/\/mythslegendes.com\/es\/mitologia-kurda\/urfa-edesse-la-ville-dabraham\/#Le-Kurdistan-Terre-de-Prophetes\" >Kurdist\u00e1n, tierra de profetas<\/a><\/li><li class='ez-toc-page-1 ez-toc-heading-level-2'><a class=\"ez-toc-link ez-toc-heading-2\" href=\"https:\/\/mythslegendes.com\/es\/mitologia-kurda\/urfa-edesse-la-ville-dabraham\/#La-naissance-dAbraham\" >nacimiento de abraham<\/a><\/li><\/ul><\/nav><\/div>\n<h2 class=\"elementor-heading-title elementor-size-default\"><span class=\"ez-toc-section\" id=\"Le-Kurdistan-Terre-de-Prophetes\"><\/span>Kurdist\u00e1n, tierra de profetas<span class=\"ez-toc-section-end\"><\/span><\/h2>\t\t\t\t<\/div>\n\t\t\t\t<\/div>\n\t\t\t\t\t<\/div>\n\t\t<\/div>\n\t\t\t\t\t<\/div>\n\t\t<\/section>\n\t\t\t\t<section class=\"elementor-section elementor-top-section elementor-element elementor-element-718e098 elementor-section-boxed elementor-section-height-default elementor-section-height-default\" data-id=\"718e098\" data-element_type=\"section\" data-e-type=\"section\">\n\t\t\t\t\t\t<div class=\"elementor-container elementor-column-gap-default\">\n\t\t\t\t\t<div class=\"elementor-column elementor-col-100 elementor-top-column elementor-element elementor-element-1e5ff84\" data-id=\"1e5ff84\" data-element_type=\"column\" data-e-type=\"column\">\n\t\t\t<div class=\"elementor-widget-wrap elementor-element-populated\">\n\t\t\t\t\t\t<div class=\"elementor-element elementor-element-16fa02f elementor-widget elementor-widget-text-editor\" data-id=\"16fa02f\" data-element_type=\"widget\" data-e-type=\"widget\" data-widget_type=\"text-editor.default\">\n\t\t\t\t<div class=\"elementor-widget-container\">\n\t\t\t\t\t\t\t\t\t<p>La regi\u00f3n del Kurdist\u00e1n se menciona por primera vez en la Tor\u00e1 como la tierra natal de Abraham, \u201cAram naha-rayim\u201d. Terreno entre dos r\u00edos, el <a href=\"https:\/\/mythslegendes.com\/es\/mythes-et-legendes-de-mesopotamie-53\/\">Mesopotamia<\/a> pertenecieron sucesivamente a las grandes potencias de la antig\u00fcedad, los medos, los <a href=\"https:\/\/mythslegendes.com\/es\/mythes-et-legendes-de-perse-1542\/\">persas<\/a>, asirios y babilonios.<\/p><p>Y es precisamente un rey asirio, Salmanazar, quien asentar\u00e1 a los primeros jud\u00edos en Kurdist\u00e1n. Entre el -724 y el -722 de la era cristiana, hace m\u00e1s de 2.700 a\u00f1os, siti\u00f3 el reino de Israel para conseguir finalmente anexionarse Samaria. Durante su victoria, deport\u00f3 a las poblaciones jud\u00edas en <a href=\"https:\/\/mythslegendes.com\/es\/mitologia-babilonica-acadia-asiria\/\">Asiria<\/a> para evitar cualquier rebeli\u00f3n. Estos jud\u00edos forman parte de las \u201cDiez tribus exiliadas\u201d y, al establecerse en Mesopotamia, crean una de las primeras comunidades jud\u00edas de la di\u00e1spora. Y la destrucci\u00f3n de los dos Templos solo contribuir\u00e1 al aumento de estos.<\/p><p>Una de las ciudades de Mesopotamia que se menciona varias veces en el Tanaj, la Biblia, es la de N\u00ednive, ahora Mosul. Esta ciudad tiene la distinci\u00f3n de estar dos veces sujeta a las predicciones de los profetas de Israel. La primera vez es Jon\u00e1s quien es enviado por Dios para pedirle a la ciudad que se arrepienta. La segunda vez, menos conocida, es el profeta Nahum, natural de la ciudad <a href=\"https:\/\/mythslegendes.com\/es\/mitologia-kurda\/\">kurdo<\/a> de Alqoche, que profetiza contra N\u00ednive y Asiria. Hasta el d\u00eda de hoy, su supuesta tumba es venerada en Alqoche por las poblaciones locales, jud\u00edos y yazid\u00edes.<\/p>\t\t\t\t\t\t\t\t<\/div>\n\t\t\t\t<\/div>\n\t\t\t\t\t<\/div>\n\t\t<\/div>\n\t\t\t\t\t<\/div>\n\t\t<\/section>\n\t\t\t\t<section class=\"elementor-section elementor-top-section elementor-element elementor-element-1297fd6 elementor-section-boxed elementor-section-height-default elementor-section-height-default\" data-id=\"1297fd6\" data-element_type=\"section\" data-e-type=\"section\">\n\t\t\t\t\t\t<div class=\"elementor-container elementor-column-gap-default\">\n\t\t\t\t\t<div class=\"elementor-column elementor-col-100 elementor-top-column elementor-element elementor-element-4da545f\" data-id=\"4da545f\" data-element_type=\"column\" data-e-type=\"column\">\n\t\t\t<div class=\"elementor-widget-wrap elementor-element-populated\">\n\t\t\t\t\t\t<div class=\"elementor-element elementor-element-32b7e6d elementor-widget elementor-widget-heading\" data-id=\"32b7e6d\" data-element_type=\"widget\" data-e-type=\"widget\" data-widget_type=\"heading.default\">\n\t\t\t\t<div class=\"elementor-widget-container\">\n\t\t\t\t\t<h2 class=\"elementor-heading-title elementor-size-default\"><span class=\"ez-toc-section\" id=\"La-naissance-dAbraham\"><\/span>nacimiento de abraham<span class=\"ez-toc-section-end\"><\/span><\/h2>\t\t\t\t<\/div>\n\t\t\t\t<\/div>\n\t\t\t\t\t<\/div>\n\t\t<\/div>\n\t\t\t\t\t<\/div>\n\t\t<\/section>\n\t\t\t\t<section class=\"elementor-section elementor-top-section elementor-element elementor-element-4561b05 elementor-section-boxed elementor-section-height-default elementor-section-height-default\" data-id=\"4561b05\" data-element_type=\"section\" data-e-type=\"section\">\n\t\t\t\t\t\t<div class=\"elementor-container elementor-column-gap-default\">\n\t\t\t\t\t<div class=\"elementor-column elementor-col-100 elementor-top-column elementor-element elementor-element-36e5ba5\" data-id=\"36e5ba5\" data-element_type=\"column\" data-e-type=\"column\">\n\t\t\t<div class=\"elementor-widget-wrap elementor-element-populated\">\n\t\t\t\t\t\t<div class=\"elementor-element elementor-element-6014d22 elementor-widget elementor-widget-text-editor\" data-id=\"6014d22\" data-element_type=\"widget\" data-e-type=\"widget\" data-widget_type=\"text-editor.default\">\n\t\t\t\t<div class=\"elementor-widget-container\">\n\t\t\t\t\t\t\t\t\t<p>As\u00ed fue escrito que el rey asirio Nemrut tuvo un sue\u00f1o en el que se menciona que debe ceder su reino a una persona nacida en el a\u00f1o, por lo que hizo ejecutar a todos los reci\u00e9n nacidos del a\u00f1o, as\u00ed como a las mujeres embarazadas.<\/p><p>Nona ocult\u00f3 su embarazo y escondi\u00f3 a su hijo Abraham en una cueva donde vivi\u00f3 hasta los 7 a\u00f1os. De adulto, Abraham luch\u00f3 contra Nemrut, pero fue hecho prisionero y quemado en la hoguera. Entonces intervino Dios y transform\u00f3 el fuego en agua y las chispas y las cenizas en carpa. Esta agua ahora fluye hacia dos estanques donde nadan las carpas sagradas.<\/p><p>Edesa tambi\u00e9n desempe\u00f1\u00f3 un papel importante durante los primeros siglos del cristianismo: se la llam\u00f3 la &quot;ciudad del ap\u00f3stol Tom\u00e1s&quot; y constituy\u00f3 el centro de la cristiandad. <a href=\"https:\/\/mythslegendes.com\/es\/mitologia-armenia\/\">armenio<\/a> as\u00ed como el hogar de la Iglesia del Este de Siria. Tambi\u00e9n se menciona el <a href=\"https:\/\/mythslegendes.com\/es\/\">leyenda<\/a> del rey Abgar de Edesa y el &quot;Mandylion&quot;, un icono de Jes\u00fas hecho milagrosamente: cuando Abgar fue atacado de lepra, un embajador fue enviado a Jes\u00fas para pedirle curaci\u00f3n, Jes\u00fas se sec\u00f3 la frente con un pa\u00f1o (mandylion) que se le dio a el embajador.\u00a0<\/p><p>Este lino, encontrado en 544, estaba escondido en un muro de la ciudad y se convirti\u00f3 en la posesi\u00f3n invaluable de Edesa. En 944, esta reliquia fue trasladada a Constantinopla y luego robada por los cruzados en 1204 para ser devuelta a Occidente, donde desapareci\u00f3. Para los cristianos ortodoxos, este icono representa el verdadero rostro de Jes\u00fas.<\/p>\t\t\t\t\t\t\t\t<\/div>\n\t\t\t\t<\/div>\n\t\t\t\t\t<\/div>\n\t\t<\/div>\n\t\t\t\t\t<\/div>\n\t\t<\/section>\n\t\t\t\t<\/div>","protected":false},"excerpt":{"rendered":"<p>Mythologie Kurde Wiki Urfa est l\u2019ancienne Edesse, ville historique de la bible o\u00f9 Abraham, Job, Jacob et m\u00eame Saint Gr\u00e9goire &hellip; <\/p>","protected":false},"author":1,"featured_media":0,"parent":3095,"menu_order":0,"comment_status":"closed","ping_status":"closed","template":"","meta":{"footnotes":""},"class_list":["post-21766","page","type-page","status-publish","hentry"],"amp_enabled":true,"_links":{"self":[{"href":"https:\/\/mythslegendes.com\/es\/wp-json\/wp\/v2\/pages\/21766","targetHints":{"allow":["GET"]}}],"collection":[{"href":"https:\/\/mythslegendes.com\/es\/wp-json\/wp\/v2\/pages"}],"about":[{"href":"https:\/\/mythslegendes.com\/es\/wp-json\/wp\/v2\/types\/page"}],"author":[{"embeddable":true,"href":"https:\/\/mythslegendes.com\/es\/wp-json\/wp\/v2\/users\/1"}],"replies":[{"embeddable":true,"href":"https:\/\/mythslegendes.com\/es\/wp-json\/wp\/v2\/comments?post=21766"}],"version-history":[{"count":3,"href":"https:\/\/mythslegendes.com\/es\/wp-json\/wp\/v2\/pages\/21766\/revisions"}],"predecessor-version":[{"id":21774,"href":"https:\/\/mythslegendes.com\/es\/wp-json\/wp\/v2\/pages\/21766\/revisions\/21774"}],"up":[{"embeddable":true,"href":"https:\/\/mythslegendes.com\/es\/wp-json\/wp\/v2\/pages\/3095"}],"wp:attachment":[{"href":"https:\/\/mythslegendes.com\/es\/wp-json\/wp\/v2\/media?parent=21766"}],"curies":[{"name":"wp","href":"https:\/\/api.w.org\/{rel}","templated":true}]}}