{"id":21794,"date":"2022-08-02T11:26:23","date_gmt":"2022-08-02T11:26:23","guid":{"rendered":"https:\/\/mythslegendes.com\/?page_id=21794"},"modified":"2022-08-02T11:33:07","modified_gmt":"2022-08-02T11:33:07","slug":"theologie-yezidi","status":"publish","type":"page","link":"https:\/\/mythslegendes.com\/es\/mitologia-kurda\/teologia-yazidi\/","title":{"rendered":"teolog\u00eda yazidi"},"content":{"rendered":"<div data-elementor-type=\"wp-page\" data-elementor-id=\"21794\" class=\"elementor elementor-21794\">\n\t\t\t\t\t\t<section class=\"elementor-section elementor-top-section elementor-element elementor-element-368c14a elementor-section-boxed elementor-section-height-default elementor-section-height-default\" data-id=\"368c14a\" data-element_type=\"section\" data-e-type=\"section\">\n\t\t\t\t\t\t<div class=\"elementor-container elementor-column-gap-default\">\n\t\t\t\t\t<div class=\"elementor-column elementor-col-50 elementor-top-column elementor-element elementor-element-c01b6ec\" data-id=\"c01b6ec\" data-element_type=\"column\" data-e-type=\"column\">\n\t\t\t<div class=\"elementor-widget-wrap elementor-element-populated\">\n\t\t\t\t\t\t<div class=\"elementor-element elementor-element-4b07545 elementor-align-justify elementor-widget elementor-widget-button\" data-id=\"4b07545\" data-element_type=\"widget\" data-e-type=\"widget\" data-widget_type=\"button.default\">\n\t\t\t\t<div class=\"elementor-widget-container\">\n\t\t\t\t\t\t\t\t\t<div class=\"elementor-button-wrapper\">\n\t\t\t\t\t<a class=\"elementor-button elementor-button-link elementor-size-sm\" href=\"https:\/\/mythslegendes.com\/es\/mitologia-kurda\/\">\n\t\t\t\t\t\t<span class=\"elementor-button-content-wrapper\">\n\t\t\t\t\t\t\t\t\t<span class=\"elementor-button-text\">Mitolog\u00eda kurda<\/span>\n\t\t\t\t\t<\/span>\n\t\t\t\t\t<\/a>\n\t\t\t\t<\/div>\n\t\t\t\t\t\t\t\t<\/div>\n\t\t\t\t<\/div>\n\t\t\t\t\t<\/div>\n\t\t<\/div>\n\t\t\t\t<div class=\"elementor-column elementor-col-50 elementor-top-column elementor-element elementor-element-4d48257\" data-id=\"4d48257\" data-element_type=\"column\" data-e-type=\"column\">\n\t\t\t<div class=\"elementor-widget-wrap elementor-element-populated\">\n\t\t\t\t\t\t<div class=\"elementor-element elementor-element-bff4b1e elementor-align-justify elementor-widget elementor-widget-button\" data-id=\"bff4b1e\" data-element_type=\"widget\" data-e-type=\"widget\" data-widget_type=\"button.default\">\n\t\t\t\t<div class=\"elementor-widget-container\">\n\t\t\t\t\t\t\t\t\t<div class=\"elementor-button-wrapper\">\n\t\t\t\t\t<a class=\"elementor-button elementor-button-link elementor-size-sm\" href=\"https:\/\/servantgroup.org\/yezidi-theology-oral-tradition-and-ritual\/\" target=\"_blank\" rel=\"noopener\">\n\t\t\t\t\t\t<span class=\"elementor-button-content-wrapper\">\n\t\t\t\t\t\t\t\t\t<span class=\"elementor-button-text\">Wiki<\/span>\n\t\t\t\t\t<\/span>\n\t\t\t\t\t<\/a>\n\t\t\t\t<\/div>\n\t\t\t\t\t\t\t\t<\/div>\n\t\t\t\t<\/div>\n\t\t\t\t\t<\/div>\n\t\t<\/div>\n\t\t\t\t\t<\/div>\n\t\t<\/section>\n\t\t\t\t<section class=\"elementor-section elementor-top-section elementor-element elementor-element-49de238 elementor-section-boxed elementor-section-height-default elementor-section-height-default\" data-id=\"49de238\" data-element_type=\"section\" data-e-type=\"section\">\n\t\t\t\t\t\t<div class=\"elementor-container elementor-column-gap-default\">\n\t\t\t\t\t<div class=\"elementor-column elementor-col-100 elementor-top-column elementor-element elementor-element-2cf0cf4\" data-id=\"2cf0cf4\" data-element_type=\"column\" data-e-type=\"column\">\n\t\t\t<div class=\"elementor-widget-wrap elementor-element-populated\">\n\t\t\t\t\t\t<div class=\"elementor-element elementor-element-7598b82 elementor-widget elementor-widget-text-editor\" data-id=\"7598b82\" data-element_type=\"widget\" data-e-type=\"widget\" data-widget_type=\"text-editor.default\">\n\t\t\t\t<div class=\"elementor-widget-container\">\n\t\t\t\t\t\t\t\t\t<p>La Th\u00e9ologie <a href=\"https:\/\/mythslegendes.com\/es\/mitologia-kurda\/\">yazidi<\/a> a \u00e9t\u00e9 souvent d\u00e9crite comme d\u00e9moniste par les agresseurs des peuples kurdes. Il est important de r\u00e9tablir la v\u00e9rit\u00e9 sur leur culte.<\/p><p><img decoding=\"async\" class=\"alignnone wp-image-9347 size-full\" src=\"http:\/\/mythslegendes.com\/wp-content\/uploads\/2020\/09\/cropped-AlphaOmega-e1602613368367.png\" alt=\"teolog\u00eda yazidi\" width=\"25\" height=\"25\" title=\"\"><\/p>\t\t\t\t\t\t\t\t<\/div>\n\t\t\t\t<\/div>\n\t\t\t\t\t<\/div>\n\t\t<\/div>\n\t\t\t\t\t<\/div>\n\t\t<\/section>\n\t\t\t\t<section class=\"elementor-section elementor-top-section elementor-element elementor-element-2e3bd68 elementor-section-boxed elementor-section-height-default elementor-section-height-default\" data-id=\"2e3bd68\" data-element_type=\"section\" data-e-type=\"section\">\n\t\t\t\t\t\t<div class=\"elementor-container elementor-column-gap-default\">\n\t\t\t\t\t<div class=\"elementor-column elementor-col-100 elementor-top-column elementor-element elementor-element-0347666\" data-id=\"0347666\" data-element_type=\"column\" data-e-type=\"column\">\n\t\t\t<div class=\"elementor-widget-wrap elementor-element-populated\">\n\t\t\t\t\t\t<div class=\"elementor-element elementor-element-ce55adc elementor-widget elementor-widget-heading\" data-id=\"ce55adc\" data-element_type=\"widget\" data-e-type=\"widget\" data-widget_type=\"heading.default\">\n\t\t\t\t<div class=\"elementor-widget-container\">\n\t\t\t\t\t<div id=\"ez-toc-container\" class=\"ez-toc-v2_0_82_2 counter-hierarchy ez-toc-counter ez-toc-grey ez-toc-container-direction\">\n<div class=\"ez-toc-title-container\">\n<p class=\"ez-toc-title\" style=\"cursor:inherit\">Contenido<\/p>\n<span class=\"ez-toc-title-toggle\"><a href=\"#\" class=\"ez-toc-pull-right ez-toc-btn ez-toc-btn-xs ez-toc-btn-default ez-toc-toggle\" aria-label=\"Alternar tabla de contenidos\"><span class=\"ez-toc-js-icon-con\"><span class=\"\"><span class=\"eztoc-hide\" style=\"display:none;\">Palanca<\/span><span class=\"ez-toc-icon-toggle-span\"><svg style=\"fill: #999;color:#999\" xmlns=\"http:\/\/www.w3.org\/2000\/svg\" class=\"list-377408\" width=\"20px\" height=\"20px\" viewbox=\"0 0 24 24\" fill=\"none\"><path d=\"M6 6H4v2h2V6zm14 0H8v2h12V6zM4 11h2v2H4v-2zm16 0H8v2h12v-2zM4 16h2v2H4v-2zm16 0H8v2h12v-2z\" fill=\"currentColor\"><\/path><\/svg><svg style=\"fill: #999;color:#999\" class=\"arrow-unsorted-368013\" xmlns=\"http:\/\/www.w3.org\/2000\/svg\" width=\"10px\" height=\"10px\" viewbox=\"0 0 24 24\" version=\"1.2\" baseprofile=\"tiny\"><path d=\"M18.2 9.3l-6.2-6.3-6.2 6.3c-.2.2-.3.4-.3.7s.1.5.3.7c.2.2.4.3.7.3h11c.3 0 .5-.1.7-.3.2-.2.3-.5.3-.7s-.1-.5-.3-.7zM5.8 14.7l6.2 6.3 6.2-6.3c.2-.2.3-.5.3-.7s-.1-.5-.3-.7c-.2-.2-.4-.3-.7-.3h-11c-.3 0-.5.1-.7.3-.2.2-.3.5-.3.7s.1.5.3.7z\"\/><\/svg><\/span><\/span><\/span><\/a><\/span><\/div>\n<nav><ul class='ez-toc-list ez-toc-list-level-1' ><li class='ez-toc-page-1 ez-toc-heading-level-2'><a class=\"ez-toc-link ez-toc-heading-1\" href=\"https:\/\/mythslegendes.com\/es\/mitologia-kurda\/teologia-yazidi\/#Theologie-Yezidi\" >teolog\u00eda yazidi<\/a><\/li><li class='ez-toc-page-1 ez-toc-heading-level-2'><a class=\"ez-toc-link ez-toc-heading-2\" href=\"https:\/\/mythslegendes.com\/es\/mitologia-kurda\/teologia-yazidi\/#LAnge-Paon-est-il-vraiment-Satan\" >L'Ange Paon est-il vraiment Satan ?<\/a><\/li><li class='ez-toc-page-1 ez-toc-heading-level-2'><a class=\"ez-toc-link ez-toc-heading-3\" href=\"https:\/\/mythslegendes.com\/es\/mitologia-kurda\/teologia-yazidi\/#Quen-est-il-des-six-autres-anges\" >Qu'en est-il des six autres anges ?<\/a><\/li><li class='ez-toc-page-1 ez-toc-heading-level-2'><a class=\"ez-toc-link ez-toc-heading-4\" href=\"https:\/\/mythslegendes.com\/es\/mitologia-kurda\/teologia-yazidi\/#Comment-devenir-Yezidi\" >Comment devenir Y\u00e9zidi ?<\/a><\/li><\/ul><\/nav><\/div>\n<h2 class=\"elementor-heading-title elementor-size-default\"><span class=\"ez-toc-section\" id=\"Theologie-Yezidi\"><\/span>teolog\u00eda yazidi<span class=\"ez-toc-section-end\"><\/span><\/h2>\t\t\t\t<\/div>\n\t\t\t\t<\/div>\n\t\t\t\t\t<\/div>\n\t\t<\/div>\n\t\t\t\t\t<\/div>\n\t\t<\/section>\n\t\t\t\t<section class=\"elementor-section elementor-top-section elementor-element elementor-element-4701e35 elementor-section-boxed elementor-section-height-default elementor-section-height-default\" data-id=\"4701e35\" data-element_type=\"section\" data-e-type=\"section\">\n\t\t\t\t\t\t<div class=\"elementor-container elementor-column-gap-default\">\n\t\t\t\t\t<div class=\"elementor-column elementor-col-100 elementor-top-column elementor-element elementor-element-847135c\" data-id=\"847135c\" data-element_type=\"column\" data-e-type=\"column\">\n\t\t\t<div class=\"elementor-widget-wrap elementor-element-populated\">\n\t\t\t\t\t\t<div class=\"elementor-element elementor-element-e08f4e4 elementor-widget elementor-widget-text-editor\" data-id=\"e08f4e4\" data-element_type=\"widget\" data-e-type=\"widget\" data-widget_type=\"text-editor.default\">\n\t\t\t\t<div class=\"elementor-widget-container\">\n\t\t\t\t\t\t\t\t\t<p>Les Yezidi croient en un seul Dieu (Xwede) qui a cr\u00e9\u00e9 l&rsquo;univers et l&rsquo;a ensuite laiss\u00e9 entre les mains comp\u00e9tentes de ses sept anges les plus puissants. Dieu se d\u00e9sint\u00e9resse des affaires de la terre, m\u00eame s&rsquo;il est tout indulgent et mis\u00e9ricordieux. Il a laiss\u00e9 le fonctionnement du monde au gouvernement de Tawsi Melek (l&rsquo;ange paon) qui est \u00e0 la fois son serviteur et une manifestation occasionnelle de lui-m\u00eame. Il y a une sorte d&rsquo;id\u00e9e d&rsquo;une trinit\u00e9 sous la forme de l&rsquo;ange paon, du sultan Ezi (un jeune homme) et du cheik Adi (un homme plus \u00e2g\u00e9 et r\u00e9formateur de la foi y\u00e9zidie). Cette id\u00e9e de \u00ab trinit\u00e9 \u00bb, n&rsquo;est pas forc\u00e9ment accept\u00e9e par tous les <a href=\"https:\/\/mythslegendes.com\/es\/mitologia-kurda\/\">Yazidis<\/a>.<\/p><p>La figure centrale de la foi y\u00e9zidie est ce Tawsi Melek. L&rsquo;ange paon est \u00e9galement au centre de la plupart des controverses entre les religions y\u00e9zidie et abrahamique. On pense que Tawsi Melek est le lien direct des Y\u00e9zidis avec Dieu. Ils le prient et le v\u00e9n\u00e8rent comme Dieu, bien qu&rsquo;ils reconnaissent une distinction entre les deux. Certains qualifieraient l&rsquo;ange paon d&rsquo;\u00ab alter ego \u00bb de Dieu.<\/p><p><img fetchpriority=\"high\" decoding=\"async\" class=\"alignnone wp-image-21796 size-medium\" src=\"http:\/\/mythslegendes.com\/wp-content\/uploads\/2022\/08\/file-298x300.jpg\" alt=\"th\u00e9ologie y\u00e9zidi\" width=\"298\" height=\"300\" title=\"\" srcset=\"https:\/\/mythslegendes.com\/wp-content\/uploads\/2022\/08\/file-298x300.jpg 298w, https:\/\/mythslegendes.com\/wp-content\/uploads\/2022\/08\/file-150x150.jpg 150w, https:\/\/mythslegendes.com\/wp-content\/uploads\/2022\/08\/file-12x12.jpg 12w, https:\/\/mythslegendes.com\/wp-content\/uploads\/2022\/08\/file-78x78.jpg 78w, https:\/\/mythslegendes.com\/wp-content\/uploads\/2022\/08\/file-100x100.jpg 100w, https:\/\/mythslegendes.com\/wp-content\/uploads\/2022\/08\/file.jpg 477w\" sizes=\"(max-width: 298px) 100vw, 298px\" \/><\/p>\t\t\t\t\t\t\t\t<\/div>\n\t\t\t\t<\/div>\n\t\t\t\t\t<\/div>\n\t\t<\/div>\n\t\t\t\t\t<\/div>\n\t\t<\/section>\n\t\t\t\t<section class=\"elementor-section elementor-top-section elementor-element elementor-element-a1ae2e3 elementor-section-boxed elementor-section-height-default elementor-section-height-default\" data-id=\"a1ae2e3\" data-element_type=\"section\" data-e-type=\"section\">\n\t\t\t\t\t\t<div class=\"elementor-container elementor-column-gap-default\">\n\t\t\t\t\t<div class=\"elementor-column elementor-col-100 elementor-top-column elementor-element elementor-element-5ae5baa\" data-id=\"5ae5baa\" data-element_type=\"column\" data-e-type=\"column\">\n\t\t\t<div class=\"elementor-widget-wrap elementor-element-populated\">\n\t\t\t\t\t\t<div class=\"elementor-element elementor-element-0d3cb9e elementor-widget elementor-widget-heading\" data-id=\"0d3cb9e\" data-element_type=\"widget\" data-e-type=\"widget\" data-widget_type=\"heading.default\">\n\t\t\t\t<div class=\"elementor-widget-container\">\n\t\t\t\t\t<h2 class=\"elementor-heading-title elementor-size-default\"><span class=\"ez-toc-section\" id=\"LAnge-Paon-est-il-vraiment-Satan\"><\/span>L'Ange Paon est-il vraiment Satan ?<span class=\"ez-toc-section-end\"><\/span><\/h2>\t\t\t\t<\/div>\n\t\t\t\t<\/div>\n\t\t\t\t\t<\/div>\n\t\t<\/div>\n\t\t\t\t\t<\/div>\n\t\t<\/section>\n\t\t\t\t<section class=\"elementor-section elementor-top-section elementor-element elementor-element-11877cf elementor-section-boxed elementor-section-height-default elementor-section-height-default\" data-id=\"11877cf\" data-element_type=\"section\" data-e-type=\"section\">\n\t\t\t\t\t\t<div class=\"elementor-container elementor-column-gap-default\">\n\t\t\t\t\t<div class=\"elementor-column elementor-col-100 elementor-top-column elementor-element elementor-element-c514c96\" data-id=\"c514c96\" data-element_type=\"column\" data-e-type=\"column\">\n\t\t\t<div class=\"elementor-widget-wrap elementor-element-populated\">\n\t\t\t\t\t\t<div class=\"elementor-element elementor-element-cdb3c23 elementor-widget elementor-widget-text-editor\" data-id=\"cdb3c23\" data-element_type=\"widget\" data-e-type=\"widget\" data-widget_type=\"text-editor.default\">\n\t\t\t\t<div class=\"elementor-widget-container\">\n\t\t\t\t\t\t\t\t\t<p>Dans leur <a href=\"https:\/\/mythslegendes.com\/es\/\">mitolog\u00eda<\/a>, Tawsi Melek s&rsquo;est \u00ab\u00a0rebell\u00e9\u00a0\u00bb contre Dieu en refusant d&rsquo;adorer Adam comme Dieu l&rsquo;avait ordonn\u00e9. Il a affirm\u00e9 que seul Dieu \u00e9tait digne d&rsquo;adoration. En cons\u00e9quence, Tawsi Melek a \u00e9t\u00e9 chass\u00e9 par les six autres anges au pouvoir, mais a ensuite \u00e9t\u00e9 r\u00e9tabli dans sa position d&rsquo;autorit\u00e9 sur eux tous lorsque Dieu est intervenu dans le d\u00e9saccord. Il a \u00e9t\u00e9 honor\u00e9 pour sa fid\u00e9lit\u00e9 \u00e0 Dieu.<\/p><p>C&rsquo;est cette histoire qui am\u00e8ne les sectes religieuses environnantes \u00e0 consid\u00e9rer les Y\u00e9zidis comme des adorateurs de Satan. Le fait que Tawsi Melek soit \u00e9galement connu sous le nom d&rsquo;Azazil ou d&rsquo;Iblis n&rsquo;aide pas non plus. Cependant, les Y\u00e9zidis modernes veillent \u00e0 ne pas utiliser ce nom en r\u00e9f\u00e9rence \u00e0 l&rsquo;ange paon, en raison de l&rsquo;\u00e9norme quantit\u00e9 de pers\u00e9cutions subies par eux dans le pass\u00e9.<\/p><p>Ils ne voient pas Tawsi Melek comme un ange d\u00e9chu, mais comme quelqu&rsquo;un qui a toujours \u00e9t\u00e9 juste et qui a \u00e9t\u00e9 pers\u00e9cut\u00e9 \u00e0 tort. Tout comme eux-m\u00eames. Ils voient l&rsquo;ange d\u00e9chu et restaur\u00e9 comme leur protecteur, leur avocat et leur ami. Il les a \u00e9clair\u00e9s sur les \u0153uvres et les voies de Dieu, et ils en sont reconnaissants.<\/p>\t\t\t\t\t\t\t\t<\/div>\n\t\t\t\t<\/div>\n\t\t\t\t\t<\/div>\n\t\t<\/div>\n\t\t\t\t\t<\/div>\n\t\t<\/section>\n\t\t\t\t<section class=\"elementor-section elementor-top-section elementor-element elementor-element-92d8356 elementor-section-boxed elementor-section-height-default elementor-section-height-default\" data-id=\"92d8356\" data-element_type=\"section\" data-e-type=\"section\">\n\t\t\t\t\t\t<div class=\"elementor-container elementor-column-gap-default\">\n\t\t\t\t\t<div class=\"elementor-column elementor-col-100 elementor-top-column elementor-element elementor-element-c0f77cf\" data-id=\"c0f77cf\" data-element_type=\"column\" data-e-type=\"column\">\n\t\t\t<div class=\"elementor-widget-wrap elementor-element-populated\">\n\t\t\t\t\t\t<div class=\"elementor-element elementor-element-f9dd995 elementor-widget elementor-widget-heading\" data-id=\"f9dd995\" data-element_type=\"widget\" data-e-type=\"widget\" data-widget_type=\"heading.default\">\n\t\t\t\t<div class=\"elementor-widget-container\">\n\t\t\t\t\t<h2 class=\"elementor-heading-title elementor-size-default\"><span class=\"ez-toc-section\" id=\"Quen-est-il-des-six-autres-anges\"><\/span>Qu'en est-il des six autres anges ?<span class=\"ez-toc-section-end\"><\/span><\/h2>\t\t\t\t<\/div>\n\t\t\t\t<\/div>\n\t\t\t\t\t<\/div>\n\t\t<\/div>\n\t\t\t\t\t<\/div>\n\t\t<\/section>\n\t\t\t\t<section class=\"elementor-section elementor-top-section elementor-element elementor-element-8968b53 elementor-section-boxed elementor-section-height-default elementor-section-height-default\" data-id=\"8968b53\" data-element_type=\"section\" data-e-type=\"section\">\n\t\t\t\t\t\t<div class=\"elementor-container elementor-column-gap-default\">\n\t\t\t\t\t<div class=\"elementor-column elementor-col-100 elementor-top-column elementor-element elementor-element-7693bc2\" data-id=\"7693bc2\" data-element_type=\"column\" data-e-type=\"column\">\n\t\t\t<div class=\"elementor-widget-wrap elementor-element-populated\">\n\t\t\t\t\t\t<div class=\"elementor-element elementor-element-0fd2a3e elementor-widget elementor-widget-text-editor\" data-id=\"0fd2a3e\" data-element_type=\"widget\" data-e-type=\"widget\" data-widget_type=\"text-editor.default\">\n\t\t\t\t<div class=\"elementor-widget-container\">\n\t\t\t\t\t\t\t\t\t<p>Sur les six autres anges r\u00e9gnant sur la terre, trois sont consid\u00e9r\u00e9s comme des \u00ab\u00a0myst\u00e8res\u00a0\u00bb, ce qui signifie que les y\u00e9zidis eux-m\u00eames ne sont pas s\u00fbrs de leur r\u00f4le sur la terre. Les trois autres correspondent \u00e0 peu pr\u00e8s aux archanges mentionn\u00e9s dans les religions abrahamiques. Le messager de Dieu aux proph\u00e8tes et aux vrais croyants est Jibra&rsquo;il. Israf&rsquo;il se tient devant Dieu et sonne de la trompette pour annoncer ses paroles. Enfin, Ezra&rsquo;il est consid\u00e9r\u00e9 comme l&rsquo;ange de la mort.<\/p>\t\t\t\t\t\t\t\t<\/div>\n\t\t\t\t<\/div>\n\t\t\t\t\t<\/div>\n\t\t<\/div>\n\t\t\t\t\t<\/div>\n\t\t<\/section>\n\t\t\t\t<section class=\"elementor-section elementor-top-section elementor-element elementor-element-c2e4807 elementor-section-boxed elementor-section-height-default elementor-section-height-default\" data-id=\"c2e4807\" data-element_type=\"section\" data-e-type=\"section\">\n\t\t\t\t\t\t<div class=\"elementor-container elementor-column-gap-default\">\n\t\t\t\t\t<div class=\"elementor-column elementor-col-100 elementor-top-column elementor-element elementor-element-3044380\" data-id=\"3044380\" data-element_type=\"column\" data-e-type=\"column\">\n\t\t\t<div class=\"elementor-widget-wrap elementor-element-populated\">\n\t\t\t\t\t\t<div class=\"elementor-element elementor-element-beb3b48 elementor-widget elementor-widget-heading\" data-id=\"beb3b48\" data-element_type=\"widget\" data-e-type=\"widget\" data-widget_type=\"heading.default\">\n\t\t\t\t<div class=\"elementor-widget-container\">\n\t\t\t\t\t<h2 class=\"elementor-heading-title elementor-size-default\"><span class=\"ez-toc-section\" id=\"Comment-devenir-Yezidi\"><\/span>Comment devenir Y\u00e9zidi ?<span class=\"ez-toc-section-end\"><\/span><\/h2>\t\t\t\t<\/div>\n\t\t\t\t<\/div>\n\t\t\t\t\t<\/div>\n\t\t<\/div>\n\t\t\t\t\t<\/div>\n\t\t<\/section>\n\t\t\t\t<section class=\"elementor-section elementor-top-section elementor-element elementor-element-68d53f2 elementor-section-boxed elementor-section-height-default elementor-section-height-default\" data-id=\"68d53f2\" data-element_type=\"section\" data-e-type=\"section\">\n\t\t\t\t\t\t<div class=\"elementor-container elementor-column-gap-default\">\n\t\t\t\t\t<div class=\"elementor-column elementor-col-100 elementor-top-column elementor-element elementor-element-0efc524\" data-id=\"0efc524\" data-element_type=\"column\" data-e-type=\"column\">\n\t\t\t<div class=\"elementor-widget-wrap elementor-element-populated\">\n\t\t\t\t\t\t<div class=\"elementor-element elementor-element-77d3442 elementor-widget elementor-widget-text-editor\" data-id=\"77d3442\" data-element_type=\"widget\" data-e-type=\"widget\" data-widget_type=\"text-editor.default\">\n\t\t\t\t<div class=\"elementor-widget-container\">\n\t\t\t\t\t\t\t\t\t<p>Il n&rsquo;y a pas grand-chose \u00e0 dire dans le y\u00e9zidisme sur le p\u00e9ch\u00e9 ou la r\u00e9conciliation avec Dieu. Les Y\u00e9zidis croient qu&rsquo;ils sont un peuple distinct de tous les autres qui marchent sur la terre. Ils se consid\u00e8rent comme n\u00e9s uniquement d&rsquo;Adam, et non d&rsquo;Adam et Eve, et donc se marier ou communier avec un non-y\u00e9zidi, c&rsquo;est perdre la puret\u00e9 de leur race. On ne peut pas se convertir au yezidisme, mais on peut certainement et irr\u00e9vocablement s&rsquo;en \u00e9loigner. Ils croient en l&rsquo;\u00e9ternit\u00e9 de l&rsquo;\u00e2me, mais pas n\u00e9cessairement au ciel. Au lieu de cela, les \u00e2mes transmigrent ou se r\u00e9incarnent, vraisemblablement de retour dans la communaut\u00e9 y\u00e9zidie.<\/p>\t\t\t\t\t\t\t\t<\/div>\n\t\t\t\t<\/div>\n\t\t\t\t\t<\/div>\n\t\t<\/div>\n\t\t\t\t\t<\/div>\n\t\t<\/section>\n\t\t\t\t<\/div>","protected":false},"excerpt":{"rendered":"<p>Mythologie Kurde Wiki La Th\u00e9ologie Y\u00e9zidi a \u00e9t\u00e9 souvent d\u00e9crite comme d\u00e9moniste par les agresseurs des peuples kurdes. Il est &hellip; <\/p>","protected":false},"author":1,"featured_media":0,"parent":3095,"menu_order":0,"comment_status":"closed","ping_status":"closed","template":"","meta":{"footnotes":""},"class_list":["post-21794","page","type-page","status-publish","hentry"],"amp_enabled":true,"_links":{"self":[{"href":"https:\/\/mythslegendes.com\/es\/wp-json\/wp\/v2\/pages\/21794","targetHints":{"allow":["GET"]}}],"collection":[{"href":"https:\/\/mythslegendes.com\/es\/wp-json\/wp\/v2\/pages"}],"about":[{"href":"https:\/\/mythslegendes.com\/es\/wp-json\/wp\/v2\/types\/page"}],"author":[{"embeddable":true,"href":"https:\/\/mythslegendes.com\/es\/wp-json\/wp\/v2\/users\/1"}],"replies":[{"embeddable":true,"href":"https:\/\/mythslegendes.com\/es\/wp-json\/wp\/v2\/comments?post=21794"}],"version-history":[{"count":3,"href":"https:\/\/mythslegendes.com\/es\/wp-json\/wp\/v2\/pages\/21794\/revisions"}],"predecessor-version":[{"id":21799,"href":"https:\/\/mythslegendes.com\/es\/wp-json\/wp\/v2\/pages\/21794\/revisions\/21799"}],"up":[{"embeddable":true,"href":"https:\/\/mythslegendes.com\/es\/wp-json\/wp\/v2\/pages\/3095"}],"wp:attachment":[{"href":"https:\/\/mythslegendes.com\/es\/wp-json\/wp\/v2\/media?parent=21794"}],"curies":[{"name":"wp","href":"https:\/\/api.w.org\/{rel}","templated":true}]}}